{"id":352,"date":"2016-10-19T16:25:27","date_gmt":"2016-10-19T14:25:27","guid":{"rendered":"https:\/\/www.walraven.com\/?page_id=7155"},"modified":"2024-01-23T08:55:34","modified_gmt":"2024-01-23T07:55:34","slug":"cookies","status":"publish","type":"page","link":"https:\/\/www.walraven.com\/be-fr\/cookies\/","title":{"rendered":"Cookies"},"content":{"rendered":"<h2>1. Politique de cookies et de suivi<\/h2>\n<p>www.walraven.com est le site Web d\u00e9tenu et exploit\u00e9 par Walraven. Cette section vous fournit des informations sur les cookies qui peuvent \u00eatre d\u00e9finis lorsque vous visitez le site et comment les refuser ou les supprimer. En continuant \u00e0 utiliser ce site, vous acceptez notre utilisation des cookies de la mani\u00e8re d\u00e9crite dans cette politique.<\/p>\n<h3>1.1 Qu&rsquo;est-ce qu&rsquo;un cookie?<\/h3>\n<p>Un cookie est un petit fichier de donn\u00e9es qui est plac\u00e9 sur votre ordinateur ou un autre appareil pour permettre \u00e0 un site Web de vous reconna\u00eetre en tant qu&rsquo;utilisateur lorsque vous revenez sur le site Web en utilisant le m\u00eame ordinateur et le m\u00eame navigateur Web. &lsquo;cookie de session&rsquo;) ou pour des visites r\u00e9p\u00e9t\u00e9es (un &lsquo;cookie persistant&rsquo;). D&rsquo;autres fichiers similaires fonctionnent de la m\u00eame mani\u00e8re et nous utilisons le mot \u00abcookie\u00bb dans cette politique pour d\u00e9signer tous les fichiers qui collectent des informations de cette mani\u00e8re.<\/p>\n<p>Les cookies sont une technologie extr\u00eamement courante pour se souvenir de certaines informations sur un visiteur d&rsquo;un site Web. La grande majorit\u00e9 des sites utilisent actuellement des cookies et ils sont couramment utilis\u00e9s pour un large \u00e9ventail de t\u00e2ches.<\/p>\n<p>Nous utilisons les cookies suivants:<\/p>\n<ul>\n<li>a) Cookies strictement n\u00e9cessaires: si n\u00e9cessaire pour l&rsquo;exploitation du site Web;<\/li>\n<li>b) Cookies analytiques \/ de performance: pour analyser l&rsquo;utilisation du site, par exemple, reconna\u00eetre et compter le nombre de visiteurs et leur d\u00e9placement sur le site. Cela nous aide \u00e0 voir quelles parties du site sont populaires et quelles sections doivent \u00eatre am\u00e9lior\u00e9es pour rendre l&rsquo;exp\u00e9rience meilleure pour les utilisateurs;<\/li>\n<li>c) Cookies de fonctionnalit\u00e9: pour vous reconna\u00eetre lorsque vous revenez sur le site afin que le contenu puisse \u00eatre personnalis\u00e9 pour vous, par exemple, en vous souvenant de vos pr\u00e9f\u00e9rences de pays et de site; et<\/li>\n<li>d) Cibler les cookies: pour enregistrer votre visite sur le site et les pages que vous avez visit\u00e9es et les liens que vous avez suivis. Nous utiliserons ceci pour rendre le site plus pertinent \u00e0 vos int\u00e9r\u00eats.<\/li>\n<\/ul>\n<p>Ce document vous donne des informations sur les cookies sp\u00e9cifiques utilis\u00e9s sur ce site.<\/p>\n<h3>1.2 Comment contr\u00f4ler et supprimer les cookies<\/h3>\n<p>Lorsque vous avez acc\u00e9d\u00e9 au site, vous avez re\u00e7u un message vous informant de l&rsquo;utilisation de cookies. Nous avons d\u00fb utiliser un cookie pour vous pr\u00e9senter cet avis (vous pouvez voir les d\u00e9tails de ce cookie sous \u00abAcceptation de cookies\u00bb dans le tableau ci-dessous). Si vous continuez \u00e0 utiliser le site, plus de cookies et d&rsquo;autres technologies de suivi seront plac\u00e9s sur votre ordinateur comme d\u00e9crit dans le tableau ci-dessus afin d&rsquo;am\u00e9liorer votre exp\u00e9rience utilisateur sur le site. En continuant \u00e0 utiliser le site et \/ ou en acceptant nos conditions et notre politique de confidentialit\u00e9, vous acceptez l&rsquo;utilisation de ces cookies et de la technologie de suivi.<\/p>\n<p>Nous n&rsquo;utiliserons pas de cookies pour collecter des informations personnelles vous concernant. Toutefois, si vous souhaitez restreindre ou bloquer les cookies qui sont d\u00e9finis par ce site (ou, en effet, sur un autre site), vous pouvez le faire via les param\u00e8tres de votre navigateur. La fonction \u00ab\u00a0Aide\u00a0\u00bb de votre navigateur devrait vous indiquer comment. En ce qui concerne les cookies qui sont d\u00e9finis via ce site, il peut \u00e9galement \u00eatre possible de d\u00e9sactiver ces cookies en suivant les instructions fournies dans la section intitul\u00e9e \u00abD\u00e9sinscription\u00bb dans chacun des tableaux ci-dessous.<\/p>\n<p>Alternativement, vous pouvez visiter http:\/\/www.allaboutcookies.org\/ qui contient des informations compl\u00e8tes sur la fa\u00e7on de le faire sur une grande vari\u00e9t\u00e9 de navigateurs. Vous trouverez \u00e9galement des d\u00e9tails sur la fa\u00e7on de supprimer les cookies de votre ordinateur, ainsi que des informations plus g\u00e9n\u00e9rales sur les cookies. Veuillez noter que, \u00e9tant donn\u00e9 que ces sites Web ne sont pas la propri\u00e9t\u00e9 ou l&rsquo;exploitation de Walraven, nous ne sommes pas responsables du contenu de ces sites.<\/p>\n<p>S&rsquo;il vous pla\u00eet soyez conscient que la restriction des cookies peut signifier que vous ne serez pas en mesure de tirer pleinement parti de toutes les fonctionnalit\u00e9s ou services disponibles sur ce site.<\/p>\n<h3>1.3 Les cookies principaux utilis\u00e9s sur notre site<\/h3>\n<p>Voici une liste des principaux cookies utilis\u00e9s sur le site et \u00e0 quoi chacun est utilis\u00e9<\/p>\n<table border=\"1\" width=\"610\" cellspacing=\"5\" cellpadding=\"5\">\n<tbody>\n<tr>\n<td width=\"188\">Nom du cookie<\/td>\n<td width=\"421\">Google Analytics<\/td>\n<\/tr>\n<tr>\n<td width=\"188\">ID<\/td>\n<td width=\"421\">_ga<\/p>\n<p>_gat<\/td>\n<\/tr>\n<tr>\n<td width=\"188\">But<\/td>\n<td width=\"421\">Ce cookie nous permet de:<\/p>\n<p>collecter des informations sur votre ordinateur, y compris votre adresse IP, syst\u00e8me d&rsquo;exploitation et type de navigateur, pour le syst\u00e8me d\u2019administration et afin de cr\u00e9er des rapports, estimer notre taille de l&rsquo;auditoire et les habitudes d&rsquo;utilisation; et suivre anonyment les actions autour du Site.<\/td>\n<\/tr>\n<tr>\n<td width=\"188\">Expiration<\/td>\n<td width=\"421\">Ceci est un cookie persistant, qui reste sur votre appareil apr\u00e8s que votre session de navigation est termin\u00e9e.<\/td>\n<\/tr>\n<tr>\n<td width=\"188\">Source de cookie<\/td>\n<td width=\"421\">Google<\/td>\n<\/tr>\n<tr>\n<td width=\"188\">Informations suppl\u00e9mentaires<\/td>\n<td width=\"421\">Ce site utilise Google Analytics; un service d&rsquo;analyse Web fourni.<\/p>\n<p>Google Analytics d\u00e9finit un cookie afin d&rsquo;\u00e9valuer votre utilisation de ce site et de compiler des rapports pour nous sur l&rsquo;activit\u00e9 du site. Ce cookie ne collecte pas d&rsquo;informations identifiant un individu.<\/p>\n<p>Pour savoir comment rejeter ou supprimer ces cookies, voir <a href=\"https:\/\/tools.google.com\/dlpage\/gaoptout\">https:\/\/tools.google.com\/dlpage\/gaoptout<\/a><\/td>\n<\/tr>\n<\/tbody>\n<\/table>\n<h3>1.4 Cookies tiers<\/h3>\n<p>Veuillez noter que pour am\u00e9liorer l&rsquo;exp\u00e9rience de votre site Web, des tiers peuvent \u00e9galement utiliser des cookies. Par exemple, nous incluons parfois du contenu vid\u00e9o provenant de sites Web tels que YouTube et YouTube, qui permettent d&rsquo;installer des cookies sur votre navigateur afin d&rsquo;afficher la vid\u00e9o et de surveiller les informations statistiques non attribuables.<\/p>\n<p>Par cons\u00e9quent, lorsque vous visitez une page avec du contenu int\u00e9gr\u00e9, des cookies provenant de ces sites Web peuvent s&rsquo;afficher. Nous ne contr\u00f4lons pas la diffusion de ces cookies et vous devez consulter le site Web tiers concern\u00e9 pour plus d&rsquo;informations \u00e0 leur sujet.<\/p>\n<p>Vous trouverez des informations sur la politique de confidentialit\u00e9 de YouTube ici: https:\/\/www.youtube.com\/.<\/p>\n<h3>1.5 Suivi des e-mails<\/h3>\n<p>Certains des e-mails que nous vous envoyons peuvent contenir un \u00abpixel\u00bb ou des liens suivis qui nous permettent d&rsquo;identifier quand vous avez ouvert l&rsquo;e-mail et de v\u00e9rifier les liens contenus dans l&rsquo;e-mail auquel vous avez acc\u00e9d\u00e9. Nous utilisons cette information pour d\u00e9terminer quelles parties de nos courriels vous int\u00e9ressent le plus.<\/p>\n<p>Vous pouvez supprimer le pixel en supprimant l&rsquo;e-mail. Si vous ne souhaitez pas t\u00e9l\u00e9charger le pixel sur votre ordinateur ou d&rsquo;autres p\u00e9riph\u00e9riques, vous pouvez le faire en s\u00e9lectionnant de recevoir des courriels de notre part en texte brut plut\u00f4t qu&rsquo;en HTML.<\/p>\n<p>Vous pouvez \u00e9galement vous d\u00e9sinscrire de notre liste de diffusion en cliquant sur le lien de d\u00e9sabonnement dans l&rsquo;e-mail ou en nous contactant \u00e0 l&rsquo;adresse sales.belgium@walraven.com.<\/p>\n<h3>1.6 Changements<\/h3>\n<p>Nous pouvons apporter des modifications \u00e0 cette politique de cookies \u00e0 tout moment en publiant une copie de la politique r\u00e9vis\u00e9e sur le site. Tout changement prendra effet \u00e0 la date \u00e0 laquelle nous publions les termes modifi\u00e9s sur le site. Votre utilisation continue du site signifie que vous acceptez d&rsquo;\u00eatre li\u00e9 par la politique modifi\u00e9e.<\/p>\n<h3>1.7 Contactez-nous<\/h3>\n<p>Si vous avez des questions ou des pr\u00e9occupations au sujet des cookies ou de votre vie priv\u00e9e lors de l&rsquo;utilisation de ce site, veuillez nous contacter \u00e0 l&rsquo;adresse sales.belgium@walraven.com<\/p>\n","protected":false},"excerpt":{"rendered":"<p>1. Politique de cookies et de suivi www.walraven.com est le site Web d\u00e9tenu et exploit\u00e9 par Walraven. Cette section vous fournit des informations sur les cookies qui peuvent \u00eatre d\u00e9finis lorsque vous visitez le site et comment les refuser ou les supprimer. En continuant \u00e0 utiliser ce site, vous acceptez notre utilisation des cookies de [&hellip;]<\/p>\n","protected":false},"author":7,"featured_media":0,"parent":0,"menu_order":0,"comment_status":"closed","ping_status":"closed","template":"","meta":{"_acf_changed":false,"footnotes":""},"class_list":["post-352","page","type-page","status-publish","hentry"],"acf":[],"yoast_head":"<!-- This site is optimized with the Yoast SEO Premium plugin v27.3 (Yoast SEO v27.3) - https:\/\/yoast.com\/product\/yoast-seo-premium-wordpress\/ -->\n<title>Cookies - Walraven Belgique<\/title>\n<meta name=\"robots\" content=\"index, follow, max-snippet:-1, max-image-preview:large, max-video-preview:-1\" \/>\n<link rel=\"canonical\" href=\"https:\/\/www.walraven.com\/be-fr\/cookies\/\" \/>\n<meta property=\"og:locale\" content=\"fr_FR\" \/>\n<meta property=\"og:type\" content=\"article\" \/>\n<meta property=\"og:title\" content=\"Cookies\" \/>\n<meta property=\"og:description\" content=\"1. Politique de cookies et de suivi www.walraven.com est le site Web d\u00e9tenu et exploit\u00e9 par Walraven. Cette section vous fournit des informations sur les cookies qui peuvent \u00eatre d\u00e9finis lorsque vous visitez le site et comment les refuser ou les supprimer. En continuant \u00e0 utiliser ce site, vous acceptez notre utilisation des cookies de [&hellip;]\" \/>\n<meta property=\"og:url\" content=\"https:\/\/www.walraven.com\/be-fr\/cookies\/\" \/>\n<meta property=\"og:site_name\" content=\"Walraven Belgique\" \/>\n<meta property=\"article:publisher\" content=\"https:\/\/www.facebook.com\/walravenbelgie\" \/>\n<meta property=\"article:modified_time\" content=\"2024-01-23T07:55:34+00:00\" \/>\n<meta name=\"twitter:card\" content=\"summary_large_image\" \/>\n<meta name=\"twitter:label1\" content=\"Dur\u00e9e de lecture est.\" \/>\n\t<meta name=\"twitter:data1\" content=\"6 minutes\" \/>\n<script type=\"application\/ld+json\" class=\"yoast-schema-graph\">{\"@context\":\"https:\\\/\\\/schema.org\",\"@graph\":[{\"@type\":\"WebPage\",\"@id\":\"https:\\\/\\\/www.walraven.com\\\/be-fr\\\/cookies\\\/\",\"url\":\"https:\\\/\\\/www.walraven.com\\\/be-fr\\\/cookies\\\/\",\"name\":\"Cookies - Walraven Belgique\",\"isPartOf\":{\"@id\":\"https:\\\/\\\/www.walraven.com\\\/be-fr\\\/#website\"},\"datePublished\":\"2016-10-19T14:25:27+00:00\",\"dateModified\":\"2024-01-23T07:55:34+00:00\",\"breadcrumb\":{\"@id\":\"https:\\\/\\\/www.walraven.com\\\/be-fr\\\/cookies\\\/#breadcrumb\"},\"inLanguage\":\"fr-BE\",\"potentialAction\":[{\"@type\":\"ReadAction\",\"target\":[\"https:\\\/\\\/www.walraven.com\\\/be-fr\\\/cookies\\\/\"]}]},{\"@type\":\"BreadcrumbList\",\"@id\":\"https:\\\/\\\/www.walraven.com\\\/be-fr\\\/cookies\\\/#breadcrumb\",\"itemListElement\":[{\"@type\":\"ListItem\",\"position\":1,\"name\":\"Accueil\",\"item\":\"https:\\\/\\\/www.walraven.com\\\/be-fr\\\/\"},{\"@type\":\"ListItem\",\"position\":2,\"name\":\"Cookies\"}]},{\"@type\":\"WebSite\",\"@id\":\"https:\\\/\\\/www.walraven.com\\\/be-fr\\\/#website\",\"url\":\"https:\\\/\\\/www.walraven.com\\\/be-fr\\\/\",\"name\":\"Walraven Belgique\",\"description\":\"\",\"publisher\":{\"@id\":\"https:\\\/\\\/www.walraven.com\\\/be-fr\\\/#organization\"},\"potentialAction\":[{\"@type\":\"SearchAction\",\"target\":{\"@type\":\"EntryPoint\",\"urlTemplate\":\"https:\\\/\\\/www.walraven.com\\\/be-fr\\\/?s={search_term_string}\"},\"query-input\":{\"@type\":\"PropertyValueSpecification\",\"valueRequired\":true,\"valueName\":\"search_term_string\"}}],\"inLanguage\":\"fr-BE\"},{\"@type\":\"Organization\",\"@id\":\"https:\\\/\\\/www.walraven.com\\\/be-fr\\\/#organization\",\"name\":\"Walraven BV\",\"alternateName\":\"Walraven BV\",\"url\":\"https:\\\/\\\/www.walraven.com\\\/be-fr\\\/\",\"logo\":{\"@type\":\"ImageObject\",\"inLanguage\":\"fr-BE\",\"@id\":\"https:\\\/\\\/www.walraven.com\\\/be-fr\\\/#\\\/schema\\\/logo\\\/image\\\/\",\"url\":\"https:\\\/\\\/www.walraven.com\\\/be-fr\\\/wp-content\\\/uploads\\\/sites\\\/17\\\/2023\\\/12\\\/Walraven_logo300x300.jpg\",\"contentUrl\":\"https:\\\/\\\/www.walraven.com\\\/be-fr\\\/wp-content\\\/uploads\\\/sites\\\/17\\\/2023\\\/12\\\/Walraven_logo300x300.jpg\",\"width\":300,\"height\":300,\"caption\":\"Walraven BV\"},\"image\":{\"@id\":\"https:\\\/\\\/www.walraven.com\\\/be-fr\\\/#\\\/schema\\\/logo\\\/image\\\/\"},\"sameAs\":[\"https:\\\/\\\/www.facebook.com\\\/walravenbelgie\",\"https:\\\/\\\/www.linkedin.com\\\/company\\\/walraven-belgique\\\/\",\"https:\\\/\\\/www.youtube.com\\\/user\\\/WalravenBEFR\"]}]}<\/script>\n<!-- \/ Yoast SEO Premium plugin. -->","yoast_head_json":{"title":"Cookies - Walraven Belgique","robots":{"index":"index","follow":"follow","max-snippet":"max-snippet:-1","max-image-preview":"max-image-preview:large","max-video-preview":"max-video-preview:-1"},"canonical":"https:\/\/www.walraven.com\/be-fr\/cookies\/","og_locale":"fr_FR","og_type":"article","og_title":"Cookies","og_description":"1. Politique de cookies et de suivi www.walraven.com est le site Web d\u00e9tenu et exploit\u00e9 par Walraven. Cette section vous fournit des informations sur les cookies qui peuvent \u00eatre d\u00e9finis lorsque vous visitez le site et comment les refuser ou les supprimer. En continuant \u00e0 utiliser ce site, vous acceptez notre utilisation des cookies de [&hellip;]","og_url":"https:\/\/www.walraven.com\/be-fr\/cookies\/","og_site_name":"Walraven Belgique","article_publisher":"https:\/\/www.facebook.com\/walravenbelgie","article_modified_time":"2024-01-23T07:55:34+00:00","twitter_card":"summary_large_image","twitter_misc":{"Dur\u00e9e de lecture est.":"6 minutes"},"schema":{"@context":"https:\/\/schema.org","@graph":[{"@type":"WebPage","@id":"https:\/\/www.walraven.com\/be-fr\/cookies\/","url":"https:\/\/www.walraven.com\/be-fr\/cookies\/","name":"Cookies - Walraven Belgique","isPartOf":{"@id":"https:\/\/www.walraven.com\/be-fr\/#website"},"datePublished":"2016-10-19T14:25:27+00:00","dateModified":"2024-01-23T07:55:34+00:00","breadcrumb":{"@id":"https:\/\/www.walraven.com\/be-fr\/cookies\/#breadcrumb"},"inLanguage":"fr-BE","potentialAction":[{"@type":"ReadAction","target":["https:\/\/www.walraven.com\/be-fr\/cookies\/"]}]},{"@type":"BreadcrumbList","@id":"https:\/\/www.walraven.com\/be-fr\/cookies\/#breadcrumb","itemListElement":[{"@type":"ListItem","position":1,"name":"Accueil","item":"https:\/\/www.walraven.com\/be-fr\/"},{"@type":"ListItem","position":2,"name":"Cookies"}]},{"@type":"WebSite","@id":"https:\/\/www.walraven.com\/be-fr\/#website","url":"https:\/\/www.walraven.com\/be-fr\/","name":"Walraven Belgique","description":"","publisher":{"@id":"https:\/\/www.walraven.com\/be-fr\/#organization"},"potentialAction":[{"@type":"SearchAction","target":{"@type":"EntryPoint","urlTemplate":"https:\/\/www.walraven.com\/be-fr\/?s={search_term_string}"},"query-input":{"@type":"PropertyValueSpecification","valueRequired":true,"valueName":"search_term_string"}}],"inLanguage":"fr-BE"},{"@type":"Organization","@id":"https:\/\/www.walraven.com\/be-fr\/#organization","name":"Walraven BV","alternateName":"Walraven BV","url":"https:\/\/www.walraven.com\/be-fr\/","logo":{"@type":"ImageObject","inLanguage":"fr-BE","@id":"https:\/\/www.walraven.com\/be-fr\/#\/schema\/logo\/image\/","url":"https:\/\/www.walraven.com\/be-fr\/wp-content\/uploads\/sites\/17\/2023\/12\/Walraven_logo300x300.jpg","contentUrl":"https:\/\/www.walraven.com\/be-fr\/wp-content\/uploads\/sites\/17\/2023\/12\/Walraven_logo300x300.jpg","width":300,"height":300,"caption":"Walraven BV"},"image":{"@id":"https:\/\/www.walraven.com\/be-fr\/#\/schema\/logo\/image\/"},"sameAs":["https:\/\/www.facebook.com\/walravenbelgie","https:\/\/www.linkedin.com\/company\/walraven-belgique\/","https:\/\/www.youtube.com\/user\/WalravenBEFR"]}]}},"_links":{"self":[{"href":"https:\/\/www.walraven.com\/be-fr\/wp-json\/wp\/v2\/pages\/352","targetHints":{"allow":["GET"]}}],"collection":[{"href":"https:\/\/www.walraven.com\/be-fr\/wp-json\/wp\/v2\/pages"}],"about":[{"href":"https:\/\/www.walraven.com\/be-fr\/wp-json\/wp\/v2\/types\/page"}],"author":[{"embeddable":true,"href":"https:\/\/www.walraven.com\/be-fr\/wp-json\/wp\/v2\/users\/7"}],"replies":[{"embeddable":true,"href":"https:\/\/www.walraven.com\/be-fr\/wp-json\/wp\/v2\/comments?post=352"}],"version-history":[{"count":5,"href":"https:\/\/www.walraven.com\/be-fr\/wp-json\/wp\/v2\/pages\/352\/revisions"}],"predecessor-version":[{"id":63793,"href":"https:\/\/www.walraven.com\/be-fr\/wp-json\/wp\/v2\/pages\/352\/revisions\/63793"}],"wp:attachment":[{"href":"https:\/\/www.walraven.com\/be-fr\/wp-json\/wp\/v2\/media?parent=352"}],"curies":[{"name":"wp","href":"https:\/\/api.w.org\/{rel}","templated":true}]}}