{"id":57563,"date":"2018-04-11T17:22:02","date_gmt":"2018-04-11T15:22:02","guid":{"rendered":"https:\/\/www.walraven.com\/?page_id=119893"},"modified":"2025-06-18T14:02:58","modified_gmt":"2025-06-18T12:02:58","slug":"supports-conduits","status":"publish","type":"page","link":"https:\/\/www.walraven.com\/be-fr\/supportage-toiture\/supports-conduits\/","title":{"rendered":"Support de conduits"},"content":{"rendered":"","protected":false},"excerpt":{"rendered":"","protected":false},"author":43,"featured_media":0,"parent":57548,"menu_order":0,"comment_status":"closed","ping_status":"closed","template":"page-templates\/tpl-landingspage.php","meta":{"_acf_changed":false,"footnotes":""},"class_list":["post-57563","page","type-page","status-publish","hentry"],"acf":[],"yoast_head":"<!-- This site is optimized with the Yoast SEO Premium plugin v27.3 (Yoast SEO v27.3) - https:\/\/yoast.com\/product\/yoast-seo-premium-wordpress\/ -->\n<title>Support de conduits - Walraven Belgique<\/title>\n<meta name=\"description\" content=\"Des conduits de petite \u00e0 grande taille, nos solutions de support de conduits sur mesure conviennent \u00e0 tous les types et \u00e0 toutes les tailles de conduits et conviennent \u00e0 pratiquement toute hauteur sp\u00e9cifi\u00e9e au-dessus de la surface du toit.\" \/>\n<meta name=\"robots\" content=\"index, follow, max-snippet:-1, max-image-preview:large, max-video-preview:-1\" \/>\n<link rel=\"canonical\" href=\"https:\/\/www.walraven.com\/be-fr\/supportage-toiture\/supports-conduits\/\" \/>\n<meta property=\"og:locale\" content=\"fr_FR\" \/>\n<meta property=\"og:type\" content=\"article\" \/>\n<meta property=\"og:title\" content=\"Support de conduits\" \/>\n<meta property=\"og:description\" content=\"Des conduits de petite \u00e0 grande taille, nos solutions de support de conduits sur mesure conviennent \u00e0 tous les types et \u00e0 toutes les tailles de conduits et conviennent \u00e0 pratiquement toute hauteur sp\u00e9cifi\u00e9e au-dessus de la surface du toit.\" \/>\n<meta property=\"og:url\" content=\"https:\/\/www.walraven.com\/be-fr\/supportage-toiture\/supports-conduits\/\" \/>\n<meta property=\"og:site_name\" content=\"Walraven Belgique\" \/>\n<meta property=\"article:publisher\" content=\"https:\/\/www.facebook.com\/walravenbelgie\" \/>\n<meta property=\"article:modified_time\" content=\"2025-06-18T12:02:58+00:00\" \/>\n<meta name=\"twitter:card\" content=\"summary_large_image\" \/>\n<meta name=\"twitter:label1\" content=\"Dur\u00e9e de lecture est.\" \/>\n\t<meta name=\"twitter:data1\" content=\"2 minutes\" \/>\n<script type=\"application\/ld+json\" class=\"yoast-schema-graph\">{\"@context\":\"https:\\\/\\\/schema.org\",\"@graph\":[{\"@type\":\"WebPage\",\"@id\":\"https:\\\/\\\/www.walraven.com\\\/be-fr\\\/supportage-toiture\\\/supports-conduits\\\/\",\"url\":\"https:\\\/\\\/www.walraven.com\\\/be-fr\\\/supportage-toiture\\\/supports-conduits\\\/\",\"name\":\"Support de conduits - Walraven Belgique\",\"isPartOf\":{\"@id\":\"https:\\\/\\\/www.walraven.com\\\/be-fr\\\/#website\"},\"datePublished\":\"2018-04-11T15:22:02+00:00\",\"dateModified\":\"2025-06-18T12:02:58+00:00\",\"description\":\"Des conduits de petite \u00e0 grande taille, nos solutions de support de conduits sur mesure conviennent \u00e0 tous les types et \u00e0 toutes les tailles de conduits et conviennent \u00e0 pratiquement toute hauteur sp\u00e9cifi\u00e9e au-dessus de la surface du toit.\",\"breadcrumb\":{\"@id\":\"https:\\\/\\\/www.walraven.com\\\/be-fr\\\/supportage-toiture\\\/supports-conduits\\\/#breadcrumb\"},\"inLanguage\":\"fr-BE\",\"potentialAction\":[{\"@type\":\"ReadAction\",\"target\":[\"https:\\\/\\\/www.walraven.com\\\/be-fr\\\/supportage-toiture\\\/supports-conduits\\\/\"]}]},{\"@type\":\"BreadcrumbList\",\"@id\":\"https:\\\/\\\/www.walraven.com\\\/be-fr\\\/supportage-toiture\\\/supports-conduits\\\/#breadcrumb\",\"itemListElement\":[{\"@type\":\"ListItem\",\"position\":1,\"name\":\"Accueil\",\"item\":\"https:\\\/\\\/www.walraven.com\\\/be-fr\\\/\"},{\"@type\":\"ListItem\",\"position\":2,\"name\":\"Walraven Solutions Montage sur toiture\",\"item\":\"https:\\\/\\\/www.walraven.com\\\/be-fr\\\/supportage-toiture\\\/\"},{\"@type\":\"ListItem\",\"position\":3,\"name\":\"Support de conduits\"}]},{\"@type\":\"WebSite\",\"@id\":\"https:\\\/\\\/www.walraven.com\\\/be-fr\\\/#website\",\"url\":\"https:\\\/\\\/www.walraven.com\\\/be-fr\\\/\",\"name\":\"Walraven Belgique\",\"description\":\"\",\"publisher\":{\"@id\":\"https:\\\/\\\/www.walraven.com\\\/be-fr\\\/#organization\"},\"potentialAction\":[{\"@type\":\"SearchAction\",\"target\":{\"@type\":\"EntryPoint\",\"urlTemplate\":\"https:\\\/\\\/www.walraven.com\\\/be-fr\\\/?s={search_term_string}\"},\"query-input\":{\"@type\":\"PropertyValueSpecification\",\"valueRequired\":true,\"valueName\":\"search_term_string\"}}],\"inLanguage\":\"fr-BE\"},{\"@type\":\"Organization\",\"@id\":\"https:\\\/\\\/www.walraven.com\\\/be-fr\\\/#organization\",\"name\":\"Walraven BV\",\"alternateName\":\"Walraven BV\",\"url\":\"https:\\\/\\\/www.walraven.com\\\/be-fr\\\/\",\"logo\":{\"@type\":\"ImageObject\",\"inLanguage\":\"fr-BE\",\"@id\":\"https:\\\/\\\/www.walraven.com\\\/be-fr\\\/#\\\/schema\\\/logo\\\/image\\\/\",\"url\":\"https:\\\/\\\/www.walraven.com\\\/be-fr\\\/wp-content\\\/uploads\\\/sites\\\/17\\\/2023\\\/12\\\/Walraven_logo300x300.jpg\",\"contentUrl\":\"https:\\\/\\\/www.walraven.com\\\/be-fr\\\/wp-content\\\/uploads\\\/sites\\\/17\\\/2023\\\/12\\\/Walraven_logo300x300.jpg\",\"width\":300,\"height\":300,\"caption\":\"Walraven BV\"},\"image\":{\"@id\":\"https:\\\/\\\/www.walraven.com\\\/be-fr\\\/#\\\/schema\\\/logo\\\/image\\\/\"},\"sameAs\":[\"https:\\\/\\\/www.facebook.com\\\/walravenbelgie\",\"https:\\\/\\\/www.linkedin.com\\\/company\\\/walraven-belgique\\\/\",\"https:\\\/\\\/www.youtube.com\\\/user\\\/WalravenBEFR\"]}]}<\/script>\n<!-- \/ Yoast SEO Premium plugin. -->","yoast_head_json":{"title":"Support de conduits - Walraven Belgique","description":"Des conduits de petite \u00e0 grande taille, nos solutions de support de conduits sur mesure conviennent \u00e0 tous les types et \u00e0 toutes les tailles de conduits et conviennent \u00e0 pratiquement toute hauteur sp\u00e9cifi\u00e9e au-dessus de la surface du toit.","robots":{"index":"index","follow":"follow","max-snippet":"max-snippet:-1","max-image-preview":"max-image-preview:large","max-video-preview":"max-video-preview:-1"},"canonical":"https:\/\/www.walraven.com\/be-fr\/supportage-toiture\/supports-conduits\/","og_locale":"fr_FR","og_type":"article","og_title":"Support de conduits","og_description":"Des conduits de petite \u00e0 grande taille, nos solutions de support de conduits sur mesure conviennent \u00e0 tous les types et \u00e0 toutes les tailles de conduits et conviennent \u00e0 pratiquement toute hauteur sp\u00e9cifi\u00e9e au-dessus de la surface du toit.","og_url":"https:\/\/www.walraven.com\/be-fr\/supportage-toiture\/supports-conduits\/","og_site_name":"Walraven Belgique","article_publisher":"https:\/\/www.facebook.com\/walravenbelgie","article_modified_time":"2025-06-18T12:02:58+00:00","twitter_card":"summary_large_image","twitter_misc":{"Dur\u00e9e de lecture est.":"2 minutes"},"schema":{"@context":"https:\/\/schema.org","@graph":[{"@type":"WebPage","@id":"https:\/\/www.walraven.com\/be-fr\/supportage-toiture\/supports-conduits\/","url":"https:\/\/www.walraven.com\/be-fr\/supportage-toiture\/supports-conduits\/","name":"Support de conduits - Walraven Belgique","isPartOf":{"@id":"https:\/\/www.walraven.com\/be-fr\/#website"},"datePublished":"2018-04-11T15:22:02+00:00","dateModified":"2025-06-18T12:02:58+00:00","description":"Des conduits de petite \u00e0 grande taille, nos solutions de support de conduits sur mesure conviennent \u00e0 tous les types et \u00e0 toutes les tailles de conduits et conviennent \u00e0 pratiquement toute hauteur sp\u00e9cifi\u00e9e au-dessus de la surface du toit.","breadcrumb":{"@id":"https:\/\/www.walraven.com\/be-fr\/supportage-toiture\/supports-conduits\/#breadcrumb"},"inLanguage":"fr-BE","potentialAction":[{"@type":"ReadAction","target":["https:\/\/www.walraven.com\/be-fr\/supportage-toiture\/supports-conduits\/"]}]},{"@type":"BreadcrumbList","@id":"https:\/\/www.walraven.com\/be-fr\/supportage-toiture\/supports-conduits\/#breadcrumb","itemListElement":[{"@type":"ListItem","position":1,"name":"Accueil","item":"https:\/\/www.walraven.com\/be-fr\/"},{"@type":"ListItem","position":2,"name":"Walraven Solutions Montage sur toiture","item":"https:\/\/www.walraven.com\/be-fr\/supportage-toiture\/"},{"@type":"ListItem","position":3,"name":"Support de conduits"}]},{"@type":"WebSite","@id":"https:\/\/www.walraven.com\/be-fr\/#website","url":"https:\/\/www.walraven.com\/be-fr\/","name":"Walraven Belgique","description":"","publisher":{"@id":"https:\/\/www.walraven.com\/be-fr\/#organization"},"potentialAction":[{"@type":"SearchAction","target":{"@type":"EntryPoint","urlTemplate":"https:\/\/www.walraven.com\/be-fr\/?s={search_term_string}"},"query-input":{"@type":"PropertyValueSpecification","valueRequired":true,"valueName":"search_term_string"}}],"inLanguage":"fr-BE"},{"@type":"Organization","@id":"https:\/\/www.walraven.com\/be-fr\/#organization","name":"Walraven BV","alternateName":"Walraven BV","url":"https:\/\/www.walraven.com\/be-fr\/","logo":{"@type":"ImageObject","inLanguage":"fr-BE","@id":"https:\/\/www.walraven.com\/be-fr\/#\/schema\/logo\/image\/","url":"https:\/\/www.walraven.com\/be-fr\/wp-content\/uploads\/sites\/17\/2023\/12\/Walraven_logo300x300.jpg","contentUrl":"https:\/\/www.walraven.com\/be-fr\/wp-content\/uploads\/sites\/17\/2023\/12\/Walraven_logo300x300.jpg","width":300,"height":300,"caption":"Walraven BV"},"image":{"@id":"https:\/\/www.walraven.com\/be-fr\/#\/schema\/logo\/image\/"},"sameAs":["https:\/\/www.facebook.com\/walravenbelgie","https:\/\/www.linkedin.com\/company\/walraven-belgique\/","https:\/\/www.youtube.com\/user\/WalravenBEFR"]}]}},"_links":{"self":[{"href":"https:\/\/www.walraven.com\/be-fr\/wp-json\/wp\/v2\/pages\/57563","targetHints":{"allow":["GET"]}}],"collection":[{"href":"https:\/\/www.walraven.com\/be-fr\/wp-json\/wp\/v2\/pages"}],"about":[{"href":"https:\/\/www.walraven.com\/be-fr\/wp-json\/wp\/v2\/types\/page"}],"author":[{"embeddable":true,"href":"https:\/\/www.walraven.com\/be-fr\/wp-json\/wp\/v2\/users\/43"}],"replies":[{"embeddable":true,"href":"https:\/\/www.walraven.com\/be-fr\/wp-json\/wp\/v2\/comments?post=57563"}],"version-history":[{"count":6,"href":"https:\/\/www.walraven.com\/be-fr\/wp-json\/wp\/v2\/pages\/57563\/revisions"}],"predecessor-version":[{"id":68256,"href":"https:\/\/www.walraven.com\/be-fr\/wp-json\/wp\/v2\/pages\/57563\/revisions\/68256"}],"up":[{"embeddable":true,"href":"https:\/\/www.walraven.com\/be-fr\/wp-json\/wp\/v2\/pages\/57548"}],"wp:attachment":[{"href":"https:\/\/www.walraven.com\/be-fr\/wp-json\/wp\/v2\/media?parent=57563"}],"curies":[{"name":"wp","href":"https:\/\/api.w.org\/{rel}","templated":true}]}}