{"id":59541,"date":"2024-04-30T13:54:41","date_gmt":"2024-04-30T11:54:41","guid":{"rendered":"https:\/\/www.walraven.com\/nl\/?page_id=80586"},"modified":"2024-07-18T12:17:43","modified_gmt":"2024-07-18T10:17:43","slug":"salle-de-bain","status":"publish","type":"page","link":"https:\/\/www.walraven.com\/be-fr\/salle-de-bain\/","title":{"rendered":"McAlpine pour la salle de bain"},"content":{"rendered":"","protected":false},"excerpt":{"rendered":"","protected":false},"author":43,"featured_media":0,"parent":0,"menu_order":0,"comment_status":"closed","ping_status":"closed","template":"page-templates\/tpl-landingspage.php","meta":{"_acf_changed":false,"footnotes":""},"class_list":["post-59541","page","type-page","status-publish","hentry"],"acf":[],"yoast_head":"<!-- This site is optimized with the Yoast SEO Premium plugin v27.3 (Yoast SEO v27.3) - https:\/\/yoast.com\/product\/yoast-seo-premium-wordpress\/ -->\n<title>McAlpine pour la salle de bain - Walraven Belgique<\/title>\n<meta name=\"description\" content=\"McAlpine propose une large gamme d&#039;accessoires sanitaires avec de nombreux produits parfaitement adapt\u00e9s \u00e0 une utilisation dans la salle de bain. Dans l&#039;assortiment, vous trouverez des produits pour le bain, la douche, le lavabo, les toilettes ainsi que divers accessoires. Du\u00a0drain de baignoire au siphon de lavabo gain de place: McAlpine offre toujours une haute qualit\u00e9 et une facilit\u00e9 d&#039;installation.Sur cette page, vous pouvez en savoir plus sur les diff\u00e9rents produits McAlpine pour la salle de bain. Vous avez des questions sur un produit de la gamme? Veuillez nous contacter \u00e0 sales.be@walraven.com ou appelez-nous au 016\/822040.\" \/>\n<meta name=\"robots\" content=\"index, follow, max-snippet:-1, max-image-preview:large, max-video-preview:-1\" \/>\n<link rel=\"canonical\" href=\"https:\/\/www.walraven.com\/be-fr\/salle-de-bain\/\" \/>\n<meta property=\"og:locale\" content=\"fr_FR\" \/>\n<meta property=\"og:type\" content=\"article\" \/>\n<meta property=\"og:title\" content=\"McAlpine pour la salle de bain\" \/>\n<meta property=\"og:description\" content=\"McAlpine propose une large gamme d&#039;accessoires sanitaires avec de nombreux produits parfaitement adapt\u00e9s \u00e0 une utilisation dans la salle de bain. Dans l&#039;assortiment, vous trouverez des produits pour le bain, la douche, le lavabo, les toilettes ainsi que divers accessoires. Du\u00a0drain de baignoire au siphon de lavabo gain de place: McAlpine offre toujours une haute qualit\u00e9 et une facilit\u00e9 d&#039;installation.Sur cette page, vous pouvez en savoir plus sur les diff\u00e9rents produits McAlpine pour la salle de bain. Vous avez des questions sur un produit de la gamme? Veuillez nous contacter \u00e0 sales.be@walraven.com ou appelez-nous au 016\/822040.\" \/>\n<meta property=\"og:url\" content=\"https:\/\/www.walraven.com\/be-fr\/salle-de-bain\/\" \/>\n<meta property=\"og:site_name\" content=\"Walraven Belgique\" \/>\n<meta property=\"article:publisher\" content=\"https:\/\/www.facebook.com\/walravenbelgie\" \/>\n<meta property=\"article:modified_time\" content=\"2024-07-18T10:17:43+00:00\" \/>\n<meta name=\"twitter:card\" content=\"summary_large_image\" \/>\n<meta name=\"twitter:label1\" content=\"Dur\u00e9e de lecture est.\" \/>\n\t<meta name=\"twitter:data1\" content=\"6 minutes\" \/>\n<script type=\"application\/ld+json\" class=\"yoast-schema-graph\">{\"@context\":\"https:\\\/\\\/schema.org\",\"@graph\":[{\"@type\":\"WebPage\",\"@id\":\"https:\\\/\\\/www.walraven.com\\\/be-fr\\\/salle-de-bain\\\/\",\"url\":\"https:\\\/\\\/www.walraven.com\\\/be-fr\\\/salle-de-bain\\\/\",\"name\":\"McAlpine pour la salle de bain - Walraven Belgique\",\"isPartOf\":{\"@id\":\"https:\\\/\\\/www.walraven.com\\\/be-fr\\\/#website\"},\"datePublished\":\"2024-04-30T11:54:41+00:00\",\"dateModified\":\"2024-07-18T10:17:43+00:00\",\"description\":\"McAlpine propose une large gamme d'accessoires sanitaires avec de nombreux produits parfaitement adapt\u00e9s \u00e0 une utilisation dans la salle de bain. Dans l'assortiment, vous trouverez des produits pour le bain, la douche, le lavabo, les toilettes ainsi que divers accessoires. Du\u00a0drain de baignoire au siphon de lavabo gain de place: McAlpine offre toujours une haute qualit\u00e9 et une facilit\u00e9 d'installation.Sur cette page, vous pouvez en savoir plus sur les diff\u00e9rents produits McAlpine pour la salle de bain. Vous avez des questions sur un produit de la gamme? Veuillez nous contacter \u00e0 sales.be@walraven.com ou appelez-nous au 016\\\/822040.\",\"breadcrumb\":{\"@id\":\"https:\\\/\\\/www.walraven.com\\\/be-fr\\\/salle-de-bain\\\/#breadcrumb\"},\"inLanguage\":\"fr-BE\",\"potentialAction\":[{\"@type\":\"ReadAction\",\"target\":[\"https:\\\/\\\/www.walraven.com\\\/be-fr\\\/salle-de-bain\\\/\"]}]},{\"@type\":\"BreadcrumbList\",\"@id\":\"https:\\\/\\\/www.walraven.com\\\/be-fr\\\/salle-de-bain\\\/#breadcrumb\",\"itemListElement\":[{\"@type\":\"ListItem\",\"position\":1,\"name\":\"Accueil\",\"item\":\"https:\\\/\\\/www.walraven.com\\\/be-fr\\\/\"},{\"@type\":\"ListItem\",\"position\":2,\"name\":\"McAlpine pour la salle de bain\"}]},{\"@type\":\"WebSite\",\"@id\":\"https:\\\/\\\/www.walraven.com\\\/be-fr\\\/#website\",\"url\":\"https:\\\/\\\/www.walraven.com\\\/be-fr\\\/\",\"name\":\"Walraven Belgique\",\"description\":\"\",\"publisher\":{\"@id\":\"https:\\\/\\\/www.walraven.com\\\/be-fr\\\/#organization\"},\"potentialAction\":[{\"@type\":\"SearchAction\",\"target\":{\"@type\":\"EntryPoint\",\"urlTemplate\":\"https:\\\/\\\/www.walraven.com\\\/be-fr\\\/?s={search_term_string}\"},\"query-input\":{\"@type\":\"PropertyValueSpecification\",\"valueRequired\":true,\"valueName\":\"search_term_string\"}}],\"inLanguage\":\"fr-BE\"},{\"@type\":\"Organization\",\"@id\":\"https:\\\/\\\/www.walraven.com\\\/be-fr\\\/#organization\",\"name\":\"Walraven BV\",\"alternateName\":\"Walraven BV\",\"url\":\"https:\\\/\\\/www.walraven.com\\\/be-fr\\\/\",\"logo\":{\"@type\":\"ImageObject\",\"inLanguage\":\"fr-BE\",\"@id\":\"https:\\\/\\\/www.walraven.com\\\/be-fr\\\/#\\\/schema\\\/logo\\\/image\\\/\",\"url\":\"https:\\\/\\\/www.walraven.com\\\/be-fr\\\/wp-content\\\/uploads\\\/sites\\\/17\\\/2023\\\/12\\\/Walraven_logo300x300.jpg\",\"contentUrl\":\"https:\\\/\\\/www.walraven.com\\\/be-fr\\\/wp-content\\\/uploads\\\/sites\\\/17\\\/2023\\\/12\\\/Walraven_logo300x300.jpg\",\"width\":300,\"height\":300,\"caption\":\"Walraven BV\"},\"image\":{\"@id\":\"https:\\\/\\\/www.walraven.com\\\/be-fr\\\/#\\\/schema\\\/logo\\\/image\\\/\"},\"sameAs\":[\"https:\\\/\\\/www.facebook.com\\\/walravenbelgie\",\"https:\\\/\\\/www.linkedin.com\\\/company\\\/walraven-belgique\\\/\",\"https:\\\/\\\/www.youtube.com\\\/user\\\/WalravenBEFR\"]}]}<\/script>\n<!-- \/ Yoast SEO Premium plugin. -->","yoast_head_json":{"title":"McAlpine pour la salle de bain - Walraven Belgique","description":"McAlpine propose une large gamme d'accessoires sanitaires avec de nombreux produits parfaitement adapt\u00e9s \u00e0 une utilisation dans la salle de bain. Dans l'assortiment, vous trouverez des produits pour le bain, la douche, le lavabo, les toilettes ainsi que divers accessoires. Du\u00a0drain de baignoire au siphon de lavabo gain de place: McAlpine offre toujours une haute qualit\u00e9 et une facilit\u00e9 d'installation.Sur cette page, vous pouvez en savoir plus sur les diff\u00e9rents produits McAlpine pour la salle de bain. Vous avez des questions sur un produit de la gamme? Veuillez nous contacter \u00e0 sales.be@walraven.com ou appelez-nous au 016\/822040.","robots":{"index":"index","follow":"follow","max-snippet":"max-snippet:-1","max-image-preview":"max-image-preview:large","max-video-preview":"max-video-preview:-1"},"canonical":"https:\/\/www.walraven.com\/be-fr\/salle-de-bain\/","og_locale":"fr_FR","og_type":"article","og_title":"McAlpine pour la salle de bain","og_description":"McAlpine propose une large gamme d'accessoires sanitaires avec de nombreux produits parfaitement adapt\u00e9s \u00e0 une utilisation dans la salle de bain. Dans l'assortiment, vous trouverez des produits pour le bain, la douche, le lavabo, les toilettes ainsi que divers accessoires. Du\u00a0drain de baignoire au siphon de lavabo gain de place: McAlpine offre toujours une haute qualit\u00e9 et une facilit\u00e9 d'installation.Sur cette page, vous pouvez en savoir plus sur les diff\u00e9rents produits McAlpine pour la salle de bain. Vous avez des questions sur un produit de la gamme? Veuillez nous contacter \u00e0 sales.be@walraven.com ou appelez-nous au 016\/822040.","og_url":"https:\/\/www.walraven.com\/be-fr\/salle-de-bain\/","og_site_name":"Walraven Belgique","article_publisher":"https:\/\/www.facebook.com\/walravenbelgie","article_modified_time":"2024-07-18T10:17:43+00:00","twitter_card":"summary_large_image","twitter_misc":{"Dur\u00e9e de lecture est.":"6 minutes"},"schema":{"@context":"https:\/\/schema.org","@graph":[{"@type":"WebPage","@id":"https:\/\/www.walraven.com\/be-fr\/salle-de-bain\/","url":"https:\/\/www.walraven.com\/be-fr\/salle-de-bain\/","name":"McAlpine pour la salle de bain - Walraven Belgique","isPartOf":{"@id":"https:\/\/www.walraven.com\/be-fr\/#website"},"datePublished":"2024-04-30T11:54:41+00:00","dateModified":"2024-07-18T10:17:43+00:00","description":"McAlpine propose une large gamme d'accessoires sanitaires avec de nombreux produits parfaitement adapt\u00e9s \u00e0 une utilisation dans la salle de bain. Dans l'assortiment, vous trouverez des produits pour le bain, la douche, le lavabo, les toilettes ainsi que divers accessoires. Du\u00a0drain de baignoire au siphon de lavabo gain de place: McAlpine offre toujours une haute qualit\u00e9 et une facilit\u00e9 d'installation.Sur cette page, vous pouvez en savoir plus sur les diff\u00e9rents produits McAlpine pour la salle de bain. Vous avez des questions sur un produit de la gamme? Veuillez nous contacter \u00e0 sales.be@walraven.com ou appelez-nous au 016\/822040.","breadcrumb":{"@id":"https:\/\/www.walraven.com\/be-fr\/salle-de-bain\/#breadcrumb"},"inLanguage":"fr-BE","potentialAction":[{"@type":"ReadAction","target":["https:\/\/www.walraven.com\/be-fr\/salle-de-bain\/"]}]},{"@type":"BreadcrumbList","@id":"https:\/\/www.walraven.com\/be-fr\/salle-de-bain\/#breadcrumb","itemListElement":[{"@type":"ListItem","position":1,"name":"Accueil","item":"https:\/\/www.walraven.com\/be-fr\/"},{"@type":"ListItem","position":2,"name":"McAlpine pour la salle de bain"}]},{"@type":"WebSite","@id":"https:\/\/www.walraven.com\/be-fr\/#website","url":"https:\/\/www.walraven.com\/be-fr\/","name":"Walraven Belgique","description":"","publisher":{"@id":"https:\/\/www.walraven.com\/be-fr\/#organization"},"potentialAction":[{"@type":"SearchAction","target":{"@type":"EntryPoint","urlTemplate":"https:\/\/www.walraven.com\/be-fr\/?s={search_term_string}"},"query-input":{"@type":"PropertyValueSpecification","valueRequired":true,"valueName":"search_term_string"}}],"inLanguage":"fr-BE"},{"@type":"Organization","@id":"https:\/\/www.walraven.com\/be-fr\/#organization","name":"Walraven BV","alternateName":"Walraven BV","url":"https:\/\/www.walraven.com\/be-fr\/","logo":{"@type":"ImageObject","inLanguage":"fr-BE","@id":"https:\/\/www.walraven.com\/be-fr\/#\/schema\/logo\/image\/","url":"https:\/\/www.walraven.com\/be-fr\/wp-content\/uploads\/sites\/17\/2023\/12\/Walraven_logo300x300.jpg","contentUrl":"https:\/\/www.walraven.com\/be-fr\/wp-content\/uploads\/sites\/17\/2023\/12\/Walraven_logo300x300.jpg","width":300,"height":300,"caption":"Walraven BV"},"image":{"@id":"https:\/\/www.walraven.com\/be-fr\/#\/schema\/logo\/image\/"},"sameAs":["https:\/\/www.facebook.com\/walravenbelgie","https:\/\/www.linkedin.com\/company\/walraven-belgique\/","https:\/\/www.youtube.com\/user\/WalravenBEFR"]}]}},"_links":{"self":[{"href":"https:\/\/www.walraven.com\/be-fr\/wp-json\/wp\/v2\/pages\/59541","targetHints":{"allow":["GET"]}}],"collection":[{"href":"https:\/\/www.walraven.com\/be-fr\/wp-json\/wp\/v2\/pages"}],"about":[{"href":"https:\/\/www.walraven.com\/be-fr\/wp-json\/wp\/v2\/types\/page"}],"author":[{"embeddable":true,"href":"https:\/\/www.walraven.com\/be-fr\/wp-json\/wp\/v2\/users\/43"}],"replies":[{"embeddable":true,"href":"https:\/\/www.walraven.com\/be-fr\/wp-json\/wp\/v2\/comments?post=59541"}],"version-history":[{"count":5,"href":"https:\/\/www.walraven.com\/be-fr\/wp-json\/wp\/v2\/pages\/59541\/revisions"}],"predecessor-version":[{"id":67425,"href":"https:\/\/www.walraven.com\/be-fr\/wp-json\/wp\/v2\/pages\/59541\/revisions\/67425"}],"wp:attachment":[{"href":"https:\/\/www.walraven.com\/be-fr\/wp-json\/wp\/v2\/media?parent=59541"}],"curies":[{"name":"wp","href":"https:\/\/api.w.org\/{rel}","templated":true}]}}