{"id":60904,"date":"2021-12-14T13:14:35","date_gmt":"2021-12-14T12:14:35","guid":{"rendered":"https:\/\/www.walraven.com\/be-fr\/?page_id=60904"},"modified":"2024-03-20T11:48:26","modified_gmt":"2024-03-20T10:48:26","slug":"les-sources-de-vibrations","status":"publish","type":"page","link":"https:\/\/www.walraven.com\/be-fr\/les-sources-de-vibrations\/","title":{"rendered":"Les sources de vibrations"},"content":{"rendered":"<h3 id=\"tw-target-text\" class=\"tw-data-text tw-text-large tw-ta\" data-placeholder=\"Vertaling\"><span class=\"Y2IQFc\" lang=\"fr\">Qu&rsquo;est-ce que la vibration et pourquoi voulez-vous l&rsquo;\u00e9viter ?<\/span><\/h3>\n<p>Comme de plus en plus d&rsquo;utilisateurs de b\u00e2timents sont d\u00e9rang\u00e9s par les vibrations m\u00e9caniques et le bruit induit par les vibrations provenant des \u00e9quipements m\u00e9caniques, le secteur CVC est devenu plus attentif \u00e0 la conception acoustique des \u00e9quipements et installations m\u00e9caniques. Mais avant d&rsquo;\u00e9tudier et de partager des exemples de la fa\u00e7on dont les vibrations peuvent \u00eatre \u00e9vit\u00e9es, examinons la d\u00e9finition et les effets secondaires des vibrations.<\/p>\n<h3>Qu&rsquo;est-ce que la vibration ?<\/h3>\n<p>En termes simples, la vibration est un ph\u00e9nom\u00e8ne m\u00e9canique o\u00f9 des oscillations se produisent autour d&rsquo;un point d&rsquo;\u00e9quilibre. Dans certains cas, cela peut \u00eatre souhaitable, comme dans le cas d&rsquo;un mouvement de la corde d&rsquo;une guitare, mais souvent, les vibrations sont ind\u00e9sirables car elles cr\u00e9ent un bruit et un inconfort ind\u00e9sirables. Des exemples typiques de vibrations ind\u00e9sirables incluent le mouvement vibratoire des moteurs, des moteurs \u00e9lectriques ou d&rsquo;autres dispositifs ou \u00e9quipements m\u00e9caniques en fonctionnement.<\/p>\n<h3>Les effets sonores des vibrations<\/h3>\n<p>Dans le contexte CVC, les sons sont principalement g\u00e9n\u00e9r\u00e9s par les vibrations d&rsquo;un \u00e9quipement. N\u00e9anmoins, certains types de vibrations peuvent \u00e9galement g\u00e9n\u00e9rer des effets sonores qui ne sont pas d\u00e9tect\u00e9s par l&rsquo;homme. Mais il est important de savoir que les effets sonores non d\u00e9tect\u00e9s peuvent \u00e9galement affecter la sant\u00e9 et le bien-\u00eatre des utilisateurs du b\u00e2timent. Par cons\u00e9quent, la meilleure fa\u00e7on de r\u00e9duire le son, \u00e0 la fois d\u00e9tectable et non d\u00e9tectable, est de limiter les vibrations produites par les \u00e9quipements m\u00e9caniques en premier lieu.<\/p>\n<h3>Quelles sont les sources de vibrations les plus courantes dans les b\u00e2timents ?<\/h3>\n<p>L&rsquo;\u00e9quipement CVC fix\u00e9 de mani\u00e8re rigide \u00e0 une dalle, un mur ou un plafond peut transmettre des vibrations \u00e0 la structure et provoquer des niveaux de bruit hautement ind\u00e9sirables. Ce bruit peut voyager loin et peut m\u00eame se propager dans tout le b\u00e2timent. Tout comme l&rsquo;\u00e9quipement, la tuyauterie et les conduits peuvent agir comme transmetteur de bruit s&rsquo;ils sont reli\u00e9s de mani\u00e8re rigide \u00e0 un \u00e9quipement vibrant.<\/p>\n<h3>Il n&rsquo;y a pas que le bruit ind\u00e9sirable<\/h3>\n<p>Outre les bruits ind\u00e9sirables, des vibrations r\u00e9guli\u00e8res et r\u00e9currentes peuvent entra\u00eener d&rsquo;autres probl\u00e8mes pouvant affecter l&rsquo;\u00e9quipement, le b\u00e2timent et ses utilisateurs. Ces probl\u00e8mes incluent, par exemple :<\/p>\n<ul>\n<li>cr\u00e9er de l&rsquo;inconfort pour les gens<\/li>\n<li>s\u00e9curit\u00e9 r\u00e9duite des personnes \u00e0 proximit\u00e9 de l&rsquo;\u00e9quipement vibrant<\/li>\n<li>cons\u00e9quences n\u00e9gatives sur la structure du b\u00e2timent<\/li>\n<li>des exigences de maintenance accrues pour l&rsquo;\u00e9quipement<\/li>\n<li>diminution de la dur\u00e9e de vie de l&rsquo;\u00e9quipement<\/li>\n<li>mauvais fonctionnement de l&rsquo;\u00e9quipement<\/li>\n<li>non-respect des exigences r\u00e9glementaires<\/li>\n<\/ul>\n<h3>Comment r\u00e9soudre les vibrations ?<\/h3>\n<p>Isoler les sources de vibration de leur structure de support en utilisant des dispositifs r\u00e9silients, par exemple des isolateurs, est l&rsquo;approche la plus efficace pour \u00e9liminer les vibrations. Des isolateurs vibro-acoustiques soigneusement s\u00e9lectionn\u00e9s doivent \u00eatre plac\u00e9s, dans la mesure du possible, directement entre la structure de montage et l&rsquo;\u00e9quipement qui produit des vibrations ind\u00e9sirables. Les isolateurs peuvent alors absorber efficacement jusqu&rsquo;\u00e0 99 % des vibrations excessives produites par l&rsquo;\u00e9quipement.<\/p>\n<h3>La pr\u00e9vention est plus facile et moins ch\u00e8re que la correction !<\/h3>\n<p>Corriger un probl\u00e8me de bruit ou de vibration peut \u00eatre bien plus co\u00fbteux que de l&rsquo;ignorer avant l&rsquo;installation de l&rsquo;\u00e9quipement. Le co\u00fbt de la correction peut inclure le temps requis pour coordonner l&rsquo;enqu\u00eate, les paiements directs \u00e0 l&rsquo;entrepreneur en r\u00e9novation et l&rsquo;\u00e9ventuelle compensation vers\u00e9e aux utilisateurs du b\u00e2timent qui ont d\u00e9pos\u00e9 des plaintes. Par cons\u00e9quent, vous devez toujours viser \u00e0 \u00e9viter les probl\u00e8mes de vibrations et de bruit au lieu de les corriger apr\u00e8s l&rsquo;installation. Le co\u00fbt suppl\u00e9mentaire n\u00e9gligeable de la pr\u00e9vention (g\u00e9n\u00e9ralement environ 1% \u00e0 2% du co\u00fbt total du syst\u00e8me CVC) est de l&rsquo;argent bien d\u00e9pens\u00e9 par rapport \u00e0 la deuxi\u00e8me alternative, qui corrige une situation existante.<\/p>\n<h3>En savoir plus sur les solutions antivibrations de Walraven<\/h3>\n<p>Dans la gamme Walraven, vous pouvez trouver une gamme compl\u00e8te d&rsquo;isolateurs vibroacoustiques en <a href=\"https:\/\/www.walraven.com\/int\/products\/walraven-vibratek-hr-1-rubber-hanger\/\">caoutchouc<\/a> et en m\u00e9tal de <a href=\"https:\/\/www.walraven.com\/int\/products\/walraven-vibratek-mr-b-rubber-mount\/\">patins antivibrations<\/a>, de supports et de <a href=\"https:\/\/www.walraven.com\/int\/products\/walraven-vibratek-hs-1x-spring-hanger\/\">ressorts<\/a> pour \u00e9liminer les probl\u00e8mes de vibration dans les installations CVC. Les isolateurs peuvent \u00e9galement \u00eatre facilement int\u00e9gr\u00e9s \u00e0 d&rsquo;autres <a href=\"https:\/\/www.walraven.com\/be-fr\/produits\/fixations-pour-tubes\/\">fixations de tubes<\/a>, <a href=\"https:\/\/www.walraven.com\/be-fr\/systemes-de-fixation\/bis-rapidstrut\/\">supports de rail<\/a> ou <a href=\"https:\/\/www.walraven.com\/be-fr\/systemes-de-fixation\/walraven-solutions-de-montage-sur-toiture\/\">installations sur toiture<\/a>.<\/p>\n<p><a href=\"https:\/\/www.walraven.com\/be-fr\/produits\/isolateurs-sons-et-vibrations\/\">Lire la suite<\/a><\/p>\n","protected":false},"excerpt":{"rendered":"<p>Qu&rsquo;est-ce que la vibration et pourquoi voulez-vous l&rsquo;\u00e9viter ? Comme de plus en plus d&rsquo;utilisateurs de b\u00e2timents sont d\u00e9rang\u00e9s par les vibrations m\u00e9caniques et le bruit induit par les vibrations provenant des \u00e9quipements m\u00e9caniques, le secteur CVC est devenu plus attentif \u00e0 la conception acoustique des \u00e9quipements et installations m\u00e9caniques. Mais avant d&rsquo;\u00e9tudier et de [&hellip;]<\/p>\n","protected":false},"author":24,"featured_media":0,"parent":0,"menu_order":0,"comment_status":"closed","ping_status":"closed","template":"","meta":{"_acf_changed":false,"footnotes":""},"class_list":["post-60904","page","type-page","status-publish","hentry"],"acf":[],"yoast_head":"<!-- This site is optimized with the Yoast SEO Premium plugin v27.3 (Yoast SEO v27.3) - https:\/\/yoast.com\/product\/yoast-seo-premium-wordpress\/ -->\n<title>Les sources de vibrations - Walraven Belgique<\/title>\n<meta name=\"robots\" content=\"index, follow, max-snippet:-1, max-image-preview:large, max-video-preview:-1\" \/>\n<link rel=\"canonical\" href=\"https:\/\/www.walraven.com\/be-fr\/les-sources-de-vibrations\/\" \/>\n<meta property=\"og:locale\" content=\"fr_FR\" \/>\n<meta property=\"og:type\" content=\"article\" \/>\n<meta property=\"og:title\" content=\"Les sources de vibrations\" \/>\n<meta property=\"og:description\" content=\"Qu&rsquo;est-ce que la vibration et pourquoi voulez-vous l&rsquo;\u00e9viter ? Comme de plus en plus d&rsquo;utilisateurs de b\u00e2timents sont d\u00e9rang\u00e9s par les vibrations m\u00e9caniques et le bruit induit par les vibrations provenant des \u00e9quipements m\u00e9caniques, le secteur CVC est devenu plus attentif \u00e0 la conception acoustique des \u00e9quipements et installations m\u00e9caniques. Mais avant d&rsquo;\u00e9tudier et de [&hellip;]\" \/>\n<meta property=\"og:url\" content=\"https:\/\/www.walraven.com\/be-fr\/les-sources-de-vibrations\/\" \/>\n<meta property=\"og:site_name\" content=\"Walraven Belgique\" \/>\n<meta property=\"article:publisher\" content=\"https:\/\/www.facebook.com\/walravenbelgie\" \/>\n<meta property=\"article:modified_time\" content=\"2024-03-20T10:48:26+00:00\" \/>\n<meta name=\"twitter:card\" content=\"summary_large_image\" \/>\n<meta name=\"twitter:label1\" content=\"Dur\u00e9e de lecture est.\" \/>\n\t<meta name=\"twitter:data1\" content=\"4 minutes\" \/>\n<script type=\"application\/ld+json\" class=\"yoast-schema-graph\">{\"@context\":\"https:\\\/\\\/schema.org\",\"@graph\":[{\"@type\":\"WebPage\",\"@id\":\"https:\\\/\\\/www.walraven.com\\\/be-fr\\\/les-sources-de-vibrations\\\/\",\"url\":\"https:\\\/\\\/www.walraven.com\\\/be-fr\\\/les-sources-de-vibrations\\\/\",\"name\":\"Les sources de vibrations - Walraven Belgique\",\"isPartOf\":{\"@id\":\"https:\\\/\\\/www.walraven.com\\\/be-fr\\\/#website\"},\"datePublished\":\"2021-12-14T12:14:35+00:00\",\"dateModified\":\"2024-03-20T10:48:26+00:00\",\"breadcrumb\":{\"@id\":\"https:\\\/\\\/www.walraven.com\\\/be-fr\\\/les-sources-de-vibrations\\\/#breadcrumb\"},\"inLanguage\":\"fr-BE\",\"potentialAction\":[{\"@type\":\"ReadAction\",\"target\":[\"https:\\\/\\\/www.walraven.com\\\/be-fr\\\/les-sources-de-vibrations\\\/\"]}]},{\"@type\":\"BreadcrumbList\",\"@id\":\"https:\\\/\\\/www.walraven.com\\\/be-fr\\\/les-sources-de-vibrations\\\/#breadcrumb\",\"itemListElement\":[{\"@type\":\"ListItem\",\"position\":1,\"name\":\"Accueil\",\"item\":\"https:\\\/\\\/www.walraven.com\\\/be-fr\\\/\"},{\"@type\":\"ListItem\",\"position\":2,\"name\":\"Les sources de vibrations\"}]},{\"@type\":\"WebSite\",\"@id\":\"https:\\\/\\\/www.walraven.com\\\/be-fr\\\/#website\",\"url\":\"https:\\\/\\\/www.walraven.com\\\/be-fr\\\/\",\"name\":\"Walraven Belgique\",\"description\":\"\",\"publisher\":{\"@id\":\"https:\\\/\\\/www.walraven.com\\\/be-fr\\\/#organization\"},\"potentialAction\":[{\"@type\":\"SearchAction\",\"target\":{\"@type\":\"EntryPoint\",\"urlTemplate\":\"https:\\\/\\\/www.walraven.com\\\/be-fr\\\/?s={search_term_string}\"},\"query-input\":{\"@type\":\"PropertyValueSpecification\",\"valueRequired\":true,\"valueName\":\"search_term_string\"}}],\"inLanguage\":\"fr-BE\"},{\"@type\":\"Organization\",\"@id\":\"https:\\\/\\\/www.walraven.com\\\/be-fr\\\/#organization\",\"name\":\"Walraven BV\",\"alternateName\":\"Walraven BV\",\"url\":\"https:\\\/\\\/www.walraven.com\\\/be-fr\\\/\",\"logo\":{\"@type\":\"ImageObject\",\"inLanguage\":\"fr-BE\",\"@id\":\"https:\\\/\\\/www.walraven.com\\\/be-fr\\\/#\\\/schema\\\/logo\\\/image\\\/\",\"url\":\"https:\\\/\\\/www.walraven.com\\\/be-fr\\\/wp-content\\\/uploads\\\/sites\\\/17\\\/2023\\\/12\\\/Walraven_logo300x300.jpg\",\"contentUrl\":\"https:\\\/\\\/www.walraven.com\\\/be-fr\\\/wp-content\\\/uploads\\\/sites\\\/17\\\/2023\\\/12\\\/Walraven_logo300x300.jpg\",\"width\":300,\"height\":300,\"caption\":\"Walraven BV\"},\"image\":{\"@id\":\"https:\\\/\\\/www.walraven.com\\\/be-fr\\\/#\\\/schema\\\/logo\\\/image\\\/\"},\"sameAs\":[\"https:\\\/\\\/www.facebook.com\\\/walravenbelgie\",\"https:\\\/\\\/www.linkedin.com\\\/company\\\/walraven-belgique\\\/\",\"https:\\\/\\\/www.youtube.com\\\/user\\\/WalravenBEFR\"]}]}<\/script>\n<!-- \/ Yoast SEO Premium plugin. -->","yoast_head_json":{"title":"Les sources de vibrations - Walraven Belgique","robots":{"index":"index","follow":"follow","max-snippet":"max-snippet:-1","max-image-preview":"max-image-preview:large","max-video-preview":"max-video-preview:-1"},"canonical":"https:\/\/www.walraven.com\/be-fr\/les-sources-de-vibrations\/","og_locale":"fr_FR","og_type":"article","og_title":"Les sources de vibrations","og_description":"Qu&rsquo;est-ce que la vibration et pourquoi voulez-vous l&rsquo;\u00e9viter ? Comme de plus en plus d&rsquo;utilisateurs de b\u00e2timents sont d\u00e9rang\u00e9s par les vibrations m\u00e9caniques et le bruit induit par les vibrations provenant des \u00e9quipements m\u00e9caniques, le secteur CVC est devenu plus attentif \u00e0 la conception acoustique des \u00e9quipements et installations m\u00e9caniques. Mais avant d&rsquo;\u00e9tudier et de [&hellip;]","og_url":"https:\/\/www.walraven.com\/be-fr\/les-sources-de-vibrations\/","og_site_name":"Walraven Belgique","article_publisher":"https:\/\/www.facebook.com\/walravenbelgie","article_modified_time":"2024-03-20T10:48:26+00:00","twitter_card":"summary_large_image","twitter_misc":{"Dur\u00e9e de lecture est.":"4 minutes"},"schema":{"@context":"https:\/\/schema.org","@graph":[{"@type":"WebPage","@id":"https:\/\/www.walraven.com\/be-fr\/les-sources-de-vibrations\/","url":"https:\/\/www.walraven.com\/be-fr\/les-sources-de-vibrations\/","name":"Les sources de vibrations - Walraven Belgique","isPartOf":{"@id":"https:\/\/www.walraven.com\/be-fr\/#website"},"datePublished":"2021-12-14T12:14:35+00:00","dateModified":"2024-03-20T10:48:26+00:00","breadcrumb":{"@id":"https:\/\/www.walraven.com\/be-fr\/les-sources-de-vibrations\/#breadcrumb"},"inLanguage":"fr-BE","potentialAction":[{"@type":"ReadAction","target":["https:\/\/www.walraven.com\/be-fr\/les-sources-de-vibrations\/"]}]},{"@type":"BreadcrumbList","@id":"https:\/\/www.walraven.com\/be-fr\/les-sources-de-vibrations\/#breadcrumb","itemListElement":[{"@type":"ListItem","position":1,"name":"Accueil","item":"https:\/\/www.walraven.com\/be-fr\/"},{"@type":"ListItem","position":2,"name":"Les sources de vibrations"}]},{"@type":"WebSite","@id":"https:\/\/www.walraven.com\/be-fr\/#website","url":"https:\/\/www.walraven.com\/be-fr\/","name":"Walraven Belgique","description":"","publisher":{"@id":"https:\/\/www.walraven.com\/be-fr\/#organization"},"potentialAction":[{"@type":"SearchAction","target":{"@type":"EntryPoint","urlTemplate":"https:\/\/www.walraven.com\/be-fr\/?s={search_term_string}"},"query-input":{"@type":"PropertyValueSpecification","valueRequired":true,"valueName":"search_term_string"}}],"inLanguage":"fr-BE"},{"@type":"Organization","@id":"https:\/\/www.walraven.com\/be-fr\/#organization","name":"Walraven BV","alternateName":"Walraven BV","url":"https:\/\/www.walraven.com\/be-fr\/","logo":{"@type":"ImageObject","inLanguage":"fr-BE","@id":"https:\/\/www.walraven.com\/be-fr\/#\/schema\/logo\/image\/","url":"https:\/\/www.walraven.com\/be-fr\/wp-content\/uploads\/sites\/17\/2023\/12\/Walraven_logo300x300.jpg","contentUrl":"https:\/\/www.walraven.com\/be-fr\/wp-content\/uploads\/sites\/17\/2023\/12\/Walraven_logo300x300.jpg","width":300,"height":300,"caption":"Walraven BV"},"image":{"@id":"https:\/\/www.walraven.com\/be-fr\/#\/schema\/logo\/image\/"},"sameAs":["https:\/\/www.facebook.com\/walravenbelgie","https:\/\/www.linkedin.com\/company\/walraven-belgique\/","https:\/\/www.youtube.com\/user\/WalravenBEFR"]}]}},"_links":{"self":[{"href":"https:\/\/www.walraven.com\/be-fr\/wp-json\/wp\/v2\/pages\/60904","targetHints":{"allow":["GET"]}}],"collection":[{"href":"https:\/\/www.walraven.com\/be-fr\/wp-json\/wp\/v2\/pages"}],"about":[{"href":"https:\/\/www.walraven.com\/be-fr\/wp-json\/wp\/v2\/types\/page"}],"author":[{"embeddable":true,"href":"https:\/\/www.walraven.com\/be-fr\/wp-json\/wp\/v2\/users\/24"}],"replies":[{"embeddable":true,"href":"https:\/\/www.walraven.com\/be-fr\/wp-json\/wp\/v2\/comments?post=60904"}],"version-history":[{"count":5,"href":"https:\/\/www.walraven.com\/be-fr\/wp-json\/wp\/v2\/pages\/60904\/revisions"}],"predecessor-version":[{"id":64311,"href":"https:\/\/www.walraven.com\/be-fr\/wp-json\/wp\/v2\/pages\/60904\/revisions\/64311"}],"wp:attachment":[{"href":"https:\/\/www.walraven.com\/be-fr\/wp-json\/wp\/v2\/media?parent=60904"}],"curies":[{"name":"wp","href":"https:\/\/api.w.org\/{rel}","templated":true}]}}