{"id":62075,"date":"2020-01-29T13:35:17","date_gmt":"2020-01-29T12:35:17","guid":{"rendered":"https:\/\/www.walraven.com\/en\/?page_id=56093"},"modified":"2023-03-28T10:47:28","modified_gmt":"2023-03-28T08:47:28","slug":"walraven-britclips-rswb-exemplesapplications","status":"publish","type":"page","link":"https:\/\/www.walraven.com\/be-fr\/walraven-britclips-rswb-exemplesapplications\/","title":{"rendered":"Walraven Britclips\u00ae RSWB &#8211; Exemples d&rsquo;applications"},"content":{"rendered":"","protected":false},"excerpt":{"rendered":"","protected":false},"author":18,"featured_media":62247,"parent":0,"menu_order":0,"comment_status":"closed","ping_status":"closed","template":"page-templates\/tpl-landingspage.php","meta":{"_acf_changed":false,"footnotes":""},"class_list":["post-62075","page","type-page","status-publish","has-post-thumbnail","hentry"],"acf":[],"yoast_head":"<!-- This site is optimized with the Yoast SEO Premium plugin v27.3 (Yoast SEO v27.3) - https:\/\/yoast.com\/product\/yoast-seo-premium-wordpress\/ -->\n<title>Walraven Britclips\u00ae RSWB - Exemples d&#039;applications - Walraven Belgique<\/title>\n<meta name=\"description\" content=\"Le RSWB est un support extensible de Walraven. Il peut \u00eatre utilis\u00e9 pour de nombreuses applications de fixation ; Voici quelques exemples d&#039;installations qui nous ont \u00e9t\u00e9 envoy\u00e9s par des plombiers et \u00e9lectriciens.\" \/>\n<meta name=\"robots\" content=\"index, follow, max-snippet:-1, max-image-preview:large, max-video-preview:-1\" \/>\n<link rel=\"canonical\" href=\"https:\/\/www.walraven.com\/be-fr\/walraven-britclips-rswb-exemplesapplications\/\" \/>\n<meta property=\"og:locale\" content=\"fr_FR\" \/>\n<meta property=\"og:type\" content=\"article\" \/>\n<meta property=\"og:title\" content=\"Walraven Britclips\u00ae RSWB - Exemples d&#039;applications\" \/>\n<meta property=\"og:description\" content=\"Le RSWB est un support extensible de Walraven. Il peut \u00eatre utilis\u00e9 pour de nombreuses applications de fixation ; Voici quelques exemples d&#039;installations qui nous ont \u00e9t\u00e9 envoy\u00e9s par des plombiers et \u00e9lectriciens.\" \/>\n<meta property=\"og:url\" content=\"https:\/\/www.walraven.com\/be-fr\/walraven-britclips-rswb-exemplesapplications\/\" \/>\n<meta property=\"og:site_name\" content=\"Walraven Belgique\" \/>\n<meta property=\"article:publisher\" content=\"https:\/\/www.facebook.com\/walravenbelgie\" \/>\n<meta property=\"article:modified_time\" content=\"2023-03-28T08:47:28+00:00\" \/>\n<meta property=\"og:image\" content=\"https:\/\/www.walraven.com\/be-fr\/wp-content\/uploads\/sites\/17\/2023\/03\/rswb-2.jpg\" \/>\n\t<meta property=\"og:image:width\" content=\"1253\" \/>\n\t<meta property=\"og:image:height\" content=\"836\" \/>\n\t<meta property=\"og:image:type\" content=\"image\/jpeg\" \/>\n<meta name=\"twitter:card\" content=\"summary_large_image\" \/>\n<script type=\"application\/ld+json\" class=\"yoast-schema-graph\">{\"@context\":\"https:\\\/\\\/schema.org\",\"@graph\":[{\"@type\":\"WebPage\",\"@id\":\"https:\\\/\\\/www.walraven.com\\\/be-fr\\\/walraven-britclips-rswb-exemplesapplications\\\/\",\"url\":\"https:\\\/\\\/www.walraven.com\\\/be-fr\\\/walraven-britclips-rswb-exemplesapplications\\\/\",\"name\":\"Walraven Britclips\u00ae RSWB - Exemples d'applications - Walraven Belgique\",\"isPartOf\":{\"@id\":\"https:\\\/\\\/www.walraven.com\\\/be-fr\\\/#website\"},\"primaryImageOfPage\":{\"@id\":\"https:\\\/\\\/www.walraven.com\\\/be-fr\\\/walraven-britclips-rswb-exemplesapplications\\\/#primaryimage\"},\"image\":{\"@id\":\"https:\\\/\\\/www.walraven.com\\\/be-fr\\\/walraven-britclips-rswb-exemplesapplications\\\/#primaryimage\"},\"thumbnailUrl\":\"https:\\\/\\\/www.walraven.com\\\/be-fr\\\/wp-content\\\/uploads\\\/sites\\\/17\\\/2023\\\/03\\\/rswb-2.jpg\",\"datePublished\":\"2020-01-29T12:35:17+00:00\",\"dateModified\":\"2023-03-28T08:47:28+00:00\",\"description\":\"Le RSWB est un support extensible de Walraven. Il peut \u00eatre utilis\u00e9 pour de nombreuses applications de fixation ; Voici quelques exemples d'installations qui nous ont \u00e9t\u00e9 envoy\u00e9s par des plombiers et \u00e9lectriciens.\",\"breadcrumb\":{\"@id\":\"https:\\\/\\\/www.walraven.com\\\/be-fr\\\/walraven-britclips-rswb-exemplesapplications\\\/#breadcrumb\"},\"inLanguage\":\"fr-BE\",\"potentialAction\":[{\"@type\":\"ReadAction\",\"target\":[\"https:\\\/\\\/www.walraven.com\\\/be-fr\\\/walraven-britclips-rswb-exemplesapplications\\\/\"]}]},{\"@type\":\"ImageObject\",\"inLanguage\":\"fr-BE\",\"@id\":\"https:\\\/\\\/www.walraven.com\\\/be-fr\\\/walraven-britclips-rswb-exemplesapplications\\\/#primaryimage\",\"url\":\"https:\\\/\\\/www.walraven.com\\\/be-fr\\\/wp-content\\\/uploads\\\/sites\\\/17\\\/2023\\\/03\\\/rswb-2.jpg\",\"contentUrl\":\"https:\\\/\\\/www.walraven.com\\\/be-fr\\\/wp-content\\\/uploads\\\/sites\\\/17\\\/2023\\\/03\\\/rswb-2.jpg\",\"width\":1253,\"height\":836},{\"@type\":\"BreadcrumbList\",\"@id\":\"https:\\\/\\\/www.walraven.com\\\/be-fr\\\/walraven-britclips-rswb-exemplesapplications\\\/#breadcrumb\",\"itemListElement\":[{\"@type\":\"ListItem\",\"position\":1,\"name\":\"Accueil\",\"item\":\"https:\\\/\\\/www.walraven.com\\\/be-fr\\\/\"},{\"@type\":\"ListItem\",\"position\":2,\"name\":\"Walraven Britclips\u00ae RSWB &#8211; Exemples d&rsquo;applications\"}]},{\"@type\":\"WebSite\",\"@id\":\"https:\\\/\\\/www.walraven.com\\\/be-fr\\\/#website\",\"url\":\"https:\\\/\\\/www.walraven.com\\\/be-fr\\\/\",\"name\":\"Walraven Belgique\",\"description\":\"\",\"publisher\":{\"@id\":\"https:\\\/\\\/www.walraven.com\\\/be-fr\\\/#organization\"},\"potentialAction\":[{\"@type\":\"SearchAction\",\"target\":{\"@type\":\"EntryPoint\",\"urlTemplate\":\"https:\\\/\\\/www.walraven.com\\\/be-fr\\\/?s={search_term_string}\"},\"query-input\":{\"@type\":\"PropertyValueSpecification\",\"valueRequired\":true,\"valueName\":\"search_term_string\"}}],\"inLanguage\":\"fr-BE\"},{\"@type\":\"Organization\",\"@id\":\"https:\\\/\\\/www.walraven.com\\\/be-fr\\\/#organization\",\"name\":\"Walraven BV\",\"alternateName\":\"Walraven BV\",\"url\":\"https:\\\/\\\/www.walraven.com\\\/be-fr\\\/\",\"logo\":{\"@type\":\"ImageObject\",\"inLanguage\":\"fr-BE\",\"@id\":\"https:\\\/\\\/www.walraven.com\\\/be-fr\\\/#\\\/schema\\\/logo\\\/image\\\/\",\"url\":\"https:\\\/\\\/www.walraven.com\\\/be-fr\\\/wp-content\\\/uploads\\\/sites\\\/17\\\/2023\\\/12\\\/Walraven_logo300x300.jpg\",\"contentUrl\":\"https:\\\/\\\/www.walraven.com\\\/be-fr\\\/wp-content\\\/uploads\\\/sites\\\/17\\\/2023\\\/12\\\/Walraven_logo300x300.jpg\",\"width\":300,\"height\":300,\"caption\":\"Walraven BV\"},\"image\":{\"@id\":\"https:\\\/\\\/www.walraven.com\\\/be-fr\\\/#\\\/schema\\\/logo\\\/image\\\/\"},\"sameAs\":[\"https:\\\/\\\/www.facebook.com\\\/walravenbelgie\",\"https:\\\/\\\/www.linkedin.com\\\/company\\\/walraven-belgique\\\/\",\"https:\\\/\\\/www.youtube.com\\\/user\\\/WalravenBEFR\"]}]}<\/script>\n<!-- \/ Yoast SEO Premium plugin. -->","yoast_head_json":{"title":"Walraven Britclips\u00ae RSWB - Exemples d'applications - Walraven Belgique","description":"Le RSWB est un support extensible de Walraven. Il peut \u00eatre utilis\u00e9 pour de nombreuses applications de fixation ; Voici quelques exemples d'installations qui nous ont \u00e9t\u00e9 envoy\u00e9s par des plombiers et \u00e9lectriciens.","robots":{"index":"index","follow":"follow","max-snippet":"max-snippet:-1","max-image-preview":"max-image-preview:large","max-video-preview":"max-video-preview:-1"},"canonical":"https:\/\/www.walraven.com\/be-fr\/walraven-britclips-rswb-exemplesapplications\/","og_locale":"fr_FR","og_type":"article","og_title":"Walraven Britclips\u00ae RSWB - Exemples d'applications","og_description":"Le RSWB est un support extensible de Walraven. Il peut \u00eatre utilis\u00e9 pour de nombreuses applications de fixation ; Voici quelques exemples d'installations qui nous ont \u00e9t\u00e9 envoy\u00e9s par des plombiers et \u00e9lectriciens.","og_url":"https:\/\/www.walraven.com\/be-fr\/walraven-britclips-rswb-exemplesapplications\/","og_site_name":"Walraven Belgique","article_publisher":"https:\/\/www.facebook.com\/walravenbelgie","article_modified_time":"2023-03-28T08:47:28+00:00","og_image":[{"width":1253,"height":836,"url":"https:\/\/www.walraven.com\/be-fr\/wp-content\/uploads\/sites\/17\/2023\/03\/rswb-2.jpg","type":"image\/jpeg"}],"twitter_card":"summary_large_image","schema":{"@context":"https:\/\/schema.org","@graph":[{"@type":"WebPage","@id":"https:\/\/www.walraven.com\/be-fr\/walraven-britclips-rswb-exemplesapplications\/","url":"https:\/\/www.walraven.com\/be-fr\/walraven-britclips-rswb-exemplesapplications\/","name":"Walraven Britclips\u00ae RSWB - Exemples d'applications - Walraven Belgique","isPartOf":{"@id":"https:\/\/www.walraven.com\/be-fr\/#website"},"primaryImageOfPage":{"@id":"https:\/\/www.walraven.com\/be-fr\/walraven-britclips-rswb-exemplesapplications\/#primaryimage"},"image":{"@id":"https:\/\/www.walraven.com\/be-fr\/walraven-britclips-rswb-exemplesapplications\/#primaryimage"},"thumbnailUrl":"https:\/\/www.walraven.com\/be-fr\/wp-content\/uploads\/sites\/17\/2023\/03\/rswb-2.jpg","datePublished":"2020-01-29T12:35:17+00:00","dateModified":"2023-03-28T08:47:28+00:00","description":"Le RSWB est un support extensible de Walraven. Il peut \u00eatre utilis\u00e9 pour de nombreuses applications de fixation ; Voici quelques exemples d'installations qui nous ont \u00e9t\u00e9 envoy\u00e9s par des plombiers et \u00e9lectriciens.","breadcrumb":{"@id":"https:\/\/www.walraven.com\/be-fr\/walraven-britclips-rswb-exemplesapplications\/#breadcrumb"},"inLanguage":"fr-BE","potentialAction":[{"@type":"ReadAction","target":["https:\/\/www.walraven.com\/be-fr\/walraven-britclips-rswb-exemplesapplications\/"]}]},{"@type":"ImageObject","inLanguage":"fr-BE","@id":"https:\/\/www.walraven.com\/be-fr\/walraven-britclips-rswb-exemplesapplications\/#primaryimage","url":"https:\/\/www.walraven.com\/be-fr\/wp-content\/uploads\/sites\/17\/2023\/03\/rswb-2.jpg","contentUrl":"https:\/\/www.walraven.com\/be-fr\/wp-content\/uploads\/sites\/17\/2023\/03\/rswb-2.jpg","width":1253,"height":836},{"@type":"BreadcrumbList","@id":"https:\/\/www.walraven.com\/be-fr\/walraven-britclips-rswb-exemplesapplications\/#breadcrumb","itemListElement":[{"@type":"ListItem","position":1,"name":"Accueil","item":"https:\/\/www.walraven.com\/be-fr\/"},{"@type":"ListItem","position":2,"name":"Walraven Britclips\u00ae RSWB &#8211; Exemples d&rsquo;applications"}]},{"@type":"WebSite","@id":"https:\/\/www.walraven.com\/be-fr\/#website","url":"https:\/\/www.walraven.com\/be-fr\/","name":"Walraven Belgique","description":"","publisher":{"@id":"https:\/\/www.walraven.com\/be-fr\/#organization"},"potentialAction":[{"@type":"SearchAction","target":{"@type":"EntryPoint","urlTemplate":"https:\/\/www.walraven.com\/be-fr\/?s={search_term_string}"},"query-input":{"@type":"PropertyValueSpecification","valueRequired":true,"valueName":"search_term_string"}}],"inLanguage":"fr-BE"},{"@type":"Organization","@id":"https:\/\/www.walraven.com\/be-fr\/#organization","name":"Walraven BV","alternateName":"Walraven BV","url":"https:\/\/www.walraven.com\/be-fr\/","logo":{"@type":"ImageObject","inLanguage":"fr-BE","@id":"https:\/\/www.walraven.com\/be-fr\/#\/schema\/logo\/image\/","url":"https:\/\/www.walraven.com\/be-fr\/wp-content\/uploads\/sites\/17\/2023\/12\/Walraven_logo300x300.jpg","contentUrl":"https:\/\/www.walraven.com\/be-fr\/wp-content\/uploads\/sites\/17\/2023\/12\/Walraven_logo300x300.jpg","width":300,"height":300,"caption":"Walraven BV"},"image":{"@id":"https:\/\/www.walraven.com\/be-fr\/#\/schema\/logo\/image\/"},"sameAs":["https:\/\/www.facebook.com\/walravenbelgie","https:\/\/www.linkedin.com\/company\/walraven-belgique\/","https:\/\/www.youtube.com\/user\/WalravenBEFR"]}]}},"_links":{"self":[{"href":"https:\/\/www.walraven.com\/be-fr\/wp-json\/wp\/v2\/pages\/62075","targetHints":{"allow":["GET"]}}],"collection":[{"href":"https:\/\/www.walraven.com\/be-fr\/wp-json\/wp\/v2\/pages"}],"about":[{"href":"https:\/\/www.walraven.com\/be-fr\/wp-json\/wp\/v2\/types\/page"}],"author":[{"embeddable":true,"href":"https:\/\/www.walraven.com\/be-fr\/wp-json\/wp\/v2\/users\/18"}],"replies":[{"embeddable":true,"href":"https:\/\/www.walraven.com\/be-fr\/wp-json\/wp\/v2\/comments?post=62075"}],"version-history":[{"count":6,"href":"https:\/\/www.walraven.com\/be-fr\/wp-json\/wp\/v2\/pages\/62075\/revisions"}],"predecessor-version":[{"id":62248,"href":"https:\/\/www.walraven.com\/be-fr\/wp-json\/wp\/v2\/pages\/62075\/revisions\/62248"}],"wp:featuredmedia":[{"embeddable":true,"href":"https:\/\/www.walraven.com\/be-fr\/wp-json\/wp\/v2\/media\/62247"}],"wp:attachment":[{"href":"https:\/\/www.walraven.com\/be-fr\/wp-json\/wp\/v2\/media?parent=62075"}],"curies":[{"name":"wp","href":"https:\/\/api.w.org\/{rel}","templated":true}]}}