{"id":63575,"date":"2024-07-10T09:13:10","date_gmt":"2024-07-10T07:13:10","guid":{"rendered":"https:\/\/www.walraven.com\/int\/?page_id=58960"},"modified":"2025-10-21T08:56:31","modified_gmt":"2025-10-21T06:56:31","slug":"rapidrail","status":"publish","type":"page","link":"https:\/\/www.walraven.com\/be-fr\/rapidrail\/","title":{"rendered":"Walraven RapidRail\u00ae Rail de montage"},"content":{"rendered":"","protected":false},"excerpt":{"rendered":"","protected":false},"author":62,"featured_media":63587,"parent":0,"menu_order":0,"comment_status":"closed","ping_status":"closed","template":"page-templates\/tpl-landingspage.php","meta":{"_acf_changed":false,"footnotes":""},"class_list":["post-63575","page","type-page","status-publish","has-post-thumbnail","hentry"],"acf":[],"yoast_head":"<!-- This site is optimized with the Yoast SEO Premium plugin v27.3 (Yoast SEO v27.3) - https:\/\/yoast.com\/product\/yoast-seo-premium-wordpress\/ -->\n<title>Walraven RapidRail\u00ae Rail de montage - Walraven Belgique<\/title>\n<meta name=\"description\" content=\"Walraven RapidRail\u00ae est notre syst\u00e8me de rail unique que nous avons d\u00e9velopp\u00e9 comme une alternative l\u00e9g\u00e8re, facile \u00e0 installer et durable aux syst\u00e8mes traditionels de fixation. Il est parfait pour de nombreuses installations telles que les tuyauteries de plomberie et de chauffage, les tuyaux de ventilation, les chemins de c\u00e2bles et les conduits de ventilation.\" \/>\n<meta name=\"robots\" content=\"index, follow, max-snippet:-1, max-image-preview:large, max-video-preview:-1\" \/>\n<link rel=\"canonical\" href=\"https:\/\/www.walraven.com\/be-fr\/rapidrail\/\" \/>\n<meta property=\"og:locale\" content=\"fr_FR\" \/>\n<meta property=\"og:type\" content=\"article\" \/>\n<meta property=\"og:title\" content=\"Walraven RapidRail\u00ae Rail de montage\" \/>\n<meta property=\"og:description\" content=\"Walraven RapidRail\u00ae est notre syst\u00e8me de rail unique que nous avons d\u00e9velopp\u00e9 comme une alternative l\u00e9g\u00e8re, facile \u00e0 installer et durable aux syst\u00e8mes traditionels de fixation. Il est parfait pour de nombreuses installations telles que les tuyauteries de plomberie et de chauffage, les tuyaux de ventilation, les chemins de c\u00e2bles et les conduits de ventilation.\" \/>\n<meta property=\"og:url\" content=\"https:\/\/www.walraven.com\/be-fr\/rapidrail\/\" \/>\n<meta property=\"og:site_name\" content=\"Walraven Belgique\" \/>\n<meta property=\"article:publisher\" content=\"https:\/\/www.facebook.com\/walravenbelgie\" \/>\n<meta property=\"article:modified_time\" content=\"2025-10-21T06:56:31+00:00\" \/>\n<meta property=\"og:image\" content=\"https:\/\/www.walraven.com\/be-fr\/wp-content\/uploads\/sites\/17\/2023\/08\/RapidRail_News_800x600px_4.jpg\" \/>\n\t<meta property=\"og:image:width\" content=\"1067\" \/>\n\t<meta property=\"og:image:height\" content=\"800\" \/>\n\t<meta property=\"og:image:type\" content=\"image\/jpeg\" \/>\n<meta name=\"twitter:card\" content=\"summary_large_image\" \/>\n<meta name=\"twitter:label1\" content=\"Dur\u00e9e de lecture est.\" \/>\n\t<meta name=\"twitter:data1\" content=\"4 minutes\" \/>\n<script type=\"application\/ld+json\" class=\"yoast-schema-graph\">{\"@context\":\"https:\\\/\\\/schema.org\",\"@graph\":[{\"@type\":\"WebPage\",\"@id\":\"https:\\\/\\\/www.walraven.com\\\/be-fr\\\/rapidrail\\\/\",\"url\":\"https:\\\/\\\/www.walraven.com\\\/be-fr\\\/rapidrail\\\/\",\"name\":\"Walraven RapidRail\u00ae Rail de montage - Walraven Belgique\",\"isPartOf\":{\"@id\":\"https:\\\/\\\/www.walraven.com\\\/be-fr\\\/#website\"},\"primaryImageOfPage\":{\"@id\":\"https:\\\/\\\/www.walraven.com\\\/be-fr\\\/rapidrail\\\/#primaryimage\"},\"image\":{\"@id\":\"https:\\\/\\\/www.walraven.com\\\/be-fr\\\/rapidrail\\\/#primaryimage\"},\"thumbnailUrl\":\"https:\\\/\\\/www.walraven.com\\\/be-fr\\\/wp-content\\\/uploads\\\/sites\\\/17\\\/2023\\\/08\\\/RapidRail_News_800x600px_4.jpg\",\"datePublished\":\"2024-07-10T07:13:10+00:00\",\"dateModified\":\"2025-10-21T06:56:31+00:00\",\"description\":\"Walraven RapidRail\u00ae est notre syst\u00e8me de rail unique que nous avons d\u00e9velopp\u00e9 comme une alternative l\u00e9g\u00e8re, facile \u00e0 installer et durable aux syst\u00e8mes traditionels de fixation. Il est parfait pour de nombreuses installations telles que les tuyauteries de plomberie et de chauffage, les tuyaux de ventilation, les chemins de c\u00e2bles et les conduits de ventilation.\",\"breadcrumb\":{\"@id\":\"https:\\\/\\\/www.walraven.com\\\/be-fr\\\/rapidrail\\\/#breadcrumb\"},\"inLanguage\":\"fr-BE\",\"potentialAction\":[{\"@type\":\"ReadAction\",\"target\":[\"https:\\\/\\\/www.walraven.com\\\/be-fr\\\/rapidrail\\\/\"]}]},{\"@type\":\"ImageObject\",\"inLanguage\":\"fr-BE\",\"@id\":\"https:\\\/\\\/www.walraven.com\\\/be-fr\\\/rapidrail\\\/#primaryimage\",\"url\":\"https:\\\/\\\/www.walraven.com\\\/be-fr\\\/wp-content\\\/uploads\\\/sites\\\/17\\\/2023\\\/08\\\/RapidRail_News_800x600px_4.jpg\",\"contentUrl\":\"https:\\\/\\\/www.walraven.com\\\/be-fr\\\/wp-content\\\/uploads\\\/sites\\\/17\\\/2023\\\/08\\\/RapidRail_News_800x600px_4.jpg\",\"width\":1067,\"height\":800},{\"@type\":\"BreadcrumbList\",\"@id\":\"https:\\\/\\\/www.walraven.com\\\/be-fr\\\/rapidrail\\\/#breadcrumb\",\"itemListElement\":[{\"@type\":\"ListItem\",\"position\":1,\"name\":\"Accueil\",\"item\":\"https:\\\/\\\/www.walraven.com\\\/be-fr\\\/\"},{\"@type\":\"ListItem\",\"position\":2,\"name\":\"Walraven RapidRail\u00ae Rail de montage\"}]},{\"@type\":\"WebSite\",\"@id\":\"https:\\\/\\\/www.walraven.com\\\/be-fr\\\/#website\",\"url\":\"https:\\\/\\\/www.walraven.com\\\/be-fr\\\/\",\"name\":\"Walraven Belgique\",\"description\":\"\",\"publisher\":{\"@id\":\"https:\\\/\\\/www.walraven.com\\\/be-fr\\\/#organization\"},\"potentialAction\":[{\"@type\":\"SearchAction\",\"target\":{\"@type\":\"EntryPoint\",\"urlTemplate\":\"https:\\\/\\\/www.walraven.com\\\/be-fr\\\/?s={search_term_string}\"},\"query-input\":{\"@type\":\"PropertyValueSpecification\",\"valueRequired\":true,\"valueName\":\"search_term_string\"}}],\"inLanguage\":\"fr-BE\"},{\"@type\":\"Organization\",\"@id\":\"https:\\\/\\\/www.walraven.com\\\/be-fr\\\/#organization\",\"name\":\"Walraven BV\",\"alternateName\":\"Walraven BV\",\"url\":\"https:\\\/\\\/www.walraven.com\\\/be-fr\\\/\",\"logo\":{\"@type\":\"ImageObject\",\"inLanguage\":\"fr-BE\",\"@id\":\"https:\\\/\\\/www.walraven.com\\\/be-fr\\\/#\\\/schema\\\/logo\\\/image\\\/\",\"url\":\"https:\\\/\\\/www.walraven.com\\\/be-fr\\\/wp-content\\\/uploads\\\/sites\\\/17\\\/2023\\\/12\\\/Walraven_logo300x300.jpg\",\"contentUrl\":\"https:\\\/\\\/www.walraven.com\\\/be-fr\\\/wp-content\\\/uploads\\\/sites\\\/17\\\/2023\\\/12\\\/Walraven_logo300x300.jpg\",\"width\":300,\"height\":300,\"caption\":\"Walraven BV\"},\"image\":{\"@id\":\"https:\\\/\\\/www.walraven.com\\\/be-fr\\\/#\\\/schema\\\/logo\\\/image\\\/\"},\"sameAs\":[\"https:\\\/\\\/www.facebook.com\\\/walravenbelgie\",\"https:\\\/\\\/www.linkedin.com\\\/company\\\/walraven-belgique\\\/\",\"https:\\\/\\\/www.youtube.com\\\/user\\\/WalravenBEFR\"]}]}<\/script>\n<!-- \/ Yoast SEO Premium plugin. -->","yoast_head_json":{"title":"Walraven RapidRail\u00ae Rail de montage - Walraven Belgique","description":"Walraven RapidRail\u00ae est notre syst\u00e8me de rail unique que nous avons d\u00e9velopp\u00e9 comme une alternative l\u00e9g\u00e8re, facile \u00e0 installer et durable aux syst\u00e8mes traditionels de fixation. Il est parfait pour de nombreuses installations telles que les tuyauteries de plomberie et de chauffage, les tuyaux de ventilation, les chemins de c\u00e2bles et les conduits de ventilation.","robots":{"index":"index","follow":"follow","max-snippet":"max-snippet:-1","max-image-preview":"max-image-preview:large","max-video-preview":"max-video-preview:-1"},"canonical":"https:\/\/www.walraven.com\/be-fr\/rapidrail\/","og_locale":"fr_FR","og_type":"article","og_title":"Walraven RapidRail\u00ae Rail de montage","og_description":"Walraven RapidRail\u00ae est notre syst\u00e8me de rail unique que nous avons d\u00e9velopp\u00e9 comme une alternative l\u00e9g\u00e8re, facile \u00e0 installer et durable aux syst\u00e8mes traditionels de fixation. Il est parfait pour de nombreuses installations telles que les tuyauteries de plomberie et de chauffage, les tuyaux de ventilation, les chemins de c\u00e2bles et les conduits de ventilation.","og_url":"https:\/\/www.walraven.com\/be-fr\/rapidrail\/","og_site_name":"Walraven Belgique","article_publisher":"https:\/\/www.facebook.com\/walravenbelgie","article_modified_time":"2025-10-21T06:56:31+00:00","og_image":[{"width":1067,"height":800,"url":"https:\/\/www.walraven.com\/be-fr\/wp-content\/uploads\/sites\/17\/2023\/08\/RapidRail_News_800x600px_4.jpg","type":"image\/jpeg"}],"twitter_card":"summary_large_image","twitter_misc":{"Dur\u00e9e de lecture est.":"4 minutes"},"schema":{"@context":"https:\/\/schema.org","@graph":[{"@type":"WebPage","@id":"https:\/\/www.walraven.com\/be-fr\/rapidrail\/","url":"https:\/\/www.walraven.com\/be-fr\/rapidrail\/","name":"Walraven RapidRail\u00ae Rail de montage - Walraven Belgique","isPartOf":{"@id":"https:\/\/www.walraven.com\/be-fr\/#website"},"primaryImageOfPage":{"@id":"https:\/\/www.walraven.com\/be-fr\/rapidrail\/#primaryimage"},"image":{"@id":"https:\/\/www.walraven.com\/be-fr\/rapidrail\/#primaryimage"},"thumbnailUrl":"https:\/\/www.walraven.com\/be-fr\/wp-content\/uploads\/sites\/17\/2023\/08\/RapidRail_News_800x600px_4.jpg","datePublished":"2024-07-10T07:13:10+00:00","dateModified":"2025-10-21T06:56:31+00:00","description":"Walraven RapidRail\u00ae est notre syst\u00e8me de rail unique que nous avons d\u00e9velopp\u00e9 comme une alternative l\u00e9g\u00e8re, facile \u00e0 installer et durable aux syst\u00e8mes traditionels de fixation. Il est parfait pour de nombreuses installations telles que les tuyauteries de plomberie et de chauffage, les tuyaux de ventilation, les chemins de c\u00e2bles et les conduits de ventilation.","breadcrumb":{"@id":"https:\/\/www.walraven.com\/be-fr\/rapidrail\/#breadcrumb"},"inLanguage":"fr-BE","potentialAction":[{"@type":"ReadAction","target":["https:\/\/www.walraven.com\/be-fr\/rapidrail\/"]}]},{"@type":"ImageObject","inLanguage":"fr-BE","@id":"https:\/\/www.walraven.com\/be-fr\/rapidrail\/#primaryimage","url":"https:\/\/www.walraven.com\/be-fr\/wp-content\/uploads\/sites\/17\/2023\/08\/RapidRail_News_800x600px_4.jpg","contentUrl":"https:\/\/www.walraven.com\/be-fr\/wp-content\/uploads\/sites\/17\/2023\/08\/RapidRail_News_800x600px_4.jpg","width":1067,"height":800},{"@type":"BreadcrumbList","@id":"https:\/\/www.walraven.com\/be-fr\/rapidrail\/#breadcrumb","itemListElement":[{"@type":"ListItem","position":1,"name":"Accueil","item":"https:\/\/www.walraven.com\/be-fr\/"},{"@type":"ListItem","position":2,"name":"Walraven RapidRail\u00ae Rail de montage"}]},{"@type":"WebSite","@id":"https:\/\/www.walraven.com\/be-fr\/#website","url":"https:\/\/www.walraven.com\/be-fr\/","name":"Walraven Belgique","description":"","publisher":{"@id":"https:\/\/www.walraven.com\/be-fr\/#organization"},"potentialAction":[{"@type":"SearchAction","target":{"@type":"EntryPoint","urlTemplate":"https:\/\/www.walraven.com\/be-fr\/?s={search_term_string}"},"query-input":{"@type":"PropertyValueSpecification","valueRequired":true,"valueName":"search_term_string"}}],"inLanguage":"fr-BE"},{"@type":"Organization","@id":"https:\/\/www.walraven.com\/be-fr\/#organization","name":"Walraven BV","alternateName":"Walraven BV","url":"https:\/\/www.walraven.com\/be-fr\/","logo":{"@type":"ImageObject","inLanguage":"fr-BE","@id":"https:\/\/www.walraven.com\/be-fr\/#\/schema\/logo\/image\/","url":"https:\/\/www.walraven.com\/be-fr\/wp-content\/uploads\/sites\/17\/2023\/12\/Walraven_logo300x300.jpg","contentUrl":"https:\/\/www.walraven.com\/be-fr\/wp-content\/uploads\/sites\/17\/2023\/12\/Walraven_logo300x300.jpg","width":300,"height":300,"caption":"Walraven BV"},"image":{"@id":"https:\/\/www.walraven.com\/be-fr\/#\/schema\/logo\/image\/"},"sameAs":["https:\/\/www.facebook.com\/walravenbelgie","https:\/\/www.linkedin.com\/company\/walraven-belgique\/","https:\/\/www.youtube.com\/user\/WalravenBEFR"]}]}},"_links":{"self":[{"href":"https:\/\/www.walraven.com\/be-fr\/wp-json\/wp\/v2\/pages\/63575","targetHints":{"allow":["GET"]}}],"collection":[{"href":"https:\/\/www.walraven.com\/be-fr\/wp-json\/wp\/v2\/pages"}],"about":[{"href":"https:\/\/www.walraven.com\/be-fr\/wp-json\/wp\/v2\/types\/page"}],"author":[{"embeddable":true,"href":"https:\/\/www.walraven.com\/be-fr\/wp-json\/wp\/v2\/users\/62"}],"replies":[{"embeddable":true,"href":"https:\/\/www.walraven.com\/be-fr\/wp-json\/wp\/v2\/comments?post=63575"}],"version-history":[{"count":6,"href":"https:\/\/www.walraven.com\/be-fr\/wp-json\/wp\/v2\/pages\/63575\/revisions"}],"predecessor-version":[{"id":68469,"href":"https:\/\/www.walraven.com\/be-fr\/wp-json\/wp\/v2\/pages\/63575\/revisions\/68469"}],"wp:featuredmedia":[{"embeddable":true,"href":"https:\/\/www.walraven.com\/be-fr\/wp-json\/wp\/v2\/media\/63587"}],"wp:attachment":[{"href":"https:\/\/www.walraven.com\/be-fr\/wp-json\/wp\/v2\/media?parent=63575"}],"curies":[{"name":"wp","href":"https:\/\/api.w.org\/{rel}","templated":true}]}}