{"id":66955,"date":"2024-04-17T09:53:51","date_gmt":"2024-04-17T07:53:51","guid":{"rendered":"https:\/\/www.walraven.com\/?page_id=135714"},"modified":"2025-06-25T10:59:54","modified_gmt":"2025-06-25T08:59:54","slug":"durabilite","status":"publish","type":"page","link":"https:\/\/www.walraven.com\/be-fr\/durabilite\/","title":{"rendered":"Notre conviction est que nous pouvons faire une diff\u00e9rence durable en construisant une multinationale qui a du c\u0153ur."},"content":{"rendered":"","protected":false},"excerpt":{"rendered":"","protected":false},"author":43,"featured_media":0,"parent":0,"menu_order":0,"comment_status":"closed","ping_status":"closed","template":"page-templates\/tpl-landingspage.php","meta":{"_acf_changed":false,"footnotes":""},"class_list":["post-66955","page","type-page","status-publish","hentry"],"acf":[],"yoast_head":"<!-- This site is optimized with the Yoast SEO Premium plugin v27.3 (Yoast SEO v27.3) - https:\/\/yoast.com\/product\/yoast-seo-premium-wordpress\/ -->\n<title>Notre conviction est que nous pouvons faire une diff\u00e9rence durable en construisant une multinationale qui a du c\u0153ur. - Walraven Belgique<\/title>\n<meta name=\"description\" content=\"Chez Walraven, nous croyons qu&#039;il est possible d&#039;avoir un impact positif et durable en construisant une multinationale avec un c\u0153ur. En tant qu&#039;entreprise familiale, notre engagement va au-del\u00e0 des produits ; il s&#039;agit de cr\u00e9er un h\u00e9ritage qui prend soin des personnes, de l&#039;environnement et de notre avenir \u00e9conomique commun. Nous sommes conscients des d\u00e9fis qui se posent \u00e0 notre secteur et nous assumons la responsabilit\u00e9 de les relever.\" \/>\n<meta name=\"robots\" content=\"index, follow, max-snippet:-1, max-image-preview:large, max-video-preview:-1\" \/>\n<link rel=\"canonical\" href=\"https:\/\/www.walraven.com\/be-fr\/durabilite\/\" \/>\n<meta property=\"og:locale\" content=\"fr_FR\" \/>\n<meta property=\"og:type\" content=\"article\" \/>\n<meta property=\"og:title\" content=\"Notre conviction est que nous pouvons faire une diff\u00e9rence durable en construisant une multinationale qui a du c\u0153ur.\" \/>\n<meta property=\"og:description\" content=\"Chez Walraven, nous croyons qu&#039;il est possible d&#039;avoir un impact positif et durable en construisant une multinationale avec un c\u0153ur. En tant qu&#039;entreprise familiale, notre engagement va au-del\u00e0 des produits ; il s&#039;agit de cr\u00e9er un h\u00e9ritage qui prend soin des personnes, de l&#039;environnement et de notre avenir \u00e9conomique commun. Nous sommes conscients des d\u00e9fis qui se posent \u00e0 notre secteur et nous assumons la responsabilit\u00e9 de les relever.\" \/>\n<meta property=\"og:url\" content=\"https:\/\/www.walraven.com\/be-fr\/durabilite\/\" \/>\n<meta property=\"og:site_name\" content=\"Walraven Belgique\" \/>\n<meta property=\"article:publisher\" content=\"https:\/\/www.facebook.com\/walravenbelgie\" \/>\n<meta property=\"article:modified_time\" content=\"2025-06-25T08:59:54+00:00\" \/>\n<meta name=\"twitter:card\" content=\"summary_large_image\" \/>\n<meta name=\"twitter:label1\" content=\"Dur\u00e9e de lecture est.\" \/>\n\t<meta name=\"twitter:data1\" content=\"7 minutes\" \/>\n<script type=\"application\/ld+json\" class=\"yoast-schema-graph\">{\"@context\":\"https:\\\/\\\/schema.org\",\"@graph\":[{\"@type\":\"WebPage\",\"@id\":\"https:\\\/\\\/www.walraven.com\\\/be-fr\\\/durabilite\\\/\",\"url\":\"https:\\\/\\\/www.walraven.com\\\/be-fr\\\/durabilite\\\/\",\"name\":\"Notre conviction est que nous pouvons faire une diff\u00e9rence durable en construisant une multinationale qui a du c\u0153ur. - Walraven Belgique\",\"isPartOf\":{\"@id\":\"https:\\\/\\\/www.walraven.com\\\/be-fr\\\/#website\"},\"datePublished\":\"2024-04-17T07:53:51+00:00\",\"dateModified\":\"2025-06-25T08:59:54+00:00\",\"description\":\"Chez Walraven, nous croyons qu'il est possible d'avoir un impact positif et durable en construisant une multinationale avec un c\u0153ur. En tant qu'entreprise familiale, notre engagement va au-del\u00e0 des produits ; il s'agit de cr\u00e9er un h\u00e9ritage qui prend soin des personnes, de l'environnement et de notre avenir \u00e9conomique commun. Nous sommes conscients des d\u00e9fis qui se posent \u00e0 notre secteur et nous assumons la responsabilit\u00e9 de les relever.\",\"breadcrumb\":{\"@id\":\"https:\\\/\\\/www.walraven.com\\\/be-fr\\\/durabilite\\\/#breadcrumb\"},\"inLanguage\":\"fr-BE\",\"potentialAction\":[{\"@type\":\"ReadAction\",\"target\":[\"https:\\\/\\\/www.walraven.com\\\/be-fr\\\/durabilite\\\/\"]}]},{\"@type\":\"BreadcrumbList\",\"@id\":\"https:\\\/\\\/www.walraven.com\\\/be-fr\\\/durabilite\\\/#breadcrumb\",\"itemListElement\":[{\"@type\":\"ListItem\",\"position\":1,\"name\":\"Accueil\",\"item\":\"https:\\\/\\\/www.walraven.com\\\/be-fr\\\/\"},{\"@type\":\"ListItem\",\"position\":2,\"name\":\"Notre conviction est que nous pouvons faire une diff\u00e9rence durable en construisant une multinationale qui a du c\u0153ur.\"}]},{\"@type\":\"WebSite\",\"@id\":\"https:\\\/\\\/www.walraven.com\\\/be-fr\\\/#website\",\"url\":\"https:\\\/\\\/www.walraven.com\\\/be-fr\\\/\",\"name\":\"Walraven Belgique\",\"description\":\"\",\"publisher\":{\"@id\":\"https:\\\/\\\/www.walraven.com\\\/be-fr\\\/#organization\"},\"potentialAction\":[{\"@type\":\"SearchAction\",\"target\":{\"@type\":\"EntryPoint\",\"urlTemplate\":\"https:\\\/\\\/www.walraven.com\\\/be-fr\\\/?s={search_term_string}\"},\"query-input\":{\"@type\":\"PropertyValueSpecification\",\"valueRequired\":true,\"valueName\":\"search_term_string\"}}],\"inLanguage\":\"fr-BE\"},{\"@type\":\"Organization\",\"@id\":\"https:\\\/\\\/www.walraven.com\\\/be-fr\\\/#organization\",\"name\":\"Walraven BV\",\"alternateName\":\"Walraven BV\",\"url\":\"https:\\\/\\\/www.walraven.com\\\/be-fr\\\/\",\"logo\":{\"@type\":\"ImageObject\",\"inLanguage\":\"fr-BE\",\"@id\":\"https:\\\/\\\/www.walraven.com\\\/be-fr\\\/#\\\/schema\\\/logo\\\/image\\\/\",\"url\":\"https:\\\/\\\/www.walraven.com\\\/be-fr\\\/wp-content\\\/uploads\\\/sites\\\/17\\\/2023\\\/12\\\/Walraven_logo300x300.jpg\",\"contentUrl\":\"https:\\\/\\\/www.walraven.com\\\/be-fr\\\/wp-content\\\/uploads\\\/sites\\\/17\\\/2023\\\/12\\\/Walraven_logo300x300.jpg\",\"width\":300,\"height\":300,\"caption\":\"Walraven BV\"},\"image\":{\"@id\":\"https:\\\/\\\/www.walraven.com\\\/be-fr\\\/#\\\/schema\\\/logo\\\/image\\\/\"},\"sameAs\":[\"https:\\\/\\\/www.facebook.com\\\/walravenbelgie\",\"https:\\\/\\\/www.linkedin.com\\\/company\\\/walraven-belgique\\\/\",\"https:\\\/\\\/www.youtube.com\\\/user\\\/WalravenBEFR\"]}]}<\/script>\n<!-- \/ Yoast SEO Premium plugin. -->","yoast_head_json":{"title":"Notre conviction est que nous pouvons faire une diff\u00e9rence durable en construisant une multinationale qui a du c\u0153ur. - Walraven Belgique","description":"Chez Walraven, nous croyons qu'il est possible d'avoir un impact positif et durable en construisant une multinationale avec un c\u0153ur. En tant qu'entreprise familiale, notre engagement va au-del\u00e0 des produits ; il s'agit de cr\u00e9er un h\u00e9ritage qui prend soin des personnes, de l'environnement et de notre avenir \u00e9conomique commun. Nous sommes conscients des d\u00e9fis qui se posent \u00e0 notre secteur et nous assumons la responsabilit\u00e9 de les relever.","robots":{"index":"index","follow":"follow","max-snippet":"max-snippet:-1","max-image-preview":"max-image-preview:large","max-video-preview":"max-video-preview:-1"},"canonical":"https:\/\/www.walraven.com\/be-fr\/durabilite\/","og_locale":"fr_FR","og_type":"article","og_title":"Notre conviction est que nous pouvons faire une diff\u00e9rence durable en construisant une multinationale qui a du c\u0153ur.","og_description":"Chez Walraven, nous croyons qu'il est possible d'avoir un impact positif et durable en construisant une multinationale avec un c\u0153ur. En tant qu'entreprise familiale, notre engagement va au-del\u00e0 des produits ; il s'agit de cr\u00e9er un h\u00e9ritage qui prend soin des personnes, de l'environnement et de notre avenir \u00e9conomique commun. Nous sommes conscients des d\u00e9fis qui se posent \u00e0 notre secteur et nous assumons la responsabilit\u00e9 de les relever.","og_url":"https:\/\/www.walraven.com\/be-fr\/durabilite\/","og_site_name":"Walraven Belgique","article_publisher":"https:\/\/www.facebook.com\/walravenbelgie","article_modified_time":"2025-06-25T08:59:54+00:00","twitter_card":"summary_large_image","twitter_misc":{"Dur\u00e9e de lecture est.":"7 minutes"},"schema":{"@context":"https:\/\/schema.org","@graph":[{"@type":"WebPage","@id":"https:\/\/www.walraven.com\/be-fr\/durabilite\/","url":"https:\/\/www.walraven.com\/be-fr\/durabilite\/","name":"Notre conviction est que nous pouvons faire une diff\u00e9rence durable en construisant une multinationale qui a du c\u0153ur. - Walraven Belgique","isPartOf":{"@id":"https:\/\/www.walraven.com\/be-fr\/#website"},"datePublished":"2024-04-17T07:53:51+00:00","dateModified":"2025-06-25T08:59:54+00:00","description":"Chez Walraven, nous croyons qu'il est possible d'avoir un impact positif et durable en construisant une multinationale avec un c\u0153ur. En tant qu'entreprise familiale, notre engagement va au-del\u00e0 des produits ; il s'agit de cr\u00e9er un h\u00e9ritage qui prend soin des personnes, de l'environnement et de notre avenir \u00e9conomique commun. Nous sommes conscients des d\u00e9fis qui se posent \u00e0 notre secteur et nous assumons la responsabilit\u00e9 de les relever.","breadcrumb":{"@id":"https:\/\/www.walraven.com\/be-fr\/durabilite\/#breadcrumb"},"inLanguage":"fr-BE","potentialAction":[{"@type":"ReadAction","target":["https:\/\/www.walraven.com\/be-fr\/durabilite\/"]}]},{"@type":"BreadcrumbList","@id":"https:\/\/www.walraven.com\/be-fr\/durabilite\/#breadcrumb","itemListElement":[{"@type":"ListItem","position":1,"name":"Accueil","item":"https:\/\/www.walraven.com\/be-fr\/"},{"@type":"ListItem","position":2,"name":"Notre conviction est que nous pouvons faire une diff\u00e9rence durable en construisant une multinationale qui a du c\u0153ur."}]},{"@type":"WebSite","@id":"https:\/\/www.walraven.com\/be-fr\/#website","url":"https:\/\/www.walraven.com\/be-fr\/","name":"Walraven Belgique","description":"","publisher":{"@id":"https:\/\/www.walraven.com\/be-fr\/#organization"},"potentialAction":[{"@type":"SearchAction","target":{"@type":"EntryPoint","urlTemplate":"https:\/\/www.walraven.com\/be-fr\/?s={search_term_string}"},"query-input":{"@type":"PropertyValueSpecification","valueRequired":true,"valueName":"search_term_string"}}],"inLanguage":"fr-BE"},{"@type":"Organization","@id":"https:\/\/www.walraven.com\/be-fr\/#organization","name":"Walraven BV","alternateName":"Walraven BV","url":"https:\/\/www.walraven.com\/be-fr\/","logo":{"@type":"ImageObject","inLanguage":"fr-BE","@id":"https:\/\/www.walraven.com\/be-fr\/#\/schema\/logo\/image\/","url":"https:\/\/www.walraven.com\/be-fr\/wp-content\/uploads\/sites\/17\/2023\/12\/Walraven_logo300x300.jpg","contentUrl":"https:\/\/www.walraven.com\/be-fr\/wp-content\/uploads\/sites\/17\/2023\/12\/Walraven_logo300x300.jpg","width":300,"height":300,"caption":"Walraven BV"},"image":{"@id":"https:\/\/www.walraven.com\/be-fr\/#\/schema\/logo\/image\/"},"sameAs":["https:\/\/www.facebook.com\/walravenbelgie","https:\/\/www.linkedin.com\/company\/walraven-belgique\/","https:\/\/www.youtube.com\/user\/WalravenBEFR"]}]}},"_links":{"self":[{"href":"https:\/\/www.walraven.com\/be-fr\/wp-json\/wp\/v2\/pages\/66955","targetHints":{"allow":["GET"]}}],"collection":[{"href":"https:\/\/www.walraven.com\/be-fr\/wp-json\/wp\/v2\/pages"}],"about":[{"href":"https:\/\/www.walraven.com\/be-fr\/wp-json\/wp\/v2\/types\/page"}],"author":[{"embeddable":true,"href":"https:\/\/www.walraven.com\/be-fr\/wp-json\/wp\/v2\/users\/43"}],"replies":[{"embeddable":true,"href":"https:\/\/www.walraven.com\/be-fr\/wp-json\/wp\/v2\/comments?post=66955"}],"version-history":[{"count":6,"href":"https:\/\/www.walraven.com\/be-fr\/wp-json\/wp\/v2\/pages\/66955\/revisions"}],"predecessor-version":[{"id":68274,"href":"https:\/\/www.walraven.com\/be-fr\/wp-json\/wp\/v2\/pages\/66955\/revisions\/68274"}],"wp:attachment":[{"href":"https:\/\/www.walraven.com\/be-fr\/wp-json\/wp\/v2\/media?parent=66955"}],"curies":[{"name":"wp","href":"https:\/\/api.w.org\/{rel}","templated":true}]}}