{"id":66974,"date":"2024-04-17T09:41:12","date_gmt":"2024-04-17T07:41:12","guid":{"rendered":"https:\/\/www.walraven.com\/?page_id=135710"},"modified":"2024-08-28T09:37:01","modified_gmt":"2024-08-28T07:37:01","slug":"nos-domaines-interets","status":"publish","type":"page","link":"https:\/\/www.walraven.com\/be-fr\/durabilite\/nos-domaines-interets\/","title":{"rendered":"Nos domaines d&rsquo;int\u00e9r\u00eats"},"content":{"rendered":"","protected":false},"excerpt":{"rendered":"","protected":false},"author":43,"featured_media":0,"parent":66955,"menu_order":0,"comment_status":"closed","ping_status":"closed","template":"page-templates\/tpl-landingspage.php","meta":{"_acf_changed":false,"footnotes":""},"class_list":["post-66974","page","type-page","status-publish","hentry"],"acf":[],"yoast_head":"<!-- This site is optimized with the Yoast SEO Premium plugin v27.3 (Yoast SEO v27.3) - https:\/\/yoast.com\/product\/yoast-seo-premium-wordpress\/ -->\n<title>Nos domaines d&#039;int\u00e9r\u00eats - Walraven Belgique<\/title>\n<meta name=\"description\" content=\"Notre d\u00e9marche de d\u00e9veloppement durable a commenc\u00e9 il y a longtemps, aux origines m\u00eames de notre entreprise. En 1942, lorsque Jan van Walraven (notre fondateur) s&#039;est vu offrir la possibilit\u00e9 d&#039;acheter le zinc recouvrant une maison de son village, il n&#039;a pas h\u00e9sit\u00e9. Les mat\u00e9riaux \u00e9taient rares pendant la Seconde Guerre mondiale. \u00c0 partir du mat\u00e9riau de couverture, il pouvait fabriquer toutes sortes d&#039;objets indispensables au bien-\u00eatre des gens qui l&#039;entouraient. Longtemps apr\u00e8s la guerre, il \u00e9tait logique de fabriquer de nouveaux produits \u00e0 partir de mat\u00e9riaux recycl\u00e9s.\u202fCet \u00e9tat d&#039;esprit durable a toujours \u00e9t\u00e9 ancr\u00e9 dans notre entreprise ; ce que nous appelons aujourd&#039;hui le d\u00e9veloppement durable a toujours \u00e9t\u00e9 intelligent !Conform\u00e9ment \u00e0 cette philosophie, nous avons d\u00e9cid\u00e9 de concentrer nos efforts en mati\u00e8re de d\u00e9veloppement durable sur quatre domaines et de les int\u00e9grer dans nos activit\u00e9s quotidiennes.\" \/>\n<meta name=\"robots\" content=\"index, follow, max-snippet:-1, max-image-preview:large, max-video-preview:-1\" \/>\n<link rel=\"canonical\" href=\"https:\/\/www.walraven.com\/be-fr\/durabilite\/nos-domaines-interets\/\" \/>\n<meta property=\"og:locale\" content=\"fr_FR\" \/>\n<meta property=\"og:type\" content=\"article\" \/>\n<meta property=\"og:title\" content=\"Nos domaines d&#039;int\u00e9r\u00eats\" \/>\n<meta property=\"og:description\" content=\"Notre d\u00e9marche de d\u00e9veloppement durable a commenc\u00e9 il y a longtemps, aux origines m\u00eames de notre entreprise. En 1942, lorsque Jan van Walraven (notre fondateur) s&#039;est vu offrir la possibilit\u00e9 d&#039;acheter le zinc recouvrant une maison de son village, il n&#039;a pas h\u00e9sit\u00e9. Les mat\u00e9riaux \u00e9taient rares pendant la Seconde Guerre mondiale. \u00c0 partir du mat\u00e9riau de couverture, il pouvait fabriquer toutes sortes d&#039;objets indispensables au bien-\u00eatre des gens qui l&#039;entouraient. Longtemps apr\u00e8s la guerre, il \u00e9tait logique de fabriquer de nouveaux produits \u00e0 partir de mat\u00e9riaux recycl\u00e9s.\u202fCet \u00e9tat d&#039;esprit durable a toujours \u00e9t\u00e9 ancr\u00e9 dans notre entreprise ; ce que nous appelons aujourd&#039;hui le d\u00e9veloppement durable a toujours \u00e9t\u00e9 intelligent !Conform\u00e9ment \u00e0 cette philosophie, nous avons d\u00e9cid\u00e9 de concentrer nos efforts en mati\u00e8re de d\u00e9veloppement durable sur quatre domaines et de les int\u00e9grer dans nos activit\u00e9s quotidiennes.\" \/>\n<meta property=\"og:url\" content=\"https:\/\/www.walraven.com\/be-fr\/durabilite\/nos-domaines-interets\/\" \/>\n<meta property=\"og:site_name\" content=\"Walraven Belgique\" \/>\n<meta property=\"article:publisher\" content=\"https:\/\/www.facebook.com\/walravenbelgie\" \/>\n<meta property=\"article:modified_time\" content=\"2024-08-28T07:37:01+00:00\" \/>\n<meta name=\"twitter:card\" content=\"summary_large_image\" \/>\n<meta name=\"twitter:label1\" content=\"Dur\u00e9e de lecture est.\" \/>\n\t<meta name=\"twitter:data1\" content=\"7 minutes\" \/>\n<script type=\"application\/ld+json\" class=\"yoast-schema-graph\">{\"@context\":\"https:\\\/\\\/schema.org\",\"@graph\":[{\"@type\":\"WebPage\",\"@id\":\"https:\\\/\\\/www.walraven.com\\\/be-fr\\\/durabilite\\\/nos-domaines-interets\\\/\",\"url\":\"https:\\\/\\\/www.walraven.com\\\/be-fr\\\/durabilite\\\/nos-domaines-interets\\\/\",\"name\":\"Nos domaines d'int\u00e9r\u00eats - Walraven Belgique\",\"isPartOf\":{\"@id\":\"https:\\\/\\\/www.walraven.com\\\/be-fr\\\/#website\"},\"datePublished\":\"2024-04-17T07:41:12+00:00\",\"dateModified\":\"2024-08-28T07:37:01+00:00\",\"description\":\"Notre d\u00e9marche de d\u00e9veloppement durable a commenc\u00e9 il y a longtemps, aux origines m\u00eames de notre entreprise. En 1942, lorsque Jan van Walraven (notre fondateur) s'est vu offrir la possibilit\u00e9 d'acheter le zinc recouvrant une maison de son village, il n'a pas h\u00e9sit\u00e9. Les mat\u00e9riaux \u00e9taient rares pendant la Seconde Guerre mondiale. \u00c0 partir du mat\u00e9riau de couverture, il pouvait fabriquer toutes sortes d'objets indispensables au bien-\u00eatre des gens qui l'entouraient. Longtemps apr\u00e8s la guerre, il \u00e9tait logique de fabriquer de nouveaux produits \u00e0 partir de mat\u00e9riaux recycl\u00e9s.\u202fCet \u00e9tat d'esprit durable a toujours \u00e9t\u00e9 ancr\u00e9 dans notre entreprise ; ce que nous appelons aujourd'hui le d\u00e9veloppement durable a toujours \u00e9t\u00e9 intelligent !Conform\u00e9ment \u00e0 cette philosophie, nous avons d\u00e9cid\u00e9 de concentrer nos efforts en mati\u00e8re de d\u00e9veloppement durable sur quatre domaines et de les int\u00e9grer dans nos activit\u00e9s quotidiennes.\",\"breadcrumb\":{\"@id\":\"https:\\\/\\\/www.walraven.com\\\/be-fr\\\/durabilite\\\/nos-domaines-interets\\\/#breadcrumb\"},\"inLanguage\":\"fr-BE\",\"potentialAction\":[{\"@type\":\"ReadAction\",\"target\":[\"https:\\\/\\\/www.walraven.com\\\/be-fr\\\/durabilite\\\/nos-domaines-interets\\\/\"]}]},{\"@type\":\"BreadcrumbList\",\"@id\":\"https:\\\/\\\/www.walraven.com\\\/be-fr\\\/durabilite\\\/nos-domaines-interets\\\/#breadcrumb\",\"itemListElement\":[{\"@type\":\"ListItem\",\"position\":1,\"name\":\"Accueil\",\"item\":\"https:\\\/\\\/www.walraven.com\\\/be-fr\\\/\"},{\"@type\":\"ListItem\",\"position\":2,\"name\":\"Notre conviction est que nous pouvons faire une diff\u00e9rence durable en construisant une multinationale qui a du c\u0153ur.\",\"item\":\"https:\\\/\\\/www.walraven.com\\\/be-fr\\\/durabilite\\\/\"},{\"@type\":\"ListItem\",\"position\":3,\"name\":\"Nos domaines d&rsquo;int\u00e9r\u00eats\"}]},{\"@type\":\"WebSite\",\"@id\":\"https:\\\/\\\/www.walraven.com\\\/be-fr\\\/#website\",\"url\":\"https:\\\/\\\/www.walraven.com\\\/be-fr\\\/\",\"name\":\"Walraven Belgique\",\"description\":\"\",\"publisher\":{\"@id\":\"https:\\\/\\\/www.walraven.com\\\/be-fr\\\/#organization\"},\"potentialAction\":[{\"@type\":\"SearchAction\",\"target\":{\"@type\":\"EntryPoint\",\"urlTemplate\":\"https:\\\/\\\/www.walraven.com\\\/be-fr\\\/?s={search_term_string}\"},\"query-input\":{\"@type\":\"PropertyValueSpecification\",\"valueRequired\":true,\"valueName\":\"search_term_string\"}}],\"inLanguage\":\"fr-BE\"},{\"@type\":\"Organization\",\"@id\":\"https:\\\/\\\/www.walraven.com\\\/be-fr\\\/#organization\",\"name\":\"Walraven BV\",\"alternateName\":\"Walraven BV\",\"url\":\"https:\\\/\\\/www.walraven.com\\\/be-fr\\\/\",\"logo\":{\"@type\":\"ImageObject\",\"inLanguage\":\"fr-BE\",\"@id\":\"https:\\\/\\\/www.walraven.com\\\/be-fr\\\/#\\\/schema\\\/logo\\\/image\\\/\",\"url\":\"https:\\\/\\\/www.walraven.com\\\/be-fr\\\/wp-content\\\/uploads\\\/sites\\\/17\\\/2023\\\/12\\\/Walraven_logo300x300.jpg\",\"contentUrl\":\"https:\\\/\\\/www.walraven.com\\\/be-fr\\\/wp-content\\\/uploads\\\/sites\\\/17\\\/2023\\\/12\\\/Walraven_logo300x300.jpg\",\"width\":300,\"height\":300,\"caption\":\"Walraven BV\"},\"image\":{\"@id\":\"https:\\\/\\\/www.walraven.com\\\/be-fr\\\/#\\\/schema\\\/logo\\\/image\\\/\"},\"sameAs\":[\"https:\\\/\\\/www.facebook.com\\\/walravenbelgie\",\"https:\\\/\\\/www.linkedin.com\\\/company\\\/walraven-belgique\\\/\",\"https:\\\/\\\/www.youtube.com\\\/user\\\/WalravenBEFR\"]}]}<\/script>\n<!-- \/ Yoast SEO Premium plugin. -->","yoast_head_json":{"title":"Nos domaines d'int\u00e9r\u00eats - Walraven Belgique","description":"Notre d\u00e9marche de d\u00e9veloppement durable a commenc\u00e9 il y a longtemps, aux origines m\u00eames de notre entreprise. En 1942, lorsque Jan van Walraven (notre fondateur) s'est vu offrir la possibilit\u00e9 d'acheter le zinc recouvrant une maison de son village, il n'a pas h\u00e9sit\u00e9. Les mat\u00e9riaux \u00e9taient rares pendant la Seconde Guerre mondiale. \u00c0 partir du mat\u00e9riau de couverture, il pouvait fabriquer toutes sortes d'objets indispensables au bien-\u00eatre des gens qui l'entouraient. Longtemps apr\u00e8s la guerre, il \u00e9tait logique de fabriquer de nouveaux produits \u00e0 partir de mat\u00e9riaux recycl\u00e9s.\u202fCet \u00e9tat d'esprit durable a toujours \u00e9t\u00e9 ancr\u00e9 dans notre entreprise ; ce que nous appelons aujourd'hui le d\u00e9veloppement durable a toujours \u00e9t\u00e9 intelligent !Conform\u00e9ment \u00e0 cette philosophie, nous avons d\u00e9cid\u00e9 de concentrer nos efforts en mati\u00e8re de d\u00e9veloppement durable sur quatre domaines et de les int\u00e9grer dans nos activit\u00e9s quotidiennes.","robots":{"index":"index","follow":"follow","max-snippet":"max-snippet:-1","max-image-preview":"max-image-preview:large","max-video-preview":"max-video-preview:-1"},"canonical":"https:\/\/www.walraven.com\/be-fr\/durabilite\/nos-domaines-interets\/","og_locale":"fr_FR","og_type":"article","og_title":"Nos domaines d'int\u00e9r\u00eats","og_description":"Notre d\u00e9marche de d\u00e9veloppement durable a commenc\u00e9 il y a longtemps, aux origines m\u00eames de notre entreprise. En 1942, lorsque Jan van Walraven (notre fondateur) s'est vu offrir la possibilit\u00e9 d'acheter le zinc recouvrant une maison de son village, il n'a pas h\u00e9sit\u00e9. Les mat\u00e9riaux \u00e9taient rares pendant la Seconde Guerre mondiale. \u00c0 partir du mat\u00e9riau de couverture, il pouvait fabriquer toutes sortes d'objets indispensables au bien-\u00eatre des gens qui l'entouraient. Longtemps apr\u00e8s la guerre, il \u00e9tait logique de fabriquer de nouveaux produits \u00e0 partir de mat\u00e9riaux recycl\u00e9s.\u202fCet \u00e9tat d'esprit durable a toujours \u00e9t\u00e9 ancr\u00e9 dans notre entreprise ; ce que nous appelons aujourd'hui le d\u00e9veloppement durable a toujours \u00e9t\u00e9 intelligent !Conform\u00e9ment \u00e0 cette philosophie, nous avons d\u00e9cid\u00e9 de concentrer nos efforts en mati\u00e8re de d\u00e9veloppement durable sur quatre domaines et de les int\u00e9grer dans nos activit\u00e9s quotidiennes.","og_url":"https:\/\/www.walraven.com\/be-fr\/durabilite\/nos-domaines-interets\/","og_site_name":"Walraven Belgique","article_publisher":"https:\/\/www.facebook.com\/walravenbelgie","article_modified_time":"2024-08-28T07:37:01+00:00","twitter_card":"summary_large_image","twitter_misc":{"Dur\u00e9e de lecture est.":"7 minutes"},"schema":{"@context":"https:\/\/schema.org","@graph":[{"@type":"WebPage","@id":"https:\/\/www.walraven.com\/be-fr\/durabilite\/nos-domaines-interets\/","url":"https:\/\/www.walraven.com\/be-fr\/durabilite\/nos-domaines-interets\/","name":"Nos domaines d'int\u00e9r\u00eats - Walraven Belgique","isPartOf":{"@id":"https:\/\/www.walraven.com\/be-fr\/#website"},"datePublished":"2024-04-17T07:41:12+00:00","dateModified":"2024-08-28T07:37:01+00:00","description":"Notre d\u00e9marche de d\u00e9veloppement durable a commenc\u00e9 il y a longtemps, aux origines m\u00eames de notre entreprise. En 1942, lorsque Jan van Walraven (notre fondateur) s'est vu offrir la possibilit\u00e9 d'acheter le zinc recouvrant une maison de son village, il n'a pas h\u00e9sit\u00e9. Les mat\u00e9riaux \u00e9taient rares pendant la Seconde Guerre mondiale. \u00c0 partir du mat\u00e9riau de couverture, il pouvait fabriquer toutes sortes d'objets indispensables au bien-\u00eatre des gens qui l'entouraient. Longtemps apr\u00e8s la guerre, il \u00e9tait logique de fabriquer de nouveaux produits \u00e0 partir de mat\u00e9riaux recycl\u00e9s.\u202fCet \u00e9tat d'esprit durable a toujours \u00e9t\u00e9 ancr\u00e9 dans notre entreprise ; ce que nous appelons aujourd'hui le d\u00e9veloppement durable a toujours \u00e9t\u00e9 intelligent !Conform\u00e9ment \u00e0 cette philosophie, nous avons d\u00e9cid\u00e9 de concentrer nos efforts en mati\u00e8re de d\u00e9veloppement durable sur quatre domaines et de les int\u00e9grer dans nos activit\u00e9s quotidiennes.","breadcrumb":{"@id":"https:\/\/www.walraven.com\/be-fr\/durabilite\/nos-domaines-interets\/#breadcrumb"},"inLanguage":"fr-BE","potentialAction":[{"@type":"ReadAction","target":["https:\/\/www.walraven.com\/be-fr\/durabilite\/nos-domaines-interets\/"]}]},{"@type":"BreadcrumbList","@id":"https:\/\/www.walraven.com\/be-fr\/durabilite\/nos-domaines-interets\/#breadcrumb","itemListElement":[{"@type":"ListItem","position":1,"name":"Accueil","item":"https:\/\/www.walraven.com\/be-fr\/"},{"@type":"ListItem","position":2,"name":"Notre conviction est que nous pouvons faire une diff\u00e9rence durable en construisant une multinationale qui a du c\u0153ur.","item":"https:\/\/www.walraven.com\/be-fr\/durabilite\/"},{"@type":"ListItem","position":3,"name":"Nos domaines d&rsquo;int\u00e9r\u00eats"}]},{"@type":"WebSite","@id":"https:\/\/www.walraven.com\/be-fr\/#website","url":"https:\/\/www.walraven.com\/be-fr\/","name":"Walraven Belgique","description":"","publisher":{"@id":"https:\/\/www.walraven.com\/be-fr\/#organization"},"potentialAction":[{"@type":"SearchAction","target":{"@type":"EntryPoint","urlTemplate":"https:\/\/www.walraven.com\/be-fr\/?s={search_term_string}"},"query-input":{"@type":"PropertyValueSpecification","valueRequired":true,"valueName":"search_term_string"}}],"inLanguage":"fr-BE"},{"@type":"Organization","@id":"https:\/\/www.walraven.com\/be-fr\/#organization","name":"Walraven BV","alternateName":"Walraven BV","url":"https:\/\/www.walraven.com\/be-fr\/","logo":{"@type":"ImageObject","inLanguage":"fr-BE","@id":"https:\/\/www.walraven.com\/be-fr\/#\/schema\/logo\/image\/","url":"https:\/\/www.walraven.com\/be-fr\/wp-content\/uploads\/sites\/17\/2023\/12\/Walraven_logo300x300.jpg","contentUrl":"https:\/\/www.walraven.com\/be-fr\/wp-content\/uploads\/sites\/17\/2023\/12\/Walraven_logo300x300.jpg","width":300,"height":300,"caption":"Walraven BV"},"image":{"@id":"https:\/\/www.walraven.com\/be-fr\/#\/schema\/logo\/image\/"},"sameAs":["https:\/\/www.facebook.com\/walravenbelgie","https:\/\/www.linkedin.com\/company\/walraven-belgique\/","https:\/\/www.youtube.com\/user\/WalravenBEFR"]}]}},"_links":{"self":[{"href":"https:\/\/www.walraven.com\/be-fr\/wp-json\/wp\/v2\/pages\/66974","targetHints":{"allow":["GET"]}}],"collection":[{"href":"https:\/\/www.walraven.com\/be-fr\/wp-json\/wp\/v2\/pages"}],"about":[{"href":"https:\/\/www.walraven.com\/be-fr\/wp-json\/wp\/v2\/types\/page"}],"author":[{"embeddable":true,"href":"https:\/\/www.walraven.com\/be-fr\/wp-json\/wp\/v2\/users\/43"}],"replies":[{"embeddable":true,"href":"https:\/\/www.walraven.com\/be-fr\/wp-json\/wp\/v2\/comments?post=66974"}],"version-history":[{"count":5,"href":"https:\/\/www.walraven.com\/be-fr\/wp-json\/wp\/v2\/pages\/66974\/revisions"}],"predecessor-version":[{"id":67159,"href":"https:\/\/www.walraven.com\/be-fr\/wp-json\/wp\/v2\/pages\/66974\/revisions\/67159"}],"up":[{"embeddable":true,"href":"https:\/\/www.walraven.com\/be-fr\/wp-json\/wp\/v2\/pages\/66955"}],"wp:attachment":[{"href":"https:\/\/www.walraven.com\/be-fr\/wp-json\/wp\/v2\/media?parent=66974"}],"curies":[{"name":"wp","href":"https:\/\/api.w.org\/{rel}","templated":true}]}}