{"id":67087,"date":"2023-07-19T16:59:56","date_gmt":"2023-07-19T14:59:56","guid":{"rendered":"https:\/\/www.walraven.com\/int\/?page_id=58775"},"modified":"2024-06-06T08:56:05","modified_gmt":"2024-06-06T06:56:05","slug":"walraven-fixation-toitures","status":"publish","type":"page","link":"https:\/\/www.walraven.com\/be-fr\/walraven-fixation-toitures\/","title":{"rendered":"Solutions de fixation pour panneaux solaires Walraven"},"content":{"rendered":"","protected":false},"excerpt":{"rendered":"","protected":false},"author":62,"featured_media":0,"parent":0,"menu_order":0,"comment_status":"closed","ping_status":"closed","template":"page-templates\/tpl-landingspage.php","meta":{"_acf_changed":false,"footnotes":""},"class_list":["post-67087","page","type-page","status-publish","hentry"],"acf":[],"yoast_head":"<!-- This site is optimized with the Yoast SEO Premium plugin v27.3 (Yoast SEO v27.3) - https:\/\/yoast.com\/product\/yoast-seo-premium-wordpress\/ -->\n<title>Solutions de fixation pour panneaux solaires Walraven - Walraven Belgique<\/title>\n<meta name=\"description\" content=\"Les syst\u00e8mes de fixation pour panneaux solaires de Walraven offrent des solutions polyvalentes et modulaires qui rendent votre installation de panneaux solaires facile, s\u00fbre et efficace. Nous sommes votre partenaire, non seulement pour les installations de base, mais aussi pour les installations complexes telles que les installations sur des toits \u00e9lev\u00e9s, des toits avec une disposition complexe, et avec des charges de vent \u00e9lev\u00e9es.\" \/>\n<meta name=\"robots\" content=\"index, follow, max-snippet:-1, max-image-preview:large, max-video-preview:-1\" \/>\n<link rel=\"canonical\" href=\"https:\/\/www.walraven.com\/be-fr\/walraven-fixation-toitures\/\" \/>\n<meta property=\"og:locale\" content=\"fr_FR\" \/>\n<meta property=\"og:type\" content=\"article\" \/>\n<meta property=\"og:title\" content=\"Solutions de fixation pour panneaux solaires Walraven\" \/>\n<meta property=\"og:description\" content=\"Les syst\u00e8mes de fixation pour panneaux solaires de Walraven offrent des solutions polyvalentes et modulaires qui rendent votre installation de panneaux solaires facile, s\u00fbre et efficace. Nous sommes votre partenaire, non seulement pour les installations de base, mais aussi pour les installations complexes telles que les installations sur des toits \u00e9lev\u00e9s, des toits avec une disposition complexe, et avec des charges de vent \u00e9lev\u00e9es.\" \/>\n<meta property=\"og:url\" content=\"https:\/\/www.walraven.com\/be-fr\/walraven-fixation-toitures\/\" \/>\n<meta property=\"og:site_name\" content=\"Walraven Belgique\" \/>\n<meta property=\"article:publisher\" content=\"https:\/\/www.facebook.com\/walravenbelgie\" \/>\n<meta property=\"article:modified_time\" content=\"2024-06-06T06:56:05+00:00\" \/>\n<meta name=\"twitter:card\" content=\"summary_large_image\" \/>\n<meta name=\"twitter:label1\" content=\"Dur\u00e9e de lecture est.\" \/>\n\t<meta name=\"twitter:data1\" content=\"4 minutes\" \/>\n<script type=\"application\/ld+json\" class=\"yoast-schema-graph\">{\"@context\":\"https:\\\/\\\/schema.org\",\"@graph\":[{\"@type\":\"WebPage\",\"@id\":\"https:\\\/\\\/www.walraven.com\\\/be-fr\\\/walraven-fixation-toitures\\\/\",\"url\":\"https:\\\/\\\/www.walraven.com\\\/be-fr\\\/walraven-fixation-toitures\\\/\",\"name\":\"Solutions de fixation pour panneaux solaires Walraven - Walraven Belgique\",\"isPartOf\":{\"@id\":\"https:\\\/\\\/www.walraven.com\\\/be-fr\\\/#website\"},\"datePublished\":\"2023-07-19T14:59:56+00:00\",\"dateModified\":\"2024-06-06T06:56:05+00:00\",\"description\":\"Les syst\u00e8mes de fixation pour panneaux solaires de Walraven offrent des solutions polyvalentes et modulaires qui rendent votre installation de panneaux solaires facile, s\u00fbre et efficace. Nous sommes votre partenaire, non seulement pour les installations de base, mais aussi pour les installations complexes telles que les installations sur des toits \u00e9lev\u00e9s, des toits avec une disposition complexe, et avec des charges de vent \u00e9lev\u00e9es.\",\"breadcrumb\":{\"@id\":\"https:\\\/\\\/www.walraven.com\\\/be-fr\\\/walraven-fixation-toitures\\\/#breadcrumb\"},\"inLanguage\":\"fr-BE\",\"potentialAction\":[{\"@type\":\"ReadAction\",\"target\":[\"https:\\\/\\\/www.walraven.com\\\/be-fr\\\/walraven-fixation-toitures\\\/\"]}]},{\"@type\":\"BreadcrumbList\",\"@id\":\"https:\\\/\\\/www.walraven.com\\\/be-fr\\\/walraven-fixation-toitures\\\/#breadcrumb\",\"itemListElement\":[{\"@type\":\"ListItem\",\"position\":1,\"name\":\"Accueil\",\"item\":\"https:\\\/\\\/www.walraven.com\\\/be-fr\\\/\"},{\"@type\":\"ListItem\",\"position\":2,\"name\":\"Solutions de fixation pour panneaux solaires Walraven\"}]},{\"@type\":\"WebSite\",\"@id\":\"https:\\\/\\\/www.walraven.com\\\/be-fr\\\/#website\",\"url\":\"https:\\\/\\\/www.walraven.com\\\/be-fr\\\/\",\"name\":\"Walraven Belgique\",\"description\":\"\",\"publisher\":{\"@id\":\"https:\\\/\\\/www.walraven.com\\\/be-fr\\\/#organization\"},\"potentialAction\":[{\"@type\":\"SearchAction\",\"target\":{\"@type\":\"EntryPoint\",\"urlTemplate\":\"https:\\\/\\\/www.walraven.com\\\/be-fr\\\/?s={search_term_string}\"},\"query-input\":{\"@type\":\"PropertyValueSpecification\",\"valueRequired\":true,\"valueName\":\"search_term_string\"}}],\"inLanguage\":\"fr-BE\"},{\"@type\":\"Organization\",\"@id\":\"https:\\\/\\\/www.walraven.com\\\/be-fr\\\/#organization\",\"name\":\"Walraven BV\",\"alternateName\":\"Walraven BV\",\"url\":\"https:\\\/\\\/www.walraven.com\\\/be-fr\\\/\",\"logo\":{\"@type\":\"ImageObject\",\"inLanguage\":\"fr-BE\",\"@id\":\"https:\\\/\\\/www.walraven.com\\\/be-fr\\\/#\\\/schema\\\/logo\\\/image\\\/\",\"url\":\"https:\\\/\\\/www.walraven.com\\\/be-fr\\\/wp-content\\\/uploads\\\/sites\\\/17\\\/2023\\\/12\\\/Walraven_logo300x300.jpg\",\"contentUrl\":\"https:\\\/\\\/www.walraven.com\\\/be-fr\\\/wp-content\\\/uploads\\\/sites\\\/17\\\/2023\\\/12\\\/Walraven_logo300x300.jpg\",\"width\":300,\"height\":300,\"caption\":\"Walraven BV\"},\"image\":{\"@id\":\"https:\\\/\\\/www.walraven.com\\\/be-fr\\\/#\\\/schema\\\/logo\\\/image\\\/\"},\"sameAs\":[\"https:\\\/\\\/www.facebook.com\\\/walravenbelgie\",\"https:\\\/\\\/www.linkedin.com\\\/company\\\/walraven-belgique\\\/\",\"https:\\\/\\\/www.youtube.com\\\/user\\\/WalravenBEFR\"]}]}<\/script>\n<!-- \/ Yoast SEO Premium plugin. -->","yoast_head_json":{"title":"Solutions de fixation pour panneaux solaires Walraven - Walraven Belgique","description":"Les syst\u00e8mes de fixation pour panneaux solaires de Walraven offrent des solutions polyvalentes et modulaires qui rendent votre installation de panneaux solaires facile, s\u00fbre et efficace. Nous sommes votre partenaire, non seulement pour les installations de base, mais aussi pour les installations complexes telles que les installations sur des toits \u00e9lev\u00e9s, des toits avec une disposition complexe, et avec des charges de vent \u00e9lev\u00e9es.","robots":{"index":"index","follow":"follow","max-snippet":"max-snippet:-1","max-image-preview":"max-image-preview:large","max-video-preview":"max-video-preview:-1"},"canonical":"https:\/\/www.walraven.com\/be-fr\/walraven-fixation-toitures\/","og_locale":"fr_FR","og_type":"article","og_title":"Solutions de fixation pour panneaux solaires Walraven","og_description":"Les syst\u00e8mes de fixation pour panneaux solaires de Walraven offrent des solutions polyvalentes et modulaires qui rendent votre installation de panneaux solaires facile, s\u00fbre et efficace. Nous sommes votre partenaire, non seulement pour les installations de base, mais aussi pour les installations complexes telles que les installations sur des toits \u00e9lev\u00e9s, des toits avec une disposition complexe, et avec des charges de vent \u00e9lev\u00e9es.","og_url":"https:\/\/www.walraven.com\/be-fr\/walraven-fixation-toitures\/","og_site_name":"Walraven Belgique","article_publisher":"https:\/\/www.facebook.com\/walravenbelgie","article_modified_time":"2024-06-06T06:56:05+00:00","twitter_card":"summary_large_image","twitter_misc":{"Dur\u00e9e de lecture est.":"4 minutes"},"schema":{"@context":"https:\/\/schema.org","@graph":[{"@type":"WebPage","@id":"https:\/\/www.walraven.com\/be-fr\/walraven-fixation-toitures\/","url":"https:\/\/www.walraven.com\/be-fr\/walraven-fixation-toitures\/","name":"Solutions de fixation pour panneaux solaires Walraven - Walraven Belgique","isPartOf":{"@id":"https:\/\/www.walraven.com\/be-fr\/#website"},"datePublished":"2023-07-19T14:59:56+00:00","dateModified":"2024-06-06T06:56:05+00:00","description":"Les syst\u00e8mes de fixation pour panneaux solaires de Walraven offrent des solutions polyvalentes et modulaires qui rendent votre installation de panneaux solaires facile, s\u00fbre et efficace. Nous sommes votre partenaire, non seulement pour les installations de base, mais aussi pour les installations complexes telles que les installations sur des toits \u00e9lev\u00e9s, des toits avec une disposition complexe, et avec des charges de vent \u00e9lev\u00e9es.","breadcrumb":{"@id":"https:\/\/www.walraven.com\/be-fr\/walraven-fixation-toitures\/#breadcrumb"},"inLanguage":"fr-BE","potentialAction":[{"@type":"ReadAction","target":["https:\/\/www.walraven.com\/be-fr\/walraven-fixation-toitures\/"]}]},{"@type":"BreadcrumbList","@id":"https:\/\/www.walraven.com\/be-fr\/walraven-fixation-toitures\/#breadcrumb","itemListElement":[{"@type":"ListItem","position":1,"name":"Accueil","item":"https:\/\/www.walraven.com\/be-fr\/"},{"@type":"ListItem","position":2,"name":"Solutions de fixation pour panneaux solaires Walraven"}]},{"@type":"WebSite","@id":"https:\/\/www.walraven.com\/be-fr\/#website","url":"https:\/\/www.walraven.com\/be-fr\/","name":"Walraven Belgique","description":"","publisher":{"@id":"https:\/\/www.walraven.com\/be-fr\/#organization"},"potentialAction":[{"@type":"SearchAction","target":{"@type":"EntryPoint","urlTemplate":"https:\/\/www.walraven.com\/be-fr\/?s={search_term_string}"},"query-input":{"@type":"PropertyValueSpecification","valueRequired":true,"valueName":"search_term_string"}}],"inLanguage":"fr-BE"},{"@type":"Organization","@id":"https:\/\/www.walraven.com\/be-fr\/#organization","name":"Walraven BV","alternateName":"Walraven BV","url":"https:\/\/www.walraven.com\/be-fr\/","logo":{"@type":"ImageObject","inLanguage":"fr-BE","@id":"https:\/\/www.walraven.com\/be-fr\/#\/schema\/logo\/image\/","url":"https:\/\/www.walraven.com\/be-fr\/wp-content\/uploads\/sites\/17\/2023\/12\/Walraven_logo300x300.jpg","contentUrl":"https:\/\/www.walraven.com\/be-fr\/wp-content\/uploads\/sites\/17\/2023\/12\/Walraven_logo300x300.jpg","width":300,"height":300,"caption":"Walraven BV"},"image":{"@id":"https:\/\/www.walraven.com\/be-fr\/#\/schema\/logo\/image\/"},"sameAs":["https:\/\/www.facebook.com\/walravenbelgie","https:\/\/www.linkedin.com\/company\/walraven-belgique\/","https:\/\/www.youtube.com\/user\/WalravenBEFR"]}]}},"_links":{"self":[{"href":"https:\/\/www.walraven.com\/be-fr\/wp-json\/wp\/v2\/pages\/67087","targetHints":{"allow":["GET"]}}],"collection":[{"href":"https:\/\/www.walraven.com\/be-fr\/wp-json\/wp\/v2\/pages"}],"about":[{"href":"https:\/\/www.walraven.com\/be-fr\/wp-json\/wp\/v2\/types\/page"}],"author":[{"embeddable":true,"href":"https:\/\/www.walraven.com\/be-fr\/wp-json\/wp\/v2\/users\/62"}],"replies":[{"embeddable":true,"href":"https:\/\/www.walraven.com\/be-fr\/wp-json\/wp\/v2\/comments?post=67087"}],"version-history":[{"count":6,"href":"https:\/\/www.walraven.com\/be-fr\/wp-json\/wp\/v2\/pages\/67087\/revisions"}],"predecessor-version":[{"id":67149,"href":"https:\/\/www.walraven.com\/be-fr\/wp-json\/wp\/v2\/pages\/67087\/revisions\/67149"}],"wp:attachment":[{"href":"https:\/\/www.walraven.com\/be-fr\/wp-json\/wp\/v2\/media?parent=67087"}],"curies":[{"name":"wp","href":"https:\/\/api.w.org\/{rel}","templated":true}]}}