{"id":67273,"date":"2023-11-07T14:21:09","date_gmt":"2023-11-07T14:21:09","guid":{"rendered":"https:\/\/www.walraven.com\/nl\/?page_id=91017"},"modified":"2024-07-18T12:06:51","modified_gmt":"2024-07-18T10:06:51","slug":"raccords-chaudiere","status":"publish","type":"page","link":"https:\/\/www.walraven.com\/be-fr\/raccords-chaudiere\/","title":{"rendered":"McAlpine raccords chaudi\u00e8re et chauffe-eau"},"content":{"rendered":"","protected":false},"excerpt":{"rendered":"","protected":false},"author":68,"featured_media":0,"parent":0,"menu_order":0,"comment_status":"closed","ping_status":"closed","template":"page-templates\/tpl-landingspage.php","meta":{"_acf_changed":false,"footnotes":""},"class_list":["post-67273","page","type-page","status-publish","hentry"],"acf":[],"yoast_head":"<!-- This site is optimized with the Yoast SEO Premium plugin v27.3 (Yoast SEO v27.3) - https:\/\/yoast.com\/product\/yoast-seo-premium-wordpress\/ -->\n<title>McAlpine raccords chaudi\u00e8re et chauffe-eau - Walraven Belgique<\/title>\n<meta name=\"description\" content=\"Optimisez votre cuisine avec le kit de raccordement pour chaudi\u00e8re et chauffe-eau McAlpine Ventadrip, la solution parfaite pour les petites chaudi\u00e8res \u00e9lectriques ou chauffe-eau de cuisine. Ce kit est sp\u00e9cialement con\u00e7u pour s&#039;adapter facilement aux tuyaux existants, ce qui facilite l&#039;installation. Fabriqu\u00e9 en polypropyl\u00e8ne blanc (PP) de haute qualit\u00e9, ce kit de raccordement garantit durabilit\u00e9 et fiabilit\u00e9. Choisissez le kit McAlpine Ventadrip pour une int\u00e9gration efficace et transparente de votre chaudi\u00e8re ou chauffe-eau de cuisine.\" \/>\n<meta name=\"robots\" content=\"index, follow, max-snippet:-1, max-image-preview:large, max-video-preview:-1\" \/>\n<link rel=\"canonical\" href=\"https:\/\/www.walraven.com\/be-fr\/raccords-chaudiere\/\" \/>\n<meta property=\"og:locale\" content=\"fr_FR\" \/>\n<meta property=\"og:type\" content=\"article\" \/>\n<meta property=\"og:title\" content=\"McAlpine raccords chaudi\u00e8re et chauffe-eau\" \/>\n<meta property=\"og:description\" content=\"Optimisez votre cuisine avec le kit de raccordement pour chaudi\u00e8re et chauffe-eau McAlpine Ventadrip, la solution parfaite pour les petites chaudi\u00e8res \u00e9lectriques ou chauffe-eau de cuisine. Ce kit est sp\u00e9cialement con\u00e7u pour s&#039;adapter facilement aux tuyaux existants, ce qui facilite l&#039;installation. Fabriqu\u00e9 en polypropyl\u00e8ne blanc (PP) de haute qualit\u00e9, ce kit de raccordement garantit durabilit\u00e9 et fiabilit\u00e9. Choisissez le kit McAlpine Ventadrip pour une int\u00e9gration efficace et transparente de votre chaudi\u00e8re ou chauffe-eau de cuisine.\" \/>\n<meta property=\"og:url\" content=\"https:\/\/www.walraven.com\/be-fr\/raccords-chaudiere\/\" \/>\n<meta property=\"og:site_name\" content=\"Walraven Belgique\" \/>\n<meta property=\"article:publisher\" content=\"https:\/\/www.facebook.com\/walravenbelgie\" \/>\n<meta property=\"article:modified_time\" content=\"2024-07-18T10:06:51+00:00\" \/>\n<meta name=\"twitter:card\" content=\"summary_large_image\" \/>\n<meta name=\"twitter:label1\" content=\"Dur\u00e9e de lecture est.\" \/>\n\t<meta name=\"twitter:data1\" content=\"2 minutes\" \/>\n<script type=\"application\/ld+json\" class=\"yoast-schema-graph\">{\"@context\":\"https:\\\/\\\/schema.org\",\"@graph\":[{\"@type\":\"WebPage\",\"@id\":\"https:\\\/\\\/www.walraven.com\\\/be-fr\\\/raccords-chaudiere\\\/\",\"url\":\"https:\\\/\\\/www.walraven.com\\\/be-fr\\\/raccords-chaudiere\\\/\",\"name\":\"McAlpine raccords chaudi\u00e8re et chauffe-eau - Walraven Belgique\",\"isPartOf\":{\"@id\":\"https:\\\/\\\/www.walraven.com\\\/be-fr\\\/#website\"},\"datePublished\":\"2023-11-07T14:21:09+00:00\",\"dateModified\":\"2024-07-18T10:06:51+00:00\",\"description\":\"Optimisez votre cuisine avec le kit de raccordement pour chaudi\u00e8re et chauffe-eau McAlpine Ventadrip, la solution parfaite pour les petites chaudi\u00e8res \u00e9lectriques ou chauffe-eau de cuisine. Ce kit est sp\u00e9cialement con\u00e7u pour s'adapter facilement aux tuyaux existants, ce qui facilite l'installation. Fabriqu\u00e9 en polypropyl\u00e8ne blanc (PP) de haute qualit\u00e9, ce kit de raccordement garantit durabilit\u00e9 et fiabilit\u00e9. Choisissez le kit McAlpine Ventadrip pour une int\u00e9gration efficace et transparente de votre chaudi\u00e8re ou chauffe-eau de cuisine.\",\"breadcrumb\":{\"@id\":\"https:\\\/\\\/www.walraven.com\\\/be-fr\\\/raccords-chaudiere\\\/#breadcrumb\"},\"inLanguage\":\"fr-BE\",\"potentialAction\":[{\"@type\":\"ReadAction\",\"target\":[\"https:\\\/\\\/www.walraven.com\\\/be-fr\\\/raccords-chaudiere\\\/\"]}]},{\"@type\":\"BreadcrumbList\",\"@id\":\"https:\\\/\\\/www.walraven.com\\\/be-fr\\\/raccords-chaudiere\\\/#breadcrumb\",\"itemListElement\":[{\"@type\":\"ListItem\",\"position\":1,\"name\":\"Accueil\",\"item\":\"https:\\\/\\\/www.walraven.com\\\/be-fr\\\/\"},{\"@type\":\"ListItem\",\"position\":2,\"name\":\"McAlpine raccords chaudi\u00e8re et chauffe-eau\"}]},{\"@type\":\"WebSite\",\"@id\":\"https:\\\/\\\/www.walraven.com\\\/be-fr\\\/#website\",\"url\":\"https:\\\/\\\/www.walraven.com\\\/be-fr\\\/\",\"name\":\"Walraven Belgique\",\"description\":\"\",\"publisher\":{\"@id\":\"https:\\\/\\\/www.walraven.com\\\/be-fr\\\/#organization\"},\"potentialAction\":[{\"@type\":\"SearchAction\",\"target\":{\"@type\":\"EntryPoint\",\"urlTemplate\":\"https:\\\/\\\/www.walraven.com\\\/be-fr\\\/?s={search_term_string}\"},\"query-input\":{\"@type\":\"PropertyValueSpecification\",\"valueRequired\":true,\"valueName\":\"search_term_string\"}}],\"inLanguage\":\"fr-BE\"},{\"@type\":\"Organization\",\"@id\":\"https:\\\/\\\/www.walraven.com\\\/be-fr\\\/#organization\",\"name\":\"Walraven BV\",\"alternateName\":\"Walraven BV\",\"url\":\"https:\\\/\\\/www.walraven.com\\\/be-fr\\\/\",\"logo\":{\"@type\":\"ImageObject\",\"inLanguage\":\"fr-BE\",\"@id\":\"https:\\\/\\\/www.walraven.com\\\/be-fr\\\/#\\\/schema\\\/logo\\\/image\\\/\",\"url\":\"https:\\\/\\\/www.walraven.com\\\/be-fr\\\/wp-content\\\/uploads\\\/sites\\\/17\\\/2023\\\/12\\\/Walraven_logo300x300.jpg\",\"contentUrl\":\"https:\\\/\\\/www.walraven.com\\\/be-fr\\\/wp-content\\\/uploads\\\/sites\\\/17\\\/2023\\\/12\\\/Walraven_logo300x300.jpg\",\"width\":300,\"height\":300,\"caption\":\"Walraven BV\"},\"image\":{\"@id\":\"https:\\\/\\\/www.walraven.com\\\/be-fr\\\/#\\\/schema\\\/logo\\\/image\\\/\"},\"sameAs\":[\"https:\\\/\\\/www.facebook.com\\\/walravenbelgie\",\"https:\\\/\\\/www.linkedin.com\\\/company\\\/walraven-belgique\\\/\",\"https:\\\/\\\/www.youtube.com\\\/user\\\/WalravenBEFR\"]}]}<\/script>\n<!-- \/ Yoast SEO Premium plugin. -->","yoast_head_json":{"title":"McAlpine raccords chaudi\u00e8re et chauffe-eau - Walraven Belgique","description":"Optimisez votre cuisine avec le kit de raccordement pour chaudi\u00e8re et chauffe-eau McAlpine Ventadrip, la solution parfaite pour les petites chaudi\u00e8res \u00e9lectriques ou chauffe-eau de cuisine. Ce kit est sp\u00e9cialement con\u00e7u pour s'adapter facilement aux tuyaux existants, ce qui facilite l'installation. Fabriqu\u00e9 en polypropyl\u00e8ne blanc (PP) de haute qualit\u00e9, ce kit de raccordement garantit durabilit\u00e9 et fiabilit\u00e9. Choisissez le kit McAlpine Ventadrip pour une int\u00e9gration efficace et transparente de votre chaudi\u00e8re ou chauffe-eau de cuisine.","robots":{"index":"index","follow":"follow","max-snippet":"max-snippet:-1","max-image-preview":"max-image-preview:large","max-video-preview":"max-video-preview:-1"},"canonical":"https:\/\/www.walraven.com\/be-fr\/raccords-chaudiere\/","og_locale":"fr_FR","og_type":"article","og_title":"McAlpine raccords chaudi\u00e8re et chauffe-eau","og_description":"Optimisez votre cuisine avec le kit de raccordement pour chaudi\u00e8re et chauffe-eau McAlpine Ventadrip, la solution parfaite pour les petites chaudi\u00e8res \u00e9lectriques ou chauffe-eau de cuisine. Ce kit est sp\u00e9cialement con\u00e7u pour s'adapter facilement aux tuyaux existants, ce qui facilite l'installation. Fabriqu\u00e9 en polypropyl\u00e8ne blanc (PP) de haute qualit\u00e9, ce kit de raccordement garantit durabilit\u00e9 et fiabilit\u00e9. Choisissez le kit McAlpine Ventadrip pour une int\u00e9gration efficace et transparente de votre chaudi\u00e8re ou chauffe-eau de cuisine.","og_url":"https:\/\/www.walraven.com\/be-fr\/raccords-chaudiere\/","og_site_name":"Walraven Belgique","article_publisher":"https:\/\/www.facebook.com\/walravenbelgie","article_modified_time":"2024-07-18T10:06:51+00:00","twitter_card":"summary_large_image","twitter_misc":{"Dur\u00e9e de lecture est.":"2 minutes"},"schema":{"@context":"https:\/\/schema.org","@graph":[{"@type":"WebPage","@id":"https:\/\/www.walraven.com\/be-fr\/raccords-chaudiere\/","url":"https:\/\/www.walraven.com\/be-fr\/raccords-chaudiere\/","name":"McAlpine raccords chaudi\u00e8re et chauffe-eau - Walraven Belgique","isPartOf":{"@id":"https:\/\/www.walraven.com\/be-fr\/#website"},"datePublished":"2023-11-07T14:21:09+00:00","dateModified":"2024-07-18T10:06:51+00:00","description":"Optimisez votre cuisine avec le kit de raccordement pour chaudi\u00e8re et chauffe-eau McAlpine Ventadrip, la solution parfaite pour les petites chaudi\u00e8res \u00e9lectriques ou chauffe-eau de cuisine. Ce kit est sp\u00e9cialement con\u00e7u pour s'adapter facilement aux tuyaux existants, ce qui facilite l'installation. Fabriqu\u00e9 en polypropyl\u00e8ne blanc (PP) de haute qualit\u00e9, ce kit de raccordement garantit durabilit\u00e9 et fiabilit\u00e9. Choisissez le kit McAlpine Ventadrip pour une int\u00e9gration efficace et transparente de votre chaudi\u00e8re ou chauffe-eau de cuisine.","breadcrumb":{"@id":"https:\/\/www.walraven.com\/be-fr\/raccords-chaudiere\/#breadcrumb"},"inLanguage":"fr-BE","potentialAction":[{"@type":"ReadAction","target":["https:\/\/www.walraven.com\/be-fr\/raccords-chaudiere\/"]}]},{"@type":"BreadcrumbList","@id":"https:\/\/www.walraven.com\/be-fr\/raccords-chaudiere\/#breadcrumb","itemListElement":[{"@type":"ListItem","position":1,"name":"Accueil","item":"https:\/\/www.walraven.com\/be-fr\/"},{"@type":"ListItem","position":2,"name":"McAlpine raccords chaudi\u00e8re et chauffe-eau"}]},{"@type":"WebSite","@id":"https:\/\/www.walraven.com\/be-fr\/#website","url":"https:\/\/www.walraven.com\/be-fr\/","name":"Walraven Belgique","description":"","publisher":{"@id":"https:\/\/www.walraven.com\/be-fr\/#organization"},"potentialAction":[{"@type":"SearchAction","target":{"@type":"EntryPoint","urlTemplate":"https:\/\/www.walraven.com\/be-fr\/?s={search_term_string}"},"query-input":{"@type":"PropertyValueSpecification","valueRequired":true,"valueName":"search_term_string"}}],"inLanguage":"fr-BE"},{"@type":"Organization","@id":"https:\/\/www.walraven.com\/be-fr\/#organization","name":"Walraven BV","alternateName":"Walraven BV","url":"https:\/\/www.walraven.com\/be-fr\/","logo":{"@type":"ImageObject","inLanguage":"fr-BE","@id":"https:\/\/www.walraven.com\/be-fr\/#\/schema\/logo\/image\/","url":"https:\/\/www.walraven.com\/be-fr\/wp-content\/uploads\/sites\/17\/2023\/12\/Walraven_logo300x300.jpg","contentUrl":"https:\/\/www.walraven.com\/be-fr\/wp-content\/uploads\/sites\/17\/2023\/12\/Walraven_logo300x300.jpg","width":300,"height":300,"caption":"Walraven BV"},"image":{"@id":"https:\/\/www.walraven.com\/be-fr\/#\/schema\/logo\/image\/"},"sameAs":["https:\/\/www.facebook.com\/walravenbelgie","https:\/\/www.linkedin.com\/company\/walraven-belgique\/","https:\/\/www.youtube.com\/user\/WalravenBEFR"]}]}},"_links":{"self":[{"href":"https:\/\/www.walraven.com\/be-fr\/wp-json\/wp\/v2\/pages\/67273","targetHints":{"allow":["GET"]}}],"collection":[{"href":"https:\/\/www.walraven.com\/be-fr\/wp-json\/wp\/v2\/pages"}],"about":[{"href":"https:\/\/www.walraven.com\/be-fr\/wp-json\/wp\/v2\/types\/page"}],"author":[{"embeddable":true,"href":"https:\/\/www.walraven.com\/be-fr\/wp-json\/wp\/v2\/users\/68"}],"replies":[{"embeddable":true,"href":"https:\/\/www.walraven.com\/be-fr\/wp-json\/wp\/v2\/comments?post=67273"}],"version-history":[{"count":5,"href":"https:\/\/www.walraven.com\/be-fr\/wp-json\/wp\/v2\/pages\/67273\/revisions"}],"predecessor-version":[{"id":67423,"href":"https:\/\/www.walraven.com\/be-fr\/wp-json\/wp\/v2\/pages\/67273\/revisions\/67423"}],"wp:attachment":[{"href":"https:\/\/www.walraven.com\/be-fr\/wp-json\/wp\/v2\/media?parent=67273"}],"curies":[{"name":"wp","href":"https:\/\/api.w.org\/{rel}","templated":true}]}}