{"id":67292,"date":"2023-11-03T13:11:20","date_gmt":"2023-11-03T13:11:20","guid":{"rendered":"https:\/\/www.walraven.com\/nl\/?page_id=90868"},"modified":"2024-08-19T16:14:39","modified_gmt":"2024-08-19T14:14:39","slug":"mcalpine-sets-evacuation","status":"publish","type":"page","link":"https:\/\/www.walraven.com\/be-fr\/mcalpine-sets-evacuation\/","title":{"rendered":"McAlpine sets d&rsquo;\u00e9vacuation"},"content":{"rendered":"","protected":false},"excerpt":{"rendered":"","protected":false},"author":68,"featured_media":0,"parent":0,"menu_order":0,"comment_status":"closed","ping_status":"closed","template":"page-templates\/tpl-landingspage.php","meta":{"_acf_changed":false,"footnotes":""},"class_list":["post-67292","page","type-page","status-publish","hentry"],"acf":[],"yoast_head":"<!-- This site is optimized with the Yoast SEO Premium plugin v27.3 (Yoast SEO v27.3) - https:\/\/yoast.com\/product\/yoast-seo-premium-wordpress\/ -->\n<title>McAlpine sets d&#039;\u00e9vacuation - Walraven Belgique<\/title>\n<meta name=\"description\" content=\"Les kits d&#039;\u00e9vacuation McAlpine offrent une solution sans faille pour une \u00e9vacuation efficace et fiable dans diff\u00e9rentes parties de votre maison. Qu&#039;il s&#039;agisse de vidanger votre lave-linge, votre \u00e9vier ou tout autre appareil m\u00e9nager, ces kits sont con\u00e7us pour offrir une solution solide et durable. Fabriqu\u00e9s en polypropyl\u00e8ne de haute qualit\u00e9, les kits pour \u00e9vacuation McAlpine sont con\u00e7us pour r\u00e9sister \u00e0 l&#039;\u00e9preuve du temps tout en offrant d&#039;excellentes performances. Avec plusieurs options, y compris des kits d&#039;\u00e9vacuation simples ou doubles, les kits d&#039;\u00e9vacuation McAlpine sont votre solution tout-en-un pour une \u00e9vacuation sans souci dans votre maison. D\u00e9couvrez les diff\u00e9rents kits et trouvez celui qui r\u00e9pondra parfaitement \u00e0 vos besoins en mati\u00e8re de vidange.\" \/>\n<meta name=\"robots\" content=\"index, follow, max-snippet:-1, max-image-preview:large, max-video-preview:-1\" \/>\n<link rel=\"canonical\" href=\"https:\/\/www.walraven.com\/be-fr\/mcalpine-sets-evacuation\/\" \/>\n<meta property=\"og:locale\" content=\"fr_FR\" \/>\n<meta property=\"og:type\" content=\"article\" \/>\n<meta property=\"og:title\" content=\"McAlpine sets d&#039;\u00e9vacuation\" \/>\n<meta property=\"og:description\" content=\"Les kits d&#039;\u00e9vacuation McAlpine offrent une solution sans faille pour une \u00e9vacuation efficace et fiable dans diff\u00e9rentes parties de votre maison. Qu&#039;il s&#039;agisse de vidanger votre lave-linge, votre \u00e9vier ou tout autre appareil m\u00e9nager, ces kits sont con\u00e7us pour offrir une solution solide et durable. Fabriqu\u00e9s en polypropyl\u00e8ne de haute qualit\u00e9, les kits pour \u00e9vacuation McAlpine sont con\u00e7us pour r\u00e9sister \u00e0 l&#039;\u00e9preuve du temps tout en offrant d&#039;excellentes performances. Avec plusieurs options, y compris des kits d&#039;\u00e9vacuation simples ou doubles, les kits d&#039;\u00e9vacuation McAlpine sont votre solution tout-en-un pour une \u00e9vacuation sans souci dans votre maison. D\u00e9couvrez les diff\u00e9rents kits et trouvez celui qui r\u00e9pondra parfaitement \u00e0 vos besoins en mati\u00e8re de vidange.\" \/>\n<meta property=\"og:url\" content=\"https:\/\/www.walraven.com\/be-fr\/mcalpine-sets-evacuation\/\" \/>\n<meta property=\"og:site_name\" content=\"Walraven Belgique\" \/>\n<meta property=\"article:publisher\" content=\"https:\/\/www.facebook.com\/walravenbelgie\" \/>\n<meta property=\"article:modified_time\" content=\"2024-08-19T14:14:39+00:00\" \/>\n<meta name=\"twitter:card\" content=\"summary_large_image\" \/>\n<meta name=\"twitter:label1\" content=\"Dur\u00e9e de lecture est.\" \/>\n\t<meta name=\"twitter:data1\" content=\"5 minutes\" \/>\n<script type=\"application\/ld+json\" class=\"yoast-schema-graph\">{\"@context\":\"https:\\\/\\\/schema.org\",\"@graph\":[{\"@type\":\"WebPage\",\"@id\":\"https:\\\/\\\/www.walraven.com\\\/be-fr\\\/mcalpine-sets-evacuation\\\/\",\"url\":\"https:\\\/\\\/www.walraven.com\\\/be-fr\\\/mcalpine-sets-evacuation\\\/\",\"name\":\"McAlpine sets d'\u00e9vacuation - Walraven Belgique\",\"isPartOf\":{\"@id\":\"https:\\\/\\\/www.walraven.com\\\/be-fr\\\/#website\"},\"datePublished\":\"2023-11-03T13:11:20+00:00\",\"dateModified\":\"2024-08-19T14:14:39+00:00\",\"description\":\"Les kits d'\u00e9vacuation McAlpine offrent une solution sans faille pour une \u00e9vacuation efficace et fiable dans diff\u00e9rentes parties de votre maison. Qu'il s'agisse de vidanger votre lave-linge, votre \u00e9vier ou tout autre appareil m\u00e9nager, ces kits sont con\u00e7us pour offrir une solution solide et durable. Fabriqu\u00e9s en polypropyl\u00e8ne de haute qualit\u00e9, les kits pour \u00e9vacuation McAlpine sont con\u00e7us pour r\u00e9sister \u00e0 l'\u00e9preuve du temps tout en offrant d'excellentes performances. Avec plusieurs options, y compris des kits d'\u00e9vacuation simples ou doubles, les kits d'\u00e9vacuation McAlpine sont votre solution tout-en-un pour une \u00e9vacuation sans souci dans votre maison. D\u00e9couvrez les diff\u00e9rents kits et trouvez celui qui r\u00e9pondra parfaitement \u00e0 vos besoins en mati\u00e8re de vidange.\",\"breadcrumb\":{\"@id\":\"https:\\\/\\\/www.walraven.com\\\/be-fr\\\/mcalpine-sets-evacuation\\\/#breadcrumb\"},\"inLanguage\":\"fr-BE\",\"potentialAction\":[{\"@type\":\"ReadAction\",\"target\":[\"https:\\\/\\\/www.walraven.com\\\/be-fr\\\/mcalpine-sets-evacuation\\\/\"]}]},{\"@type\":\"BreadcrumbList\",\"@id\":\"https:\\\/\\\/www.walraven.com\\\/be-fr\\\/mcalpine-sets-evacuation\\\/#breadcrumb\",\"itemListElement\":[{\"@type\":\"ListItem\",\"position\":1,\"name\":\"Accueil\",\"item\":\"https:\\\/\\\/www.walraven.com\\\/be-fr\\\/\"},{\"@type\":\"ListItem\",\"position\":2,\"name\":\"McAlpine sets d&rsquo;\u00e9vacuation\"}]},{\"@type\":\"WebSite\",\"@id\":\"https:\\\/\\\/www.walraven.com\\\/be-fr\\\/#website\",\"url\":\"https:\\\/\\\/www.walraven.com\\\/be-fr\\\/\",\"name\":\"Walraven Belgique\",\"description\":\"\",\"publisher\":{\"@id\":\"https:\\\/\\\/www.walraven.com\\\/be-fr\\\/#organization\"},\"potentialAction\":[{\"@type\":\"SearchAction\",\"target\":{\"@type\":\"EntryPoint\",\"urlTemplate\":\"https:\\\/\\\/www.walraven.com\\\/be-fr\\\/?s={search_term_string}\"},\"query-input\":{\"@type\":\"PropertyValueSpecification\",\"valueRequired\":true,\"valueName\":\"search_term_string\"}}],\"inLanguage\":\"fr-BE\"},{\"@type\":\"Organization\",\"@id\":\"https:\\\/\\\/www.walraven.com\\\/be-fr\\\/#organization\",\"name\":\"Walraven BV\",\"alternateName\":\"Walraven BV\",\"url\":\"https:\\\/\\\/www.walraven.com\\\/be-fr\\\/\",\"logo\":{\"@type\":\"ImageObject\",\"inLanguage\":\"fr-BE\",\"@id\":\"https:\\\/\\\/www.walraven.com\\\/be-fr\\\/#\\\/schema\\\/logo\\\/image\\\/\",\"url\":\"https:\\\/\\\/www.walraven.com\\\/be-fr\\\/wp-content\\\/uploads\\\/sites\\\/17\\\/2023\\\/12\\\/Walraven_logo300x300.jpg\",\"contentUrl\":\"https:\\\/\\\/www.walraven.com\\\/be-fr\\\/wp-content\\\/uploads\\\/sites\\\/17\\\/2023\\\/12\\\/Walraven_logo300x300.jpg\",\"width\":300,\"height\":300,\"caption\":\"Walraven BV\"},\"image\":{\"@id\":\"https:\\\/\\\/www.walraven.com\\\/be-fr\\\/#\\\/schema\\\/logo\\\/image\\\/\"},\"sameAs\":[\"https:\\\/\\\/www.facebook.com\\\/walravenbelgie\",\"https:\\\/\\\/www.linkedin.com\\\/company\\\/walraven-belgique\\\/\",\"https:\\\/\\\/www.youtube.com\\\/user\\\/WalravenBEFR\"]}]}<\/script>\n<!-- \/ Yoast SEO Premium plugin. -->","yoast_head_json":{"title":"McAlpine sets d'\u00e9vacuation - Walraven Belgique","description":"Les kits d'\u00e9vacuation McAlpine offrent une solution sans faille pour une \u00e9vacuation efficace et fiable dans diff\u00e9rentes parties de votre maison. Qu'il s'agisse de vidanger votre lave-linge, votre \u00e9vier ou tout autre appareil m\u00e9nager, ces kits sont con\u00e7us pour offrir une solution solide et durable. Fabriqu\u00e9s en polypropyl\u00e8ne de haute qualit\u00e9, les kits pour \u00e9vacuation McAlpine sont con\u00e7us pour r\u00e9sister \u00e0 l'\u00e9preuve du temps tout en offrant d'excellentes performances. Avec plusieurs options, y compris des kits d'\u00e9vacuation simples ou doubles, les kits d'\u00e9vacuation McAlpine sont votre solution tout-en-un pour une \u00e9vacuation sans souci dans votre maison. D\u00e9couvrez les diff\u00e9rents kits et trouvez celui qui r\u00e9pondra parfaitement \u00e0 vos besoins en mati\u00e8re de vidange.","robots":{"index":"index","follow":"follow","max-snippet":"max-snippet:-1","max-image-preview":"max-image-preview:large","max-video-preview":"max-video-preview:-1"},"canonical":"https:\/\/www.walraven.com\/be-fr\/mcalpine-sets-evacuation\/","og_locale":"fr_FR","og_type":"article","og_title":"McAlpine sets d'\u00e9vacuation","og_description":"Les kits d'\u00e9vacuation McAlpine offrent une solution sans faille pour une \u00e9vacuation efficace et fiable dans diff\u00e9rentes parties de votre maison. Qu'il s'agisse de vidanger votre lave-linge, votre \u00e9vier ou tout autre appareil m\u00e9nager, ces kits sont con\u00e7us pour offrir une solution solide et durable. Fabriqu\u00e9s en polypropyl\u00e8ne de haute qualit\u00e9, les kits pour \u00e9vacuation McAlpine sont con\u00e7us pour r\u00e9sister \u00e0 l'\u00e9preuve du temps tout en offrant d'excellentes performances. Avec plusieurs options, y compris des kits d'\u00e9vacuation simples ou doubles, les kits d'\u00e9vacuation McAlpine sont votre solution tout-en-un pour une \u00e9vacuation sans souci dans votre maison. D\u00e9couvrez les diff\u00e9rents kits et trouvez celui qui r\u00e9pondra parfaitement \u00e0 vos besoins en mati\u00e8re de vidange.","og_url":"https:\/\/www.walraven.com\/be-fr\/mcalpine-sets-evacuation\/","og_site_name":"Walraven Belgique","article_publisher":"https:\/\/www.facebook.com\/walravenbelgie","article_modified_time":"2024-08-19T14:14:39+00:00","twitter_card":"summary_large_image","twitter_misc":{"Dur\u00e9e de lecture est.":"5 minutes"},"schema":{"@context":"https:\/\/schema.org","@graph":[{"@type":"WebPage","@id":"https:\/\/www.walraven.com\/be-fr\/mcalpine-sets-evacuation\/","url":"https:\/\/www.walraven.com\/be-fr\/mcalpine-sets-evacuation\/","name":"McAlpine sets d'\u00e9vacuation - Walraven Belgique","isPartOf":{"@id":"https:\/\/www.walraven.com\/be-fr\/#website"},"datePublished":"2023-11-03T13:11:20+00:00","dateModified":"2024-08-19T14:14:39+00:00","description":"Les kits d'\u00e9vacuation McAlpine offrent une solution sans faille pour une \u00e9vacuation efficace et fiable dans diff\u00e9rentes parties de votre maison. Qu'il s'agisse de vidanger votre lave-linge, votre \u00e9vier ou tout autre appareil m\u00e9nager, ces kits sont con\u00e7us pour offrir une solution solide et durable. Fabriqu\u00e9s en polypropyl\u00e8ne de haute qualit\u00e9, les kits pour \u00e9vacuation McAlpine sont con\u00e7us pour r\u00e9sister \u00e0 l'\u00e9preuve du temps tout en offrant d'excellentes performances. Avec plusieurs options, y compris des kits d'\u00e9vacuation simples ou doubles, les kits d'\u00e9vacuation McAlpine sont votre solution tout-en-un pour une \u00e9vacuation sans souci dans votre maison. D\u00e9couvrez les diff\u00e9rents kits et trouvez celui qui r\u00e9pondra parfaitement \u00e0 vos besoins en mati\u00e8re de vidange.","breadcrumb":{"@id":"https:\/\/www.walraven.com\/be-fr\/mcalpine-sets-evacuation\/#breadcrumb"},"inLanguage":"fr-BE","potentialAction":[{"@type":"ReadAction","target":["https:\/\/www.walraven.com\/be-fr\/mcalpine-sets-evacuation\/"]}]},{"@type":"BreadcrumbList","@id":"https:\/\/www.walraven.com\/be-fr\/mcalpine-sets-evacuation\/#breadcrumb","itemListElement":[{"@type":"ListItem","position":1,"name":"Accueil","item":"https:\/\/www.walraven.com\/be-fr\/"},{"@type":"ListItem","position":2,"name":"McAlpine sets d&rsquo;\u00e9vacuation"}]},{"@type":"WebSite","@id":"https:\/\/www.walraven.com\/be-fr\/#website","url":"https:\/\/www.walraven.com\/be-fr\/","name":"Walraven Belgique","description":"","publisher":{"@id":"https:\/\/www.walraven.com\/be-fr\/#organization"},"potentialAction":[{"@type":"SearchAction","target":{"@type":"EntryPoint","urlTemplate":"https:\/\/www.walraven.com\/be-fr\/?s={search_term_string}"},"query-input":{"@type":"PropertyValueSpecification","valueRequired":true,"valueName":"search_term_string"}}],"inLanguage":"fr-BE"},{"@type":"Organization","@id":"https:\/\/www.walraven.com\/be-fr\/#organization","name":"Walraven BV","alternateName":"Walraven BV","url":"https:\/\/www.walraven.com\/be-fr\/","logo":{"@type":"ImageObject","inLanguage":"fr-BE","@id":"https:\/\/www.walraven.com\/be-fr\/#\/schema\/logo\/image\/","url":"https:\/\/www.walraven.com\/be-fr\/wp-content\/uploads\/sites\/17\/2023\/12\/Walraven_logo300x300.jpg","contentUrl":"https:\/\/www.walraven.com\/be-fr\/wp-content\/uploads\/sites\/17\/2023\/12\/Walraven_logo300x300.jpg","width":300,"height":300,"caption":"Walraven BV"},"image":{"@id":"https:\/\/www.walraven.com\/be-fr\/#\/schema\/logo\/image\/"},"sameAs":["https:\/\/www.facebook.com\/walravenbelgie","https:\/\/www.linkedin.com\/company\/walraven-belgique\/","https:\/\/www.youtube.com\/user\/WalravenBEFR"]}]}},"_links":{"self":[{"href":"https:\/\/www.walraven.com\/be-fr\/wp-json\/wp\/v2\/pages\/67292","targetHints":{"allow":["GET"]}}],"collection":[{"href":"https:\/\/www.walraven.com\/be-fr\/wp-json\/wp\/v2\/pages"}],"about":[{"href":"https:\/\/www.walraven.com\/be-fr\/wp-json\/wp\/v2\/types\/page"}],"author":[{"embeddable":true,"href":"https:\/\/www.walraven.com\/be-fr\/wp-json\/wp\/v2\/users\/68"}],"replies":[{"embeddable":true,"href":"https:\/\/www.walraven.com\/be-fr\/wp-json\/wp\/v2\/comments?post=67292"}],"version-history":[{"count":6,"href":"https:\/\/www.walraven.com\/be-fr\/wp-json\/wp\/v2\/pages\/67292\/revisions"}],"predecessor-version":[{"id":67508,"href":"https:\/\/www.walraven.com\/be-fr\/wp-json\/wp\/v2\/pages\/67292\/revisions\/67508"}],"wp:attachment":[{"href":"https:\/\/www.walraven.com\/be-fr\/wp-json\/wp\/v2\/media?parent=67292"}],"curies":[{"name":"wp","href":"https:\/\/api.w.org\/{rel}","templated":true}]}}