{"id":67321,"date":"2024-06-03T13:20:13","date_gmt":"2024-06-03T11:20:13","guid":{"rendered":"https:\/\/www.walraven.com\/nl\/?page_id=90842"},"modified":"2024-08-19T15:50:50","modified_gmt":"2024-08-19T13:50:50","slug":"mcalpine-crepines-de-vidange-et-de-panier","status":"publish","type":"page","link":"https:\/\/www.walraven.com\/be-fr\/mcalpine-crepines-de-vidange-et-de-panier\/","title":{"rendered":"McAlpine cr\u00e9pines de vidange et de panier"},"content":{"rendered":"","protected":false},"excerpt":{"rendered":"","protected":false},"author":68,"featured_media":0,"parent":0,"menu_order":0,"comment_status":"closed","ping_status":"closed","template":"page-templates\/tpl-landingspage.php","meta":{"_acf_changed":false,"footnotes":""},"class_list":["post-67321","page","type-page","status-publish","hentry"],"acf":[],"yoast_head":"<!-- This site is optimized with the Yoast SEO Premium plugin v27.3 (Yoast SEO v27.3) - https:\/\/yoast.com\/product\/yoast-seo-premium-wordpress\/ -->\n<title>McAlpine cr\u00e9pines de vidange et de panier - Walraven Belgique<\/title>\n<meta name=\"description\" content=\"La gamme McAlpine comprend un large choix de cr\u00e9pines de vidange et de panier, chacune \u00e9tant con\u00e7ue pour am\u00e9liorer la fonctionnalit\u00e9 et l&#039;aspect de votre plomberie. Fabriqu\u00e9s avec pr\u00e9cision, les produits McAlpine sont fabriqu\u00e9s \u00e0 partir de mat\u00e9riaux de haute qualit\u00e9, tels que le laiton chrom\u00e9 et le polypropyl\u00e8ne robuste, pour une durabilit\u00e9 garantie. Que vous recherchiez un bouchon de vidange standard, un bouchon \u00e0 cliquet \u00e0 action rapide ou un bouchon \u00e0 panier pour am\u00e9liorer l&#039;\u00e9vacuation, McAlpine a une solution sur mesure. Choisissez parmi la gamme polyvalente pour une finition fiable et \u00e9l\u00e9gante de vos \u00e9viers, lavabos et baignoires.\" \/>\n<meta name=\"robots\" content=\"index, follow, max-snippet:-1, max-image-preview:large, max-video-preview:-1\" \/>\n<link rel=\"canonical\" href=\"https:\/\/www.walraven.com\/be-fr\/mcalpine-crepines-de-vidange-et-de-panier\/\" \/>\n<meta property=\"og:locale\" content=\"fr_FR\" \/>\n<meta property=\"og:type\" content=\"article\" \/>\n<meta property=\"og:title\" content=\"McAlpine cr\u00e9pines de vidange et de panier\" \/>\n<meta property=\"og:description\" content=\"La gamme McAlpine comprend un large choix de cr\u00e9pines de vidange et de panier, chacune \u00e9tant con\u00e7ue pour am\u00e9liorer la fonctionnalit\u00e9 et l&#039;aspect de votre plomberie. Fabriqu\u00e9s avec pr\u00e9cision, les produits McAlpine sont fabriqu\u00e9s \u00e0 partir de mat\u00e9riaux de haute qualit\u00e9, tels que le laiton chrom\u00e9 et le polypropyl\u00e8ne robuste, pour une durabilit\u00e9 garantie. Que vous recherchiez un bouchon de vidange standard, un bouchon \u00e0 cliquet \u00e0 action rapide ou un bouchon \u00e0 panier pour am\u00e9liorer l&#039;\u00e9vacuation, McAlpine a une solution sur mesure. Choisissez parmi la gamme polyvalente pour une finition fiable et \u00e9l\u00e9gante de vos \u00e9viers, lavabos et baignoires.\" \/>\n<meta property=\"og:url\" content=\"https:\/\/www.walraven.com\/be-fr\/mcalpine-crepines-de-vidange-et-de-panier\/\" \/>\n<meta property=\"og:site_name\" content=\"Walraven Belgique\" \/>\n<meta property=\"article:publisher\" content=\"https:\/\/www.facebook.com\/walravenbelgie\" \/>\n<meta property=\"article:modified_time\" content=\"2024-08-19T13:50:50+00:00\" \/>\n<meta name=\"twitter:card\" content=\"summary_large_image\" \/>\n<meta name=\"twitter:label1\" content=\"Dur\u00e9e de lecture est.\" \/>\n\t<meta name=\"twitter:data1\" content=\"5 minutes\" \/>\n<script type=\"application\/ld+json\" class=\"yoast-schema-graph\">{\"@context\":\"https:\\\/\\\/schema.org\",\"@graph\":[{\"@type\":\"WebPage\",\"@id\":\"https:\\\/\\\/www.walraven.com\\\/be-fr\\\/mcalpine-crepines-de-vidange-et-de-panier\\\/\",\"url\":\"https:\\\/\\\/www.walraven.com\\\/be-fr\\\/mcalpine-crepines-de-vidange-et-de-panier\\\/\",\"name\":\"McAlpine cr\u00e9pines de vidange et de panier - Walraven Belgique\",\"isPartOf\":{\"@id\":\"https:\\\/\\\/www.walraven.com\\\/be-fr\\\/#website\"},\"datePublished\":\"2024-06-03T11:20:13+00:00\",\"dateModified\":\"2024-08-19T13:50:50+00:00\",\"description\":\"La gamme McAlpine comprend un large choix de cr\u00e9pines de vidange et de panier, chacune \u00e9tant con\u00e7ue pour am\u00e9liorer la fonctionnalit\u00e9 et l'aspect de votre plomberie. Fabriqu\u00e9s avec pr\u00e9cision, les produits McAlpine sont fabriqu\u00e9s \u00e0 partir de mat\u00e9riaux de haute qualit\u00e9, tels que le laiton chrom\u00e9 et le polypropyl\u00e8ne robuste, pour une durabilit\u00e9 garantie. Que vous recherchiez un bouchon de vidange standard, un bouchon \u00e0 cliquet \u00e0 action rapide ou un bouchon \u00e0 panier pour am\u00e9liorer l'\u00e9vacuation, McAlpine a une solution sur mesure. Choisissez parmi la gamme polyvalente pour une finition fiable et \u00e9l\u00e9gante de vos \u00e9viers, lavabos et baignoires.\",\"breadcrumb\":{\"@id\":\"https:\\\/\\\/www.walraven.com\\\/be-fr\\\/mcalpine-crepines-de-vidange-et-de-panier\\\/#breadcrumb\"},\"inLanguage\":\"fr-BE\",\"potentialAction\":[{\"@type\":\"ReadAction\",\"target\":[\"https:\\\/\\\/www.walraven.com\\\/be-fr\\\/mcalpine-crepines-de-vidange-et-de-panier\\\/\"]}]},{\"@type\":\"BreadcrumbList\",\"@id\":\"https:\\\/\\\/www.walraven.com\\\/be-fr\\\/mcalpine-crepines-de-vidange-et-de-panier\\\/#breadcrumb\",\"itemListElement\":[{\"@type\":\"ListItem\",\"position\":1,\"name\":\"Accueil\",\"item\":\"https:\\\/\\\/www.walraven.com\\\/be-fr\\\/\"},{\"@type\":\"ListItem\",\"position\":2,\"name\":\"McAlpine cr\u00e9pines de vidange et de panier\"}]},{\"@type\":\"WebSite\",\"@id\":\"https:\\\/\\\/www.walraven.com\\\/be-fr\\\/#website\",\"url\":\"https:\\\/\\\/www.walraven.com\\\/be-fr\\\/\",\"name\":\"Walraven Belgique\",\"description\":\"\",\"publisher\":{\"@id\":\"https:\\\/\\\/www.walraven.com\\\/be-fr\\\/#organization\"},\"potentialAction\":[{\"@type\":\"SearchAction\",\"target\":{\"@type\":\"EntryPoint\",\"urlTemplate\":\"https:\\\/\\\/www.walraven.com\\\/be-fr\\\/?s={search_term_string}\"},\"query-input\":{\"@type\":\"PropertyValueSpecification\",\"valueRequired\":true,\"valueName\":\"search_term_string\"}}],\"inLanguage\":\"fr-BE\"},{\"@type\":\"Organization\",\"@id\":\"https:\\\/\\\/www.walraven.com\\\/be-fr\\\/#organization\",\"name\":\"Walraven BV\",\"alternateName\":\"Walraven BV\",\"url\":\"https:\\\/\\\/www.walraven.com\\\/be-fr\\\/\",\"logo\":{\"@type\":\"ImageObject\",\"inLanguage\":\"fr-BE\",\"@id\":\"https:\\\/\\\/www.walraven.com\\\/be-fr\\\/#\\\/schema\\\/logo\\\/image\\\/\",\"url\":\"https:\\\/\\\/www.walraven.com\\\/be-fr\\\/wp-content\\\/uploads\\\/sites\\\/17\\\/2023\\\/12\\\/Walraven_logo300x300.jpg\",\"contentUrl\":\"https:\\\/\\\/www.walraven.com\\\/be-fr\\\/wp-content\\\/uploads\\\/sites\\\/17\\\/2023\\\/12\\\/Walraven_logo300x300.jpg\",\"width\":300,\"height\":300,\"caption\":\"Walraven BV\"},\"image\":{\"@id\":\"https:\\\/\\\/www.walraven.com\\\/be-fr\\\/#\\\/schema\\\/logo\\\/image\\\/\"},\"sameAs\":[\"https:\\\/\\\/www.facebook.com\\\/walravenbelgie\",\"https:\\\/\\\/www.linkedin.com\\\/company\\\/walraven-belgique\\\/\",\"https:\\\/\\\/www.youtube.com\\\/user\\\/WalravenBEFR\"]}]}<\/script>\n<!-- \/ Yoast SEO Premium plugin. -->","yoast_head_json":{"title":"McAlpine cr\u00e9pines de vidange et de panier - Walraven Belgique","description":"La gamme McAlpine comprend un large choix de cr\u00e9pines de vidange et de panier, chacune \u00e9tant con\u00e7ue pour am\u00e9liorer la fonctionnalit\u00e9 et l'aspect de votre plomberie. Fabriqu\u00e9s avec pr\u00e9cision, les produits McAlpine sont fabriqu\u00e9s \u00e0 partir de mat\u00e9riaux de haute qualit\u00e9, tels que le laiton chrom\u00e9 et le polypropyl\u00e8ne robuste, pour une durabilit\u00e9 garantie. Que vous recherchiez un bouchon de vidange standard, un bouchon \u00e0 cliquet \u00e0 action rapide ou un bouchon \u00e0 panier pour am\u00e9liorer l'\u00e9vacuation, McAlpine a une solution sur mesure. Choisissez parmi la gamme polyvalente pour une finition fiable et \u00e9l\u00e9gante de vos \u00e9viers, lavabos et baignoires.","robots":{"index":"index","follow":"follow","max-snippet":"max-snippet:-1","max-image-preview":"max-image-preview:large","max-video-preview":"max-video-preview:-1"},"canonical":"https:\/\/www.walraven.com\/be-fr\/mcalpine-crepines-de-vidange-et-de-panier\/","og_locale":"fr_FR","og_type":"article","og_title":"McAlpine cr\u00e9pines de vidange et de panier","og_description":"La gamme McAlpine comprend un large choix de cr\u00e9pines de vidange et de panier, chacune \u00e9tant con\u00e7ue pour am\u00e9liorer la fonctionnalit\u00e9 et l'aspect de votre plomberie. Fabriqu\u00e9s avec pr\u00e9cision, les produits McAlpine sont fabriqu\u00e9s \u00e0 partir de mat\u00e9riaux de haute qualit\u00e9, tels que le laiton chrom\u00e9 et le polypropyl\u00e8ne robuste, pour une durabilit\u00e9 garantie. Que vous recherchiez un bouchon de vidange standard, un bouchon \u00e0 cliquet \u00e0 action rapide ou un bouchon \u00e0 panier pour am\u00e9liorer l'\u00e9vacuation, McAlpine a une solution sur mesure. Choisissez parmi la gamme polyvalente pour une finition fiable et \u00e9l\u00e9gante de vos \u00e9viers, lavabos et baignoires.","og_url":"https:\/\/www.walraven.com\/be-fr\/mcalpine-crepines-de-vidange-et-de-panier\/","og_site_name":"Walraven Belgique","article_publisher":"https:\/\/www.facebook.com\/walravenbelgie","article_modified_time":"2024-08-19T13:50:50+00:00","twitter_card":"summary_large_image","twitter_misc":{"Dur\u00e9e de lecture est.":"5 minutes"},"schema":{"@context":"https:\/\/schema.org","@graph":[{"@type":"WebPage","@id":"https:\/\/www.walraven.com\/be-fr\/mcalpine-crepines-de-vidange-et-de-panier\/","url":"https:\/\/www.walraven.com\/be-fr\/mcalpine-crepines-de-vidange-et-de-panier\/","name":"McAlpine cr\u00e9pines de vidange et de panier - Walraven Belgique","isPartOf":{"@id":"https:\/\/www.walraven.com\/be-fr\/#website"},"datePublished":"2024-06-03T11:20:13+00:00","dateModified":"2024-08-19T13:50:50+00:00","description":"La gamme McAlpine comprend un large choix de cr\u00e9pines de vidange et de panier, chacune \u00e9tant con\u00e7ue pour am\u00e9liorer la fonctionnalit\u00e9 et l'aspect de votre plomberie. Fabriqu\u00e9s avec pr\u00e9cision, les produits McAlpine sont fabriqu\u00e9s \u00e0 partir de mat\u00e9riaux de haute qualit\u00e9, tels que le laiton chrom\u00e9 et le polypropyl\u00e8ne robuste, pour une durabilit\u00e9 garantie. Que vous recherchiez un bouchon de vidange standard, un bouchon \u00e0 cliquet \u00e0 action rapide ou un bouchon \u00e0 panier pour am\u00e9liorer l'\u00e9vacuation, McAlpine a une solution sur mesure. Choisissez parmi la gamme polyvalente pour une finition fiable et \u00e9l\u00e9gante de vos \u00e9viers, lavabos et baignoires.","breadcrumb":{"@id":"https:\/\/www.walraven.com\/be-fr\/mcalpine-crepines-de-vidange-et-de-panier\/#breadcrumb"},"inLanguage":"fr-BE","potentialAction":[{"@type":"ReadAction","target":["https:\/\/www.walraven.com\/be-fr\/mcalpine-crepines-de-vidange-et-de-panier\/"]}]},{"@type":"BreadcrumbList","@id":"https:\/\/www.walraven.com\/be-fr\/mcalpine-crepines-de-vidange-et-de-panier\/#breadcrumb","itemListElement":[{"@type":"ListItem","position":1,"name":"Accueil","item":"https:\/\/www.walraven.com\/be-fr\/"},{"@type":"ListItem","position":2,"name":"McAlpine cr\u00e9pines de vidange et de panier"}]},{"@type":"WebSite","@id":"https:\/\/www.walraven.com\/be-fr\/#website","url":"https:\/\/www.walraven.com\/be-fr\/","name":"Walraven Belgique","description":"","publisher":{"@id":"https:\/\/www.walraven.com\/be-fr\/#organization"},"potentialAction":[{"@type":"SearchAction","target":{"@type":"EntryPoint","urlTemplate":"https:\/\/www.walraven.com\/be-fr\/?s={search_term_string}"},"query-input":{"@type":"PropertyValueSpecification","valueRequired":true,"valueName":"search_term_string"}}],"inLanguage":"fr-BE"},{"@type":"Organization","@id":"https:\/\/www.walraven.com\/be-fr\/#organization","name":"Walraven BV","alternateName":"Walraven BV","url":"https:\/\/www.walraven.com\/be-fr\/","logo":{"@type":"ImageObject","inLanguage":"fr-BE","@id":"https:\/\/www.walraven.com\/be-fr\/#\/schema\/logo\/image\/","url":"https:\/\/www.walraven.com\/be-fr\/wp-content\/uploads\/sites\/17\/2023\/12\/Walraven_logo300x300.jpg","contentUrl":"https:\/\/www.walraven.com\/be-fr\/wp-content\/uploads\/sites\/17\/2023\/12\/Walraven_logo300x300.jpg","width":300,"height":300,"caption":"Walraven BV"},"image":{"@id":"https:\/\/www.walraven.com\/be-fr\/#\/schema\/logo\/image\/"},"sameAs":["https:\/\/www.facebook.com\/walravenbelgie","https:\/\/www.linkedin.com\/company\/walraven-belgique\/","https:\/\/www.youtube.com\/user\/WalravenBEFR"]}]}},"_links":{"self":[{"href":"https:\/\/www.walraven.com\/be-fr\/wp-json\/wp\/v2\/pages\/67321","targetHints":{"allow":["GET"]}}],"collection":[{"href":"https:\/\/www.walraven.com\/be-fr\/wp-json\/wp\/v2\/pages"}],"about":[{"href":"https:\/\/www.walraven.com\/be-fr\/wp-json\/wp\/v2\/types\/page"}],"author":[{"embeddable":true,"href":"https:\/\/www.walraven.com\/be-fr\/wp-json\/wp\/v2\/users\/68"}],"replies":[{"embeddable":true,"href":"https:\/\/www.walraven.com\/be-fr\/wp-json\/wp\/v2\/comments?post=67321"}],"version-history":[{"count":5,"href":"https:\/\/www.walraven.com\/be-fr\/wp-json\/wp\/v2\/pages\/67321\/revisions"}],"predecessor-version":[{"id":67506,"href":"https:\/\/www.walraven.com\/be-fr\/wp-json\/wp\/v2\/pages\/67321\/revisions\/67506"}],"wp:attachment":[{"href":"https:\/\/www.walraven.com\/be-fr\/wp-json\/wp\/v2\/media?parent=67321"}],"curies":[{"name":"wp","href":"https:\/\/api.w.org\/{rel}","templated":true}]}}