{"id":67338,"date":"2024-06-08T14:10:32","date_gmt":"2024-06-08T12:10:32","guid":{"rendered":"https:\/\/www.walraven.com\/nl\/?page_id=91044"},"modified":"2024-07-18T14:52:06","modified_gmt":"2024-07-18T12:52:06","slug":"siphons-et-accessoires-mcalpine","status":"publish","type":"page","link":"https:\/\/www.walraven.com\/be-fr\/siphons-et-accessoires-mcalpine\/","title":{"rendered":"McAlpine Siphons et accessoires"},"content":{"rendered":"","protected":false},"excerpt":{"rendered":"","protected":false},"author":68,"featured_media":0,"parent":0,"menu_order":0,"comment_status":"closed","ping_status":"closed","template":"page-templates\/tpl-landingspage.php","meta":{"_acf_changed":false,"footnotes":""},"class_list":["post-67338","page","type-page","status-publish","hentry"],"acf":[],"yoast_head":"<!-- This site is optimized with the Yoast SEO Premium plugin v27.3 (Yoast SEO v27.3) - https:\/\/yoast.com\/product\/yoast-seo-premium-wordpress\/ -->\n<title>McAlpine Siphons et accessoires - Walraven Belgique<\/title>\n<meta name=\"description\" content=\"McAlpine est connu pour sa qualit\u00e9 et son innovation dans le monde des siphons et des accessoires de plomberie. Sa vaste gamme s&#039;\u00e9tend des siphons pour lavabos et douches aux siphons sp\u00e9cialis\u00e9s pour les fuites d&#039;eau. Chaque produit est con\u00e7u pour une installation facile, une fiabilit\u00e9 \u00e0 long terme et un contr\u00f4le optimal de l&#039;eau et des odeurs.Nous explorerons les caract\u00e9ristiques uniques des siphons McAlpine, telles que leur technologie sans eau et leur adaptabilit\u00e9 \u00e0 diverses situations de plomberie. Leurs accessoires simplifient l&#039;installation et l&#039;entretien. Que vous soyez un professionnel ou un bricoleur, d\u00e9couvrez comment l&#039;engagement de McAlpine se traduit par l&#039;am\u00e9lioration de vos projets de plomberie.\" \/>\n<meta name=\"robots\" content=\"index, follow, max-snippet:-1, max-image-preview:large, max-video-preview:-1\" \/>\n<link rel=\"canonical\" href=\"https:\/\/www.walraven.com\/be-fr\/siphons-et-accessoires-mcalpine\/\" \/>\n<meta property=\"og:locale\" content=\"fr_FR\" \/>\n<meta property=\"og:type\" content=\"article\" \/>\n<meta property=\"og:title\" content=\"McAlpine Siphons et accessoires\" \/>\n<meta property=\"og:description\" content=\"McAlpine est connu pour sa qualit\u00e9 et son innovation dans le monde des siphons et des accessoires de plomberie. Sa vaste gamme s&#039;\u00e9tend des siphons pour lavabos et douches aux siphons sp\u00e9cialis\u00e9s pour les fuites d&#039;eau. Chaque produit est con\u00e7u pour une installation facile, une fiabilit\u00e9 \u00e0 long terme et un contr\u00f4le optimal de l&#039;eau et des odeurs.Nous explorerons les caract\u00e9ristiques uniques des siphons McAlpine, telles que leur technologie sans eau et leur adaptabilit\u00e9 \u00e0 diverses situations de plomberie. Leurs accessoires simplifient l&#039;installation et l&#039;entretien. Que vous soyez un professionnel ou un bricoleur, d\u00e9couvrez comment l&#039;engagement de McAlpine se traduit par l&#039;am\u00e9lioration de vos projets de plomberie.\" \/>\n<meta property=\"og:url\" content=\"https:\/\/www.walraven.com\/be-fr\/siphons-et-accessoires-mcalpine\/\" \/>\n<meta property=\"og:site_name\" content=\"Walraven Belgique\" \/>\n<meta property=\"article:publisher\" content=\"https:\/\/www.facebook.com\/walravenbelgie\" \/>\n<meta property=\"article:modified_time\" content=\"2024-07-18T12:52:06+00:00\" \/>\n<meta name=\"twitter:card\" content=\"summary_large_image\" \/>\n<meta name=\"twitter:label1\" content=\"Dur\u00e9e de lecture est.\" \/>\n\t<meta name=\"twitter:data1\" content=\"6 minutes\" \/>\n<script type=\"application\/ld+json\" class=\"yoast-schema-graph\">{\"@context\":\"https:\\\/\\\/schema.org\",\"@graph\":[{\"@type\":\"WebPage\",\"@id\":\"https:\\\/\\\/www.walraven.com\\\/be-fr\\\/siphons-et-accessoires-mcalpine\\\/\",\"url\":\"https:\\\/\\\/www.walraven.com\\\/be-fr\\\/siphons-et-accessoires-mcalpine\\\/\",\"name\":\"McAlpine Siphons et accessoires - Walraven Belgique\",\"isPartOf\":{\"@id\":\"https:\\\/\\\/www.walraven.com\\\/be-fr\\\/#website\"},\"datePublished\":\"2024-06-08T12:10:32+00:00\",\"dateModified\":\"2024-07-18T12:52:06+00:00\",\"description\":\"McAlpine est connu pour sa qualit\u00e9 et son innovation dans le monde des siphons et des accessoires de plomberie. Sa vaste gamme s'\u00e9tend des siphons pour lavabos et douches aux siphons sp\u00e9cialis\u00e9s pour les fuites d'eau. Chaque produit est con\u00e7u pour une installation facile, une fiabilit\u00e9 \u00e0 long terme et un contr\u00f4le optimal de l'eau et des odeurs.Nous explorerons les caract\u00e9ristiques uniques des siphons McAlpine, telles que leur technologie sans eau et leur adaptabilit\u00e9 \u00e0 diverses situations de plomberie. Leurs accessoires simplifient l'installation et l'entretien. Que vous soyez un professionnel ou un bricoleur, d\u00e9couvrez comment l'engagement de McAlpine se traduit par l'am\u00e9lioration de vos projets de plomberie.\",\"breadcrumb\":{\"@id\":\"https:\\\/\\\/www.walraven.com\\\/be-fr\\\/siphons-et-accessoires-mcalpine\\\/#breadcrumb\"},\"inLanguage\":\"fr-BE\",\"potentialAction\":[{\"@type\":\"ReadAction\",\"target\":[\"https:\\\/\\\/www.walraven.com\\\/be-fr\\\/siphons-et-accessoires-mcalpine\\\/\"]}]},{\"@type\":\"BreadcrumbList\",\"@id\":\"https:\\\/\\\/www.walraven.com\\\/be-fr\\\/siphons-et-accessoires-mcalpine\\\/#breadcrumb\",\"itemListElement\":[{\"@type\":\"ListItem\",\"position\":1,\"name\":\"Accueil\",\"item\":\"https:\\\/\\\/www.walraven.com\\\/be-fr\\\/\"},{\"@type\":\"ListItem\",\"position\":2,\"name\":\"McAlpine Siphons et accessoires\"}]},{\"@type\":\"WebSite\",\"@id\":\"https:\\\/\\\/www.walraven.com\\\/be-fr\\\/#website\",\"url\":\"https:\\\/\\\/www.walraven.com\\\/be-fr\\\/\",\"name\":\"Walraven Belgique\",\"description\":\"\",\"publisher\":{\"@id\":\"https:\\\/\\\/www.walraven.com\\\/be-fr\\\/#organization\"},\"potentialAction\":[{\"@type\":\"SearchAction\",\"target\":{\"@type\":\"EntryPoint\",\"urlTemplate\":\"https:\\\/\\\/www.walraven.com\\\/be-fr\\\/?s={search_term_string}\"},\"query-input\":{\"@type\":\"PropertyValueSpecification\",\"valueRequired\":true,\"valueName\":\"search_term_string\"}}],\"inLanguage\":\"fr-BE\"},{\"@type\":\"Organization\",\"@id\":\"https:\\\/\\\/www.walraven.com\\\/be-fr\\\/#organization\",\"name\":\"Walraven BV\",\"alternateName\":\"Walraven BV\",\"url\":\"https:\\\/\\\/www.walraven.com\\\/be-fr\\\/\",\"logo\":{\"@type\":\"ImageObject\",\"inLanguage\":\"fr-BE\",\"@id\":\"https:\\\/\\\/www.walraven.com\\\/be-fr\\\/#\\\/schema\\\/logo\\\/image\\\/\",\"url\":\"https:\\\/\\\/www.walraven.com\\\/be-fr\\\/wp-content\\\/uploads\\\/sites\\\/17\\\/2023\\\/12\\\/Walraven_logo300x300.jpg\",\"contentUrl\":\"https:\\\/\\\/www.walraven.com\\\/be-fr\\\/wp-content\\\/uploads\\\/sites\\\/17\\\/2023\\\/12\\\/Walraven_logo300x300.jpg\",\"width\":300,\"height\":300,\"caption\":\"Walraven BV\"},\"image\":{\"@id\":\"https:\\\/\\\/www.walraven.com\\\/be-fr\\\/#\\\/schema\\\/logo\\\/image\\\/\"},\"sameAs\":[\"https:\\\/\\\/www.facebook.com\\\/walravenbelgie\",\"https:\\\/\\\/www.linkedin.com\\\/company\\\/walraven-belgique\\\/\",\"https:\\\/\\\/www.youtube.com\\\/user\\\/WalravenBEFR\"]}]}<\/script>\n<!-- \/ Yoast SEO Premium plugin. -->","yoast_head_json":{"title":"McAlpine Siphons et accessoires - Walraven Belgique","description":"McAlpine est connu pour sa qualit\u00e9 et son innovation dans le monde des siphons et des accessoires de plomberie. Sa vaste gamme s'\u00e9tend des siphons pour lavabos et douches aux siphons sp\u00e9cialis\u00e9s pour les fuites d'eau. Chaque produit est con\u00e7u pour une installation facile, une fiabilit\u00e9 \u00e0 long terme et un contr\u00f4le optimal de l'eau et des odeurs.Nous explorerons les caract\u00e9ristiques uniques des siphons McAlpine, telles que leur technologie sans eau et leur adaptabilit\u00e9 \u00e0 diverses situations de plomberie. Leurs accessoires simplifient l'installation et l'entretien. Que vous soyez un professionnel ou un bricoleur, d\u00e9couvrez comment l'engagement de McAlpine se traduit par l'am\u00e9lioration de vos projets de plomberie.","robots":{"index":"index","follow":"follow","max-snippet":"max-snippet:-1","max-image-preview":"max-image-preview:large","max-video-preview":"max-video-preview:-1"},"canonical":"https:\/\/www.walraven.com\/be-fr\/siphons-et-accessoires-mcalpine\/","og_locale":"fr_FR","og_type":"article","og_title":"McAlpine Siphons et accessoires","og_description":"McAlpine est connu pour sa qualit\u00e9 et son innovation dans le monde des siphons et des accessoires de plomberie. Sa vaste gamme s'\u00e9tend des siphons pour lavabos et douches aux siphons sp\u00e9cialis\u00e9s pour les fuites d'eau. Chaque produit est con\u00e7u pour une installation facile, une fiabilit\u00e9 \u00e0 long terme et un contr\u00f4le optimal de l'eau et des odeurs.Nous explorerons les caract\u00e9ristiques uniques des siphons McAlpine, telles que leur technologie sans eau et leur adaptabilit\u00e9 \u00e0 diverses situations de plomberie. Leurs accessoires simplifient l'installation et l'entretien. Que vous soyez un professionnel ou un bricoleur, d\u00e9couvrez comment l'engagement de McAlpine se traduit par l'am\u00e9lioration de vos projets de plomberie.","og_url":"https:\/\/www.walraven.com\/be-fr\/siphons-et-accessoires-mcalpine\/","og_site_name":"Walraven Belgique","article_publisher":"https:\/\/www.facebook.com\/walravenbelgie","article_modified_time":"2024-07-18T12:52:06+00:00","twitter_card":"summary_large_image","twitter_misc":{"Dur\u00e9e de lecture est.":"6 minutes"},"schema":{"@context":"https:\/\/schema.org","@graph":[{"@type":"WebPage","@id":"https:\/\/www.walraven.com\/be-fr\/siphons-et-accessoires-mcalpine\/","url":"https:\/\/www.walraven.com\/be-fr\/siphons-et-accessoires-mcalpine\/","name":"McAlpine Siphons et accessoires - Walraven Belgique","isPartOf":{"@id":"https:\/\/www.walraven.com\/be-fr\/#website"},"datePublished":"2024-06-08T12:10:32+00:00","dateModified":"2024-07-18T12:52:06+00:00","description":"McAlpine est connu pour sa qualit\u00e9 et son innovation dans le monde des siphons et des accessoires de plomberie. Sa vaste gamme s'\u00e9tend des siphons pour lavabos et douches aux siphons sp\u00e9cialis\u00e9s pour les fuites d'eau. Chaque produit est con\u00e7u pour une installation facile, une fiabilit\u00e9 \u00e0 long terme et un contr\u00f4le optimal de l'eau et des odeurs.Nous explorerons les caract\u00e9ristiques uniques des siphons McAlpine, telles que leur technologie sans eau et leur adaptabilit\u00e9 \u00e0 diverses situations de plomberie. Leurs accessoires simplifient l'installation et l'entretien. Que vous soyez un professionnel ou un bricoleur, d\u00e9couvrez comment l'engagement de McAlpine se traduit par l'am\u00e9lioration de vos projets de plomberie.","breadcrumb":{"@id":"https:\/\/www.walraven.com\/be-fr\/siphons-et-accessoires-mcalpine\/#breadcrumb"},"inLanguage":"fr-BE","potentialAction":[{"@type":"ReadAction","target":["https:\/\/www.walraven.com\/be-fr\/siphons-et-accessoires-mcalpine\/"]}]},{"@type":"BreadcrumbList","@id":"https:\/\/www.walraven.com\/be-fr\/siphons-et-accessoires-mcalpine\/#breadcrumb","itemListElement":[{"@type":"ListItem","position":1,"name":"Accueil","item":"https:\/\/www.walraven.com\/be-fr\/"},{"@type":"ListItem","position":2,"name":"McAlpine Siphons et accessoires"}]},{"@type":"WebSite","@id":"https:\/\/www.walraven.com\/be-fr\/#website","url":"https:\/\/www.walraven.com\/be-fr\/","name":"Walraven Belgique","description":"","publisher":{"@id":"https:\/\/www.walraven.com\/be-fr\/#organization"},"potentialAction":[{"@type":"SearchAction","target":{"@type":"EntryPoint","urlTemplate":"https:\/\/www.walraven.com\/be-fr\/?s={search_term_string}"},"query-input":{"@type":"PropertyValueSpecification","valueRequired":true,"valueName":"search_term_string"}}],"inLanguage":"fr-BE"},{"@type":"Organization","@id":"https:\/\/www.walraven.com\/be-fr\/#organization","name":"Walraven BV","alternateName":"Walraven BV","url":"https:\/\/www.walraven.com\/be-fr\/","logo":{"@type":"ImageObject","inLanguage":"fr-BE","@id":"https:\/\/www.walraven.com\/be-fr\/#\/schema\/logo\/image\/","url":"https:\/\/www.walraven.com\/be-fr\/wp-content\/uploads\/sites\/17\/2023\/12\/Walraven_logo300x300.jpg","contentUrl":"https:\/\/www.walraven.com\/be-fr\/wp-content\/uploads\/sites\/17\/2023\/12\/Walraven_logo300x300.jpg","width":300,"height":300,"caption":"Walraven BV"},"image":{"@id":"https:\/\/www.walraven.com\/be-fr\/#\/schema\/logo\/image\/"},"sameAs":["https:\/\/www.facebook.com\/walravenbelgie","https:\/\/www.linkedin.com\/company\/walraven-belgique\/","https:\/\/www.youtube.com\/user\/WalravenBEFR"]}]}},"_links":{"self":[{"href":"https:\/\/www.walraven.com\/be-fr\/wp-json\/wp\/v2\/pages\/67338","targetHints":{"allow":["GET"]}}],"collection":[{"href":"https:\/\/www.walraven.com\/be-fr\/wp-json\/wp\/v2\/pages"}],"about":[{"href":"https:\/\/www.walraven.com\/be-fr\/wp-json\/wp\/v2\/types\/page"}],"author":[{"embeddable":true,"href":"https:\/\/www.walraven.com\/be-fr\/wp-json\/wp\/v2\/users\/68"}],"replies":[{"embeddable":true,"href":"https:\/\/www.walraven.com\/be-fr\/wp-json\/wp\/v2\/comments?post=67338"}],"version-history":[{"count":5,"href":"https:\/\/www.walraven.com\/be-fr\/wp-json\/wp\/v2\/pages\/67338\/revisions"}],"predecessor-version":[{"id":67443,"href":"https:\/\/www.walraven.com\/be-fr\/wp-json\/wp\/v2\/pages\/67338\/revisions\/67443"}],"wp:attachment":[{"href":"https:\/\/www.walraven.com\/be-fr\/wp-json\/wp\/v2\/media?parent=67338"}],"curies":[{"name":"wp","href":"https:\/\/api.w.org\/{rel}","templated":true}]}}