{"id":68322,"date":"2025-10-17T12:02:34","date_gmt":"2025-10-17T10:02:34","guid":{"rendered":"https:\/\/example.walraven.com\/?page_id=154493"},"modified":"2025-12-09T16:37:37","modified_gmt":"2025-12-09T15:37:37","slug":"channel-systems","status":"publish","type":"page","link":"https:\/\/www.walraven.com\/be-fr\/channel-systems\/","title":{"rendered":"Les syst\u00e8mes de rails Walraven simplifient l&rsquo;installation des syst\u00e8mes de chauffage, de ventilation et de climatisation (CVC)"},"content":{"rendered":"","protected":false},"excerpt":{"rendered":"","protected":false},"author":62,"featured_media":0,"parent":0,"menu_order":0,"comment_status":"closed","ping_status":"closed","template":"page-templates\/tpl-landingspage.php","meta":{"_acf_changed":false,"footnotes":""},"class_list":["post-68322","page","type-page","status-publish","hentry"],"acf":[],"yoast_head":"<!-- This site is optimized with the Yoast SEO Premium plugin v27.3 (Yoast SEO v27.3) - https:\/\/yoast.com\/product\/yoast-seo-premium-wordpress\/ -->\n<title>Les syst\u00e8mes de rails Walraven simplifient l&#039;installation des syst\u00e8mes de chauffage, de ventilation et de climatisation (CVC) - Walraven Belgique<\/title>\n<meta name=\"description\" content=\"D\u00e9couvrez pourquoi les professionnels du chauffage, de la ventilation et de la climatisation font confiance \u00e0 Walraven pour des installations efficaces et sans souci. Nos solutions compl\u00e8tes et modulaires s&#039;adaptent \u00e0 une grande vari\u00e9t\u00e9 de besoins, des applications l\u00e9g\u00e8res aux applications lourdes. La gamme \u00e9tendue d&#039;accessoires pr\u00eats \u00e0 l&#039;emploi am\u00e9liore consid\u00e9rablement les performances sur le terrain, garantissant des installations faciles, rapides et s\u00fbres.\" \/>\n<meta name=\"robots\" content=\"index, follow, max-snippet:-1, max-image-preview:large, max-video-preview:-1\" \/>\n<link rel=\"canonical\" href=\"https:\/\/www.walraven.com\/be-fr\/channel-systems\/\" \/>\n<meta property=\"og:locale\" content=\"fr_FR\" \/>\n<meta property=\"og:type\" content=\"article\" \/>\n<meta property=\"og:title\" content=\"Les syst\u00e8mes de rails Walraven simplifient l&#039;installation des syst\u00e8mes de chauffage, de ventilation et de climatisation (CVC)\" \/>\n<meta property=\"og:description\" content=\"D\u00e9couvrez pourquoi les professionnels du chauffage, de la ventilation et de la climatisation font confiance \u00e0 Walraven pour des installations efficaces et sans souci. Nos solutions compl\u00e8tes et modulaires s&#039;adaptent \u00e0 une grande vari\u00e9t\u00e9 de besoins, des applications l\u00e9g\u00e8res aux applications lourdes. La gamme \u00e9tendue d&#039;accessoires pr\u00eats \u00e0 l&#039;emploi am\u00e9liore consid\u00e9rablement les performances sur le terrain, garantissant des installations faciles, rapides et s\u00fbres.\" \/>\n<meta property=\"og:url\" content=\"https:\/\/www.walraven.com\/be-fr\/channel-systems\/\" \/>\n<meta property=\"og:site_name\" content=\"Walraven Belgique\" \/>\n<meta property=\"article:publisher\" content=\"https:\/\/www.facebook.com\/walravenbelgie\" \/>\n<meta property=\"article:modified_time\" content=\"2025-12-09T15:37:37+00:00\" \/>\n<meta name=\"twitter:card\" content=\"summary_large_image\" \/>\n<meta name=\"twitter:label1\" content=\"Dur\u00e9e de lecture est.\" \/>\n\t<meta name=\"twitter:data1\" content=\"5 minutes\" \/>\n<script type=\"application\/ld+json\" class=\"yoast-schema-graph\">{\"@context\":\"https:\\\/\\\/schema.org\",\"@graph\":[{\"@type\":\"WebPage\",\"@id\":\"https:\\\/\\\/www.walraven.com\\\/be-fr\\\/channel-systems\\\/\",\"url\":\"https:\\\/\\\/www.walraven.com\\\/be-fr\\\/channel-systems\\\/\",\"name\":\"Les syst\u00e8mes de rails Walraven simplifient l'installation des syst\u00e8mes de chauffage, de ventilation et de climatisation (CVC) - Walraven Belgique\",\"isPartOf\":{\"@id\":\"https:\\\/\\\/www.walraven.com\\\/be-fr\\\/#website\"},\"datePublished\":\"2025-10-17T10:02:34+00:00\",\"dateModified\":\"2025-12-09T15:37:37+00:00\",\"description\":\"D\u00e9couvrez pourquoi les professionnels du chauffage, de la ventilation et de la climatisation font confiance \u00e0 Walraven pour des installations efficaces et sans souci. Nos solutions compl\u00e8tes et modulaires s'adaptent \u00e0 une grande vari\u00e9t\u00e9 de besoins, des applications l\u00e9g\u00e8res aux applications lourdes. La gamme \u00e9tendue d'accessoires pr\u00eats \u00e0 l'emploi am\u00e9liore consid\u00e9rablement les performances sur le terrain, garantissant des installations faciles, rapides et s\u00fbres.\",\"breadcrumb\":{\"@id\":\"https:\\\/\\\/www.walraven.com\\\/be-fr\\\/channel-systems\\\/#breadcrumb\"},\"inLanguage\":\"fr-BE\",\"potentialAction\":[{\"@type\":\"ReadAction\",\"target\":[\"https:\\\/\\\/www.walraven.com\\\/be-fr\\\/channel-systems\\\/\"]}]},{\"@type\":\"BreadcrumbList\",\"@id\":\"https:\\\/\\\/www.walraven.com\\\/be-fr\\\/channel-systems\\\/#breadcrumb\",\"itemListElement\":[{\"@type\":\"ListItem\",\"position\":1,\"name\":\"Accueil\",\"item\":\"https:\\\/\\\/www.walraven.com\\\/be-fr\\\/\"},{\"@type\":\"ListItem\",\"position\":2,\"name\":\"Les syst\u00e8mes de rails Walraven simplifient l&rsquo;installation des syst\u00e8mes de chauffage, de ventilation et de climatisation (CVC)\"}]},{\"@type\":\"WebSite\",\"@id\":\"https:\\\/\\\/www.walraven.com\\\/be-fr\\\/#website\",\"url\":\"https:\\\/\\\/www.walraven.com\\\/be-fr\\\/\",\"name\":\"Walraven Belgique\",\"description\":\"\",\"publisher\":{\"@id\":\"https:\\\/\\\/www.walraven.com\\\/be-fr\\\/#organization\"},\"potentialAction\":[{\"@type\":\"SearchAction\",\"target\":{\"@type\":\"EntryPoint\",\"urlTemplate\":\"https:\\\/\\\/www.walraven.com\\\/be-fr\\\/?s={search_term_string}\"},\"query-input\":{\"@type\":\"PropertyValueSpecification\",\"valueRequired\":true,\"valueName\":\"search_term_string\"}}],\"inLanguage\":\"fr-BE\"},{\"@type\":\"Organization\",\"@id\":\"https:\\\/\\\/www.walraven.com\\\/be-fr\\\/#organization\",\"name\":\"Walraven BV\",\"alternateName\":\"Walraven BV\",\"url\":\"https:\\\/\\\/www.walraven.com\\\/be-fr\\\/\",\"logo\":{\"@type\":\"ImageObject\",\"inLanguage\":\"fr-BE\",\"@id\":\"https:\\\/\\\/www.walraven.com\\\/be-fr\\\/#\\\/schema\\\/logo\\\/image\\\/\",\"url\":\"https:\\\/\\\/www.walraven.com\\\/be-fr\\\/wp-content\\\/uploads\\\/sites\\\/17\\\/2023\\\/12\\\/Walraven_logo300x300.jpg\",\"contentUrl\":\"https:\\\/\\\/www.walraven.com\\\/be-fr\\\/wp-content\\\/uploads\\\/sites\\\/17\\\/2023\\\/12\\\/Walraven_logo300x300.jpg\",\"width\":300,\"height\":300,\"caption\":\"Walraven BV\"},\"image\":{\"@id\":\"https:\\\/\\\/www.walraven.com\\\/be-fr\\\/#\\\/schema\\\/logo\\\/image\\\/\"},\"sameAs\":[\"https:\\\/\\\/www.facebook.com\\\/walravenbelgie\",\"https:\\\/\\\/www.linkedin.com\\\/company\\\/walraven-belgique\\\/\",\"https:\\\/\\\/www.youtube.com\\\/user\\\/WalravenBEFR\"]}]}<\/script>\n<!-- \/ Yoast SEO Premium plugin. -->","yoast_head_json":{"title":"Les syst\u00e8mes de rails Walraven simplifient l'installation des syst\u00e8mes de chauffage, de ventilation et de climatisation (CVC) - Walraven Belgique","description":"D\u00e9couvrez pourquoi les professionnels du chauffage, de la ventilation et de la climatisation font confiance \u00e0 Walraven pour des installations efficaces et sans souci. Nos solutions compl\u00e8tes et modulaires s'adaptent \u00e0 une grande vari\u00e9t\u00e9 de besoins, des applications l\u00e9g\u00e8res aux applications lourdes. La gamme \u00e9tendue d'accessoires pr\u00eats \u00e0 l'emploi am\u00e9liore consid\u00e9rablement les performances sur le terrain, garantissant des installations faciles, rapides et s\u00fbres.","robots":{"index":"index","follow":"follow","max-snippet":"max-snippet:-1","max-image-preview":"max-image-preview:large","max-video-preview":"max-video-preview:-1"},"canonical":"https:\/\/www.walraven.com\/be-fr\/channel-systems\/","og_locale":"fr_FR","og_type":"article","og_title":"Les syst\u00e8mes de rails Walraven simplifient l'installation des syst\u00e8mes de chauffage, de ventilation et de climatisation (CVC)","og_description":"D\u00e9couvrez pourquoi les professionnels du chauffage, de la ventilation et de la climatisation font confiance \u00e0 Walraven pour des installations efficaces et sans souci. Nos solutions compl\u00e8tes et modulaires s'adaptent \u00e0 une grande vari\u00e9t\u00e9 de besoins, des applications l\u00e9g\u00e8res aux applications lourdes. La gamme \u00e9tendue d'accessoires pr\u00eats \u00e0 l'emploi am\u00e9liore consid\u00e9rablement les performances sur le terrain, garantissant des installations faciles, rapides et s\u00fbres.","og_url":"https:\/\/www.walraven.com\/be-fr\/channel-systems\/","og_site_name":"Walraven Belgique","article_publisher":"https:\/\/www.facebook.com\/walravenbelgie","article_modified_time":"2025-12-09T15:37:37+00:00","twitter_card":"summary_large_image","twitter_misc":{"Dur\u00e9e de lecture est.":"5 minutes"},"schema":{"@context":"https:\/\/schema.org","@graph":[{"@type":"WebPage","@id":"https:\/\/www.walraven.com\/be-fr\/channel-systems\/","url":"https:\/\/www.walraven.com\/be-fr\/channel-systems\/","name":"Les syst\u00e8mes de rails Walraven simplifient l'installation des syst\u00e8mes de chauffage, de ventilation et de climatisation (CVC) - Walraven Belgique","isPartOf":{"@id":"https:\/\/www.walraven.com\/be-fr\/#website"},"datePublished":"2025-10-17T10:02:34+00:00","dateModified":"2025-12-09T15:37:37+00:00","description":"D\u00e9couvrez pourquoi les professionnels du chauffage, de la ventilation et de la climatisation font confiance \u00e0 Walraven pour des installations efficaces et sans souci. Nos solutions compl\u00e8tes et modulaires s'adaptent \u00e0 une grande vari\u00e9t\u00e9 de besoins, des applications l\u00e9g\u00e8res aux applications lourdes. La gamme \u00e9tendue d'accessoires pr\u00eats \u00e0 l'emploi am\u00e9liore consid\u00e9rablement les performances sur le terrain, garantissant des installations faciles, rapides et s\u00fbres.","breadcrumb":{"@id":"https:\/\/www.walraven.com\/be-fr\/channel-systems\/#breadcrumb"},"inLanguage":"fr-BE","potentialAction":[{"@type":"ReadAction","target":["https:\/\/www.walraven.com\/be-fr\/channel-systems\/"]}]},{"@type":"BreadcrumbList","@id":"https:\/\/www.walraven.com\/be-fr\/channel-systems\/#breadcrumb","itemListElement":[{"@type":"ListItem","position":1,"name":"Accueil","item":"https:\/\/www.walraven.com\/be-fr\/"},{"@type":"ListItem","position":2,"name":"Les syst\u00e8mes de rails Walraven simplifient l&rsquo;installation des syst\u00e8mes de chauffage, de ventilation et de climatisation (CVC)"}]},{"@type":"WebSite","@id":"https:\/\/www.walraven.com\/be-fr\/#website","url":"https:\/\/www.walraven.com\/be-fr\/","name":"Walraven Belgique","description":"","publisher":{"@id":"https:\/\/www.walraven.com\/be-fr\/#organization"},"potentialAction":[{"@type":"SearchAction","target":{"@type":"EntryPoint","urlTemplate":"https:\/\/www.walraven.com\/be-fr\/?s={search_term_string}"},"query-input":{"@type":"PropertyValueSpecification","valueRequired":true,"valueName":"search_term_string"}}],"inLanguage":"fr-BE"},{"@type":"Organization","@id":"https:\/\/www.walraven.com\/be-fr\/#organization","name":"Walraven BV","alternateName":"Walraven BV","url":"https:\/\/www.walraven.com\/be-fr\/","logo":{"@type":"ImageObject","inLanguage":"fr-BE","@id":"https:\/\/www.walraven.com\/be-fr\/#\/schema\/logo\/image\/","url":"https:\/\/www.walraven.com\/be-fr\/wp-content\/uploads\/sites\/17\/2023\/12\/Walraven_logo300x300.jpg","contentUrl":"https:\/\/www.walraven.com\/be-fr\/wp-content\/uploads\/sites\/17\/2023\/12\/Walraven_logo300x300.jpg","width":300,"height":300,"caption":"Walraven BV"},"image":{"@id":"https:\/\/www.walraven.com\/be-fr\/#\/schema\/logo\/image\/"},"sameAs":["https:\/\/www.facebook.com\/walravenbelgie","https:\/\/www.linkedin.com\/company\/walraven-belgique\/","https:\/\/www.youtube.com\/user\/WalravenBEFR"]}]}},"_links":{"self":[{"href":"https:\/\/www.walraven.com\/be-fr\/wp-json\/wp\/v2\/pages\/68322","targetHints":{"allow":["GET"]}}],"collection":[{"href":"https:\/\/www.walraven.com\/be-fr\/wp-json\/wp\/v2\/pages"}],"about":[{"href":"https:\/\/www.walraven.com\/be-fr\/wp-json\/wp\/v2\/types\/page"}],"author":[{"embeddable":true,"href":"https:\/\/www.walraven.com\/be-fr\/wp-json\/wp\/v2\/users\/62"}],"replies":[{"embeddable":true,"href":"https:\/\/www.walraven.com\/be-fr\/wp-json\/wp\/v2\/comments?post=68322"}],"version-history":[{"count":5,"href":"https:\/\/www.walraven.com\/be-fr\/wp-json\/wp\/v2\/pages\/68322\/revisions"}],"predecessor-version":[{"id":68616,"href":"https:\/\/www.walraven.com\/be-fr\/wp-json\/wp\/v2\/pages\/68322\/revisions\/68616"}],"wp:attachment":[{"href":"https:\/\/www.walraven.com\/be-fr\/wp-json\/wp\/v2\/media?parent=68322"}],"curies":[{"name":"wp","href":"https:\/\/api.w.org\/{rel}","templated":true}]}}