{"id":62630,"date":"2021-12-08T15:10:52","date_gmt":"2021-12-08T14:10:52","guid":{"rendered":"https:\/\/www.walraven.com\/be-nl\/?page_id=62630"},"modified":"2022-02-16T10:03:16","modified_gmt":"2022-02-16T09:03:16","slug":"de-basics-van-trillingen","status":"publish","type":"page","link":"https:\/\/www.walraven.com\/be-nl\/de-basics-van-trillingen\/","title":{"rendered":"De basics van trillingen"},"content":{"rendered":"<h3>Wat zijn trillingen en waarom wil je ze vermijden ?<\/h3>\n<p>Naarmate meer gebruikers van gebouwen worden gestoord door mechanische trillingen en door geluidstrillingen afkomstig van mechanische apparatuur, is de HVAC-sector meer aandacht gaan besteden aan het akoestisch ontwerp van mechanische apparatuur en installaties. Maar voordat we onderzoeken en voorbeelden delen van hoe trillingen kunnen worden voorkomen, laten we eens kijken naar de definitie en de bijwerkingen van trillingen.<\/p>\n<h3>Wat zijn trillingen?<\/h3>\n<p>In eenvoudige bewoordingen is een trilling een mechanisch fenomeen waarbij oscillaties optreden rond een evenwichtspunt. In sommige gevallen kan dit wenselijk zijn, zoals in het geval van een beweging van de snaar van een gitaar, maar vaak is een trilling ongewenst omdat het ongewenst geluid en ongemak veroorzaakt. Typische voorbeelden van ongewenste trillingen zijn de trillingsbewegingen van motoren, elektromotoren of andere mechanische apparaten die in werking zijn.<\/p>\n<h3 id=\"tw-target-text\" class=\"tw-data-text tw-text-large tw-ta\" data-placeholder=\"Vertaling\">De geluidseffecten van trillingen<\/h3>\n<p>In de HVAC-context worden geluiden meestal gegenereerd als gevolg van trillingen van een apparaat. Desalniettemin kunnen sommige soorten trillingen ook geluidseffecten genereren die niet door mensen worden gedetecteerd. Maar het is belangrijk om te weten dat onopgemerkte geluidseffecten ook van invloed kunnen zijn op de gezondheid en het welzijn van gebruikers van gebouwen. Daarom is de beste manier om geluid, zowel detecteerbaar als niet-detecteerbaar, te verminderen door de trillingen die worden geproduceerd door mechanische apparatuur in de eerste plaats te beperken.<\/p>\n<h3 id=\"tw-target-text\" class=\"tw-data-text tw-text-large tw-ta\" data-placeholder=\"Vertaling\">Wat zijn de meest voorkomende bronnen van trillingen in gebouwen?<\/h3>\n<p>HVAC-apparatuur die stevig aan een plaat, muur of plafond is bevestigd, kan trillingen in de draagconstructie overbrengen en zeer ongewenste niveaus van constructiegeluid veroorzaken. Dit geluid kan ver reizen en kan zich zelfs door het hele gebouw verspreiden. Net als apparatuur kunnen leidingen en leidingwerk fungeren als overdragers van constructiegeluid als ze vast zijn verbonden met trillende apparatuur.<\/p>\n<h3>Het is niet alleen het ongewenste geluid, maar er is meer aan de hand<\/h3>\n<p id=\"tw-target-text\" class=\"tw-data-text tw-text-large tw-ta\" dir=\"ltr\" data-placeholder=\"Vertaling\">Naast het ongewenste geluid kunnen regelmatige en terugkerende trillingen andere problemen veroorzaken die van invloed kunnen zijn op de apparatuur, het gebouw en zijn gebruikers. Deze problemen zijn bijvoorbeeld:<\/p>\n<ul>\n<li>ongemak cre\u00ebren voor mensen<\/li>\n<li>verminderde veiligheid van degenen die zich in de buurt van de trillende apparatuur bevinden<\/li>\n<li>negatieve gevolgen voor de structuur van het gebouw<\/li>\n<li>verhoogde onderhoudsvereisten voor de apparatuur<\/li>\n<li>verminderde levensduur van de apparatuur<\/li>\n<li>onjuiste bediening van de apparatuur<\/li>\n<li>schending van wettelijke vereisten<\/li>\n<\/ul>\n<h3>Hoe trillingen oplossen ?<\/h3>\n<p>Net als apparatuur kunnen buizen, leidingwerk en (lucht)kanalen fungeren als overdragers van constructiegeluid als ze vast zijn verbonden met trillende apparatuur.<\/p>\n<h3>Voorkomen is makkelijker en goedkoper dan corrigeren!<\/h3>\n<p>Het corrigeren van een geluids- of trillings(over-)last kan veel duurder zijn dan het aanpakken van de uitdaging v\u00f3\u00f3r de installatie van de apparatuur. De kost van de correctie kan de tijd omvatten die nodig is om het onderzoek te co\u00f6rdineren, rechtstreekse betalingen aan de aannemer van de renovatie uit te voeren alsook de mogelijke vergoedingen die worden betaald aan de gebouwgebruikers die klachten hebben ingediend. Probeer daarom altijd trillings- en geluidsproblemen te voorkomen in plaats van ze te corrigeren. De verwaarloosbare extra kosten voor preventie (meestal ongeveer 1% tot 2% van de totale kosten van het HVAC-systeem) zijn goed besteed geld in vergelijking met het op \u00e9\u00e9n na beste alternatief, namelijk het corrigeren van de bestaande situatie.<\/p>\n<h3>Leer meer over de anti-trilling oplossingen van Walraven<\/h3>\n<p>In het Walraven gamma vindt u een compleet assortiment rubberen en metalen vibro-akoestische isolatoren van trillingsdempers, steunen en veren om trillingsproblemen in HVAC-installaties te elimineren. De isolatoren kunnen ook eenvoudig worden ge\u00efntegreerd met andere typische <a href=\"https:\/\/www.walraven.com\/be-nl\/Producten\/buisbevestiging\/\">buisbevestigingen<\/a>, <a href=\"https:\/\/www.walraven.com\/be-nl\/bevestigingssystemen\/bis-rapidstrut\/\">railondersteuning<\/a> of <a href=\"https:\/\/www.walraven.com\/be-nl\/dakmontage\/\">dakinstallaties<\/a>.<\/p>\n<p>&nbsp;<\/p>\n<p><a href=\"https:\/\/www.walraven.com\/be-nl\/Producten\/trillingen-en-akoestische-isolatie\/\">Lees verder<\/a><\/p>\n","protected":false},"excerpt":{"rendered":"<p>Wat zijn trillingen en waarom wil je ze vermijden ? Naarmate meer gebruikers van gebouwen worden gestoord door mechanische trillingen en door geluidstrillingen afkomstig van mechanische apparatuur, is de HVAC-sector meer aandacht gaan besteden aan het akoestisch ontwerp van mechanische apparatuur en installaties. Maar voordat we onderzoeken en voorbeelden delen van hoe trillingen kunnen worden [&hellip;]<\/p>\n","protected":false},"author":24,"featured_media":0,"parent":0,"menu_order":0,"comment_status":"closed","ping_status":"closed","template":"","meta":{"_acf_changed":false,"footnotes":""},"class_list":["post-62630","page","type-page","status-publish","hentry"],"acf":[],"yoast_head":"<!-- This site is optimized with the Yoast SEO Premium plugin v27.3 (Yoast SEO v27.3) - https:\/\/yoast.com\/product\/yoast-seo-premium-wordpress\/ -->\n<title>De basics van trillingen - Walraven Belgi\u00eb<\/title>\n<meta name=\"robots\" content=\"index, follow, max-snippet:-1, max-image-preview:large, max-video-preview:-1\" \/>\n<link rel=\"canonical\" href=\"https:\/\/www.walraven.com\/be-nl\/de-basics-van-trillingen\/\" \/>\n<meta property=\"og:locale\" content=\"nl_BE\" \/>\n<meta property=\"og:type\" content=\"article\" \/>\n<meta property=\"og:title\" content=\"De basics van trillingen\" \/>\n<meta property=\"og:description\" content=\"Wat zijn trillingen en waarom wil je ze vermijden ? Naarmate meer gebruikers van gebouwen worden gestoord door mechanische trillingen en door geluidstrillingen afkomstig van mechanische apparatuur, is de HVAC-sector meer aandacht gaan besteden aan het akoestisch ontwerp van mechanische apparatuur en installaties. Maar voordat we onderzoeken en voorbeelden delen van hoe trillingen kunnen worden [&hellip;]\" \/>\n<meta property=\"og:url\" content=\"https:\/\/www.walraven.com\/be-nl\/de-basics-van-trillingen\/\" \/>\n<meta property=\"og:site_name\" content=\"Walraven Belgi\u00eb\" \/>\n<meta property=\"article:publisher\" content=\"https:\/\/www.facebook.com\/walravenbelgie\" \/>\n<meta property=\"article:modified_time\" content=\"2022-02-16T09:03:16+00:00\" \/>\n<meta name=\"twitter:card\" content=\"summary_large_image\" \/>\n<meta name=\"twitter:label1\" content=\"Geschatte leestijd\" \/>\n\t<meta name=\"twitter:data1\" content=\"3 minuten\" \/>\n<script type=\"application\/ld+json\" class=\"yoast-schema-graph\">{\"@context\":\"https:\\\/\\\/schema.org\",\"@graph\":[{\"@type\":\"WebPage\",\"@id\":\"https:\\\/\\\/www.walraven.com\\\/be-nl\\\/de-basics-van-trillingen\\\/\",\"url\":\"https:\\\/\\\/www.walraven.com\\\/be-nl\\\/de-basics-van-trillingen\\\/\",\"name\":\"De basics van trillingen - Walraven Belgi\u00eb\",\"isPartOf\":{\"@id\":\"https:\\\/\\\/www.walraven.com\\\/be-nl\\\/#website\"},\"datePublished\":\"2021-12-08T14:10:52+00:00\",\"dateModified\":\"2022-02-16T09:03:16+00:00\",\"breadcrumb\":{\"@id\":\"https:\\\/\\\/www.walraven.com\\\/be-nl\\\/de-basics-van-trillingen\\\/#breadcrumb\"},\"inLanguage\":\"nl-BE\",\"potentialAction\":[{\"@type\":\"ReadAction\",\"target\":[\"https:\\\/\\\/www.walraven.com\\\/be-nl\\\/de-basics-van-trillingen\\\/\"]}]},{\"@type\":\"BreadcrumbList\",\"@id\":\"https:\\\/\\\/www.walraven.com\\\/be-nl\\\/de-basics-van-trillingen\\\/#breadcrumb\",\"itemListElement\":[{\"@type\":\"ListItem\",\"position\":1,\"name\":\"Home\",\"item\":\"https:\\\/\\\/www.walraven.com\\\/be-nl\\\/\"},{\"@type\":\"ListItem\",\"position\":2,\"name\":\"De basics van trillingen\"}]},{\"@type\":\"WebSite\",\"@id\":\"https:\\\/\\\/www.walraven.com\\\/be-nl\\\/#website\",\"url\":\"https:\\\/\\\/www.walraven.com\\\/be-nl\\\/\",\"name\":\"Walraven Belgi\u00eb\",\"description\":\"\",\"publisher\":{\"@id\":\"https:\\\/\\\/www.walraven.com\\\/be-nl\\\/#organization\"},\"potentialAction\":[{\"@type\":\"SearchAction\",\"target\":{\"@type\":\"EntryPoint\",\"urlTemplate\":\"https:\\\/\\\/www.walraven.com\\\/be-nl\\\/?s={search_term_string}\"},\"query-input\":{\"@type\":\"PropertyValueSpecification\",\"valueRequired\":true,\"valueName\":\"search_term_string\"}}],\"inLanguage\":\"nl-BE\"},{\"@type\":\"Organization\",\"@id\":\"https:\\\/\\\/www.walraven.com\\\/be-nl\\\/#organization\",\"name\":\"Walraven BV\",\"alternateName\":\"Walraven BV\",\"url\":\"https:\\\/\\\/www.walraven.com\\\/be-nl\\\/\",\"logo\":{\"@type\":\"ImageObject\",\"inLanguage\":\"nl-BE\",\"@id\":\"https:\\\/\\\/www.walraven.com\\\/be-nl\\\/#\\\/schema\\\/logo\\\/image\\\/\",\"url\":\"https:\\\/\\\/www.walraven.com\\\/be-nl\\\/wp-content\\\/uploads\\\/sites\\\/16\\\/2023\\\/12\\\/Walraven_logo300x300.jpg\",\"contentUrl\":\"https:\\\/\\\/www.walraven.com\\\/be-nl\\\/wp-content\\\/uploads\\\/sites\\\/16\\\/2023\\\/12\\\/Walraven_logo300x300.jpg\",\"width\":300,\"height\":300,\"caption\":\"Walraven BV\"},\"image\":{\"@id\":\"https:\\\/\\\/www.walraven.com\\\/be-nl\\\/#\\\/schema\\\/logo\\\/image\\\/\"},\"sameAs\":[\"https:\\\/\\\/www.facebook.com\\\/walravenbelgie\",\"https:\\\/\\\/www.youtube.com\\\/user\\\/WalravenBENL\",\"https:\\\/\\\/www.linkedin.com\\\/company\\\/walraven-belgi\\\/\"]}]}<\/script>\n<!-- \/ Yoast SEO Premium plugin. -->","yoast_head_json":{"title":"De basics van trillingen - Walraven Belgi\u00eb","robots":{"index":"index","follow":"follow","max-snippet":"max-snippet:-1","max-image-preview":"max-image-preview:large","max-video-preview":"max-video-preview:-1"},"canonical":"https:\/\/www.walraven.com\/be-nl\/de-basics-van-trillingen\/","og_locale":"nl_BE","og_type":"article","og_title":"De basics van trillingen","og_description":"Wat zijn trillingen en waarom wil je ze vermijden ? Naarmate meer gebruikers van gebouwen worden gestoord door mechanische trillingen en door geluidstrillingen afkomstig van mechanische apparatuur, is de HVAC-sector meer aandacht gaan besteden aan het akoestisch ontwerp van mechanische apparatuur en installaties. Maar voordat we onderzoeken en voorbeelden delen van hoe trillingen kunnen worden [&hellip;]","og_url":"https:\/\/www.walraven.com\/be-nl\/de-basics-van-trillingen\/","og_site_name":"Walraven Belgi\u00eb","article_publisher":"https:\/\/www.facebook.com\/walravenbelgie","article_modified_time":"2022-02-16T09:03:16+00:00","twitter_card":"summary_large_image","twitter_misc":{"Geschatte leestijd":"3 minuten"},"schema":{"@context":"https:\/\/schema.org","@graph":[{"@type":"WebPage","@id":"https:\/\/www.walraven.com\/be-nl\/de-basics-van-trillingen\/","url":"https:\/\/www.walraven.com\/be-nl\/de-basics-van-trillingen\/","name":"De basics van trillingen - Walraven Belgi\u00eb","isPartOf":{"@id":"https:\/\/www.walraven.com\/be-nl\/#website"},"datePublished":"2021-12-08T14:10:52+00:00","dateModified":"2022-02-16T09:03:16+00:00","breadcrumb":{"@id":"https:\/\/www.walraven.com\/be-nl\/de-basics-van-trillingen\/#breadcrumb"},"inLanguage":"nl-BE","potentialAction":[{"@type":"ReadAction","target":["https:\/\/www.walraven.com\/be-nl\/de-basics-van-trillingen\/"]}]},{"@type":"BreadcrumbList","@id":"https:\/\/www.walraven.com\/be-nl\/de-basics-van-trillingen\/#breadcrumb","itemListElement":[{"@type":"ListItem","position":1,"name":"Home","item":"https:\/\/www.walraven.com\/be-nl\/"},{"@type":"ListItem","position":2,"name":"De basics van trillingen"}]},{"@type":"WebSite","@id":"https:\/\/www.walraven.com\/be-nl\/#website","url":"https:\/\/www.walraven.com\/be-nl\/","name":"Walraven Belgi\u00eb","description":"","publisher":{"@id":"https:\/\/www.walraven.com\/be-nl\/#organization"},"potentialAction":[{"@type":"SearchAction","target":{"@type":"EntryPoint","urlTemplate":"https:\/\/www.walraven.com\/be-nl\/?s={search_term_string}"},"query-input":{"@type":"PropertyValueSpecification","valueRequired":true,"valueName":"search_term_string"}}],"inLanguage":"nl-BE"},{"@type":"Organization","@id":"https:\/\/www.walraven.com\/be-nl\/#organization","name":"Walraven BV","alternateName":"Walraven BV","url":"https:\/\/www.walraven.com\/be-nl\/","logo":{"@type":"ImageObject","inLanguage":"nl-BE","@id":"https:\/\/www.walraven.com\/be-nl\/#\/schema\/logo\/image\/","url":"https:\/\/www.walraven.com\/be-nl\/wp-content\/uploads\/sites\/16\/2023\/12\/Walraven_logo300x300.jpg","contentUrl":"https:\/\/www.walraven.com\/be-nl\/wp-content\/uploads\/sites\/16\/2023\/12\/Walraven_logo300x300.jpg","width":300,"height":300,"caption":"Walraven BV"},"image":{"@id":"https:\/\/www.walraven.com\/be-nl\/#\/schema\/logo\/image\/"},"sameAs":["https:\/\/www.facebook.com\/walravenbelgie","https:\/\/www.youtube.com\/user\/WalravenBENL","https:\/\/www.linkedin.com\/company\/walraven-belgi\/"]}]}},"_links":{"self":[{"href":"https:\/\/www.walraven.com\/be-nl\/wp-json\/wp\/v2\/pages\/62630","targetHints":{"allow":["GET"]}}],"collection":[{"href":"https:\/\/www.walraven.com\/be-nl\/wp-json\/wp\/v2\/pages"}],"about":[{"href":"https:\/\/www.walraven.com\/be-nl\/wp-json\/wp\/v2\/types\/page"}],"author":[{"embeddable":true,"href":"https:\/\/www.walraven.com\/be-nl\/wp-json\/wp\/v2\/users\/24"}],"replies":[{"embeddable":true,"href":"https:\/\/www.walraven.com\/be-nl\/wp-json\/wp\/v2\/comments?post=62630"}],"version-history":[{"count":5,"href":"https:\/\/www.walraven.com\/be-nl\/wp-json\/wp\/v2\/pages\/62630\/revisions"}],"predecessor-version":[{"id":62810,"href":"https:\/\/www.walraven.com\/be-nl\/wp-json\/wp\/v2\/pages\/62630\/revisions\/62810"}],"wp:attachment":[{"href":"https:\/\/www.walraven.com\/be-nl\/wp-json\/wp\/v2\/media?parent=62630"}],"curies":[{"name":"wp","href":"https:\/\/api.w.org\/{rel}","templated":true}]}}