{"id":347,"date":"2016-10-19T16:25:27","date_gmt":"2016-10-19T14:25:27","guid":{"rendered":"https:\/\/www.walraven.com\/?page_id=7155"},"modified":"2018-05-28T09:01:23","modified_gmt":"2018-05-28T07:01:23","slug":"cookies","status":"publish","type":"page","link":"https:\/\/www.walraven.com\/cz\/cookies\/","title":{"rendered":"Cookies"},"content":{"rendered":"<h2>1. Z\u00e1sady pou\u017eit\u00ed cookies a sledov\u00e1n\u00ed<\/h2>\n<p>www.walraven.com je webov\u00e1 str\u00e1nka vlastn\u011bn\u00e1 a provozovan\u00e1 spole\u010dnost\u00ed Walraven. Tato \u010d\u00e1st poskytuje informace o tom, jak\u00e9 soubory cookie mohou b\u00fdt nastaveny p\u0159i n\u00e1v\u0161t\u011bv\u011b webu a jak tyto soubory odm\u00edtnout nebo smazat. Pokra\u010dov\u00e1n\u00edm v&nbsp;pou\u017e\u00edv\u00e1n\u00ed t\u011bchto webov\u00fdch str\u00e1nek souhlas\u00edte s&nbsp;pou\u017e\u00edv\u00e1n\u00edm soubor\u016f cookie zp\u016fsobem popsan\u00fdm v&nbsp;t\u011bchto z\u00e1sad\u00e1ch.<\/p>\n<h3>1.1 Co jsou cookies?<\/h3>\n<p>Soubor cookie je mal\u00fd datov\u00fd soubor, kter\u00fd je um\u00edst\u011bn ve va\u0161em po\u010d\u00edta\u010di nebo jin\u00e9m za\u0159\u00edzen\u00ed, aby umo\u017enil webov\u00e9 str\u00e1nce rozpoznat v\u00e1s jako u\u017eivatele, kdy\u017e se vr\u00e1t\u00edte na web ze stejn\u00e9ho po\u010d\u00edta\u010de a webov\u00e9ho prohl\u00ed\u017ee\u010de, a to bu\u010f po dobu va\u0161\u00ed n\u00e1v\u0161t\u011bvy (pomoc\u00ed \u2018cookie relace&#8216;) nebo pro opakovan\u00e9 n\u00e1v\u0161t\u011bvy (&#8218;trval\u00fd soubor cookie&#8216;). Jin\u00e9 podobn\u00e9 soubory pracuj\u00ed stejn\u00fdm zp\u016fsobem a v&nbsp;t\u011bchto Z\u00e1sad\u00e1ch pou\u017e\u00edv\u00e1me slovo &#8222;cookie&#8220; jako odkaz na v\u0161echny soubory, kter\u00e9 shroma\u017e\u010fuj\u00ed informace t\u00edmto zp\u016fsobem.<\/p>\n<p>Soubory cookie jsou velmi b\u011b\u017enou technologi\u00ed pro zapamatov\u00e1n\u00ed ur\u010dit\u00fdch informac\u00ed o n\u00e1v\u0161t\u011bvn\u00edc\u00edch webov\u00fdch str\u00e1nek. V\u011bt\u0161ina webov\u00fdch str\u00e1nek v&nbsp;sou\u010dasn\u00e9 dob\u011b vyu\u017e\u00edv\u00e1 cookies a b\u011b\u017en\u011b se pou\u017e\u00edvaj\u00ed pro \u0161irokou \u0161k\u00e1lu \u00fakol\u016f. My pou\u017e\u00edv\u00e1me n\u00e1sleduj\u00edc\u00ed soubory cookie:<\/p>\n<ul>\n<li>nezbytn\u011b nutn\u00e9 soubory cookie: nutn\u00e9 pro provoz webov\u00fdch str\u00e1nek;<\/li>\n<li>analytick\u00e9 \/ v\u00fdkonn\u00e9 soubory cookie: na anal\u00fdzu vyu\u017eit\u00ed webu, nap\u0159\u00edklad rozpozn\u00e1v\u00e1n\u00ed a po\u010d\u00edt\u00e1n\u00ed po\u010dtu n\u00e1v\u0161t\u011bvn\u00edk\u016f a zp\u016fsobu, jak\u00fdm se pohybuj\u00ed po webu. To n\u00e1m pom\u00e1h\u00e1 zjistit, kter\u00e9 \u010d\u00e1sti webu jsou obl\u00edben\u00e9 a kter\u00e9 sekce pot\u0159ebuj\u00ed zlep\u0161it, aby u\u017eivatel\u00e9 m\u011bli lep\u0161\u00ed zku\u0161enost s&nbsp;webem.<\/li>\n<li>funk\u010dn\u00ed soubory cookie: na va\u0161e rozpozn\u00e1n\u00ed, kdy\u017e se vr\u00e1t\u00edte na str\u00e1nky, aby se v\u00e1m mohl p\u0159izp\u016fsobit obsah, nap\u0159\u00edklad pamatov\u00e1n\u00edm si p\u0159edvolby va\u0161\u00ed zem\u011b a nastaven\u00ed webu; a<\/li>\n<li>c\u00edlen\u00e9 soubory cookie: na zaznamen\u00e1n\u00ed va\u0161\u00ed n\u00e1v\u0161t\u011bvy webu, str\u00e1nek, kter\u00e9 jste nav\u0161t\u00edvili, a odkaz\u016f, kter\u00e9 jste sledovali. Pou\u017eijeme je k&nbsp;tomu, aby se web v\u00edce p\u0159izp\u016fsobil va\u0161im z\u00e1jm\u016fm.<\/li>\n<\/ul>\n<p>Tento dokument poskytuje informace o konkr\u00e9tn\u00edch cookies pou\u017eit\u00fdch na tomto webu.<\/p>\n<h3>1.2\u00a0Jak ovl\u00e1dat a mazat soubory cookie<\/h3>\n<p>Kdy\u017e jste se vstoupili na web, dostali jste zpr\u00e1vu, kter\u00e1 v\u00e1s upozornila na pou\u017e\u00edv\u00e1n\u00ed cookies. Mus\u00edme pou\u017e\u00edt cookie, abychom v\u00e1m tuto informaci p\u0159edali (podrobnosti o tomto cookie naleznete v&nbsp;\u010d\u00e1sti &#8222;Souhlas s&nbsp;cookie&#8220; v&nbsp;tabulce n\u00ed\u017ee). Pokud budete nad\u00e1le pou\u017e\u00edvat tento web, do po\u010d\u00edta\u010de budou um\u00edst\u011bny dal\u0161\u00ed soubory cookie a dal\u0161\u00ed technologie sledov\u00e1n\u00ed, jak je pops\u00e1no v&nbsp;tabulce v\u00fd\u0161e, aby se zlep\u0161ila u\u017eivatelsk\u00e1 zku\u0161enost s&nbsp;webem. Pokra\u010dov\u00e1n\u00edm v&nbsp;pou\u017e\u00edv\u00e1n\u00ed str\u00e1nek a \/ nebo p\u0159ijet\u00edm na\u0161ich Smluvn\u00edch podm\u00ednek a z\u00e1sad ochrany osobn\u00edch \u00fadaj\u016f souhlas\u00edte s&nbsp;pou\u017e\u00edv\u00e1n\u00edm t\u011bchto soubor\u016f cookie a technologi\u00ed sledov\u00e1n\u00ed..<\/p>\n<p>Cookies nebudeme pou\u017e\u00edvat ke shroma\u017e\u010fov\u00e1n\u00ed osobn\u011b identifikovateln\u00fdch informac\u00ed o v\u00e1s. Pokud v\u0161ak chcete omezit nebo zablokovat soubory cookie, kter\u00e9 jsou nastaveny t\u00edmto webem (nebo jak\u00fdmkoli jin\u00fdm webem), m\u016f\u017eete to prov\u00e9st prost\u0159ednictv\u00edm nastaven\u00ed prohl\u00ed\u017ee\u010de. Funkce &#8222;N\u00e1pov\u011bda&#8220; v&nbsp;prohl\u00ed\u017ee\u010di by v\u00e1m m\u011bla \u0159\u00edci, jak. Pokud jde o soubory cookie, kter\u00e9 jsou nastaveny t\u00edmto webem, je tyto cookie mo\u017en\u00e9 zak\u00e1zat podle pokyn\u016f uveden\u00fdch v&nbsp;\u010d\u00e1sti \u201cOdhl\u00e1sit se\u201d v&nbsp;ka\u017ed\u00e9 z&nbsp;n\u00ed\u017ee uveden\u00fdch tabulek.<\/p>\n<p>P\u0159\u00edpadn\u011b m\u016f\u017eete nav\u0161t\u00edvit web <a href=\"http:\/\/www.allaboutcookies.org\/\" target=\"_blank\" rel=\"noopener\">http:\/\/www.allaboutcookies.org\/<\/a>, kter\u00fd obsahuje komplexn\u00ed informace o tom, jak to ud\u011blat u \u0161irok\u00e9 \u0161k\u00e1ly prohl\u00ed\u017ee\u010d\u016f. Najdete zde tak\u00e9 podrobnosti o tom, jak odstranit soubory cookie z&nbsp;va\u0161eho po\u010d\u00edta\u010de, stejn\u011b jako obecn\u011bj\u0161\u00ed informace o souborech cookie. Vezm\u011bte, pros\u00edm, na v\u011bdom\u00ed, \u017ee vzhledem k&nbsp;tomu, \u017ee tyto webov\u00e9 str\u00e1nky nejsou ve vlastnictv\u00ed spole\u010dnosti Walraven, nep\u0159eb\u00edr\u00e1me \u017e\u00e1dnou odpov\u011bdnost za jejich obsah.<\/p>\n<p>Uv\u011bdomte si, pros\u00edm, \u017ee omezen\u00ed cookies m\u016f\u017ee zp\u016fsobit, \u017ee nebudete moci pln\u011b vyu\u017e\u00edt v\u0161ech funkc\u00ed nebo slu\u017eeb dostupn\u00fdch na t\u011bchto str\u00e1nk\u00e1ch.<\/p>\n<h3>1.3 Hlavn\u00ed cookies pou\u017e\u00edvan\u00e9 na na\u0161ich str\u00e1nk\u00e1ch<\/h3>\n<p>N\u00ed\u017ee je seznam hlavn\u00edch soubor\u016f cookie, kter\u00e9 se na webu pou\u017e\u00edvaj\u00ed a k&nbsp;\u010demu se ka\u017ed\u00fd pou\u017e\u00edv\u00e1<\/p>\n<table border=\"1\" cellspacing=\"5\" cellpadding=\"5\">\n<tbody>\n<tr>\n<td width=\"188\">N\u00e1zev cookie<\/td>\n<td width=\"421\">Google Analytics<\/td>\n<\/tr>\n<tr>\n<td width=\"188\">ID<\/td>\n<td width=\"421\">_ga<\/p>\n<p>_gat<\/td>\n<\/tr>\n<tr>\n<td width=\"188\">\u00da\u010del<\/td>\n<td width=\"421\">Tento soubor cookie n\u00e1m umo\u017e\u0148uje:<br \/>\nshroma\u017e\u010fovat informace o va\u0161em po\u010d\u00edta\u010di, v\u010detn\u011b va\u0161\u00ed IP adresy, opera\u010dn\u00edho syst\u00e9mu a typu prohl\u00ed\u017ee\u010de, pro spr\u00e1vu syst\u00e9mu a pro vytv\u00e1\u0159en\u00ed p\u0159ehled\u016f, odhadnout velikost publika a vzorce vyu\u017eit\u00ed; a anonymn\u011b sledovat akce na webu.<\/td>\n<\/tr>\n<tr>\n<td width=\"188\">Platnost do<\/td>\n<td width=\"421\">Toto je trval\u00fd soubor cookie, kter\u00fd z\u016fstane v&nbsp;za\u0159\u00edzen\u00ed po ukon\u010den\u00ed relace prohl\u00ed\u017een\u00ed.<\/td>\n<\/tr>\n<tr>\n<td width=\"188\">Zdroj cookie<\/td>\n<td width=\"421\">Google<\/td>\n<\/tr>\n<tr>\n<td width=\"188\">Dal\u0161\u00ed informace<\/td>\n<td width=\"421\">Tato str\u00e1nka pou\u017e\u00edv\u00e1 Google Analytics; webovou analytickou slu\u017ebu poskytovanou spole\u010dnost\u00ed Google, Inc. Google Analytics nastavuje soubor cookie, aby zhodnotil va\u0161e pou\u017e\u00edv\u00e1n\u00ed tohoto webu a sestavil pro n\u00e1s p\u0159ehledy o aktivit\u00e1ch na na\u0161ich webov\u00fdch str\u00e1nk\u00e1ch. Tento soubor cookie neshroma\u017e\u010fuje informace, kter\u00e9 identifikuj\u00ed jednotlivce. Informace o tom, jak tyto soubory cookie odm\u00edtnout nebo smazat, naleznete na<br \/>\n<a href=\"https:\/\/tools.google.com\/dlpage\/gaoptout\" target=\"_blank\" rel=\"noopener\">https:\/\/tools.google.com\/dlpage\/gaoptout<\/a>.<\/td>\n<\/tr>\n<\/tbody>\n<\/table>\n<h3>1.4 Cookies t\u0159et\u00edch stran<\/h3>\n<p>Vezm\u011bte, pros\u00edm, na v\u011bdom\u00ed, \u017ee pro zlep\u0161en\u00ed va\u0161ich dojm\u016f z&nbsp;webov\u00fdch str\u00e1nek mohou t\u0159et\u00ed strany pou\u017e\u00edvat cookies. N\u011bkdy nap\u0159\u00edklad vkl\u00e1d\u00e1me videoobsah z&nbsp;webov\u00fdch str\u00e1nek, jako je YouTube a YouTube m\u016f\u017ee v&nbsp;prohl\u00ed\u017ee\u010di nastavit soubory cookie, aby bylo mo\u017en\u00e9 video zobrazit a sledovat nep\u0159i\u0159azen\u00e9 statistick\u00e9 informace.<\/p>\n<p>D\u016fsledkem m\u016f\u017ee b\u00fdt, \u017ee kdy\u017e nav\u0161t\u00edv\u00edte str\u00e1nku s&nbsp;vlo\u017een\u00fdm obsahem, mohou v\u00e1m b\u00fdt zobrazeny soubory cookie z&nbsp;t\u011bchto webov\u00fdch str\u00e1nek. Nem\u00e1me kontrolu nad \u0161\u00ed\u0159en\u00edm t\u011bchto soubor\u016f cookie a vy byste si m\u011bli ov\u011b\u0159it dal\u0161\u00ed informace na p\u0159\u00edslu\u0161n\u00e9 webov\u00e9 str\u00e1nce t\u0159et\u00edch stran.<\/p>\n<p>Informace o Z\u00e1sad\u00e1ch ochrany osobn\u00edch \u00fadaj\u016f na YouTube naleznete zde: <a href=\"https:\/\/www.youtube.com\/static?template=privacy_guidelines\" target=\"_blank\" rel=\"noopener\">https:\/\/www.youtube.com\/static?template=privacy_guidelines<\/a>.<\/p>\n<h3>1.5 Sledov\u00e1n\u00ed e-mailu<\/h3>\n<p>N\u011bkter\u00e9 z&nbsp;e-mail\u016f, kter\u00e9 v\u00e1m po\u0161leme, mohou obsahovat odkazy na &#8222;pixel&#8220; nebo sledovan\u00e9 odkazy, kter\u00e9 n\u00e1m umo\u017e\u0148uj\u00ed zjistit, kdy jste otev\u0159eli e-mail a ov\u011b\u0159it, kter\u00e9 odkazy obsa\u017een\u00e9 v&nbsp;e-mailu jste otev\u0159eli. Tyto informace pou\u017e\u00edv\u00e1me k&nbsp;ur\u010den\u00ed, kter\u00e9 \u010d\u00e1sti na\u0161ich e-mail\u016f jsou pro v\u00e1s nejzaj\u00edmav\u011bj\u0161\u00ed.<\/p>\n<p>Pixel m\u016f\u017eete smazat smaz\u00e1n\u00edm e-mailu. Pokud si nep\u0159ejete stahovat pixel do po\u010d\u00edta\u010de nebo do jin\u00fdch za\u0159\u00edzen\u00ed, m\u016f\u017eete tomu zabr\u00e1nit volbou, \u017ee budete e-maily dost\u00e1vat v&nbsp;prost\u00e9m textu nam\u00edsto HTML.<\/p>\n<p>P\u0159\u00edpadn\u011b se m\u016f\u017eete odhl\u00e1sit z&nbsp;na\u0161eho mailing listu kliknut\u00edm na odkaz pro odhl\u00e1\u0161en\u00ed v&nbsp;e-mailu nebo kontaktov\u00e1n\u00edm na adrese \u00a0<a href=\"mailto:prodej.cz@walraven.com\">prodej.cz@walraven.com<\/a><\/p>\n<h3>1.6 Zm\u011bny<\/h3>\n<p>Tyto z\u00e1sady pou\u017e\u00edv\u00e1n\u00ed cookies m\u016f\u017eeme kdykoli zm\u011bnit tak, \u017ee na m\u00edst\u011b zve\u0159ejn\u00edme kopii revidovan\u00fdch z\u00e1sad. Ve\u0161ker\u00e9 zm\u011bny nab\u00fdvaj\u00ed \u00fa\u010dinnosti dnem, kdy zve\u0159ejn\u00edme upraven\u00e9 podm\u00ednky na webu. Dal\u0161\u00ed pou\u017e\u00edv\u00e1n\u00ed str\u00e1nek znamen\u00e1, \u017ee souhlas\u00edte se zm\u011bn\u011bn\u00fdmi z\u00e1sadami.<\/p>\n<h3>1.7 Kontaktujte n\u00e1s<\/h3>\n<p>M\u00e1te-li jak\u00e9koli dotazy nebo obavy ohledn\u011b soubor\u016f cookie nebo ochrany va\u0161eho soukrom\u00ed p\u0159i pou\u017e\u00edv\u00e1n\u00ed t\u011bchto str\u00e1nek, kontaktujte n\u00e1s pros\u00edm na adrese <a href=\"mailto:prodej.cz@walraven.com\">prodej.cz@walraven.com<\/a><\/p>\n","protected":false},"excerpt":{"rendered":"<p>1. Z\u00e1sady pou\u017eit\u00ed cookies a sledov\u00e1n\u00ed www.walraven.com je webov\u00e1 str\u00e1nka vlastn\u011bn\u00e1 a provozovan\u00e1 spole\u010dnost\u00ed Walraven. Tato \u010d\u00e1st poskytuje informace o tom, jak\u00e9 soubory cookie mohou b\u00fdt nastaveny p\u0159i n\u00e1v\u0161t\u011bv\u011b webu a jak tyto soubory odm\u00edtnout nebo smazat. Pokra\u010dov\u00e1n\u00edm v&nbsp;pou\u017e\u00edv\u00e1n\u00ed t\u011bchto webov\u00fdch str\u00e1nek souhlas\u00edte s&nbsp;pou\u017e\u00edv\u00e1n\u00edm soubor\u016f cookie zp\u016fsobem popsan\u00fdm v&nbsp;t\u011bchto z\u00e1sad\u00e1ch. 1.1 Co jsou cookies? Soubor [&hellip;]<\/p>\n","protected":false},"author":7,"featured_media":0,"parent":0,"menu_order":0,"comment_status":"closed","ping_status":"closed","template":"","meta":{"_acf_changed":false,"footnotes":""},"class_list":["post-347","page","type-page","status-publish","hentry"],"acf":[],"yoast_head":"<!-- This site is optimized with the Yoast SEO Premium plugin v27.3 (Yoast SEO v27.3) - https:\/\/yoast.com\/product\/yoast-seo-premium-wordpress\/ -->\n<title>Cookies - Walraven \u010cesk\u00e1 republika<\/title>\n<meta name=\"robots\" content=\"index, follow, max-snippet:-1, max-image-preview:large, max-video-preview:-1\" \/>\n<link rel=\"canonical\" href=\"https:\/\/www.walraven.com\/cz\/cookies\/\" \/>\n<meta property=\"og:locale\" content=\"cs_CZ\" \/>\n<meta property=\"og:type\" content=\"article\" \/>\n<meta property=\"og:title\" content=\"Cookies\" \/>\n<meta property=\"og:description\" content=\"1. Z\u00e1sady pou\u017eit\u00ed cookies a sledov\u00e1n\u00ed www.walraven.com je webov\u00e1 str\u00e1nka vlastn\u011bn\u00e1 a provozovan\u00e1 spole\u010dnost\u00ed Walraven. Tato \u010d\u00e1st poskytuje informace o tom, jak\u00e9 soubory cookie mohou b\u00fdt nastaveny p\u0159i n\u00e1v\u0161t\u011bv\u011b webu a jak tyto soubory odm\u00edtnout nebo smazat. Pokra\u010dov\u00e1n\u00edm v&nbsp;pou\u017e\u00edv\u00e1n\u00ed t\u011bchto webov\u00fdch str\u00e1nek souhlas\u00edte s&nbsp;pou\u017e\u00edv\u00e1n\u00edm soubor\u016f cookie zp\u016fsobem popsan\u00fdm v&nbsp;t\u011bchto z\u00e1sad\u00e1ch. 1.1 Co jsou cookies? Soubor [&hellip;]\" \/>\n<meta property=\"og:url\" content=\"https:\/\/www.walraven.com\/cz\/cookies\/\" \/>\n<meta property=\"og:site_name\" content=\"Walraven \u010cesk\u00e1 republika\" \/>\n<meta property=\"article:publisher\" content=\"https:\/\/www.facebook.com\/walravenczech\/\" \/>\n<meta property=\"article:modified_time\" content=\"2018-05-28T07:01:23+00:00\" \/>\n<meta name=\"twitter:card\" content=\"summary_large_image\" \/>\n<meta name=\"twitter:label1\" content=\"Odhadovan\u00e1 doba \u010dten\u00ed\" \/>\n\t<meta name=\"twitter:data1\" content=\"7 minut\" \/>\n<script type=\"application\/ld+json\" class=\"yoast-schema-graph\">{\"@context\":\"https:\\\/\\\/schema.org\",\"@graph\":[{\"@type\":\"WebPage\",\"@id\":\"https:\\\/\\\/www.walraven.com\\\/cz\\\/cookies\\\/\",\"url\":\"https:\\\/\\\/www.walraven.com\\\/cz\\\/cookies\\\/\",\"name\":\"Cookies - Walraven \u010cesk\u00e1 republika\",\"isPartOf\":{\"@id\":\"https:\\\/\\\/www.walraven.com\\\/cz\\\/#website\"},\"datePublished\":\"2016-10-19T14:25:27+00:00\",\"dateModified\":\"2018-05-28T07:01:23+00:00\",\"breadcrumb\":{\"@id\":\"https:\\\/\\\/www.walraven.com\\\/cz\\\/cookies\\\/#breadcrumb\"},\"inLanguage\":\"cs\",\"potentialAction\":[{\"@type\":\"ReadAction\",\"target\":[\"https:\\\/\\\/www.walraven.com\\\/cz\\\/cookies\\\/\"]}]},{\"@type\":\"BreadcrumbList\",\"@id\":\"https:\\\/\\\/www.walraven.com\\\/cz\\\/cookies\\\/#breadcrumb\",\"itemListElement\":[{\"@type\":\"ListItem\",\"position\":1,\"name\":\"\u00davod\",\"item\":\"https:\\\/\\\/www.walraven.com\\\/cz\\\/\"},{\"@type\":\"ListItem\",\"position\":2,\"name\":\"Cookies\"}]},{\"@type\":\"WebSite\",\"@id\":\"https:\\\/\\\/www.walraven.com\\\/cz\\\/#website\",\"url\":\"https:\\\/\\\/www.walraven.com\\\/cz\\\/\",\"name\":\"Walraven \u010cesk\u00e1 republika\",\"description\":\"\",\"publisher\":{\"@id\":\"https:\\\/\\\/www.walraven.com\\\/cz\\\/#organization\"},\"potentialAction\":[{\"@type\":\"SearchAction\",\"target\":{\"@type\":\"EntryPoint\",\"urlTemplate\":\"https:\\\/\\\/www.walraven.com\\\/cz\\\/?s={search_term_string}\"},\"query-input\":{\"@type\":\"PropertyValueSpecification\",\"valueRequired\":true,\"valueName\":\"search_term_string\"}}],\"inLanguage\":\"cs\"},{\"@type\":\"Organization\",\"@id\":\"https:\\\/\\\/www.walraven.com\\\/cz\\\/#organization\",\"name\":\"Walraven s.r.o.\",\"alternateName\":\"Walraven s.r.o.\",\"url\":\"https:\\\/\\\/www.walraven.com\\\/cz\\\/\",\"logo\":{\"@type\":\"ImageObject\",\"inLanguage\":\"cs\",\"@id\":\"https:\\\/\\\/www.walraven.com\\\/cz\\\/#\\\/schema\\\/logo\\\/image\\\/\",\"url\":\"https:\\\/\\\/www.walraven.com\\\/cz\\\/wp-content\\\/uploads\\\/sites\\\/7\\\/2023\\\/12\\\/Walraven_logo300x300.jpg\",\"contentUrl\":\"https:\\\/\\\/www.walraven.com\\\/cz\\\/wp-content\\\/uploads\\\/sites\\\/7\\\/2023\\\/12\\\/Walraven_logo300x300.jpg\",\"width\":300,\"height\":300,\"caption\":\"Walraven s.r.o.\"},\"image\":{\"@id\":\"https:\\\/\\\/www.walraven.com\\\/cz\\\/#\\\/schema\\\/logo\\\/image\\\/\"},\"sameAs\":[\"https:\\\/\\\/www.facebook.com\\\/walravenczech\\\/\",\"https:\\\/\\\/www.youtube.com\\\/channel\\\/UCKd440wCqHhmKODY1YrLToA\",\"https:\\\/\\\/www.linkedin.com\\\/company\\\/walravencz\",\"https:\\\/\\\/www.instagram.com\\\/walravencz\\\/\"]}]}<\/script>\n<!-- \/ Yoast SEO Premium plugin. -->","yoast_head_json":{"title":"Cookies - Walraven \u010cesk\u00e1 republika","robots":{"index":"index","follow":"follow","max-snippet":"max-snippet:-1","max-image-preview":"max-image-preview:large","max-video-preview":"max-video-preview:-1"},"canonical":"https:\/\/www.walraven.com\/cz\/cookies\/","og_locale":"cs_CZ","og_type":"article","og_title":"Cookies","og_description":"1. Z\u00e1sady pou\u017eit\u00ed cookies a sledov\u00e1n\u00ed www.walraven.com je webov\u00e1 str\u00e1nka vlastn\u011bn\u00e1 a provozovan\u00e1 spole\u010dnost\u00ed Walraven. Tato \u010d\u00e1st poskytuje informace o tom, jak\u00e9 soubory cookie mohou b\u00fdt nastaveny p\u0159i n\u00e1v\u0161t\u011bv\u011b webu a jak tyto soubory odm\u00edtnout nebo smazat. Pokra\u010dov\u00e1n\u00edm v&nbsp;pou\u017e\u00edv\u00e1n\u00ed t\u011bchto webov\u00fdch str\u00e1nek souhlas\u00edte s&nbsp;pou\u017e\u00edv\u00e1n\u00edm soubor\u016f cookie zp\u016fsobem popsan\u00fdm v&nbsp;t\u011bchto z\u00e1sad\u00e1ch. 1.1 Co jsou cookies? Soubor [&hellip;]","og_url":"https:\/\/www.walraven.com\/cz\/cookies\/","og_site_name":"Walraven \u010cesk\u00e1 republika","article_publisher":"https:\/\/www.facebook.com\/walravenczech\/","article_modified_time":"2018-05-28T07:01:23+00:00","twitter_card":"summary_large_image","twitter_misc":{"Odhadovan\u00e1 doba \u010dten\u00ed":"7 minut"},"schema":{"@context":"https:\/\/schema.org","@graph":[{"@type":"WebPage","@id":"https:\/\/www.walraven.com\/cz\/cookies\/","url":"https:\/\/www.walraven.com\/cz\/cookies\/","name":"Cookies - Walraven \u010cesk\u00e1 republika","isPartOf":{"@id":"https:\/\/www.walraven.com\/cz\/#website"},"datePublished":"2016-10-19T14:25:27+00:00","dateModified":"2018-05-28T07:01:23+00:00","breadcrumb":{"@id":"https:\/\/www.walraven.com\/cz\/cookies\/#breadcrumb"},"inLanguage":"cs","potentialAction":[{"@type":"ReadAction","target":["https:\/\/www.walraven.com\/cz\/cookies\/"]}]},{"@type":"BreadcrumbList","@id":"https:\/\/www.walraven.com\/cz\/cookies\/#breadcrumb","itemListElement":[{"@type":"ListItem","position":1,"name":"\u00davod","item":"https:\/\/www.walraven.com\/cz\/"},{"@type":"ListItem","position":2,"name":"Cookies"}]},{"@type":"WebSite","@id":"https:\/\/www.walraven.com\/cz\/#website","url":"https:\/\/www.walraven.com\/cz\/","name":"Walraven \u010cesk\u00e1 republika","description":"","publisher":{"@id":"https:\/\/www.walraven.com\/cz\/#organization"},"potentialAction":[{"@type":"SearchAction","target":{"@type":"EntryPoint","urlTemplate":"https:\/\/www.walraven.com\/cz\/?s={search_term_string}"},"query-input":{"@type":"PropertyValueSpecification","valueRequired":true,"valueName":"search_term_string"}}],"inLanguage":"cs"},{"@type":"Organization","@id":"https:\/\/www.walraven.com\/cz\/#organization","name":"Walraven s.r.o.","alternateName":"Walraven s.r.o.","url":"https:\/\/www.walraven.com\/cz\/","logo":{"@type":"ImageObject","inLanguage":"cs","@id":"https:\/\/www.walraven.com\/cz\/#\/schema\/logo\/image\/","url":"https:\/\/www.walraven.com\/cz\/wp-content\/uploads\/sites\/7\/2023\/12\/Walraven_logo300x300.jpg","contentUrl":"https:\/\/www.walraven.com\/cz\/wp-content\/uploads\/sites\/7\/2023\/12\/Walraven_logo300x300.jpg","width":300,"height":300,"caption":"Walraven s.r.o."},"image":{"@id":"https:\/\/www.walraven.com\/cz\/#\/schema\/logo\/image\/"},"sameAs":["https:\/\/www.facebook.com\/walravenczech\/","https:\/\/www.youtube.com\/channel\/UCKd440wCqHhmKODY1YrLToA","https:\/\/www.linkedin.com\/company\/walravencz","https:\/\/www.instagram.com\/walravencz\/"]}]}},"_links":{"self":[{"href":"https:\/\/www.walraven.com\/cz\/wp-json\/wp\/v2\/pages\/347","targetHints":{"allow":["GET"]}}],"collection":[{"href":"https:\/\/www.walraven.com\/cz\/wp-json\/wp\/v2\/pages"}],"about":[{"href":"https:\/\/www.walraven.com\/cz\/wp-json\/wp\/v2\/types\/page"}],"author":[{"embeddable":true,"href":"https:\/\/www.walraven.com\/cz\/wp-json\/wp\/v2\/users\/7"}],"replies":[{"embeddable":true,"href":"https:\/\/www.walraven.com\/cz\/wp-json\/wp\/v2\/comments?post=347"}],"version-history":[{"count":10,"href":"https:\/\/www.walraven.com\/cz\/wp-json\/wp\/v2\/pages\/347\/revisions"}],"predecessor-version":[{"id":50760,"href":"https:\/\/www.walraven.com\/cz\/wp-json\/wp\/v2\/pages\/347\/revisions\/50760"}],"wp:attachment":[{"href":"https:\/\/www.walraven.com\/cz\/wp-json\/wp\/v2\/media?parent=347"}],"curies":[{"name":"wp","href":"https:\/\/api.w.org\/{rel}","templated":true}]}}