{"id":348,"date":"2016-10-19T16:22:27","date_gmt":"2016-10-19T14:22:27","guid":{"rendered":"https:\/\/www.walraven.com\/?page_id=7147"},"modified":"2018-07-27T10:42:54","modified_gmt":"2018-07-27T08:42:54","slug":"odpovednost","status":"publish","type":"page","link":"https:\/\/www.walraven.com\/cz\/odpovednost\/","title":{"rendered":"Odm\u00edtnut\u00ed odpov\u011bdnosti"},"content":{"rendered":"<p>I p\u0159es pe\u010dlivou kontrolu obsahu nelze zaru\u010dit \u00faplnost, spr\u00e1vnost a aktu\u00e1lnost prezentovan\u00fdch informac\u00ed.<\/p>\n<p>Odm\u00edt\u00e1me jakoukoli odpov\u011bdnost, pokud jde o p\u0159\u00edm\u00e9 nebo nep\u0159\u00edm\u00e9 ztr\u00e1ty nebo po\u0161kozen\u00ed jak\u00e9hokoli druhu, kter\u00e9 by mohly vzniknout z&nbsp;nebo b\u00fdt spojeny jak\u00fdmkoli zp\u016fsobem s&nbsp;pou\u017eit\u00edm nebo do\u010dasnou nedostupnost\u00ed t\u00e9to webov\u00e9 str\u00e1nky. Nep\u0159eb\u00edr\u00e1me \u017e\u00e1dnou odpov\u011bdnost za jak\u00e9koliv p\u0159\u00edm\u00e9 nebo nep\u0159\u00edm\u00e9 ztr\u00e1ty nebo po\u0161kozen\u00ed vznikl\u00e9 pou\u017eit\u00edm\u00a0informac\u00ed z\u00edskan\u00fdch prost\u0159ednictv\u00edm t\u00e9to webov\u00e9 str\u00e1nky.<\/p>\n<p>Je zak\u00e1z\u00e1no pro n\u00e1v\u0161t\u011bvn\u00edky t\u00e9to webov\u00e9 str\u00e1nky publikovat nebo reprodukovat jak\u00e9koli informace ulo\u017een\u00e9 na t\u00e9to webov\u00e9 str\u00e1nce bez na\u0161eho svolen\u00ed.<\/p>\n<p>Spole\u010dnost Walraven neodpov\u00edd\u00e1 za \u017e\u00e1dn\u00e9 \u0161kody vypl\u00fdvaj\u00edc\u00ed z&nbsp;poradenstv\u00ed nebo informac\u00ed poskytnut\u00fdch z\u00e1kazn\u00edk\u016fm, pokud s&nbsp;t\u00edm v\u00fdslovn\u011b a p\u00edsemn\u011b nesouhlas\u00ed.<\/p>\n","protected":false},"excerpt":{"rendered":"<p>I p\u0159es pe\u010dlivou kontrolu obsahu nelze zaru\u010dit \u00faplnost, spr\u00e1vnost a aktu\u00e1lnost prezentovan\u00fdch informac\u00ed. Odm\u00edt\u00e1me jakoukoli odpov\u011bdnost, pokud jde o p\u0159\u00edm\u00e9 nebo nep\u0159\u00edm\u00e9 ztr\u00e1ty nebo po\u0161kozen\u00ed jak\u00e9hokoli druhu, kter\u00e9 by mohly vzniknout z&nbsp;nebo b\u00fdt spojeny jak\u00fdmkoli zp\u016fsobem s&nbsp;pou\u017eit\u00edm nebo do\u010dasnou nedostupnost\u00ed t\u00e9to webov\u00e9 str\u00e1nky. Nep\u0159eb\u00edr\u00e1me \u017e\u00e1dnou odpov\u011bdnost za jak\u00e9koliv p\u0159\u00edm\u00e9 nebo nep\u0159\u00edm\u00e9 ztr\u00e1ty nebo po\u0161kozen\u00ed vznikl\u00e9 [&hellip;]<\/p>\n","protected":false},"author":7,"featured_media":0,"parent":0,"menu_order":0,"comment_status":"closed","ping_status":"closed","template":"","meta":{"_acf_changed":false,"footnotes":""},"class_list":["post-348","page","type-page","status-publish","hentry"],"acf":[],"yoast_head":"<!-- This site is optimized with the Yoast SEO Premium plugin v27.3 (Yoast SEO v27.3) - https:\/\/yoast.com\/product\/yoast-seo-premium-wordpress\/ -->\n<title>Odm\u00edtnut\u00ed odpov\u011bdnosti - Walraven \u010cesk\u00e1 republika<\/title>\n<meta name=\"robots\" content=\"index, follow, max-snippet:-1, max-image-preview:large, max-video-preview:-1\" \/>\n<link rel=\"canonical\" href=\"https:\/\/www.walraven.com\/cz\/odpovednost\/\" \/>\n<meta property=\"og:locale\" content=\"cs_CZ\" \/>\n<meta property=\"og:type\" content=\"article\" \/>\n<meta property=\"og:title\" content=\"Odm\u00edtnut\u00ed odpov\u011bdnosti\" \/>\n<meta property=\"og:description\" content=\"I p\u0159es pe\u010dlivou kontrolu obsahu nelze zaru\u010dit \u00faplnost, spr\u00e1vnost a aktu\u00e1lnost prezentovan\u00fdch informac\u00ed. Odm\u00edt\u00e1me jakoukoli odpov\u011bdnost, pokud jde o p\u0159\u00edm\u00e9 nebo nep\u0159\u00edm\u00e9 ztr\u00e1ty nebo po\u0161kozen\u00ed jak\u00e9hokoli druhu, kter\u00e9 by mohly vzniknout z&nbsp;nebo b\u00fdt spojeny jak\u00fdmkoli zp\u016fsobem s&nbsp;pou\u017eit\u00edm nebo do\u010dasnou nedostupnost\u00ed t\u00e9to webov\u00e9 str\u00e1nky. Nep\u0159eb\u00edr\u00e1me \u017e\u00e1dnou odpov\u011bdnost za jak\u00e9koliv p\u0159\u00edm\u00e9 nebo nep\u0159\u00edm\u00e9 ztr\u00e1ty nebo po\u0161kozen\u00ed vznikl\u00e9 [&hellip;]\" \/>\n<meta property=\"og:url\" content=\"https:\/\/www.walraven.com\/cz\/odpovednost\/\" \/>\n<meta property=\"og:site_name\" content=\"Walraven \u010cesk\u00e1 republika\" \/>\n<meta property=\"article:publisher\" content=\"https:\/\/www.facebook.com\/walravenczech\/\" \/>\n<meta property=\"article:modified_time\" content=\"2018-07-27T08:42:54+00:00\" \/>\n<meta name=\"twitter:card\" content=\"summary_large_image\" \/>\n<meta name=\"twitter:label1\" content=\"Odhadovan\u00e1 doba \u010dten\u00ed\" \/>\n\t<meta name=\"twitter:data1\" content=\"1 minuta\" \/>\n<script type=\"application\/ld+json\" class=\"yoast-schema-graph\">{\"@context\":\"https:\\\/\\\/schema.org\",\"@graph\":[{\"@type\":\"WebPage\",\"@id\":\"https:\\\/\\\/www.walraven.com\\\/cz\\\/odpovednost\\\/\",\"url\":\"https:\\\/\\\/www.walraven.com\\\/cz\\\/odpovednost\\\/\",\"name\":\"Odm\u00edtnut\u00ed odpov\u011bdnosti - Walraven \u010cesk\u00e1 republika\",\"isPartOf\":{\"@id\":\"https:\\\/\\\/www.walraven.com\\\/cz\\\/#website\"},\"datePublished\":\"2016-10-19T14:22:27+00:00\",\"dateModified\":\"2018-07-27T08:42:54+00:00\",\"breadcrumb\":{\"@id\":\"https:\\\/\\\/www.walraven.com\\\/cz\\\/odpovednost\\\/#breadcrumb\"},\"inLanguage\":\"cs\",\"potentialAction\":[{\"@type\":\"ReadAction\",\"target\":[\"https:\\\/\\\/www.walraven.com\\\/cz\\\/odpovednost\\\/\"]}]},{\"@type\":\"BreadcrumbList\",\"@id\":\"https:\\\/\\\/www.walraven.com\\\/cz\\\/odpovednost\\\/#breadcrumb\",\"itemListElement\":[{\"@type\":\"ListItem\",\"position\":1,\"name\":\"\u00davod\",\"item\":\"https:\\\/\\\/www.walraven.com\\\/cz\\\/\"},{\"@type\":\"ListItem\",\"position\":2,\"name\":\"Odm\u00edtnut\u00ed odpov\u011bdnosti\"}]},{\"@type\":\"WebSite\",\"@id\":\"https:\\\/\\\/www.walraven.com\\\/cz\\\/#website\",\"url\":\"https:\\\/\\\/www.walraven.com\\\/cz\\\/\",\"name\":\"Walraven \u010cesk\u00e1 republika\",\"description\":\"\",\"publisher\":{\"@id\":\"https:\\\/\\\/www.walraven.com\\\/cz\\\/#organization\"},\"potentialAction\":[{\"@type\":\"SearchAction\",\"target\":{\"@type\":\"EntryPoint\",\"urlTemplate\":\"https:\\\/\\\/www.walraven.com\\\/cz\\\/?s={search_term_string}\"},\"query-input\":{\"@type\":\"PropertyValueSpecification\",\"valueRequired\":true,\"valueName\":\"search_term_string\"}}],\"inLanguage\":\"cs\"},{\"@type\":\"Organization\",\"@id\":\"https:\\\/\\\/www.walraven.com\\\/cz\\\/#organization\",\"name\":\"Walraven s.r.o.\",\"alternateName\":\"Walraven s.r.o.\",\"url\":\"https:\\\/\\\/www.walraven.com\\\/cz\\\/\",\"logo\":{\"@type\":\"ImageObject\",\"inLanguage\":\"cs\",\"@id\":\"https:\\\/\\\/www.walraven.com\\\/cz\\\/#\\\/schema\\\/logo\\\/image\\\/\",\"url\":\"https:\\\/\\\/www.walraven.com\\\/cz\\\/wp-content\\\/uploads\\\/sites\\\/7\\\/2023\\\/12\\\/Walraven_logo300x300.jpg\",\"contentUrl\":\"https:\\\/\\\/www.walraven.com\\\/cz\\\/wp-content\\\/uploads\\\/sites\\\/7\\\/2023\\\/12\\\/Walraven_logo300x300.jpg\",\"width\":300,\"height\":300,\"caption\":\"Walraven s.r.o.\"},\"image\":{\"@id\":\"https:\\\/\\\/www.walraven.com\\\/cz\\\/#\\\/schema\\\/logo\\\/image\\\/\"},\"sameAs\":[\"https:\\\/\\\/www.facebook.com\\\/walravenczech\\\/\",\"https:\\\/\\\/www.youtube.com\\\/channel\\\/UCKd440wCqHhmKODY1YrLToA\",\"https:\\\/\\\/www.linkedin.com\\\/company\\\/walravencz\",\"https:\\\/\\\/www.instagram.com\\\/walravencz\\\/\"]}]}<\/script>\n<!-- \/ Yoast SEO Premium plugin. -->","yoast_head_json":{"title":"Odm\u00edtnut\u00ed odpov\u011bdnosti - Walraven \u010cesk\u00e1 republika","robots":{"index":"index","follow":"follow","max-snippet":"max-snippet:-1","max-image-preview":"max-image-preview:large","max-video-preview":"max-video-preview:-1"},"canonical":"https:\/\/www.walraven.com\/cz\/odpovednost\/","og_locale":"cs_CZ","og_type":"article","og_title":"Odm\u00edtnut\u00ed odpov\u011bdnosti","og_description":"I p\u0159es pe\u010dlivou kontrolu obsahu nelze zaru\u010dit \u00faplnost, spr\u00e1vnost a aktu\u00e1lnost prezentovan\u00fdch informac\u00ed. Odm\u00edt\u00e1me jakoukoli odpov\u011bdnost, pokud jde o p\u0159\u00edm\u00e9 nebo nep\u0159\u00edm\u00e9 ztr\u00e1ty nebo po\u0161kozen\u00ed jak\u00e9hokoli druhu, kter\u00e9 by mohly vzniknout z&nbsp;nebo b\u00fdt spojeny jak\u00fdmkoli zp\u016fsobem s&nbsp;pou\u017eit\u00edm nebo do\u010dasnou nedostupnost\u00ed t\u00e9to webov\u00e9 str\u00e1nky. Nep\u0159eb\u00edr\u00e1me \u017e\u00e1dnou odpov\u011bdnost za jak\u00e9koliv p\u0159\u00edm\u00e9 nebo nep\u0159\u00edm\u00e9 ztr\u00e1ty nebo po\u0161kozen\u00ed vznikl\u00e9 [&hellip;]","og_url":"https:\/\/www.walraven.com\/cz\/odpovednost\/","og_site_name":"Walraven \u010cesk\u00e1 republika","article_publisher":"https:\/\/www.facebook.com\/walravenczech\/","article_modified_time":"2018-07-27T08:42:54+00:00","twitter_card":"summary_large_image","twitter_misc":{"Odhadovan\u00e1 doba \u010dten\u00ed":"1 minuta"},"schema":{"@context":"https:\/\/schema.org","@graph":[{"@type":"WebPage","@id":"https:\/\/www.walraven.com\/cz\/odpovednost\/","url":"https:\/\/www.walraven.com\/cz\/odpovednost\/","name":"Odm\u00edtnut\u00ed odpov\u011bdnosti - Walraven \u010cesk\u00e1 republika","isPartOf":{"@id":"https:\/\/www.walraven.com\/cz\/#website"},"datePublished":"2016-10-19T14:22:27+00:00","dateModified":"2018-07-27T08:42:54+00:00","breadcrumb":{"@id":"https:\/\/www.walraven.com\/cz\/odpovednost\/#breadcrumb"},"inLanguage":"cs","potentialAction":[{"@type":"ReadAction","target":["https:\/\/www.walraven.com\/cz\/odpovednost\/"]}]},{"@type":"BreadcrumbList","@id":"https:\/\/www.walraven.com\/cz\/odpovednost\/#breadcrumb","itemListElement":[{"@type":"ListItem","position":1,"name":"\u00davod","item":"https:\/\/www.walraven.com\/cz\/"},{"@type":"ListItem","position":2,"name":"Odm\u00edtnut\u00ed odpov\u011bdnosti"}]},{"@type":"WebSite","@id":"https:\/\/www.walraven.com\/cz\/#website","url":"https:\/\/www.walraven.com\/cz\/","name":"Walraven \u010cesk\u00e1 republika","description":"","publisher":{"@id":"https:\/\/www.walraven.com\/cz\/#organization"},"potentialAction":[{"@type":"SearchAction","target":{"@type":"EntryPoint","urlTemplate":"https:\/\/www.walraven.com\/cz\/?s={search_term_string}"},"query-input":{"@type":"PropertyValueSpecification","valueRequired":true,"valueName":"search_term_string"}}],"inLanguage":"cs"},{"@type":"Organization","@id":"https:\/\/www.walraven.com\/cz\/#organization","name":"Walraven s.r.o.","alternateName":"Walraven s.r.o.","url":"https:\/\/www.walraven.com\/cz\/","logo":{"@type":"ImageObject","inLanguage":"cs","@id":"https:\/\/www.walraven.com\/cz\/#\/schema\/logo\/image\/","url":"https:\/\/www.walraven.com\/cz\/wp-content\/uploads\/sites\/7\/2023\/12\/Walraven_logo300x300.jpg","contentUrl":"https:\/\/www.walraven.com\/cz\/wp-content\/uploads\/sites\/7\/2023\/12\/Walraven_logo300x300.jpg","width":300,"height":300,"caption":"Walraven s.r.o."},"image":{"@id":"https:\/\/www.walraven.com\/cz\/#\/schema\/logo\/image\/"},"sameAs":["https:\/\/www.facebook.com\/walravenczech\/","https:\/\/www.youtube.com\/channel\/UCKd440wCqHhmKODY1YrLToA","https:\/\/www.linkedin.com\/company\/walravencz","https:\/\/www.instagram.com\/walravencz\/"]}]}},"_links":{"self":[{"href":"https:\/\/www.walraven.com\/cz\/wp-json\/wp\/v2\/pages\/348","targetHints":{"allow":["GET"]}}],"collection":[{"href":"https:\/\/www.walraven.com\/cz\/wp-json\/wp\/v2\/pages"}],"about":[{"href":"https:\/\/www.walraven.com\/cz\/wp-json\/wp\/v2\/types\/page"}],"author":[{"embeddable":true,"href":"https:\/\/www.walraven.com\/cz\/wp-json\/wp\/v2\/users\/7"}],"replies":[{"embeddable":true,"href":"https:\/\/www.walraven.com\/cz\/wp-json\/wp\/v2\/comments?post=348"}],"version-history":[{"count":6,"href":"https:\/\/www.walraven.com\/cz\/wp-json\/wp\/v2\/pages\/348\/revisions"}],"predecessor-version":[{"id":50817,"href":"https:\/\/www.walraven.com\/cz\/wp-json\/wp\/v2\/pages\/348\/revisions\/50817"}],"wp:attachment":[{"href":"https:\/\/www.walraven.com\/cz\/wp-json\/wp\/v2\/media?parent=348"}],"curies":[{"name":"wp","href":"https:\/\/api.w.org\/{rel}","templated":true}]}}