{"id":50660,"date":"2018-04-11T17:16:43","date_gmt":"2018-04-11T15:16:43","guid":{"rendered":"https:\/\/www.walraven.com\/?page_id=119889"},"modified":"2025-07-21T10:40:19","modified_gmt":"2025-07-21T08:40:19","slug":"prechody-chodniky","status":"publish","type":"page","link":"https:\/\/www.walraven.com\/cz\/strechy\/prechody-chodniky\/","title":{"rendered":"P\u0159echody \/ chodn\u00edky"},"content":{"rendered":"","protected":false},"excerpt":{"rendered":"","protected":false},"author":43,"featured_media":0,"parent":50402,"menu_order":0,"comment_status":"closed","ping_status":"closed","template":"page-templates\/tpl-landingspage.php","meta":{"_acf_changed":false,"footnotes":""},"class_list":["post-50660","page","type-page","status-publish","hentry"],"acf":[],"yoast_head":"<!-- This site is optimized with the Yoast SEO Premium plugin v27.3 (Yoast SEO v27.3) - https:\/\/yoast.com\/product\/yoast-seo-premium-wordpress\/ -->\n<title>P\u0159echody \/ chodn\u00edky - Walraven \u010cesk\u00e1 republika<\/title>\n<meta name=\"description\" content=\"Walraven step-overs \/ walkways solutions help maximise rooftop safety and allow maintenance workers to navigate easily through areas with obstacles that require bridging. \u2705 High quality products \u2705Free project support \u2705 Your challenge, our support\" \/>\n<meta name=\"robots\" content=\"index, follow, max-snippet:-1, max-image-preview:large, max-video-preview:-1\" \/>\n<link rel=\"canonical\" href=\"https:\/\/www.walraven.com\/cz\/strechy\/prechody-chodniky\/\" \/>\n<meta property=\"og:locale\" content=\"cs_CZ\" \/>\n<meta property=\"og:type\" content=\"article\" \/>\n<meta property=\"og:title\" content=\"P\u0159echody \/ chodn\u00edky\" \/>\n<meta property=\"og:description\" content=\"Walraven step-overs \/ walkways solutions help maximise rooftop safety and allow maintenance workers to navigate easily through areas with obstacles that require bridging. \u2705 High quality products \u2705Free project support \u2705 Your challenge, our support\" \/>\n<meta property=\"og:url\" content=\"https:\/\/www.walraven.com\/cz\/strechy\/prechody-chodniky\/\" \/>\n<meta property=\"og:site_name\" content=\"Walraven \u010cesk\u00e1 republika\" \/>\n<meta property=\"article:publisher\" content=\"https:\/\/www.facebook.com\/walravenczech\/\" \/>\n<meta property=\"article:modified_time\" content=\"2025-07-21T08:40:19+00:00\" \/>\n<meta name=\"twitter:card\" content=\"summary_large_image\" \/>\n<meta name=\"twitter:label1\" content=\"Odhadovan\u00e1 doba \u010dten\u00ed\" \/>\n\t<meta name=\"twitter:data1\" content=\"2 minuty\" \/>\n<script type=\"application\/ld+json\" class=\"yoast-schema-graph\">{\"@context\":\"https:\\\/\\\/schema.org\",\"@graph\":[{\"@type\":\"WebPage\",\"@id\":\"https:\\\/\\\/www.walraven.com\\\/cz\\\/strechy\\\/prechody-chodniky\\\/\",\"url\":\"https:\\\/\\\/www.walraven.com\\\/cz\\\/strechy\\\/prechody-chodniky\\\/\",\"name\":\"P\u0159echody \\\/ chodn\u00edky - Walraven \u010cesk\u00e1 republika\",\"isPartOf\":{\"@id\":\"https:\\\/\\\/www.walraven.com\\\/cz\\\/#website\"},\"datePublished\":\"2018-04-11T15:16:43+00:00\",\"dateModified\":\"2025-07-21T08:40:19+00:00\",\"description\":\"Walraven step-overs \\\/ walkways solutions help maximise rooftop safety and allow maintenance workers to navigate easily through areas with obstacles that require bridging. \u2705 High quality products \u2705Free project support \u2705 Your challenge, our support\",\"breadcrumb\":{\"@id\":\"https:\\\/\\\/www.walraven.com\\\/cz\\\/strechy\\\/prechody-chodniky\\\/#breadcrumb\"},\"inLanguage\":\"cs\",\"potentialAction\":[{\"@type\":\"ReadAction\",\"target\":[\"https:\\\/\\\/www.walraven.com\\\/cz\\\/strechy\\\/prechody-chodniky\\\/\"]}]},{\"@type\":\"BreadcrumbList\",\"@id\":\"https:\\\/\\\/www.walraven.com\\\/cz\\\/strechy\\\/prechody-chodniky\\\/#breadcrumb\",\"itemListElement\":[{\"@type\":\"ListItem\",\"position\":1,\"name\":\"\u00davod\",\"item\":\"https:\\\/\\\/www.walraven.com\\\/cz\\\/\"},{\"@type\":\"ListItem\",\"position\":2,\"name\":\"Konstrukce pro st\u0159e\u0161n\u00ed instalace\",\"item\":\"https:\\\/\\\/www.walraven.com\\\/cz\\\/strechy\\\/\"},{\"@type\":\"ListItem\",\"position\":3,\"name\":\"P\u0159echody \\\/ chodn\u00edky\"}]},{\"@type\":\"WebSite\",\"@id\":\"https:\\\/\\\/www.walraven.com\\\/cz\\\/#website\",\"url\":\"https:\\\/\\\/www.walraven.com\\\/cz\\\/\",\"name\":\"Walraven \u010cesk\u00e1 republika\",\"description\":\"\",\"publisher\":{\"@id\":\"https:\\\/\\\/www.walraven.com\\\/cz\\\/#organization\"},\"potentialAction\":[{\"@type\":\"SearchAction\",\"target\":{\"@type\":\"EntryPoint\",\"urlTemplate\":\"https:\\\/\\\/www.walraven.com\\\/cz\\\/?s={search_term_string}\"},\"query-input\":{\"@type\":\"PropertyValueSpecification\",\"valueRequired\":true,\"valueName\":\"search_term_string\"}}],\"inLanguage\":\"cs\"},{\"@type\":\"Organization\",\"@id\":\"https:\\\/\\\/www.walraven.com\\\/cz\\\/#organization\",\"name\":\"Walraven s.r.o.\",\"alternateName\":\"Walraven s.r.o.\",\"url\":\"https:\\\/\\\/www.walraven.com\\\/cz\\\/\",\"logo\":{\"@type\":\"ImageObject\",\"inLanguage\":\"cs\",\"@id\":\"https:\\\/\\\/www.walraven.com\\\/cz\\\/#\\\/schema\\\/logo\\\/image\\\/\",\"url\":\"https:\\\/\\\/www.walraven.com\\\/cz\\\/wp-content\\\/uploads\\\/sites\\\/7\\\/2023\\\/12\\\/Walraven_logo300x300.jpg\",\"contentUrl\":\"https:\\\/\\\/www.walraven.com\\\/cz\\\/wp-content\\\/uploads\\\/sites\\\/7\\\/2023\\\/12\\\/Walraven_logo300x300.jpg\",\"width\":300,\"height\":300,\"caption\":\"Walraven s.r.o.\"},\"image\":{\"@id\":\"https:\\\/\\\/www.walraven.com\\\/cz\\\/#\\\/schema\\\/logo\\\/image\\\/\"},\"sameAs\":[\"https:\\\/\\\/www.facebook.com\\\/walravenczech\\\/\",\"https:\\\/\\\/www.youtube.com\\\/channel\\\/UCKd440wCqHhmKODY1YrLToA\",\"https:\\\/\\\/www.linkedin.com\\\/company\\\/walravencz\",\"https:\\\/\\\/www.instagram.com\\\/walravencz\\\/\"]}]}<\/script>\n<!-- \/ Yoast SEO Premium plugin. -->","yoast_head_json":{"title":"P\u0159echody \/ chodn\u00edky - Walraven \u010cesk\u00e1 republika","description":"Walraven step-overs \/ walkways solutions help maximise rooftop safety and allow maintenance workers to navigate easily through areas with obstacles that require bridging. \u2705 High quality products \u2705Free project support \u2705 Your challenge, our support","robots":{"index":"index","follow":"follow","max-snippet":"max-snippet:-1","max-image-preview":"max-image-preview:large","max-video-preview":"max-video-preview:-1"},"canonical":"https:\/\/www.walraven.com\/cz\/strechy\/prechody-chodniky\/","og_locale":"cs_CZ","og_type":"article","og_title":"P\u0159echody \/ chodn\u00edky","og_description":"Walraven step-overs \/ walkways solutions help maximise rooftop safety and allow maintenance workers to navigate easily through areas with obstacles that require bridging. \u2705 High quality products \u2705Free project support \u2705 Your challenge, our support","og_url":"https:\/\/www.walraven.com\/cz\/strechy\/prechody-chodniky\/","og_site_name":"Walraven \u010cesk\u00e1 republika","article_publisher":"https:\/\/www.facebook.com\/walravenczech\/","article_modified_time":"2025-07-21T08:40:19+00:00","twitter_card":"summary_large_image","twitter_misc":{"Odhadovan\u00e1 doba \u010dten\u00ed":"2 minuty"},"schema":{"@context":"https:\/\/schema.org","@graph":[{"@type":"WebPage","@id":"https:\/\/www.walraven.com\/cz\/strechy\/prechody-chodniky\/","url":"https:\/\/www.walraven.com\/cz\/strechy\/prechody-chodniky\/","name":"P\u0159echody \/ chodn\u00edky - Walraven \u010cesk\u00e1 republika","isPartOf":{"@id":"https:\/\/www.walraven.com\/cz\/#website"},"datePublished":"2018-04-11T15:16:43+00:00","dateModified":"2025-07-21T08:40:19+00:00","description":"Walraven step-overs \/ walkways solutions help maximise rooftop safety and allow maintenance workers to navigate easily through areas with obstacles that require bridging. \u2705 High quality products \u2705Free project support \u2705 Your challenge, our support","breadcrumb":{"@id":"https:\/\/www.walraven.com\/cz\/strechy\/prechody-chodniky\/#breadcrumb"},"inLanguage":"cs","potentialAction":[{"@type":"ReadAction","target":["https:\/\/www.walraven.com\/cz\/strechy\/prechody-chodniky\/"]}]},{"@type":"BreadcrumbList","@id":"https:\/\/www.walraven.com\/cz\/strechy\/prechody-chodniky\/#breadcrumb","itemListElement":[{"@type":"ListItem","position":1,"name":"\u00davod","item":"https:\/\/www.walraven.com\/cz\/"},{"@type":"ListItem","position":2,"name":"Konstrukce pro st\u0159e\u0161n\u00ed instalace","item":"https:\/\/www.walraven.com\/cz\/strechy\/"},{"@type":"ListItem","position":3,"name":"P\u0159echody \/ chodn\u00edky"}]},{"@type":"WebSite","@id":"https:\/\/www.walraven.com\/cz\/#website","url":"https:\/\/www.walraven.com\/cz\/","name":"Walraven \u010cesk\u00e1 republika","description":"","publisher":{"@id":"https:\/\/www.walraven.com\/cz\/#organization"},"potentialAction":[{"@type":"SearchAction","target":{"@type":"EntryPoint","urlTemplate":"https:\/\/www.walraven.com\/cz\/?s={search_term_string}"},"query-input":{"@type":"PropertyValueSpecification","valueRequired":true,"valueName":"search_term_string"}}],"inLanguage":"cs"},{"@type":"Organization","@id":"https:\/\/www.walraven.com\/cz\/#organization","name":"Walraven s.r.o.","alternateName":"Walraven s.r.o.","url":"https:\/\/www.walraven.com\/cz\/","logo":{"@type":"ImageObject","inLanguage":"cs","@id":"https:\/\/www.walraven.com\/cz\/#\/schema\/logo\/image\/","url":"https:\/\/www.walraven.com\/cz\/wp-content\/uploads\/sites\/7\/2023\/12\/Walraven_logo300x300.jpg","contentUrl":"https:\/\/www.walraven.com\/cz\/wp-content\/uploads\/sites\/7\/2023\/12\/Walraven_logo300x300.jpg","width":300,"height":300,"caption":"Walraven s.r.o."},"image":{"@id":"https:\/\/www.walraven.com\/cz\/#\/schema\/logo\/image\/"},"sameAs":["https:\/\/www.facebook.com\/walravenczech\/","https:\/\/www.youtube.com\/channel\/UCKd440wCqHhmKODY1YrLToA","https:\/\/www.linkedin.com\/company\/walravencz","https:\/\/www.instagram.com\/walravencz\/"]}]}},"_links":{"self":[{"href":"https:\/\/www.walraven.com\/cz\/wp-json\/wp\/v2\/pages\/50660","targetHints":{"allow":["GET"]}}],"collection":[{"href":"https:\/\/www.walraven.com\/cz\/wp-json\/wp\/v2\/pages"}],"about":[{"href":"https:\/\/www.walraven.com\/cz\/wp-json\/wp\/v2\/types\/page"}],"author":[{"embeddable":true,"href":"https:\/\/www.walraven.com\/cz\/wp-json\/wp\/v2\/users\/43"}],"replies":[{"embeddable":true,"href":"https:\/\/www.walraven.com\/cz\/wp-json\/wp\/v2\/comments?post=50660"}],"version-history":[{"count":6,"href":"https:\/\/www.walraven.com\/cz\/wp-json\/wp\/v2\/pages\/50660\/revisions"}],"predecessor-version":[{"id":60320,"href":"https:\/\/www.walraven.com\/cz\/wp-json\/wp\/v2\/pages\/50660\/revisions\/60320"}],"up":[{"embeddable":true,"href":"https:\/\/www.walraven.com\/cz\/wp-json\/wp\/v2\/pages\/50402"}],"wp:attachment":[{"href":"https:\/\/www.walraven.com\/cz\/wp-json\/wp\/v2\/media?parent=50660"}],"curies":[{"name":"wp","href":"https:\/\/api.w.org\/{rel}","templated":true}]}}