{"id":51129,"date":"2017-02-14T14:40:25","date_gmt":"2017-02-14T13:40:25","guid":{"rendered":"https:\/\/www.walraven.com\/?page_id=98088"},"modified":"2025-08-28T14:04:26","modified_gmt":"2025-08-28T12:04:26","slug":"bis-ultraprotect1000","status":"publish","type":"page","link":"https:\/\/www.walraven.com\/cz\/bis-ultraprotect1000\/","title":{"rendered":"Walraven BIS UltraProtect\u00ae 1000: Upev\u0148ovac\u00ed syst\u00e9m pro vnit\u0159n\u00ed a venkovn\u00ed pou\u017eit\u00ed"},"content":{"rendered":"","protected":false},"excerpt":{"rendered":"","protected":false},"author":7,"featured_media":0,"parent":0,"menu_order":0,"comment_status":"closed","ping_status":"closed","template":"page-templates\/tpl-landingspage.php","meta":{"_acf_changed":false,"footnotes":""},"class_list":["post-51129","page","type-page","status-publish","hentry"],"acf":[],"yoast_head":"<!-- This site is optimized with the Yoast SEO Premium plugin v27.3 (Yoast SEO v27.3) - https:\/\/yoast.com\/product\/yoast-seo-premium-wordpress\/ -->\n<title>Walraven BIS UltraProtect\u00ae 1000: Upev\u0148ovac\u00ed syst\u00e9m pro vnit\u0159n\u00ed a venkovn\u00ed pou\u017eit\u00ed<\/title>\n<meta name=\"description\" content=\"Syst\u00e9m Walraven BIS UltraProtect\u00ae 1000 zahrnuje v\u00fdrobky pro upevn\u011bn\u00ed potrub\u00ed, VZT rozvod\u016f a dal\u0161\u00ed. Vydr\u017e\u00ed zkou\u0161ku v soln\u00e9 mlze nejm\u00e9n\u011b 1000 hodin.\" \/>\n<meta name=\"robots\" content=\"index, follow, max-snippet:-1, max-image-preview:large, max-video-preview:-1\" \/>\n<link rel=\"canonical\" href=\"https:\/\/www.walraven.com\/cz\/bis-ultraprotect1000\/\" \/>\n<meta property=\"og:locale\" content=\"cs_CZ\" \/>\n<meta property=\"og:type\" content=\"article\" \/>\n<meta property=\"og:title\" content=\"Walraven BIS UltraProtect\u00ae 1000: Upev\u0148ovac\u00ed syst\u00e9m pro vnit\u0159n\u00ed a venkovn\u00ed pou\u017eit\u00ed\" \/>\n<meta property=\"og:description\" content=\"Syst\u00e9m Walraven BIS UltraProtect\u00ae 1000 zahrnuje v\u00fdrobky pro upevn\u011bn\u00ed potrub\u00ed, VZT rozvod\u016f a dal\u0161\u00ed. Vydr\u017e\u00ed zkou\u0161ku v soln\u00e9 mlze nejm\u00e9n\u011b 1000 hodin.\" \/>\n<meta property=\"og:url\" content=\"https:\/\/www.walraven.com\/cz\/bis-ultraprotect1000\/\" \/>\n<meta property=\"og:site_name\" content=\"Walraven \u010cesk\u00e1 republika\" \/>\n<meta property=\"article:publisher\" content=\"https:\/\/www.facebook.com\/walravenczech\/\" \/>\n<meta property=\"article:modified_time\" content=\"2025-08-28T12:04:26+00:00\" \/>\n<meta name=\"twitter:card\" content=\"summary_large_image\" \/>\n<meta name=\"twitter:label1\" content=\"Odhadovan\u00e1 doba \u010dten\u00ed\" \/>\n\t<meta name=\"twitter:data1\" content=\"3 minuty\" \/>\n<script type=\"application\/ld+json\" class=\"yoast-schema-graph\">{\"@context\":\"https:\\\/\\\/schema.org\",\"@graph\":[{\"@type\":\"WebPage\",\"@id\":\"https:\\\/\\\/www.walraven.com\\\/cz\\\/bis-ultraprotect1000\\\/\",\"url\":\"https:\\\/\\\/www.walraven.com\\\/cz\\\/bis-ultraprotect1000\\\/\",\"name\":\"Walraven BIS UltraProtect\u00ae 1000: Upev\u0148ovac\u00ed syst\u00e9m pro vnit\u0159n\u00ed a venkovn\u00ed pou\u017eit\u00ed\",\"isPartOf\":{\"@id\":\"https:\\\/\\\/www.walraven.com\\\/cz\\\/#website\"},\"datePublished\":\"2017-02-14T13:40:25+00:00\",\"dateModified\":\"2025-08-28T12:04:26+00:00\",\"description\":\"Syst\u00e9m Walraven BIS UltraProtect\u00ae 1000 zahrnuje v\u00fdrobky pro upevn\u011bn\u00ed potrub\u00ed, VZT rozvod\u016f a dal\u0161\u00ed. Vydr\u017e\u00ed zkou\u0161ku v soln\u00e9 mlze nejm\u00e9n\u011b 1000 hodin.\",\"breadcrumb\":{\"@id\":\"https:\\\/\\\/www.walraven.com\\\/cz\\\/bis-ultraprotect1000\\\/#breadcrumb\"},\"inLanguage\":\"cs\",\"potentialAction\":[{\"@type\":\"ReadAction\",\"target\":[\"https:\\\/\\\/www.walraven.com\\\/cz\\\/bis-ultraprotect1000\\\/\"]}]},{\"@type\":\"BreadcrumbList\",\"@id\":\"https:\\\/\\\/www.walraven.com\\\/cz\\\/bis-ultraprotect1000\\\/#breadcrumb\",\"itemListElement\":[{\"@type\":\"ListItem\",\"position\":1,\"name\":\"\u00davod\",\"item\":\"https:\\\/\\\/www.walraven.com\\\/cz\\\/\"},{\"@type\":\"ListItem\",\"position\":2,\"name\":\"Walraven BIS UltraProtect\u00ae 1000: Upev\u0148ovac\u00ed syst\u00e9m pro vnit\u0159n\u00ed a venkovn\u00ed pou\u017eit\u00ed\"}]},{\"@type\":\"WebSite\",\"@id\":\"https:\\\/\\\/www.walraven.com\\\/cz\\\/#website\",\"url\":\"https:\\\/\\\/www.walraven.com\\\/cz\\\/\",\"name\":\"Walraven \u010cesk\u00e1 republika\",\"description\":\"\",\"publisher\":{\"@id\":\"https:\\\/\\\/www.walraven.com\\\/cz\\\/#organization\"},\"potentialAction\":[{\"@type\":\"SearchAction\",\"target\":{\"@type\":\"EntryPoint\",\"urlTemplate\":\"https:\\\/\\\/www.walraven.com\\\/cz\\\/?s={search_term_string}\"},\"query-input\":{\"@type\":\"PropertyValueSpecification\",\"valueRequired\":true,\"valueName\":\"search_term_string\"}}],\"inLanguage\":\"cs\"},{\"@type\":\"Organization\",\"@id\":\"https:\\\/\\\/www.walraven.com\\\/cz\\\/#organization\",\"name\":\"Walraven s.r.o.\",\"alternateName\":\"Walraven s.r.o.\",\"url\":\"https:\\\/\\\/www.walraven.com\\\/cz\\\/\",\"logo\":{\"@type\":\"ImageObject\",\"inLanguage\":\"cs\",\"@id\":\"https:\\\/\\\/www.walraven.com\\\/cz\\\/#\\\/schema\\\/logo\\\/image\\\/\",\"url\":\"https:\\\/\\\/www.walraven.com\\\/cz\\\/wp-content\\\/uploads\\\/sites\\\/7\\\/2023\\\/12\\\/Walraven_logo300x300.jpg\",\"contentUrl\":\"https:\\\/\\\/www.walraven.com\\\/cz\\\/wp-content\\\/uploads\\\/sites\\\/7\\\/2023\\\/12\\\/Walraven_logo300x300.jpg\",\"width\":300,\"height\":300,\"caption\":\"Walraven s.r.o.\"},\"image\":{\"@id\":\"https:\\\/\\\/www.walraven.com\\\/cz\\\/#\\\/schema\\\/logo\\\/image\\\/\"},\"sameAs\":[\"https:\\\/\\\/www.facebook.com\\\/walravenczech\\\/\",\"https:\\\/\\\/www.youtube.com\\\/channel\\\/UCKd440wCqHhmKODY1YrLToA\",\"https:\\\/\\\/www.linkedin.com\\\/company\\\/walravencz\",\"https:\\\/\\\/www.instagram.com\\\/walravencz\\\/\"]}]}<\/script>\n<!-- \/ Yoast SEO Premium plugin. -->","yoast_head_json":{"title":"Walraven BIS UltraProtect\u00ae 1000: Upev\u0148ovac\u00ed syst\u00e9m pro vnit\u0159n\u00ed a venkovn\u00ed pou\u017eit\u00ed","description":"Syst\u00e9m Walraven BIS UltraProtect\u00ae 1000 zahrnuje v\u00fdrobky pro upevn\u011bn\u00ed potrub\u00ed, VZT rozvod\u016f a dal\u0161\u00ed. Vydr\u017e\u00ed zkou\u0161ku v soln\u00e9 mlze nejm\u00e9n\u011b 1000 hodin.","robots":{"index":"index","follow":"follow","max-snippet":"max-snippet:-1","max-image-preview":"max-image-preview:large","max-video-preview":"max-video-preview:-1"},"canonical":"https:\/\/www.walraven.com\/cz\/bis-ultraprotect1000\/","og_locale":"cs_CZ","og_type":"article","og_title":"Walraven BIS UltraProtect\u00ae 1000: Upev\u0148ovac\u00ed syst\u00e9m pro vnit\u0159n\u00ed a venkovn\u00ed pou\u017eit\u00ed","og_description":"Syst\u00e9m Walraven BIS UltraProtect\u00ae 1000 zahrnuje v\u00fdrobky pro upevn\u011bn\u00ed potrub\u00ed, VZT rozvod\u016f a dal\u0161\u00ed. Vydr\u017e\u00ed zkou\u0161ku v soln\u00e9 mlze nejm\u00e9n\u011b 1000 hodin.","og_url":"https:\/\/www.walraven.com\/cz\/bis-ultraprotect1000\/","og_site_name":"Walraven \u010cesk\u00e1 republika","article_publisher":"https:\/\/www.facebook.com\/walravenczech\/","article_modified_time":"2025-08-28T12:04:26+00:00","twitter_card":"summary_large_image","twitter_misc":{"Odhadovan\u00e1 doba \u010dten\u00ed":"3 minuty"},"schema":{"@context":"https:\/\/schema.org","@graph":[{"@type":"WebPage","@id":"https:\/\/www.walraven.com\/cz\/bis-ultraprotect1000\/","url":"https:\/\/www.walraven.com\/cz\/bis-ultraprotect1000\/","name":"Walraven BIS UltraProtect\u00ae 1000: Upev\u0148ovac\u00ed syst\u00e9m pro vnit\u0159n\u00ed a venkovn\u00ed pou\u017eit\u00ed","isPartOf":{"@id":"https:\/\/www.walraven.com\/cz\/#website"},"datePublished":"2017-02-14T13:40:25+00:00","dateModified":"2025-08-28T12:04:26+00:00","description":"Syst\u00e9m Walraven BIS UltraProtect\u00ae 1000 zahrnuje v\u00fdrobky pro upevn\u011bn\u00ed potrub\u00ed, VZT rozvod\u016f a dal\u0161\u00ed. Vydr\u017e\u00ed zkou\u0161ku v soln\u00e9 mlze nejm\u00e9n\u011b 1000 hodin.","breadcrumb":{"@id":"https:\/\/www.walraven.com\/cz\/bis-ultraprotect1000\/#breadcrumb"},"inLanguage":"cs","potentialAction":[{"@type":"ReadAction","target":["https:\/\/www.walraven.com\/cz\/bis-ultraprotect1000\/"]}]},{"@type":"BreadcrumbList","@id":"https:\/\/www.walraven.com\/cz\/bis-ultraprotect1000\/#breadcrumb","itemListElement":[{"@type":"ListItem","position":1,"name":"\u00davod","item":"https:\/\/www.walraven.com\/cz\/"},{"@type":"ListItem","position":2,"name":"Walraven BIS UltraProtect\u00ae 1000: Upev\u0148ovac\u00ed syst\u00e9m pro vnit\u0159n\u00ed a venkovn\u00ed pou\u017eit\u00ed"}]},{"@type":"WebSite","@id":"https:\/\/www.walraven.com\/cz\/#website","url":"https:\/\/www.walraven.com\/cz\/","name":"Walraven \u010cesk\u00e1 republika","description":"","publisher":{"@id":"https:\/\/www.walraven.com\/cz\/#organization"},"potentialAction":[{"@type":"SearchAction","target":{"@type":"EntryPoint","urlTemplate":"https:\/\/www.walraven.com\/cz\/?s={search_term_string}"},"query-input":{"@type":"PropertyValueSpecification","valueRequired":true,"valueName":"search_term_string"}}],"inLanguage":"cs"},{"@type":"Organization","@id":"https:\/\/www.walraven.com\/cz\/#organization","name":"Walraven s.r.o.","alternateName":"Walraven s.r.o.","url":"https:\/\/www.walraven.com\/cz\/","logo":{"@type":"ImageObject","inLanguage":"cs","@id":"https:\/\/www.walraven.com\/cz\/#\/schema\/logo\/image\/","url":"https:\/\/www.walraven.com\/cz\/wp-content\/uploads\/sites\/7\/2023\/12\/Walraven_logo300x300.jpg","contentUrl":"https:\/\/www.walraven.com\/cz\/wp-content\/uploads\/sites\/7\/2023\/12\/Walraven_logo300x300.jpg","width":300,"height":300,"caption":"Walraven s.r.o."},"image":{"@id":"https:\/\/www.walraven.com\/cz\/#\/schema\/logo\/image\/"},"sameAs":["https:\/\/www.facebook.com\/walravenczech\/","https:\/\/www.youtube.com\/channel\/UCKd440wCqHhmKODY1YrLToA","https:\/\/www.linkedin.com\/company\/walravencz","https:\/\/www.instagram.com\/walravencz\/"]}]}},"_links":{"self":[{"href":"https:\/\/www.walraven.com\/cz\/wp-json\/wp\/v2\/pages\/51129","targetHints":{"allow":["GET"]}}],"collection":[{"href":"https:\/\/www.walraven.com\/cz\/wp-json\/wp\/v2\/pages"}],"about":[{"href":"https:\/\/www.walraven.com\/cz\/wp-json\/wp\/v2\/types\/page"}],"author":[{"embeddable":true,"href":"https:\/\/www.walraven.com\/cz\/wp-json\/wp\/v2\/users\/7"}],"replies":[{"embeddable":true,"href":"https:\/\/www.walraven.com\/cz\/wp-json\/wp\/v2\/comments?post=51129"}],"version-history":[{"count":7,"href":"https:\/\/www.walraven.com\/cz\/wp-json\/wp\/v2\/pages\/51129\/revisions"}],"predecessor-version":[{"id":60369,"href":"https:\/\/www.walraven.com\/cz\/wp-json\/wp\/v2\/pages\/51129\/revisions\/60369"}],"wp:attachment":[{"href":"https:\/\/www.walraven.com\/cz\/wp-json\/wp\/v2\/media?parent=51129"}],"curies":[{"name":"wp","href":"https:\/\/api.w.org\/{rel}","templated":true}]}}