{"id":51635,"date":"2019-03-19T12:26:59","date_gmt":"2019-03-19T11:26:59","guid":{"rendered":"https:\/\/www.walraven.com\/en\/?page_id=54142"},"modified":"2023-07-19T10:40:04","modified_gmt":"2023-07-19T08:40:04","slug":"protipozarni-systemy","status":"publish","type":"page","link":"https:\/\/www.walraven.com\/cz\/protipozarni-systemy\/","title":{"rendered":"Protipo\u017e\u00e1rn\u00ed ucp\u00e1vky"},"content":{"rendered":"","protected":false},"excerpt":{"rendered":"","protected":false},"author":43,"featured_media":0,"parent":0,"menu_order":0,"comment_status":"closed","ping_status":"closed","template":"page-templates\/tpl-landingspage.php","meta":{"_acf_changed":false,"footnotes":""},"class_list":["post-51635","page","type-page","status-publish","hentry"],"acf":[],"yoast_head":"<!-- This site is optimized with the Yoast SEO Premium plugin v27.3 (Yoast SEO v27.3) - https:\/\/yoast.com\/product\/yoast-seo-premium-wordpress\/ -->\n<title>Protipo\u017e\u00e1rn\u00ed ucp\u00e1vky - Walraven \u010cesk\u00e1 republika<\/title>\n<meta name=\"description\" content=\"N\u00e1\u0161 syst\u00e9m protipo\u017e\u00e1rn\u00ed ochrany zahrnuje \u0161irokou \u0161k\u00e1lu produkt\u016f protipo\u017e\u00e1rn\u00edch ucp\u00e1vek mechanick\u00fdch a elektrick\u00fdch instalac\u00ed. Obra\u0165te se na n\u00e1s.\" \/>\n<meta name=\"robots\" content=\"index, follow, max-snippet:-1, max-image-preview:large, max-video-preview:-1\" \/>\n<link rel=\"canonical\" href=\"https:\/\/www.walraven.com\/cz\/protipozarni-systemy\/\" \/>\n<meta property=\"og:locale\" content=\"cs_CZ\" \/>\n<meta property=\"og:type\" content=\"article\" \/>\n<meta property=\"og:title\" content=\"Protipo\u017e\u00e1rn\u00ed ucp\u00e1vky\" \/>\n<meta property=\"og:description\" content=\"N\u00e1\u0161 syst\u00e9m protipo\u017e\u00e1rn\u00ed ochrany zahrnuje \u0161irokou \u0161k\u00e1lu produkt\u016f protipo\u017e\u00e1rn\u00edch ucp\u00e1vek mechanick\u00fdch a elektrick\u00fdch instalac\u00ed. Obra\u0165te se na n\u00e1s.\" \/>\n<meta property=\"og:url\" content=\"https:\/\/www.walraven.com\/cz\/protipozarni-systemy\/\" \/>\n<meta property=\"og:site_name\" content=\"Walraven \u010cesk\u00e1 republika\" \/>\n<meta property=\"article:publisher\" content=\"https:\/\/www.facebook.com\/walravenczech\/\" \/>\n<meta property=\"article:modified_time\" content=\"2023-07-19T08:40:04+00:00\" \/>\n<meta name=\"twitter:card\" content=\"summary_large_image\" \/>\n<script type=\"application\/ld+json\" class=\"yoast-schema-graph\">{\"@context\":\"https:\\\/\\\/schema.org\",\"@graph\":[{\"@type\":\"WebPage\",\"@id\":\"https:\\\/\\\/www.walraven.com\\\/cz\\\/protipozarni-systemy\\\/\",\"url\":\"https:\\\/\\\/www.walraven.com\\\/cz\\\/protipozarni-systemy\\\/\",\"name\":\"Protipo\u017e\u00e1rn\u00ed ucp\u00e1vky - Walraven \u010cesk\u00e1 republika\",\"isPartOf\":{\"@id\":\"https:\\\/\\\/www.walraven.com\\\/cz\\\/#website\"},\"datePublished\":\"2019-03-19T11:26:59+00:00\",\"dateModified\":\"2023-07-19T08:40:04+00:00\",\"description\":\"N\u00e1\u0161 syst\u00e9m protipo\u017e\u00e1rn\u00ed ochrany zahrnuje \u0161irokou \u0161k\u00e1lu produkt\u016f protipo\u017e\u00e1rn\u00edch ucp\u00e1vek mechanick\u00fdch a elektrick\u00fdch instalac\u00ed. Obra\u0165te se na n\u00e1s.\",\"breadcrumb\":{\"@id\":\"https:\\\/\\\/www.walraven.com\\\/cz\\\/protipozarni-systemy\\\/#breadcrumb\"},\"inLanguage\":\"cs\",\"potentialAction\":[{\"@type\":\"ReadAction\",\"target\":[\"https:\\\/\\\/www.walraven.com\\\/cz\\\/protipozarni-systemy\\\/\"]}]},{\"@type\":\"BreadcrumbList\",\"@id\":\"https:\\\/\\\/www.walraven.com\\\/cz\\\/protipozarni-systemy\\\/#breadcrumb\",\"itemListElement\":[{\"@type\":\"ListItem\",\"position\":1,\"name\":\"\u00davod\",\"item\":\"https:\\\/\\\/www.walraven.com\\\/cz\\\/\"},{\"@type\":\"ListItem\",\"position\":2,\"name\":\"Protipo\u017e\u00e1rn\u00ed ucp\u00e1vky\"}]},{\"@type\":\"WebSite\",\"@id\":\"https:\\\/\\\/www.walraven.com\\\/cz\\\/#website\",\"url\":\"https:\\\/\\\/www.walraven.com\\\/cz\\\/\",\"name\":\"Walraven \u010cesk\u00e1 republika\",\"description\":\"\",\"publisher\":{\"@id\":\"https:\\\/\\\/www.walraven.com\\\/cz\\\/#organization\"},\"potentialAction\":[{\"@type\":\"SearchAction\",\"target\":{\"@type\":\"EntryPoint\",\"urlTemplate\":\"https:\\\/\\\/www.walraven.com\\\/cz\\\/?s={search_term_string}\"},\"query-input\":{\"@type\":\"PropertyValueSpecification\",\"valueRequired\":true,\"valueName\":\"search_term_string\"}}],\"inLanguage\":\"cs\"},{\"@type\":\"Organization\",\"@id\":\"https:\\\/\\\/www.walraven.com\\\/cz\\\/#organization\",\"name\":\"Walraven s.r.o.\",\"alternateName\":\"Walraven s.r.o.\",\"url\":\"https:\\\/\\\/www.walraven.com\\\/cz\\\/\",\"logo\":{\"@type\":\"ImageObject\",\"inLanguage\":\"cs\",\"@id\":\"https:\\\/\\\/www.walraven.com\\\/cz\\\/#\\\/schema\\\/logo\\\/image\\\/\",\"url\":\"https:\\\/\\\/www.walraven.com\\\/cz\\\/wp-content\\\/uploads\\\/sites\\\/7\\\/2023\\\/12\\\/Walraven_logo300x300.jpg\",\"contentUrl\":\"https:\\\/\\\/www.walraven.com\\\/cz\\\/wp-content\\\/uploads\\\/sites\\\/7\\\/2023\\\/12\\\/Walraven_logo300x300.jpg\",\"width\":300,\"height\":300,\"caption\":\"Walraven s.r.o.\"},\"image\":{\"@id\":\"https:\\\/\\\/www.walraven.com\\\/cz\\\/#\\\/schema\\\/logo\\\/image\\\/\"},\"sameAs\":[\"https:\\\/\\\/www.facebook.com\\\/walravenczech\\\/\",\"https:\\\/\\\/www.youtube.com\\\/channel\\\/UCKd440wCqHhmKODY1YrLToA\",\"https:\\\/\\\/www.linkedin.com\\\/company\\\/walravencz\",\"https:\\\/\\\/www.instagram.com\\\/walravencz\\\/\"]}]}<\/script>\n<!-- \/ Yoast SEO Premium plugin. -->","yoast_head_json":{"title":"Protipo\u017e\u00e1rn\u00ed ucp\u00e1vky - Walraven \u010cesk\u00e1 republika","description":"N\u00e1\u0161 syst\u00e9m protipo\u017e\u00e1rn\u00ed ochrany zahrnuje \u0161irokou \u0161k\u00e1lu produkt\u016f protipo\u017e\u00e1rn\u00edch ucp\u00e1vek mechanick\u00fdch a elektrick\u00fdch instalac\u00ed. Obra\u0165te se na n\u00e1s.","robots":{"index":"index","follow":"follow","max-snippet":"max-snippet:-1","max-image-preview":"max-image-preview:large","max-video-preview":"max-video-preview:-1"},"canonical":"https:\/\/www.walraven.com\/cz\/protipozarni-systemy\/","og_locale":"cs_CZ","og_type":"article","og_title":"Protipo\u017e\u00e1rn\u00ed ucp\u00e1vky","og_description":"N\u00e1\u0161 syst\u00e9m protipo\u017e\u00e1rn\u00ed ochrany zahrnuje \u0161irokou \u0161k\u00e1lu produkt\u016f protipo\u017e\u00e1rn\u00edch ucp\u00e1vek mechanick\u00fdch a elektrick\u00fdch instalac\u00ed. Obra\u0165te se na n\u00e1s.","og_url":"https:\/\/www.walraven.com\/cz\/protipozarni-systemy\/","og_site_name":"Walraven \u010cesk\u00e1 republika","article_publisher":"https:\/\/www.facebook.com\/walravenczech\/","article_modified_time":"2023-07-19T08:40:04+00:00","twitter_card":"summary_large_image","schema":{"@context":"https:\/\/schema.org","@graph":[{"@type":"WebPage","@id":"https:\/\/www.walraven.com\/cz\/protipozarni-systemy\/","url":"https:\/\/www.walraven.com\/cz\/protipozarni-systemy\/","name":"Protipo\u017e\u00e1rn\u00ed ucp\u00e1vky - Walraven \u010cesk\u00e1 republika","isPartOf":{"@id":"https:\/\/www.walraven.com\/cz\/#website"},"datePublished":"2019-03-19T11:26:59+00:00","dateModified":"2023-07-19T08:40:04+00:00","description":"N\u00e1\u0161 syst\u00e9m protipo\u017e\u00e1rn\u00ed ochrany zahrnuje \u0161irokou \u0161k\u00e1lu produkt\u016f protipo\u017e\u00e1rn\u00edch ucp\u00e1vek mechanick\u00fdch a elektrick\u00fdch instalac\u00ed. Obra\u0165te se na n\u00e1s.","breadcrumb":{"@id":"https:\/\/www.walraven.com\/cz\/protipozarni-systemy\/#breadcrumb"},"inLanguage":"cs","potentialAction":[{"@type":"ReadAction","target":["https:\/\/www.walraven.com\/cz\/protipozarni-systemy\/"]}]},{"@type":"BreadcrumbList","@id":"https:\/\/www.walraven.com\/cz\/protipozarni-systemy\/#breadcrumb","itemListElement":[{"@type":"ListItem","position":1,"name":"\u00davod","item":"https:\/\/www.walraven.com\/cz\/"},{"@type":"ListItem","position":2,"name":"Protipo\u017e\u00e1rn\u00ed ucp\u00e1vky"}]},{"@type":"WebSite","@id":"https:\/\/www.walraven.com\/cz\/#website","url":"https:\/\/www.walraven.com\/cz\/","name":"Walraven \u010cesk\u00e1 republika","description":"","publisher":{"@id":"https:\/\/www.walraven.com\/cz\/#organization"},"potentialAction":[{"@type":"SearchAction","target":{"@type":"EntryPoint","urlTemplate":"https:\/\/www.walraven.com\/cz\/?s={search_term_string}"},"query-input":{"@type":"PropertyValueSpecification","valueRequired":true,"valueName":"search_term_string"}}],"inLanguage":"cs"},{"@type":"Organization","@id":"https:\/\/www.walraven.com\/cz\/#organization","name":"Walraven s.r.o.","alternateName":"Walraven s.r.o.","url":"https:\/\/www.walraven.com\/cz\/","logo":{"@type":"ImageObject","inLanguage":"cs","@id":"https:\/\/www.walraven.com\/cz\/#\/schema\/logo\/image\/","url":"https:\/\/www.walraven.com\/cz\/wp-content\/uploads\/sites\/7\/2023\/12\/Walraven_logo300x300.jpg","contentUrl":"https:\/\/www.walraven.com\/cz\/wp-content\/uploads\/sites\/7\/2023\/12\/Walraven_logo300x300.jpg","width":300,"height":300,"caption":"Walraven s.r.o."},"image":{"@id":"https:\/\/www.walraven.com\/cz\/#\/schema\/logo\/image\/"},"sameAs":["https:\/\/www.facebook.com\/walravenczech\/","https:\/\/www.youtube.com\/channel\/UCKd440wCqHhmKODY1YrLToA","https:\/\/www.linkedin.com\/company\/walravencz","https:\/\/www.instagram.com\/walravencz\/"]}]}},"_links":{"self":[{"href":"https:\/\/www.walraven.com\/cz\/wp-json\/wp\/v2\/pages\/51635","targetHints":{"allow":["GET"]}}],"collection":[{"href":"https:\/\/www.walraven.com\/cz\/wp-json\/wp\/v2\/pages"}],"about":[{"href":"https:\/\/www.walraven.com\/cz\/wp-json\/wp\/v2\/types\/page"}],"author":[{"embeddable":true,"href":"https:\/\/www.walraven.com\/cz\/wp-json\/wp\/v2\/users\/43"}],"replies":[{"embeddable":true,"href":"https:\/\/www.walraven.com\/cz\/wp-json\/wp\/v2\/comments?post=51635"}],"version-history":[{"count":6,"href":"https:\/\/www.walraven.com\/cz\/wp-json\/wp\/v2\/pages\/51635\/revisions"}],"predecessor-version":[{"id":55312,"href":"https:\/\/www.walraven.com\/cz\/wp-json\/wp\/v2\/pages\/51635\/revisions\/55312"}],"wp:attachment":[{"href":"https:\/\/www.walraven.com\/cz\/wp-json\/wp\/v2\/media?parent=51635"}],"curies":[{"name":"wp","href":"https:\/\/api.w.org\/{rel}","templated":true}]}}