{"id":51775,"date":"2019-03-20T13:03:50","date_gmt":"2019-03-20T12:03:50","guid":{"rendered":"https:\/\/www.walraven.com\/en\/?page_id=54193"},"modified":"2021-11-16T15:12:55","modified_gmt":"2021-11-16T14:12:55","slug":"stresni-systemy","status":"publish","type":"page","link":"https:\/\/www.walraven.com\/cz\/upevnovaci-systemy\/stresni-systemy\/","title":{"rendered":"St\u0159e\u0161n\u00ed syst\u00e9my"},"content":{"rendered":"","protected":false},"excerpt":{"rendered":"","protected":false},"author":43,"featured_media":51778,"parent":51887,"menu_order":0,"comment_status":"closed","ping_status":"closed","template":"page-templates\/tpl-landingspage.php","meta":{"_acf_changed":false,"footnotes":""},"class_list":["post-51775","page","type-page","status-publish","has-post-thumbnail","hentry"],"acf":[],"yoast_head":"<!-- This site is optimized with the Yoast SEO Premium plugin v27.3 (Yoast SEO v27.3) - https:\/\/yoast.com\/product\/yoast-seo-premium-wordpress\/ -->\n<title>St\u0159e\u0161n\u00ed syst\u00e9my - Walraven \u010cesk\u00e1 republika<\/title>\n<meta name=\"description\" content=\"Konstrukce pro st\u0159e\u0161n\u00ed instalace spole\u010dnosti Walraven nab\u00edzej\u00ed v\u0161estrann\u00e1 a odoln\u00e1 \u0159e\u0161en\u00ed, bez prostupu st\u0159echou, kter\u00e1 \u0161et\u0159\u00ed \u010das i n\u00e1klady.\" \/>\n<meta name=\"robots\" content=\"index, follow, max-snippet:-1, max-image-preview:large, max-video-preview:-1\" \/>\n<link rel=\"canonical\" href=\"https:\/\/www.walraven.com\/cz\/upevnovaci-systemy\/stresni-systemy\/\" \/>\n<meta property=\"og:locale\" content=\"cs_CZ\" \/>\n<meta property=\"og:type\" content=\"article\" \/>\n<meta property=\"og:title\" content=\"St\u0159e\u0161n\u00ed syst\u00e9my\" \/>\n<meta property=\"og:description\" content=\"Konstrukce pro st\u0159e\u0161n\u00ed instalace spole\u010dnosti Walraven nab\u00edzej\u00ed v\u0161estrann\u00e1 a odoln\u00e1 \u0159e\u0161en\u00ed, bez prostupu st\u0159echou, kter\u00e1 \u0161et\u0159\u00ed \u010das i n\u00e1klady.\" \/>\n<meta property=\"og:url\" content=\"https:\/\/www.walraven.com\/cz\/upevnovaci-systemy\/stresni-systemy\/\" \/>\n<meta property=\"og:site_name\" content=\"Walraven \u010cesk\u00e1 republika\" \/>\n<meta property=\"article:publisher\" content=\"https:\/\/www.facebook.com\/walravenczech\/\" \/>\n<meta property=\"article:modified_time\" content=\"2021-11-16T14:12:55+00:00\" \/>\n<meta property=\"og:image\" content=\"https:\/\/www.walraven.com\/cz\/wp-content\/uploads\/sites\/7\/2019\/03\/rooftop.jpg\" \/>\n\t<meta property=\"og:image:width\" content=\"254\" \/>\n\t<meta property=\"og:image:height\" content=\"420\" \/>\n\t<meta property=\"og:image:type\" content=\"image\/jpeg\" \/>\n<meta name=\"twitter:card\" content=\"summary_large_image\" \/>\n<script type=\"application\/ld+json\" class=\"yoast-schema-graph\">{\"@context\":\"https:\\\/\\\/schema.org\",\"@graph\":[{\"@type\":\"WebPage\",\"@id\":\"https:\\\/\\\/www.walraven.com\\\/cz\\\/upevnovaci-systemy\\\/stresni-systemy\\\/\",\"url\":\"https:\\\/\\\/www.walraven.com\\\/cz\\\/upevnovaci-systemy\\\/stresni-systemy\\\/\",\"name\":\"St\u0159e\u0161n\u00ed syst\u00e9my - Walraven \u010cesk\u00e1 republika\",\"isPartOf\":{\"@id\":\"https:\\\/\\\/www.walraven.com\\\/cz\\\/#website\"},\"primaryImageOfPage\":{\"@id\":\"https:\\\/\\\/www.walraven.com\\\/cz\\\/upevnovaci-systemy\\\/stresni-systemy\\\/#primaryimage\"},\"image\":{\"@id\":\"https:\\\/\\\/www.walraven.com\\\/cz\\\/upevnovaci-systemy\\\/stresni-systemy\\\/#primaryimage\"},\"thumbnailUrl\":\"https:\\\/\\\/www.walraven.com\\\/cz\\\/wp-content\\\/uploads\\\/sites\\\/7\\\/2019\\\/03\\\/rooftop.jpg\",\"datePublished\":\"2019-03-20T12:03:50+00:00\",\"dateModified\":\"2021-11-16T14:12:55+00:00\",\"description\":\"Konstrukce pro st\u0159e\u0161n\u00ed instalace spole\u010dnosti Walraven nab\u00edzej\u00ed v\u0161estrann\u00e1 a odoln\u00e1 \u0159e\u0161en\u00ed, bez prostupu st\u0159echou, kter\u00e1 \u0161et\u0159\u00ed \u010das i n\u00e1klady.\",\"breadcrumb\":{\"@id\":\"https:\\\/\\\/www.walraven.com\\\/cz\\\/upevnovaci-systemy\\\/stresni-systemy\\\/#breadcrumb\"},\"inLanguage\":\"cs\",\"potentialAction\":[{\"@type\":\"ReadAction\",\"target\":[\"https:\\\/\\\/www.walraven.com\\\/cz\\\/upevnovaci-systemy\\\/stresni-systemy\\\/\"]}]},{\"@type\":\"ImageObject\",\"inLanguage\":\"cs\",\"@id\":\"https:\\\/\\\/www.walraven.com\\\/cz\\\/upevnovaci-systemy\\\/stresni-systemy\\\/#primaryimage\",\"url\":\"https:\\\/\\\/www.walraven.com\\\/cz\\\/wp-content\\\/uploads\\\/sites\\\/7\\\/2019\\\/03\\\/rooftop.jpg\",\"contentUrl\":\"https:\\\/\\\/www.walraven.com\\\/cz\\\/wp-content\\\/uploads\\\/sites\\\/7\\\/2019\\\/03\\\/rooftop.jpg\",\"width\":254,\"height\":420},{\"@type\":\"BreadcrumbList\",\"@id\":\"https:\\\/\\\/www.walraven.com\\\/cz\\\/upevnovaci-systemy\\\/stresni-systemy\\\/#breadcrumb\",\"itemListElement\":[{\"@type\":\"ListItem\",\"position\":1,\"name\":\"\u00davod\",\"item\":\"https:\\\/\\\/www.walraven.com\\\/cz\\\/\"},{\"@type\":\"ListItem\",\"position\":2,\"name\":\"Upev\u0148ovac\u00ed syst\u00e9my\",\"item\":\"https:\\\/\\\/www.walraven.com\\\/cz\\\/upevnovaci-systemy\\\/\"},{\"@type\":\"ListItem\",\"position\":3,\"name\":\"St\u0159e\u0161n\u00ed syst\u00e9my\"}]},{\"@type\":\"WebSite\",\"@id\":\"https:\\\/\\\/www.walraven.com\\\/cz\\\/#website\",\"url\":\"https:\\\/\\\/www.walraven.com\\\/cz\\\/\",\"name\":\"Walraven \u010cesk\u00e1 republika\",\"description\":\"\",\"publisher\":{\"@id\":\"https:\\\/\\\/www.walraven.com\\\/cz\\\/#organization\"},\"potentialAction\":[{\"@type\":\"SearchAction\",\"target\":{\"@type\":\"EntryPoint\",\"urlTemplate\":\"https:\\\/\\\/www.walraven.com\\\/cz\\\/?s={search_term_string}\"},\"query-input\":{\"@type\":\"PropertyValueSpecification\",\"valueRequired\":true,\"valueName\":\"search_term_string\"}}],\"inLanguage\":\"cs\"},{\"@type\":\"Organization\",\"@id\":\"https:\\\/\\\/www.walraven.com\\\/cz\\\/#organization\",\"name\":\"Walraven s.r.o.\",\"alternateName\":\"Walraven s.r.o.\",\"url\":\"https:\\\/\\\/www.walraven.com\\\/cz\\\/\",\"logo\":{\"@type\":\"ImageObject\",\"inLanguage\":\"cs\",\"@id\":\"https:\\\/\\\/www.walraven.com\\\/cz\\\/#\\\/schema\\\/logo\\\/image\\\/\",\"url\":\"https:\\\/\\\/www.walraven.com\\\/cz\\\/wp-content\\\/uploads\\\/sites\\\/7\\\/2023\\\/12\\\/Walraven_logo300x300.jpg\",\"contentUrl\":\"https:\\\/\\\/www.walraven.com\\\/cz\\\/wp-content\\\/uploads\\\/sites\\\/7\\\/2023\\\/12\\\/Walraven_logo300x300.jpg\",\"width\":300,\"height\":300,\"caption\":\"Walraven s.r.o.\"},\"image\":{\"@id\":\"https:\\\/\\\/www.walraven.com\\\/cz\\\/#\\\/schema\\\/logo\\\/image\\\/\"},\"sameAs\":[\"https:\\\/\\\/www.facebook.com\\\/walravenczech\\\/\",\"https:\\\/\\\/www.youtube.com\\\/channel\\\/UCKd440wCqHhmKODY1YrLToA\",\"https:\\\/\\\/www.linkedin.com\\\/company\\\/walravencz\",\"https:\\\/\\\/www.instagram.com\\\/walravencz\\\/\"]}]}<\/script>\n<!-- \/ Yoast SEO Premium plugin. -->","yoast_head_json":{"title":"St\u0159e\u0161n\u00ed syst\u00e9my - Walraven \u010cesk\u00e1 republika","description":"Konstrukce pro st\u0159e\u0161n\u00ed instalace spole\u010dnosti Walraven nab\u00edzej\u00ed v\u0161estrann\u00e1 a odoln\u00e1 \u0159e\u0161en\u00ed, bez prostupu st\u0159echou, kter\u00e1 \u0161et\u0159\u00ed \u010das i n\u00e1klady.","robots":{"index":"index","follow":"follow","max-snippet":"max-snippet:-1","max-image-preview":"max-image-preview:large","max-video-preview":"max-video-preview:-1"},"canonical":"https:\/\/www.walraven.com\/cz\/upevnovaci-systemy\/stresni-systemy\/","og_locale":"cs_CZ","og_type":"article","og_title":"St\u0159e\u0161n\u00ed syst\u00e9my","og_description":"Konstrukce pro st\u0159e\u0161n\u00ed instalace spole\u010dnosti Walraven nab\u00edzej\u00ed v\u0161estrann\u00e1 a odoln\u00e1 \u0159e\u0161en\u00ed, bez prostupu st\u0159echou, kter\u00e1 \u0161et\u0159\u00ed \u010das i n\u00e1klady.","og_url":"https:\/\/www.walraven.com\/cz\/upevnovaci-systemy\/stresni-systemy\/","og_site_name":"Walraven \u010cesk\u00e1 republika","article_publisher":"https:\/\/www.facebook.com\/walravenczech\/","article_modified_time":"2021-11-16T14:12:55+00:00","og_image":[{"width":254,"height":420,"url":"https:\/\/www.walraven.com\/cz\/wp-content\/uploads\/sites\/7\/2019\/03\/rooftop.jpg","type":"image\/jpeg"}],"twitter_card":"summary_large_image","schema":{"@context":"https:\/\/schema.org","@graph":[{"@type":"WebPage","@id":"https:\/\/www.walraven.com\/cz\/upevnovaci-systemy\/stresni-systemy\/","url":"https:\/\/www.walraven.com\/cz\/upevnovaci-systemy\/stresni-systemy\/","name":"St\u0159e\u0161n\u00ed syst\u00e9my - Walraven \u010cesk\u00e1 republika","isPartOf":{"@id":"https:\/\/www.walraven.com\/cz\/#website"},"primaryImageOfPage":{"@id":"https:\/\/www.walraven.com\/cz\/upevnovaci-systemy\/stresni-systemy\/#primaryimage"},"image":{"@id":"https:\/\/www.walraven.com\/cz\/upevnovaci-systemy\/stresni-systemy\/#primaryimage"},"thumbnailUrl":"https:\/\/www.walraven.com\/cz\/wp-content\/uploads\/sites\/7\/2019\/03\/rooftop.jpg","datePublished":"2019-03-20T12:03:50+00:00","dateModified":"2021-11-16T14:12:55+00:00","description":"Konstrukce pro st\u0159e\u0161n\u00ed instalace spole\u010dnosti Walraven nab\u00edzej\u00ed v\u0161estrann\u00e1 a odoln\u00e1 \u0159e\u0161en\u00ed, bez prostupu st\u0159echou, kter\u00e1 \u0161et\u0159\u00ed \u010das i n\u00e1klady.","breadcrumb":{"@id":"https:\/\/www.walraven.com\/cz\/upevnovaci-systemy\/stresni-systemy\/#breadcrumb"},"inLanguage":"cs","potentialAction":[{"@type":"ReadAction","target":["https:\/\/www.walraven.com\/cz\/upevnovaci-systemy\/stresni-systemy\/"]}]},{"@type":"ImageObject","inLanguage":"cs","@id":"https:\/\/www.walraven.com\/cz\/upevnovaci-systemy\/stresni-systemy\/#primaryimage","url":"https:\/\/www.walraven.com\/cz\/wp-content\/uploads\/sites\/7\/2019\/03\/rooftop.jpg","contentUrl":"https:\/\/www.walraven.com\/cz\/wp-content\/uploads\/sites\/7\/2019\/03\/rooftop.jpg","width":254,"height":420},{"@type":"BreadcrumbList","@id":"https:\/\/www.walraven.com\/cz\/upevnovaci-systemy\/stresni-systemy\/#breadcrumb","itemListElement":[{"@type":"ListItem","position":1,"name":"\u00davod","item":"https:\/\/www.walraven.com\/cz\/"},{"@type":"ListItem","position":2,"name":"Upev\u0148ovac\u00ed syst\u00e9my","item":"https:\/\/www.walraven.com\/cz\/upevnovaci-systemy\/"},{"@type":"ListItem","position":3,"name":"St\u0159e\u0161n\u00ed syst\u00e9my"}]},{"@type":"WebSite","@id":"https:\/\/www.walraven.com\/cz\/#website","url":"https:\/\/www.walraven.com\/cz\/","name":"Walraven \u010cesk\u00e1 republika","description":"","publisher":{"@id":"https:\/\/www.walraven.com\/cz\/#organization"},"potentialAction":[{"@type":"SearchAction","target":{"@type":"EntryPoint","urlTemplate":"https:\/\/www.walraven.com\/cz\/?s={search_term_string}"},"query-input":{"@type":"PropertyValueSpecification","valueRequired":true,"valueName":"search_term_string"}}],"inLanguage":"cs"},{"@type":"Organization","@id":"https:\/\/www.walraven.com\/cz\/#organization","name":"Walraven s.r.o.","alternateName":"Walraven s.r.o.","url":"https:\/\/www.walraven.com\/cz\/","logo":{"@type":"ImageObject","inLanguage":"cs","@id":"https:\/\/www.walraven.com\/cz\/#\/schema\/logo\/image\/","url":"https:\/\/www.walraven.com\/cz\/wp-content\/uploads\/sites\/7\/2023\/12\/Walraven_logo300x300.jpg","contentUrl":"https:\/\/www.walraven.com\/cz\/wp-content\/uploads\/sites\/7\/2023\/12\/Walraven_logo300x300.jpg","width":300,"height":300,"caption":"Walraven s.r.o."},"image":{"@id":"https:\/\/www.walraven.com\/cz\/#\/schema\/logo\/image\/"},"sameAs":["https:\/\/www.facebook.com\/walravenczech\/","https:\/\/www.youtube.com\/channel\/UCKd440wCqHhmKODY1YrLToA","https:\/\/www.linkedin.com\/company\/walravencz","https:\/\/www.instagram.com\/walravencz\/"]}]}},"_links":{"self":[{"href":"https:\/\/www.walraven.com\/cz\/wp-json\/wp\/v2\/pages\/51775","targetHints":{"allow":["GET"]}}],"collection":[{"href":"https:\/\/www.walraven.com\/cz\/wp-json\/wp\/v2\/pages"}],"about":[{"href":"https:\/\/www.walraven.com\/cz\/wp-json\/wp\/v2\/types\/page"}],"author":[{"embeddable":true,"href":"https:\/\/www.walraven.com\/cz\/wp-json\/wp\/v2\/users\/43"}],"replies":[{"embeddable":true,"href":"https:\/\/www.walraven.com\/cz\/wp-json\/wp\/v2\/comments?post=51775"}],"version-history":[{"count":5,"href":"https:\/\/www.walraven.com\/cz\/wp-json\/wp\/v2\/pages\/51775\/revisions"}],"predecessor-version":[{"id":53903,"href":"https:\/\/www.walraven.com\/cz\/wp-json\/wp\/v2\/pages\/51775\/revisions\/53903"}],"up":[{"embeddable":true,"href":"https:\/\/www.walraven.com\/cz\/wp-json\/wp\/v2\/pages\/51887"}],"wp:featuredmedia":[{"embeddable":true,"href":"https:\/\/www.walraven.com\/cz\/wp-json\/wp\/v2\/media\/51778"}],"wp:attachment":[{"href":"https:\/\/www.walraven.com\/cz\/wp-json\/wp\/v2\/media?parent=51775"}],"curies":[{"name":"wp","href":"https:\/\/api.w.org\/{rel}","templated":true}]}}