{"id":51835,"date":"2019-05-24T16:25:46","date_gmt":"2019-05-24T14:25:46","guid":{"rendered":"https:\/\/www.walraven.com\/en\/?page_id=54881"},"modified":"2023-07-19T10:50:02","modified_gmt":"2023-07-19T08:50:02","slug":"objimky-potrubi","status":"publish","type":"page","link":"https:\/\/www.walraven.com\/cz\/upevnovaci-systemy\/objimky-potrubi\/","title":{"rendered":"Obj\u00edmky na potrub\u00ed"},"content":{"rendered":"","protected":false},"excerpt":{"rendered":"","protected":false},"author":43,"featured_media":0,"parent":51887,"menu_order":0,"comment_status":"closed","ping_status":"closed","template":"page-templates\/tpl-landingspage.php","meta":{"_acf_changed":false,"footnotes":""},"class_list":["post-51835","page","type-page","status-publish","hentry"],"acf":[],"yoast_head":"<!-- This site is optimized with the Yoast SEO Premium plugin v27.3 (Yoast SEO v27.3) - https:\/\/yoast.com\/product\/yoast-seo-premium-wordpress\/ -->\n<title>Obj\u00edmky na potrub\u00ed - Walraven \u010cesk\u00e1 republika<\/title>\n<meta name=\"description\" content=\"Obj\u00edmky Walraven poskytuj\u00ed rychl\u00e1 a spolehliv\u00e1 \u0159e\u0161en\u00ed pro uchycen\u00ed potrub\u00ed v p\u0159\u00edpad\u011b lehk\u00e9ho zat\u00ed\u017een\u00ed. \u2705 Rychl\u00e1 a snadn\u00e1 instalace\" \/>\n<meta name=\"robots\" content=\"index, follow, max-snippet:-1, max-image-preview:large, max-video-preview:-1\" \/>\n<link rel=\"canonical\" href=\"https:\/\/www.walraven.com\/cz\/upevnovaci-systemy\/objimky-potrubi\/\" \/>\n<meta property=\"og:locale\" content=\"cs_CZ\" \/>\n<meta property=\"og:type\" content=\"article\" \/>\n<meta property=\"og:title\" content=\"Obj\u00edmky na potrub\u00ed\" \/>\n<meta property=\"og:description\" content=\"Obj\u00edmky Walraven poskytuj\u00ed rychl\u00e1 a spolehliv\u00e1 \u0159e\u0161en\u00ed pro uchycen\u00ed potrub\u00ed v p\u0159\u00edpad\u011b lehk\u00e9ho zat\u00ed\u017een\u00ed. \u2705 Rychl\u00e1 a snadn\u00e1 instalace\" \/>\n<meta property=\"og:url\" content=\"https:\/\/www.walraven.com\/cz\/upevnovaci-systemy\/objimky-potrubi\/\" \/>\n<meta property=\"og:site_name\" content=\"Walraven \u010cesk\u00e1 republika\" \/>\n<meta property=\"article:publisher\" content=\"https:\/\/www.facebook.com\/walravenczech\/\" \/>\n<meta property=\"article:modified_time\" content=\"2023-07-19T08:50:02+00:00\" \/>\n<meta name=\"twitter:card\" content=\"summary_large_image\" \/>\n<script type=\"application\/ld+json\" class=\"yoast-schema-graph\">{\"@context\":\"https:\\\/\\\/schema.org\",\"@graph\":[{\"@type\":\"WebPage\",\"@id\":\"https:\\\/\\\/www.walraven.com\\\/cz\\\/upevnovaci-systemy\\\/objimky-potrubi\\\/\",\"url\":\"https:\\\/\\\/www.walraven.com\\\/cz\\\/upevnovaci-systemy\\\/objimky-potrubi\\\/\",\"name\":\"Obj\u00edmky na potrub\u00ed - Walraven \u010cesk\u00e1 republika\",\"isPartOf\":{\"@id\":\"https:\\\/\\\/www.walraven.com\\\/cz\\\/#website\"},\"datePublished\":\"2019-05-24T14:25:46+00:00\",\"dateModified\":\"2023-07-19T08:50:02+00:00\",\"description\":\"Obj\u00edmky Walraven poskytuj\u00ed rychl\u00e1 a spolehliv\u00e1 \u0159e\u0161en\u00ed pro uchycen\u00ed potrub\u00ed v p\u0159\u00edpad\u011b lehk\u00e9ho zat\u00ed\u017een\u00ed. \u2705 Rychl\u00e1 a snadn\u00e1 instalace\",\"breadcrumb\":{\"@id\":\"https:\\\/\\\/www.walraven.com\\\/cz\\\/upevnovaci-systemy\\\/objimky-potrubi\\\/#breadcrumb\"},\"inLanguage\":\"cs\",\"potentialAction\":[{\"@type\":\"ReadAction\",\"target\":[\"https:\\\/\\\/www.walraven.com\\\/cz\\\/upevnovaci-systemy\\\/objimky-potrubi\\\/\"]}]},{\"@type\":\"BreadcrumbList\",\"@id\":\"https:\\\/\\\/www.walraven.com\\\/cz\\\/upevnovaci-systemy\\\/objimky-potrubi\\\/#breadcrumb\",\"itemListElement\":[{\"@type\":\"ListItem\",\"position\":1,\"name\":\"\u00davod\",\"item\":\"https:\\\/\\\/www.walraven.com\\\/cz\\\/\"},{\"@type\":\"ListItem\",\"position\":2,\"name\":\"Upev\u0148ovac\u00ed syst\u00e9my\",\"item\":\"https:\\\/\\\/www.walraven.com\\\/cz\\\/upevnovaci-systemy\\\/\"},{\"@type\":\"ListItem\",\"position\":3,\"name\":\"Obj\u00edmky na potrub\u00ed\"}]},{\"@type\":\"WebSite\",\"@id\":\"https:\\\/\\\/www.walraven.com\\\/cz\\\/#website\",\"url\":\"https:\\\/\\\/www.walraven.com\\\/cz\\\/\",\"name\":\"Walraven \u010cesk\u00e1 republika\",\"description\":\"\",\"publisher\":{\"@id\":\"https:\\\/\\\/www.walraven.com\\\/cz\\\/#organization\"},\"potentialAction\":[{\"@type\":\"SearchAction\",\"target\":{\"@type\":\"EntryPoint\",\"urlTemplate\":\"https:\\\/\\\/www.walraven.com\\\/cz\\\/?s={search_term_string}\"},\"query-input\":{\"@type\":\"PropertyValueSpecification\",\"valueRequired\":true,\"valueName\":\"search_term_string\"}}],\"inLanguage\":\"cs\"},{\"@type\":\"Organization\",\"@id\":\"https:\\\/\\\/www.walraven.com\\\/cz\\\/#organization\",\"name\":\"Walraven s.r.o.\",\"alternateName\":\"Walraven s.r.o.\",\"url\":\"https:\\\/\\\/www.walraven.com\\\/cz\\\/\",\"logo\":{\"@type\":\"ImageObject\",\"inLanguage\":\"cs\",\"@id\":\"https:\\\/\\\/www.walraven.com\\\/cz\\\/#\\\/schema\\\/logo\\\/image\\\/\",\"url\":\"https:\\\/\\\/www.walraven.com\\\/cz\\\/wp-content\\\/uploads\\\/sites\\\/7\\\/2023\\\/12\\\/Walraven_logo300x300.jpg\",\"contentUrl\":\"https:\\\/\\\/www.walraven.com\\\/cz\\\/wp-content\\\/uploads\\\/sites\\\/7\\\/2023\\\/12\\\/Walraven_logo300x300.jpg\",\"width\":300,\"height\":300,\"caption\":\"Walraven s.r.o.\"},\"image\":{\"@id\":\"https:\\\/\\\/www.walraven.com\\\/cz\\\/#\\\/schema\\\/logo\\\/image\\\/\"},\"sameAs\":[\"https:\\\/\\\/www.facebook.com\\\/walravenczech\\\/\",\"https:\\\/\\\/www.youtube.com\\\/channel\\\/UCKd440wCqHhmKODY1YrLToA\",\"https:\\\/\\\/www.linkedin.com\\\/company\\\/walravencz\",\"https:\\\/\\\/www.instagram.com\\\/walravencz\\\/\"]}]}<\/script>\n<!-- \/ Yoast SEO Premium plugin. -->","yoast_head_json":{"title":"Obj\u00edmky na potrub\u00ed - Walraven \u010cesk\u00e1 republika","description":"Obj\u00edmky Walraven poskytuj\u00ed rychl\u00e1 a spolehliv\u00e1 \u0159e\u0161en\u00ed pro uchycen\u00ed potrub\u00ed v p\u0159\u00edpad\u011b lehk\u00e9ho zat\u00ed\u017een\u00ed. \u2705 Rychl\u00e1 a snadn\u00e1 instalace","robots":{"index":"index","follow":"follow","max-snippet":"max-snippet:-1","max-image-preview":"max-image-preview:large","max-video-preview":"max-video-preview:-1"},"canonical":"https:\/\/www.walraven.com\/cz\/upevnovaci-systemy\/objimky-potrubi\/","og_locale":"cs_CZ","og_type":"article","og_title":"Obj\u00edmky na potrub\u00ed","og_description":"Obj\u00edmky Walraven poskytuj\u00ed rychl\u00e1 a spolehliv\u00e1 \u0159e\u0161en\u00ed pro uchycen\u00ed potrub\u00ed v p\u0159\u00edpad\u011b lehk\u00e9ho zat\u00ed\u017een\u00ed. \u2705 Rychl\u00e1 a snadn\u00e1 instalace","og_url":"https:\/\/www.walraven.com\/cz\/upevnovaci-systemy\/objimky-potrubi\/","og_site_name":"Walraven \u010cesk\u00e1 republika","article_publisher":"https:\/\/www.facebook.com\/walravenczech\/","article_modified_time":"2023-07-19T08:50:02+00:00","twitter_card":"summary_large_image","schema":{"@context":"https:\/\/schema.org","@graph":[{"@type":"WebPage","@id":"https:\/\/www.walraven.com\/cz\/upevnovaci-systemy\/objimky-potrubi\/","url":"https:\/\/www.walraven.com\/cz\/upevnovaci-systemy\/objimky-potrubi\/","name":"Obj\u00edmky na potrub\u00ed - Walraven \u010cesk\u00e1 republika","isPartOf":{"@id":"https:\/\/www.walraven.com\/cz\/#website"},"datePublished":"2019-05-24T14:25:46+00:00","dateModified":"2023-07-19T08:50:02+00:00","description":"Obj\u00edmky Walraven poskytuj\u00ed rychl\u00e1 a spolehliv\u00e1 \u0159e\u0161en\u00ed pro uchycen\u00ed potrub\u00ed v p\u0159\u00edpad\u011b lehk\u00e9ho zat\u00ed\u017een\u00ed. \u2705 Rychl\u00e1 a snadn\u00e1 instalace","breadcrumb":{"@id":"https:\/\/www.walraven.com\/cz\/upevnovaci-systemy\/objimky-potrubi\/#breadcrumb"},"inLanguage":"cs","potentialAction":[{"@type":"ReadAction","target":["https:\/\/www.walraven.com\/cz\/upevnovaci-systemy\/objimky-potrubi\/"]}]},{"@type":"BreadcrumbList","@id":"https:\/\/www.walraven.com\/cz\/upevnovaci-systemy\/objimky-potrubi\/#breadcrumb","itemListElement":[{"@type":"ListItem","position":1,"name":"\u00davod","item":"https:\/\/www.walraven.com\/cz\/"},{"@type":"ListItem","position":2,"name":"Upev\u0148ovac\u00ed syst\u00e9my","item":"https:\/\/www.walraven.com\/cz\/upevnovaci-systemy\/"},{"@type":"ListItem","position":3,"name":"Obj\u00edmky na potrub\u00ed"}]},{"@type":"WebSite","@id":"https:\/\/www.walraven.com\/cz\/#website","url":"https:\/\/www.walraven.com\/cz\/","name":"Walraven \u010cesk\u00e1 republika","description":"","publisher":{"@id":"https:\/\/www.walraven.com\/cz\/#organization"},"potentialAction":[{"@type":"SearchAction","target":{"@type":"EntryPoint","urlTemplate":"https:\/\/www.walraven.com\/cz\/?s={search_term_string}"},"query-input":{"@type":"PropertyValueSpecification","valueRequired":true,"valueName":"search_term_string"}}],"inLanguage":"cs"},{"@type":"Organization","@id":"https:\/\/www.walraven.com\/cz\/#organization","name":"Walraven s.r.o.","alternateName":"Walraven s.r.o.","url":"https:\/\/www.walraven.com\/cz\/","logo":{"@type":"ImageObject","inLanguage":"cs","@id":"https:\/\/www.walraven.com\/cz\/#\/schema\/logo\/image\/","url":"https:\/\/www.walraven.com\/cz\/wp-content\/uploads\/sites\/7\/2023\/12\/Walraven_logo300x300.jpg","contentUrl":"https:\/\/www.walraven.com\/cz\/wp-content\/uploads\/sites\/7\/2023\/12\/Walraven_logo300x300.jpg","width":300,"height":300,"caption":"Walraven s.r.o."},"image":{"@id":"https:\/\/www.walraven.com\/cz\/#\/schema\/logo\/image\/"},"sameAs":["https:\/\/www.facebook.com\/walravenczech\/","https:\/\/www.youtube.com\/channel\/UCKd440wCqHhmKODY1YrLToA","https:\/\/www.linkedin.com\/company\/walravencz","https:\/\/www.instagram.com\/walravencz\/"]}]}},"_links":{"self":[{"href":"https:\/\/www.walraven.com\/cz\/wp-json\/wp\/v2\/pages\/51835","targetHints":{"allow":["GET"]}}],"collection":[{"href":"https:\/\/www.walraven.com\/cz\/wp-json\/wp\/v2\/pages"}],"about":[{"href":"https:\/\/www.walraven.com\/cz\/wp-json\/wp\/v2\/types\/page"}],"author":[{"embeddable":true,"href":"https:\/\/www.walraven.com\/cz\/wp-json\/wp\/v2\/users\/43"}],"replies":[{"embeddable":true,"href":"https:\/\/www.walraven.com\/cz\/wp-json\/wp\/v2\/comments?post=51835"}],"version-history":[{"count":6,"href":"https:\/\/www.walraven.com\/cz\/wp-json\/wp\/v2\/pages\/51835\/revisions"}],"predecessor-version":[{"id":55319,"href":"https:\/\/www.walraven.com\/cz\/wp-json\/wp\/v2\/pages\/51835\/revisions\/55319"}],"up":[{"embeddable":true,"href":"https:\/\/www.walraven.com\/cz\/wp-json\/wp\/v2\/pages\/51887"}],"wp:attachment":[{"href":"https:\/\/www.walraven.com\/cz\/wp-json\/wp\/v2\/media?parent=51835"}],"curies":[{"name":"wp","href":"https:\/\/api.w.org\/{rel}","templated":true}]}}