{"id":51859,"date":"2019-05-24T16:43:57","date_gmt":"2019-05-24T14:43:57","guid":{"rendered":"https:\/\/www.walraven.com\/en\/?page_id=54893"},"modified":"2023-07-19T10:51:01","modified_gmt":"2023-07-19T08:51:01","slug":"hd-objimky-masiv","status":"publish","type":"page","link":"https:\/\/www.walraven.com\/cz\/upevnovaci-systemy\/hd-objimky-masiv\/","title":{"rendered":"Obj\u00edmky pro t\u011b\u017ek\u00e9 upevn\u011bn\u00ed"},"content":{"rendered":"","protected":false},"excerpt":{"rendered":"","protected":false},"author":43,"featured_media":0,"parent":51887,"menu_order":0,"comment_status":"closed","ping_status":"closed","template":"page-templates\/tpl-landingspage.php","meta":{"_acf_changed":false,"footnotes":""},"class_list":["post-51859","page","type-page","status-publish","hentry"],"acf":[],"yoast_head":"<!-- This site is optimized with the Yoast SEO Premium plugin v27.3 (Yoast SEO v27.3) - https:\/\/yoast.com\/product\/yoast-seo-premium-wordpress\/ -->\n<title>Obj\u00edmky pro t\u011b\u017ek\u00e9 upevn\u011bn\u00ed - Walraven \u010cesk\u00e1 republika<\/title>\n<meta name=\"description\" content=\"Walraven\u2019s Heavy Duty Clamps are specially designed for fixing high load pipework. \u2705Indoor and outdoor use \u2705 Easy to install\" \/>\n<meta name=\"robots\" content=\"index, follow, max-snippet:-1, max-image-preview:large, max-video-preview:-1\" \/>\n<link rel=\"canonical\" href=\"https:\/\/www.walraven.com\/cz\/upevnovaci-systemy\/hd-objimky-masiv\/\" \/>\n<meta property=\"og:locale\" content=\"cs_CZ\" \/>\n<meta property=\"og:type\" content=\"article\" \/>\n<meta property=\"og:title\" content=\"Obj\u00edmky pro t\u011b\u017ek\u00e9 upevn\u011bn\u00ed\" \/>\n<meta property=\"og:description\" content=\"Walraven\u2019s Heavy Duty Clamps are specially designed for fixing high load pipework. \u2705Indoor and outdoor use \u2705 Easy to install\" \/>\n<meta property=\"og:url\" content=\"https:\/\/www.walraven.com\/cz\/upevnovaci-systemy\/hd-objimky-masiv\/\" \/>\n<meta property=\"og:site_name\" content=\"Walraven \u010cesk\u00e1 republika\" \/>\n<meta property=\"article:publisher\" content=\"https:\/\/www.facebook.com\/walravenczech\/\" \/>\n<meta property=\"article:modified_time\" content=\"2023-07-19T08:51:01+00:00\" \/>\n<meta name=\"twitter:card\" content=\"summary_large_image\" \/>\n<script type=\"application\/ld+json\" class=\"yoast-schema-graph\">{\"@context\":\"https:\\\/\\\/schema.org\",\"@graph\":[{\"@type\":\"WebPage\",\"@id\":\"https:\\\/\\\/www.walraven.com\\\/cz\\\/upevnovaci-systemy\\\/hd-objimky-masiv\\\/\",\"url\":\"https:\\\/\\\/www.walraven.com\\\/cz\\\/upevnovaci-systemy\\\/hd-objimky-masiv\\\/\",\"name\":\"Obj\u00edmky pro t\u011b\u017ek\u00e9 upevn\u011bn\u00ed - Walraven \u010cesk\u00e1 republika\",\"isPartOf\":{\"@id\":\"https:\\\/\\\/www.walraven.com\\\/cz\\\/#website\"},\"datePublished\":\"2019-05-24T14:43:57+00:00\",\"dateModified\":\"2023-07-19T08:51:01+00:00\",\"description\":\"Walraven\u2019s Heavy Duty Clamps are specially designed for fixing high load pipework. \u2705Indoor and outdoor use \u2705 Easy to install\",\"breadcrumb\":{\"@id\":\"https:\\\/\\\/www.walraven.com\\\/cz\\\/upevnovaci-systemy\\\/hd-objimky-masiv\\\/#breadcrumb\"},\"inLanguage\":\"cs\",\"potentialAction\":[{\"@type\":\"ReadAction\",\"target\":[\"https:\\\/\\\/www.walraven.com\\\/cz\\\/upevnovaci-systemy\\\/hd-objimky-masiv\\\/\"]}]},{\"@type\":\"BreadcrumbList\",\"@id\":\"https:\\\/\\\/www.walraven.com\\\/cz\\\/upevnovaci-systemy\\\/hd-objimky-masiv\\\/#breadcrumb\",\"itemListElement\":[{\"@type\":\"ListItem\",\"position\":1,\"name\":\"\u00davod\",\"item\":\"https:\\\/\\\/www.walraven.com\\\/cz\\\/\"},{\"@type\":\"ListItem\",\"position\":2,\"name\":\"Upev\u0148ovac\u00ed syst\u00e9my\",\"item\":\"https:\\\/\\\/www.walraven.com\\\/cz\\\/upevnovaci-systemy\\\/\"},{\"@type\":\"ListItem\",\"position\":3,\"name\":\"Obj\u00edmky pro t\u011b\u017ek\u00e9 upevn\u011bn\u00ed\"}]},{\"@type\":\"WebSite\",\"@id\":\"https:\\\/\\\/www.walraven.com\\\/cz\\\/#website\",\"url\":\"https:\\\/\\\/www.walraven.com\\\/cz\\\/\",\"name\":\"Walraven \u010cesk\u00e1 republika\",\"description\":\"\",\"publisher\":{\"@id\":\"https:\\\/\\\/www.walraven.com\\\/cz\\\/#organization\"},\"potentialAction\":[{\"@type\":\"SearchAction\",\"target\":{\"@type\":\"EntryPoint\",\"urlTemplate\":\"https:\\\/\\\/www.walraven.com\\\/cz\\\/?s={search_term_string}\"},\"query-input\":{\"@type\":\"PropertyValueSpecification\",\"valueRequired\":true,\"valueName\":\"search_term_string\"}}],\"inLanguage\":\"cs\"},{\"@type\":\"Organization\",\"@id\":\"https:\\\/\\\/www.walraven.com\\\/cz\\\/#organization\",\"name\":\"Walraven s.r.o.\",\"alternateName\":\"Walraven s.r.o.\",\"url\":\"https:\\\/\\\/www.walraven.com\\\/cz\\\/\",\"logo\":{\"@type\":\"ImageObject\",\"inLanguage\":\"cs\",\"@id\":\"https:\\\/\\\/www.walraven.com\\\/cz\\\/#\\\/schema\\\/logo\\\/image\\\/\",\"url\":\"https:\\\/\\\/www.walraven.com\\\/cz\\\/wp-content\\\/uploads\\\/sites\\\/7\\\/2023\\\/12\\\/Walraven_logo300x300.jpg\",\"contentUrl\":\"https:\\\/\\\/www.walraven.com\\\/cz\\\/wp-content\\\/uploads\\\/sites\\\/7\\\/2023\\\/12\\\/Walraven_logo300x300.jpg\",\"width\":300,\"height\":300,\"caption\":\"Walraven s.r.o.\"},\"image\":{\"@id\":\"https:\\\/\\\/www.walraven.com\\\/cz\\\/#\\\/schema\\\/logo\\\/image\\\/\"},\"sameAs\":[\"https:\\\/\\\/www.facebook.com\\\/walravenczech\\\/\",\"https:\\\/\\\/www.youtube.com\\\/channel\\\/UCKd440wCqHhmKODY1YrLToA\",\"https:\\\/\\\/www.linkedin.com\\\/company\\\/walravencz\",\"https:\\\/\\\/www.instagram.com\\\/walravencz\\\/\"]}]}<\/script>\n<!-- \/ Yoast SEO Premium plugin. -->","yoast_head_json":{"title":"Obj\u00edmky pro t\u011b\u017ek\u00e9 upevn\u011bn\u00ed - Walraven \u010cesk\u00e1 republika","description":"Walraven\u2019s Heavy Duty Clamps are specially designed for fixing high load pipework. \u2705Indoor and outdoor use \u2705 Easy to install","robots":{"index":"index","follow":"follow","max-snippet":"max-snippet:-1","max-image-preview":"max-image-preview:large","max-video-preview":"max-video-preview:-1"},"canonical":"https:\/\/www.walraven.com\/cz\/upevnovaci-systemy\/hd-objimky-masiv\/","og_locale":"cs_CZ","og_type":"article","og_title":"Obj\u00edmky pro t\u011b\u017ek\u00e9 upevn\u011bn\u00ed","og_description":"Walraven\u2019s Heavy Duty Clamps are specially designed for fixing high load pipework. \u2705Indoor and outdoor use \u2705 Easy to install","og_url":"https:\/\/www.walraven.com\/cz\/upevnovaci-systemy\/hd-objimky-masiv\/","og_site_name":"Walraven \u010cesk\u00e1 republika","article_publisher":"https:\/\/www.facebook.com\/walravenczech\/","article_modified_time":"2023-07-19T08:51:01+00:00","twitter_card":"summary_large_image","schema":{"@context":"https:\/\/schema.org","@graph":[{"@type":"WebPage","@id":"https:\/\/www.walraven.com\/cz\/upevnovaci-systemy\/hd-objimky-masiv\/","url":"https:\/\/www.walraven.com\/cz\/upevnovaci-systemy\/hd-objimky-masiv\/","name":"Obj\u00edmky pro t\u011b\u017ek\u00e9 upevn\u011bn\u00ed - Walraven \u010cesk\u00e1 republika","isPartOf":{"@id":"https:\/\/www.walraven.com\/cz\/#website"},"datePublished":"2019-05-24T14:43:57+00:00","dateModified":"2023-07-19T08:51:01+00:00","description":"Walraven\u2019s Heavy Duty Clamps are specially designed for fixing high load pipework. \u2705Indoor and outdoor use \u2705 Easy to install","breadcrumb":{"@id":"https:\/\/www.walraven.com\/cz\/upevnovaci-systemy\/hd-objimky-masiv\/#breadcrumb"},"inLanguage":"cs","potentialAction":[{"@type":"ReadAction","target":["https:\/\/www.walraven.com\/cz\/upevnovaci-systemy\/hd-objimky-masiv\/"]}]},{"@type":"BreadcrumbList","@id":"https:\/\/www.walraven.com\/cz\/upevnovaci-systemy\/hd-objimky-masiv\/#breadcrumb","itemListElement":[{"@type":"ListItem","position":1,"name":"\u00davod","item":"https:\/\/www.walraven.com\/cz\/"},{"@type":"ListItem","position":2,"name":"Upev\u0148ovac\u00ed syst\u00e9my","item":"https:\/\/www.walraven.com\/cz\/upevnovaci-systemy\/"},{"@type":"ListItem","position":3,"name":"Obj\u00edmky pro t\u011b\u017ek\u00e9 upevn\u011bn\u00ed"}]},{"@type":"WebSite","@id":"https:\/\/www.walraven.com\/cz\/#website","url":"https:\/\/www.walraven.com\/cz\/","name":"Walraven \u010cesk\u00e1 republika","description":"","publisher":{"@id":"https:\/\/www.walraven.com\/cz\/#organization"},"potentialAction":[{"@type":"SearchAction","target":{"@type":"EntryPoint","urlTemplate":"https:\/\/www.walraven.com\/cz\/?s={search_term_string}"},"query-input":{"@type":"PropertyValueSpecification","valueRequired":true,"valueName":"search_term_string"}}],"inLanguage":"cs"},{"@type":"Organization","@id":"https:\/\/www.walraven.com\/cz\/#organization","name":"Walraven s.r.o.","alternateName":"Walraven s.r.o.","url":"https:\/\/www.walraven.com\/cz\/","logo":{"@type":"ImageObject","inLanguage":"cs","@id":"https:\/\/www.walraven.com\/cz\/#\/schema\/logo\/image\/","url":"https:\/\/www.walraven.com\/cz\/wp-content\/uploads\/sites\/7\/2023\/12\/Walraven_logo300x300.jpg","contentUrl":"https:\/\/www.walraven.com\/cz\/wp-content\/uploads\/sites\/7\/2023\/12\/Walraven_logo300x300.jpg","width":300,"height":300,"caption":"Walraven s.r.o."},"image":{"@id":"https:\/\/www.walraven.com\/cz\/#\/schema\/logo\/image\/"},"sameAs":["https:\/\/www.facebook.com\/walravenczech\/","https:\/\/www.youtube.com\/channel\/UCKd440wCqHhmKODY1YrLToA","https:\/\/www.linkedin.com\/company\/walravencz","https:\/\/www.instagram.com\/walravencz\/"]}]}},"_links":{"self":[{"href":"https:\/\/www.walraven.com\/cz\/wp-json\/wp\/v2\/pages\/51859","targetHints":{"allow":["GET"]}}],"collection":[{"href":"https:\/\/www.walraven.com\/cz\/wp-json\/wp\/v2\/pages"}],"about":[{"href":"https:\/\/www.walraven.com\/cz\/wp-json\/wp\/v2\/types\/page"}],"author":[{"embeddable":true,"href":"https:\/\/www.walraven.com\/cz\/wp-json\/wp\/v2\/users\/43"}],"replies":[{"embeddable":true,"href":"https:\/\/www.walraven.com\/cz\/wp-json\/wp\/v2\/comments?post=51859"}],"version-history":[{"count":5,"href":"https:\/\/www.walraven.com\/cz\/wp-json\/wp\/v2\/pages\/51859\/revisions"}],"predecessor-version":[{"id":55320,"href":"https:\/\/www.walraven.com\/cz\/wp-json\/wp\/v2\/pages\/51859\/revisions\/55320"}],"up":[{"embeddable":true,"href":"https:\/\/www.walraven.com\/cz\/wp-json\/wp\/v2\/pages\/51887"}],"wp:attachment":[{"href":"https:\/\/www.walraven.com\/cz\/wp-json\/wp\/v2\/media?parent=51859"}],"curies":[{"name":"wp","href":"https:\/\/api.w.org\/{rel}","templated":true}]}}