{"id":52609,"date":"2019-10-23T10:14:28","date_gmt":"2019-10-23T08:14:28","guid":{"rendered":"https:\/\/www.walraven.com\/?page_id=121558"},"modified":"2025-07-21T11:24:35","modified_gmt":"2025-07-21T09:24:35","slug":"bim","status":"publish","type":"page","link":"https:\/\/www.walraven.com\/cz\/technicka-podpora\/bim\/","title":{"rendered":"BIM"},"content":{"rendered":"","protected":false},"excerpt":{"rendered":"","protected":false},"author":43,"featured_media":52618,"parent":51711,"menu_order":0,"comment_status":"closed","ping_status":"closed","template":"page-templates\/tpl-landingspage.php","meta":{"_acf_changed":false,"footnotes":""},"class_list":["post-52609","page","type-page","status-publish","has-post-thumbnail","hentry"],"acf":[],"yoast_head":"<!-- This site is optimized with the Yoast SEO Premium plugin v27.3 (Yoast SEO v27.3) - https:\/\/yoast.com\/product\/yoast-seo-premium-wordpress\/ -->\n<title>BIM - Walraven \u010cesk\u00e1 republika<\/title>\n<meta name=\"description\" content=\"Projektov\u00e1n\u00ed se v posledn\u00edch letech p\u0159esouv\u00e1 do digit\u00e1ln\u00edho prostoru prost\u0159ednictv\u00edm metodiky BIM. Nav\u0161tivte Walraven pro informace o BIM.\" \/>\n<meta name=\"robots\" content=\"index, follow, max-snippet:-1, max-image-preview:large, max-video-preview:-1\" \/>\n<link rel=\"canonical\" href=\"https:\/\/www.walraven.com\/cz\/technicka-podpora\/bim\/\" \/>\n<meta property=\"og:locale\" content=\"cs_CZ\" \/>\n<meta property=\"og:type\" content=\"article\" \/>\n<meta property=\"og:title\" content=\"BIM\" \/>\n<meta property=\"og:description\" content=\"Projektov\u00e1n\u00ed se v posledn\u00edch letech p\u0159esouv\u00e1 do digit\u00e1ln\u00edho prostoru prost\u0159ednictv\u00edm metodiky BIM. Nav\u0161tivte Walraven pro informace o BIM.\" \/>\n<meta property=\"og:url\" content=\"https:\/\/www.walraven.com\/cz\/technicka-podpora\/bim\/\" \/>\n<meta property=\"og:site_name\" content=\"Walraven \u010cesk\u00e1 republika\" \/>\n<meta property=\"article:publisher\" content=\"https:\/\/www.facebook.com\/walravenczech\/\" \/>\n<meta property=\"article:modified_time\" content=\"2025-07-21T09:24:35+00:00\" \/>\n<meta property=\"og:image\" content=\"https:\/\/www.walraven.com\/cz\/wp-content\/uploads\/sites\/7\/2019\/10\/bimobject.jpg\" \/>\n\t<meta property=\"og:image:width\" content=\"708\" \/>\n\t<meta property=\"og:image:height\" content=\"399\" \/>\n\t<meta property=\"og:image:type\" content=\"image\/jpeg\" \/>\n<meta name=\"twitter:card\" content=\"summary_large_image\" \/>\n<meta name=\"twitter:label1\" content=\"Odhadovan\u00e1 doba \u010dten\u00ed\" \/>\n\t<meta name=\"twitter:data1\" content=\"3 minuty\" \/>\n<script type=\"application\/ld+json\" class=\"yoast-schema-graph\">{\"@context\":\"https:\\\/\\\/schema.org\",\"@graph\":[{\"@type\":\"WebPage\",\"@id\":\"https:\\\/\\\/www.walraven.com\\\/cz\\\/technicka-podpora\\\/bim\\\/\",\"url\":\"https:\\\/\\\/www.walraven.com\\\/cz\\\/technicka-podpora\\\/bim\\\/\",\"name\":\"BIM - Walraven \u010cesk\u00e1 republika\",\"isPartOf\":{\"@id\":\"https:\\\/\\\/www.walraven.com\\\/cz\\\/#website\"},\"primaryImageOfPage\":{\"@id\":\"https:\\\/\\\/www.walraven.com\\\/cz\\\/technicka-podpora\\\/bim\\\/#primaryimage\"},\"image\":{\"@id\":\"https:\\\/\\\/www.walraven.com\\\/cz\\\/technicka-podpora\\\/bim\\\/#primaryimage\"},\"thumbnailUrl\":\"https:\\\/\\\/www.walraven.com\\\/cz\\\/wp-content\\\/uploads\\\/sites\\\/7\\\/2019\\\/10\\\/bimobject.jpg\",\"datePublished\":\"2019-10-23T08:14:28+00:00\",\"dateModified\":\"2025-07-21T09:24:35+00:00\",\"description\":\"Projektov\u00e1n\u00ed se v posledn\u00edch letech p\u0159esouv\u00e1 do digit\u00e1ln\u00edho prostoru prost\u0159ednictv\u00edm metodiky BIM. Nav\u0161tivte Walraven pro informace o BIM.\",\"breadcrumb\":{\"@id\":\"https:\\\/\\\/www.walraven.com\\\/cz\\\/technicka-podpora\\\/bim\\\/#breadcrumb\"},\"inLanguage\":\"cs\",\"potentialAction\":[{\"@type\":\"ReadAction\",\"target\":[\"https:\\\/\\\/www.walraven.com\\\/cz\\\/technicka-podpora\\\/bim\\\/\"]}]},{\"@type\":\"ImageObject\",\"inLanguage\":\"cs\",\"@id\":\"https:\\\/\\\/www.walraven.com\\\/cz\\\/technicka-podpora\\\/bim\\\/#primaryimage\",\"url\":\"https:\\\/\\\/www.walraven.com\\\/cz\\\/wp-content\\\/uploads\\\/sites\\\/7\\\/2019\\\/10\\\/bimobject.jpg\",\"contentUrl\":\"https:\\\/\\\/www.walraven.com\\\/cz\\\/wp-content\\\/uploads\\\/sites\\\/7\\\/2019\\\/10\\\/bimobject.jpg\",\"width\":708,\"height\":399},{\"@type\":\"BreadcrumbList\",\"@id\":\"https:\\\/\\\/www.walraven.com\\\/cz\\\/technicka-podpora\\\/bim\\\/#breadcrumb\",\"itemListElement\":[{\"@type\":\"ListItem\",\"position\":1,\"name\":\"\u00davod\",\"item\":\"https:\\\/\\\/www.walraven.com\\\/cz\\\/\"},{\"@type\":\"ListItem\",\"position\":2,\"name\":\"Technick\u00e1 podpora\",\"item\":\"https:\\\/\\\/www.walraven.com\\\/cz\\\/technicka-podpora\\\/\"},{\"@type\":\"ListItem\",\"position\":3,\"name\":\"BIM\"}]},{\"@type\":\"WebSite\",\"@id\":\"https:\\\/\\\/www.walraven.com\\\/cz\\\/#website\",\"url\":\"https:\\\/\\\/www.walraven.com\\\/cz\\\/\",\"name\":\"Walraven \u010cesk\u00e1 republika\",\"description\":\"\",\"publisher\":{\"@id\":\"https:\\\/\\\/www.walraven.com\\\/cz\\\/#organization\"},\"potentialAction\":[{\"@type\":\"SearchAction\",\"target\":{\"@type\":\"EntryPoint\",\"urlTemplate\":\"https:\\\/\\\/www.walraven.com\\\/cz\\\/?s={search_term_string}\"},\"query-input\":{\"@type\":\"PropertyValueSpecification\",\"valueRequired\":true,\"valueName\":\"search_term_string\"}}],\"inLanguage\":\"cs\"},{\"@type\":\"Organization\",\"@id\":\"https:\\\/\\\/www.walraven.com\\\/cz\\\/#organization\",\"name\":\"Walraven s.r.o.\",\"alternateName\":\"Walraven s.r.o.\",\"url\":\"https:\\\/\\\/www.walraven.com\\\/cz\\\/\",\"logo\":{\"@type\":\"ImageObject\",\"inLanguage\":\"cs\",\"@id\":\"https:\\\/\\\/www.walraven.com\\\/cz\\\/#\\\/schema\\\/logo\\\/image\\\/\",\"url\":\"https:\\\/\\\/www.walraven.com\\\/cz\\\/wp-content\\\/uploads\\\/sites\\\/7\\\/2023\\\/12\\\/Walraven_logo300x300.jpg\",\"contentUrl\":\"https:\\\/\\\/www.walraven.com\\\/cz\\\/wp-content\\\/uploads\\\/sites\\\/7\\\/2023\\\/12\\\/Walraven_logo300x300.jpg\",\"width\":300,\"height\":300,\"caption\":\"Walraven s.r.o.\"},\"image\":{\"@id\":\"https:\\\/\\\/www.walraven.com\\\/cz\\\/#\\\/schema\\\/logo\\\/image\\\/\"},\"sameAs\":[\"https:\\\/\\\/www.facebook.com\\\/walravenczech\\\/\",\"https:\\\/\\\/www.youtube.com\\\/channel\\\/UCKd440wCqHhmKODY1YrLToA\",\"https:\\\/\\\/www.linkedin.com\\\/company\\\/walravencz\",\"https:\\\/\\\/www.instagram.com\\\/walravencz\\\/\"]}]}<\/script>\n<!-- \/ Yoast SEO Premium plugin. -->","yoast_head_json":{"title":"BIM - Walraven \u010cesk\u00e1 republika","description":"Projektov\u00e1n\u00ed se v posledn\u00edch letech p\u0159esouv\u00e1 do digit\u00e1ln\u00edho prostoru prost\u0159ednictv\u00edm metodiky BIM. Nav\u0161tivte Walraven pro informace o BIM.","robots":{"index":"index","follow":"follow","max-snippet":"max-snippet:-1","max-image-preview":"max-image-preview:large","max-video-preview":"max-video-preview:-1"},"canonical":"https:\/\/www.walraven.com\/cz\/technicka-podpora\/bim\/","og_locale":"cs_CZ","og_type":"article","og_title":"BIM","og_description":"Projektov\u00e1n\u00ed se v posledn\u00edch letech p\u0159esouv\u00e1 do digit\u00e1ln\u00edho prostoru prost\u0159ednictv\u00edm metodiky BIM. Nav\u0161tivte Walraven pro informace o BIM.","og_url":"https:\/\/www.walraven.com\/cz\/technicka-podpora\/bim\/","og_site_name":"Walraven \u010cesk\u00e1 republika","article_publisher":"https:\/\/www.facebook.com\/walravenczech\/","article_modified_time":"2025-07-21T09:24:35+00:00","og_image":[{"width":708,"height":399,"url":"https:\/\/www.walraven.com\/cz\/wp-content\/uploads\/sites\/7\/2019\/10\/bimobject.jpg","type":"image\/jpeg"}],"twitter_card":"summary_large_image","twitter_misc":{"Odhadovan\u00e1 doba \u010dten\u00ed":"3 minuty"},"schema":{"@context":"https:\/\/schema.org","@graph":[{"@type":"WebPage","@id":"https:\/\/www.walraven.com\/cz\/technicka-podpora\/bim\/","url":"https:\/\/www.walraven.com\/cz\/technicka-podpora\/bim\/","name":"BIM - Walraven \u010cesk\u00e1 republika","isPartOf":{"@id":"https:\/\/www.walraven.com\/cz\/#website"},"primaryImageOfPage":{"@id":"https:\/\/www.walraven.com\/cz\/technicka-podpora\/bim\/#primaryimage"},"image":{"@id":"https:\/\/www.walraven.com\/cz\/technicka-podpora\/bim\/#primaryimage"},"thumbnailUrl":"https:\/\/www.walraven.com\/cz\/wp-content\/uploads\/sites\/7\/2019\/10\/bimobject.jpg","datePublished":"2019-10-23T08:14:28+00:00","dateModified":"2025-07-21T09:24:35+00:00","description":"Projektov\u00e1n\u00ed se v posledn\u00edch letech p\u0159esouv\u00e1 do digit\u00e1ln\u00edho prostoru prost\u0159ednictv\u00edm metodiky BIM. Nav\u0161tivte Walraven pro informace o BIM.","breadcrumb":{"@id":"https:\/\/www.walraven.com\/cz\/technicka-podpora\/bim\/#breadcrumb"},"inLanguage":"cs","potentialAction":[{"@type":"ReadAction","target":["https:\/\/www.walraven.com\/cz\/technicka-podpora\/bim\/"]}]},{"@type":"ImageObject","inLanguage":"cs","@id":"https:\/\/www.walraven.com\/cz\/technicka-podpora\/bim\/#primaryimage","url":"https:\/\/www.walraven.com\/cz\/wp-content\/uploads\/sites\/7\/2019\/10\/bimobject.jpg","contentUrl":"https:\/\/www.walraven.com\/cz\/wp-content\/uploads\/sites\/7\/2019\/10\/bimobject.jpg","width":708,"height":399},{"@type":"BreadcrumbList","@id":"https:\/\/www.walraven.com\/cz\/technicka-podpora\/bim\/#breadcrumb","itemListElement":[{"@type":"ListItem","position":1,"name":"\u00davod","item":"https:\/\/www.walraven.com\/cz\/"},{"@type":"ListItem","position":2,"name":"Technick\u00e1 podpora","item":"https:\/\/www.walraven.com\/cz\/technicka-podpora\/"},{"@type":"ListItem","position":3,"name":"BIM"}]},{"@type":"WebSite","@id":"https:\/\/www.walraven.com\/cz\/#website","url":"https:\/\/www.walraven.com\/cz\/","name":"Walraven \u010cesk\u00e1 republika","description":"","publisher":{"@id":"https:\/\/www.walraven.com\/cz\/#organization"},"potentialAction":[{"@type":"SearchAction","target":{"@type":"EntryPoint","urlTemplate":"https:\/\/www.walraven.com\/cz\/?s={search_term_string}"},"query-input":{"@type":"PropertyValueSpecification","valueRequired":true,"valueName":"search_term_string"}}],"inLanguage":"cs"},{"@type":"Organization","@id":"https:\/\/www.walraven.com\/cz\/#organization","name":"Walraven s.r.o.","alternateName":"Walraven s.r.o.","url":"https:\/\/www.walraven.com\/cz\/","logo":{"@type":"ImageObject","inLanguage":"cs","@id":"https:\/\/www.walraven.com\/cz\/#\/schema\/logo\/image\/","url":"https:\/\/www.walraven.com\/cz\/wp-content\/uploads\/sites\/7\/2023\/12\/Walraven_logo300x300.jpg","contentUrl":"https:\/\/www.walraven.com\/cz\/wp-content\/uploads\/sites\/7\/2023\/12\/Walraven_logo300x300.jpg","width":300,"height":300,"caption":"Walraven s.r.o."},"image":{"@id":"https:\/\/www.walraven.com\/cz\/#\/schema\/logo\/image\/"},"sameAs":["https:\/\/www.facebook.com\/walravenczech\/","https:\/\/www.youtube.com\/channel\/UCKd440wCqHhmKODY1YrLToA","https:\/\/www.linkedin.com\/company\/walravencz","https:\/\/www.instagram.com\/walravencz\/"]}]}},"_links":{"self":[{"href":"https:\/\/www.walraven.com\/cz\/wp-json\/wp\/v2\/pages\/52609","targetHints":{"allow":["GET"]}}],"collection":[{"href":"https:\/\/www.walraven.com\/cz\/wp-json\/wp\/v2\/pages"}],"about":[{"href":"https:\/\/www.walraven.com\/cz\/wp-json\/wp\/v2\/types\/page"}],"author":[{"embeddable":true,"href":"https:\/\/www.walraven.com\/cz\/wp-json\/wp\/v2\/users\/43"}],"replies":[{"embeddable":true,"href":"https:\/\/www.walraven.com\/cz\/wp-json\/wp\/v2\/comments?post=52609"}],"version-history":[{"count":7,"href":"https:\/\/www.walraven.com\/cz\/wp-json\/wp\/v2\/pages\/52609\/revisions"}],"predecessor-version":[{"id":60338,"href":"https:\/\/www.walraven.com\/cz\/wp-json\/wp\/v2\/pages\/52609\/revisions\/60338"}],"up":[{"embeddable":true,"href":"https:\/\/www.walraven.com\/cz\/wp-json\/wp\/v2\/pages\/51711"}],"wp:featuredmedia":[{"embeddable":true,"href":"https:\/\/www.walraven.com\/cz\/wp-json\/wp\/v2\/media\/52618"}],"wp:attachment":[{"href":"https:\/\/www.walraven.com\/cz\/wp-json\/wp\/v2\/media?parent=52609"}],"curies":[{"name":"wp","href":"https:\/\/api.w.org\/{rel}","templated":true}]}}