{"id":53501,"date":"2021-03-22T09:15:25","date_gmt":"2021-03-22T08:15:25","guid":{"rendered":"https:\/\/www.walraven.com\/cz\/?page_id=53501"},"modified":"2025-07-21T15:54:04","modified_gmt":"2025-07-21T13:54:04","slug":"stahnout-walraven-navrhovy-program-pro-kotvy","status":"publish","type":"page","link":"https:\/\/www.walraven.com\/cz\/kotvy\/stahnout-walraven-navrhovy-program-pro-kotvy\/","title":{"rendered":"St\u00e1hnout Walraven n\u00e1vrhov\u00fd program pro kotvy"},"content":{"rendered":"","protected":false},"excerpt":{"rendered":"","protected":false},"author":43,"featured_media":52009,"parent":50825,"menu_order":0,"comment_status":"closed","ping_status":"closed","template":"page-templates\/tpl-landingspage.php","meta":{"_acf_changed":false,"footnotes":""},"class_list":["post-53501","page","type-page","status-publish","has-post-thumbnail","hentry"],"acf":[],"yoast_head":"<!-- This site is optimized with the Yoast SEO Premium plugin v27.3 (Yoast SEO v27.3) - https:\/\/yoast.com\/product\/yoast-seo-premium-wordpress\/ -->\n<title>St\u00e1hnout Walraven n\u00e1vrhov\u00fd program pro kotvy - Walraven \u010cesk\u00e1 republika<\/title>\n<meta name=\"description\" content=\"N\u00e1\u0161 n\u00e1vrhov\u00fd software umo\u017e\u0148uje naj\u00edt kompletn\u00ed \u0159e\u0161en\u00ed v jednom programu. To nezahrnuje jen ide\u00e1ln\u00ed \u0159e\u0161en\u00ed kotven\u00ed, ale i dal\u0161\u00ed produkty Walraven.\" \/>\n<meta name=\"robots\" content=\"index, follow, max-snippet:-1, max-image-preview:large, max-video-preview:-1\" \/>\n<link rel=\"canonical\" href=\"https:\/\/www.walraven.com\/cz\/kotvy\/stahnout-walraven-navrhovy-program-pro-kotvy\/\" \/>\n<meta property=\"og:locale\" content=\"cs_CZ\" \/>\n<meta property=\"og:type\" content=\"article\" \/>\n<meta property=\"og:title\" content=\"St\u00e1hnout Walraven n\u00e1vrhov\u00fd program pro kotvy\" \/>\n<meta property=\"og:description\" content=\"N\u00e1\u0161 n\u00e1vrhov\u00fd software umo\u017e\u0148uje naj\u00edt kompletn\u00ed \u0159e\u0161en\u00ed v jednom programu. To nezahrnuje jen ide\u00e1ln\u00ed \u0159e\u0161en\u00ed kotven\u00ed, ale i dal\u0161\u00ed produkty Walraven.\" \/>\n<meta property=\"og:url\" content=\"https:\/\/www.walraven.com\/cz\/kotvy\/stahnout-walraven-navrhovy-program-pro-kotvy\/\" \/>\n<meta property=\"og:site_name\" content=\"Walraven \u010cesk\u00e1 republika\" \/>\n<meta property=\"article:publisher\" content=\"https:\/\/www.facebook.com\/walravenczech\/\" \/>\n<meta property=\"article:modified_time\" content=\"2025-07-21T13:54:04+00:00\" \/>\n<meta property=\"og:image\" content=\"https:\/\/www.walraven.com\/cz\/wp-content\/uploads\/sites\/7\/2019\/09\/HD-anchors.jpg\" \/>\n\t<meta property=\"og:image:width\" content=\"444\" \/>\n\t<meta property=\"og:image:height\" content=\"734\" \/>\n\t<meta property=\"og:image:type\" content=\"image\/jpeg\" \/>\n<meta name=\"twitter:card\" content=\"summary_large_image\" \/>\n<meta name=\"twitter:label1\" content=\"Odhadovan\u00e1 doba \u010dten\u00ed\" \/>\n\t<meta name=\"twitter:data1\" content=\"2 minuty\" \/>\n<script type=\"application\/ld+json\" class=\"yoast-schema-graph\">{\"@context\":\"https:\\\/\\\/schema.org\",\"@graph\":[{\"@type\":\"WebPage\",\"@id\":\"https:\\\/\\\/www.walraven.com\\\/cz\\\/kotvy\\\/stahnout-walraven-navrhovy-program-pro-kotvy\\\/\",\"url\":\"https:\\\/\\\/www.walraven.com\\\/cz\\\/kotvy\\\/stahnout-walraven-navrhovy-program-pro-kotvy\\\/\",\"name\":\"St\u00e1hnout Walraven n\u00e1vrhov\u00fd program pro kotvy - Walraven \u010cesk\u00e1 republika\",\"isPartOf\":{\"@id\":\"https:\\\/\\\/www.walraven.com\\\/cz\\\/#website\"},\"primaryImageOfPage\":{\"@id\":\"https:\\\/\\\/www.walraven.com\\\/cz\\\/kotvy\\\/stahnout-walraven-navrhovy-program-pro-kotvy\\\/#primaryimage\"},\"image\":{\"@id\":\"https:\\\/\\\/www.walraven.com\\\/cz\\\/kotvy\\\/stahnout-walraven-navrhovy-program-pro-kotvy\\\/#primaryimage\"},\"thumbnailUrl\":\"https:\\\/\\\/www.walraven.com\\\/cz\\\/wp-content\\\/uploads\\\/sites\\\/7\\\/2019\\\/09\\\/HD-anchors.jpg\",\"datePublished\":\"2021-03-22T08:15:25+00:00\",\"dateModified\":\"2025-07-21T13:54:04+00:00\",\"description\":\"N\u00e1\u0161 n\u00e1vrhov\u00fd software umo\u017e\u0148uje naj\u00edt kompletn\u00ed \u0159e\u0161en\u00ed v jednom programu. To nezahrnuje jen ide\u00e1ln\u00ed \u0159e\u0161en\u00ed kotven\u00ed, ale i dal\u0161\u00ed produkty Walraven.\",\"breadcrumb\":{\"@id\":\"https:\\\/\\\/www.walraven.com\\\/cz\\\/kotvy\\\/stahnout-walraven-navrhovy-program-pro-kotvy\\\/#breadcrumb\"},\"inLanguage\":\"cs\",\"potentialAction\":[{\"@type\":\"ReadAction\",\"target\":[\"https:\\\/\\\/www.walraven.com\\\/cz\\\/kotvy\\\/stahnout-walraven-navrhovy-program-pro-kotvy\\\/\"]}]},{\"@type\":\"ImageObject\",\"inLanguage\":\"cs\",\"@id\":\"https:\\\/\\\/www.walraven.com\\\/cz\\\/kotvy\\\/stahnout-walraven-navrhovy-program-pro-kotvy\\\/#primaryimage\",\"url\":\"https:\\\/\\\/www.walraven.com\\\/cz\\\/wp-content\\\/uploads\\\/sites\\\/7\\\/2019\\\/09\\\/HD-anchors.jpg\",\"contentUrl\":\"https:\\\/\\\/www.walraven.com\\\/cz\\\/wp-content\\\/uploads\\\/sites\\\/7\\\/2019\\\/09\\\/HD-anchors.jpg\",\"width\":444,\"height\":734,\"caption\":\"HD-anchors\"},{\"@type\":\"BreadcrumbList\",\"@id\":\"https:\\\/\\\/www.walraven.com\\\/cz\\\/kotvy\\\/stahnout-walraven-navrhovy-program-pro-kotvy\\\/#breadcrumb\",\"itemListElement\":[{\"@type\":\"ListItem\",\"position\":1,\"name\":\"\u00davod\",\"item\":\"https:\\\/\\\/www.walraven.com\\\/cz\\\/\"},{\"@type\":\"ListItem\",\"position\":2,\"name\":\"Walraven kotvy pro vysok\u00e9 zat\u00ed\u017een\u00ed\",\"item\":\"https:\\\/\\\/www.walraven.com\\\/cz\\\/kotvy\\\/\"},{\"@type\":\"ListItem\",\"position\":3,\"name\":\"St\u00e1hnout Walraven n\u00e1vrhov\u00fd program pro kotvy\"}]},{\"@type\":\"WebSite\",\"@id\":\"https:\\\/\\\/www.walraven.com\\\/cz\\\/#website\",\"url\":\"https:\\\/\\\/www.walraven.com\\\/cz\\\/\",\"name\":\"Walraven \u010cesk\u00e1 republika\",\"description\":\"\",\"publisher\":{\"@id\":\"https:\\\/\\\/www.walraven.com\\\/cz\\\/#organization\"},\"potentialAction\":[{\"@type\":\"SearchAction\",\"target\":{\"@type\":\"EntryPoint\",\"urlTemplate\":\"https:\\\/\\\/www.walraven.com\\\/cz\\\/?s={search_term_string}\"},\"query-input\":{\"@type\":\"PropertyValueSpecification\",\"valueRequired\":true,\"valueName\":\"search_term_string\"}}],\"inLanguage\":\"cs\"},{\"@type\":\"Organization\",\"@id\":\"https:\\\/\\\/www.walraven.com\\\/cz\\\/#organization\",\"name\":\"Walraven s.r.o.\",\"alternateName\":\"Walraven s.r.o.\",\"url\":\"https:\\\/\\\/www.walraven.com\\\/cz\\\/\",\"logo\":{\"@type\":\"ImageObject\",\"inLanguage\":\"cs\",\"@id\":\"https:\\\/\\\/www.walraven.com\\\/cz\\\/#\\\/schema\\\/logo\\\/image\\\/\",\"url\":\"https:\\\/\\\/www.walraven.com\\\/cz\\\/wp-content\\\/uploads\\\/sites\\\/7\\\/2023\\\/12\\\/Walraven_logo300x300.jpg\",\"contentUrl\":\"https:\\\/\\\/www.walraven.com\\\/cz\\\/wp-content\\\/uploads\\\/sites\\\/7\\\/2023\\\/12\\\/Walraven_logo300x300.jpg\",\"width\":300,\"height\":300,\"caption\":\"Walraven s.r.o.\"},\"image\":{\"@id\":\"https:\\\/\\\/www.walraven.com\\\/cz\\\/#\\\/schema\\\/logo\\\/image\\\/\"},\"sameAs\":[\"https:\\\/\\\/www.facebook.com\\\/walravenczech\\\/\",\"https:\\\/\\\/www.youtube.com\\\/channel\\\/UCKd440wCqHhmKODY1YrLToA\",\"https:\\\/\\\/www.linkedin.com\\\/company\\\/walravencz\",\"https:\\\/\\\/www.instagram.com\\\/walravencz\\\/\"]}]}<\/script>\n<!-- \/ Yoast SEO Premium plugin. -->","yoast_head_json":{"title":"St\u00e1hnout Walraven n\u00e1vrhov\u00fd program pro kotvy - Walraven \u010cesk\u00e1 republika","description":"N\u00e1\u0161 n\u00e1vrhov\u00fd software umo\u017e\u0148uje naj\u00edt kompletn\u00ed \u0159e\u0161en\u00ed v jednom programu. To nezahrnuje jen ide\u00e1ln\u00ed \u0159e\u0161en\u00ed kotven\u00ed, ale i dal\u0161\u00ed produkty Walraven.","robots":{"index":"index","follow":"follow","max-snippet":"max-snippet:-1","max-image-preview":"max-image-preview:large","max-video-preview":"max-video-preview:-1"},"canonical":"https:\/\/www.walraven.com\/cz\/kotvy\/stahnout-walraven-navrhovy-program-pro-kotvy\/","og_locale":"cs_CZ","og_type":"article","og_title":"St\u00e1hnout Walraven n\u00e1vrhov\u00fd program pro kotvy","og_description":"N\u00e1\u0161 n\u00e1vrhov\u00fd software umo\u017e\u0148uje naj\u00edt kompletn\u00ed \u0159e\u0161en\u00ed v jednom programu. To nezahrnuje jen ide\u00e1ln\u00ed \u0159e\u0161en\u00ed kotven\u00ed, ale i dal\u0161\u00ed produkty Walraven.","og_url":"https:\/\/www.walraven.com\/cz\/kotvy\/stahnout-walraven-navrhovy-program-pro-kotvy\/","og_site_name":"Walraven \u010cesk\u00e1 republika","article_publisher":"https:\/\/www.facebook.com\/walravenczech\/","article_modified_time":"2025-07-21T13:54:04+00:00","og_image":[{"width":444,"height":734,"url":"https:\/\/www.walraven.com\/cz\/wp-content\/uploads\/sites\/7\/2019\/09\/HD-anchors.jpg","type":"image\/jpeg"}],"twitter_card":"summary_large_image","twitter_misc":{"Odhadovan\u00e1 doba \u010dten\u00ed":"2 minuty"},"schema":{"@context":"https:\/\/schema.org","@graph":[{"@type":"WebPage","@id":"https:\/\/www.walraven.com\/cz\/kotvy\/stahnout-walraven-navrhovy-program-pro-kotvy\/","url":"https:\/\/www.walraven.com\/cz\/kotvy\/stahnout-walraven-navrhovy-program-pro-kotvy\/","name":"St\u00e1hnout Walraven n\u00e1vrhov\u00fd program pro kotvy - Walraven \u010cesk\u00e1 republika","isPartOf":{"@id":"https:\/\/www.walraven.com\/cz\/#website"},"primaryImageOfPage":{"@id":"https:\/\/www.walraven.com\/cz\/kotvy\/stahnout-walraven-navrhovy-program-pro-kotvy\/#primaryimage"},"image":{"@id":"https:\/\/www.walraven.com\/cz\/kotvy\/stahnout-walraven-navrhovy-program-pro-kotvy\/#primaryimage"},"thumbnailUrl":"https:\/\/www.walraven.com\/cz\/wp-content\/uploads\/sites\/7\/2019\/09\/HD-anchors.jpg","datePublished":"2021-03-22T08:15:25+00:00","dateModified":"2025-07-21T13:54:04+00:00","description":"N\u00e1\u0161 n\u00e1vrhov\u00fd software umo\u017e\u0148uje naj\u00edt kompletn\u00ed \u0159e\u0161en\u00ed v jednom programu. To nezahrnuje jen ide\u00e1ln\u00ed \u0159e\u0161en\u00ed kotven\u00ed, ale i dal\u0161\u00ed produkty Walraven.","breadcrumb":{"@id":"https:\/\/www.walraven.com\/cz\/kotvy\/stahnout-walraven-navrhovy-program-pro-kotvy\/#breadcrumb"},"inLanguage":"cs","potentialAction":[{"@type":"ReadAction","target":["https:\/\/www.walraven.com\/cz\/kotvy\/stahnout-walraven-navrhovy-program-pro-kotvy\/"]}]},{"@type":"ImageObject","inLanguage":"cs","@id":"https:\/\/www.walraven.com\/cz\/kotvy\/stahnout-walraven-navrhovy-program-pro-kotvy\/#primaryimage","url":"https:\/\/www.walraven.com\/cz\/wp-content\/uploads\/sites\/7\/2019\/09\/HD-anchors.jpg","contentUrl":"https:\/\/www.walraven.com\/cz\/wp-content\/uploads\/sites\/7\/2019\/09\/HD-anchors.jpg","width":444,"height":734,"caption":"HD-anchors"},{"@type":"BreadcrumbList","@id":"https:\/\/www.walraven.com\/cz\/kotvy\/stahnout-walraven-navrhovy-program-pro-kotvy\/#breadcrumb","itemListElement":[{"@type":"ListItem","position":1,"name":"\u00davod","item":"https:\/\/www.walraven.com\/cz\/"},{"@type":"ListItem","position":2,"name":"Walraven kotvy pro vysok\u00e9 zat\u00ed\u017een\u00ed","item":"https:\/\/www.walraven.com\/cz\/kotvy\/"},{"@type":"ListItem","position":3,"name":"St\u00e1hnout Walraven n\u00e1vrhov\u00fd program pro kotvy"}]},{"@type":"WebSite","@id":"https:\/\/www.walraven.com\/cz\/#website","url":"https:\/\/www.walraven.com\/cz\/","name":"Walraven \u010cesk\u00e1 republika","description":"","publisher":{"@id":"https:\/\/www.walraven.com\/cz\/#organization"},"potentialAction":[{"@type":"SearchAction","target":{"@type":"EntryPoint","urlTemplate":"https:\/\/www.walraven.com\/cz\/?s={search_term_string}"},"query-input":{"@type":"PropertyValueSpecification","valueRequired":true,"valueName":"search_term_string"}}],"inLanguage":"cs"},{"@type":"Organization","@id":"https:\/\/www.walraven.com\/cz\/#organization","name":"Walraven s.r.o.","alternateName":"Walraven s.r.o.","url":"https:\/\/www.walraven.com\/cz\/","logo":{"@type":"ImageObject","inLanguage":"cs","@id":"https:\/\/www.walraven.com\/cz\/#\/schema\/logo\/image\/","url":"https:\/\/www.walraven.com\/cz\/wp-content\/uploads\/sites\/7\/2023\/12\/Walraven_logo300x300.jpg","contentUrl":"https:\/\/www.walraven.com\/cz\/wp-content\/uploads\/sites\/7\/2023\/12\/Walraven_logo300x300.jpg","width":300,"height":300,"caption":"Walraven s.r.o."},"image":{"@id":"https:\/\/www.walraven.com\/cz\/#\/schema\/logo\/image\/"},"sameAs":["https:\/\/www.facebook.com\/walravenczech\/","https:\/\/www.youtube.com\/channel\/UCKd440wCqHhmKODY1YrLToA","https:\/\/www.linkedin.com\/company\/walravencz","https:\/\/www.instagram.com\/walravencz\/"]}]}},"_links":{"self":[{"href":"https:\/\/www.walraven.com\/cz\/wp-json\/wp\/v2\/pages\/53501","targetHints":{"allow":["GET"]}}],"collection":[{"href":"https:\/\/www.walraven.com\/cz\/wp-json\/wp\/v2\/pages"}],"about":[{"href":"https:\/\/www.walraven.com\/cz\/wp-json\/wp\/v2\/types\/page"}],"author":[{"embeddable":true,"href":"https:\/\/www.walraven.com\/cz\/wp-json\/wp\/v2\/users\/43"}],"replies":[{"embeddable":true,"href":"https:\/\/www.walraven.com\/cz\/wp-json\/wp\/v2\/comments?post=53501"}],"version-history":[{"count":5,"href":"https:\/\/www.walraven.com\/cz\/wp-json\/wp\/v2\/pages\/53501\/revisions"}],"predecessor-version":[{"id":60360,"href":"https:\/\/www.walraven.com\/cz\/wp-json\/wp\/v2\/pages\/53501\/revisions\/60360"}],"up":[{"embeddable":true,"href":"https:\/\/www.walraven.com\/cz\/wp-json\/wp\/v2\/pages\/50825"}],"wp:featuredmedia":[{"embeddable":true,"href":"https:\/\/www.walraven.com\/cz\/wp-json\/wp\/v2\/media\/52009"}],"wp:attachment":[{"href":"https:\/\/www.walraven.com\/cz\/wp-json\/wp\/v2\/media?parent=53501"}],"curies":[{"name":"wp","href":"https:\/\/api.w.org\/{rel}","templated":true}]}}