{"id":53559,"date":"2021-02-11T14:40:00","date_gmt":"2021-02-11T13:40:00","guid":{"rendered":"https:\/\/www.walraven.com\/pl\/?page_id=64716"},"modified":"2025-07-21T11:24:30","modified_gmt":"2025-07-21T09:24:30","slug":"servisni-plosiny","status":"publish","type":"page","link":"https:\/\/www.walraven.com\/cz\/servisni-plosiny-stresni-prechody\/servisni-plosiny\/","title":{"rendered":"Servisn\u00ed plo\u0161iny \u2013 voln\u011b stoj\u00edc\u00ed, integrovan\u00e9 do konstrukce"},"content":{"rendered":"","protected":false},"excerpt":{"rendered":"","protected":false},"author":15,"featured_media":0,"parent":53597,"menu_order":0,"comment_status":"closed","ping_status":"closed","template":"page-templates\/tpl-landingspage.php","meta":{"_acf_changed":false,"footnotes":""},"class_list":["post-53559","page","type-page","status-publish","hentry"],"acf":[],"yoast_head":"<!-- This site is optimized with the Yoast SEO Premium plugin v27.3 (Yoast SEO v27.3) - https:\/\/yoast.com\/product\/yoast-seo-premium-wordpress\/ -->\n<title>Servisn\u00ed plo\u0161iny \u2013 voln\u011b stoj\u00edc\u00ed, integrovan\u00e9 do konstrukce - Walraven \u010cesk\u00e1 republika<\/title>\n<meta name=\"robots\" content=\"index, follow, max-snippet:-1, max-image-preview:large, max-video-preview:-1\" \/>\n<link rel=\"canonical\" href=\"https:\/\/www.walraven.com\/cz\/servisni-plosiny-stresni-prechody\/servisni-plosiny\/\" \/>\n<meta property=\"og:locale\" content=\"cs_CZ\" \/>\n<meta property=\"og:type\" content=\"article\" \/>\n<meta property=\"og:title\" content=\"Servisn\u00ed plo\u0161iny \u2013 voln\u011b stoj\u00edc\u00ed, integrovan\u00e9 do konstrukce\" \/>\n<meta property=\"og:url\" content=\"https:\/\/www.walraven.com\/cz\/servisni-plosiny-stresni-prechody\/servisni-plosiny\/\" \/>\n<meta property=\"og:site_name\" content=\"Walraven \u010cesk\u00e1 republika\" \/>\n<meta property=\"article:publisher\" content=\"https:\/\/www.facebook.com\/walravenczech\/\" \/>\n<meta property=\"article:modified_time\" content=\"2025-07-21T09:24:30+00:00\" \/>\n<meta name=\"twitter:card\" content=\"summary_large_image\" \/>\n<meta name=\"twitter:label1\" content=\"Odhadovan\u00e1 doba \u010dten\u00ed\" \/>\n\t<meta name=\"twitter:data1\" content=\"2 minuty\" \/>\n<script type=\"application\/ld+json\" class=\"yoast-schema-graph\">{\"@context\":\"https:\\\/\\\/schema.org\",\"@graph\":[{\"@type\":\"WebPage\",\"@id\":\"https:\\\/\\\/www.walraven.com\\\/cz\\\/servisni-plosiny-stresni-prechody\\\/servisni-plosiny\\\/\",\"url\":\"https:\\\/\\\/www.walraven.com\\\/cz\\\/servisni-plosiny-stresni-prechody\\\/servisni-plosiny\\\/\",\"name\":\"Servisn\u00ed plo\u0161iny \u2013 voln\u011b stoj\u00edc\u00ed, integrovan\u00e9 do konstrukce - Walraven \u010cesk\u00e1 republika\",\"isPartOf\":{\"@id\":\"https:\\\/\\\/www.walraven.com\\\/cz\\\/#website\"},\"datePublished\":\"2021-02-11T13:40:00+00:00\",\"dateModified\":\"2025-07-21T09:24:30+00:00\",\"breadcrumb\":{\"@id\":\"https:\\\/\\\/www.walraven.com\\\/cz\\\/servisni-plosiny-stresni-prechody\\\/servisni-plosiny\\\/#breadcrumb\"},\"inLanguage\":\"cs\",\"potentialAction\":[{\"@type\":\"ReadAction\",\"target\":[\"https:\\\/\\\/www.walraven.com\\\/cz\\\/servisni-plosiny-stresni-prechody\\\/servisni-plosiny\\\/\"]}]},{\"@type\":\"BreadcrumbList\",\"@id\":\"https:\\\/\\\/www.walraven.com\\\/cz\\\/servisni-plosiny-stresni-prechody\\\/servisni-plosiny\\\/#breadcrumb\",\"itemListElement\":[{\"@type\":\"ListItem\",\"position\":1,\"name\":\"\u00davod\",\"item\":\"https:\\\/\\\/www.walraven.com\\\/cz\\\/\"},{\"@type\":\"ListItem\",\"position\":2,\"name\":\"Servisn\u00ed plo\u0161iny \\\/ p\u0159echody \\\/ pochoz\u00ed l\u00e1vky\",\"item\":\"https:\\\/\\\/www.walraven.com\\\/cz\\\/servisni-plosiny-stresni-prechody\\\/\"},{\"@type\":\"ListItem\",\"position\":3,\"name\":\"Servisn\u00ed plo\u0161iny \u2013 voln\u011b stoj\u00edc\u00ed, integrovan\u00e9 do konstrukce\"}]},{\"@type\":\"WebSite\",\"@id\":\"https:\\\/\\\/www.walraven.com\\\/cz\\\/#website\",\"url\":\"https:\\\/\\\/www.walraven.com\\\/cz\\\/\",\"name\":\"Walraven \u010cesk\u00e1 republika\",\"description\":\"\",\"publisher\":{\"@id\":\"https:\\\/\\\/www.walraven.com\\\/cz\\\/#organization\"},\"potentialAction\":[{\"@type\":\"SearchAction\",\"target\":{\"@type\":\"EntryPoint\",\"urlTemplate\":\"https:\\\/\\\/www.walraven.com\\\/cz\\\/?s={search_term_string}\"},\"query-input\":{\"@type\":\"PropertyValueSpecification\",\"valueRequired\":true,\"valueName\":\"search_term_string\"}}],\"inLanguage\":\"cs\"},{\"@type\":\"Organization\",\"@id\":\"https:\\\/\\\/www.walraven.com\\\/cz\\\/#organization\",\"name\":\"Walraven s.r.o.\",\"alternateName\":\"Walraven s.r.o.\",\"url\":\"https:\\\/\\\/www.walraven.com\\\/cz\\\/\",\"logo\":{\"@type\":\"ImageObject\",\"inLanguage\":\"cs\",\"@id\":\"https:\\\/\\\/www.walraven.com\\\/cz\\\/#\\\/schema\\\/logo\\\/image\\\/\",\"url\":\"https:\\\/\\\/www.walraven.com\\\/cz\\\/wp-content\\\/uploads\\\/sites\\\/7\\\/2023\\\/12\\\/Walraven_logo300x300.jpg\",\"contentUrl\":\"https:\\\/\\\/www.walraven.com\\\/cz\\\/wp-content\\\/uploads\\\/sites\\\/7\\\/2023\\\/12\\\/Walraven_logo300x300.jpg\",\"width\":300,\"height\":300,\"caption\":\"Walraven s.r.o.\"},\"image\":{\"@id\":\"https:\\\/\\\/www.walraven.com\\\/cz\\\/#\\\/schema\\\/logo\\\/image\\\/\"},\"sameAs\":[\"https:\\\/\\\/www.facebook.com\\\/walravenczech\\\/\",\"https:\\\/\\\/www.youtube.com\\\/channel\\\/UCKd440wCqHhmKODY1YrLToA\",\"https:\\\/\\\/www.linkedin.com\\\/company\\\/walravencz\",\"https:\\\/\\\/www.instagram.com\\\/walravencz\\\/\"]}]}<\/script>\n<!-- \/ Yoast SEO Premium plugin. -->","yoast_head_json":{"title":"Servisn\u00ed plo\u0161iny \u2013 voln\u011b stoj\u00edc\u00ed, integrovan\u00e9 do konstrukce - Walraven \u010cesk\u00e1 republika","robots":{"index":"index","follow":"follow","max-snippet":"max-snippet:-1","max-image-preview":"max-image-preview:large","max-video-preview":"max-video-preview:-1"},"canonical":"https:\/\/www.walraven.com\/cz\/servisni-plosiny-stresni-prechody\/servisni-plosiny\/","og_locale":"cs_CZ","og_type":"article","og_title":"Servisn\u00ed plo\u0161iny \u2013 voln\u011b stoj\u00edc\u00ed, integrovan\u00e9 do konstrukce","og_url":"https:\/\/www.walraven.com\/cz\/servisni-plosiny-stresni-prechody\/servisni-plosiny\/","og_site_name":"Walraven \u010cesk\u00e1 republika","article_publisher":"https:\/\/www.facebook.com\/walravenczech\/","article_modified_time":"2025-07-21T09:24:30+00:00","twitter_card":"summary_large_image","twitter_misc":{"Odhadovan\u00e1 doba \u010dten\u00ed":"2 minuty"},"schema":{"@context":"https:\/\/schema.org","@graph":[{"@type":"WebPage","@id":"https:\/\/www.walraven.com\/cz\/servisni-plosiny-stresni-prechody\/servisni-plosiny\/","url":"https:\/\/www.walraven.com\/cz\/servisni-plosiny-stresni-prechody\/servisni-plosiny\/","name":"Servisn\u00ed plo\u0161iny \u2013 voln\u011b stoj\u00edc\u00ed, integrovan\u00e9 do konstrukce - Walraven \u010cesk\u00e1 republika","isPartOf":{"@id":"https:\/\/www.walraven.com\/cz\/#website"},"datePublished":"2021-02-11T13:40:00+00:00","dateModified":"2025-07-21T09:24:30+00:00","breadcrumb":{"@id":"https:\/\/www.walraven.com\/cz\/servisni-plosiny-stresni-prechody\/servisni-plosiny\/#breadcrumb"},"inLanguage":"cs","potentialAction":[{"@type":"ReadAction","target":["https:\/\/www.walraven.com\/cz\/servisni-plosiny-stresni-prechody\/servisni-plosiny\/"]}]},{"@type":"BreadcrumbList","@id":"https:\/\/www.walraven.com\/cz\/servisni-plosiny-stresni-prechody\/servisni-plosiny\/#breadcrumb","itemListElement":[{"@type":"ListItem","position":1,"name":"\u00davod","item":"https:\/\/www.walraven.com\/cz\/"},{"@type":"ListItem","position":2,"name":"Servisn\u00ed plo\u0161iny \/ p\u0159echody \/ pochoz\u00ed l\u00e1vky","item":"https:\/\/www.walraven.com\/cz\/servisni-plosiny-stresni-prechody\/"},{"@type":"ListItem","position":3,"name":"Servisn\u00ed plo\u0161iny \u2013 voln\u011b stoj\u00edc\u00ed, integrovan\u00e9 do konstrukce"}]},{"@type":"WebSite","@id":"https:\/\/www.walraven.com\/cz\/#website","url":"https:\/\/www.walraven.com\/cz\/","name":"Walraven \u010cesk\u00e1 republika","description":"","publisher":{"@id":"https:\/\/www.walraven.com\/cz\/#organization"},"potentialAction":[{"@type":"SearchAction","target":{"@type":"EntryPoint","urlTemplate":"https:\/\/www.walraven.com\/cz\/?s={search_term_string}"},"query-input":{"@type":"PropertyValueSpecification","valueRequired":true,"valueName":"search_term_string"}}],"inLanguage":"cs"},{"@type":"Organization","@id":"https:\/\/www.walraven.com\/cz\/#organization","name":"Walraven s.r.o.","alternateName":"Walraven s.r.o.","url":"https:\/\/www.walraven.com\/cz\/","logo":{"@type":"ImageObject","inLanguage":"cs","@id":"https:\/\/www.walraven.com\/cz\/#\/schema\/logo\/image\/","url":"https:\/\/www.walraven.com\/cz\/wp-content\/uploads\/sites\/7\/2023\/12\/Walraven_logo300x300.jpg","contentUrl":"https:\/\/www.walraven.com\/cz\/wp-content\/uploads\/sites\/7\/2023\/12\/Walraven_logo300x300.jpg","width":300,"height":300,"caption":"Walraven s.r.o."},"image":{"@id":"https:\/\/www.walraven.com\/cz\/#\/schema\/logo\/image\/"},"sameAs":["https:\/\/www.facebook.com\/walravenczech\/","https:\/\/www.youtube.com\/channel\/UCKd440wCqHhmKODY1YrLToA","https:\/\/www.linkedin.com\/company\/walravencz","https:\/\/www.instagram.com\/walravencz\/"]}]}},"_links":{"self":[{"href":"https:\/\/www.walraven.com\/cz\/wp-json\/wp\/v2\/pages\/53559","targetHints":{"allow":["GET"]}}],"collection":[{"href":"https:\/\/www.walraven.com\/cz\/wp-json\/wp\/v2\/pages"}],"about":[{"href":"https:\/\/www.walraven.com\/cz\/wp-json\/wp\/v2\/types\/page"}],"author":[{"embeddable":true,"href":"https:\/\/www.walraven.com\/cz\/wp-json\/wp\/v2\/users\/15"}],"replies":[{"embeddable":true,"href":"https:\/\/www.walraven.com\/cz\/wp-json\/wp\/v2\/comments?post=53559"}],"version-history":[{"count":5,"href":"https:\/\/www.walraven.com\/cz\/wp-json\/wp\/v2\/pages\/53559\/revisions"}],"predecessor-version":[{"id":60334,"href":"https:\/\/www.walraven.com\/cz\/wp-json\/wp\/v2\/pages\/53559\/revisions\/60334"}],"up":[{"embeddable":true,"href":"https:\/\/www.walraven.com\/cz\/wp-json\/wp\/v2\/pages\/53597"}],"wp:attachment":[{"href":"https:\/\/www.walraven.com\/cz\/wp-json\/wp\/v2\/media?parent=53559"}],"curies":[{"name":"wp","href":"https:\/\/api.w.org\/{rel}","templated":true}]}}