{"id":54183,"date":"2021-11-26T11:15:22","date_gmt":"2021-11-26T10:15:22","guid":{"rendered":"https:\/\/www.walraven.com\/?page_id=126794"},"modified":"2022-11-01T11:12:02","modified_gmt":"2022-11-01T10:12:02","slug":"zakladni-informace-o-vibracich","status":"publish","type":"page","link":"https:\/\/www.walraven.com\/cz\/izolace-vibraci\/zakladni-informace-o-vibracich\/","title":{"rendered":"Z\u00e1kladn\u00ed informace o vibrac\u00edch"},"content":{"rendered":"<h2>Co jsou vibrace a pro\u010d se jim chcete vyhnout?<\/h2>\n<p>Vzhledem k&nbsp;tomu, \u017ee st\u00e1le v\u00edce u\u017eivatel\u016f budov je ru\u0161eno mechanick\u00fdmi vibracemi a vibracemi vyvolan\u00fdm hlukem poch\u00e1zej\u00edc\u00edm z&nbsp;mechanick\u00fdch za\u0159\u00edzen\u00ed, odv\u011btv\u00ed zab\u00fdvaj\u00edc\u00ed se ve\u0161ker\u00fdmi rozvody, se za\u010dalo v\u00edce v\u011bnovat akustick\u00e9mu n\u00e1vrhu mechanick\u00fdch za\u0159\u00edzen\u00ed a instalac\u00ed. Ne\u017e v\u0161ak budeme zkoumat a uv\u00e1d\u011bt p\u0159\u00edklady toho, jak lze vibrac\u00edm zabr\u00e1nit, pod\u00edvejme se na definici a vedlej\u0161\u00ed \u00fa\u010dinky vibrac\u00ed.<\/p>\n<h2>Co to jsou vibrace?<\/h2>\n<p>Jednodu\u0161e \u0159e\u010deno, vibrace jsou mechanick\u00fd jev, kdy doch\u00e1z\u00ed k&nbsp;oscilac\u00edm kolem rovnov\u00e1\u017en\u00e9ho bodu. V&nbsp;n\u011bkter\u00fdch p\u0159\u00edpadech to m\u016f\u017ee b\u00fdt \u017e\u00e1douc\u00ed, nap\u0159\u00edklad v&nbsp;p\u0159\u00edpad\u011b pohybu struny kytary, ale \u010dasto jsou vibrace ne\u017e\u00e1douc\u00ed, proto\u017ee vytv\u00e1\u0159ej\u00ed ne\u017e\u00e1douc\u00ed hluk a nepohodl\u00ed. Mezi typick\u00e9 p\u0159\u00edklady ne\u017e\u00e1douc\u00edch vibrac\u00ed pat\u0159\u00ed vibra\u010dn\u00ed pohyb motor\u016f, elektromotor\u016f nebo jin\u00fdch mechanick\u00fdch za\u0159\u00edzen\u00ed nebo za\u0159\u00edzen\u00ed v&nbsp;provozu.<\/p>\n<h2>Zvukov\u00e9 projevy vibrac\u00ed<\/h2>\n<p>V kontextu rozvod\u016f TZB jsou zvuky v\u011bt\u0161inou generov\u00e1ny jako v\u00fdsledek vibrac\u00ed z&nbsp;\u010d\u00e1sti za\u0159\u00edzen\u00ed. N\u011bkter\u00e9 typy vibrac\u00ed v\u0161ak mohou tak\u00e9 vytv\u00e1\u0159et zvukov\u00e9 efekty, kter\u00e9 lid\u00e9 nedetekuj\u00ed. Je v\u0161ak d\u016fle\u017eit\u00e9 v\u011bd\u011bt, \u017ee <i>nedetekovan\u00e9 zvukov\u00e9 efekty mohou tak\u00e9 ovlivnit zdrav\u00ed a pohodu u\u017eivatel\u016f<\/i> budov. Proto nejlep\u0161\u00edm zp\u016fsobem, jak sn\u00ed\u017eit zvuk, detekovateln\u00fd i nedetekovateln\u00fd, je v&nbsp;prvn\u00ed \u0159ad\u011b omezit vibrace produkovan\u00e9 mechanick\u00fdm za\u0159\u00edzen\u00edm.<\/p>\n<h2>Jak\u00e9 jsou nej\u010dast\u011bj\u0161\u00ed zdroje vibrac\u00ed v&nbsp;budov\u00e1ch?<\/h2>\n<p>Za\u0159\u00edzen\u00ed TZB, kter\u00e9 je pevn\u011b p\u0159ipevn\u011bno k&nbsp;podkladu, st\u011bn\u011b nebo stropu, m\u016f\u017ee p\u0159en\u00e1\u0161et vibrace do nosn\u00e9 konstrukce a zp\u016fsobovat vysoce ne\u017e\u00e1douc\u00ed \u00farovn\u011b hluku p\u0159en\u00e1\u0161en\u00e9ho konstrukc\u00ed. Tento hluk se m\u016f\u017ee \u0161\u00ed\u0159it daleko a m\u016f\u017ee se dokonce \u0161\u00ed\u0159it po cel\u00e9 budov\u011b. Stejn\u011b jako za\u0159\u00edzen\u00ed mohou ve\u0161ker\u00e1 rozvodn\u00e1 potrub\u00ed (kanaliza\u010dn\u00ed, vzduchotechnik\u00e1 atd.) fungovat jako p\u0159ena\u0161e\u010de hluku p\u0159en\u00e1\u0161en\u00e9ho konstrukc\u00ed, pokud jsou pevn\u011b spojeny s&nbsp;vibruj\u00edc\u00edm za\u0159\u00edzen\u00edm.<\/p>\n<h2>Nejde jen o ne\u017e\u00e1douc\u00ed hluk, ale je toho v\u00edc<\/h2>\n<p>Krom\u011b ne\u017e\u00e1douc\u00edho hluku mohou pravideln\u00e9 a opakuj\u00edc\u00ed se vibrace zp\u016fsobit dal\u0161\u00ed probl\u00e9my, kter\u00e9 mohou ovlivnit za\u0159\u00edzen\u00ed, budovu a jej\u00ed u\u017eivatele. Mezi tyto probl\u00e9my pat\u0159\u00ed nap\u0159\u00edklad: :<\/p>\n<ul>\n<li>vytv\u00e1\u0159et nepohodl\u00ed pro lidi<\/li>\n<li>sn\u00ed\u017een\u00e1 bezpe\u010dnost osob v&nbsp;bl\u00edzkosti vibra\u010dn\u00edho za\u0159\u00edzen\u00ed<\/li>\n<li>negativn\u00ed d\u016fsledky pro konstrukci budovy<\/li>\n<li>zv\u00fd\u0161en\u00e9 n\u00e1roky na \u00fadr\u017ebu za\u0159\u00edzen\u00ed<\/li>\n<li>sn\u00ed\u017een\u00e1 \u017eivotnost za\u0159\u00edzen\u00ed<\/li>\n<li>nespr\u00e1vn\u00fd provoz za\u0159\u00edzen\u00ed<\/li>\n<li>poru\u0161en\u00ed regula\u010dn\u00edch po\u017eadavk\u016f &#8211; hlukov\u00fdch norem<\/li>\n<\/ul>\n<h2>Jak vy\u0159e\u0161it vibrace?<\/h2>\n<p>Izolace zdroj\u016f vibrac\u00ed od nosn\u00e9 konstrukce pomoc\u00ed pru\u017en\u00fdch za\u0159\u00edzen\u00ed, nap\u0159\u00edklad izol\u00e1tor\u016f, je nej\u00fa\u010dinn\u011bj\u0161\u00edm p\u0159\u00edstupem k&nbsp;eliminaci vibrac\u00ed. Pe\u010dliv\u011b vybran\u00fd antivibra\u010dn\u00ed syst\u00e9m vibroakustick\u00fdch izol\u00e1tor\u016f je t\u0159eba um\u00edstit, pokud je to mo\u017en\u00e9, p\u0159\u00edmo mezi mont\u00e1\u017en\u00ed konstrukci a za\u0159\u00edzen\u00ed, kter\u00e9 produkuje ne\u017e\u00e1douc\u00ed vibrace. Izol\u00e1tory pak mohou \u00fa\u010dinn\u011b absorbovat a\u017e 99&nbsp;% nadm\u011brn\u00fdch vibrac\u00ed produkovan\u00fdch za\u0159\u00edzen\u00edm.<\/p>\n<h2>Prevence je jednodu\u0161\u0161\u00ed a levn\u011bj\u0161\u00ed ne\u017e n\u00e1prava!<\/h2>\n<p>N\u00e1prava hluku nebo vibrac\u00ed m\u016f\u017ee b\u00fdt mnohem n\u00e1kladn\u011bj\u0161\u00ed ne\u017e \u0159e\u0161en\u00ed probl\u00e9mu p\u0159ed instalac\u00ed za\u0159\u00edzen\u00ed. N\u00e1klady na opravu mohou zahrnovat \u010das pot\u0159ebn\u00fd ke koordinaci vy\u0161et\u0159ov\u00e1n\u00ed, p\u0159\u00edm\u00e9 platby dodavateli rekonstrukc\u00ed a p\u0159\u00edpadn\u00e9 od\u0161kodn\u011bn\u00ed vyplacen\u00e9 u\u017eivatel\u016fm budovy, kte\u0159\u00ed podali st\u00ed\u017enosti. Proto byste se m\u011bli v\u017edy sna\u017eit p\u0159edch\u00e1zet probl\u00e9m\u016fm s&nbsp;vibracemi a hlukem nam\u00edsto jejich n\u00e1pravy. Zanedbateln\u00e9 dodate\u010dn\u00e9 n\u00e1klady na prevenci (obvykle asi 1&nbsp;% a\u017e 2&nbsp;% celkov\u00fdch n\u00e1klad\u016f na syst\u00e9mu rozvod\u016f potrub\u00ed) jsou dob\u0159e vynalo\u017een\u00e9 pen\u00edze ve srovn\u00e1n\u00ed s&nbsp;druhou nejlep\u0161\u00ed alternativou, kter\u00e1 napravuje st\u00e1vaj\u00edc\u00ed situaci.<\/p>\n<h2>Zjist\u011bte v\u00edce o antivibra\u010dn\u00edch \u0159e\u0161en\u00edch od Walravenu<\/h2>\n<p>V portfoliu Walraven m\u016f\u017eete naj\u00edt kompletn\u00ed \u0159adu pry\u017eov\u00fdch a kovov\u00fdch vibroakustick\u00fdch izol\u00e1tor\u016f, antivibra\u010dn\u00edch podlo\u017eek, dr\u017e\u00e1k\u016f a pru\u017ein pro odstran\u011bn\u00ed probl\u00e9m\u016f s&nbsp;vibracemi v&nbsp;potrubn\u00edch instalac\u00edch. Izol\u00e1tory lze tak\u00e9 snadno integrovat s&nbsp;jin\u00fdmi typick\u00fdmi <a href=\"https:\/\/www.walraven.com\/cz\/upevnovaci-systemy\/objimky-potrubi\/\">upevn\u011bn\u00edmi potrub\u00ed<\/a>, <a href=\"https:\/\/www.walraven.com\/cz\/upevnovaci-systemy\/rapidstrut\/\">mont\u00e1\u017en\u00edmi syst\u00e9my<\/a> nebo <a href=\"https:\/\/www.walraven.com\/cz\/strechy\/\">konstrukcemi pro st\u0159e\u0161n\u00ed instalace<\/a>.<\/p>\n<p><a href=\"https:\/\/www.walraven.com\/cz\/izolace-vibraci\/\"><b>P\u0159e\u010dt\u011bte si v\u00edce<\/b><\/a><\/p>\n","protected":false},"excerpt":{"rendered":"<p>Co jsou vibrace a pro\u010d se jim chcete vyhnout? Vzhledem k&nbsp;tomu, \u017ee st\u00e1le v\u00edce u\u017eivatel\u016f budov je ru\u0161eno mechanick\u00fdmi vibracemi a vibracemi vyvolan\u00fdm hlukem poch\u00e1zej\u00edc\u00edm z&nbsp;mechanick\u00fdch za\u0159\u00edzen\u00ed, odv\u011btv\u00ed zab\u00fdvaj\u00edc\u00ed se ve\u0161ker\u00fdmi rozvody, se za\u010dalo v\u00edce v\u011bnovat akustick\u00e9mu n\u00e1vrhu mechanick\u00fdch za\u0159\u00edzen\u00ed a instalac\u00ed. Ne\u017e v\u0161ak budeme zkoumat a uv\u00e1d\u011bt p\u0159\u00edklady toho, jak lze vibrac\u00edm zabr\u00e1nit, pod\u00edvejme [&hellip;]<\/p>\n","protected":false},"author":62,"featured_media":0,"parent":54187,"menu_order":0,"comment_status":"closed","ping_status":"closed","template":"","meta":{"_acf_changed":false,"footnotes":""},"class_list":["post-54183","page","type-page","status-publish","hentry"],"acf":[],"yoast_head":"<!-- This site is optimized with the Yoast SEO Premium plugin v27.3 (Yoast SEO v27.3) - https:\/\/yoast.com\/product\/yoast-seo-premium-wordpress\/ -->\n<title>Z\u00e1kladn\u00ed informace o vibrac\u00edch - Walraven \u010cesk\u00e1 republika<\/title>\n<meta name=\"robots\" content=\"index, follow, max-snippet:-1, max-image-preview:large, max-video-preview:-1\" \/>\n<link rel=\"canonical\" href=\"https:\/\/www.walraven.com\/cz\/izolace-vibraci\/zakladni-informace-o-vibracich\/\" \/>\n<meta property=\"og:locale\" content=\"cs_CZ\" \/>\n<meta property=\"og:type\" content=\"article\" \/>\n<meta property=\"og:title\" content=\"Z\u00e1kladn\u00ed informace o vibrac\u00edch\" \/>\n<meta property=\"og:description\" content=\"Co jsou vibrace a pro\u010d se jim chcete vyhnout? Vzhledem k&nbsp;tomu, \u017ee st\u00e1le v\u00edce u\u017eivatel\u016f budov je ru\u0161eno mechanick\u00fdmi vibracemi a vibracemi vyvolan\u00fdm hlukem poch\u00e1zej\u00edc\u00edm z&nbsp;mechanick\u00fdch za\u0159\u00edzen\u00ed, odv\u011btv\u00ed zab\u00fdvaj\u00edc\u00ed se ve\u0161ker\u00fdmi rozvody, se za\u010dalo v\u00edce v\u011bnovat akustick\u00e9mu n\u00e1vrhu mechanick\u00fdch za\u0159\u00edzen\u00ed a instalac\u00ed. Ne\u017e v\u0161ak budeme zkoumat a uv\u00e1d\u011bt p\u0159\u00edklady toho, jak lze vibrac\u00edm zabr\u00e1nit, pod\u00edvejme [&hellip;]\" \/>\n<meta property=\"og:url\" content=\"https:\/\/www.walraven.com\/cz\/izolace-vibraci\/zakladni-informace-o-vibracich\/\" \/>\n<meta property=\"og:site_name\" content=\"Walraven \u010cesk\u00e1 republika\" \/>\n<meta property=\"article:publisher\" content=\"https:\/\/www.facebook.com\/walravenczech\/\" \/>\n<meta property=\"article:modified_time\" content=\"2022-11-01T10:12:02+00:00\" \/>\n<meta name=\"twitter:card\" content=\"summary_large_image\" \/>\n<meta name=\"twitter:label1\" content=\"Odhadovan\u00e1 doba \u010dten\u00ed\" \/>\n\t<meta name=\"twitter:data1\" content=\"3 minuty\" \/>\n<script type=\"application\/ld+json\" class=\"yoast-schema-graph\">{\"@context\":\"https:\\\/\\\/schema.org\",\"@graph\":[{\"@type\":\"WebPage\",\"@id\":\"https:\\\/\\\/www.walraven.com\\\/cz\\\/izolace-vibraci\\\/zakladni-informace-o-vibracich\\\/\",\"url\":\"https:\\\/\\\/www.walraven.com\\\/cz\\\/izolace-vibraci\\\/zakladni-informace-o-vibracich\\\/\",\"name\":\"Z\u00e1kladn\u00ed informace o vibrac\u00edch - Walraven \u010cesk\u00e1 republika\",\"isPartOf\":{\"@id\":\"https:\\\/\\\/www.walraven.com\\\/cz\\\/#website\"},\"datePublished\":\"2021-11-26T10:15:22+00:00\",\"dateModified\":\"2022-11-01T10:12:02+00:00\",\"breadcrumb\":{\"@id\":\"https:\\\/\\\/www.walraven.com\\\/cz\\\/izolace-vibraci\\\/zakladni-informace-o-vibracich\\\/#breadcrumb\"},\"inLanguage\":\"cs\",\"potentialAction\":[{\"@type\":\"ReadAction\",\"target\":[\"https:\\\/\\\/www.walraven.com\\\/cz\\\/izolace-vibraci\\\/zakladni-informace-o-vibracich\\\/\"]}]},{\"@type\":\"BreadcrumbList\",\"@id\":\"https:\\\/\\\/www.walraven.com\\\/cz\\\/izolace-vibraci\\\/zakladni-informace-o-vibracich\\\/#breadcrumb\",\"itemListElement\":[{\"@type\":\"ListItem\",\"position\":1,\"name\":\"\u00davod\",\"item\":\"https:\\\/\\\/www.walraven.com\\\/cz\\\/\"},{\"@type\":\"ListItem\",\"position\":2,\"name\":\"Antivibra\u010dn\u00ed \u0159e\u0161en\u00ed pro za\u0159\u00edzen\u00ed a syst\u00e9my v&nbsp;budov\u00e1ch\",\"item\":\"https:\\\/\\\/www.walraven.com\\\/cz\\\/izolace-vibraci\\\/\"},{\"@type\":\"ListItem\",\"position\":3,\"name\":\"Z\u00e1kladn\u00ed informace o vibrac\u00edch\"}]},{\"@type\":\"WebSite\",\"@id\":\"https:\\\/\\\/www.walraven.com\\\/cz\\\/#website\",\"url\":\"https:\\\/\\\/www.walraven.com\\\/cz\\\/\",\"name\":\"Walraven \u010cesk\u00e1 republika\",\"description\":\"\",\"publisher\":{\"@id\":\"https:\\\/\\\/www.walraven.com\\\/cz\\\/#organization\"},\"potentialAction\":[{\"@type\":\"SearchAction\",\"target\":{\"@type\":\"EntryPoint\",\"urlTemplate\":\"https:\\\/\\\/www.walraven.com\\\/cz\\\/?s={search_term_string}\"},\"query-input\":{\"@type\":\"PropertyValueSpecification\",\"valueRequired\":true,\"valueName\":\"search_term_string\"}}],\"inLanguage\":\"cs\"},{\"@type\":\"Organization\",\"@id\":\"https:\\\/\\\/www.walraven.com\\\/cz\\\/#organization\",\"name\":\"Walraven s.r.o.\",\"alternateName\":\"Walraven s.r.o.\",\"url\":\"https:\\\/\\\/www.walraven.com\\\/cz\\\/\",\"logo\":{\"@type\":\"ImageObject\",\"inLanguage\":\"cs\",\"@id\":\"https:\\\/\\\/www.walraven.com\\\/cz\\\/#\\\/schema\\\/logo\\\/image\\\/\",\"url\":\"https:\\\/\\\/www.walraven.com\\\/cz\\\/wp-content\\\/uploads\\\/sites\\\/7\\\/2023\\\/12\\\/Walraven_logo300x300.jpg\",\"contentUrl\":\"https:\\\/\\\/www.walraven.com\\\/cz\\\/wp-content\\\/uploads\\\/sites\\\/7\\\/2023\\\/12\\\/Walraven_logo300x300.jpg\",\"width\":300,\"height\":300,\"caption\":\"Walraven s.r.o.\"},\"image\":{\"@id\":\"https:\\\/\\\/www.walraven.com\\\/cz\\\/#\\\/schema\\\/logo\\\/image\\\/\"},\"sameAs\":[\"https:\\\/\\\/www.facebook.com\\\/walravenczech\\\/\",\"https:\\\/\\\/www.youtube.com\\\/channel\\\/UCKd440wCqHhmKODY1YrLToA\",\"https:\\\/\\\/www.linkedin.com\\\/company\\\/walravencz\",\"https:\\\/\\\/www.instagram.com\\\/walravencz\\\/\"]}]}<\/script>\n<!-- \/ Yoast SEO Premium plugin. -->","yoast_head_json":{"title":"Z\u00e1kladn\u00ed informace o vibrac\u00edch - Walraven \u010cesk\u00e1 republika","robots":{"index":"index","follow":"follow","max-snippet":"max-snippet:-1","max-image-preview":"max-image-preview:large","max-video-preview":"max-video-preview:-1"},"canonical":"https:\/\/www.walraven.com\/cz\/izolace-vibraci\/zakladni-informace-o-vibracich\/","og_locale":"cs_CZ","og_type":"article","og_title":"Z\u00e1kladn\u00ed informace o vibrac\u00edch","og_description":"Co jsou vibrace a pro\u010d se jim chcete vyhnout? Vzhledem k&nbsp;tomu, \u017ee st\u00e1le v\u00edce u\u017eivatel\u016f budov je ru\u0161eno mechanick\u00fdmi vibracemi a vibracemi vyvolan\u00fdm hlukem poch\u00e1zej\u00edc\u00edm z&nbsp;mechanick\u00fdch za\u0159\u00edzen\u00ed, odv\u011btv\u00ed zab\u00fdvaj\u00edc\u00ed se ve\u0161ker\u00fdmi rozvody, se za\u010dalo v\u00edce v\u011bnovat akustick\u00e9mu n\u00e1vrhu mechanick\u00fdch za\u0159\u00edzen\u00ed a instalac\u00ed. Ne\u017e v\u0161ak budeme zkoumat a uv\u00e1d\u011bt p\u0159\u00edklady toho, jak lze vibrac\u00edm zabr\u00e1nit, pod\u00edvejme [&hellip;]","og_url":"https:\/\/www.walraven.com\/cz\/izolace-vibraci\/zakladni-informace-o-vibracich\/","og_site_name":"Walraven \u010cesk\u00e1 republika","article_publisher":"https:\/\/www.facebook.com\/walravenczech\/","article_modified_time":"2022-11-01T10:12:02+00:00","twitter_card":"summary_large_image","twitter_misc":{"Odhadovan\u00e1 doba \u010dten\u00ed":"3 minuty"},"schema":{"@context":"https:\/\/schema.org","@graph":[{"@type":"WebPage","@id":"https:\/\/www.walraven.com\/cz\/izolace-vibraci\/zakladni-informace-o-vibracich\/","url":"https:\/\/www.walraven.com\/cz\/izolace-vibraci\/zakladni-informace-o-vibracich\/","name":"Z\u00e1kladn\u00ed informace o vibrac\u00edch - Walraven \u010cesk\u00e1 republika","isPartOf":{"@id":"https:\/\/www.walraven.com\/cz\/#website"},"datePublished":"2021-11-26T10:15:22+00:00","dateModified":"2022-11-01T10:12:02+00:00","breadcrumb":{"@id":"https:\/\/www.walraven.com\/cz\/izolace-vibraci\/zakladni-informace-o-vibracich\/#breadcrumb"},"inLanguage":"cs","potentialAction":[{"@type":"ReadAction","target":["https:\/\/www.walraven.com\/cz\/izolace-vibraci\/zakladni-informace-o-vibracich\/"]}]},{"@type":"BreadcrumbList","@id":"https:\/\/www.walraven.com\/cz\/izolace-vibraci\/zakladni-informace-o-vibracich\/#breadcrumb","itemListElement":[{"@type":"ListItem","position":1,"name":"\u00davod","item":"https:\/\/www.walraven.com\/cz\/"},{"@type":"ListItem","position":2,"name":"Antivibra\u010dn\u00ed \u0159e\u0161en\u00ed pro za\u0159\u00edzen\u00ed a syst\u00e9my v&nbsp;budov\u00e1ch","item":"https:\/\/www.walraven.com\/cz\/izolace-vibraci\/"},{"@type":"ListItem","position":3,"name":"Z\u00e1kladn\u00ed informace o vibrac\u00edch"}]},{"@type":"WebSite","@id":"https:\/\/www.walraven.com\/cz\/#website","url":"https:\/\/www.walraven.com\/cz\/","name":"Walraven \u010cesk\u00e1 republika","description":"","publisher":{"@id":"https:\/\/www.walraven.com\/cz\/#organization"},"potentialAction":[{"@type":"SearchAction","target":{"@type":"EntryPoint","urlTemplate":"https:\/\/www.walraven.com\/cz\/?s={search_term_string}"},"query-input":{"@type":"PropertyValueSpecification","valueRequired":true,"valueName":"search_term_string"}}],"inLanguage":"cs"},{"@type":"Organization","@id":"https:\/\/www.walraven.com\/cz\/#organization","name":"Walraven s.r.o.","alternateName":"Walraven s.r.o.","url":"https:\/\/www.walraven.com\/cz\/","logo":{"@type":"ImageObject","inLanguage":"cs","@id":"https:\/\/www.walraven.com\/cz\/#\/schema\/logo\/image\/","url":"https:\/\/www.walraven.com\/cz\/wp-content\/uploads\/sites\/7\/2023\/12\/Walraven_logo300x300.jpg","contentUrl":"https:\/\/www.walraven.com\/cz\/wp-content\/uploads\/sites\/7\/2023\/12\/Walraven_logo300x300.jpg","width":300,"height":300,"caption":"Walraven s.r.o."},"image":{"@id":"https:\/\/www.walraven.com\/cz\/#\/schema\/logo\/image\/"},"sameAs":["https:\/\/www.facebook.com\/walravenczech\/","https:\/\/www.youtube.com\/channel\/UCKd440wCqHhmKODY1YrLToA","https:\/\/www.linkedin.com\/company\/walravencz","https:\/\/www.instagram.com\/walravencz\/"]}]}},"_links":{"self":[{"href":"https:\/\/www.walraven.com\/cz\/wp-json\/wp\/v2\/pages\/54183","targetHints":{"allow":["GET"]}}],"collection":[{"href":"https:\/\/www.walraven.com\/cz\/wp-json\/wp\/v2\/pages"}],"about":[{"href":"https:\/\/www.walraven.com\/cz\/wp-json\/wp\/v2\/types\/page"}],"author":[{"embeddable":true,"href":"https:\/\/www.walraven.com\/cz\/wp-json\/wp\/v2\/users\/62"}],"replies":[{"embeddable":true,"href":"https:\/\/www.walraven.com\/cz\/wp-json\/wp\/v2\/comments?post=54183"}],"version-history":[{"count":5,"href":"https:\/\/www.walraven.com\/cz\/wp-json\/wp\/v2\/pages\/54183\/revisions"}],"predecessor-version":[{"id":54825,"href":"https:\/\/www.walraven.com\/cz\/wp-json\/wp\/v2\/pages\/54183\/revisions\/54825"}],"up":[{"embeddable":true,"href":"https:\/\/www.walraven.com\/cz\/wp-json\/wp\/v2\/pages\/54187"}],"wp:attachment":[{"href":"https:\/\/www.walraven.com\/cz\/wp-json\/wp\/v2\/media?parent=54183"}],"curies":[{"name":"wp","href":"https:\/\/api.w.org\/{rel}","templated":true}]}}