{"id":54529,"date":"2022-05-23T19:29:26","date_gmt":"2022-05-23T17:29:26","guid":{"rendered":"https:\/\/www.walraven.com\/cz\/?page_id=54529"},"modified":"2022-08-09T19:57:04","modified_gmt":"2022-08-09T17:57:04","slug":"serizovac-cista-borovnice","status":"publish","type":"page","link":"https:\/\/www.walraven.com\/cz\/o-walraven\/zamestnani-walraven\/serizovac-cista-borovnice\/","title":{"rendered":"Se\u0159izova\u010d (Borovnice u Star\u00e9 Paky)"},"content":{"rendered":"<p>&nbsp;<\/p>\n<p><strong>Jste technicky zdatn\u00ed a m\u00e1te r\u00e1di precizn\u00ed pr\u00e1ci?<\/strong><\/p>\n<p><strong>Sta\u0148te se sou\u010d\u00e1st\u00ed t\u00fdmu a pomozte n\u00e1m st\u00e1t se celosv\u011btov\u011b preferovan\u00fdm partnerem na trhu s\u00a0instala\u010dn\u00edmi syst\u00e9my!<\/strong><\/p>\n<p><strong>Co V\u00e1s \u010dek\u00e1?<\/strong><\/p>\n<ul>\n<li>P\u0159\u00edprava, se\u0159izov\u00e1n\u00ed a \u010d\u00e1ste\u010dn\u00e1 \u00fadr\u017eba mont\u00e1\u017en\u00edch stroj\u016f<\/li>\n<li>Kontrola v\u00fdsledn\u00e9 pr\u00e1ce s\u00a0v\u00fdrobn\u00ed dokumentac\u00ed a v\u00a0souladu s\u00a0technologick\u00fdm postupem<\/li>\n<\/ul>\n<p><strong>Co bude v\u00fdsledkem Va\u0161\u00ed pr\u00e1ce?<\/strong><\/p>\n<ul>\n<li>Dob\u0159e se\u0159\u00edzen\u00fd a nastaven\u00fd stroj<\/li>\n<li>Spokojen\u00fd a vyt\u00ed\u017een\u00fd oper\u00e1tor stroje<\/li>\n<\/ul>\n<p><strong>Co po V\u00e1s po\u017eadujeme?<\/strong><\/p>\n<ul>\n<li>Vzd\u011bl\u00e1n\u00ed technick\u00e9ho sm\u011bru<\/li>\n<li>Znalost obsluhy PC<\/li>\n<li>Znalost \u010dten\u00ed technick\u00e9 v\u00fdkresov\u00e9 dokumentace<\/li>\n<li>Zru\u010dnost, spolehlivost, pe\u010dlivost a ochotu u\u010dit se<\/li>\n<li>Na dan\u00e9 pozici V\u00e1s v\u00a0ka\u017ed\u00e9m p\u0159\u00edpad\u011b pe\u010dliv\u011b zau\u010d\u00edme.<\/li>\n<li>Pr\u016fkaz obsluhy vysokozdvi\u017en\u00fdch voz\u00edk\u016f v\u00fdhodou.<\/li>\n<\/ul>\n<p><strong>Co V\u00e1m nab\u00edz\u00edme?<\/strong><\/p>\n<ul>\n<li>Pr\u00e1ci v\u00a0\u010dist\u00e9m a p\u0159\u00edjemn\u00e9m prost\u0159ed\u00ed<\/li>\n<li>Pr\u00e1ci ve t\u0159\u00edsm\u011bnn\u00e9m provozu<\/li>\n<li>Motiva\u010dn\u00ed mzdov\u00e9 ohodnocen\u00ed<\/li>\n<li>Specifickou firemn\u00ed kulturu a pestrou \u0161k\u00e1lu benefit\u016f \u2013 stravenkov\u00fd pau\u0161\u00e1l, zdravotn\u00ed volno, ro\u010dn\u00ed bonusy, p\u0159\u00edsp\u011bvky na poji\u0161t\u011bn\u00ed aj.<\/li>\n<\/ul>\n<p><strong>Jak n\u00e1s m\u016f\u017eete kontaktovat?<\/strong><\/p>\n<p>Telefonicky \u010di emailem<\/p>\n<ul>\n<li>Bc. Daniela Zaj\u00ed\u010dkov\u00e1, 730&nbsp;571&nbsp;199, <a href=\"mailto:daniela.zajickova@walraven.com\">daniela.zajickova@walraven.com<\/a><\/li>\n<li>Ing. Nela Horynov\u00e1, 732&nbsp;167&nbsp;162, <a href=\"mailto:nela.horynova@walraven.com\">nela.horynova@walraven.com<\/a><\/li>\n<li>Mgr. Martin Beer, 603&nbsp;801&nbsp;516, <a href=\"mailto:martin.beer@walraven.com\">martin.beer@walraven.com<\/a><\/li>\n<\/ul>\n<p>Osobn\u011b na person\u00e1ln\u00edm odd\u011blen\u00ed v&nbsp;Hork\u00e1ch u Star\u00e9 Paky 22, 512&nbsp;34<\/p>\n<p>Pro dal\u0161\u00ed informace m\u016f\u017eete tak\u00e9 nav\u0161t\u00edvit n\u00e1\u0161\u00a0<a href=\"https:\/\/www.facebook.com\/suchanekwalraven\">Facebook<\/a> a\u00a0<a href=\"https:\/\/www.linkedin.com\/company\/such%C3%A1nek-&amp;-walraven-s-r-o-\">LinkedIn<\/a>.<\/p>\n","protected":false},"excerpt":{"rendered":"<p>&nbsp; Jste technicky zdatn\u00ed a m\u00e1te r\u00e1di precizn\u00ed pr\u00e1ci? Sta\u0148te se sou\u010d\u00e1st\u00ed t\u00fdmu a pomozte n\u00e1m st\u00e1t se celosv\u011btov\u011b preferovan\u00fdm partnerem na trhu s\u00a0instala\u010dn\u00edmi syst\u00e9my! Co V\u00e1s \u010dek\u00e1? P\u0159\u00edprava, se\u0159izov\u00e1n\u00ed a \u010d\u00e1ste\u010dn\u00e1 \u00fadr\u017eba mont\u00e1\u017en\u00edch stroj\u016f Kontrola v\u00fdsledn\u00e9 pr\u00e1ce s\u00a0v\u00fdrobn\u00ed dokumentac\u00ed a v\u00a0souladu s\u00a0technologick\u00fdm postupem Co bude v\u00fdsledkem Va\u0161\u00ed pr\u00e1ce? Dob\u0159e se\u0159\u00edzen\u00fd a nastaven\u00fd stroj Spokojen\u00fd [&hellip;]<\/p>\n","protected":false},"author":34,"featured_media":0,"parent":50714,"menu_order":0,"comment_status":"closed","ping_status":"closed","template":"","meta":{"_acf_changed":false,"footnotes":""},"class_list":["post-54529","page","type-page","status-publish","hentry"],"acf":[],"yoast_head":"<!-- This site is optimized with the Yoast SEO Premium plugin v27.5 (Yoast SEO v27.5) - https:\/\/yoast.com\/product\/yoast-seo-premium-wordpress\/ -->\n<title>Se\u0159izova\u010d (Borovnice u Star\u00e9 Paky) - Walraven \u010cesk\u00e1 republika<\/title>\n<meta name=\"robots\" content=\"index, follow, max-snippet:-1, max-image-preview:large, max-video-preview:-1\" \/>\n<link rel=\"canonical\" href=\"https:\/\/www.walraven.com\/cz\/o-walraven\/zamestnani-walraven\/serizovac-cista-borovnice\/\" \/>\n<meta property=\"og:locale\" content=\"cs_CZ\" \/>\n<meta property=\"og:type\" content=\"article\" \/>\n<meta property=\"og:title\" content=\"Se\u0159izova\u010d (Borovnice u Star\u00e9 Paky)\" \/>\n<meta property=\"og:description\" content=\"&nbsp; Jste technicky zdatn\u00ed a m\u00e1te r\u00e1di precizn\u00ed pr\u00e1ci? Sta\u0148te se sou\u010d\u00e1st\u00ed t\u00fdmu a pomozte n\u00e1m st\u00e1t se celosv\u011btov\u011b preferovan\u00fdm partnerem na trhu s\u00a0instala\u010dn\u00edmi syst\u00e9my! Co V\u00e1s \u010dek\u00e1? P\u0159\u00edprava, se\u0159izov\u00e1n\u00ed a \u010d\u00e1ste\u010dn\u00e1 \u00fadr\u017eba mont\u00e1\u017en\u00edch stroj\u016f Kontrola v\u00fdsledn\u00e9 pr\u00e1ce s\u00a0v\u00fdrobn\u00ed dokumentac\u00ed a v\u00a0souladu s\u00a0technologick\u00fdm postupem Co bude v\u00fdsledkem Va\u0161\u00ed pr\u00e1ce? Dob\u0159e se\u0159\u00edzen\u00fd a nastaven\u00fd stroj Spokojen\u00fd [&hellip;]\" \/>\n<meta property=\"og:url\" content=\"https:\/\/www.walraven.com\/cz\/o-walraven\/zamestnani-walraven\/serizovac-cista-borovnice\/\" \/>\n<meta property=\"og:site_name\" content=\"Walraven \u010cesk\u00e1 republika\" \/>\n<meta property=\"article:publisher\" content=\"https:\/\/www.facebook.com\/walravenczech\/\" \/>\n<meta property=\"article:modified_time\" content=\"2022-08-09T17:57:04+00:00\" \/>\n<meta name=\"twitter:card\" content=\"summary_large_image\" \/>\n<meta name=\"twitter:label1\" content=\"Odhadovan\u00e1 doba \u010dten\u00ed\" \/>\n\t<meta name=\"twitter:data1\" content=\"1 minuta\" \/>\n<script type=\"application\/ld+json\" class=\"yoast-schema-graph\">{\"@context\":\"https:\\\/\\\/schema.org\",\"@graph\":[{\"@type\":\"WebPage\",\"@id\":\"https:\\\/\\\/www.walraven.com\\\/cz\\\/o-walraven\\\/zamestnani-walraven\\\/serizovac-cista-borovnice\\\/\",\"url\":\"https:\\\/\\\/www.walraven.com\\\/cz\\\/o-walraven\\\/zamestnani-walraven\\\/serizovac-cista-borovnice\\\/\",\"name\":\"Se\u0159izova\u010d (Borovnice u Star\u00e9 Paky) - Walraven \u010cesk\u00e1 republika\",\"isPartOf\":{\"@id\":\"https:\\\/\\\/www.walraven.com\\\/cz\\\/#website\"},\"datePublished\":\"2022-05-23T17:29:26+00:00\",\"dateModified\":\"2022-08-09T17:57:04+00:00\",\"breadcrumb\":{\"@id\":\"https:\\\/\\\/www.walraven.com\\\/cz\\\/o-walraven\\\/zamestnani-walraven\\\/serizovac-cista-borovnice\\\/#breadcrumb\"},\"inLanguage\":\"cs\",\"potentialAction\":[{\"@type\":\"ReadAction\",\"target\":[\"https:\\\/\\\/www.walraven.com\\\/cz\\\/o-walraven\\\/zamestnani-walraven\\\/serizovac-cista-borovnice\\\/\"]}]},{\"@type\":\"BreadcrumbList\",\"@id\":\"https:\\\/\\\/www.walraven.com\\\/cz\\\/o-walraven\\\/zamestnani-walraven\\\/serizovac-cista-borovnice\\\/#breadcrumb\",\"itemListElement\":[{\"@type\":\"ListItem\",\"position\":1,\"name\":\"\u00davod\",\"item\":\"https:\\\/\\\/www.walraven.com\\\/cz\\\/\"},{\"@type\":\"ListItem\",\"position\":2,\"name\":\"O spole\u010dnosti Walraven\",\"item\":\"https:\\\/\\\/www.walraven.com\\\/cz\\\/o-walraven\\\/\"},{\"@type\":\"ListItem\",\"position\":3,\"name\":\"Sta\u0148te se sou\u010d\u00e1st\u00ed mezin\u00e1rodn\u00ed spole\u010dnosti se srdcem\",\"item\":\"https:\\\/\\\/www.walraven.com\\\/cz\\\/o-walraven\\\/zamestnani-walraven\\\/\"},{\"@type\":\"ListItem\",\"position\":4,\"name\":\"Se\u0159izova\u010d (Borovnice u Star\u00e9 Paky)\"}]},{\"@type\":\"WebSite\",\"@id\":\"https:\\\/\\\/www.walraven.com\\\/cz\\\/#website\",\"url\":\"https:\\\/\\\/www.walraven.com\\\/cz\\\/\",\"name\":\"Walraven \u010cesk\u00e1 republika\",\"description\":\"\",\"publisher\":{\"@id\":\"https:\\\/\\\/www.walraven.com\\\/cz\\\/#organization\"},\"potentialAction\":[{\"@type\":\"SearchAction\",\"target\":{\"@type\":\"EntryPoint\",\"urlTemplate\":\"https:\\\/\\\/www.walraven.com\\\/cz\\\/?s={search_term_string}\"},\"query-input\":{\"@type\":\"PropertyValueSpecification\",\"valueRequired\":true,\"valueName\":\"search_term_string\"}}],\"inLanguage\":\"cs\"},{\"@type\":\"Organization\",\"@id\":\"https:\\\/\\\/www.walraven.com\\\/cz\\\/#organization\",\"name\":\"Walraven s.r.o.\",\"alternateName\":\"Walraven s.r.o.\",\"url\":\"https:\\\/\\\/www.walraven.com\\\/cz\\\/\",\"logo\":{\"@type\":\"ImageObject\",\"inLanguage\":\"cs\",\"@id\":\"https:\\\/\\\/www.walraven.com\\\/cz\\\/#\\\/schema\\\/logo\\\/image\\\/\",\"url\":\"https:\\\/\\\/www.walraven.com\\\/cz\\\/wp-content\\\/uploads\\\/sites\\\/7\\\/2023\\\/12\\\/Walraven_logo300x300.jpg\",\"contentUrl\":\"https:\\\/\\\/www.walraven.com\\\/cz\\\/wp-content\\\/uploads\\\/sites\\\/7\\\/2023\\\/12\\\/Walraven_logo300x300.jpg\",\"width\":300,\"height\":300,\"caption\":\"Walraven s.r.o.\"},\"image\":{\"@id\":\"https:\\\/\\\/www.walraven.com\\\/cz\\\/#\\\/schema\\\/logo\\\/image\\\/\"},\"sameAs\":[\"https:\\\/\\\/www.facebook.com\\\/walravenczech\\\/\",\"https:\\\/\\\/www.youtube.com\\\/channel\\\/UCKd440wCqHhmKODY1YrLToA\",\"https:\\\/\\\/www.linkedin.com\\\/company\\\/walravencz\",\"https:\\\/\\\/www.instagram.com\\\/walravencz\\\/\"]}]}<\/script>\n<!-- \/ Yoast SEO Premium plugin. -->","yoast_head_json":{"title":"Se\u0159izova\u010d (Borovnice u Star\u00e9 Paky) - Walraven \u010cesk\u00e1 republika","robots":{"index":"index","follow":"follow","max-snippet":"max-snippet:-1","max-image-preview":"max-image-preview:large","max-video-preview":"max-video-preview:-1"},"canonical":"https:\/\/www.walraven.com\/cz\/o-walraven\/zamestnani-walraven\/serizovac-cista-borovnice\/","og_locale":"cs_CZ","og_type":"article","og_title":"Se\u0159izova\u010d (Borovnice u Star\u00e9 Paky)","og_description":"&nbsp; Jste technicky zdatn\u00ed a m\u00e1te r\u00e1di precizn\u00ed pr\u00e1ci? Sta\u0148te se sou\u010d\u00e1st\u00ed t\u00fdmu a pomozte n\u00e1m st\u00e1t se celosv\u011btov\u011b preferovan\u00fdm partnerem na trhu s\u00a0instala\u010dn\u00edmi syst\u00e9my! Co V\u00e1s \u010dek\u00e1? P\u0159\u00edprava, se\u0159izov\u00e1n\u00ed a \u010d\u00e1ste\u010dn\u00e1 \u00fadr\u017eba mont\u00e1\u017en\u00edch stroj\u016f Kontrola v\u00fdsledn\u00e9 pr\u00e1ce s\u00a0v\u00fdrobn\u00ed dokumentac\u00ed a v\u00a0souladu s\u00a0technologick\u00fdm postupem Co bude v\u00fdsledkem Va\u0161\u00ed pr\u00e1ce? Dob\u0159e se\u0159\u00edzen\u00fd a nastaven\u00fd stroj Spokojen\u00fd [&hellip;]","og_url":"https:\/\/www.walraven.com\/cz\/o-walraven\/zamestnani-walraven\/serizovac-cista-borovnice\/","og_site_name":"Walraven \u010cesk\u00e1 republika","article_publisher":"https:\/\/www.facebook.com\/walravenczech\/","article_modified_time":"2022-08-09T17:57:04+00:00","twitter_card":"summary_large_image","twitter_misc":{"Odhadovan\u00e1 doba \u010dten\u00ed":"1 minuta"},"schema":{"@context":"https:\/\/schema.org","@graph":[{"@type":"WebPage","@id":"https:\/\/www.walraven.com\/cz\/o-walraven\/zamestnani-walraven\/serizovac-cista-borovnice\/","url":"https:\/\/www.walraven.com\/cz\/o-walraven\/zamestnani-walraven\/serizovac-cista-borovnice\/","name":"Se\u0159izova\u010d (Borovnice u Star\u00e9 Paky) - Walraven \u010cesk\u00e1 republika","isPartOf":{"@id":"https:\/\/www.walraven.com\/cz\/#website"},"datePublished":"2022-05-23T17:29:26+00:00","dateModified":"2022-08-09T17:57:04+00:00","breadcrumb":{"@id":"https:\/\/www.walraven.com\/cz\/o-walraven\/zamestnani-walraven\/serizovac-cista-borovnice\/#breadcrumb"},"inLanguage":"cs","potentialAction":[{"@type":"ReadAction","target":["https:\/\/www.walraven.com\/cz\/o-walraven\/zamestnani-walraven\/serizovac-cista-borovnice\/"]}]},{"@type":"BreadcrumbList","@id":"https:\/\/www.walraven.com\/cz\/o-walraven\/zamestnani-walraven\/serizovac-cista-borovnice\/#breadcrumb","itemListElement":[{"@type":"ListItem","position":1,"name":"\u00davod","item":"https:\/\/www.walraven.com\/cz\/"},{"@type":"ListItem","position":2,"name":"O spole\u010dnosti Walraven","item":"https:\/\/www.walraven.com\/cz\/o-walraven\/"},{"@type":"ListItem","position":3,"name":"Sta\u0148te se sou\u010d\u00e1st\u00ed mezin\u00e1rodn\u00ed spole\u010dnosti se srdcem","item":"https:\/\/www.walraven.com\/cz\/o-walraven\/zamestnani-walraven\/"},{"@type":"ListItem","position":4,"name":"Se\u0159izova\u010d (Borovnice u Star\u00e9 Paky)"}]},{"@type":"WebSite","@id":"https:\/\/www.walraven.com\/cz\/#website","url":"https:\/\/www.walraven.com\/cz\/","name":"Walraven \u010cesk\u00e1 republika","description":"","publisher":{"@id":"https:\/\/www.walraven.com\/cz\/#organization"},"potentialAction":[{"@type":"SearchAction","target":{"@type":"EntryPoint","urlTemplate":"https:\/\/www.walraven.com\/cz\/?s={search_term_string}"},"query-input":{"@type":"PropertyValueSpecification","valueRequired":true,"valueName":"search_term_string"}}],"inLanguage":"cs"},{"@type":"Organization","@id":"https:\/\/www.walraven.com\/cz\/#organization","name":"Walraven s.r.o.","alternateName":"Walraven s.r.o.","url":"https:\/\/www.walraven.com\/cz\/","logo":{"@type":"ImageObject","inLanguage":"cs","@id":"https:\/\/www.walraven.com\/cz\/#\/schema\/logo\/image\/","url":"https:\/\/www.walraven.com\/cz\/wp-content\/uploads\/sites\/7\/2023\/12\/Walraven_logo300x300.jpg","contentUrl":"https:\/\/www.walraven.com\/cz\/wp-content\/uploads\/sites\/7\/2023\/12\/Walraven_logo300x300.jpg","width":300,"height":300,"caption":"Walraven s.r.o."},"image":{"@id":"https:\/\/www.walraven.com\/cz\/#\/schema\/logo\/image\/"},"sameAs":["https:\/\/www.facebook.com\/walravenczech\/","https:\/\/www.youtube.com\/channel\/UCKd440wCqHhmKODY1YrLToA","https:\/\/www.linkedin.com\/company\/walravencz","https:\/\/www.instagram.com\/walravencz\/"]}]}},"_links":{"self":[{"href":"https:\/\/www.walraven.com\/cz\/wp-json\/wp\/v2\/pages\/54529","targetHints":{"allow":["GET"]}}],"collection":[{"href":"https:\/\/www.walraven.com\/cz\/wp-json\/wp\/v2\/pages"}],"about":[{"href":"https:\/\/www.walraven.com\/cz\/wp-json\/wp\/v2\/types\/page"}],"author":[{"embeddable":true,"href":"https:\/\/www.walraven.com\/cz\/wp-json\/wp\/v2\/users\/34"}],"replies":[{"embeddable":true,"href":"https:\/\/www.walraven.com\/cz\/wp-json\/wp\/v2\/comments?post=54529"}],"version-history":[{"count":5,"href":"https:\/\/www.walraven.com\/cz\/wp-json\/wp\/v2\/pages\/54529\/revisions"}],"predecessor-version":[{"id":54669,"href":"https:\/\/www.walraven.com\/cz\/wp-json\/wp\/v2\/pages\/54529\/revisions\/54669"}],"up":[{"embeddable":true,"href":"https:\/\/www.walraven.com\/cz\/wp-json\/wp\/v2\/pages\/50714"}],"wp:attachment":[{"href":"https:\/\/www.walraven.com\/cz\/wp-json\/wp\/v2\/media?parent=54529"}],"curies":[{"name":"wp","href":"https:\/\/api.w.org\/{rel}","templated":true}]}}