{"id":54859,"date":"2022-06-16T14:48:57","date_gmt":"2022-06-16T12:48:57","guid":{"rendered":"https:\/\/www.walraven.com\/int\/?page_id=58113"},"modified":"2023-12-06T10:26:06","modified_gmt":"2023-12-06T09:26:06","slug":"novy-rozsireny-system-pasivni-pozarni-ochrany","status":"publish","type":"page","link":"https:\/\/www.walraven.com\/cz\/novy-rozsireny-system-pasivni-pozarni-ochrany\/","title":{"rendered":"Nov\u00fd a roz\u0161\u00ed\u0159en\u00fd syst\u00e9m pasivn\u00ed po\u017e\u00e1rn\u00ed ochrany"},"content":{"rendered":"","protected":false},"excerpt":{"rendered":"","protected":false},"author":62,"featured_media":54870,"parent":0,"menu_order":0,"comment_status":"closed","ping_status":"closed","template":"page-templates\/tpl-landingspage.php","meta":{"_acf_changed":false,"footnotes":""},"class_list":["post-54859","page","type-page","status-publish","has-post-thumbnail","hentry"],"acf":[],"yoast_head":"<!-- This site is optimized with the Yoast SEO Premium plugin v27.3 (Yoast SEO v27.3) - https:\/\/yoast.com\/product\/yoast-seo-premium-wordpress\/ -->\n<title>Nov\u00fd a roz\u0161\u00ed\u0159en\u00fd syst\u00e9m pasivn\u00ed po\u017e\u00e1rn\u00ed ochrany - Walraven \u010cesk\u00e1 republika<\/title>\n<meta name=\"description\" content=\"Syst\u00e9m pasivn\u00ed po\u017e\u00e1rn\u00ed ochrany Walraven lze pou\u017e\u00edt v mnoha situac\u00edch. Objevte na\u0161i \u0159adu Pacifyre\u00ae proptipo\u017e\u00e1rn\u00edch ucp\u00e1vek.\" \/>\n<meta name=\"robots\" content=\"index, follow, max-snippet:-1, max-image-preview:large, max-video-preview:-1\" \/>\n<link rel=\"canonical\" href=\"https:\/\/www.walraven.com\/cz\/novy-rozsireny-system-pasivni-pozarni-ochrany\/\" \/>\n<meta property=\"og:locale\" content=\"cs_CZ\" \/>\n<meta property=\"og:type\" content=\"article\" \/>\n<meta property=\"og:title\" content=\"Nov\u00fd a roz\u0161\u00ed\u0159en\u00fd syst\u00e9m pasivn\u00ed po\u017e\u00e1rn\u00ed ochrany\" \/>\n<meta property=\"og:description\" content=\"Syst\u00e9m pasivn\u00ed po\u017e\u00e1rn\u00ed ochrany Walraven lze pou\u017e\u00edt v mnoha situac\u00edch. Objevte na\u0161i \u0159adu Pacifyre\u00ae proptipo\u017e\u00e1rn\u00edch ucp\u00e1vek.\" \/>\n<meta property=\"og:url\" content=\"https:\/\/www.walraven.com\/cz\/novy-rozsireny-system-pasivni-pozarni-ochrany\/\" \/>\n<meta property=\"og:site_name\" content=\"Walraven \u010cesk\u00e1 republika\" \/>\n<meta property=\"article:publisher\" content=\"https:\/\/www.facebook.com\/walravenczech\/\" \/>\n<meta property=\"article:modified_time\" content=\"2023-12-06T09:26:06+00:00\" \/>\n<meta property=\"og:image\" content=\"https:\/\/www.walraven.com\/cz\/wp-content\/uploads\/sites\/7\/2022\/06\/Intro_picture_-1024x683.png\" \/>\n\t<meta property=\"og:image:width\" content=\"1024\" \/>\n\t<meta property=\"og:image:height\" content=\"683\" \/>\n\t<meta property=\"og:image:type\" content=\"image\/png\" \/>\n<meta name=\"twitter:card\" content=\"summary_large_image\" \/>\n<script type=\"application\/ld+json\" class=\"yoast-schema-graph\">{\"@context\":\"https:\\\/\\\/schema.org\",\"@graph\":[{\"@type\":\"WebPage\",\"@id\":\"https:\\\/\\\/www.walraven.com\\\/cz\\\/novy-rozsireny-system-pasivni-pozarni-ochrany\\\/\",\"url\":\"https:\\\/\\\/www.walraven.com\\\/cz\\\/novy-rozsireny-system-pasivni-pozarni-ochrany\\\/\",\"name\":\"Nov\u00fd a roz\u0161\u00ed\u0159en\u00fd syst\u00e9m pasivn\u00ed po\u017e\u00e1rn\u00ed ochrany - Walraven \u010cesk\u00e1 republika\",\"isPartOf\":{\"@id\":\"https:\\\/\\\/www.walraven.com\\\/cz\\\/#website\"},\"primaryImageOfPage\":{\"@id\":\"https:\\\/\\\/www.walraven.com\\\/cz\\\/novy-rozsireny-system-pasivni-pozarni-ochrany\\\/#primaryimage\"},\"image\":{\"@id\":\"https:\\\/\\\/www.walraven.com\\\/cz\\\/novy-rozsireny-system-pasivni-pozarni-ochrany\\\/#primaryimage\"},\"thumbnailUrl\":\"https:\\\/\\\/www.walraven.com\\\/cz\\\/wp-content\\\/uploads\\\/sites\\\/7\\\/2022\\\/06\\\/Intro_picture_.png\",\"datePublished\":\"2022-06-16T12:48:57+00:00\",\"dateModified\":\"2023-12-06T09:26:06+00:00\",\"description\":\"Syst\u00e9m pasivn\u00ed po\u017e\u00e1rn\u00ed ochrany Walraven lze pou\u017e\u00edt v mnoha situac\u00edch. Objevte na\u0161i \u0159adu Pacifyre\u00ae proptipo\u017e\u00e1rn\u00edch ucp\u00e1vek.\",\"breadcrumb\":{\"@id\":\"https:\\\/\\\/www.walraven.com\\\/cz\\\/novy-rozsireny-system-pasivni-pozarni-ochrany\\\/#breadcrumb\"},\"inLanguage\":\"cs\",\"potentialAction\":[{\"@type\":\"ReadAction\",\"target\":[\"https:\\\/\\\/www.walraven.com\\\/cz\\\/novy-rozsireny-system-pasivni-pozarni-ochrany\\\/\"]}]},{\"@type\":\"ImageObject\",\"inLanguage\":\"cs\",\"@id\":\"https:\\\/\\\/www.walraven.com\\\/cz\\\/novy-rozsireny-system-pasivni-pozarni-ochrany\\\/#primaryimage\",\"url\":\"https:\\\/\\\/www.walraven.com\\\/cz\\\/wp-content\\\/uploads\\\/sites\\\/7\\\/2022\\\/06\\\/Intro_picture_.png\",\"contentUrl\":\"https:\\\/\\\/www.walraven.com\\\/cz\\\/wp-content\\\/uploads\\\/sites\\\/7\\\/2022\\\/06\\\/Intro_picture_.png\",\"width\":1875,\"height\":1250},{\"@type\":\"BreadcrumbList\",\"@id\":\"https:\\\/\\\/www.walraven.com\\\/cz\\\/novy-rozsireny-system-pasivni-pozarni-ochrany\\\/#breadcrumb\",\"itemListElement\":[{\"@type\":\"ListItem\",\"position\":1,\"name\":\"\u00davod\",\"item\":\"https:\\\/\\\/www.walraven.com\\\/cz\\\/\"},{\"@type\":\"ListItem\",\"position\":2,\"name\":\"Nov\u00fd a roz\u0161\u00ed\u0159en\u00fd syst\u00e9m pasivn\u00ed po\u017e\u00e1rn\u00ed ochrany\"}]},{\"@type\":\"WebSite\",\"@id\":\"https:\\\/\\\/www.walraven.com\\\/cz\\\/#website\",\"url\":\"https:\\\/\\\/www.walraven.com\\\/cz\\\/\",\"name\":\"Walraven \u010cesk\u00e1 republika\",\"description\":\"\",\"publisher\":{\"@id\":\"https:\\\/\\\/www.walraven.com\\\/cz\\\/#organization\"},\"potentialAction\":[{\"@type\":\"SearchAction\",\"target\":{\"@type\":\"EntryPoint\",\"urlTemplate\":\"https:\\\/\\\/www.walraven.com\\\/cz\\\/?s={search_term_string}\"},\"query-input\":{\"@type\":\"PropertyValueSpecification\",\"valueRequired\":true,\"valueName\":\"search_term_string\"}}],\"inLanguage\":\"cs\"},{\"@type\":\"Organization\",\"@id\":\"https:\\\/\\\/www.walraven.com\\\/cz\\\/#organization\",\"name\":\"Walraven s.r.o.\",\"alternateName\":\"Walraven s.r.o.\",\"url\":\"https:\\\/\\\/www.walraven.com\\\/cz\\\/\",\"logo\":{\"@type\":\"ImageObject\",\"inLanguage\":\"cs\",\"@id\":\"https:\\\/\\\/www.walraven.com\\\/cz\\\/#\\\/schema\\\/logo\\\/image\\\/\",\"url\":\"https:\\\/\\\/www.walraven.com\\\/cz\\\/wp-content\\\/uploads\\\/sites\\\/7\\\/2023\\\/12\\\/Walraven_logo300x300.jpg\",\"contentUrl\":\"https:\\\/\\\/www.walraven.com\\\/cz\\\/wp-content\\\/uploads\\\/sites\\\/7\\\/2023\\\/12\\\/Walraven_logo300x300.jpg\",\"width\":300,\"height\":300,\"caption\":\"Walraven s.r.o.\"},\"image\":{\"@id\":\"https:\\\/\\\/www.walraven.com\\\/cz\\\/#\\\/schema\\\/logo\\\/image\\\/\"},\"sameAs\":[\"https:\\\/\\\/www.facebook.com\\\/walravenczech\\\/\",\"https:\\\/\\\/www.youtube.com\\\/channel\\\/UCKd440wCqHhmKODY1YrLToA\",\"https:\\\/\\\/www.linkedin.com\\\/company\\\/walravencz\",\"https:\\\/\\\/www.instagram.com\\\/walravencz\\\/\"]}]}<\/script>\n<!-- \/ Yoast SEO Premium plugin. -->","yoast_head_json":{"title":"Nov\u00fd a roz\u0161\u00ed\u0159en\u00fd syst\u00e9m pasivn\u00ed po\u017e\u00e1rn\u00ed ochrany - Walraven \u010cesk\u00e1 republika","description":"Syst\u00e9m pasivn\u00ed po\u017e\u00e1rn\u00ed ochrany Walraven lze pou\u017e\u00edt v mnoha situac\u00edch. Objevte na\u0161i \u0159adu Pacifyre\u00ae proptipo\u017e\u00e1rn\u00edch ucp\u00e1vek.","robots":{"index":"index","follow":"follow","max-snippet":"max-snippet:-1","max-image-preview":"max-image-preview:large","max-video-preview":"max-video-preview:-1"},"canonical":"https:\/\/www.walraven.com\/cz\/novy-rozsireny-system-pasivni-pozarni-ochrany\/","og_locale":"cs_CZ","og_type":"article","og_title":"Nov\u00fd a roz\u0161\u00ed\u0159en\u00fd syst\u00e9m pasivn\u00ed po\u017e\u00e1rn\u00ed ochrany","og_description":"Syst\u00e9m pasivn\u00ed po\u017e\u00e1rn\u00ed ochrany Walraven lze pou\u017e\u00edt v mnoha situac\u00edch. Objevte na\u0161i \u0159adu Pacifyre\u00ae proptipo\u017e\u00e1rn\u00edch ucp\u00e1vek.","og_url":"https:\/\/www.walraven.com\/cz\/novy-rozsireny-system-pasivni-pozarni-ochrany\/","og_site_name":"Walraven \u010cesk\u00e1 republika","article_publisher":"https:\/\/www.facebook.com\/walravenczech\/","article_modified_time":"2023-12-06T09:26:06+00:00","og_image":[{"width":1024,"height":683,"url":"https:\/\/www.walraven.com\/cz\/wp-content\/uploads\/sites\/7\/2022\/06\/Intro_picture_-1024x683.png","type":"image\/png"}],"twitter_card":"summary_large_image","schema":{"@context":"https:\/\/schema.org","@graph":[{"@type":"WebPage","@id":"https:\/\/www.walraven.com\/cz\/novy-rozsireny-system-pasivni-pozarni-ochrany\/","url":"https:\/\/www.walraven.com\/cz\/novy-rozsireny-system-pasivni-pozarni-ochrany\/","name":"Nov\u00fd a roz\u0161\u00ed\u0159en\u00fd syst\u00e9m pasivn\u00ed po\u017e\u00e1rn\u00ed ochrany - Walraven \u010cesk\u00e1 republika","isPartOf":{"@id":"https:\/\/www.walraven.com\/cz\/#website"},"primaryImageOfPage":{"@id":"https:\/\/www.walraven.com\/cz\/novy-rozsireny-system-pasivni-pozarni-ochrany\/#primaryimage"},"image":{"@id":"https:\/\/www.walraven.com\/cz\/novy-rozsireny-system-pasivni-pozarni-ochrany\/#primaryimage"},"thumbnailUrl":"https:\/\/www.walraven.com\/cz\/wp-content\/uploads\/sites\/7\/2022\/06\/Intro_picture_.png","datePublished":"2022-06-16T12:48:57+00:00","dateModified":"2023-12-06T09:26:06+00:00","description":"Syst\u00e9m pasivn\u00ed po\u017e\u00e1rn\u00ed ochrany Walraven lze pou\u017e\u00edt v mnoha situac\u00edch. Objevte na\u0161i \u0159adu Pacifyre\u00ae proptipo\u017e\u00e1rn\u00edch ucp\u00e1vek.","breadcrumb":{"@id":"https:\/\/www.walraven.com\/cz\/novy-rozsireny-system-pasivni-pozarni-ochrany\/#breadcrumb"},"inLanguage":"cs","potentialAction":[{"@type":"ReadAction","target":["https:\/\/www.walraven.com\/cz\/novy-rozsireny-system-pasivni-pozarni-ochrany\/"]}]},{"@type":"ImageObject","inLanguage":"cs","@id":"https:\/\/www.walraven.com\/cz\/novy-rozsireny-system-pasivni-pozarni-ochrany\/#primaryimage","url":"https:\/\/www.walraven.com\/cz\/wp-content\/uploads\/sites\/7\/2022\/06\/Intro_picture_.png","contentUrl":"https:\/\/www.walraven.com\/cz\/wp-content\/uploads\/sites\/7\/2022\/06\/Intro_picture_.png","width":1875,"height":1250},{"@type":"BreadcrumbList","@id":"https:\/\/www.walraven.com\/cz\/novy-rozsireny-system-pasivni-pozarni-ochrany\/#breadcrumb","itemListElement":[{"@type":"ListItem","position":1,"name":"\u00davod","item":"https:\/\/www.walraven.com\/cz\/"},{"@type":"ListItem","position":2,"name":"Nov\u00fd a roz\u0161\u00ed\u0159en\u00fd syst\u00e9m pasivn\u00ed po\u017e\u00e1rn\u00ed ochrany"}]},{"@type":"WebSite","@id":"https:\/\/www.walraven.com\/cz\/#website","url":"https:\/\/www.walraven.com\/cz\/","name":"Walraven \u010cesk\u00e1 republika","description":"","publisher":{"@id":"https:\/\/www.walraven.com\/cz\/#organization"},"potentialAction":[{"@type":"SearchAction","target":{"@type":"EntryPoint","urlTemplate":"https:\/\/www.walraven.com\/cz\/?s={search_term_string}"},"query-input":{"@type":"PropertyValueSpecification","valueRequired":true,"valueName":"search_term_string"}}],"inLanguage":"cs"},{"@type":"Organization","@id":"https:\/\/www.walraven.com\/cz\/#organization","name":"Walraven s.r.o.","alternateName":"Walraven s.r.o.","url":"https:\/\/www.walraven.com\/cz\/","logo":{"@type":"ImageObject","inLanguage":"cs","@id":"https:\/\/www.walraven.com\/cz\/#\/schema\/logo\/image\/","url":"https:\/\/www.walraven.com\/cz\/wp-content\/uploads\/sites\/7\/2023\/12\/Walraven_logo300x300.jpg","contentUrl":"https:\/\/www.walraven.com\/cz\/wp-content\/uploads\/sites\/7\/2023\/12\/Walraven_logo300x300.jpg","width":300,"height":300,"caption":"Walraven s.r.o."},"image":{"@id":"https:\/\/www.walraven.com\/cz\/#\/schema\/logo\/image\/"},"sameAs":["https:\/\/www.facebook.com\/walravenczech\/","https:\/\/www.youtube.com\/channel\/UCKd440wCqHhmKODY1YrLToA","https:\/\/www.linkedin.com\/company\/walravencz","https:\/\/www.instagram.com\/walravencz\/"]}]}},"_links":{"self":[{"href":"https:\/\/www.walraven.com\/cz\/wp-json\/wp\/v2\/pages\/54859","targetHints":{"allow":["GET"]}}],"collection":[{"href":"https:\/\/www.walraven.com\/cz\/wp-json\/wp\/v2\/pages"}],"about":[{"href":"https:\/\/www.walraven.com\/cz\/wp-json\/wp\/v2\/types\/page"}],"author":[{"embeddable":true,"href":"https:\/\/www.walraven.com\/cz\/wp-json\/wp\/v2\/users\/62"}],"replies":[{"embeddable":true,"href":"https:\/\/www.walraven.com\/cz\/wp-json\/wp\/v2\/comments?post=54859"}],"version-history":[{"count":6,"href":"https:\/\/www.walraven.com\/cz\/wp-json\/wp\/v2\/pages\/54859\/revisions"}],"predecessor-version":[{"id":56277,"href":"https:\/\/www.walraven.com\/cz\/wp-json\/wp\/v2\/pages\/54859\/revisions\/56277"}],"wp:featuredmedia":[{"embeddable":true,"href":"https:\/\/www.walraven.com\/cz\/wp-json\/wp\/v2\/media\/54870"}],"wp:attachment":[{"href":"https:\/\/www.walraven.com\/cz\/wp-json\/wp\/v2\/media?parent=54859"}],"curies":[{"name":"wp","href":"https:\/\/api.w.org\/{rel}","templated":true}]}}