{"id":60364,"date":"2025-08-04T11:10:52","date_gmt":"2025-08-04T09:10:52","guid":{"rendered":"https:\/\/www.walraven.com\/cz\/?page_id=60364"},"modified":"2025-08-04T11:10:52","modified_gmt":"2025-08-04T09:10:52","slug":"katalog-walraven-2024-tisk","status":"publish","type":"page","link":"https:\/\/www.walraven.com\/cz\/kontakt\/katalog-walraven-2024-tisk\/","title":{"rendered":"Katalog Walraven 2024 tisk"},"content":{"rendered":"<p><img loading=\"lazy\" decoding=\"async\" class=\"size-medium wp-image-54408 alignright\" src=\"https:\/\/www.walraven.com\/wp-content\/uploads\/sites\/7\/2022\/03\/Obalka-katalog-2022-190x300.png\" alt=\"Katalog Walraven\" width=\"190\" height=\"300\" srcset=\"https:\/\/www.walraven.com\/cz\/wp-content\/uploads\/sites\/7\/2022\/03\/Obalka-katalog-2022-190x300.png 190w, https:\/\/www.walraven.com\/cz\/wp-content\/uploads\/sites\/7\/2022\/03\/Obalka-katalog-2022-193x305.png 193w, https:\/\/www.walraven.com\/cz\/wp-content\/uploads\/sites\/7\/2022\/03\/Obalka-katalog-2022-241x381.png 241w, https:\/\/www.walraven.com\/cz\/wp-content\/uploads\/sites\/7\/2022\/03\/Obalka-katalog-2022.png 589w\" sizes=\"auto, (max-width: 190px) 100vw, 190px\" \/><div class=\"ms-form\"><div\r\n        data-form-id='ccab71e4-0e71-f011-b4cc-000d3a2335a6'\r\n        data-form-api-url='https:\/\/public-eur.mkt.dynamics.com\/api\/v1.0\/orgs\/2cd7df8f-f10a-4dbf-abd6-99a66c64630a\/landingpageforms'\r\n        data-cached-form-url='https:\/\/assets1-eur.mkt.dynamics.com\/2cd7df8f-f10a-4dbf-abd6-99a66c64630a\/digitalassets\/forms\/ccab71e4-0e71-f011-b4cc-000d3a2335a6' ><\/div>\r\n        <script src = 'https:\/\/cxppusa1formui01cdnsa01-endpoint.azureedge.net\/eur\/FormLoader\/FormLoader.bundle.js' ><\/script><\/div><\/p>\n","protected":false},"excerpt":{"rendered":"","protected":false},"author":43,"featured_media":52004,"parent":69,"menu_order":0,"comment_status":"closed","ping_status":"closed","template":"","meta":{"_acf_changed":false,"footnotes":""},"class_list":["post-60364","page","type-page","status-publish","has-post-thumbnail","hentry"],"acf":[],"yoast_head":"<!-- This site is optimized with the Yoast SEO Premium plugin v27.3 (Yoast SEO v27.3) - https:\/\/yoast.com\/product\/yoast-seo-premium-wordpress\/ -->\n<title>Katalog Walraven 2024 tisk - Walraven \u010cesk\u00e1 republika<\/title>\n<meta name=\"description\" content=\"Vy\u017e\u00e1dejte si na\u0161e katalogy a prohl\u00e9dn\u011bte si cel\u00fd sortiment. \u2705 Britclips\u00ae katalog \u2705 Gener\u00e1ln\u00ed katalog \u2705 Kotvy pro vysok\u00e9 zat\u00ed\u017een\u00ed \u2705 Protipo\u017e\u00e1rn\u00ed ucp\u00e1vky\" \/>\n<meta name=\"robots\" content=\"index, follow, max-snippet:-1, max-image-preview:large, max-video-preview:-1\" \/>\n<link rel=\"canonical\" href=\"https:\/\/www.walraven.com\/cz\/kontakt\/katalog-walraven-2024-tisk\/\" \/>\n<meta property=\"og:locale\" content=\"cs_CZ\" \/>\n<meta property=\"og:type\" content=\"article\" \/>\n<meta property=\"og:title\" content=\"Katalog Walraven 2024 tisk\" \/>\n<meta property=\"og:description\" content=\"Vy\u017e\u00e1dejte si na\u0161e katalogy a prohl\u00e9dn\u011bte si cel\u00fd sortiment. \u2705 Britclips\u00ae katalog \u2705 Gener\u00e1ln\u00ed katalog \u2705 Kotvy pro vysok\u00e9 zat\u00ed\u017een\u00ed \u2705 Protipo\u017e\u00e1rn\u00ed ucp\u00e1vky\" \/>\n<meta property=\"og:url\" content=\"https:\/\/www.walraven.com\/cz\/kontakt\/katalog-walraven-2024-tisk\/\" \/>\n<meta property=\"og:site_name\" content=\"Walraven \u010cesk\u00e1 republika\" \/>\n<meta property=\"article:publisher\" content=\"https:\/\/www.facebook.com\/walravenczech\/\" \/>\n<meta property=\"og:image\" content=\"https:\/\/www.walraven.com\/cz\/wp-content\/uploads\/sites\/7\/2016\/10\/nquyrynf2hgrytl2co9xdjdh0bdo8n-GMQ2mw.jpg\" \/>\n\t<meta property=\"og:image:width\" content=\"200\" \/>\n\t<meta property=\"og:image:height\" content=\"200\" \/>\n\t<meta property=\"og:image:type\" content=\"image\/jpeg\" \/>\n<meta name=\"twitter:card\" content=\"summary_large_image\" \/>\n<meta name=\"twitter:label1\" content=\"Odhadovan\u00e1 doba \u010dten\u00ed\" \/>\n\t<meta name=\"twitter:data1\" content=\"1 minuta\" \/>\n<script type=\"application\/ld+json\" class=\"yoast-schema-graph\">{\"@context\":\"https:\\\/\\\/schema.org\",\"@graph\":[{\"@type\":\"WebPage\",\"@id\":\"https:\\\/\\\/www.walraven.com\\\/cz\\\/kontakt\\\/katalog-walraven-2024-tisk\\\/\",\"url\":\"https:\\\/\\\/www.walraven.com\\\/cz\\\/kontakt\\\/katalog-walraven-2024-tisk\\\/\",\"name\":\"Katalog Walraven 2024 tisk - Walraven \u010cesk\u00e1 republika\",\"isPartOf\":{\"@id\":\"https:\\\/\\\/www.walraven.com\\\/cz\\\/#website\"},\"primaryImageOfPage\":{\"@id\":\"https:\\\/\\\/www.walraven.com\\\/cz\\\/kontakt\\\/katalog-walraven-2024-tisk\\\/#primaryimage\"},\"image\":{\"@id\":\"https:\\\/\\\/www.walraven.com\\\/cz\\\/kontakt\\\/katalog-walraven-2024-tisk\\\/#primaryimage\"},\"thumbnailUrl\":\"https:\\\/\\\/www.walraven.com\\\/cz\\\/wp-content\\\/uploads\\\/sites\\\/7\\\/2016\\\/10\\\/nquyrynf2hgrytl2co9xdjdh0bdo8n-GMQ2mw.jpg\",\"datePublished\":\"2025-08-04T09:10:52+00:00\",\"description\":\"Vy\u017e\u00e1dejte si na\u0161e katalogy a prohl\u00e9dn\u011bte si cel\u00fd sortiment. \u2705 Britclips\u00ae katalog \u2705 Gener\u00e1ln\u00ed katalog \u2705 Kotvy pro vysok\u00e9 zat\u00ed\u017een\u00ed \u2705 Protipo\u017e\u00e1rn\u00ed ucp\u00e1vky\",\"breadcrumb\":{\"@id\":\"https:\\\/\\\/www.walraven.com\\\/cz\\\/kontakt\\\/katalog-walraven-2024-tisk\\\/#breadcrumb\"},\"inLanguage\":\"cs\",\"potentialAction\":[{\"@type\":\"ReadAction\",\"target\":[\"https:\\\/\\\/www.walraven.com\\\/cz\\\/kontakt\\\/katalog-walraven-2024-tisk\\\/\"]}]},{\"@type\":\"ImageObject\",\"inLanguage\":\"cs\",\"@id\":\"https:\\\/\\\/www.walraven.com\\\/cz\\\/kontakt\\\/katalog-walraven-2024-tisk\\\/#primaryimage\",\"url\":\"https:\\\/\\\/www.walraven.com\\\/cz\\\/wp-content\\\/uploads\\\/sites\\\/7\\\/2016\\\/10\\\/nquyrynf2hgrytl2co9xdjdh0bdo8n-GMQ2mw.jpg\",\"contentUrl\":\"https:\\\/\\\/www.walraven.com\\\/cz\\\/wp-content\\\/uploads\\\/sites\\\/7\\\/2016\\\/10\\\/nquyrynf2hgrytl2co9xdjdh0bdo8n-GMQ2mw.jpg\",\"width\":200,\"height\":200},{\"@type\":\"BreadcrumbList\",\"@id\":\"https:\\\/\\\/www.walraven.com\\\/cz\\\/kontakt\\\/katalog-walraven-2024-tisk\\\/#breadcrumb\",\"itemListElement\":[{\"@type\":\"ListItem\",\"position\":1,\"name\":\"\u00davod\",\"item\":\"https:\\\/\\\/www.walraven.com\\\/cz\\\/\"},{\"@type\":\"ListItem\",\"position\":2,\"name\":\"Kontakt\",\"item\":\"https:\\\/\\\/www.walraven.com\\\/cz\\\/kontakt\\\/\"},{\"@type\":\"ListItem\",\"position\":3,\"name\":\"Katalog Walraven 2024 tisk\"}]},{\"@type\":\"WebSite\",\"@id\":\"https:\\\/\\\/www.walraven.com\\\/cz\\\/#website\",\"url\":\"https:\\\/\\\/www.walraven.com\\\/cz\\\/\",\"name\":\"Walraven \u010cesk\u00e1 republika\",\"description\":\"\",\"publisher\":{\"@id\":\"https:\\\/\\\/www.walraven.com\\\/cz\\\/#organization\"},\"potentialAction\":[{\"@type\":\"SearchAction\",\"target\":{\"@type\":\"EntryPoint\",\"urlTemplate\":\"https:\\\/\\\/www.walraven.com\\\/cz\\\/?s={search_term_string}\"},\"query-input\":{\"@type\":\"PropertyValueSpecification\",\"valueRequired\":true,\"valueName\":\"search_term_string\"}}],\"inLanguage\":\"cs\"},{\"@type\":\"Organization\",\"@id\":\"https:\\\/\\\/www.walraven.com\\\/cz\\\/#organization\",\"name\":\"Walraven s.r.o.\",\"alternateName\":\"Walraven s.r.o.\",\"url\":\"https:\\\/\\\/www.walraven.com\\\/cz\\\/\",\"logo\":{\"@type\":\"ImageObject\",\"inLanguage\":\"cs\",\"@id\":\"https:\\\/\\\/www.walraven.com\\\/cz\\\/#\\\/schema\\\/logo\\\/image\\\/\",\"url\":\"https:\\\/\\\/www.walraven.com\\\/cz\\\/wp-content\\\/uploads\\\/sites\\\/7\\\/2023\\\/12\\\/Walraven_logo300x300.jpg\",\"contentUrl\":\"https:\\\/\\\/www.walraven.com\\\/cz\\\/wp-content\\\/uploads\\\/sites\\\/7\\\/2023\\\/12\\\/Walraven_logo300x300.jpg\",\"width\":300,\"height\":300,\"caption\":\"Walraven s.r.o.\"},\"image\":{\"@id\":\"https:\\\/\\\/www.walraven.com\\\/cz\\\/#\\\/schema\\\/logo\\\/image\\\/\"},\"sameAs\":[\"https:\\\/\\\/www.facebook.com\\\/walravenczech\\\/\",\"https:\\\/\\\/www.youtube.com\\\/channel\\\/UCKd440wCqHhmKODY1YrLToA\",\"https:\\\/\\\/www.linkedin.com\\\/company\\\/walravencz\",\"https:\\\/\\\/www.instagram.com\\\/walravencz\\\/\"]}]}<\/script>\n<!-- \/ Yoast SEO Premium plugin. -->","yoast_head_json":{"title":"Katalog Walraven 2024 tisk - Walraven \u010cesk\u00e1 republika","description":"Vy\u017e\u00e1dejte si na\u0161e katalogy a prohl\u00e9dn\u011bte si cel\u00fd sortiment. \u2705 Britclips\u00ae katalog \u2705 Gener\u00e1ln\u00ed katalog \u2705 Kotvy pro vysok\u00e9 zat\u00ed\u017een\u00ed \u2705 Protipo\u017e\u00e1rn\u00ed ucp\u00e1vky","robots":{"index":"index","follow":"follow","max-snippet":"max-snippet:-1","max-image-preview":"max-image-preview:large","max-video-preview":"max-video-preview:-1"},"canonical":"https:\/\/www.walraven.com\/cz\/kontakt\/katalog-walraven-2024-tisk\/","og_locale":"cs_CZ","og_type":"article","og_title":"Katalog Walraven 2024 tisk","og_description":"Vy\u017e\u00e1dejte si na\u0161e katalogy a prohl\u00e9dn\u011bte si cel\u00fd sortiment. \u2705 Britclips\u00ae katalog \u2705 Gener\u00e1ln\u00ed katalog \u2705 Kotvy pro vysok\u00e9 zat\u00ed\u017een\u00ed \u2705 Protipo\u017e\u00e1rn\u00ed ucp\u00e1vky","og_url":"https:\/\/www.walraven.com\/cz\/kontakt\/katalog-walraven-2024-tisk\/","og_site_name":"Walraven \u010cesk\u00e1 republika","article_publisher":"https:\/\/www.facebook.com\/walravenczech\/","og_image":[{"width":200,"height":200,"url":"https:\/\/www.walraven.com\/cz\/wp-content\/uploads\/sites\/7\/2016\/10\/nquyrynf2hgrytl2co9xdjdh0bdo8n-GMQ2mw.jpg","type":"image\/jpeg"}],"twitter_card":"summary_large_image","twitter_misc":{"Odhadovan\u00e1 doba \u010dten\u00ed":"1 minuta"},"schema":{"@context":"https:\/\/schema.org","@graph":[{"@type":"WebPage","@id":"https:\/\/www.walraven.com\/cz\/kontakt\/katalog-walraven-2024-tisk\/","url":"https:\/\/www.walraven.com\/cz\/kontakt\/katalog-walraven-2024-tisk\/","name":"Katalog Walraven 2024 tisk - Walraven \u010cesk\u00e1 republika","isPartOf":{"@id":"https:\/\/www.walraven.com\/cz\/#website"},"primaryImageOfPage":{"@id":"https:\/\/www.walraven.com\/cz\/kontakt\/katalog-walraven-2024-tisk\/#primaryimage"},"image":{"@id":"https:\/\/www.walraven.com\/cz\/kontakt\/katalog-walraven-2024-tisk\/#primaryimage"},"thumbnailUrl":"https:\/\/www.walraven.com\/cz\/wp-content\/uploads\/sites\/7\/2016\/10\/nquyrynf2hgrytl2co9xdjdh0bdo8n-GMQ2mw.jpg","datePublished":"2025-08-04T09:10:52+00:00","description":"Vy\u017e\u00e1dejte si na\u0161e katalogy a prohl\u00e9dn\u011bte si cel\u00fd sortiment. \u2705 Britclips\u00ae katalog \u2705 Gener\u00e1ln\u00ed katalog \u2705 Kotvy pro vysok\u00e9 zat\u00ed\u017een\u00ed \u2705 Protipo\u017e\u00e1rn\u00ed ucp\u00e1vky","breadcrumb":{"@id":"https:\/\/www.walraven.com\/cz\/kontakt\/katalog-walraven-2024-tisk\/#breadcrumb"},"inLanguage":"cs","potentialAction":[{"@type":"ReadAction","target":["https:\/\/www.walraven.com\/cz\/kontakt\/katalog-walraven-2024-tisk\/"]}]},{"@type":"ImageObject","inLanguage":"cs","@id":"https:\/\/www.walraven.com\/cz\/kontakt\/katalog-walraven-2024-tisk\/#primaryimage","url":"https:\/\/www.walraven.com\/cz\/wp-content\/uploads\/sites\/7\/2016\/10\/nquyrynf2hgrytl2co9xdjdh0bdo8n-GMQ2mw.jpg","contentUrl":"https:\/\/www.walraven.com\/cz\/wp-content\/uploads\/sites\/7\/2016\/10\/nquyrynf2hgrytl2co9xdjdh0bdo8n-GMQ2mw.jpg","width":200,"height":200},{"@type":"BreadcrumbList","@id":"https:\/\/www.walraven.com\/cz\/kontakt\/katalog-walraven-2024-tisk\/#breadcrumb","itemListElement":[{"@type":"ListItem","position":1,"name":"\u00davod","item":"https:\/\/www.walraven.com\/cz\/"},{"@type":"ListItem","position":2,"name":"Kontakt","item":"https:\/\/www.walraven.com\/cz\/kontakt\/"},{"@type":"ListItem","position":3,"name":"Katalog Walraven 2024 tisk"}]},{"@type":"WebSite","@id":"https:\/\/www.walraven.com\/cz\/#website","url":"https:\/\/www.walraven.com\/cz\/","name":"Walraven \u010cesk\u00e1 republika","description":"","publisher":{"@id":"https:\/\/www.walraven.com\/cz\/#organization"},"potentialAction":[{"@type":"SearchAction","target":{"@type":"EntryPoint","urlTemplate":"https:\/\/www.walraven.com\/cz\/?s={search_term_string}"},"query-input":{"@type":"PropertyValueSpecification","valueRequired":true,"valueName":"search_term_string"}}],"inLanguage":"cs"},{"@type":"Organization","@id":"https:\/\/www.walraven.com\/cz\/#organization","name":"Walraven s.r.o.","alternateName":"Walraven s.r.o.","url":"https:\/\/www.walraven.com\/cz\/","logo":{"@type":"ImageObject","inLanguage":"cs","@id":"https:\/\/www.walraven.com\/cz\/#\/schema\/logo\/image\/","url":"https:\/\/www.walraven.com\/cz\/wp-content\/uploads\/sites\/7\/2023\/12\/Walraven_logo300x300.jpg","contentUrl":"https:\/\/www.walraven.com\/cz\/wp-content\/uploads\/sites\/7\/2023\/12\/Walraven_logo300x300.jpg","width":300,"height":300,"caption":"Walraven s.r.o."},"image":{"@id":"https:\/\/www.walraven.com\/cz\/#\/schema\/logo\/image\/"},"sameAs":["https:\/\/www.facebook.com\/walravenczech\/","https:\/\/www.youtube.com\/channel\/UCKd440wCqHhmKODY1YrLToA","https:\/\/www.linkedin.com\/company\/walravencz","https:\/\/www.instagram.com\/walravencz\/"]}]}},"_links":{"self":[{"href":"https:\/\/www.walraven.com\/cz\/wp-json\/wp\/v2\/pages\/60364","targetHints":{"allow":["GET"]}}],"collection":[{"href":"https:\/\/www.walraven.com\/cz\/wp-json\/wp\/v2\/pages"}],"about":[{"href":"https:\/\/www.walraven.com\/cz\/wp-json\/wp\/v2\/types\/page"}],"author":[{"embeddable":true,"href":"https:\/\/www.walraven.com\/cz\/wp-json\/wp\/v2\/users\/43"}],"replies":[{"embeddable":true,"href":"https:\/\/www.walraven.com\/cz\/wp-json\/wp\/v2\/comments?post=60364"}],"version-history":[{"count":1,"href":"https:\/\/www.walraven.com\/cz\/wp-json\/wp\/v2\/pages\/60364\/revisions"}],"predecessor-version":[{"id":60365,"href":"https:\/\/www.walraven.com\/cz\/wp-json\/wp\/v2\/pages\/60364\/revisions\/60365"}],"up":[{"embeddable":true,"href":"https:\/\/www.walraven.com\/cz\/wp-json\/wp\/v2\/pages\/69"}],"wp:featuredmedia":[{"embeddable":true,"href":"https:\/\/www.walraven.com\/cz\/wp-json\/wp\/v2\/media\/52004"}],"wp:attachment":[{"href":"https:\/\/www.walraven.com\/cz\/wp-json\/wp\/v2\/media?parent=60364"}],"curies":[{"name":"wp","href":"https:\/\/api.w.org\/{rel}","templated":true}]}}