{"id":60550,"date":"2025-10-27T11:50:50","date_gmt":"2025-10-27T10:50:50","guid":{"rendered":"https:\/\/example.walraven.com\/?page_id=155201"},"modified":"2025-12-03T15:21:56","modified_gmt":"2025-12-03T14:21:56","slug":"epd","status":"publish","type":"page","link":"https:\/\/www.walraven.com\/cz\/udrzitelnost\/epd\/","title":{"rendered":"Environment\u00e1ln\u00ed prohl\u00e1\u0161en\u00ed o produktu &#8211; EPD (Environmental Product Declarations)"},"content":{"rendered":"","protected":false},"excerpt":{"rendered":"","protected":false},"author":43,"featured_media":0,"parent":59540,"menu_order":0,"comment_status":"closed","ping_status":"closed","template":"page-templates\/tpl-landingspage.php","meta":{"_acf_changed":false,"footnotes":""},"class_list":["post-60550","page","type-page","status-publish","hentry"],"acf":[],"yoast_head":"<!-- This site is optimized with the Yoast SEO Premium plugin v27.3 (Yoast SEO v27.3) - https:\/\/yoast.com\/product\/yoast-seo-premium-wordpress\/ -->\n<title>Environment\u00e1ln\u00ed prohl\u00e1\u0161en\u00ed o produktu - EPD (Environmental Product Declarations) - Walraven \u010cesk\u00e1 republika<\/title>\n<meta name=\"description\" content=\"Uv\u011bdomujeme si, \u017ee EPD jsou pro na\u0161i organizaci a dosa\u017een\u00ed na\u0161ich c\u00edl\u016f v oblasti udr\u017eitelnosti z\u00e1sadn\u00ed. V\u0161echny na\u0161e EPD si m\u016f\u017eete prohl\u00e9dnout na na\u0161ich webov\u00fdch str\u00e1nk\u00e1ch.\" \/>\n<meta name=\"robots\" content=\"index, follow, max-snippet:-1, max-image-preview:large, max-video-preview:-1\" \/>\n<link rel=\"canonical\" href=\"https:\/\/www.walraven.com\/cz\/udrzitelnost\/epd\/\" \/>\n<meta property=\"og:locale\" content=\"cs_CZ\" \/>\n<meta property=\"og:type\" content=\"article\" \/>\n<meta property=\"og:title\" content=\"Environment\u00e1ln\u00ed prohl\u00e1\u0161en\u00ed o produktu - EPD (Environmental Product Declarations)\" \/>\n<meta property=\"og:description\" content=\"Uv\u011bdomujeme si, \u017ee EPD jsou pro na\u0161i organizaci a dosa\u017een\u00ed na\u0161ich c\u00edl\u016f v oblasti udr\u017eitelnosti z\u00e1sadn\u00ed. V\u0161echny na\u0161e EPD si m\u016f\u017eete prohl\u00e9dnout na na\u0161ich webov\u00fdch str\u00e1nk\u00e1ch.\" \/>\n<meta property=\"og:url\" content=\"https:\/\/www.walraven.com\/cz\/udrzitelnost\/epd\/\" \/>\n<meta property=\"og:site_name\" content=\"Walraven \u010cesk\u00e1 republika\" \/>\n<meta property=\"article:publisher\" content=\"https:\/\/www.facebook.com\/walravenczech\/\" \/>\n<meta property=\"article:modified_time\" content=\"2025-12-03T14:21:56+00:00\" \/>\n<meta name=\"twitter:card\" content=\"summary_large_image\" \/>\n<meta name=\"twitter:label1\" content=\"Odhadovan\u00e1 doba \u010dten\u00ed\" \/>\n\t<meta name=\"twitter:data1\" content=\"2 minuty\" \/>\n<script type=\"application\/ld+json\" class=\"yoast-schema-graph\">{\"@context\":\"https:\\\/\\\/schema.org\",\"@graph\":[{\"@type\":\"WebPage\",\"@id\":\"https:\\\/\\\/www.walraven.com\\\/cz\\\/udrzitelnost\\\/epd\\\/\",\"url\":\"https:\\\/\\\/www.walraven.com\\\/cz\\\/udrzitelnost\\\/epd\\\/\",\"name\":\"Environment\u00e1ln\u00ed prohl\u00e1\u0161en\u00ed o produktu - EPD (Environmental Product Declarations) - Walraven \u010cesk\u00e1 republika\",\"isPartOf\":{\"@id\":\"https:\\\/\\\/www.walraven.com\\\/cz\\\/#website\"},\"datePublished\":\"2025-10-27T10:50:50+00:00\",\"dateModified\":\"2025-12-03T14:21:56+00:00\",\"description\":\"Uv\u011bdomujeme si, \u017ee EPD jsou pro na\u0161i organizaci a dosa\u017een\u00ed na\u0161ich c\u00edl\u016f v oblasti udr\u017eitelnosti z\u00e1sadn\u00ed. V\u0161echny na\u0161e EPD si m\u016f\u017eete prohl\u00e9dnout na na\u0161ich webov\u00fdch str\u00e1nk\u00e1ch.\",\"breadcrumb\":{\"@id\":\"https:\\\/\\\/www.walraven.com\\\/cz\\\/udrzitelnost\\\/epd\\\/#breadcrumb\"},\"inLanguage\":\"cs\",\"potentialAction\":[{\"@type\":\"ReadAction\",\"target\":[\"https:\\\/\\\/www.walraven.com\\\/cz\\\/udrzitelnost\\\/epd\\\/\"]}]},{\"@type\":\"BreadcrumbList\",\"@id\":\"https:\\\/\\\/www.walraven.com\\\/cz\\\/udrzitelnost\\\/epd\\\/#breadcrumb\",\"itemListElement\":[{\"@type\":\"ListItem\",\"position\":1,\"name\":\"\u00davod\",\"item\":\"https:\\\/\\\/www.walraven.com\\\/cz\\\/\"},{\"@type\":\"ListItem\",\"position\":2,\"name\":\"V\u011b\u0159\u00edme, \u017ee m\u016f\u017eeme dos\u00e1hnout udr\u017eiteln\u00e9 zm\u011bny t\u00edm, \u017ee vybudujeme nadn\u00e1rodn\u00ed spole\u010dnost se srdcem\",\"item\":\"https:\\\/\\\/www.walraven.com\\\/cz\\\/udrzitelnost\\\/\"},{\"@type\":\"ListItem\",\"position\":3,\"name\":\"Environment\u00e1ln\u00ed prohl\u00e1\u0161en\u00ed o produktu &#8211; EPD (Environmental Product Declarations)\"}]},{\"@type\":\"WebSite\",\"@id\":\"https:\\\/\\\/www.walraven.com\\\/cz\\\/#website\",\"url\":\"https:\\\/\\\/www.walraven.com\\\/cz\\\/\",\"name\":\"Walraven \u010cesk\u00e1 republika\",\"description\":\"\",\"publisher\":{\"@id\":\"https:\\\/\\\/www.walraven.com\\\/cz\\\/#organization\"},\"potentialAction\":[{\"@type\":\"SearchAction\",\"target\":{\"@type\":\"EntryPoint\",\"urlTemplate\":\"https:\\\/\\\/www.walraven.com\\\/cz\\\/?s={search_term_string}\"},\"query-input\":{\"@type\":\"PropertyValueSpecification\",\"valueRequired\":true,\"valueName\":\"search_term_string\"}}],\"inLanguage\":\"cs\"},{\"@type\":\"Organization\",\"@id\":\"https:\\\/\\\/www.walraven.com\\\/cz\\\/#organization\",\"name\":\"Walraven s.r.o.\",\"alternateName\":\"Walraven s.r.o.\",\"url\":\"https:\\\/\\\/www.walraven.com\\\/cz\\\/\",\"logo\":{\"@type\":\"ImageObject\",\"inLanguage\":\"cs\",\"@id\":\"https:\\\/\\\/www.walraven.com\\\/cz\\\/#\\\/schema\\\/logo\\\/image\\\/\",\"url\":\"https:\\\/\\\/www.walraven.com\\\/cz\\\/wp-content\\\/uploads\\\/sites\\\/7\\\/2023\\\/12\\\/Walraven_logo300x300.jpg\",\"contentUrl\":\"https:\\\/\\\/www.walraven.com\\\/cz\\\/wp-content\\\/uploads\\\/sites\\\/7\\\/2023\\\/12\\\/Walraven_logo300x300.jpg\",\"width\":300,\"height\":300,\"caption\":\"Walraven s.r.o.\"},\"image\":{\"@id\":\"https:\\\/\\\/www.walraven.com\\\/cz\\\/#\\\/schema\\\/logo\\\/image\\\/\"},\"sameAs\":[\"https:\\\/\\\/www.facebook.com\\\/walravenczech\\\/\",\"https:\\\/\\\/www.youtube.com\\\/channel\\\/UCKd440wCqHhmKODY1YrLToA\",\"https:\\\/\\\/www.linkedin.com\\\/company\\\/walravencz\",\"https:\\\/\\\/www.instagram.com\\\/walravencz\\\/\"]}]}<\/script>\n<!-- \/ Yoast SEO Premium plugin. -->","yoast_head_json":{"title":"Environment\u00e1ln\u00ed prohl\u00e1\u0161en\u00ed o produktu - EPD (Environmental Product Declarations) - Walraven \u010cesk\u00e1 republika","description":"Uv\u011bdomujeme si, \u017ee EPD jsou pro na\u0161i organizaci a dosa\u017een\u00ed na\u0161ich c\u00edl\u016f v oblasti udr\u017eitelnosti z\u00e1sadn\u00ed. V\u0161echny na\u0161e EPD si m\u016f\u017eete prohl\u00e9dnout na na\u0161ich webov\u00fdch str\u00e1nk\u00e1ch.","robots":{"index":"index","follow":"follow","max-snippet":"max-snippet:-1","max-image-preview":"max-image-preview:large","max-video-preview":"max-video-preview:-1"},"canonical":"https:\/\/www.walraven.com\/cz\/udrzitelnost\/epd\/","og_locale":"cs_CZ","og_type":"article","og_title":"Environment\u00e1ln\u00ed prohl\u00e1\u0161en\u00ed o produktu - EPD (Environmental Product Declarations)","og_description":"Uv\u011bdomujeme si, \u017ee EPD jsou pro na\u0161i organizaci a dosa\u017een\u00ed na\u0161ich c\u00edl\u016f v oblasti udr\u017eitelnosti z\u00e1sadn\u00ed. V\u0161echny na\u0161e EPD si m\u016f\u017eete prohl\u00e9dnout na na\u0161ich webov\u00fdch str\u00e1nk\u00e1ch.","og_url":"https:\/\/www.walraven.com\/cz\/udrzitelnost\/epd\/","og_site_name":"Walraven \u010cesk\u00e1 republika","article_publisher":"https:\/\/www.facebook.com\/walravenczech\/","article_modified_time":"2025-12-03T14:21:56+00:00","twitter_card":"summary_large_image","twitter_misc":{"Odhadovan\u00e1 doba \u010dten\u00ed":"2 minuty"},"schema":{"@context":"https:\/\/schema.org","@graph":[{"@type":"WebPage","@id":"https:\/\/www.walraven.com\/cz\/udrzitelnost\/epd\/","url":"https:\/\/www.walraven.com\/cz\/udrzitelnost\/epd\/","name":"Environment\u00e1ln\u00ed prohl\u00e1\u0161en\u00ed o produktu - EPD (Environmental Product Declarations) - Walraven \u010cesk\u00e1 republika","isPartOf":{"@id":"https:\/\/www.walraven.com\/cz\/#website"},"datePublished":"2025-10-27T10:50:50+00:00","dateModified":"2025-12-03T14:21:56+00:00","description":"Uv\u011bdomujeme si, \u017ee EPD jsou pro na\u0161i organizaci a dosa\u017een\u00ed na\u0161ich c\u00edl\u016f v oblasti udr\u017eitelnosti z\u00e1sadn\u00ed. V\u0161echny na\u0161e EPD si m\u016f\u017eete prohl\u00e9dnout na na\u0161ich webov\u00fdch str\u00e1nk\u00e1ch.","breadcrumb":{"@id":"https:\/\/www.walraven.com\/cz\/udrzitelnost\/epd\/#breadcrumb"},"inLanguage":"cs","potentialAction":[{"@type":"ReadAction","target":["https:\/\/www.walraven.com\/cz\/udrzitelnost\/epd\/"]}]},{"@type":"BreadcrumbList","@id":"https:\/\/www.walraven.com\/cz\/udrzitelnost\/epd\/#breadcrumb","itemListElement":[{"@type":"ListItem","position":1,"name":"\u00davod","item":"https:\/\/www.walraven.com\/cz\/"},{"@type":"ListItem","position":2,"name":"V\u011b\u0159\u00edme, \u017ee m\u016f\u017eeme dos\u00e1hnout udr\u017eiteln\u00e9 zm\u011bny t\u00edm, \u017ee vybudujeme nadn\u00e1rodn\u00ed spole\u010dnost se srdcem","item":"https:\/\/www.walraven.com\/cz\/udrzitelnost\/"},{"@type":"ListItem","position":3,"name":"Environment\u00e1ln\u00ed prohl\u00e1\u0161en\u00ed o produktu &#8211; EPD (Environmental Product Declarations)"}]},{"@type":"WebSite","@id":"https:\/\/www.walraven.com\/cz\/#website","url":"https:\/\/www.walraven.com\/cz\/","name":"Walraven \u010cesk\u00e1 republika","description":"","publisher":{"@id":"https:\/\/www.walraven.com\/cz\/#organization"},"potentialAction":[{"@type":"SearchAction","target":{"@type":"EntryPoint","urlTemplate":"https:\/\/www.walraven.com\/cz\/?s={search_term_string}"},"query-input":{"@type":"PropertyValueSpecification","valueRequired":true,"valueName":"search_term_string"}}],"inLanguage":"cs"},{"@type":"Organization","@id":"https:\/\/www.walraven.com\/cz\/#organization","name":"Walraven s.r.o.","alternateName":"Walraven s.r.o.","url":"https:\/\/www.walraven.com\/cz\/","logo":{"@type":"ImageObject","inLanguage":"cs","@id":"https:\/\/www.walraven.com\/cz\/#\/schema\/logo\/image\/","url":"https:\/\/www.walraven.com\/cz\/wp-content\/uploads\/sites\/7\/2023\/12\/Walraven_logo300x300.jpg","contentUrl":"https:\/\/www.walraven.com\/cz\/wp-content\/uploads\/sites\/7\/2023\/12\/Walraven_logo300x300.jpg","width":300,"height":300,"caption":"Walraven s.r.o."},"image":{"@id":"https:\/\/www.walraven.com\/cz\/#\/schema\/logo\/image\/"},"sameAs":["https:\/\/www.facebook.com\/walravenczech\/","https:\/\/www.youtube.com\/channel\/UCKd440wCqHhmKODY1YrLToA","https:\/\/www.linkedin.com\/company\/walravencz","https:\/\/www.instagram.com\/walravencz\/"]}]}},"_links":{"self":[{"href":"https:\/\/www.walraven.com\/cz\/wp-json\/wp\/v2\/pages\/60550","targetHints":{"allow":["GET"]}}],"collection":[{"href":"https:\/\/www.walraven.com\/cz\/wp-json\/wp\/v2\/pages"}],"about":[{"href":"https:\/\/www.walraven.com\/cz\/wp-json\/wp\/v2\/types\/page"}],"author":[{"embeddable":true,"href":"https:\/\/www.walraven.com\/cz\/wp-json\/wp\/v2\/users\/43"}],"replies":[{"embeddable":true,"href":"https:\/\/www.walraven.com\/cz\/wp-json\/wp\/v2\/comments?post=60550"}],"version-history":[{"count":5,"href":"https:\/\/www.walraven.com\/cz\/wp-json\/wp\/v2\/pages\/60550\/revisions"}],"predecessor-version":[{"id":60619,"href":"https:\/\/www.walraven.com\/cz\/wp-json\/wp\/v2\/pages\/60550\/revisions\/60619"}],"up":[{"embeddable":true,"href":"https:\/\/www.walraven.com\/cz\/wp-json\/wp\/v2\/pages\/59540"}],"wp:attachment":[{"href":"https:\/\/www.walraven.com\/cz\/wp-json\/wp\/v2\/media?parent=60550"}],"curies":[{"name":"wp","href":"https:\/\/api.w.org\/{rel}","templated":true}]}}