{"id":60610,"date":"2025-07-11T10:34:59","date_gmt":"2025-07-11T08:34:59","guid":{"rendered":"https:\/\/www.walraven.com\/pl\/?page_id=72916"},"modified":"2026-02-09T11:30:48","modified_gmt":"2026-02-09T10:30:48","slug":"prefabrykacja","status":"publish","type":"page","link":"https:\/\/www.walraven.com\/cz\/prefabrykacja\/","title":{"rendered":"Prefabrykacja"},"content":{"rendered":"","protected":false},"excerpt":{"rendered":"","protected":false},"author":83,"featured_media":72923,"parent":0,"menu_order":0,"comment_status":"closed","ping_status":"closed","template":"page-templates\/tpl-landingspage.php","meta":{"_acf_changed":false,"footnotes":""},"class_list":["post-60610","page","type-page","status-publish","has-post-thumbnail","hentry"],"acf":[],"yoast_head":"<!-- This site is optimized with the Yoast SEO Premium plugin v27.3 (Yoast SEO v27.3) - https:\/\/yoast.com\/product\/yoast-seo-premium-wordpress\/ -->\n<title>Prefabrykacja - Walraven \u010cesk\u00e1 republika<\/title>\n<meta name=\"description\" content=\"Prefabrykowane systemy mocowa\u0144 \u2013 projekt, produkcja i dostawa. Oszcz\u0119dno\u015b\u0107 czasu, bezpiecze\u0144stwo i jako\u015b\u0107. Um\u00f3w si\u0119 na bezp\u0142atn\u0105 konsultacj\u0119!\" \/>\n<meta name=\"robots\" content=\"index, follow, max-snippet:-1, max-image-preview:large, max-video-preview:-1\" \/>\n<link rel=\"canonical\" href=\"https:\/\/www.walraven.com\/cz\/prefabrykacja\/\" \/>\n<meta property=\"og:locale\" content=\"cs_CZ\" \/>\n<meta property=\"og:type\" content=\"article\" \/>\n<meta property=\"og:title\" content=\"Prefabrykacja\" \/>\n<meta property=\"og:description\" content=\"Prefabrykowane systemy mocowa\u0144 \u2013 projekt, produkcja i dostawa. Oszcz\u0119dno\u015b\u0107 czasu, bezpiecze\u0144stwo i jako\u015b\u0107. Um\u00f3w si\u0119 na bezp\u0142atn\u0105 konsultacj\u0119!\" \/>\n<meta property=\"og:url\" content=\"https:\/\/www.walraven.com\/cz\/prefabrykacja\/\" \/>\n<meta property=\"og:site_name\" content=\"Walraven \u010cesk\u00e1 republika\" \/>\n<meta property=\"article:publisher\" content=\"https:\/\/www.facebook.com\/walravenczech\/\" \/>\n<meta property=\"article:modified_time\" content=\"2026-02-09T10:30:48+00:00\" \/>\n<meta name=\"twitter:card\" content=\"summary_large_image\" \/>\n<meta name=\"twitter:label1\" content=\"Odhadovan\u00e1 doba \u010dten\u00ed\" \/>\n\t<meta name=\"twitter:data1\" content=\"10 minut\" \/>\n<script type=\"application\/ld+json\" class=\"yoast-schema-graph\">{\"@context\":\"https:\\\/\\\/schema.org\",\"@graph\":[{\"@type\":\"WebPage\",\"@id\":\"https:\\\/\\\/www.walraven.com\\\/cz\\\/prefabrykacja\\\/\",\"url\":\"https:\\\/\\\/www.walraven.com\\\/cz\\\/prefabrykacja\\\/\",\"name\":\"Prefabrykacja - Walraven \u010cesk\u00e1 republika\",\"isPartOf\":{\"@id\":\"https:\\\/\\\/www.walraven.com\\\/cz\\\/#website\"},\"primaryImageOfPage\":{\"@id\":\"https:\\\/\\\/www.walraven.com\\\/cz\\\/prefabrykacja\\\/#primaryimage\"},\"image\":{\"@id\":\"https:\\\/\\\/www.walraven.com\\\/cz\\\/prefabrykacja\\\/#primaryimage\"},\"thumbnailUrl\":\"\",\"datePublished\":\"2025-07-11T08:34:59+00:00\",\"dateModified\":\"2026-02-09T10:30:48+00:00\",\"description\":\"Prefabrykowane systemy mocowa\u0144 \u2013 projekt, produkcja i dostawa. Oszcz\u0119dno\u015b\u0107 czasu, bezpiecze\u0144stwo i jako\u015b\u0107. Um\u00f3w si\u0119 na bezp\u0142atn\u0105 konsultacj\u0119!\",\"breadcrumb\":{\"@id\":\"https:\\\/\\\/www.walraven.com\\\/cz\\\/prefabrykacja\\\/#breadcrumb\"},\"inLanguage\":\"cs\",\"potentialAction\":[{\"@type\":\"ReadAction\",\"target\":[\"https:\\\/\\\/www.walraven.com\\\/cz\\\/prefabrykacja\\\/\"]}]},{\"@type\":\"ImageObject\",\"inLanguage\":\"cs\",\"@id\":\"https:\\\/\\\/www.walraven.com\\\/cz\\\/prefabrykacja\\\/#primaryimage\",\"url\":\"\",\"contentUrl\":\"\"},{\"@type\":\"BreadcrumbList\",\"@id\":\"https:\\\/\\\/www.walraven.com\\\/cz\\\/prefabrykacja\\\/#breadcrumb\",\"itemListElement\":[{\"@type\":\"ListItem\",\"position\":1,\"name\":\"\u00davod\",\"item\":\"https:\\\/\\\/www.walraven.com\\\/cz\\\/\"},{\"@type\":\"ListItem\",\"position\":2,\"name\":\"Prefabrykacja\"}]},{\"@type\":\"WebSite\",\"@id\":\"https:\\\/\\\/www.walraven.com\\\/cz\\\/#website\",\"url\":\"https:\\\/\\\/www.walraven.com\\\/cz\\\/\",\"name\":\"Walraven \u010cesk\u00e1 republika\",\"description\":\"\",\"publisher\":{\"@id\":\"https:\\\/\\\/www.walraven.com\\\/cz\\\/#organization\"},\"potentialAction\":[{\"@type\":\"SearchAction\",\"target\":{\"@type\":\"EntryPoint\",\"urlTemplate\":\"https:\\\/\\\/www.walraven.com\\\/cz\\\/?s={search_term_string}\"},\"query-input\":{\"@type\":\"PropertyValueSpecification\",\"valueRequired\":true,\"valueName\":\"search_term_string\"}}],\"inLanguage\":\"cs\"},{\"@type\":\"Organization\",\"@id\":\"https:\\\/\\\/www.walraven.com\\\/cz\\\/#organization\",\"name\":\"Walraven s.r.o.\",\"alternateName\":\"Walraven s.r.o.\",\"url\":\"https:\\\/\\\/www.walraven.com\\\/cz\\\/\",\"logo\":{\"@type\":\"ImageObject\",\"inLanguage\":\"cs\",\"@id\":\"https:\\\/\\\/www.walraven.com\\\/cz\\\/#\\\/schema\\\/logo\\\/image\\\/\",\"url\":\"https:\\\/\\\/www.walraven.com\\\/cz\\\/wp-content\\\/uploads\\\/sites\\\/7\\\/2023\\\/12\\\/Walraven_logo300x300.jpg\",\"contentUrl\":\"https:\\\/\\\/www.walraven.com\\\/cz\\\/wp-content\\\/uploads\\\/sites\\\/7\\\/2023\\\/12\\\/Walraven_logo300x300.jpg\",\"width\":300,\"height\":300,\"caption\":\"Walraven s.r.o.\"},\"image\":{\"@id\":\"https:\\\/\\\/www.walraven.com\\\/cz\\\/#\\\/schema\\\/logo\\\/image\\\/\"},\"sameAs\":[\"https:\\\/\\\/www.facebook.com\\\/walravenczech\\\/\",\"https:\\\/\\\/www.youtube.com\\\/channel\\\/UCKd440wCqHhmKODY1YrLToA\",\"https:\\\/\\\/www.linkedin.com\\\/company\\\/walravencz\",\"https:\\\/\\\/www.instagram.com\\\/walravencz\\\/\"]}]}<\/script>\n<!-- \/ Yoast SEO Premium plugin. -->","yoast_head_json":{"title":"Prefabrykacja - Walraven \u010cesk\u00e1 republika","description":"Prefabrykowane systemy mocowa\u0144 \u2013 projekt, produkcja i dostawa. Oszcz\u0119dno\u015b\u0107 czasu, bezpiecze\u0144stwo i jako\u015b\u0107. Um\u00f3w si\u0119 na bezp\u0142atn\u0105 konsultacj\u0119!","robots":{"index":"index","follow":"follow","max-snippet":"max-snippet:-1","max-image-preview":"max-image-preview:large","max-video-preview":"max-video-preview:-1"},"canonical":"https:\/\/www.walraven.com\/cz\/prefabrykacja\/","og_locale":"cs_CZ","og_type":"article","og_title":"Prefabrykacja","og_description":"Prefabrykowane systemy mocowa\u0144 \u2013 projekt, produkcja i dostawa. Oszcz\u0119dno\u015b\u0107 czasu, bezpiecze\u0144stwo i jako\u015b\u0107. Um\u00f3w si\u0119 na bezp\u0142atn\u0105 konsultacj\u0119!","og_url":"https:\/\/www.walraven.com\/cz\/prefabrykacja\/","og_site_name":"Walraven \u010cesk\u00e1 republika","article_publisher":"https:\/\/www.facebook.com\/walravenczech\/","article_modified_time":"2026-02-09T10:30:48+00:00","twitter_card":"summary_large_image","twitter_misc":{"Odhadovan\u00e1 doba \u010dten\u00ed":"10 minut"},"schema":{"@context":"https:\/\/schema.org","@graph":[{"@type":"WebPage","@id":"https:\/\/www.walraven.com\/cz\/prefabrykacja\/","url":"https:\/\/www.walraven.com\/cz\/prefabrykacja\/","name":"Prefabrykacja - Walraven \u010cesk\u00e1 republika","isPartOf":{"@id":"https:\/\/www.walraven.com\/cz\/#website"},"primaryImageOfPage":{"@id":"https:\/\/www.walraven.com\/cz\/prefabrykacja\/#primaryimage"},"image":{"@id":"https:\/\/www.walraven.com\/cz\/prefabrykacja\/#primaryimage"},"thumbnailUrl":"","datePublished":"2025-07-11T08:34:59+00:00","dateModified":"2026-02-09T10:30:48+00:00","description":"Prefabrykowane systemy mocowa\u0144 \u2013 projekt, produkcja i dostawa. Oszcz\u0119dno\u015b\u0107 czasu, bezpiecze\u0144stwo i jako\u015b\u0107. Um\u00f3w si\u0119 na bezp\u0142atn\u0105 konsultacj\u0119!","breadcrumb":{"@id":"https:\/\/www.walraven.com\/cz\/prefabrykacja\/#breadcrumb"},"inLanguage":"cs","potentialAction":[{"@type":"ReadAction","target":["https:\/\/www.walraven.com\/cz\/prefabrykacja\/"]}]},{"@type":"ImageObject","inLanguage":"cs","@id":"https:\/\/www.walraven.com\/cz\/prefabrykacja\/#primaryimage","url":"","contentUrl":""},{"@type":"BreadcrumbList","@id":"https:\/\/www.walraven.com\/cz\/prefabrykacja\/#breadcrumb","itemListElement":[{"@type":"ListItem","position":1,"name":"\u00davod","item":"https:\/\/www.walraven.com\/cz\/"},{"@type":"ListItem","position":2,"name":"Prefabrykacja"}]},{"@type":"WebSite","@id":"https:\/\/www.walraven.com\/cz\/#website","url":"https:\/\/www.walraven.com\/cz\/","name":"Walraven \u010cesk\u00e1 republika","description":"","publisher":{"@id":"https:\/\/www.walraven.com\/cz\/#organization"},"potentialAction":[{"@type":"SearchAction","target":{"@type":"EntryPoint","urlTemplate":"https:\/\/www.walraven.com\/cz\/?s={search_term_string}"},"query-input":{"@type":"PropertyValueSpecification","valueRequired":true,"valueName":"search_term_string"}}],"inLanguage":"cs"},{"@type":"Organization","@id":"https:\/\/www.walraven.com\/cz\/#organization","name":"Walraven s.r.o.","alternateName":"Walraven s.r.o.","url":"https:\/\/www.walraven.com\/cz\/","logo":{"@type":"ImageObject","inLanguage":"cs","@id":"https:\/\/www.walraven.com\/cz\/#\/schema\/logo\/image\/","url":"https:\/\/www.walraven.com\/cz\/wp-content\/uploads\/sites\/7\/2023\/12\/Walraven_logo300x300.jpg","contentUrl":"https:\/\/www.walraven.com\/cz\/wp-content\/uploads\/sites\/7\/2023\/12\/Walraven_logo300x300.jpg","width":300,"height":300,"caption":"Walraven s.r.o."},"image":{"@id":"https:\/\/www.walraven.com\/cz\/#\/schema\/logo\/image\/"},"sameAs":["https:\/\/www.facebook.com\/walravenczech\/","https:\/\/www.youtube.com\/channel\/UCKd440wCqHhmKODY1YrLToA","https:\/\/www.linkedin.com\/company\/walravencz","https:\/\/www.instagram.com\/walravencz\/"]}]}},"_links":{"self":[{"href":"https:\/\/www.walraven.com\/cz\/wp-json\/wp\/v2\/pages\/60610","targetHints":{"allow":["GET"]}}],"collection":[{"href":"https:\/\/www.walraven.com\/cz\/wp-json\/wp\/v2\/pages"}],"about":[{"href":"https:\/\/www.walraven.com\/cz\/wp-json\/wp\/v2\/types\/page"}],"author":[{"embeddable":true,"href":"https:\/\/www.walraven.com\/cz\/wp-json\/wp\/v2\/users\/83"}],"replies":[{"embeddable":true,"href":"https:\/\/www.walraven.com\/cz\/wp-json\/wp\/v2\/comments?post=60610"}],"version-history":[{"count":3,"href":"https:\/\/www.walraven.com\/cz\/wp-json\/wp\/v2\/pages\/60610\/revisions"}],"predecessor-version":[{"id":60678,"href":"https:\/\/www.walraven.com\/cz\/wp-json\/wp\/v2\/pages\/60610\/revisions\/60678"}],"wp:featuredmedia":[{"embeddable":true,"href":"https:\/\/www.walraven.com\/cz\/wp-json\/"}],"wp:attachment":[{"href":"https:\/\/www.walraven.com\/cz\/wp-json\/wp\/v2\/media?parent=60610"}],"curies":[{"name":"wp","href":"https:\/\/api.w.org\/{rel}","templated":true}]}}