{"id":69,"date":"2016-09-16T14:00:07","date_gmt":"2016-09-16T12:00:07","guid":{"rendered":"https:\/\/local.walraven.com\/?page_id=69"},"modified":"2024-11-11T10:41:43","modified_gmt":"2024-11-11T09:41:43","slug":"kontakt","status":"publish","type":"page","link":"https:\/\/www.walraven.com\/cz\/kontakt\/","title":{"rendered":"Kontakt"},"content":{"rendered":"","protected":false},"excerpt":{"rendered":"","protected":false},"author":1,"featured_media":0,"parent":0,"menu_order":0,"comment_status":"closed","ping_status":"closed","template":"page-templates\/tpl-contact.php","meta":{"_acf_changed":false,"footnotes":""},"class_list":["post-69","page","type-page","status-publish","hentry"],"acf":[],"yoast_head":"<!-- This site is optimized with the Yoast SEO Premium plugin v27.3 (Yoast SEO v27.3) - https:\/\/yoast.com\/product\/yoast-seo-premium-wordpress\/ -->\n<title>Kontakt - Walraven \u010cesk\u00e1 republika<\/title>\n<meta name=\"description\" content=\"P\u0159edn\u00ed v\u00fdrobce inovativn\u00edch mont\u00e1\u017en\u00edch a upev\u0148ovac\u00edch syst\u00e9m\u016f. Komplexn\u00ed \u0159e\u0161en\u00ed pro instalace potrub\u00ed, VZT a protipo\u017e\u00e1rn\u00ed syst\u00e9my.\" \/>\n<meta name=\"robots\" content=\"index, follow, max-snippet:-1, max-image-preview:large, max-video-preview:-1\" \/>\n<link rel=\"canonical\" href=\"https:\/\/www.walraven.com\/cz\/kontakt\/\" \/>\n<meta property=\"og:locale\" content=\"cs_CZ\" \/>\n<meta property=\"og:type\" content=\"article\" \/>\n<meta property=\"og:title\" content=\"Kontakt\" \/>\n<meta property=\"og:description\" content=\"P\u0159edn\u00ed v\u00fdrobce inovativn\u00edch mont\u00e1\u017en\u00edch a upev\u0148ovac\u00edch syst\u00e9m\u016f. Komplexn\u00ed \u0159e\u0161en\u00ed pro instalace potrub\u00ed, VZT a protipo\u017e\u00e1rn\u00ed syst\u00e9my.\" \/>\n<meta property=\"og:url\" content=\"https:\/\/www.walraven.com\/cz\/kontakt\/\" \/>\n<meta property=\"og:site_name\" content=\"Walraven \u010cesk\u00e1 republika\" \/>\n<meta property=\"article:publisher\" content=\"https:\/\/www.facebook.com\/walravenczech\/\" \/>\n<meta property=\"article:modified_time\" content=\"2024-11-11T09:41:43+00:00\" \/>\n<meta name=\"twitter:card\" content=\"summary_large_image\" \/>\n<script type=\"application\/ld+json\" class=\"yoast-schema-graph\">{\"@context\":\"https:\\\/\\\/schema.org\",\"@graph\":[{\"@type\":\"WebPage\",\"@id\":\"https:\\\/\\\/www.walraven.com\\\/cz\\\/kontakt\\\/\",\"url\":\"https:\\\/\\\/www.walraven.com\\\/cz\\\/kontakt\\\/\",\"name\":\"Kontakt - Walraven \u010cesk\u00e1 republika\",\"isPartOf\":{\"@id\":\"https:\\\/\\\/www.walraven.com\\\/cz\\\/#website\"},\"datePublished\":\"2016-09-16T12:00:07+00:00\",\"dateModified\":\"2024-11-11T09:41:43+00:00\",\"description\":\"P\u0159edn\u00ed v\u00fdrobce inovativn\u00edch mont\u00e1\u017en\u00edch a upev\u0148ovac\u00edch syst\u00e9m\u016f. Komplexn\u00ed \u0159e\u0161en\u00ed pro instalace potrub\u00ed, VZT a protipo\u017e\u00e1rn\u00ed syst\u00e9my.\",\"breadcrumb\":{\"@id\":\"https:\\\/\\\/www.walraven.com\\\/cz\\\/kontakt\\\/#breadcrumb\"},\"inLanguage\":\"cs\",\"potentialAction\":[{\"@type\":\"ReadAction\",\"target\":[\"https:\\\/\\\/www.walraven.com\\\/cz\\\/kontakt\\\/\"]}]},{\"@type\":\"BreadcrumbList\",\"@id\":\"https:\\\/\\\/www.walraven.com\\\/cz\\\/kontakt\\\/#breadcrumb\",\"itemListElement\":[{\"@type\":\"ListItem\",\"position\":1,\"name\":\"\u00davod\",\"item\":\"https:\\\/\\\/www.walraven.com\\\/cz\\\/\"},{\"@type\":\"ListItem\",\"position\":2,\"name\":\"Kontakt\"}]},{\"@type\":\"WebSite\",\"@id\":\"https:\\\/\\\/www.walraven.com\\\/cz\\\/#website\",\"url\":\"https:\\\/\\\/www.walraven.com\\\/cz\\\/\",\"name\":\"Walraven \u010cesk\u00e1 republika\",\"description\":\"\",\"publisher\":{\"@id\":\"https:\\\/\\\/www.walraven.com\\\/cz\\\/#organization\"},\"potentialAction\":[{\"@type\":\"SearchAction\",\"target\":{\"@type\":\"EntryPoint\",\"urlTemplate\":\"https:\\\/\\\/www.walraven.com\\\/cz\\\/?s={search_term_string}\"},\"query-input\":{\"@type\":\"PropertyValueSpecification\",\"valueRequired\":true,\"valueName\":\"search_term_string\"}}],\"inLanguage\":\"cs\"},{\"@type\":\"Organization\",\"@id\":\"https:\\\/\\\/www.walraven.com\\\/cz\\\/#organization\",\"name\":\"Walraven s.r.o.\",\"alternateName\":\"Walraven s.r.o.\",\"url\":\"https:\\\/\\\/www.walraven.com\\\/cz\\\/\",\"logo\":{\"@type\":\"ImageObject\",\"inLanguage\":\"cs\",\"@id\":\"https:\\\/\\\/www.walraven.com\\\/cz\\\/#\\\/schema\\\/logo\\\/image\\\/\",\"url\":\"https:\\\/\\\/www.walraven.com\\\/cz\\\/wp-content\\\/uploads\\\/sites\\\/7\\\/2023\\\/12\\\/Walraven_logo300x300.jpg\",\"contentUrl\":\"https:\\\/\\\/www.walraven.com\\\/cz\\\/wp-content\\\/uploads\\\/sites\\\/7\\\/2023\\\/12\\\/Walraven_logo300x300.jpg\",\"width\":300,\"height\":300,\"caption\":\"Walraven s.r.o.\"},\"image\":{\"@id\":\"https:\\\/\\\/www.walraven.com\\\/cz\\\/#\\\/schema\\\/logo\\\/image\\\/\"},\"sameAs\":[\"https:\\\/\\\/www.facebook.com\\\/walravenczech\\\/\",\"https:\\\/\\\/www.youtube.com\\\/channel\\\/UCKd440wCqHhmKODY1YrLToA\",\"https:\\\/\\\/www.linkedin.com\\\/company\\\/walravencz\",\"https:\\\/\\\/www.instagram.com\\\/walravencz\\\/\"]}]}<\/script>\n<!-- \/ Yoast SEO Premium plugin. -->","yoast_head_json":{"title":"Kontakt - Walraven \u010cesk\u00e1 republika","description":"P\u0159edn\u00ed v\u00fdrobce inovativn\u00edch mont\u00e1\u017en\u00edch a upev\u0148ovac\u00edch syst\u00e9m\u016f. Komplexn\u00ed \u0159e\u0161en\u00ed pro instalace potrub\u00ed, VZT a protipo\u017e\u00e1rn\u00ed syst\u00e9my.","robots":{"index":"index","follow":"follow","max-snippet":"max-snippet:-1","max-image-preview":"max-image-preview:large","max-video-preview":"max-video-preview:-1"},"canonical":"https:\/\/www.walraven.com\/cz\/kontakt\/","og_locale":"cs_CZ","og_type":"article","og_title":"Kontakt","og_description":"P\u0159edn\u00ed v\u00fdrobce inovativn\u00edch mont\u00e1\u017en\u00edch a upev\u0148ovac\u00edch syst\u00e9m\u016f. Komplexn\u00ed \u0159e\u0161en\u00ed pro instalace potrub\u00ed, VZT a protipo\u017e\u00e1rn\u00ed syst\u00e9my.","og_url":"https:\/\/www.walraven.com\/cz\/kontakt\/","og_site_name":"Walraven \u010cesk\u00e1 republika","article_publisher":"https:\/\/www.facebook.com\/walravenczech\/","article_modified_time":"2024-11-11T09:41:43+00:00","twitter_card":"summary_large_image","schema":{"@context":"https:\/\/schema.org","@graph":[{"@type":"WebPage","@id":"https:\/\/www.walraven.com\/cz\/kontakt\/","url":"https:\/\/www.walraven.com\/cz\/kontakt\/","name":"Kontakt - Walraven \u010cesk\u00e1 republika","isPartOf":{"@id":"https:\/\/www.walraven.com\/cz\/#website"},"datePublished":"2016-09-16T12:00:07+00:00","dateModified":"2024-11-11T09:41:43+00:00","description":"P\u0159edn\u00ed v\u00fdrobce inovativn\u00edch mont\u00e1\u017en\u00edch a upev\u0148ovac\u00edch syst\u00e9m\u016f. Komplexn\u00ed \u0159e\u0161en\u00ed pro instalace potrub\u00ed, VZT a protipo\u017e\u00e1rn\u00ed syst\u00e9my.","breadcrumb":{"@id":"https:\/\/www.walraven.com\/cz\/kontakt\/#breadcrumb"},"inLanguage":"cs","potentialAction":[{"@type":"ReadAction","target":["https:\/\/www.walraven.com\/cz\/kontakt\/"]}]},{"@type":"BreadcrumbList","@id":"https:\/\/www.walraven.com\/cz\/kontakt\/#breadcrumb","itemListElement":[{"@type":"ListItem","position":1,"name":"\u00davod","item":"https:\/\/www.walraven.com\/cz\/"},{"@type":"ListItem","position":2,"name":"Kontakt"}]},{"@type":"WebSite","@id":"https:\/\/www.walraven.com\/cz\/#website","url":"https:\/\/www.walraven.com\/cz\/","name":"Walraven \u010cesk\u00e1 republika","description":"","publisher":{"@id":"https:\/\/www.walraven.com\/cz\/#organization"},"potentialAction":[{"@type":"SearchAction","target":{"@type":"EntryPoint","urlTemplate":"https:\/\/www.walraven.com\/cz\/?s={search_term_string}"},"query-input":{"@type":"PropertyValueSpecification","valueRequired":true,"valueName":"search_term_string"}}],"inLanguage":"cs"},{"@type":"Organization","@id":"https:\/\/www.walraven.com\/cz\/#organization","name":"Walraven s.r.o.","alternateName":"Walraven s.r.o.","url":"https:\/\/www.walraven.com\/cz\/","logo":{"@type":"ImageObject","inLanguage":"cs","@id":"https:\/\/www.walraven.com\/cz\/#\/schema\/logo\/image\/","url":"https:\/\/www.walraven.com\/cz\/wp-content\/uploads\/sites\/7\/2023\/12\/Walraven_logo300x300.jpg","contentUrl":"https:\/\/www.walraven.com\/cz\/wp-content\/uploads\/sites\/7\/2023\/12\/Walraven_logo300x300.jpg","width":300,"height":300,"caption":"Walraven s.r.o."},"image":{"@id":"https:\/\/www.walraven.com\/cz\/#\/schema\/logo\/image\/"},"sameAs":["https:\/\/www.facebook.com\/walravenczech\/","https:\/\/www.youtube.com\/channel\/UCKd440wCqHhmKODY1YrLToA","https:\/\/www.linkedin.com\/company\/walravencz","https:\/\/www.instagram.com\/walravencz\/"]}]}},"_links":{"self":[{"href":"https:\/\/www.walraven.com\/cz\/wp-json\/wp\/v2\/pages\/69","targetHints":{"allow":["GET"]}}],"collection":[{"href":"https:\/\/www.walraven.com\/cz\/wp-json\/wp\/v2\/pages"}],"about":[{"href":"https:\/\/www.walraven.com\/cz\/wp-json\/wp\/v2\/types\/page"}],"author":[{"embeddable":true,"href":"https:\/\/www.walraven.com\/cz\/wp-json\/wp\/v2\/users\/1"}],"replies":[{"embeddable":true,"href":"https:\/\/www.walraven.com\/cz\/wp-json\/wp\/v2\/comments?post=69"}],"version-history":[{"count":2,"href":"https:\/\/www.walraven.com\/cz\/wp-json\/wp\/v2\/pages\/69\/revisions"}],"predecessor-version":[{"id":157,"href":"https:\/\/www.walraven.com\/cz\/wp-json\/wp\/v2\/pages\/69\/revisions\/157"}],"wp:attachment":[{"href":"https:\/\/www.walraven.com\/cz\/wp-json\/wp\/v2\/media?parent=69"}],"curies":[{"name":"wp","href":"https:\/\/api.w.org\/{rel}","templated":true}]}}