{"id":17171,"date":"2016-11-03T09:47:00","date_gmt":"2016-11-03T08:47:00","guid":{"rendered":"https:\/\/www.walraven.com\/de\/?page_id=17171"},"modified":"2025-01-29T14:07:10","modified_gmt":"2025-01-29T13:07:10","slug":"links","status":"publish","type":"page","link":"https:\/\/www.walraven.com\/de\/leistungen\/links\/","title":{"rendered":"Hilfreiche Links und weiterf\u00fchrende Informationen"},"content":{"rendered":"<p>&nbsp;<\/p>\n<p><strong>Pr\u00fcfinstitute<\/strong><\/p>\n<ul>\n<li>MPA Braunschweig (iBMB): <a href=\"http:\/\/www.ibmb.tu-bs.de\/\" target=\"_blank\" rel=\"noopener noreferrer\">www.ibmb.tu-bs.de<\/a><\/li>\n<li>MPA Nordrhein-Westfalen: <a href=\"https:\/\/www.mpanrw.de\/home\/\" target=\"_blank\" rel=\"noopener noreferrer\">www.mpanrw.de<\/a><\/li>\n<li>MPA Stuttgart: <a href=\"https:\/\/www.mpa.uni-stuttgart.de\/\" target=\"_blank\" rel=\"noopener noreferrer\">www.mpa.uni-stuttgart.de<\/a><\/li>\n<\/ul>\n<p><strong>Rund um Zulassungen<\/strong><\/p>\n<ul>\n<li>DIBt &#8211; Deutsches Institut f\u00fcr Bautechnik e. V.: <a href=\"https:\/\/www.dibt.de\/\" target=\"_blank\" rel=\"noopener noreferrer\">www.dibt.de<\/a><\/li>\n<li>EOTA &#8211; European Organisation for Technical Approvals:<a href=\"https:\/\/www.eota.eu\/\" target=\"_blank\" rel=\"noopener noreferrer\"> www.eota.eu<\/a><\/li>\n<\/ul>\n<p><strong>Normung und Zertifizierung<\/strong><\/p>\n<ul>\n<li>DIN &#8211; Deutsches Institut f\u00fcr Normung e. V.: <a href=\"https:\/\/www.din.de\/\" target=\"_blank\" rel=\"noopener noreferrer\">www.din.de<\/a><\/li>\n<li>CEN &#8211; Europ\u00e4isches Komitee f\u00fcr Normung: <a href=\"https:\/\/www.cen.eu\" target=\"_blank\" rel=\"noopener noreferrer\">www.cen.eu<\/a><\/li>\n<li>ISO &#8211; Internationale Organisation f\u00fcr Normung: <a href=\"https:\/\/www.iso.org\" target=\"_blank\" rel=\"noopener noreferrer\">www.iso.org<\/a><\/li>\n<li>VdS &#8211; Schadenverh\u00fctung GmbH: <a href=\"http:\/\/www.vds.de\" target=\"_blank\" rel=\"noopener noreferrer\">www.vds.de<\/a><\/li>\n<li>FM Approvals &#8211; Pr\u00fcfungen und Zertifizierungen: <a href=\"http:\/\/www.fmapprovals.com\" target=\"_blank\" rel=\"noopener noreferrer\">www.fmapprovals.com<\/a><\/li>\n<\/ul>\n<p><strong>Kooperationspartner<\/strong><\/p>\n<ul>\n<li>SISTA-Fugendichtstoffe\n<ul>\n<li>Profi-Informationen &#8211; <a href=\"https:\/\/www.sista.de\/de\/profiwissen\/anwendungsgebiete\/sanitaer-und-nassbereich.html\" target=\"_blank\" rel=\"noopener\">Sista Webseite<\/a><\/li>\n<li>Henkel Sicherheitsdatenbl\u00e4tter (laufend aktualisiert) &#8211;\u00a0<a href=\"https:\/\/mysds.henkel.com\/index.html\" target=\"_blank\" rel=\"noopener noreferrer\">https:\/\/mysds.henkel.com<\/a><\/li>\n<\/ul>\n<\/li>\n<li>KEVOX Digitale Dokumentation &#8211; <a href=\"https:\/\/www.kevox.de\/\" target=\"_blank\" rel=\"noopener noreferrer\">www.kevox.de<\/a><\/li>\n<li>SVS Funktechnik in BIS Vario\u00ae Elementen &#8211; <a href=\"https:\/\/www.svs-funk.com\/de\/home\" target=\"_blank\" rel=\"noopener\">www.svs-funk.com\/de<\/a><\/li>\n<\/ul>\n<p><strong>Verb\u00e4nde<\/strong><\/p>\n<ul>\n<li>RAL &#8211; G\u00fctegemeinschaft Rohrbefestigung: <a href=\"https:\/\/www.safe-connection.de\/de\" target=\"_blank\" rel=\"noopener noreferrer\">www.safe-connection.de<\/a><\/li>\n<li>BV Brandschutz &#8211; Bundesverband Brandschutz e. V.: <a href=\"http:\/\/www.bv-brandschutz.de\" target=\"_blank\" rel=\"noopener noreferrer\">www.bv-brandschutz.de<\/a><\/li>\n<li>bvfa &#8211; Bundesverband Technischer Brandschutz e. V.: <a href=\"https:\/\/www.bvfa.de\/\" target=\"_blank\" rel=\"noopener noreferrer\">www.bvfa.de<\/a><\/li>\n<li>EAPFP &#8211; Europ\u00e4ischer Verband f\u00fcr passiven Brandschutz: <a href=\"http:\/\/www.eapfp.com\/\" target=\"_blank\" rel=\"noopener noreferrer\">www.eapfp.com<\/a><\/li>\n<li>GDV &#8211; Gesamtverband der Deutschen Versicherungswirtschaft e. V.: <a href=\"https:\/\/www.gdv.de\/de\" target=\"_blank\" rel=\"noopener noreferrer\">www.gdv.de<\/a><\/li>\n<li>VdBP <strong>&#8211; <\/strong>Vereinigung der Brandschutzplaner e.V.: <a href=\"https:\/\/www.vdbp.de\/\" target=\"_blank\" rel=\"noopener noreferrer\">www.vdbp.de<\/a><\/li>\n<li>VDI &#8211; Verein Deutscher Ingenieure e. V.: <a href=\"https:\/\/www.vdi.de\/\" target=\"_blank\" rel=\"noopener noreferrer\">www.vdi.de<\/a><\/li>\n<li>VdS &#8211; Verband der Sachversicherer: <a href=\"https:\/\/vds.de\/\" target=\"_blank\" rel=\"noopener noreferrer\">www.vds.de<\/a><\/li>\n<li>vfdb &#8211; Verein zur F\u00f6rderung des Deutschen Brandschutzes e. V.: <a href=\"https:\/\/www.vfdb.de\/\" target=\"_blank\" rel=\"noopener noreferrer\">www.vfdb.de<\/a><\/li>\n<\/ul>\n<p><strong>Brandschutzinformationen und -angebote:<\/strong><\/p>\n<ul>\n<li>EIPOS &#8211; Europ\u00e4isches Institut f\u00fcr postgraduale Bildung GmbH: <a href=\"https:\/\/www.eipos.de\/ueber-uns\/bildungspartnerschaft-und-referenzen\" target=\"_blank\" rel=\"noopener\">www.eipos.de<\/a>\n<ul>\n<li>Fachqualifikation &amp; -ausbildung von Mitarbeitenden im Bereich <strong>baulicher Brandschutz<\/strong><\/li>\n<\/ul>\n<\/li>\n<li>Feuertrutz Verlag f\u00fcr Brandschutzpublikationen: <a href=\"https:\/\/www.feuertrutz.de\/\" target=\"_blank\" rel=\"noopener noreferrer\">www.feuertrutz.de<\/a><\/li>\n<li>Dipl.-Ing. Manfred Lippe: <a href=\"https:\/\/www.mlpartner.de\/\" target=\"_blank\" rel=\"noopener noreferrer\">www.mlpartner.de<\/a><\/li>\n<li>Herr Bernd Pr\u00fcmer: <a href=\"https:\/\/www.brandschutz.org\/\" target=\"_blank\" rel=\"noopener noreferrer\">www.brandschutz.org<\/a><\/li>\n<li>IS-ARGEBAU &#8211; Das Informationssystem der Bauministerkonferenz: <a href=\"https:\/\/www.bauministerkonferenz.de\/verzeichnis.aspx?id=759&amp;o=759\" target=\"_blank\" rel=\"noopener noreferrer\">www.is-argebau.de<\/a><\/li>\n<\/ul>\n<p><strong>Empfehlenswerte Fachportale &#8230;<br \/>\n<\/strong>mit Informationen rund um das Thema Generationenbad, Sanit\u00e4rkomfort und barrierefreies Wohnen<\/p>\n<ul>\n<li><strong>GGT Deutsche Gesellschaft f\u00fcr Gerontotechnik<\/strong>: <a href=\"https:\/\/www.gerontotechnik.de\/\" target=\"_blank\" rel=\"noopener noreferrer\">www.gerontotechnik.de<\/a><\/li>\n<li><strong>Treppenlift-Empfehlung:<\/strong> <a href=\"https:\/\/treppenlift-empfehlung.de\/alternativen-zum-treppenlift\/\" target=\"_blank\" rel=\"noopener noreferrer\">https:\/\/treppenlift-empfehlung.de<\/a><\/li>\n<\/ul>\n","protected":false},"excerpt":{"rendered":"<p>&nbsp; Pr\u00fcfinstitute MPA Braunschweig (iBMB): www.ibmb.tu-bs.de MPA Nordrhein-Westfalen: www.mpanrw.de MPA Stuttgart: www.mpa.uni-stuttgart.de Rund um Zulassungen DIBt &#8211; Deutsches Institut f\u00fcr Bautechnik e. V.: www.dibt.de EOTA &#8211; European Organisation for Technical Approvals: www.eota.eu Normung und Zertifizierung DIN &#8211; Deutsches Institut f\u00fcr Normung e. V.: www.din.de CEN &#8211; Europ\u00e4isches Komitee f\u00fcr Normung: www.cen.eu ISO &#8211; Internationale Organisation [&hellip;]<\/p>\n","protected":false},"author":7,"featured_media":0,"parent":5105,"menu_order":0,"comment_status":"closed","ping_status":"closed","template":"","meta":{"_acf_changed":false,"footnotes":""},"class_list":["post-17171","page","type-page","status-publish","hentry"],"acf":[],"yoast_head":"<!-- This site is optimized with the Yoast SEO Premium plugin v27.5 (Yoast SEO v27.5) - https:\/\/yoast.com\/product\/yoast-seo-premium-wordpress\/ -->\n<title>Hilfreiche Links und weiterf\u00fchrende Informationen<\/title>\n<meta name=\"description\" content=\"Weiterf\u00fchrende Informationen, die Ihnen weiterhelfen k\u00f6nnte. Klicken Sie einfach auf den entsprechenden Link!\" \/>\n<meta name=\"robots\" content=\"index, follow, max-snippet:-1, max-image-preview:large, max-video-preview:-1\" \/>\n<link rel=\"canonical\" href=\"https:\/\/www.walraven.com\/de\/leistungen\/links\/\" \/>\n<meta property=\"og:locale\" content=\"de_DE\" \/>\n<meta property=\"og:type\" content=\"article\" \/>\n<meta property=\"og:title\" content=\"Hilfreiche Links und weiterf\u00fchrende Informationen\" \/>\n<meta property=\"og:description\" content=\"Weiterf\u00fchrende Informationen, die Ihnen weiterhelfen k\u00f6nnte. Klicken Sie einfach auf den entsprechenden Link!\" \/>\n<meta property=\"og:url\" content=\"https:\/\/www.walraven.com\/de\/leistungen\/links\/\" \/>\n<meta property=\"og:site_name\" content=\"Walraven Deutschland\" \/>\n<meta property=\"article:publisher\" content=\"https:\/\/www.facebook.com\/Walraven.GmbH\" \/>\n<meta property=\"article:modified_time\" content=\"2025-01-29T13:07:10+00:00\" \/>\n<meta name=\"twitter:card\" content=\"summary_large_image\" \/>\n<meta name=\"twitter:site\" content=\"@BIS_Tech\" \/>\n<meta name=\"twitter:label1\" content=\"Gesch\u00e4tzte Lesezeit\" \/>\n\t<meta name=\"twitter:data1\" content=\"2\u00a0Minuten\" \/>\n<script type=\"application\/ld+json\" class=\"yoast-schema-graph\">{\"@context\":\"https:\\\/\\\/schema.org\",\"@graph\":[{\"@type\":\"WebPage\",\"@id\":\"https:\\\/\\\/www.walraven.com\\\/de\\\/leistungen\\\/links\\\/\",\"url\":\"https:\\\/\\\/www.walraven.com\\\/de\\\/leistungen\\\/links\\\/\",\"name\":\"Hilfreiche Links und weiterf\u00fchrende Informationen\",\"isPartOf\":{\"@id\":\"https:\\\/\\\/www.walraven.com\\\/de\\\/#website\"},\"datePublished\":\"2016-11-03T08:47:00+00:00\",\"dateModified\":\"2025-01-29T13:07:10+00:00\",\"description\":\"Weiterf\u00fchrende Informationen, die Ihnen weiterhelfen k\u00f6nnte. Klicken Sie einfach auf den entsprechenden Link!\",\"breadcrumb\":{\"@id\":\"https:\\\/\\\/www.walraven.com\\\/de\\\/leistungen\\\/links\\\/#breadcrumb\"},\"inLanguage\":\"de\",\"potentialAction\":[{\"@type\":\"ReadAction\",\"target\":[\"https:\\\/\\\/www.walraven.com\\\/de\\\/leistungen\\\/links\\\/\"]}]},{\"@type\":\"BreadcrumbList\",\"@id\":\"https:\\\/\\\/www.walraven.com\\\/de\\\/leistungen\\\/links\\\/#breadcrumb\",\"itemListElement\":[{\"@type\":\"ListItem\",\"position\":1,\"name\":\"Startseite\",\"item\":\"https:\\\/\\\/www.walraven.com\\\/de\\\/\"},{\"@type\":\"ListItem\",\"position\":2,\"name\":\"Alle Serviceleistungen auf einen Blick\",\"item\":\"https:\\\/\\\/www.walraven.com\\\/de\\\/leistungen\\\/\"},{\"@type\":\"ListItem\",\"position\":3,\"name\":\"Hilfreiche Links und weiterf\u00fchrende Informationen\"}]},{\"@type\":\"WebSite\",\"@id\":\"https:\\\/\\\/www.walraven.com\\\/de\\\/#website\",\"url\":\"https:\\\/\\\/www.walraven.com\\\/de\\\/\",\"name\":\"Walraven Deutschland\",\"description\":\"\",\"publisher\":{\"@id\":\"https:\\\/\\\/www.walraven.com\\\/de\\\/#organization\"},\"potentialAction\":[{\"@type\":\"SearchAction\",\"target\":{\"@type\":\"EntryPoint\",\"urlTemplate\":\"https:\\\/\\\/www.walraven.com\\\/de\\\/?s={search_term_string}\"},\"query-input\":{\"@type\":\"PropertyValueSpecification\",\"valueRequired\":true,\"valueName\":\"search_term_string\"}}],\"inLanguage\":\"de\"},{\"@type\":\"Organization\",\"@id\":\"https:\\\/\\\/www.walraven.com\\\/de\\\/#organization\",\"name\":\"Walraven GmbH\",\"alternateName\":\"Walraven GmbH\",\"url\":\"https:\\\/\\\/www.walraven.com\\\/de\\\/\",\"logo\":{\"@type\":\"ImageObject\",\"inLanguage\":\"de\",\"@id\":\"https:\\\/\\\/www.walraven.com\\\/de\\\/#\\\/schema\\\/logo\\\/image\\\/\",\"url\":\"https:\\\/\\\/www.walraven.com\\\/de\\\/wp-content\\\/uploads\\\/sites\\\/4\\\/2023\\\/12\\\/Walraven_logo300x300.jpg\",\"contentUrl\":\"https:\\\/\\\/www.walraven.com\\\/de\\\/wp-content\\\/uploads\\\/sites\\\/4\\\/2023\\\/12\\\/Walraven_logo300x300.jpg\",\"width\":300,\"height\":300,\"caption\":\"Walraven GmbH\"},\"image\":{\"@id\":\"https:\\\/\\\/www.walraven.com\\\/de\\\/#\\\/schema\\\/logo\\\/image\\\/\"},\"sameAs\":[\"https:\\\/\\\/www.facebook.com\\\/Walraven.GmbH\",\"https:\\\/\\\/x.com\\\/BIS_Tech\",\"https:\\\/\\\/www.youtube.com\\\/WalravenDE\",\"https:\\\/\\\/www.linkedin.com\\\/company\\\/walraven-gmbh\",\"https:\\\/\\\/www.instagram.com\\\/walraven.gmbh\\\/\"]}]}<\/script>\n<!-- \/ Yoast SEO Premium plugin. -->","yoast_head_json":{"title":"Hilfreiche Links und weiterf\u00fchrende Informationen","description":"Weiterf\u00fchrende Informationen, die Ihnen weiterhelfen k\u00f6nnte. Klicken Sie einfach auf den entsprechenden Link!","robots":{"index":"index","follow":"follow","max-snippet":"max-snippet:-1","max-image-preview":"max-image-preview:large","max-video-preview":"max-video-preview:-1"},"canonical":"https:\/\/www.walraven.com\/de\/leistungen\/links\/","og_locale":"de_DE","og_type":"article","og_title":"Hilfreiche Links und weiterf\u00fchrende Informationen","og_description":"Weiterf\u00fchrende Informationen, die Ihnen weiterhelfen k\u00f6nnte. Klicken Sie einfach auf den entsprechenden Link!","og_url":"https:\/\/www.walraven.com\/de\/leistungen\/links\/","og_site_name":"Walraven Deutschland","article_publisher":"https:\/\/www.facebook.com\/Walraven.GmbH","article_modified_time":"2025-01-29T13:07:10+00:00","twitter_card":"summary_large_image","twitter_site":"@BIS_Tech","twitter_misc":{"Gesch\u00e4tzte Lesezeit":"2\u00a0Minuten"},"schema":{"@context":"https:\/\/schema.org","@graph":[{"@type":"WebPage","@id":"https:\/\/www.walraven.com\/de\/leistungen\/links\/","url":"https:\/\/www.walraven.com\/de\/leistungen\/links\/","name":"Hilfreiche Links und weiterf\u00fchrende Informationen","isPartOf":{"@id":"https:\/\/www.walraven.com\/de\/#website"},"datePublished":"2016-11-03T08:47:00+00:00","dateModified":"2025-01-29T13:07:10+00:00","description":"Weiterf\u00fchrende Informationen, die Ihnen weiterhelfen k\u00f6nnte. Klicken Sie einfach auf den entsprechenden Link!","breadcrumb":{"@id":"https:\/\/www.walraven.com\/de\/leistungen\/links\/#breadcrumb"},"inLanguage":"de","potentialAction":[{"@type":"ReadAction","target":["https:\/\/www.walraven.com\/de\/leistungen\/links\/"]}]},{"@type":"BreadcrumbList","@id":"https:\/\/www.walraven.com\/de\/leistungen\/links\/#breadcrumb","itemListElement":[{"@type":"ListItem","position":1,"name":"Startseite","item":"https:\/\/www.walraven.com\/de\/"},{"@type":"ListItem","position":2,"name":"Alle Serviceleistungen auf einen Blick","item":"https:\/\/www.walraven.com\/de\/leistungen\/"},{"@type":"ListItem","position":3,"name":"Hilfreiche Links und weiterf\u00fchrende Informationen"}]},{"@type":"WebSite","@id":"https:\/\/www.walraven.com\/de\/#website","url":"https:\/\/www.walraven.com\/de\/","name":"Walraven Deutschland","description":"","publisher":{"@id":"https:\/\/www.walraven.com\/de\/#organization"},"potentialAction":[{"@type":"SearchAction","target":{"@type":"EntryPoint","urlTemplate":"https:\/\/www.walraven.com\/de\/?s={search_term_string}"},"query-input":{"@type":"PropertyValueSpecification","valueRequired":true,"valueName":"search_term_string"}}],"inLanguage":"de"},{"@type":"Organization","@id":"https:\/\/www.walraven.com\/de\/#organization","name":"Walraven GmbH","alternateName":"Walraven GmbH","url":"https:\/\/www.walraven.com\/de\/","logo":{"@type":"ImageObject","inLanguage":"de","@id":"https:\/\/www.walraven.com\/de\/#\/schema\/logo\/image\/","url":"https:\/\/www.walraven.com\/de\/wp-content\/uploads\/sites\/4\/2023\/12\/Walraven_logo300x300.jpg","contentUrl":"https:\/\/www.walraven.com\/de\/wp-content\/uploads\/sites\/4\/2023\/12\/Walraven_logo300x300.jpg","width":300,"height":300,"caption":"Walraven GmbH"},"image":{"@id":"https:\/\/www.walraven.com\/de\/#\/schema\/logo\/image\/"},"sameAs":["https:\/\/www.facebook.com\/Walraven.GmbH","https:\/\/x.com\/BIS_Tech","https:\/\/www.youtube.com\/WalravenDE","https:\/\/www.linkedin.com\/company\/walraven-gmbh","https:\/\/www.instagram.com\/walraven.gmbh\/"]}]}},"_links":{"self":[{"href":"https:\/\/www.walraven.com\/de\/wp-json\/wp\/v2\/pages\/17171","targetHints":{"allow":["GET"]}}],"collection":[{"href":"https:\/\/www.walraven.com\/de\/wp-json\/wp\/v2\/pages"}],"about":[{"href":"https:\/\/www.walraven.com\/de\/wp-json\/wp\/v2\/types\/page"}],"author":[{"embeddable":true,"href":"https:\/\/www.walraven.com\/de\/wp-json\/wp\/v2\/users\/7"}],"replies":[{"embeddable":true,"href":"https:\/\/www.walraven.com\/de\/wp-json\/wp\/v2\/comments?post=17171"}],"version-history":[{"count":8,"href":"https:\/\/www.walraven.com\/de\/wp-json\/wp\/v2\/pages\/17171\/revisions"}],"predecessor-version":[{"id":93294,"href":"https:\/\/www.walraven.com\/de\/wp-json\/wp\/v2\/pages\/17171\/revisions\/93294"}],"up":[{"embeddable":true,"href":"https:\/\/www.walraven.com\/de\/wp-json\/wp\/v2\/pages\/5105"}],"wp:attachment":[{"href":"https:\/\/www.walraven.com\/de\/wp-json\/wp\/v2\/media?parent=17171"}],"curies":[{"name":"wp","href":"https:\/\/api.w.org\/{rel}","templated":true}]}}