{"id":249601,"date":"2026-02-10T07:15:46","date_gmt":"2026-02-10T06:15:46","guid":{"rendered":"https:\/\/www.walraven.com\/de\/?page_id=249601"},"modified":"2026-02-13T09:10:04","modified_gmt":"2026-02-13T08:10:04","slug":"systemloesungen-befestigung-brandschutz-verkabelung-rechenzentren","status":"publish","type":"page","link":"https:\/\/www.walraven.com\/de\/systemloesungen-befestigung-brandschutz-verkabelung-rechenzentren\/","title":{"rendered":"Systeml\u00f6sungen f\u00fcr Befestigung, Brandschutz und Verkabelung in Rechenzentren"},"content":{"rendered":"","protected":false},"excerpt":{"rendered":"<p>&#8211;<br \/>\nHerausforderungen bei TGA-Installationen in Rechenzentren<\/p>\n<p>Die stark steigenden Datenmengen und Speicheranforderungen befeuern den Ausbau von Rechenzentren. Damit entwickeln sich auch die Anforderungen an TGA- und Elektroinstallationen sowie an eine zuverl\u00e4ssige Rechenzentrum-Verkabelung zu einem zentralen Wachstumstreiber in diesem Bereich.<\/p>\n","protected":false},"author":74,"featured_media":249609,"parent":0,"menu_order":0,"comment_status":"closed","ping_status":"closed","template":"page-templates\/tpl-landingspage.php","meta":{"_acf_changed":false,"footnotes":""},"class_list":["post-249601","page","type-page","status-publish","has-post-thumbnail","hentry"],"acf":[],"yoast_head":"<!-- This site is optimized with the Yoast SEO Premium plugin v27.3 (Yoast SEO v27.3) - https:\/\/yoast.com\/product\/yoast-seo-premium-wordpress\/ -->\n<title>Rechenzentrum Verkabelung &amp; Befestigung als Systeml\u00f6sung - Walraven Deutschland<\/title>\n<meta name=\"description\" content=\"Systeml\u00f6sungen f\u00fcr Rechenzentren: Sichere Befestigung, Brandschutz und strukturierte Rechenzentrum-Verkabelung mit gepr\u00fcften Systemen.\" \/>\n<meta name=\"robots\" content=\"index, follow, max-snippet:-1, max-image-preview:large, max-video-preview:-1\" \/>\n<link rel=\"canonical\" href=\"https:\/\/www.walraven.com\/de\/systemloesungen-befestigung-brandschutz-verkabelung-rechenzentren\/\" \/>\n<meta property=\"og:locale\" content=\"de_DE\" \/>\n<meta property=\"og:type\" content=\"article\" \/>\n<meta property=\"og:title\" content=\"Systeml\u00f6sungen f\u00fcr Befestigung, Brandschutz und Verkabelung in Rechenzentren\" \/>\n<meta property=\"og:description\" content=\"Systeml\u00f6sungen f\u00fcr Rechenzentren: Sichere Befestigung, Brandschutz und strukturierte Rechenzentrum-Verkabelung mit gepr\u00fcften Systemen.\" \/>\n<meta property=\"og:url\" content=\"https:\/\/www.walraven.com\/de\/systemloesungen-befestigung-brandschutz-verkabelung-rechenzentren\/\" \/>\n<meta property=\"og:site_name\" content=\"Walraven Deutschland\" \/>\n<meta property=\"article:publisher\" content=\"https:\/\/www.facebook.com\/Walraven.GmbH\" \/>\n<meta property=\"article:modified_time\" content=\"2026-02-13T08:10:04+00:00\" \/>\n<meta property=\"og:image\" content=\"https:\/\/www.walraven.com\/de\/wp-content\/uploads\/sites\/4\/2026\/02\/walraven-systemloesungen-befestigung-brandschutz-fuer-rechenzentren-scaled.jpg\" \/>\n\t<meta property=\"og:image:width\" content=\"2560\" \/>\n\t<meta property=\"og:image:height\" content=\"645\" \/>\n\t<meta property=\"og:image:type\" content=\"image\/jpeg\" \/>\n<meta name=\"twitter:card\" content=\"summary_large_image\" \/>\n<meta name=\"twitter:site\" content=\"@BIS_Tech\" \/>\n<meta name=\"twitter:label1\" content=\"Gesch\u00e4tzte Lesezeit\" \/>\n\t<meta name=\"twitter:data1\" content=\"10\u00a0Minuten\" \/>\n<script type=\"application\/ld+json\" class=\"yoast-schema-graph\">{\"@context\":\"https:\\\/\\\/schema.org\",\"@graph\":[{\"@type\":\"WebPage\",\"@id\":\"https:\\\/\\\/www.walraven.com\\\/de\\\/systemloesungen-befestigung-brandschutz-verkabelung-rechenzentren\\\/\",\"url\":\"https:\\\/\\\/www.walraven.com\\\/de\\\/systemloesungen-befestigung-brandschutz-verkabelung-rechenzentren\\\/\",\"name\":\"Rechenzentrum Verkabelung & Befestigung als Systeml\u00f6sung - Walraven Deutschland\",\"isPartOf\":{\"@id\":\"https:\\\/\\\/www.walraven.com\\\/de\\\/#website\"},\"primaryImageOfPage\":{\"@id\":\"https:\\\/\\\/www.walraven.com\\\/de\\\/systemloesungen-befestigung-brandschutz-verkabelung-rechenzentren\\\/#primaryimage\"},\"image\":{\"@id\":\"https:\\\/\\\/www.walraven.com\\\/de\\\/systemloesungen-befestigung-brandschutz-verkabelung-rechenzentren\\\/#primaryimage\"},\"thumbnailUrl\":\"https:\\\/\\\/www.walraven.com\\\/de\\\/wp-content\\\/uploads\\\/sites\\\/4\\\/2026\\\/02\\\/walraven-systemloesungen-befestigung-brandschutz-fuer-rechenzentren-scaled.jpg\",\"datePublished\":\"2026-02-10T06:15:46+00:00\",\"dateModified\":\"2026-02-13T08:10:04+00:00\",\"description\":\"Systeml\u00f6sungen f\u00fcr Rechenzentren: Sichere Befestigung, Brandschutz und strukturierte Rechenzentrum-Verkabelung mit gepr\u00fcften Systemen.\",\"breadcrumb\":{\"@id\":\"https:\\\/\\\/www.walraven.com\\\/de\\\/systemloesungen-befestigung-brandschutz-verkabelung-rechenzentren\\\/#breadcrumb\"},\"inLanguage\":\"de\",\"potentialAction\":[{\"@type\":\"ReadAction\",\"target\":[\"https:\\\/\\\/www.walraven.com\\\/de\\\/systemloesungen-befestigung-brandschutz-verkabelung-rechenzentren\\\/\"]}]},{\"@type\":\"ImageObject\",\"inLanguage\":\"de\",\"@id\":\"https:\\\/\\\/www.walraven.com\\\/de\\\/systemloesungen-befestigung-brandschutz-verkabelung-rechenzentren\\\/#primaryimage\",\"url\":\"https:\\\/\\\/www.walraven.com\\\/de\\\/wp-content\\\/uploads\\\/sites\\\/4\\\/2026\\\/02\\\/walraven-systemloesungen-befestigung-brandschutz-fuer-rechenzentren-scaled.jpg\",\"contentUrl\":\"https:\\\/\\\/www.walraven.com\\\/de\\\/wp-content\\\/uploads\\\/sites\\\/4\\\/2026\\\/02\\\/walraven-systemloesungen-befestigung-brandschutz-fuer-rechenzentren-scaled.jpg\",\"width\":2560,\"height\":645,\"caption\":\"Langer Gang in einem modernen Rechenzentrum mit beidseitig angeordneten Serversch\u00e4nken hinter Glast\u00fcren und leuchtenden Statusanzeigen. Die Perspektive betont die Tiefe des Raums sowie die saubere strukturierte Umgebung f\u00fcr sichere Server und IT Infrastruktur.\"},{\"@type\":\"BreadcrumbList\",\"@id\":\"https:\\\/\\\/www.walraven.com\\\/de\\\/systemloesungen-befestigung-brandschutz-verkabelung-rechenzentren\\\/#breadcrumb\",\"itemListElement\":[{\"@type\":\"ListItem\",\"position\":1,\"name\":\"Startseite\",\"item\":\"https:\\\/\\\/www.walraven.com\\\/de\\\/\"},{\"@type\":\"ListItem\",\"position\":2,\"name\":\"Systeml\u00f6sungen f\u00fcr Befestigung, Brandschutz und Verkabelung in Rechenzentren\"}]},{\"@type\":\"WebSite\",\"@id\":\"https:\\\/\\\/www.walraven.com\\\/de\\\/#website\",\"url\":\"https:\\\/\\\/www.walraven.com\\\/de\\\/\",\"name\":\"Walraven Deutschland\",\"description\":\"\",\"publisher\":{\"@id\":\"https:\\\/\\\/www.walraven.com\\\/de\\\/#organization\"},\"potentialAction\":[{\"@type\":\"SearchAction\",\"target\":{\"@type\":\"EntryPoint\",\"urlTemplate\":\"https:\\\/\\\/www.walraven.com\\\/de\\\/?s={search_term_string}\"},\"query-input\":{\"@type\":\"PropertyValueSpecification\",\"valueRequired\":true,\"valueName\":\"search_term_string\"}}],\"inLanguage\":\"de\"},{\"@type\":\"Organization\",\"@id\":\"https:\\\/\\\/www.walraven.com\\\/de\\\/#organization\",\"name\":\"Walraven GmbH\",\"alternateName\":\"Walraven GmbH\",\"url\":\"https:\\\/\\\/www.walraven.com\\\/de\\\/\",\"logo\":{\"@type\":\"ImageObject\",\"inLanguage\":\"de\",\"@id\":\"https:\\\/\\\/www.walraven.com\\\/de\\\/#\\\/schema\\\/logo\\\/image\\\/\",\"url\":\"https:\\\/\\\/www.walraven.com\\\/de\\\/wp-content\\\/uploads\\\/sites\\\/4\\\/2023\\\/12\\\/Walraven_logo300x300.jpg\",\"contentUrl\":\"https:\\\/\\\/www.walraven.com\\\/de\\\/wp-content\\\/uploads\\\/sites\\\/4\\\/2023\\\/12\\\/Walraven_logo300x300.jpg\",\"width\":300,\"height\":300,\"caption\":\"Walraven GmbH\"},\"image\":{\"@id\":\"https:\\\/\\\/www.walraven.com\\\/de\\\/#\\\/schema\\\/logo\\\/image\\\/\"},\"sameAs\":[\"https:\\\/\\\/www.facebook.com\\\/Walraven.GmbH\",\"https:\\\/\\\/x.com\\\/BIS_Tech\",\"https:\\\/\\\/www.youtube.com\\\/WalravenDE\",\"https:\\\/\\\/www.linkedin.com\\\/company\\\/walraven-gmbh\",\"https:\\\/\\\/www.instagram.com\\\/walraven.gmbh\\\/\"]}]}<\/script>\n<!-- \/ Yoast SEO Premium plugin. -->","yoast_head_json":{"title":"Rechenzentrum Verkabelung & Befestigung als Systeml\u00f6sung - Walraven Deutschland","description":"Systeml\u00f6sungen f\u00fcr Rechenzentren: Sichere Befestigung, Brandschutz und strukturierte Rechenzentrum-Verkabelung mit gepr\u00fcften Systemen.","robots":{"index":"index","follow":"follow","max-snippet":"max-snippet:-1","max-image-preview":"max-image-preview:large","max-video-preview":"max-video-preview:-1"},"canonical":"https:\/\/www.walraven.com\/de\/systemloesungen-befestigung-brandschutz-verkabelung-rechenzentren\/","og_locale":"de_DE","og_type":"article","og_title":"Systeml\u00f6sungen f\u00fcr Befestigung, Brandschutz und Verkabelung in Rechenzentren","og_description":"Systeml\u00f6sungen f\u00fcr Rechenzentren: Sichere Befestigung, Brandschutz und strukturierte Rechenzentrum-Verkabelung mit gepr\u00fcften Systemen.","og_url":"https:\/\/www.walraven.com\/de\/systemloesungen-befestigung-brandschutz-verkabelung-rechenzentren\/","og_site_name":"Walraven Deutschland","article_publisher":"https:\/\/www.facebook.com\/Walraven.GmbH","article_modified_time":"2026-02-13T08:10:04+00:00","og_image":[{"width":2560,"height":645,"url":"https:\/\/www.walraven.com\/de\/wp-content\/uploads\/sites\/4\/2026\/02\/walraven-systemloesungen-befestigung-brandschutz-fuer-rechenzentren-scaled.jpg","type":"image\/jpeg"}],"twitter_card":"summary_large_image","twitter_site":"@BIS_Tech","twitter_misc":{"Gesch\u00e4tzte Lesezeit":"10\u00a0Minuten"},"schema":{"@context":"https:\/\/schema.org","@graph":[{"@type":"WebPage","@id":"https:\/\/www.walraven.com\/de\/systemloesungen-befestigung-brandschutz-verkabelung-rechenzentren\/","url":"https:\/\/www.walraven.com\/de\/systemloesungen-befestigung-brandschutz-verkabelung-rechenzentren\/","name":"Rechenzentrum Verkabelung & Befestigung als Systeml\u00f6sung - Walraven Deutschland","isPartOf":{"@id":"https:\/\/www.walraven.com\/de\/#website"},"primaryImageOfPage":{"@id":"https:\/\/www.walraven.com\/de\/systemloesungen-befestigung-brandschutz-verkabelung-rechenzentren\/#primaryimage"},"image":{"@id":"https:\/\/www.walraven.com\/de\/systemloesungen-befestigung-brandschutz-verkabelung-rechenzentren\/#primaryimage"},"thumbnailUrl":"https:\/\/www.walraven.com\/de\/wp-content\/uploads\/sites\/4\/2026\/02\/walraven-systemloesungen-befestigung-brandschutz-fuer-rechenzentren-scaled.jpg","datePublished":"2026-02-10T06:15:46+00:00","dateModified":"2026-02-13T08:10:04+00:00","description":"Systeml\u00f6sungen f\u00fcr Rechenzentren: Sichere Befestigung, Brandschutz und strukturierte Rechenzentrum-Verkabelung mit gepr\u00fcften Systemen.","breadcrumb":{"@id":"https:\/\/www.walraven.com\/de\/systemloesungen-befestigung-brandschutz-verkabelung-rechenzentren\/#breadcrumb"},"inLanguage":"de","potentialAction":[{"@type":"ReadAction","target":["https:\/\/www.walraven.com\/de\/systemloesungen-befestigung-brandschutz-verkabelung-rechenzentren\/"]}]},{"@type":"ImageObject","inLanguage":"de","@id":"https:\/\/www.walraven.com\/de\/systemloesungen-befestigung-brandschutz-verkabelung-rechenzentren\/#primaryimage","url":"https:\/\/www.walraven.com\/de\/wp-content\/uploads\/sites\/4\/2026\/02\/walraven-systemloesungen-befestigung-brandschutz-fuer-rechenzentren-scaled.jpg","contentUrl":"https:\/\/www.walraven.com\/de\/wp-content\/uploads\/sites\/4\/2026\/02\/walraven-systemloesungen-befestigung-brandschutz-fuer-rechenzentren-scaled.jpg","width":2560,"height":645,"caption":"Langer Gang in einem modernen Rechenzentrum mit beidseitig angeordneten Serversch\u00e4nken hinter Glast\u00fcren und leuchtenden Statusanzeigen. Die Perspektive betont die Tiefe des Raums sowie die saubere strukturierte Umgebung f\u00fcr sichere Server und IT Infrastruktur."},{"@type":"BreadcrumbList","@id":"https:\/\/www.walraven.com\/de\/systemloesungen-befestigung-brandschutz-verkabelung-rechenzentren\/#breadcrumb","itemListElement":[{"@type":"ListItem","position":1,"name":"Startseite","item":"https:\/\/www.walraven.com\/de\/"},{"@type":"ListItem","position":2,"name":"Systeml\u00f6sungen f\u00fcr Befestigung, Brandschutz und Verkabelung in Rechenzentren"}]},{"@type":"WebSite","@id":"https:\/\/www.walraven.com\/de\/#website","url":"https:\/\/www.walraven.com\/de\/","name":"Walraven Deutschland","description":"","publisher":{"@id":"https:\/\/www.walraven.com\/de\/#organization"},"potentialAction":[{"@type":"SearchAction","target":{"@type":"EntryPoint","urlTemplate":"https:\/\/www.walraven.com\/de\/?s={search_term_string}"},"query-input":{"@type":"PropertyValueSpecification","valueRequired":true,"valueName":"search_term_string"}}],"inLanguage":"de"},{"@type":"Organization","@id":"https:\/\/www.walraven.com\/de\/#organization","name":"Walraven GmbH","alternateName":"Walraven GmbH","url":"https:\/\/www.walraven.com\/de\/","logo":{"@type":"ImageObject","inLanguage":"de","@id":"https:\/\/www.walraven.com\/de\/#\/schema\/logo\/image\/","url":"https:\/\/www.walraven.com\/de\/wp-content\/uploads\/sites\/4\/2023\/12\/Walraven_logo300x300.jpg","contentUrl":"https:\/\/www.walraven.com\/de\/wp-content\/uploads\/sites\/4\/2023\/12\/Walraven_logo300x300.jpg","width":300,"height":300,"caption":"Walraven GmbH"},"image":{"@id":"https:\/\/www.walraven.com\/de\/#\/schema\/logo\/image\/"},"sameAs":["https:\/\/www.facebook.com\/Walraven.GmbH","https:\/\/x.com\/BIS_Tech","https:\/\/www.youtube.com\/WalravenDE","https:\/\/www.linkedin.com\/company\/walraven-gmbh","https:\/\/www.instagram.com\/walraven.gmbh\/"]}]}},"_links":{"self":[{"href":"https:\/\/www.walraven.com\/de\/wp-json\/wp\/v2\/pages\/249601","targetHints":{"allow":["GET"]}}],"collection":[{"href":"https:\/\/www.walraven.com\/de\/wp-json\/wp\/v2\/pages"}],"about":[{"href":"https:\/\/www.walraven.com\/de\/wp-json\/wp\/v2\/types\/page"}],"author":[{"embeddable":true,"href":"https:\/\/www.walraven.com\/de\/wp-json\/wp\/v2\/users\/74"}],"replies":[{"embeddable":true,"href":"https:\/\/www.walraven.com\/de\/wp-json\/wp\/v2\/comments?post=249601"}],"version-history":[{"count":5,"href":"https:\/\/www.walraven.com\/de\/wp-json\/wp\/v2\/pages\/249601\/revisions"}],"predecessor-version":[{"id":251798,"href":"https:\/\/www.walraven.com\/de\/wp-json\/wp\/v2\/pages\/249601\/revisions\/251798"}],"wp:featuredmedia":[{"embeddable":true,"href":"https:\/\/www.walraven.com\/de\/wp-json\/wp\/v2\/media\/249609"}],"wp:attachment":[{"href":"https:\/\/www.walraven.com\/de\/wp-json\/wp\/v2\/media?parent=249601"}],"curies":[{"name":"wp","href":"https:\/\/api.w.org\/{rel}","templated":true}]}}