{"id":258969,"date":"2026-03-10T10:06:30","date_gmt":"2026-03-10T09:06:30","guid":{"rendered":"https:\/\/www.walraven.com\/de\/?page_id=258969"},"modified":"2026-03-25T13:22:13","modified_gmt":"2026-03-25T12:22:13","slug":"abstandsregeln-zwischen-systemen","status":"publish","type":"page","link":"https:\/\/www.walraven.com\/de\/leistungen\/akademie\/webinare\/abstandsregeln-zwischen-systemen\/","title":{"rendered":"Webinar \"Brandschutz bei Rohr- und Kabelabschottungen \u2013 Abstandsregeln zwischen Systemen\""},"content":{"rendered":"<p><img loading=\"lazy\" decoding=\"async\" class=\"size-medium wp-image-145027 alignright\" src=\"https:\/\/www.walraven.com\/de\/wp-content\/uploads\/sites\/4\/2025\/08\/webinar-brandschutz-rohabschottungen-1080x1080px-300x300.jpg\" alt=\"Webinar Brandschutz bei Rohr- und Kabelabschottungen - &quot;Abstandsregeln zwischen Systemen&quot;\" width=\"300\" height=\"300\" srcset=\"https:\/\/www.walraven.com\/de\/wp-content\/uploads\/sites\/4\/2025\/08\/webinar-brandschutz-rohabschottungen-1080x1080px-300x300.jpg 300w, https:\/\/www.walraven.com\/de\/wp-content\/uploads\/sites\/4\/2025\/08\/webinar-brandschutz-rohabschottungen-1080x1080px-1024x1024.jpg 1024w, https:\/\/www.walraven.com\/de\/wp-content\/uploads\/sites\/4\/2025\/08\/webinar-brandschutz-rohabschottungen-1080x1080px-150x150.jpg 150w, https:\/\/www.walraven.com\/de\/wp-content\/uploads\/sites\/4\/2025\/08\/webinar-brandschutz-rohabschottungen-1080x1080px-768x768.jpg 768w, https:\/\/www.walraven.com\/de\/wp-content\/uploads\/sites\/4\/2025\/08\/webinar-brandschutz-rohabschottungen-1080x1080px-60x60.jpg 60w, https:\/\/www.walraven.com\/de\/wp-content\/uploads\/sites\/4\/2025\/08\/webinar-brandschutz-rohabschottungen-1080x1080px-400x400.jpg 400w, https:\/\/www.walraven.com\/de\/wp-content\/uploads\/sites\/4\/2025\/08\/webinar-brandschutz-rohabschottungen-1080x1080px-305x305.jpg 305w, https:\/\/www.walraven.com\/de\/wp-content\/uploads\/sites\/4\/2025\/08\/webinar-brandschutz-rohabschottungen-1080x1080px-381x381.jpg 381w, https:\/\/www.walraven.com\/de\/wp-content\/uploads\/sites\/4\/2025\/08\/webinar-brandschutz-rohabschottungen-1080x1080px.jpg 1080w\" sizes=\"auto, (max-width: 300px) 100vw, 300px\" \/><\/p>\n<p><strong><em>I<\/em><\/strong><strong><em>nhalte<\/em><\/strong><\/p>\n<ul>\n<li>Allgemeine Abstandsregeln nach MLAR und Verwendbarkeitsnachweis<\/li>\n<li>Ausbildung von Versorgungssch\u00e4chten im Walraven Nullabstandssystem<\/li>\n<li>Projektunterst\u00fctzung im Au\u00dfendienst<\/li>\n<\/ul>\n<p><em><strong>Experte<br \/>\n<\/strong><\/em>Simon Christer<br \/>\nFachplaner f\u00fcr geb\u00e4udetechnischen Brandschutz (EIPOS)<\/p>\n<p>&nbsp;<\/p>\n<h2><strong>Anmeldeformular<\/strong><\/h2>\n<div class=\"ms-form\"><div\r\n        data-form-id='4ef82a3e-aa22-f111-8341-6045bd9ecf9f'\r\n        data-form-api-url='https:\/\/public-eur.mkt.dynamics.com\/api\/v1.0\/orgs\/2cd7df8f-f10a-4dbf-abd6-99a66c64630a\/eventmanagement'\r\n        data-cached-form-url='https:\/\/assets1-eur.mkt.dynamics.com\/2cd7df8f-f10a-4dbf-abd6-99a66c64630a\/digitalassets\/forms\/4ef82a3e-aa22-f111-8341-6045bd9ecf9f' data-readable-event-id='0230_MKT_DE_Event_Webinar_Brandschutz_bei_Rohr-_und_Kabelabschottungen3853100811'><\/div>\r\n        <script src = 'https:\/\/cxppusa1formui01cdnsa01-endpoint.azureedge.net\/eur\/FormLoader\/FormLoader.bundle.js' ><\/script><\/div>\n","protected":false},"excerpt":{"rendered":"<p>&#8211;<br \/>\nKostenloses Live-Webinar<\/p>\n<p>In diesem Webinar erfahren Sie, welche Abstandsregeln bei Rohr- und Kabelabschottungen zu beachten sind. Wir erl\u00e4utern die Anforderungen aus der MLAR und aus Verwendbarkeitsnachweisen und zeigen, wie Versorgungssch\u00e4chte im Walraven Nullabstandssystem ausgebildet werden k\u00f6nnen. Zudem erhalten Sie Einblicke in die Projektunterst\u00fctzung durch unseren Au\u00dfendienst.<\/p>\n","protected":false},"author":74,"featured_media":145027,"parent":78959,"menu_order":0,"comment_status":"closed","ping_status":"closed","template":"","meta":{"_acf_changed":false,"footnotes":""},"class_list":["post-258969","page","type-page","status-publish","has-post-thumbnail","hentry"],"acf":[],"yoast_head":"<!-- This site is optimized with the Yoast SEO Premium plugin v27.3 (Yoast SEO v27.3) - https:\/\/yoast.com\/product\/yoast-seo-premium-wordpress\/ -->\n<title>Webinar &quot;Brandschutz bei Rohr- und Kabelabschottungen&quot; - Walraven Deutschland<\/title>\n<meta name=\"description\" content=\"Webinar zu Abst\u00e4nden zwischen Rohr- und Kabelabschottungen: Regeln nach MLAR, Ausbildung von Versorgungssch\u00e4chten im Nullabstandssystem.\" \/>\n<meta name=\"robots\" content=\"index, follow, max-snippet:-1, max-image-preview:large, max-video-preview:-1\" \/>\n<link rel=\"canonical\" href=\"https:\/\/www.walraven.com\/de\/leistungen\/akademie\/webinare\/abstandsregeln-zwischen-systemen\/\" \/>\n<meta property=\"og:locale\" content=\"de_DE\" \/>\n<meta property=\"og:type\" content=\"article\" \/>\n<meta property=\"og:title\" content=\"Webinar &quot;Brandschutz bei Rohr- und Kabelabschottungen \u2013 Abstandsregeln zwischen Systemen&quot;\" \/>\n<meta property=\"og:description\" content=\"Webinar zu Abst\u00e4nden zwischen Rohr- und Kabelabschottungen: Regeln nach MLAR, Ausbildung von Versorgungssch\u00e4chten im Nullabstandssystem.\" \/>\n<meta property=\"og:url\" content=\"https:\/\/www.walraven.com\/de\/leistungen\/akademie\/webinare\/abstandsregeln-zwischen-systemen\/\" \/>\n<meta property=\"og:site_name\" content=\"Walraven Deutschland\" \/>\n<meta property=\"article:publisher\" content=\"https:\/\/www.facebook.com\/Walraven.GmbH\" \/>\n<meta property=\"article:modified_time\" content=\"2026-03-25T12:22:13+00:00\" \/>\n<meta property=\"og:image\" content=\"https:\/\/www.walraven.com\/de\/wp-content\/uploads\/sites\/4\/2025\/08\/webinar-brandschutz-rohabschottungen-1080x1080px.jpg\" \/>\n\t<meta property=\"og:image:width\" content=\"1080\" \/>\n\t<meta property=\"og:image:height\" content=\"1080\" \/>\n\t<meta property=\"og:image:type\" content=\"image\/jpeg\" \/>\n<meta name=\"twitter:card\" content=\"summary_large_image\" \/>\n<meta name=\"twitter:site\" content=\"@BIS_Tech\" \/>\n<meta name=\"twitter:label1\" content=\"Gesch\u00e4tzte Lesezeit\" \/>\n\t<meta name=\"twitter:data1\" content=\"1\u00a0Minute\" \/>\n<script type=\"application\/ld+json\" class=\"yoast-schema-graph\">{\"@context\":\"https:\\\/\\\/schema.org\",\"@graph\":[{\"@type\":\"WebPage\",\"@id\":\"https:\\\/\\\/www.walraven.com\\\/de\\\/leistungen\\\/akademie\\\/webinare\\\/abstandsregeln-zwischen-systemen\\\/\",\"url\":\"https:\\\/\\\/www.walraven.com\\\/de\\\/leistungen\\\/akademie\\\/webinare\\\/abstandsregeln-zwischen-systemen\\\/\",\"name\":\"Webinar \\\"Brandschutz bei Rohr- und Kabelabschottungen\\\" - Walraven Deutschland\",\"isPartOf\":{\"@id\":\"https:\\\/\\\/www.walraven.com\\\/de\\\/#website\"},\"primaryImageOfPage\":{\"@id\":\"https:\\\/\\\/www.walraven.com\\\/de\\\/leistungen\\\/akademie\\\/webinare\\\/abstandsregeln-zwischen-systemen\\\/#primaryimage\"},\"image\":{\"@id\":\"https:\\\/\\\/www.walraven.com\\\/de\\\/leistungen\\\/akademie\\\/webinare\\\/abstandsregeln-zwischen-systemen\\\/#primaryimage\"},\"thumbnailUrl\":\"https:\\\/\\\/www.walraven.com\\\/de\\\/wp-content\\\/uploads\\\/sites\\\/4\\\/2025\\\/08\\\/webinar-brandschutz-rohabschottungen-1080x1080px.jpg\",\"datePublished\":\"2026-03-10T09:06:30+00:00\",\"dateModified\":\"2026-03-25T12:22:13+00:00\",\"description\":\"Webinar zu Abst\u00e4nden zwischen Rohr- und Kabelabschottungen: Regeln nach MLAR, Ausbildung von Versorgungssch\u00e4chten im Nullabstandssystem.\",\"breadcrumb\":{\"@id\":\"https:\\\/\\\/www.walraven.com\\\/de\\\/leistungen\\\/akademie\\\/webinare\\\/abstandsregeln-zwischen-systemen\\\/#breadcrumb\"},\"inLanguage\":\"de\",\"potentialAction\":[{\"@type\":\"ReadAction\",\"target\":[\"https:\\\/\\\/www.walraven.com\\\/de\\\/leistungen\\\/akademie\\\/webinare\\\/abstandsregeln-zwischen-systemen\\\/\"]}]},{\"@type\":\"ImageObject\",\"inLanguage\":\"de\",\"@id\":\"https:\\\/\\\/www.walraven.com\\\/de\\\/leistungen\\\/akademie\\\/webinare\\\/abstandsregeln-zwischen-systemen\\\/#primaryimage\",\"url\":\"https:\\\/\\\/www.walraven.com\\\/de\\\/wp-content\\\/uploads\\\/sites\\\/4\\\/2025\\\/08\\\/webinar-brandschutz-rohabschottungen-1080x1080px.jpg\",\"contentUrl\":\"https:\\\/\\\/www.walraven.com\\\/de\\\/wp-content\\\/uploads\\\/sites\\\/4\\\/2025\\\/08\\\/webinar-brandschutz-rohabschottungen-1080x1080px.jpg\",\"width\":1080,\"height\":1080,\"caption\":\"Webinar Brandschutz bei Rohr- und Kabelabschottungen - \\\"Abstandsregeln zwischen Systemen\\\"\"},{\"@type\":\"BreadcrumbList\",\"@id\":\"https:\\\/\\\/www.walraven.com\\\/de\\\/leistungen\\\/akademie\\\/webinare\\\/abstandsregeln-zwischen-systemen\\\/#breadcrumb\",\"itemListElement\":[{\"@type\":\"ListItem\",\"position\":1,\"name\":\"Startseite\",\"item\":\"https:\\\/\\\/www.walraven.com\\\/de\\\/\"},{\"@type\":\"ListItem\",\"position\":2,\"name\":\"Alle Serviceleistungen auf einen Blick\",\"item\":\"https:\\\/\\\/www.walraven.com\\\/de\\\/leistungen\\\/\"},{\"@type\":\"ListItem\",\"position\":3,\"name\":\"Walraven-Akademie\",\"item\":\"https:\\\/\\\/www.walraven.com\\\/de\\\/leistungen\\\/akademie\\\/\"},{\"@type\":\"ListItem\",\"position\":4,\"name\":\"Live Webinare der Walraven-Akademie\",\"item\":\"https:\\\/\\\/www.walraven.com\\\/de\\\/leistungen\\\/akademie\\\/webinare\\\/\"},{\"@type\":\"ListItem\",\"position\":5,\"name\":\"Webinar &#8220;Brandschutz bei Rohr- und Kabelabschottungen \u2013 Abstandsregeln zwischen Systemen&#8221;\"}]},{\"@type\":\"WebSite\",\"@id\":\"https:\\\/\\\/www.walraven.com\\\/de\\\/#website\",\"url\":\"https:\\\/\\\/www.walraven.com\\\/de\\\/\",\"name\":\"Walraven Deutschland\",\"description\":\"\",\"publisher\":{\"@id\":\"https:\\\/\\\/www.walraven.com\\\/de\\\/#organization\"},\"potentialAction\":[{\"@type\":\"SearchAction\",\"target\":{\"@type\":\"EntryPoint\",\"urlTemplate\":\"https:\\\/\\\/www.walraven.com\\\/de\\\/?s={search_term_string}\"},\"query-input\":{\"@type\":\"PropertyValueSpecification\",\"valueRequired\":true,\"valueName\":\"search_term_string\"}}],\"inLanguage\":\"de\"},{\"@type\":\"Organization\",\"@id\":\"https:\\\/\\\/www.walraven.com\\\/de\\\/#organization\",\"name\":\"Walraven GmbH\",\"alternateName\":\"Walraven GmbH\",\"url\":\"https:\\\/\\\/www.walraven.com\\\/de\\\/\",\"logo\":{\"@type\":\"ImageObject\",\"inLanguage\":\"de\",\"@id\":\"https:\\\/\\\/www.walraven.com\\\/de\\\/#\\\/schema\\\/logo\\\/image\\\/\",\"url\":\"https:\\\/\\\/www.walraven.com\\\/de\\\/wp-content\\\/uploads\\\/sites\\\/4\\\/2023\\\/12\\\/Walraven_logo300x300.jpg\",\"contentUrl\":\"https:\\\/\\\/www.walraven.com\\\/de\\\/wp-content\\\/uploads\\\/sites\\\/4\\\/2023\\\/12\\\/Walraven_logo300x300.jpg\",\"width\":300,\"height\":300,\"caption\":\"Walraven GmbH\"},\"image\":{\"@id\":\"https:\\\/\\\/www.walraven.com\\\/de\\\/#\\\/schema\\\/logo\\\/image\\\/\"},\"sameAs\":[\"https:\\\/\\\/www.facebook.com\\\/Walraven.GmbH\",\"https:\\\/\\\/x.com\\\/BIS_Tech\",\"https:\\\/\\\/www.youtube.com\\\/WalravenDE\",\"https:\\\/\\\/www.linkedin.com\\\/company\\\/walraven-gmbh\",\"https:\\\/\\\/www.instagram.com\\\/walraven.gmbh\\\/\"]}]}<\/script>\n<!-- \/ Yoast SEO Premium plugin. -->","yoast_head_json":{"title":"Webinar \"Brandschutz bei Rohr- und Kabelabschottungen\" - Walraven Deutschland","description":"Webinar zu Abst\u00e4nden zwischen Rohr- und Kabelabschottungen: Regeln nach MLAR, Ausbildung von Versorgungssch\u00e4chten im Nullabstandssystem.","robots":{"index":"index","follow":"follow","max-snippet":"max-snippet:-1","max-image-preview":"max-image-preview:large","max-video-preview":"max-video-preview:-1"},"canonical":"https:\/\/www.walraven.com\/de\/leistungen\/akademie\/webinare\/abstandsregeln-zwischen-systemen\/","og_locale":"de_DE","og_type":"article","og_title":"Webinar \"Brandschutz bei Rohr- und Kabelabschottungen \u2013 Abstandsregeln zwischen Systemen\"","og_description":"Webinar zu Abst\u00e4nden zwischen Rohr- und Kabelabschottungen: Regeln nach MLAR, Ausbildung von Versorgungssch\u00e4chten im Nullabstandssystem.","og_url":"https:\/\/www.walraven.com\/de\/leistungen\/akademie\/webinare\/abstandsregeln-zwischen-systemen\/","og_site_name":"Walraven Deutschland","article_publisher":"https:\/\/www.facebook.com\/Walraven.GmbH","article_modified_time":"2026-03-25T12:22:13+00:00","og_image":[{"width":1080,"height":1080,"url":"https:\/\/www.walraven.com\/de\/wp-content\/uploads\/sites\/4\/2025\/08\/webinar-brandschutz-rohabschottungen-1080x1080px.jpg","type":"image\/jpeg"}],"twitter_card":"summary_large_image","twitter_site":"@BIS_Tech","twitter_misc":{"Gesch\u00e4tzte Lesezeit":"1\u00a0Minute"},"schema":{"@context":"https:\/\/schema.org","@graph":[{"@type":"WebPage","@id":"https:\/\/www.walraven.com\/de\/leistungen\/akademie\/webinare\/abstandsregeln-zwischen-systemen\/","url":"https:\/\/www.walraven.com\/de\/leistungen\/akademie\/webinare\/abstandsregeln-zwischen-systemen\/","name":"Webinar \"Brandschutz bei Rohr- und Kabelabschottungen\" - Walraven Deutschland","isPartOf":{"@id":"https:\/\/www.walraven.com\/de\/#website"},"primaryImageOfPage":{"@id":"https:\/\/www.walraven.com\/de\/leistungen\/akademie\/webinare\/abstandsregeln-zwischen-systemen\/#primaryimage"},"image":{"@id":"https:\/\/www.walraven.com\/de\/leistungen\/akademie\/webinare\/abstandsregeln-zwischen-systemen\/#primaryimage"},"thumbnailUrl":"https:\/\/www.walraven.com\/de\/wp-content\/uploads\/sites\/4\/2025\/08\/webinar-brandschutz-rohabschottungen-1080x1080px.jpg","datePublished":"2026-03-10T09:06:30+00:00","dateModified":"2026-03-25T12:22:13+00:00","description":"Webinar zu Abst\u00e4nden zwischen Rohr- und Kabelabschottungen: Regeln nach MLAR, Ausbildung von Versorgungssch\u00e4chten im Nullabstandssystem.","breadcrumb":{"@id":"https:\/\/www.walraven.com\/de\/leistungen\/akademie\/webinare\/abstandsregeln-zwischen-systemen\/#breadcrumb"},"inLanguage":"de","potentialAction":[{"@type":"ReadAction","target":["https:\/\/www.walraven.com\/de\/leistungen\/akademie\/webinare\/abstandsregeln-zwischen-systemen\/"]}]},{"@type":"ImageObject","inLanguage":"de","@id":"https:\/\/www.walraven.com\/de\/leistungen\/akademie\/webinare\/abstandsregeln-zwischen-systemen\/#primaryimage","url":"https:\/\/www.walraven.com\/de\/wp-content\/uploads\/sites\/4\/2025\/08\/webinar-brandschutz-rohabschottungen-1080x1080px.jpg","contentUrl":"https:\/\/www.walraven.com\/de\/wp-content\/uploads\/sites\/4\/2025\/08\/webinar-brandschutz-rohabschottungen-1080x1080px.jpg","width":1080,"height":1080,"caption":"Webinar Brandschutz bei Rohr- und Kabelabschottungen - \"Abstandsregeln zwischen Systemen\""},{"@type":"BreadcrumbList","@id":"https:\/\/www.walraven.com\/de\/leistungen\/akademie\/webinare\/abstandsregeln-zwischen-systemen\/#breadcrumb","itemListElement":[{"@type":"ListItem","position":1,"name":"Startseite","item":"https:\/\/www.walraven.com\/de\/"},{"@type":"ListItem","position":2,"name":"Alle Serviceleistungen auf einen Blick","item":"https:\/\/www.walraven.com\/de\/leistungen\/"},{"@type":"ListItem","position":3,"name":"Walraven-Akademie","item":"https:\/\/www.walraven.com\/de\/leistungen\/akademie\/"},{"@type":"ListItem","position":4,"name":"Live Webinare der Walraven-Akademie","item":"https:\/\/www.walraven.com\/de\/leistungen\/akademie\/webinare\/"},{"@type":"ListItem","position":5,"name":"Webinar &#8220;Brandschutz bei Rohr- und Kabelabschottungen \u2013 Abstandsregeln zwischen Systemen&#8221;"}]},{"@type":"WebSite","@id":"https:\/\/www.walraven.com\/de\/#website","url":"https:\/\/www.walraven.com\/de\/","name":"Walraven Deutschland","description":"","publisher":{"@id":"https:\/\/www.walraven.com\/de\/#organization"},"potentialAction":[{"@type":"SearchAction","target":{"@type":"EntryPoint","urlTemplate":"https:\/\/www.walraven.com\/de\/?s={search_term_string}"},"query-input":{"@type":"PropertyValueSpecification","valueRequired":true,"valueName":"search_term_string"}}],"inLanguage":"de"},{"@type":"Organization","@id":"https:\/\/www.walraven.com\/de\/#organization","name":"Walraven GmbH","alternateName":"Walraven GmbH","url":"https:\/\/www.walraven.com\/de\/","logo":{"@type":"ImageObject","inLanguage":"de","@id":"https:\/\/www.walraven.com\/de\/#\/schema\/logo\/image\/","url":"https:\/\/www.walraven.com\/de\/wp-content\/uploads\/sites\/4\/2023\/12\/Walraven_logo300x300.jpg","contentUrl":"https:\/\/www.walraven.com\/de\/wp-content\/uploads\/sites\/4\/2023\/12\/Walraven_logo300x300.jpg","width":300,"height":300,"caption":"Walraven GmbH"},"image":{"@id":"https:\/\/www.walraven.com\/de\/#\/schema\/logo\/image\/"},"sameAs":["https:\/\/www.facebook.com\/Walraven.GmbH","https:\/\/x.com\/BIS_Tech","https:\/\/www.youtube.com\/WalravenDE","https:\/\/www.linkedin.com\/company\/walraven-gmbh","https:\/\/www.instagram.com\/walraven.gmbh\/"]}]}},"_links":{"self":[{"href":"https:\/\/www.walraven.com\/de\/wp-json\/wp\/v2\/pages\/258969","targetHints":{"allow":["GET"]}}],"collection":[{"href":"https:\/\/www.walraven.com\/de\/wp-json\/wp\/v2\/pages"}],"about":[{"href":"https:\/\/www.walraven.com\/de\/wp-json\/wp\/v2\/types\/page"}],"author":[{"embeddable":true,"href":"https:\/\/www.walraven.com\/de\/wp-json\/wp\/v2\/users\/74"}],"replies":[{"embeddable":true,"href":"https:\/\/www.walraven.com\/de\/wp-json\/wp\/v2\/comments?post=258969"}],"version-history":[{"count":5,"href":"https:\/\/www.walraven.com\/de\/wp-json\/wp\/v2\/pages\/258969\/revisions"}],"predecessor-version":[{"id":258972,"href":"https:\/\/www.walraven.com\/de\/wp-json\/wp\/v2\/pages\/258969\/revisions\/258972"}],"up":[{"embeddable":true,"href":"https:\/\/www.walraven.com\/de\/wp-json\/wp\/v2\/pages\/78959"}],"wp:featuredmedia":[{"embeddable":true,"href":"https:\/\/www.walraven.com\/de\/wp-json\/wp\/v2\/media\/145027"}],"wp:attachment":[{"href":"https:\/\/www.walraven.com\/de\/wp-json\/wp\/v2\/media?parent=258969"}],"curies":[{"name":"wp","href":"https:\/\/api.w.org\/{rel}","templated":true}]}}