{"id":27381,"date":"2016-11-10T16:08:20","date_gmt":"2016-11-10T15:08:20","guid":{"rendered":"https:\/\/www.walraven.com\/de\/?page_id=27381"},"modified":"2020-02-11T10:14:38","modified_gmt":"2020-02-11T09:14:38","slug":"baustellenberatung","status":"publish","type":"page","link":"https:\/\/www.walraven.com\/de\/leistungen\/technischer-service\/baustellenberatung\/","title":{"rendered":"Baustellenberatung"},"content":{"rendered":"<p>Auf telefonische Anfrage oder im Rahmen unserer Baustellenberatung bieten wir Ihnen technische Unterst\u00fctzung bei Planung und Umsetzung des Bauvorhabens an.<\/p>\n<p><img loading=\"lazy\" decoding=\"async\" class=\"alignnone wp-image-73286\" src=\"https:\/\/www.walraven.com\/wp-content\/uploads\/sites\/4\/2019\/06\/TSS-1.jpg\" alt=\"Technischer Support - auch vor Ort\" width=\"566\" height=\"400\" srcset=\"https:\/\/www.walraven.com\/de\/wp-content\/uploads\/sites\/4\/2019\/06\/TSS-1.jpg 630w, https:\/\/www.walraven.com\/de\/wp-content\/uploads\/sites\/4\/2019\/06\/TSS-1-300x212.jpg 300w, https:\/\/www.walraven.com\/de\/wp-content\/uploads\/sites\/4\/2019\/06\/TSS-1-432x305.jpg 432w, https:\/\/www.walraven.com\/de\/wp-content\/uploads\/sites\/4\/2019\/06\/TSS-1-539x381.jpg 539w\" sizes=\"auto, (max-width: 566px) 100vw, 566px\" \/><\/p>\n<p style=\"text-align: left\">Senden Sie hierf\u00fcr einfach eine E-Mail mit Ihren Baupl\u00e4nen und wichtigen Eckdaten an:<\/p>\n<ul>\n<li><a href=\"mailto:technik.de@walraven.de\"><strong>technik.de@walraven.com<\/strong><\/a><\/li>\n<\/ul>\n<p>Unsere technische Abteilung wird sich umgehend mit Ihnen in Verbindung setzen.<\/p>\n<p>&nbsp;<\/p>\n","protected":false},"excerpt":{"rendered":"<p>Auf telefonische Anfrage oder im Rahmen unserer Baustellenberatung bieten wir Ihnen technische Unterst\u00fctzung bei Planung und Umsetzung des Bauvorhabens an. Senden Sie hierf\u00fcr einfach eine E-Mail mit Ihren Baupl\u00e4nen und wichtigen Eckdaten an: technik.de@walraven.com Unsere technische Abteilung wird sich umgehend mit Ihnen in Verbindung setzen. &nbsp;<\/p>\n","protected":false},"author":7,"featured_media":0,"parent":27379,"menu_order":0,"comment_status":"closed","ping_status":"closed","template":"","meta":{"_acf_changed":false,"footnotes":""},"class_list":["post-27381","page","type-page","status-publish","hentry"],"acf":[],"yoast_head":"<!-- This site is optimized with the Yoast SEO Premium plugin v27.3 (Yoast SEO v27.3) - https:\/\/yoast.com\/product\/yoast-seo-premium-wordpress\/ -->\n<title>Baustellenberatung - Walraven Deutschland<\/title>\n<meta name=\"description\" content=\"Technische Unterst\u00fctzung bei der Planung und Umsetzung Ihres Bauvorhabens bieten wir Ihnen an. Kontaktieren Sie unseren technischen Service!\" \/>\n<meta name=\"robots\" content=\"index, follow, max-snippet:-1, max-image-preview:large, max-video-preview:-1\" \/>\n<link rel=\"canonical\" href=\"https:\/\/www.walraven.com\/de\/leistungen\/technischer-service\/baustellenberatung\/\" \/>\n<meta property=\"og:locale\" content=\"de_DE\" \/>\n<meta property=\"og:type\" content=\"article\" \/>\n<meta property=\"og:title\" content=\"Baustellenberatung\" \/>\n<meta property=\"og:description\" content=\"Technische Unterst\u00fctzung bei der Planung und Umsetzung Ihres Bauvorhabens bieten wir Ihnen an. Kontaktieren Sie unseren technischen Service!\" \/>\n<meta property=\"og:url\" content=\"https:\/\/www.walraven.com\/de\/leistungen\/technischer-service\/baustellenberatung\/\" \/>\n<meta property=\"og:site_name\" content=\"Walraven Deutschland\" \/>\n<meta property=\"article:publisher\" content=\"https:\/\/www.facebook.com\/Walraven.GmbH\" \/>\n<meta property=\"article:modified_time\" content=\"2020-02-11T09:14:38+00:00\" \/>\n<meta property=\"og:image\" content=\"https:\/\/www.walraven.com\/de\/wp-content\/uploads\/sites\/4\/2019\/06\/TSS-1.jpg\" \/>\n\t<meta property=\"og:image:width\" content=\"630\" \/>\n\t<meta property=\"og:image:height\" content=\"445\" \/>\n\t<meta property=\"og:image:type\" content=\"image\/jpeg\" \/>\n<meta name=\"twitter:card\" content=\"summary_large_image\" \/>\n<meta name=\"twitter:site\" content=\"@BIS_Tech\" \/>\n<script type=\"application\/ld+json\" class=\"yoast-schema-graph\">{\"@context\":\"https:\\\/\\\/schema.org\",\"@graph\":[{\"@type\":\"WebPage\",\"@id\":\"https:\\\/\\\/www.walraven.com\\\/de\\\/leistungen\\\/technischer-service\\\/baustellenberatung\\\/\",\"url\":\"https:\\\/\\\/www.walraven.com\\\/de\\\/leistungen\\\/technischer-service\\\/baustellenberatung\\\/\",\"name\":\"Baustellenberatung - Walraven Deutschland\",\"isPartOf\":{\"@id\":\"https:\\\/\\\/www.walraven.com\\\/de\\\/#website\"},\"primaryImageOfPage\":{\"@id\":\"https:\\\/\\\/www.walraven.com\\\/de\\\/leistungen\\\/technischer-service\\\/baustellenberatung\\\/#primaryimage\"},\"image\":{\"@id\":\"https:\\\/\\\/www.walraven.com\\\/de\\\/leistungen\\\/technischer-service\\\/baustellenberatung\\\/#primaryimage\"},\"thumbnailUrl\":\"https:\\\/\\\/www.walraven.com\\\/wp-content\\\/uploads\\\/sites\\\/4\\\/2019\\\/06\\\/TSS-1.jpg\",\"datePublished\":\"2016-11-10T15:08:20+00:00\",\"dateModified\":\"2020-02-11T09:14:38+00:00\",\"description\":\"Technische Unterst\u00fctzung bei der Planung und Umsetzung Ihres Bauvorhabens bieten wir Ihnen an. Kontaktieren Sie unseren technischen Service!\",\"breadcrumb\":{\"@id\":\"https:\\\/\\\/www.walraven.com\\\/de\\\/leistungen\\\/technischer-service\\\/baustellenberatung\\\/#breadcrumb\"},\"inLanguage\":\"de\",\"potentialAction\":[{\"@type\":\"ReadAction\",\"target\":[\"https:\\\/\\\/www.walraven.com\\\/de\\\/leistungen\\\/technischer-service\\\/baustellenberatung\\\/\"]}]},{\"@type\":\"ImageObject\",\"inLanguage\":\"de\",\"@id\":\"https:\\\/\\\/www.walraven.com\\\/de\\\/leistungen\\\/technischer-service\\\/baustellenberatung\\\/#primaryimage\",\"url\":\"https:\\\/\\\/www.walraven.com\\\/wp-content\\\/uploads\\\/sites\\\/4\\\/2019\\\/06\\\/TSS-1.jpg\",\"contentUrl\":\"https:\\\/\\\/www.walraven.com\\\/wp-content\\\/uploads\\\/sites\\\/4\\\/2019\\\/06\\\/TSS-1.jpg\"},{\"@type\":\"BreadcrumbList\",\"@id\":\"https:\\\/\\\/www.walraven.com\\\/de\\\/leistungen\\\/technischer-service\\\/baustellenberatung\\\/#breadcrumb\",\"itemListElement\":[{\"@type\":\"ListItem\",\"position\":1,\"name\":\"Startseite\",\"item\":\"https:\\\/\\\/www.walraven.com\\\/de\\\/\"},{\"@type\":\"ListItem\",\"position\":2,\"name\":\"Alle Serviceleistungen auf einen Blick\",\"item\":\"https:\\\/\\\/www.walraven.com\\\/de\\\/leistungen\\\/\"},{\"@type\":\"ListItem\",\"position\":3,\"name\":\"Technischer Service\",\"item\":\"https:\\\/\\\/www.walraven.com\\\/de\\\/leistungen\\\/technischer-service\\\/\"},{\"@type\":\"ListItem\",\"position\":4,\"name\":\"Baustellenberatung\"}]},{\"@type\":\"WebSite\",\"@id\":\"https:\\\/\\\/www.walraven.com\\\/de\\\/#website\",\"url\":\"https:\\\/\\\/www.walraven.com\\\/de\\\/\",\"name\":\"Walraven Deutschland\",\"description\":\"\",\"publisher\":{\"@id\":\"https:\\\/\\\/www.walraven.com\\\/de\\\/#organization\"},\"potentialAction\":[{\"@type\":\"SearchAction\",\"target\":{\"@type\":\"EntryPoint\",\"urlTemplate\":\"https:\\\/\\\/www.walraven.com\\\/de\\\/?s={search_term_string}\"},\"query-input\":{\"@type\":\"PropertyValueSpecification\",\"valueRequired\":true,\"valueName\":\"search_term_string\"}}],\"inLanguage\":\"de\"},{\"@type\":\"Organization\",\"@id\":\"https:\\\/\\\/www.walraven.com\\\/de\\\/#organization\",\"name\":\"Walraven GmbH\",\"alternateName\":\"Walraven GmbH\",\"url\":\"https:\\\/\\\/www.walraven.com\\\/de\\\/\",\"logo\":{\"@type\":\"ImageObject\",\"inLanguage\":\"de\",\"@id\":\"https:\\\/\\\/www.walraven.com\\\/de\\\/#\\\/schema\\\/logo\\\/image\\\/\",\"url\":\"https:\\\/\\\/www.walraven.com\\\/de\\\/wp-content\\\/uploads\\\/sites\\\/4\\\/2023\\\/12\\\/Walraven_logo300x300.jpg\",\"contentUrl\":\"https:\\\/\\\/www.walraven.com\\\/de\\\/wp-content\\\/uploads\\\/sites\\\/4\\\/2023\\\/12\\\/Walraven_logo300x300.jpg\",\"width\":300,\"height\":300,\"caption\":\"Walraven GmbH\"},\"image\":{\"@id\":\"https:\\\/\\\/www.walraven.com\\\/de\\\/#\\\/schema\\\/logo\\\/image\\\/\"},\"sameAs\":[\"https:\\\/\\\/www.facebook.com\\\/Walraven.GmbH\",\"https:\\\/\\\/x.com\\\/BIS_Tech\",\"https:\\\/\\\/www.youtube.com\\\/WalravenDE\",\"https:\\\/\\\/www.linkedin.com\\\/company\\\/walraven-gmbh\",\"https:\\\/\\\/www.instagram.com\\\/walraven.gmbh\\\/\"]}]}<\/script>\n<!-- \/ Yoast SEO Premium plugin. -->","yoast_head_json":{"title":"Baustellenberatung - Walraven Deutschland","description":"Technische Unterst\u00fctzung bei der Planung und Umsetzung Ihres Bauvorhabens bieten wir Ihnen an. Kontaktieren Sie unseren technischen Service!","robots":{"index":"index","follow":"follow","max-snippet":"max-snippet:-1","max-image-preview":"max-image-preview:large","max-video-preview":"max-video-preview:-1"},"canonical":"https:\/\/www.walraven.com\/de\/leistungen\/technischer-service\/baustellenberatung\/","og_locale":"de_DE","og_type":"article","og_title":"Baustellenberatung","og_description":"Technische Unterst\u00fctzung bei der Planung und Umsetzung Ihres Bauvorhabens bieten wir Ihnen an. Kontaktieren Sie unseren technischen Service!","og_url":"https:\/\/www.walraven.com\/de\/leistungen\/technischer-service\/baustellenberatung\/","og_site_name":"Walraven Deutschland","article_publisher":"https:\/\/www.facebook.com\/Walraven.GmbH","article_modified_time":"2020-02-11T09:14:38+00:00","og_image":[{"width":630,"height":445,"url":"https:\/\/www.walraven.com\/de\/wp-content\/uploads\/sites\/4\/2019\/06\/TSS-1.jpg","type":"image\/jpeg"}],"twitter_card":"summary_large_image","twitter_site":"@BIS_Tech","schema":{"@context":"https:\/\/schema.org","@graph":[{"@type":"WebPage","@id":"https:\/\/www.walraven.com\/de\/leistungen\/technischer-service\/baustellenberatung\/","url":"https:\/\/www.walraven.com\/de\/leistungen\/technischer-service\/baustellenberatung\/","name":"Baustellenberatung - Walraven Deutschland","isPartOf":{"@id":"https:\/\/www.walraven.com\/de\/#website"},"primaryImageOfPage":{"@id":"https:\/\/www.walraven.com\/de\/leistungen\/technischer-service\/baustellenberatung\/#primaryimage"},"image":{"@id":"https:\/\/www.walraven.com\/de\/leistungen\/technischer-service\/baustellenberatung\/#primaryimage"},"thumbnailUrl":"https:\/\/www.walraven.com\/wp-content\/uploads\/sites\/4\/2019\/06\/TSS-1.jpg","datePublished":"2016-11-10T15:08:20+00:00","dateModified":"2020-02-11T09:14:38+00:00","description":"Technische Unterst\u00fctzung bei der Planung und Umsetzung Ihres Bauvorhabens bieten wir Ihnen an. Kontaktieren Sie unseren technischen Service!","breadcrumb":{"@id":"https:\/\/www.walraven.com\/de\/leistungen\/technischer-service\/baustellenberatung\/#breadcrumb"},"inLanguage":"de","potentialAction":[{"@type":"ReadAction","target":["https:\/\/www.walraven.com\/de\/leistungen\/technischer-service\/baustellenberatung\/"]}]},{"@type":"ImageObject","inLanguage":"de","@id":"https:\/\/www.walraven.com\/de\/leistungen\/technischer-service\/baustellenberatung\/#primaryimage","url":"https:\/\/www.walraven.com\/wp-content\/uploads\/sites\/4\/2019\/06\/TSS-1.jpg","contentUrl":"https:\/\/www.walraven.com\/wp-content\/uploads\/sites\/4\/2019\/06\/TSS-1.jpg"},{"@type":"BreadcrumbList","@id":"https:\/\/www.walraven.com\/de\/leistungen\/technischer-service\/baustellenberatung\/#breadcrumb","itemListElement":[{"@type":"ListItem","position":1,"name":"Startseite","item":"https:\/\/www.walraven.com\/de\/"},{"@type":"ListItem","position":2,"name":"Alle Serviceleistungen auf einen Blick","item":"https:\/\/www.walraven.com\/de\/leistungen\/"},{"@type":"ListItem","position":3,"name":"Technischer Service","item":"https:\/\/www.walraven.com\/de\/leistungen\/technischer-service\/"},{"@type":"ListItem","position":4,"name":"Baustellenberatung"}]},{"@type":"WebSite","@id":"https:\/\/www.walraven.com\/de\/#website","url":"https:\/\/www.walraven.com\/de\/","name":"Walraven Deutschland","description":"","publisher":{"@id":"https:\/\/www.walraven.com\/de\/#organization"},"potentialAction":[{"@type":"SearchAction","target":{"@type":"EntryPoint","urlTemplate":"https:\/\/www.walraven.com\/de\/?s={search_term_string}"},"query-input":{"@type":"PropertyValueSpecification","valueRequired":true,"valueName":"search_term_string"}}],"inLanguage":"de"},{"@type":"Organization","@id":"https:\/\/www.walraven.com\/de\/#organization","name":"Walraven GmbH","alternateName":"Walraven GmbH","url":"https:\/\/www.walraven.com\/de\/","logo":{"@type":"ImageObject","inLanguage":"de","@id":"https:\/\/www.walraven.com\/de\/#\/schema\/logo\/image\/","url":"https:\/\/www.walraven.com\/de\/wp-content\/uploads\/sites\/4\/2023\/12\/Walraven_logo300x300.jpg","contentUrl":"https:\/\/www.walraven.com\/de\/wp-content\/uploads\/sites\/4\/2023\/12\/Walraven_logo300x300.jpg","width":300,"height":300,"caption":"Walraven GmbH"},"image":{"@id":"https:\/\/www.walraven.com\/de\/#\/schema\/logo\/image\/"},"sameAs":["https:\/\/www.facebook.com\/Walraven.GmbH","https:\/\/x.com\/BIS_Tech","https:\/\/www.youtube.com\/WalravenDE","https:\/\/www.linkedin.com\/company\/walraven-gmbh","https:\/\/www.instagram.com\/walraven.gmbh\/"]}]}},"_links":{"self":[{"href":"https:\/\/www.walraven.com\/de\/wp-json\/wp\/v2\/pages\/27381","targetHints":{"allow":["GET"]}}],"collection":[{"href":"https:\/\/www.walraven.com\/de\/wp-json\/wp\/v2\/pages"}],"about":[{"href":"https:\/\/www.walraven.com\/de\/wp-json\/wp\/v2\/types\/page"}],"author":[{"embeddable":true,"href":"https:\/\/www.walraven.com\/de\/wp-json\/wp\/v2\/users\/7"}],"replies":[{"embeddable":true,"href":"https:\/\/www.walraven.com\/de\/wp-json\/wp\/v2\/comments?post=27381"}],"version-history":[{"count":6,"href":"https:\/\/www.walraven.com\/de\/wp-json\/wp\/v2\/pages\/27381\/revisions"}],"predecessor-version":[{"id":74938,"href":"https:\/\/www.walraven.com\/de\/wp-json\/wp\/v2\/pages\/27381\/revisions\/74938"}],"up":[{"embeddable":true,"href":"https:\/\/www.walraven.com\/de\/wp-json\/wp\/v2\/pages\/27379"}],"wp:attachment":[{"href":"https:\/\/www.walraven.com\/de\/wp-json\/wp\/v2\/media?parent=27381"}],"curies":[{"name":"wp","href":"https:\/\/api.w.org\/{rel}","templated":true}]}}