{"id":27388,"date":"2016-11-10T16:25:30","date_gmt":"2016-11-10T15:25:30","guid":{"rendered":"https:\/\/www.walraven.com\/de\/?page_id=27388"},"modified":"2025-01-13T07:28:39","modified_gmt":"2025-01-13T06:28:39","slug":"projektplanung","status":"publish","type":"page","link":"https:\/\/www.walraven.com\/de\/leistungen\/technischer-service\/projektplanung\/","title":{"rendered":"Projektplanung und Technischer Support"},"content":{"rendered":"<h3>Von der Entwicklung bis zur Unterst\u00fctzung vor Ort<\/h3>\n<p><a href=\"mailto:technik.de@walraven.com\"><img loading=\"lazy\" decoding=\"async\" class=\"alignnone wp-image-32118\" src=\"https:\/\/www.walraven.com\/wp-content\/uploads\/sites\/4\/2016\/11\/Technical_Datasheets_2-300x200.jpg\" alt=\"technical_datasheets_2\" width=\"365\" height=\"243\" srcset=\"https:\/\/www.walraven.com\/de\/wp-content\/uploads\/sites\/4\/2016\/11\/Technical_Datasheets_2-300x200.jpg 300w, https:\/\/www.walraven.com\/de\/wp-content\/uploads\/sites\/4\/2016\/11\/Technical_Datasheets_2-458x305.jpg 458w, https:\/\/www.walraven.com\/de\/wp-content\/uploads\/sites\/4\/2016\/11\/Technical_Datasheets_2.jpg 480w\" sizes=\"auto, (max-width: 365px) 100vw, 365px\" \/><\/a><\/p>\n<p>Technologischer Fortschritt und steigende bautechnische Anforderungen gestalten die Arbeit mit Befestigungs- und Brandschutzsystemen immer komplexer.<\/p>\n<p>Gerne beraten unsere technischen Kundenbetreuer Sie und erstellen nach Ihren individuellen Anforderungen ein fundiertes Angebot mit detaillierten Berechnungen, AutoCAD-Zeichnungen und St\u00fccklisten.<\/p>\n<p>Und sollten w\u00e4hrend Projektvorbereitungen und -durchf\u00fchrungen Schwierigkeiten auftreten, bieten unsere Mitarbeiter des technischen Services umfassende Erfahrungen bei der L\u00f6sung individueller technischer Probleme.<\/p>\n<div>Kontakt Technischer Support<\/div>\n<ul>\n<li><a href=\"mailto:technik.de@walraven.com\">E-Mail<\/a><\/li>\n<li><a href=\"https:\/\/www.walraven.com\/de\/kontakt\/kontaktformular\/\" target=\"_blank\" rel=\"noopener\">Kontaktformular<\/a><\/li>\n<\/ul>\n","protected":false},"excerpt":{"rendered":"<p>Von der Entwicklung bis zur Unterst\u00fctzung vor Ort Technologischer Fortschritt und steigende bautechnische Anforderungen gestalten die Arbeit mit Befestigungs- und Brandschutzsystemen immer komplexer. Gerne beraten unsere technischen Kundenbetreuer Sie und erstellen nach Ihren individuellen Anforderungen ein fundiertes Angebot mit detaillierten Berechnungen, AutoCAD-Zeichnungen und St\u00fccklisten. Und sollten w\u00e4hrend Projektvorbereitungen und -durchf\u00fchrungen Schwierigkeiten auftreten, bieten unsere Mitarbeiter [&hellip;]<\/p>\n","protected":false},"author":7,"featured_media":0,"parent":27379,"menu_order":0,"comment_status":"closed","ping_status":"closed","template":"","meta":{"_acf_changed":false,"footnotes":""},"class_list":["post-27388","page","type-page","status-publish","hentry"],"acf":[],"yoast_head":"<!-- This site is optimized with the Yoast SEO Premium plugin v27.3 (Yoast SEO v27.3) - https:\/\/yoast.com\/product\/yoast-seo-premium-wordpress\/ -->\n<title>Projektplanung und Technischer Support - Walraven Deutschland<\/title>\n<meta name=\"description\" content=\"L\u00f6sungen individueller technischer Probleme bieten unsere Mitarbeiter des technischen Services. Nehmen Sie Kontakt zu Ihnen auf!\" \/>\n<meta name=\"robots\" content=\"index, follow, max-snippet:-1, max-image-preview:large, max-video-preview:-1\" \/>\n<link rel=\"canonical\" href=\"https:\/\/www.walraven.com\/de\/leistungen\/technischer-service\/projektplanung\/\" \/>\n<meta property=\"og:locale\" content=\"de_DE\" \/>\n<meta property=\"og:type\" content=\"article\" \/>\n<meta property=\"og:title\" content=\"Projektplanung und Technischer Support\" \/>\n<meta property=\"og:description\" content=\"L\u00f6sungen individueller technischer Probleme bieten unsere Mitarbeiter des technischen Services. Nehmen Sie Kontakt zu Ihnen auf!\" \/>\n<meta property=\"og:url\" content=\"https:\/\/www.walraven.com\/de\/leistungen\/technischer-service\/projektplanung\/\" \/>\n<meta property=\"og:site_name\" content=\"Walraven Deutschland\" \/>\n<meta property=\"article:publisher\" content=\"https:\/\/www.facebook.com\/Walraven.GmbH\" \/>\n<meta property=\"article:modified_time\" content=\"2025-01-13T06:28:39+00:00\" \/>\n<meta property=\"og:image\" content=\"https:\/\/www.walraven.com\/de\/wp-content\/uploads\/sites\/4\/2016\/11\/Technical_Datasheets_2.jpg\" \/>\n\t<meta property=\"og:image:width\" content=\"480\" \/>\n\t<meta property=\"og:image:height\" content=\"320\" \/>\n\t<meta property=\"og:image:type\" content=\"image\/jpeg\" \/>\n<meta name=\"twitter:card\" content=\"summary_large_image\" \/>\n<meta name=\"twitter:site\" content=\"@BIS_Tech\" \/>\n<meta name=\"twitter:label1\" content=\"Gesch\u00e4tzte Lesezeit\" \/>\n\t<meta name=\"twitter:data1\" content=\"1\u00a0Minute\" \/>\n<script type=\"application\/ld+json\" class=\"yoast-schema-graph\">{\"@context\":\"https:\\\/\\\/schema.org\",\"@graph\":[{\"@type\":\"WebPage\",\"@id\":\"https:\\\/\\\/www.walraven.com\\\/de\\\/leistungen\\\/technischer-service\\\/projektplanung\\\/\",\"url\":\"https:\\\/\\\/www.walraven.com\\\/de\\\/leistungen\\\/technischer-service\\\/projektplanung\\\/\",\"name\":\"Projektplanung und Technischer Support - Walraven Deutschland\",\"isPartOf\":{\"@id\":\"https:\\\/\\\/www.walraven.com\\\/de\\\/#website\"},\"primaryImageOfPage\":{\"@id\":\"https:\\\/\\\/www.walraven.com\\\/de\\\/leistungen\\\/technischer-service\\\/projektplanung\\\/#primaryimage\"},\"image\":{\"@id\":\"https:\\\/\\\/www.walraven.com\\\/de\\\/leistungen\\\/technischer-service\\\/projektplanung\\\/#primaryimage\"},\"thumbnailUrl\":\"https:\\\/\\\/www.walraven.com\\\/wp-content\\\/uploads\\\/sites\\\/4\\\/2016\\\/11\\\/Technical_Datasheets_2-300x200.jpg\",\"datePublished\":\"2016-11-10T15:25:30+00:00\",\"dateModified\":\"2025-01-13T06:28:39+00:00\",\"description\":\"L\u00f6sungen individueller technischer Probleme bieten unsere Mitarbeiter des technischen Services. Nehmen Sie Kontakt zu Ihnen auf!\",\"breadcrumb\":{\"@id\":\"https:\\\/\\\/www.walraven.com\\\/de\\\/leistungen\\\/technischer-service\\\/projektplanung\\\/#breadcrumb\"},\"inLanguage\":\"de\",\"potentialAction\":[{\"@type\":\"ReadAction\",\"target\":[\"https:\\\/\\\/www.walraven.com\\\/de\\\/leistungen\\\/technischer-service\\\/projektplanung\\\/\"]}]},{\"@type\":\"ImageObject\",\"inLanguage\":\"de\",\"@id\":\"https:\\\/\\\/www.walraven.com\\\/de\\\/leistungen\\\/technischer-service\\\/projektplanung\\\/#primaryimage\",\"url\":\"https:\\\/\\\/www.walraven.com\\\/wp-content\\\/uploads\\\/sites\\\/4\\\/2016\\\/11\\\/Technical_Datasheets_2-300x200.jpg\",\"contentUrl\":\"https:\\\/\\\/www.walraven.com\\\/wp-content\\\/uploads\\\/sites\\\/4\\\/2016\\\/11\\\/Technical_Datasheets_2-300x200.jpg\"},{\"@type\":\"BreadcrumbList\",\"@id\":\"https:\\\/\\\/www.walraven.com\\\/de\\\/leistungen\\\/technischer-service\\\/projektplanung\\\/#breadcrumb\",\"itemListElement\":[{\"@type\":\"ListItem\",\"position\":1,\"name\":\"Startseite\",\"item\":\"https:\\\/\\\/www.walraven.com\\\/de\\\/\"},{\"@type\":\"ListItem\",\"position\":2,\"name\":\"Alle Serviceleistungen auf einen Blick\",\"item\":\"https:\\\/\\\/www.walraven.com\\\/de\\\/leistungen\\\/\"},{\"@type\":\"ListItem\",\"position\":3,\"name\":\"Technischer Service\",\"item\":\"https:\\\/\\\/www.walraven.com\\\/de\\\/leistungen\\\/technischer-service\\\/\"},{\"@type\":\"ListItem\",\"position\":4,\"name\":\"Projektplanung und Technischer Support\"}]},{\"@type\":\"WebSite\",\"@id\":\"https:\\\/\\\/www.walraven.com\\\/de\\\/#website\",\"url\":\"https:\\\/\\\/www.walraven.com\\\/de\\\/\",\"name\":\"Walraven Deutschland\",\"description\":\"\",\"publisher\":{\"@id\":\"https:\\\/\\\/www.walraven.com\\\/de\\\/#organization\"},\"potentialAction\":[{\"@type\":\"SearchAction\",\"target\":{\"@type\":\"EntryPoint\",\"urlTemplate\":\"https:\\\/\\\/www.walraven.com\\\/de\\\/?s={search_term_string}\"},\"query-input\":{\"@type\":\"PropertyValueSpecification\",\"valueRequired\":true,\"valueName\":\"search_term_string\"}}],\"inLanguage\":\"de\"},{\"@type\":\"Organization\",\"@id\":\"https:\\\/\\\/www.walraven.com\\\/de\\\/#organization\",\"name\":\"Walraven GmbH\",\"alternateName\":\"Walraven GmbH\",\"url\":\"https:\\\/\\\/www.walraven.com\\\/de\\\/\",\"logo\":{\"@type\":\"ImageObject\",\"inLanguage\":\"de\",\"@id\":\"https:\\\/\\\/www.walraven.com\\\/de\\\/#\\\/schema\\\/logo\\\/image\\\/\",\"url\":\"https:\\\/\\\/www.walraven.com\\\/de\\\/wp-content\\\/uploads\\\/sites\\\/4\\\/2023\\\/12\\\/Walraven_logo300x300.jpg\",\"contentUrl\":\"https:\\\/\\\/www.walraven.com\\\/de\\\/wp-content\\\/uploads\\\/sites\\\/4\\\/2023\\\/12\\\/Walraven_logo300x300.jpg\",\"width\":300,\"height\":300,\"caption\":\"Walraven GmbH\"},\"image\":{\"@id\":\"https:\\\/\\\/www.walraven.com\\\/de\\\/#\\\/schema\\\/logo\\\/image\\\/\"},\"sameAs\":[\"https:\\\/\\\/www.facebook.com\\\/Walraven.GmbH\",\"https:\\\/\\\/x.com\\\/BIS_Tech\",\"https:\\\/\\\/www.youtube.com\\\/WalravenDE\",\"https:\\\/\\\/www.linkedin.com\\\/company\\\/walraven-gmbh\",\"https:\\\/\\\/www.instagram.com\\\/walraven.gmbh\\\/\"]}]}<\/script>\n<!-- \/ Yoast SEO Premium plugin. -->","yoast_head_json":{"title":"Projektplanung und Technischer Support - Walraven Deutschland","description":"L\u00f6sungen individueller technischer Probleme bieten unsere Mitarbeiter des technischen Services. Nehmen Sie Kontakt zu Ihnen auf!","robots":{"index":"index","follow":"follow","max-snippet":"max-snippet:-1","max-image-preview":"max-image-preview:large","max-video-preview":"max-video-preview:-1"},"canonical":"https:\/\/www.walraven.com\/de\/leistungen\/technischer-service\/projektplanung\/","og_locale":"de_DE","og_type":"article","og_title":"Projektplanung und Technischer Support","og_description":"L\u00f6sungen individueller technischer Probleme bieten unsere Mitarbeiter des technischen Services. Nehmen Sie Kontakt zu Ihnen auf!","og_url":"https:\/\/www.walraven.com\/de\/leistungen\/technischer-service\/projektplanung\/","og_site_name":"Walraven Deutschland","article_publisher":"https:\/\/www.facebook.com\/Walraven.GmbH","article_modified_time":"2025-01-13T06:28:39+00:00","og_image":[{"width":480,"height":320,"url":"https:\/\/www.walraven.com\/de\/wp-content\/uploads\/sites\/4\/2016\/11\/Technical_Datasheets_2.jpg","type":"image\/jpeg"}],"twitter_card":"summary_large_image","twitter_site":"@BIS_Tech","twitter_misc":{"Gesch\u00e4tzte Lesezeit":"1\u00a0Minute"},"schema":{"@context":"https:\/\/schema.org","@graph":[{"@type":"WebPage","@id":"https:\/\/www.walraven.com\/de\/leistungen\/technischer-service\/projektplanung\/","url":"https:\/\/www.walraven.com\/de\/leistungen\/technischer-service\/projektplanung\/","name":"Projektplanung und Technischer Support - Walraven Deutschland","isPartOf":{"@id":"https:\/\/www.walraven.com\/de\/#website"},"primaryImageOfPage":{"@id":"https:\/\/www.walraven.com\/de\/leistungen\/technischer-service\/projektplanung\/#primaryimage"},"image":{"@id":"https:\/\/www.walraven.com\/de\/leistungen\/technischer-service\/projektplanung\/#primaryimage"},"thumbnailUrl":"https:\/\/www.walraven.com\/wp-content\/uploads\/sites\/4\/2016\/11\/Technical_Datasheets_2-300x200.jpg","datePublished":"2016-11-10T15:25:30+00:00","dateModified":"2025-01-13T06:28:39+00:00","description":"L\u00f6sungen individueller technischer Probleme bieten unsere Mitarbeiter des technischen Services. Nehmen Sie Kontakt zu Ihnen auf!","breadcrumb":{"@id":"https:\/\/www.walraven.com\/de\/leistungen\/technischer-service\/projektplanung\/#breadcrumb"},"inLanguage":"de","potentialAction":[{"@type":"ReadAction","target":["https:\/\/www.walraven.com\/de\/leistungen\/technischer-service\/projektplanung\/"]}]},{"@type":"ImageObject","inLanguage":"de","@id":"https:\/\/www.walraven.com\/de\/leistungen\/technischer-service\/projektplanung\/#primaryimage","url":"https:\/\/www.walraven.com\/wp-content\/uploads\/sites\/4\/2016\/11\/Technical_Datasheets_2-300x200.jpg","contentUrl":"https:\/\/www.walraven.com\/wp-content\/uploads\/sites\/4\/2016\/11\/Technical_Datasheets_2-300x200.jpg"},{"@type":"BreadcrumbList","@id":"https:\/\/www.walraven.com\/de\/leistungen\/technischer-service\/projektplanung\/#breadcrumb","itemListElement":[{"@type":"ListItem","position":1,"name":"Startseite","item":"https:\/\/www.walraven.com\/de\/"},{"@type":"ListItem","position":2,"name":"Alle Serviceleistungen auf einen Blick","item":"https:\/\/www.walraven.com\/de\/leistungen\/"},{"@type":"ListItem","position":3,"name":"Technischer Service","item":"https:\/\/www.walraven.com\/de\/leistungen\/technischer-service\/"},{"@type":"ListItem","position":4,"name":"Projektplanung und Technischer Support"}]},{"@type":"WebSite","@id":"https:\/\/www.walraven.com\/de\/#website","url":"https:\/\/www.walraven.com\/de\/","name":"Walraven Deutschland","description":"","publisher":{"@id":"https:\/\/www.walraven.com\/de\/#organization"},"potentialAction":[{"@type":"SearchAction","target":{"@type":"EntryPoint","urlTemplate":"https:\/\/www.walraven.com\/de\/?s={search_term_string}"},"query-input":{"@type":"PropertyValueSpecification","valueRequired":true,"valueName":"search_term_string"}}],"inLanguage":"de"},{"@type":"Organization","@id":"https:\/\/www.walraven.com\/de\/#organization","name":"Walraven GmbH","alternateName":"Walraven GmbH","url":"https:\/\/www.walraven.com\/de\/","logo":{"@type":"ImageObject","inLanguage":"de","@id":"https:\/\/www.walraven.com\/de\/#\/schema\/logo\/image\/","url":"https:\/\/www.walraven.com\/de\/wp-content\/uploads\/sites\/4\/2023\/12\/Walraven_logo300x300.jpg","contentUrl":"https:\/\/www.walraven.com\/de\/wp-content\/uploads\/sites\/4\/2023\/12\/Walraven_logo300x300.jpg","width":300,"height":300,"caption":"Walraven GmbH"},"image":{"@id":"https:\/\/www.walraven.com\/de\/#\/schema\/logo\/image\/"},"sameAs":["https:\/\/www.facebook.com\/Walraven.GmbH","https:\/\/x.com\/BIS_Tech","https:\/\/www.youtube.com\/WalravenDE","https:\/\/www.linkedin.com\/company\/walraven-gmbh","https:\/\/www.instagram.com\/walraven.gmbh\/"]}]}},"_links":{"self":[{"href":"https:\/\/www.walraven.com\/de\/wp-json\/wp\/v2\/pages\/27388","targetHints":{"allow":["GET"]}}],"collection":[{"href":"https:\/\/www.walraven.com\/de\/wp-json\/wp\/v2\/pages"}],"about":[{"href":"https:\/\/www.walraven.com\/de\/wp-json\/wp\/v2\/types\/page"}],"author":[{"embeddable":true,"href":"https:\/\/www.walraven.com\/de\/wp-json\/wp\/v2\/users\/7"}],"replies":[{"embeddable":true,"href":"https:\/\/www.walraven.com\/de\/wp-json\/wp\/v2\/comments?post=27388"}],"version-history":[{"count":6,"href":"https:\/\/www.walraven.com\/de\/wp-json\/wp\/v2\/pages\/27388\/revisions"}],"predecessor-version":[{"id":93122,"href":"https:\/\/www.walraven.com\/de\/wp-json\/wp\/v2\/pages\/27388\/revisions\/93122"}],"up":[{"embeddable":true,"href":"https:\/\/www.walraven.com\/de\/wp-json\/wp\/v2\/pages\/27379"}],"wp:attachment":[{"href":"https:\/\/www.walraven.com\/de\/wp-json\/wp\/v2\/media?parent=27388"}],"curies":[{"name":"wp","href":"https:\/\/api.w.org\/{rel}","templated":true}]}}