{"id":27390,"date":"2016-11-10T16:26:25","date_gmt":"2016-11-10T15:26:25","guid":{"rendered":"https:\/\/www.walraven.com\/de\/?page_id=27390"},"modified":"2018-08-29T10:00:18","modified_gmt":"2018-08-29T08:00:18","slug":"schienenberechnung","status":"publish","type":"page","link":"https:\/\/www.walraven.com\/de\/leistungen\/technischer-service\/schienenberechnung\/","title":{"rendered":"Schienenberechnung"},"content":{"rendered":"<p><img loading=\"lazy\" decoding=\"async\" class=\"size-medium wp-image-31662 alignright\" src=\"https:\/\/www.walraven.com\/wp-content\/uploads\/sites\/4\/2016\/11\/Berechnung_Rohrkonstruktion-300x215.png\" alt=\"Berechnung Rohrkonstruktion\" width=\"300\" height=\"215\" srcset=\"https:\/\/www.walraven.com\/de\/wp-content\/uploads\/sites\/4\/2016\/11\/Berechnung_Rohrkonstruktion-300x215.png 300w, https:\/\/www.walraven.com\/de\/wp-content\/uploads\/sites\/4\/2016\/11\/Berechnung_Rohrkonstruktion-768x551.png 768w, https:\/\/www.walraven.com\/de\/wp-content\/uploads\/sites\/4\/2016\/11\/Berechnung_Rohrkonstruktion-1024x735.png 1024w, https:\/\/www.walraven.com\/de\/wp-content\/uploads\/sites\/4\/2016\/11\/Berechnung_Rohrkonstruktion-425x305.png 425w, https:\/\/www.walraven.com\/de\/wp-content\/uploads\/sites\/4\/2016\/11\/Berechnung_Rohrkonstruktion-531x381.png 531w, https:\/\/www.walraven.com\/de\/wp-content\/uploads\/sites\/4\/2016\/11\/Berechnung_Rohrkonstruktion-410x293.png 410w, https:\/\/www.walraven.com\/de\/wp-content\/uploads\/sites\/4\/2016\/11\/Berechnung_Rohrkonstruktion.png 1063w\" sizes=\"auto, (max-width: 300px) 100vw, 300px\" \/>Unsere technischen Berater geben technische Unterst\u00fctzung bei Installationen von Rohrleitungssystemen, Kabel- und L\u00fcftungskan\u00e4len, Solarmodulen und Klimager\u00e4ten auf Flachd\u00e4chern, Sekund\u00e4rkonstruktionen, Rohrbefestigungen, Rohr -und Kabelabschottungen durch W\u00e4nde und Decken mit Brandschutzauflagen.<\/p>\n<p>Dazu geh\u00f6ren auch Schienenberechnungen. Exakte Planung und Auslegung bieten Ihnen unser technischer Service.<\/p>\n<p>Kontakt Technischer Service<\/p>\n<ul>\n<li><a href=\"mailto:technik.de@walraven.com\">Technischer Service E-Mail<\/a><\/li>\n<li><a href=\"https:\/\/www.walraven.com\/de\/kontakt\/kontaktformular\/\" target=\"_blank\" rel=\"noopener\">Kontaktformular<\/a><\/li>\n<\/ul>\n","protected":false},"excerpt":{"rendered":"<p>Unsere technischen Berater geben technische Unterst\u00fctzung bei Installationen von Rohrleitungssystemen, Kabel- und L\u00fcftungskan\u00e4len, Solarmodulen und Klimager\u00e4ten auf Flachd\u00e4chern, Sekund\u00e4rkonstruktionen, Rohrbefestigungen, Rohr -und Kabelabschottungen durch W\u00e4nde und Decken mit Brandschutzauflagen. Dazu geh\u00f6ren auch Schienenberechnungen. Exakte Planung und Auslegung bieten Ihnen unser technischer Service. Kontakt Technischer Service Technischer Service E-Mail Kontaktformular<\/p>\n","protected":false},"author":7,"featured_media":0,"parent":27379,"menu_order":0,"comment_status":"closed","ping_status":"closed","template":"","meta":{"_acf_changed":false,"footnotes":""},"class_list":["post-27390","page","type-page","status-publish","hentry"],"acf":[],"yoast_head":"<!-- This site is optimized with the Yoast SEO Premium plugin v27.3 (Yoast SEO v27.3) - https:\/\/yoast.com\/product\/yoast-seo-premium-wordpress\/ -->\n<title>Schienenberechnung - Walraven Deutschland<\/title>\n<meta name=\"description\" content=\"Wir unterst\u00fctzen Sie bei der Schienenberechnung mit exakter Planung und Auslegung. Kontaktieren Sie uns!\" \/>\n<meta name=\"robots\" content=\"index, follow, max-snippet:-1, max-image-preview:large, max-video-preview:-1\" \/>\n<link rel=\"canonical\" href=\"https:\/\/www.walraven.com\/de\/leistungen\/technischer-service\/schienenberechnung\/\" \/>\n<meta property=\"og:locale\" content=\"de_DE\" \/>\n<meta property=\"og:type\" content=\"article\" \/>\n<meta property=\"og:title\" content=\"Schienenberechnung\" \/>\n<meta property=\"og:description\" content=\"Wir unterst\u00fctzen Sie bei der Schienenberechnung mit exakter Planung und Auslegung. Kontaktieren Sie uns!\" \/>\n<meta property=\"og:url\" content=\"https:\/\/www.walraven.com\/de\/leistungen\/technischer-service\/schienenberechnung\/\" \/>\n<meta property=\"og:site_name\" content=\"Walraven Deutschland\" \/>\n<meta property=\"article:publisher\" content=\"https:\/\/www.facebook.com\/Walraven.GmbH\" \/>\n<meta property=\"article:modified_time\" content=\"2018-08-29T08:00:18+00:00\" \/>\n<meta property=\"og:image\" content=\"https:\/\/www.walraven.com\/de\/wp-content\/uploads\/sites\/4\/2016\/11\/Berechnung_Rohrkonstruktion.png\" \/>\n\t<meta property=\"og:image:width\" content=\"1063\" \/>\n\t<meta property=\"og:image:height\" content=\"763\" \/>\n\t<meta property=\"og:image:type\" content=\"image\/png\" \/>\n<meta name=\"twitter:card\" content=\"summary_large_image\" \/>\n<meta name=\"twitter:site\" content=\"@BIS_Tech\" \/>\n<script type=\"application\/ld+json\" class=\"yoast-schema-graph\">{\"@context\":\"https:\\\/\\\/schema.org\",\"@graph\":[{\"@type\":\"WebPage\",\"@id\":\"https:\\\/\\\/www.walraven.com\\\/de\\\/leistungen\\\/technischer-service\\\/schienenberechnung\\\/\",\"url\":\"https:\\\/\\\/www.walraven.com\\\/de\\\/leistungen\\\/technischer-service\\\/schienenberechnung\\\/\",\"name\":\"Schienenberechnung - Walraven Deutschland\",\"isPartOf\":{\"@id\":\"https:\\\/\\\/www.walraven.com\\\/de\\\/#website\"},\"primaryImageOfPage\":{\"@id\":\"https:\\\/\\\/www.walraven.com\\\/de\\\/leistungen\\\/technischer-service\\\/schienenberechnung\\\/#primaryimage\"},\"image\":{\"@id\":\"https:\\\/\\\/www.walraven.com\\\/de\\\/leistungen\\\/technischer-service\\\/schienenberechnung\\\/#primaryimage\"},\"thumbnailUrl\":\"https:\\\/\\\/www.walraven.com\\\/wp-content\\\/uploads\\\/sites\\\/4\\\/2016\\\/11\\\/Berechnung_Rohrkonstruktion-300x215.png\",\"datePublished\":\"2016-11-10T15:26:25+00:00\",\"dateModified\":\"2018-08-29T08:00:18+00:00\",\"description\":\"Wir unterst\u00fctzen Sie bei der Schienenberechnung mit exakter Planung und Auslegung. Kontaktieren Sie uns!\",\"breadcrumb\":{\"@id\":\"https:\\\/\\\/www.walraven.com\\\/de\\\/leistungen\\\/technischer-service\\\/schienenberechnung\\\/#breadcrumb\"},\"inLanguage\":\"de\",\"potentialAction\":[{\"@type\":\"ReadAction\",\"target\":[\"https:\\\/\\\/www.walraven.com\\\/de\\\/leistungen\\\/technischer-service\\\/schienenberechnung\\\/\"]}]},{\"@type\":\"ImageObject\",\"inLanguage\":\"de\",\"@id\":\"https:\\\/\\\/www.walraven.com\\\/de\\\/leistungen\\\/technischer-service\\\/schienenberechnung\\\/#primaryimage\",\"url\":\"https:\\\/\\\/www.walraven.com\\\/wp-content\\\/uploads\\\/sites\\\/4\\\/2016\\\/11\\\/Berechnung_Rohrkonstruktion-300x215.png\",\"contentUrl\":\"https:\\\/\\\/www.walraven.com\\\/wp-content\\\/uploads\\\/sites\\\/4\\\/2016\\\/11\\\/Berechnung_Rohrkonstruktion-300x215.png\"},{\"@type\":\"BreadcrumbList\",\"@id\":\"https:\\\/\\\/www.walraven.com\\\/de\\\/leistungen\\\/technischer-service\\\/schienenberechnung\\\/#breadcrumb\",\"itemListElement\":[{\"@type\":\"ListItem\",\"position\":1,\"name\":\"Startseite\",\"item\":\"https:\\\/\\\/www.walraven.com\\\/de\\\/\"},{\"@type\":\"ListItem\",\"position\":2,\"name\":\"Alle Serviceleistungen auf einen Blick\",\"item\":\"https:\\\/\\\/www.walraven.com\\\/de\\\/leistungen\\\/\"},{\"@type\":\"ListItem\",\"position\":3,\"name\":\"Technischer Service\",\"item\":\"https:\\\/\\\/www.walraven.com\\\/de\\\/leistungen\\\/technischer-service\\\/\"},{\"@type\":\"ListItem\",\"position\":4,\"name\":\"Schienenberechnung\"}]},{\"@type\":\"WebSite\",\"@id\":\"https:\\\/\\\/www.walraven.com\\\/de\\\/#website\",\"url\":\"https:\\\/\\\/www.walraven.com\\\/de\\\/\",\"name\":\"Walraven Deutschland\",\"description\":\"\",\"publisher\":{\"@id\":\"https:\\\/\\\/www.walraven.com\\\/de\\\/#organization\"},\"potentialAction\":[{\"@type\":\"SearchAction\",\"target\":{\"@type\":\"EntryPoint\",\"urlTemplate\":\"https:\\\/\\\/www.walraven.com\\\/de\\\/?s={search_term_string}\"},\"query-input\":{\"@type\":\"PropertyValueSpecification\",\"valueRequired\":true,\"valueName\":\"search_term_string\"}}],\"inLanguage\":\"de\"},{\"@type\":\"Organization\",\"@id\":\"https:\\\/\\\/www.walraven.com\\\/de\\\/#organization\",\"name\":\"Walraven GmbH\",\"alternateName\":\"Walraven GmbH\",\"url\":\"https:\\\/\\\/www.walraven.com\\\/de\\\/\",\"logo\":{\"@type\":\"ImageObject\",\"inLanguage\":\"de\",\"@id\":\"https:\\\/\\\/www.walraven.com\\\/de\\\/#\\\/schema\\\/logo\\\/image\\\/\",\"url\":\"https:\\\/\\\/www.walraven.com\\\/de\\\/wp-content\\\/uploads\\\/sites\\\/4\\\/2023\\\/12\\\/Walraven_logo300x300.jpg\",\"contentUrl\":\"https:\\\/\\\/www.walraven.com\\\/de\\\/wp-content\\\/uploads\\\/sites\\\/4\\\/2023\\\/12\\\/Walraven_logo300x300.jpg\",\"width\":300,\"height\":300,\"caption\":\"Walraven GmbH\"},\"image\":{\"@id\":\"https:\\\/\\\/www.walraven.com\\\/de\\\/#\\\/schema\\\/logo\\\/image\\\/\"},\"sameAs\":[\"https:\\\/\\\/www.facebook.com\\\/Walraven.GmbH\",\"https:\\\/\\\/x.com\\\/BIS_Tech\",\"https:\\\/\\\/www.youtube.com\\\/WalravenDE\",\"https:\\\/\\\/www.linkedin.com\\\/company\\\/walraven-gmbh\",\"https:\\\/\\\/www.instagram.com\\\/walraven.gmbh\\\/\"]}]}<\/script>\n<!-- \/ Yoast SEO Premium plugin. -->","yoast_head_json":{"title":"Schienenberechnung - Walraven Deutschland","description":"Wir unterst\u00fctzen Sie bei der Schienenberechnung mit exakter Planung und Auslegung. Kontaktieren Sie uns!","robots":{"index":"index","follow":"follow","max-snippet":"max-snippet:-1","max-image-preview":"max-image-preview:large","max-video-preview":"max-video-preview:-1"},"canonical":"https:\/\/www.walraven.com\/de\/leistungen\/technischer-service\/schienenberechnung\/","og_locale":"de_DE","og_type":"article","og_title":"Schienenberechnung","og_description":"Wir unterst\u00fctzen Sie bei der Schienenberechnung mit exakter Planung und Auslegung. Kontaktieren Sie uns!","og_url":"https:\/\/www.walraven.com\/de\/leistungen\/technischer-service\/schienenberechnung\/","og_site_name":"Walraven Deutschland","article_publisher":"https:\/\/www.facebook.com\/Walraven.GmbH","article_modified_time":"2018-08-29T08:00:18+00:00","og_image":[{"width":1063,"height":763,"url":"https:\/\/www.walraven.com\/de\/wp-content\/uploads\/sites\/4\/2016\/11\/Berechnung_Rohrkonstruktion.png","type":"image\/png"}],"twitter_card":"summary_large_image","twitter_site":"@BIS_Tech","schema":{"@context":"https:\/\/schema.org","@graph":[{"@type":"WebPage","@id":"https:\/\/www.walraven.com\/de\/leistungen\/technischer-service\/schienenberechnung\/","url":"https:\/\/www.walraven.com\/de\/leistungen\/technischer-service\/schienenberechnung\/","name":"Schienenberechnung - Walraven Deutschland","isPartOf":{"@id":"https:\/\/www.walraven.com\/de\/#website"},"primaryImageOfPage":{"@id":"https:\/\/www.walraven.com\/de\/leistungen\/technischer-service\/schienenberechnung\/#primaryimage"},"image":{"@id":"https:\/\/www.walraven.com\/de\/leistungen\/technischer-service\/schienenberechnung\/#primaryimage"},"thumbnailUrl":"https:\/\/www.walraven.com\/wp-content\/uploads\/sites\/4\/2016\/11\/Berechnung_Rohrkonstruktion-300x215.png","datePublished":"2016-11-10T15:26:25+00:00","dateModified":"2018-08-29T08:00:18+00:00","description":"Wir unterst\u00fctzen Sie bei der Schienenberechnung mit exakter Planung und Auslegung. Kontaktieren Sie uns!","breadcrumb":{"@id":"https:\/\/www.walraven.com\/de\/leistungen\/technischer-service\/schienenberechnung\/#breadcrumb"},"inLanguage":"de","potentialAction":[{"@type":"ReadAction","target":["https:\/\/www.walraven.com\/de\/leistungen\/technischer-service\/schienenberechnung\/"]}]},{"@type":"ImageObject","inLanguage":"de","@id":"https:\/\/www.walraven.com\/de\/leistungen\/technischer-service\/schienenberechnung\/#primaryimage","url":"https:\/\/www.walraven.com\/wp-content\/uploads\/sites\/4\/2016\/11\/Berechnung_Rohrkonstruktion-300x215.png","contentUrl":"https:\/\/www.walraven.com\/wp-content\/uploads\/sites\/4\/2016\/11\/Berechnung_Rohrkonstruktion-300x215.png"},{"@type":"BreadcrumbList","@id":"https:\/\/www.walraven.com\/de\/leistungen\/technischer-service\/schienenberechnung\/#breadcrumb","itemListElement":[{"@type":"ListItem","position":1,"name":"Startseite","item":"https:\/\/www.walraven.com\/de\/"},{"@type":"ListItem","position":2,"name":"Alle Serviceleistungen auf einen Blick","item":"https:\/\/www.walraven.com\/de\/leistungen\/"},{"@type":"ListItem","position":3,"name":"Technischer Service","item":"https:\/\/www.walraven.com\/de\/leistungen\/technischer-service\/"},{"@type":"ListItem","position":4,"name":"Schienenberechnung"}]},{"@type":"WebSite","@id":"https:\/\/www.walraven.com\/de\/#website","url":"https:\/\/www.walraven.com\/de\/","name":"Walraven Deutschland","description":"","publisher":{"@id":"https:\/\/www.walraven.com\/de\/#organization"},"potentialAction":[{"@type":"SearchAction","target":{"@type":"EntryPoint","urlTemplate":"https:\/\/www.walraven.com\/de\/?s={search_term_string}"},"query-input":{"@type":"PropertyValueSpecification","valueRequired":true,"valueName":"search_term_string"}}],"inLanguage":"de"},{"@type":"Organization","@id":"https:\/\/www.walraven.com\/de\/#organization","name":"Walraven GmbH","alternateName":"Walraven GmbH","url":"https:\/\/www.walraven.com\/de\/","logo":{"@type":"ImageObject","inLanguage":"de","@id":"https:\/\/www.walraven.com\/de\/#\/schema\/logo\/image\/","url":"https:\/\/www.walraven.com\/de\/wp-content\/uploads\/sites\/4\/2023\/12\/Walraven_logo300x300.jpg","contentUrl":"https:\/\/www.walraven.com\/de\/wp-content\/uploads\/sites\/4\/2023\/12\/Walraven_logo300x300.jpg","width":300,"height":300,"caption":"Walraven GmbH"},"image":{"@id":"https:\/\/www.walraven.com\/de\/#\/schema\/logo\/image\/"},"sameAs":["https:\/\/www.facebook.com\/Walraven.GmbH","https:\/\/x.com\/BIS_Tech","https:\/\/www.youtube.com\/WalravenDE","https:\/\/www.linkedin.com\/company\/walraven-gmbh","https:\/\/www.instagram.com\/walraven.gmbh\/"]}]}},"_links":{"self":[{"href":"https:\/\/www.walraven.com\/de\/wp-json\/wp\/v2\/pages\/27390","targetHints":{"allow":["GET"]}}],"collection":[{"href":"https:\/\/www.walraven.com\/de\/wp-json\/wp\/v2\/pages"}],"about":[{"href":"https:\/\/www.walraven.com\/de\/wp-json\/wp\/v2\/types\/page"}],"author":[{"embeddable":true,"href":"https:\/\/www.walraven.com\/de\/wp-json\/wp\/v2\/users\/7"}],"replies":[{"embeddable":true,"href":"https:\/\/www.walraven.com\/de\/wp-json\/wp\/v2\/comments?post=27390"}],"version-history":[{"count":7,"href":"https:\/\/www.walraven.com\/de\/wp-json\/wp\/v2\/pages\/27390\/revisions"}],"predecessor-version":[{"id":70472,"href":"https:\/\/www.walraven.com\/de\/wp-json\/wp\/v2\/pages\/27390\/revisions\/70472"}],"up":[{"embeddable":true,"href":"https:\/\/www.walraven.com\/de\/wp-json\/wp\/v2\/pages\/27379"}],"wp:attachment":[{"href":"https:\/\/www.walraven.com\/de\/wp-json\/wp\/v2\/media?parent=27390"}],"curies":[{"name":"wp","href":"https:\/\/api.w.org\/{rel}","templated":true}]}}