{"id":35460,"date":"2016-11-28T14:42:36","date_gmt":"2016-11-28T13:42:36","guid":{"rendered":"https:\/\/www.walraven.com\/de\/?page_id=35460"},"modified":"2026-03-26T15:56:54","modified_gmt":"2026-03-26T14:56:54","slug":"messen-events","status":"publish","type":"page","link":"https:\/\/www.walraven.com\/de\/ueber-walraven\/messen-events\/","title":{"rendered":"Messen\u2502Events"},"content":{"rendered":"<p>&nbsp;<\/p>\n<p>&nbsp;<\/p>\n<p>&nbsp;<\/p>\n<p>&nbsp;<\/p>\n<p><img loading=\"lazy\" decoding=\"async\" class=\"alignnone wp-image-83893\" src=\"https:\/\/www.walraven.com\/de\/wp-content\/uploads\/sites\/4\/2023\/06\/Chillventa-Logo-RGB-72dpi-300x39.png\" alt=\"Logo der Messe Chillventa 2026: dunkelgr\u00fcner Schriftzug \u201aCHILLVENTA\u2018 in Gro\u00dfbuchstaben auf wei\u00dfem Hintergrund.\" width=\"267\" height=\"35\" srcset=\"https:\/\/www.walraven.com\/de\/wp-content\/uploads\/sites\/4\/2023\/06\/Chillventa-Logo-RGB-72dpi-300x39.png 300w, https:\/\/www.walraven.com\/de\/wp-content\/uploads\/sites\/4\/2023\/06\/Chillventa-Logo-RGB-72dpi-380x50.png 380w, https:\/\/www.walraven.com\/de\/wp-content\/uploads\/sites\/4\/2023\/06\/Chillventa-Logo-RGB-72dpi.png 382w\" sizes=\"auto, (max-width: 267px) 100vw, 267px\" \/><\/p>\n<h3>Chillventa 2026, N\u00fcrnberg<\/h3>\n<table style=\"height: 254px;\" width=\"667\">\n<tbody>\n<tr>\n<th class=\"ai-optimize-introduction\" style=\"text-align: left;\" width=\"25%\"><strong>Ort<\/strong><\/th>\n<td><strong>Messe N\u00fcrnberg<\/strong><\/td>\n<\/tr>\n<tr>\n<th style=\"text-align: left;\"><strong>Datum<\/strong><\/th>\n<td><span style=\"color: #000000;\"><strong>13. &#8211; 15.10.2026<\/strong><\/span><\/td>\n<\/tr>\n<tr>\n<th style=\"text-align: left;\"><strong>Land<\/strong><\/th>\n<td>Deutschland<\/td>\n<\/tr>\n<tr>\n<th style=\"text-align: left;\"><strong>\u00d6ffnungszeiten<\/strong><\/th>\n<td>13. &#8211; 14.10.2026: 09:00\u201318:00 Uhr<br \/>\n15.10.2026: 09:00\u201317:00 Uhr<\/td>\n<\/tr>\n<tr>\n<th style=\"text-align: left;\"><strong>Walraven-Stand | Halle\u00a0<\/strong><\/th>\n<td>Stand-Nr. 7-341 | Halle 7<\/td>\n<\/tr>\n<tr>\n<th style=\"text-align: left;\"><strong>Messe-Fokus<\/strong><\/th>\n<td>Weltleitmesse der K\u00e4ltetechnik<\/td>\n<\/tr>\n<tr>\n<th style=\"text-align: left;\"><\/th>\n<td><strong><a href=\"https:\/\/www.chillventa.de\/de-de\" target=\"_blank\" rel=\"noopener\">Zur Webseite der Messe<\/a><\/strong><\/td>\n<\/tr>\n<\/tbody>\n<\/table>\n<p>&nbsp;<\/p>\n<hr \/>\n<p>&nbsp;<\/p>\n<p><img loading=\"lazy\" decoding=\"async\" class=\"alignnone wp-image-88759\" src=\"https:\/\/www.walraven.com\/de\/wp-content\/uploads\/sites\/4\/2024\/01\/gt_logo_pur_72dpi_rgb-e1705413034298-300x45.jpg\" alt=\"Logo der Fachmesse f\u00fcr Elektro | Sanit\u00e4r | Heizung | Klima in Hamburg - Get Nord\" width=\"232\" height=\"35\" srcset=\"https:\/\/www.walraven.com\/de\/wp-content\/uploads\/sites\/4\/2024\/01\/gt_logo_pur_72dpi_rgb-e1705413034298-300x45.jpg 300w, https:\/\/www.walraven.com\/de\/wp-content\/uploads\/sites\/4\/2024\/01\/gt_logo_pur_72dpi_rgb-e1705413034298-480x72.jpg 480w, https:\/\/www.walraven.com\/de\/wp-content\/uploads\/sites\/4\/2024\/01\/gt_logo_pur_72dpi_rgb-e1705413034298.jpg 510w\" sizes=\"auto, (max-width: 232px) 100vw, 232px\" \/><\/p>\n<h3>GET NORD 2026, Hamburg<\/h3>\n<table style=\"height: 254px;\" width=\"667\">\n<tbody>\n<tr>\n<th class=\"ai-optimize-introduction\" style=\"text-align: left;\" width=\"25%\"><strong>Ort<\/strong><\/th>\n<td><strong>Messe Hamburg <\/strong><\/td>\n<\/tr>\n<tr>\n<th style=\"text-align: left;\"><strong>Datum<\/strong><\/th>\n<td><span style=\"color: #000000;\"><strong>19. &#8211; 21.11.2026<\/strong><\/span><\/td>\n<\/tr>\n<tr>\n<th style=\"text-align: left;\"><strong>Land<\/strong><\/th>\n<td>Deutschland<\/td>\n<\/tr>\n<tr>\n<th style=\"text-align: left;\"><strong>\u00d6ffnungszeiten<\/strong><\/th>\n<td>19. &#8211; 20.11.2026: 09:00\u201318:00 Uhr<br \/>\n21.11.2026: 09:00\u201316:00 Uhr<\/td>\n<\/tr>\n<tr>\n<th style=\"text-align: left;\"><strong>Walraven-Stand | Halle\u00a0<\/strong><\/th>\n<td>Stand-Nr. 211 | Halle A1<\/td>\n<\/tr>\n<tr>\n<th style=\"text-align: left;\"><strong>Messe-Fokus<\/strong><\/th>\n<td>Fachmesse f\u00fcr Elektro, Sanit\u00e4r, Heizung, Klima<\/td>\n<\/tr>\n<tr>\n<th style=\"text-align: left;\"><\/th>\n<td><strong><a href=\"https:\/\/www.get-nord.de\/\" target=\"_blank\" rel=\"noopener\">Zur Webseite der Messe<\/a><\/strong><\/td>\n<\/tr>\n<\/tbody>\n<\/table>\n<p>&nbsp;<\/p>\n<hr \/>\n<p>&nbsp;<\/p>\n<p><img loading=\"lazy\" decoding=\"async\" class=\"alignnone wp-image-124349\" src=\"https:\/\/www.walraven.com\/de\/wp-content\/uploads\/sites\/4\/2025\/05\/vds-brandschutztage-logo-300x109.png\" alt=\"Logo VDS Brandschutztage 2025 in K\u00f6ln\" width=\"207\" height=\"75\" srcset=\"https:\/\/www.walraven.com\/de\/wp-content\/uploads\/sites\/4\/2025\/05\/vds-brandschutztage-logo-300x109.png 300w, https:\/\/www.walraven.com\/de\/wp-content\/uploads\/sites\/4\/2025\/05\/vds-brandschutztage-logo-1024x372.png 1024w, https:\/\/www.walraven.com\/de\/wp-content\/uploads\/sites\/4\/2025\/05\/vds-brandschutztage-logo-768x279.png 768w, https:\/\/www.walraven.com\/de\/wp-content\/uploads\/sites\/4\/2025\/05\/vds-brandschutztage-logo-1536x558.png 1536w, https:\/\/www.walraven.com\/de\/wp-content\/uploads\/sites\/4\/2025\/05\/vds-brandschutztage-logo-480x174.png 480w, https:\/\/www.walraven.com\/de\/wp-content\/uploads\/sites\/4\/2025\/05\/vds-brandschutztage-logo-600x218.png 600w, https:\/\/www.walraven.com\/de\/wp-content\/uploads\/sites\/4\/2025\/05\/vds-brandschutztage-logo-1290x468.png 1290w, https:\/\/www.walraven.com\/de\/wp-content\/uploads\/sites\/4\/2025\/05\/vds-brandschutztage-logo.png 1688w\" sizes=\"auto, (max-width: 207px) 100vw, 207px\" \/><\/p>\n<h3>VdS-BrandSchutzTage 2026, K\u00f6ln<\/h3>\n<table style=\"height: 254px;\" width=\"667\">\n<tbody>\n<tr>\n<th class=\"ai-optimize-introduction\" style=\"text-align: left;\" width=\"25%\"><strong>Ort<\/strong><\/th>\n<td><strong>Messe K\u00f6ln<\/strong><\/td>\n<\/tr>\n<tr>\n<th style=\"text-align: left;\"><strong>Datum<\/strong><\/th>\n<td><span style=\"color: #000000;\"><strong>02. &#8211; 03.12.2026<\/strong><\/span><\/td>\n<\/tr>\n<tr>\n<th style=\"text-align: left;\"><strong>Land<\/strong><\/th>\n<td>Deutschland<\/td>\n<\/tr>\n<tr>\n<th style=\"text-align: left;\"><strong>\u00d6ffnungszeiten<\/strong><\/th>\n<td>02.12.2026: 08:30 \u2013 17:30 Uhr<br \/>\n03.12.2026: 08:30 \u2013 16:30 Uhr<\/td>\n<\/tr>\n<tr>\n<th style=\"text-align: left;\"><strong>Walraven-Stand | Halle\u00a0<\/strong><\/th>\n<td>Stand-Nr. B-01 | Halle 10.2<\/td>\n<\/tr>\n<tr>\n<th style=\"text-align: left;\"><strong>Messe-Fokus<\/strong><\/th>\n<td>Fachmesse f\u00fcr vorbeugenden Brandschutz<\/td>\n<\/tr>\n<tr>\n<th style=\"text-align: left;\"><\/th>\n<td><strong><a href=\"https:\/\/bst.vds.de\/messe-info\/fuer-besucher\" target=\"_blank\" rel=\"noopener\">Zur Webseite der Messe<\/a><\/strong><\/td>\n<\/tr>\n<\/tbody>\n<\/table>\n<p>&nbsp;<\/p>\n<p>F\u00fcr weiterf\u00fchrende Informationen nehmen Sie bitte <a href=\"https:\/\/www.walraven.com\/de\/kontakt\/kontaktformular\/\" target=\"_blank\" rel=\"noopener noreferrer\">Kontakt<\/a> mit uns auf.<\/p>\n<hr \/>\n<p><span style=\"color: #ffffff;\">.<\/span><br \/>\n<a href=\"https:\/\/www.walraven.com\/de\/leistungen\/akademie\/\" target=\"_blank\" rel=\"noopener noreferrer\">Seminar- und Schulungstermine der Walraven-Akademie<\/a>\u00a0finden Sie auf unserer Akademie-Seite:<\/p>\n<h3><a href=\"https:\/\/www.walraven.com\/de\/leistungen\/akademie\/\" class=\"button\">Termine Walraven-Akademie<\/a><\/h3>\n","protected":false},"excerpt":{"rendered":"<p>&nbsp; &nbsp; &nbsp; &nbsp; Chillventa 2026, N\u00fcrnberg Ort Messe N\u00fcrnberg Datum 13. &#8211; 15.10.2026 Land Deutschland \u00d6ffnungszeiten 13. &#8211; 14.10.2026: 09:00\u201318:00 Uhr 15.10.2026: 09:00\u201317:00 Uhr Walraven-Stand | Halle\u00a0 Stand-Nr. 7-341 | Halle 7 Messe-Fokus Weltleitmesse der K\u00e4ltetechnik Zur Webseite der Messe &nbsp; &nbsp; GET NORD 2026, Hamburg Ort Messe Hamburg Datum 19. &#8211; 21.11.2026 Land [&hellip;]<\/p>\n","protected":false},"author":9,"featured_media":0,"parent":73185,"menu_order":0,"comment_status":"closed","ping_status":"closed","template":"","meta":{"_acf_changed":false,"footnotes":""},"class_list":["post-35460","page","type-page","status-publish","hentry"],"acf":[],"yoast_head":"<!-- This site is optimized with the Yoast SEO Premium plugin v27.3 (Yoast SEO v27.3) - https:\/\/yoast.com\/product\/yoast-seo-premium-wordpress\/ -->\n<title>Messen\u2502Events - Walraven Deutschland<\/title>\n<meta name=\"description\" content=\"Treffen Sie Walraven w\u00e4hrend einer Messe. Hier sind die Daten, an denen wir uns sehen k\u00f6nnen. Wir freuen uns auf Ihr Kommen!\" \/>\n<meta name=\"robots\" content=\"index, follow, max-snippet:-1, max-image-preview:large, max-video-preview:-1\" \/>\n<link rel=\"canonical\" href=\"https:\/\/www.walraven.com\/de\/ueber-walraven\/messen-events\/\" \/>\n<meta property=\"og:locale\" content=\"de_DE\" \/>\n<meta property=\"og:type\" content=\"article\" \/>\n<meta property=\"og:title\" content=\"Messen\u2502Events\" \/>\n<meta property=\"og:description\" content=\"Treffen Sie Walraven w\u00e4hrend einer Messe. Hier sind die Daten, an denen wir uns sehen k\u00f6nnen. Wir freuen uns auf Ihr Kommen!\" \/>\n<meta property=\"og:url\" content=\"https:\/\/www.walraven.com\/de\/ueber-walraven\/messen-events\/\" \/>\n<meta property=\"og:site_name\" content=\"Walraven Deutschland\" \/>\n<meta property=\"article:publisher\" content=\"https:\/\/www.facebook.com\/Walraven.GmbH\" \/>\n<meta property=\"article:modified_time\" content=\"2026-03-26T14:56:54+00:00\" \/>\n<meta property=\"og:image\" content=\"https:\/\/www.walraven.com\/de\/wp-content\/uploads\/sites\/4\/2023\/06\/Chillventa-Logo-RGB-72dpi.png\" \/>\n\t<meta property=\"og:image:width\" content=\"382\" \/>\n\t<meta property=\"og:image:height\" content=\"50\" \/>\n\t<meta property=\"og:image:type\" content=\"image\/png\" \/>\n<meta name=\"twitter:card\" content=\"summary_large_image\" \/>\n<meta name=\"twitter:site\" content=\"@BIS_Tech\" \/>\n<meta name=\"twitter:label1\" content=\"Gesch\u00e4tzte Lesezeit\" \/>\n\t<meta name=\"twitter:data1\" content=\"2\u00a0Minuten\" \/>\n<script type=\"application\/ld+json\" class=\"yoast-schema-graph\">{\"@context\":\"https:\\\/\\\/schema.org\",\"@graph\":[{\"@type\":\"WebPage\",\"@id\":\"https:\\\/\\\/www.walraven.com\\\/de\\\/ueber-walraven\\\/messen-events\\\/\",\"url\":\"https:\\\/\\\/www.walraven.com\\\/de\\\/ueber-walraven\\\/messen-events\\\/\",\"name\":\"Messen\u2502Events - Walraven Deutschland\",\"isPartOf\":{\"@id\":\"https:\\\/\\\/www.walraven.com\\\/de\\\/#website\"},\"primaryImageOfPage\":{\"@id\":\"https:\\\/\\\/www.walraven.com\\\/de\\\/ueber-walraven\\\/messen-events\\\/#primaryimage\"},\"image\":{\"@id\":\"https:\\\/\\\/www.walraven.com\\\/de\\\/ueber-walraven\\\/messen-events\\\/#primaryimage\"},\"thumbnailUrl\":\"https:\\\/\\\/www.walraven.com\\\/de\\\/wp-content\\\/uploads\\\/sites\\\/4\\\/2023\\\/06\\\/Chillventa-Logo-RGB-72dpi-300x39.png\",\"datePublished\":\"2016-11-28T13:42:36+00:00\",\"dateModified\":\"2026-03-26T14:56:54+00:00\",\"description\":\"Treffen Sie Walraven w\u00e4hrend einer Messe. Hier sind die Daten, an denen wir uns sehen k\u00f6nnen. Wir freuen uns auf Ihr Kommen!\",\"breadcrumb\":{\"@id\":\"https:\\\/\\\/www.walraven.com\\\/de\\\/ueber-walraven\\\/messen-events\\\/#breadcrumb\"},\"inLanguage\":\"de\",\"potentialAction\":[{\"@type\":\"ReadAction\",\"target\":[\"https:\\\/\\\/www.walraven.com\\\/de\\\/ueber-walraven\\\/messen-events\\\/\"]}]},{\"@type\":\"ImageObject\",\"inLanguage\":\"de\",\"@id\":\"https:\\\/\\\/www.walraven.com\\\/de\\\/ueber-walraven\\\/messen-events\\\/#primaryimage\",\"url\":\"https:\\\/\\\/www.walraven.com\\\/de\\\/wp-content\\\/uploads\\\/sites\\\/4\\\/2023\\\/06\\\/Chillventa-Logo-RGB-72dpi.png\",\"contentUrl\":\"https:\\\/\\\/www.walraven.com\\\/de\\\/wp-content\\\/uploads\\\/sites\\\/4\\\/2023\\\/06\\\/Chillventa-Logo-RGB-72dpi.png\",\"width\":382,\"height\":50,\"caption\":\"Logo der Messe Chillventa 2026: dunkelgr\u00fcner Schriftzug \u201aCHILLVENTA\u2018 in Gro\u00dfbuchstaben auf wei\u00dfem Hintergrund.\"},{\"@type\":\"BreadcrumbList\",\"@id\":\"https:\\\/\\\/www.walraven.com\\\/de\\\/ueber-walraven\\\/messen-events\\\/#breadcrumb\",\"itemListElement\":[{\"@type\":\"ListItem\",\"position\":1,\"name\":\"Startseite\",\"item\":\"https:\\\/\\\/www.walraven.com\\\/de\\\/\"},{\"@type\":\"ListItem\",\"position\":2,\"name\":\"Walraven Group\",\"item\":\"https:\\\/\\\/www.walraven.com\\\/de\\\/ueber-walraven\\\/\"},{\"@type\":\"ListItem\",\"position\":3,\"name\":\"Messen\u2502Events\"}]},{\"@type\":\"WebSite\",\"@id\":\"https:\\\/\\\/www.walraven.com\\\/de\\\/#website\",\"url\":\"https:\\\/\\\/www.walraven.com\\\/de\\\/\",\"name\":\"Walraven Deutschland\",\"description\":\"\",\"publisher\":{\"@id\":\"https:\\\/\\\/www.walraven.com\\\/de\\\/#organization\"},\"potentialAction\":[{\"@type\":\"SearchAction\",\"target\":{\"@type\":\"EntryPoint\",\"urlTemplate\":\"https:\\\/\\\/www.walraven.com\\\/de\\\/?s={search_term_string}\"},\"query-input\":{\"@type\":\"PropertyValueSpecification\",\"valueRequired\":true,\"valueName\":\"search_term_string\"}}],\"inLanguage\":\"de\"},{\"@type\":\"Organization\",\"@id\":\"https:\\\/\\\/www.walraven.com\\\/de\\\/#organization\",\"name\":\"Walraven GmbH\",\"alternateName\":\"Walraven GmbH\",\"url\":\"https:\\\/\\\/www.walraven.com\\\/de\\\/\",\"logo\":{\"@type\":\"ImageObject\",\"inLanguage\":\"de\",\"@id\":\"https:\\\/\\\/www.walraven.com\\\/de\\\/#\\\/schema\\\/logo\\\/image\\\/\",\"url\":\"https:\\\/\\\/www.walraven.com\\\/de\\\/wp-content\\\/uploads\\\/sites\\\/4\\\/2023\\\/12\\\/Walraven_logo300x300.jpg\",\"contentUrl\":\"https:\\\/\\\/www.walraven.com\\\/de\\\/wp-content\\\/uploads\\\/sites\\\/4\\\/2023\\\/12\\\/Walraven_logo300x300.jpg\",\"width\":300,\"height\":300,\"caption\":\"Walraven GmbH\"},\"image\":{\"@id\":\"https:\\\/\\\/www.walraven.com\\\/de\\\/#\\\/schema\\\/logo\\\/image\\\/\"},\"sameAs\":[\"https:\\\/\\\/www.facebook.com\\\/Walraven.GmbH\",\"https:\\\/\\\/x.com\\\/BIS_Tech\",\"https:\\\/\\\/www.youtube.com\\\/WalravenDE\",\"https:\\\/\\\/www.linkedin.com\\\/company\\\/walraven-gmbh\",\"https:\\\/\\\/www.instagram.com\\\/walraven.gmbh\\\/\"]}]}<\/script>\n<!-- \/ Yoast SEO Premium plugin. -->","yoast_head_json":{"title":"Messen\u2502Events - Walraven Deutschland","description":"Treffen Sie Walraven w\u00e4hrend einer Messe. Hier sind die Daten, an denen wir uns sehen k\u00f6nnen. Wir freuen uns auf Ihr Kommen!","robots":{"index":"index","follow":"follow","max-snippet":"max-snippet:-1","max-image-preview":"max-image-preview:large","max-video-preview":"max-video-preview:-1"},"canonical":"https:\/\/www.walraven.com\/de\/ueber-walraven\/messen-events\/","og_locale":"de_DE","og_type":"article","og_title":"Messen\u2502Events","og_description":"Treffen Sie Walraven w\u00e4hrend einer Messe. Hier sind die Daten, an denen wir uns sehen k\u00f6nnen. Wir freuen uns auf Ihr Kommen!","og_url":"https:\/\/www.walraven.com\/de\/ueber-walraven\/messen-events\/","og_site_name":"Walraven Deutschland","article_publisher":"https:\/\/www.facebook.com\/Walraven.GmbH","article_modified_time":"2026-03-26T14:56:54+00:00","og_image":[{"width":382,"height":50,"url":"https:\/\/www.walraven.com\/de\/wp-content\/uploads\/sites\/4\/2023\/06\/Chillventa-Logo-RGB-72dpi.png","type":"image\/png"}],"twitter_card":"summary_large_image","twitter_site":"@BIS_Tech","twitter_misc":{"Gesch\u00e4tzte Lesezeit":"2\u00a0Minuten"},"schema":{"@context":"https:\/\/schema.org","@graph":[{"@type":"WebPage","@id":"https:\/\/www.walraven.com\/de\/ueber-walraven\/messen-events\/","url":"https:\/\/www.walraven.com\/de\/ueber-walraven\/messen-events\/","name":"Messen\u2502Events - Walraven Deutschland","isPartOf":{"@id":"https:\/\/www.walraven.com\/de\/#website"},"primaryImageOfPage":{"@id":"https:\/\/www.walraven.com\/de\/ueber-walraven\/messen-events\/#primaryimage"},"image":{"@id":"https:\/\/www.walraven.com\/de\/ueber-walraven\/messen-events\/#primaryimage"},"thumbnailUrl":"https:\/\/www.walraven.com\/de\/wp-content\/uploads\/sites\/4\/2023\/06\/Chillventa-Logo-RGB-72dpi-300x39.png","datePublished":"2016-11-28T13:42:36+00:00","dateModified":"2026-03-26T14:56:54+00:00","description":"Treffen Sie Walraven w\u00e4hrend einer Messe. Hier sind die Daten, an denen wir uns sehen k\u00f6nnen. Wir freuen uns auf Ihr Kommen!","breadcrumb":{"@id":"https:\/\/www.walraven.com\/de\/ueber-walraven\/messen-events\/#breadcrumb"},"inLanguage":"de","potentialAction":[{"@type":"ReadAction","target":["https:\/\/www.walraven.com\/de\/ueber-walraven\/messen-events\/"]}]},{"@type":"ImageObject","inLanguage":"de","@id":"https:\/\/www.walraven.com\/de\/ueber-walraven\/messen-events\/#primaryimage","url":"https:\/\/www.walraven.com\/de\/wp-content\/uploads\/sites\/4\/2023\/06\/Chillventa-Logo-RGB-72dpi.png","contentUrl":"https:\/\/www.walraven.com\/de\/wp-content\/uploads\/sites\/4\/2023\/06\/Chillventa-Logo-RGB-72dpi.png","width":382,"height":50,"caption":"Logo der Messe Chillventa 2026: dunkelgr\u00fcner Schriftzug \u201aCHILLVENTA\u2018 in Gro\u00dfbuchstaben auf wei\u00dfem Hintergrund."},{"@type":"BreadcrumbList","@id":"https:\/\/www.walraven.com\/de\/ueber-walraven\/messen-events\/#breadcrumb","itemListElement":[{"@type":"ListItem","position":1,"name":"Startseite","item":"https:\/\/www.walraven.com\/de\/"},{"@type":"ListItem","position":2,"name":"Walraven Group","item":"https:\/\/www.walraven.com\/de\/ueber-walraven\/"},{"@type":"ListItem","position":3,"name":"Messen\u2502Events"}]},{"@type":"WebSite","@id":"https:\/\/www.walraven.com\/de\/#website","url":"https:\/\/www.walraven.com\/de\/","name":"Walraven Deutschland","description":"","publisher":{"@id":"https:\/\/www.walraven.com\/de\/#organization"},"potentialAction":[{"@type":"SearchAction","target":{"@type":"EntryPoint","urlTemplate":"https:\/\/www.walraven.com\/de\/?s={search_term_string}"},"query-input":{"@type":"PropertyValueSpecification","valueRequired":true,"valueName":"search_term_string"}}],"inLanguage":"de"},{"@type":"Organization","@id":"https:\/\/www.walraven.com\/de\/#organization","name":"Walraven GmbH","alternateName":"Walraven GmbH","url":"https:\/\/www.walraven.com\/de\/","logo":{"@type":"ImageObject","inLanguage":"de","@id":"https:\/\/www.walraven.com\/de\/#\/schema\/logo\/image\/","url":"https:\/\/www.walraven.com\/de\/wp-content\/uploads\/sites\/4\/2023\/12\/Walraven_logo300x300.jpg","contentUrl":"https:\/\/www.walraven.com\/de\/wp-content\/uploads\/sites\/4\/2023\/12\/Walraven_logo300x300.jpg","width":300,"height":300,"caption":"Walraven GmbH"},"image":{"@id":"https:\/\/www.walraven.com\/de\/#\/schema\/logo\/image\/"},"sameAs":["https:\/\/www.facebook.com\/Walraven.GmbH","https:\/\/x.com\/BIS_Tech","https:\/\/www.youtube.com\/WalravenDE","https:\/\/www.linkedin.com\/company\/walraven-gmbh","https:\/\/www.instagram.com\/walraven.gmbh\/"]}]}},"_links":{"self":[{"href":"https:\/\/www.walraven.com\/de\/wp-json\/wp\/v2\/pages\/35460","targetHints":{"allow":["GET"]}}],"collection":[{"href":"https:\/\/www.walraven.com\/de\/wp-json\/wp\/v2\/pages"}],"about":[{"href":"https:\/\/www.walraven.com\/de\/wp-json\/wp\/v2\/types\/page"}],"author":[{"embeddable":true,"href":"https:\/\/www.walraven.com\/de\/wp-json\/wp\/v2\/users\/9"}],"replies":[{"embeddable":true,"href":"https:\/\/www.walraven.com\/de\/wp-json\/wp\/v2\/comments?post=35460"}],"version-history":[{"count":11,"href":"https:\/\/www.walraven.com\/de\/wp-json\/wp\/v2\/pages\/35460\/revisions"}],"predecessor-version":[{"id":263937,"href":"https:\/\/www.walraven.com\/de\/wp-json\/wp\/v2\/pages\/35460\/revisions\/263937"}],"up":[{"embeddable":true,"href":"https:\/\/www.walraven.com\/de\/wp-json\/wp\/v2\/pages\/73185"}],"wp:attachment":[{"href":"https:\/\/www.walraven.com\/de\/wp-json\/wp\/v2\/media?parent=35460"}],"curies":[{"name":"wp","href":"https:\/\/api.w.org\/{rel}","templated":true}]}}