{"id":5109,"date":"2016-10-19T15:16:14","date_gmt":"2016-10-19T13:16:14","guid":{"rendered":"https:\/\/www.walraven.com\/de\/?page_id=5109"},"modified":"2023-11-17T14:42:09","modified_gmt":"2023-11-17T13:42:09","slug":"ausschreibungstexte","status":"publish","type":"page","link":"https:\/\/www.walraven.com\/de\/leistungen\/service\/ausschreibungstexte\/","title":{"rendered":"Ausschreibungstexte"},"content":{"rendered":"<p>Um Ihnen einen m\u00f6glichst reibungslosen und unkomplizierten Ablauf zu bieten, stellen wir Ihnen die <a href=\"https:\/\/ausschreiben.de\/integration\/v2\/catalog\/walraven?integrationKey=cb78f05c-21f0-4bca-9306-8946a95f5cd1\" target=\"_blank\" rel=\"noopener\"><strong>Ausschreibungstexte in Ihrem bevorzugten Format<\/strong><\/a> zur Verf\u00fcgung. Sie sind in jede moderne AVA-Software oder Textverarbeitung integrierbar.<\/p>\n<p><a href=\"https:\/\/ausschreiben.de\/integration\/v2\/catalog\/walraven?integrationKey=cb78f05c-21f0-4bca-9306-8946a95f5cd1\" target=\"_blank\" rel=\"noopener\"><img loading=\"lazy\" decoding=\"async\" class=\"alignnone wp-image-88207\" src=\"https:\/\/www.walraven.com\/de\/wp-content\/uploads\/sites\/4\/2023\/11\/ausschreiben-Bildschirm-3-copy-1024x740.png\" alt=\"Ausschreibungstexte auf ausschreiben.de\" width=\"603\" height=\"435\" srcset=\"https:\/\/www.walraven.com\/de\/wp-content\/uploads\/sites\/4\/2023\/11\/ausschreiben-Bildschirm-3-copy-1024x740.png 1024w, https:\/\/www.walraven.com\/de\/wp-content\/uploads\/sites\/4\/2023\/11\/ausschreiben-Bildschirm-3-copy-300x217.png 300w, https:\/\/www.walraven.com\/de\/wp-content\/uploads\/sites\/4\/2023\/11\/ausschreiben-Bildschirm-3-copy-768x555.png 768w, https:\/\/www.walraven.com\/de\/wp-content\/uploads\/sites\/4\/2023\/11\/ausschreiben-Bildschirm-3-copy-1536x1110.png 1536w, https:\/\/www.walraven.com\/de\/wp-content\/uploads\/sites\/4\/2023\/11\/ausschreiben-Bildschirm-3-copy-422x305.png 422w, https:\/\/www.walraven.com\/de\/wp-content\/uploads\/sites\/4\/2023\/11\/ausschreiben-Bildschirm-3-copy-527x381.png 527w, https:\/\/www.walraven.com\/de\/wp-content\/uploads\/sites\/4\/2023\/11\/ausschreiben-Bildschirm-3-copy-1290x933.png 1290w, https:\/\/www.walraven.com\/de\/wp-content\/uploads\/sites\/4\/2023\/11\/ausschreiben-Bildschirm-3-copy.png 1920w\" sizes=\"auto, (max-width: 603px) 100vw, 603px\" \/><\/a><\/p>\n<p>&nbsp;<\/p>\n\n<table id=\"tablepress-3\" class=\"tablepress tablepress-id-3\">\n<thead>\n<tr class=\"row-1\">\n\t<th class=\"column-1\">Formate (u. a.) <\/th><th class=\"column-2\">Ausgabemedien<\/th>\n<\/tr>\n<\/thead>\n<tbody class=\"row-striping\">\n<tr class=\"row-2\">\n\t<td class=\"column-1\">RTF<\/td><td class=\"column-2\">Bildschirm<br \/>\n<\/td>\n<\/tr>\n<tr class=\"row-3\">\n\t<td class=\"column-1\">PDF<br \/>\n<\/td><td class=\"column-2\">E-Mail<br \/>\n<\/td>\n<\/tr>\n<tr class=\"row-4\">\n\t<td class=\"column-1\">DOCX<\/td><td class=\"column-2\">Zwischenablage<\/td>\n<\/tr>\n<tr class=\"row-5\">\n\t<td class=\"column-1\">GAEB XML\/GAEB 90<br \/>\n<\/td><td class=\"column-2\">Datei<\/td>\n<\/tr>\n<tr class=\"row-6\">\n\t<td class=\"column-1\">DATANORM 5<br \/>\n<\/td><td class=\"column-2\"><\/td>\n<\/tr>\n<tr class=\"row-7\">\n\t<td class=\"column-1\">\u00d6NORM<br \/>\n<\/td><td class=\"column-2\"><\/td>\n<\/tr>\n<tr class=\"row-8\">\n\t<td class=\"column-1\">Text<\/td><td class=\"column-2\"><\/td>\n<\/tr>\n<tr class=\"row-9\">\n\t<td class=\"column-1\">XML<\/td><td class=\"column-2\"><\/td>\n<\/tr>\n<\/tbody>\n<\/table>\n\n<p>&nbsp;<\/p>\n<ul>\n<li>Alle angebotenen Produkte aus einem Verzeichnisbaum selektieren oder anhand eines Begriffs bzw. einer Artikelnummer \u00fcber die Suchfunktion filtern lassen<\/li>\n<li>Texte nach Auswahl des gew\u00fcnschten Ausgabeformats sowie -mediums in Ihr System exportieren<\/li>\n<\/ul>\n<p>Ausf\u00fchrliche Informationen zur Handhabung und weitere Hilfestellungen gibt Ihnen unser Innendienst:<\/p>\n<ul>\n<li>Telefon 0921 75600 oder<\/li>\n<li>E-Mail <a href=\"mailto:info.de@walraven.com\">info.de@walraven.com<\/a><\/li>\n<\/ul>\n<p>&nbsp;<\/p>\n","protected":false},"excerpt":{"rendered":"<p>Um Ihnen einen m\u00f6glichst reibungslosen und unkomplizierten Ablauf zu bieten, stellen wir Ihnen die Ausschreibungstexte in Ihrem bevorzugten Format zur Verf\u00fcgung. Sie sind in jede moderne AVA-Software oder Textverarbeitung integrierbar. &nbsp; &nbsp; Alle angebotenen Produkte aus einem Verzeichnisbaum selektieren oder anhand eines Begriffs bzw. einer Artikelnummer \u00fcber die Suchfunktion filtern lassen Texte nach Auswahl des [&hellip;]<\/p>\n","protected":false},"author":7,"featured_media":0,"parent":5152,"menu_order":0,"comment_status":"closed","ping_status":"closed","template":"","meta":{"_acf_changed":false,"footnotes":""},"class_list":["post-5109","page","type-page","status-publish","hentry"],"acf":[],"yoast_head":"<!-- This site is optimized with the Yoast SEO Premium plugin v27.3 (Yoast SEO v27.3) - https:\/\/yoast.com\/product\/yoast-seo-premium-wordpress\/ -->\n<title>Ausschreibungstexte - Walraven Deutschland<\/title>\n<meta name=\"description\" content=\"\u00dcbernehmen Sie die Ausschreibungstexte der Walraven-Produkte in jede moderne AVA-Software oder Textverarbeitung! Mehr dazu hier.\" \/>\n<meta name=\"robots\" content=\"index, follow, max-snippet:-1, max-image-preview:large, max-video-preview:-1\" \/>\n<link rel=\"canonical\" href=\"https:\/\/www.walraven.com\/de\/leistungen\/service\/ausschreibungstexte\/\" \/>\n<meta property=\"og:locale\" content=\"de_DE\" \/>\n<meta property=\"og:type\" content=\"article\" \/>\n<meta property=\"og:title\" content=\"Ausschreibungstexte\" \/>\n<meta property=\"og:description\" content=\"\u00dcbernehmen Sie die Ausschreibungstexte der Walraven-Produkte in jede moderne AVA-Software oder Textverarbeitung! Mehr dazu hier.\" \/>\n<meta property=\"og:url\" content=\"https:\/\/www.walraven.com\/de\/leistungen\/service\/ausschreibungstexte\/\" \/>\n<meta property=\"og:site_name\" content=\"Walraven Deutschland\" \/>\n<meta property=\"article:publisher\" content=\"https:\/\/www.facebook.com\/Walraven.GmbH\" \/>\n<meta property=\"article:modified_time\" content=\"2023-11-17T13:42:09+00:00\" \/>\n<meta property=\"og:image\" content=\"https:\/\/www.walraven.com\/de\/wp-content\/uploads\/sites\/4\/2023\/11\/ausschreiben-Bildschirm-3-copy.png\" \/>\n\t<meta property=\"og:image:width\" content=\"1920\" \/>\n\t<meta property=\"og:image:height\" content=\"1388\" \/>\n\t<meta property=\"og:image:type\" content=\"image\/png\" \/>\n<meta name=\"twitter:card\" content=\"summary_large_image\" \/>\n<meta name=\"twitter:site\" content=\"@BIS_Tech\" \/>\n<meta name=\"twitter:label1\" content=\"Gesch\u00e4tzte Lesezeit\" \/>\n\t<meta name=\"twitter:data1\" content=\"1\u00a0Minute\" \/>\n<script type=\"application\/ld+json\" class=\"yoast-schema-graph\">{\"@context\":\"https:\\\/\\\/schema.org\",\"@graph\":[{\"@type\":\"WebPage\",\"@id\":\"https:\\\/\\\/www.walraven.com\\\/de\\\/leistungen\\\/service\\\/ausschreibungstexte\\\/\",\"url\":\"https:\\\/\\\/www.walraven.com\\\/de\\\/leistungen\\\/service\\\/ausschreibungstexte\\\/\",\"name\":\"Ausschreibungstexte - Walraven Deutschland\",\"isPartOf\":{\"@id\":\"https:\\\/\\\/www.walraven.com\\\/de\\\/#website\"},\"primaryImageOfPage\":{\"@id\":\"https:\\\/\\\/www.walraven.com\\\/de\\\/leistungen\\\/service\\\/ausschreibungstexte\\\/#primaryimage\"},\"image\":{\"@id\":\"https:\\\/\\\/www.walraven.com\\\/de\\\/leistungen\\\/service\\\/ausschreibungstexte\\\/#primaryimage\"},\"thumbnailUrl\":\"https:\\\/\\\/www.walraven.com\\\/de\\\/wp-content\\\/uploads\\\/sites\\\/4\\\/2023\\\/11\\\/ausschreiben-Bildschirm-3-copy-1024x740.png\",\"datePublished\":\"2016-10-19T13:16:14+00:00\",\"dateModified\":\"2023-11-17T13:42:09+00:00\",\"description\":\"\u00dcbernehmen Sie die Ausschreibungstexte der Walraven-Produkte in jede moderne AVA-Software oder Textverarbeitung! Mehr dazu hier.\",\"breadcrumb\":{\"@id\":\"https:\\\/\\\/www.walraven.com\\\/de\\\/leistungen\\\/service\\\/ausschreibungstexte\\\/#breadcrumb\"},\"inLanguage\":\"de\",\"potentialAction\":[{\"@type\":\"ReadAction\",\"target\":[\"https:\\\/\\\/www.walraven.com\\\/de\\\/leistungen\\\/service\\\/ausschreibungstexte\\\/\"]}]},{\"@type\":\"ImageObject\",\"inLanguage\":\"de\",\"@id\":\"https:\\\/\\\/www.walraven.com\\\/de\\\/leistungen\\\/service\\\/ausschreibungstexte\\\/#primaryimage\",\"url\":\"https:\\\/\\\/www.walraven.com\\\/de\\\/wp-content\\\/uploads\\\/sites\\\/4\\\/2023\\\/11\\\/ausschreiben-Bildschirm-3-copy.png\",\"contentUrl\":\"https:\\\/\\\/www.walraven.com\\\/de\\\/wp-content\\\/uploads\\\/sites\\\/4\\\/2023\\\/11\\\/ausschreiben-Bildschirm-3-copy.png\",\"width\":1920,\"height\":1388,\"caption\":\"Screenshot der Walraven Produktseite auf Ausschreiben.de: Links ein Navigationsmen\u00fc mit Produktkategorien, rechts Detailinformationen zum Walraven Unterkonstruktionssystem f\u00fcr RLT-Anlagen auf Flachd\u00e4chern, inklusive Produktbild, technischen Daten und Optionen zum Drucken, Herunterladen oder Teilen.\"},{\"@type\":\"BreadcrumbList\",\"@id\":\"https:\\\/\\\/www.walraven.com\\\/de\\\/leistungen\\\/service\\\/ausschreibungstexte\\\/#breadcrumb\",\"itemListElement\":[{\"@type\":\"ListItem\",\"position\":1,\"name\":\"Startseite\",\"item\":\"https:\\\/\\\/www.walraven.com\\\/de\\\/\"},{\"@type\":\"ListItem\",\"position\":2,\"name\":\"Alle Serviceleistungen auf einen Blick\",\"item\":\"https:\\\/\\\/www.walraven.com\\\/de\\\/leistungen\\\/\"},{\"@type\":\"ListItem\",\"position\":3,\"name\":\"Allgemeiner Service\",\"item\":\"https:\\\/\\\/www.walraven.com\\\/de\\\/leistungen\\\/service\\\/\"},{\"@type\":\"ListItem\",\"position\":4,\"name\":\"Ausschreibungstexte\"}]},{\"@type\":\"WebSite\",\"@id\":\"https:\\\/\\\/www.walraven.com\\\/de\\\/#website\",\"url\":\"https:\\\/\\\/www.walraven.com\\\/de\\\/\",\"name\":\"Walraven Deutschland\",\"description\":\"\",\"publisher\":{\"@id\":\"https:\\\/\\\/www.walraven.com\\\/de\\\/#organization\"},\"potentialAction\":[{\"@type\":\"SearchAction\",\"target\":{\"@type\":\"EntryPoint\",\"urlTemplate\":\"https:\\\/\\\/www.walraven.com\\\/de\\\/?s={search_term_string}\"},\"query-input\":{\"@type\":\"PropertyValueSpecification\",\"valueRequired\":true,\"valueName\":\"search_term_string\"}}],\"inLanguage\":\"de\"},{\"@type\":\"Organization\",\"@id\":\"https:\\\/\\\/www.walraven.com\\\/de\\\/#organization\",\"name\":\"Walraven GmbH\",\"alternateName\":\"Walraven GmbH\",\"url\":\"https:\\\/\\\/www.walraven.com\\\/de\\\/\",\"logo\":{\"@type\":\"ImageObject\",\"inLanguage\":\"de\",\"@id\":\"https:\\\/\\\/www.walraven.com\\\/de\\\/#\\\/schema\\\/logo\\\/image\\\/\",\"url\":\"https:\\\/\\\/www.walraven.com\\\/de\\\/wp-content\\\/uploads\\\/sites\\\/4\\\/2023\\\/12\\\/Walraven_logo300x300.jpg\",\"contentUrl\":\"https:\\\/\\\/www.walraven.com\\\/de\\\/wp-content\\\/uploads\\\/sites\\\/4\\\/2023\\\/12\\\/Walraven_logo300x300.jpg\",\"width\":300,\"height\":300,\"caption\":\"Walraven GmbH\"},\"image\":{\"@id\":\"https:\\\/\\\/www.walraven.com\\\/de\\\/#\\\/schema\\\/logo\\\/image\\\/\"},\"sameAs\":[\"https:\\\/\\\/www.facebook.com\\\/Walraven.GmbH\",\"https:\\\/\\\/x.com\\\/BIS_Tech\",\"https:\\\/\\\/www.youtube.com\\\/WalravenDE\",\"https:\\\/\\\/www.linkedin.com\\\/company\\\/walraven-gmbh\",\"https:\\\/\\\/www.instagram.com\\\/walraven.gmbh\\\/\"]}]}<\/script>\n<!-- \/ Yoast SEO Premium plugin. -->","yoast_head_json":{"title":"Ausschreibungstexte - Walraven Deutschland","description":"\u00dcbernehmen Sie die Ausschreibungstexte der Walraven-Produkte in jede moderne AVA-Software oder Textverarbeitung! Mehr dazu hier.","robots":{"index":"index","follow":"follow","max-snippet":"max-snippet:-1","max-image-preview":"max-image-preview:large","max-video-preview":"max-video-preview:-1"},"canonical":"https:\/\/www.walraven.com\/de\/leistungen\/service\/ausschreibungstexte\/","og_locale":"de_DE","og_type":"article","og_title":"Ausschreibungstexte","og_description":"\u00dcbernehmen Sie die Ausschreibungstexte der Walraven-Produkte in jede moderne AVA-Software oder Textverarbeitung! Mehr dazu hier.","og_url":"https:\/\/www.walraven.com\/de\/leistungen\/service\/ausschreibungstexte\/","og_site_name":"Walraven Deutschland","article_publisher":"https:\/\/www.facebook.com\/Walraven.GmbH","article_modified_time":"2023-11-17T13:42:09+00:00","og_image":[{"width":1920,"height":1388,"url":"https:\/\/www.walraven.com\/de\/wp-content\/uploads\/sites\/4\/2023\/11\/ausschreiben-Bildschirm-3-copy.png","type":"image\/png"}],"twitter_card":"summary_large_image","twitter_site":"@BIS_Tech","twitter_misc":{"Gesch\u00e4tzte Lesezeit":"1\u00a0Minute"},"schema":{"@context":"https:\/\/schema.org","@graph":[{"@type":"WebPage","@id":"https:\/\/www.walraven.com\/de\/leistungen\/service\/ausschreibungstexte\/","url":"https:\/\/www.walraven.com\/de\/leistungen\/service\/ausschreibungstexte\/","name":"Ausschreibungstexte - Walraven Deutschland","isPartOf":{"@id":"https:\/\/www.walraven.com\/de\/#website"},"primaryImageOfPage":{"@id":"https:\/\/www.walraven.com\/de\/leistungen\/service\/ausschreibungstexte\/#primaryimage"},"image":{"@id":"https:\/\/www.walraven.com\/de\/leistungen\/service\/ausschreibungstexte\/#primaryimage"},"thumbnailUrl":"https:\/\/www.walraven.com\/de\/wp-content\/uploads\/sites\/4\/2023\/11\/ausschreiben-Bildschirm-3-copy-1024x740.png","datePublished":"2016-10-19T13:16:14+00:00","dateModified":"2023-11-17T13:42:09+00:00","description":"\u00dcbernehmen Sie die Ausschreibungstexte der Walraven-Produkte in jede moderne AVA-Software oder Textverarbeitung! Mehr dazu hier.","breadcrumb":{"@id":"https:\/\/www.walraven.com\/de\/leistungen\/service\/ausschreibungstexte\/#breadcrumb"},"inLanguage":"de","potentialAction":[{"@type":"ReadAction","target":["https:\/\/www.walraven.com\/de\/leistungen\/service\/ausschreibungstexte\/"]}]},{"@type":"ImageObject","inLanguage":"de","@id":"https:\/\/www.walraven.com\/de\/leistungen\/service\/ausschreibungstexte\/#primaryimage","url":"https:\/\/www.walraven.com\/de\/wp-content\/uploads\/sites\/4\/2023\/11\/ausschreiben-Bildschirm-3-copy.png","contentUrl":"https:\/\/www.walraven.com\/de\/wp-content\/uploads\/sites\/4\/2023\/11\/ausschreiben-Bildschirm-3-copy.png","width":1920,"height":1388,"caption":"Screenshot der Walraven Produktseite auf Ausschreiben.de: Links ein Navigationsmen\u00fc mit Produktkategorien, rechts Detailinformationen zum Walraven Unterkonstruktionssystem f\u00fcr RLT-Anlagen auf Flachd\u00e4chern, inklusive Produktbild, technischen Daten und Optionen zum Drucken, Herunterladen oder Teilen."},{"@type":"BreadcrumbList","@id":"https:\/\/www.walraven.com\/de\/leistungen\/service\/ausschreibungstexte\/#breadcrumb","itemListElement":[{"@type":"ListItem","position":1,"name":"Startseite","item":"https:\/\/www.walraven.com\/de\/"},{"@type":"ListItem","position":2,"name":"Alle Serviceleistungen auf einen Blick","item":"https:\/\/www.walraven.com\/de\/leistungen\/"},{"@type":"ListItem","position":3,"name":"Allgemeiner Service","item":"https:\/\/www.walraven.com\/de\/leistungen\/service\/"},{"@type":"ListItem","position":4,"name":"Ausschreibungstexte"}]},{"@type":"WebSite","@id":"https:\/\/www.walraven.com\/de\/#website","url":"https:\/\/www.walraven.com\/de\/","name":"Walraven Deutschland","description":"","publisher":{"@id":"https:\/\/www.walraven.com\/de\/#organization"},"potentialAction":[{"@type":"SearchAction","target":{"@type":"EntryPoint","urlTemplate":"https:\/\/www.walraven.com\/de\/?s={search_term_string}"},"query-input":{"@type":"PropertyValueSpecification","valueRequired":true,"valueName":"search_term_string"}}],"inLanguage":"de"},{"@type":"Organization","@id":"https:\/\/www.walraven.com\/de\/#organization","name":"Walraven GmbH","alternateName":"Walraven GmbH","url":"https:\/\/www.walraven.com\/de\/","logo":{"@type":"ImageObject","inLanguage":"de","@id":"https:\/\/www.walraven.com\/de\/#\/schema\/logo\/image\/","url":"https:\/\/www.walraven.com\/de\/wp-content\/uploads\/sites\/4\/2023\/12\/Walraven_logo300x300.jpg","contentUrl":"https:\/\/www.walraven.com\/de\/wp-content\/uploads\/sites\/4\/2023\/12\/Walraven_logo300x300.jpg","width":300,"height":300,"caption":"Walraven GmbH"},"image":{"@id":"https:\/\/www.walraven.com\/de\/#\/schema\/logo\/image\/"},"sameAs":["https:\/\/www.facebook.com\/Walraven.GmbH","https:\/\/x.com\/BIS_Tech","https:\/\/www.youtube.com\/WalravenDE","https:\/\/www.linkedin.com\/company\/walraven-gmbh","https:\/\/www.instagram.com\/walraven.gmbh\/"]}]}},"_links":{"self":[{"href":"https:\/\/www.walraven.com\/de\/wp-json\/wp\/v2\/pages\/5109","targetHints":{"allow":["GET"]}}],"collection":[{"href":"https:\/\/www.walraven.com\/de\/wp-json\/wp\/v2\/pages"}],"about":[{"href":"https:\/\/www.walraven.com\/de\/wp-json\/wp\/v2\/types\/page"}],"author":[{"embeddable":true,"href":"https:\/\/www.walraven.com\/de\/wp-json\/wp\/v2\/users\/7"}],"replies":[{"embeddable":true,"href":"https:\/\/www.walraven.com\/de\/wp-json\/wp\/v2\/comments?post=5109"}],"version-history":[{"count":6,"href":"https:\/\/www.walraven.com\/de\/wp-json\/wp\/v2\/pages\/5109\/revisions"}],"predecessor-version":[{"id":88236,"href":"https:\/\/www.walraven.com\/de\/wp-json\/wp\/v2\/pages\/5109\/revisions\/88236"}],"up":[{"embeddable":true,"href":"https:\/\/www.walraven.com\/de\/wp-json\/wp\/v2\/pages\/5152"}],"wp:attachment":[{"href":"https:\/\/www.walraven.com\/de\/wp-json\/wp\/v2\/media?parent=5109"}],"curies":[{"name":"wp","href":"https:\/\/api.w.org\/{rel}","templated":true}]}}