{"id":5117,"date":"2016-10-20T13:07:44","date_gmt":"2016-10-20T11:07:44","guid":{"rendered":"https:\/\/www.walraven.com\/de\/?page_id=5117"},"modified":"2026-01-27T10:14:33","modified_gmt":"2026-01-27T09:14:33","slug":"datenservice","status":"publish","type":"page","link":"https:\/\/www.walraven.com\/de\/leistungen\/service\/datenservice\/","title":{"rendered":"Datenservice"},"content":{"rendered":"<p><img loading=\"lazy\" decoding=\"async\" class=\" wp-image-74295 alignnone\" src=\"https:\/\/www.walraven.com\/wp-content\/uploads\/sites\/4\/2019\/10\/Daten-1024x375.jpg\" alt=\"\" width=\"1455\" height=\"533\" srcset=\"https:\/\/www.walraven.com\/de\/wp-content\/uploads\/sites\/4\/2019\/10\/Daten-1024x375.jpg 1024w, https:\/\/www.walraven.com\/de\/wp-content\/uploads\/sites\/4\/2019\/10\/Daten-300x110.jpg 300w, https:\/\/www.walraven.com\/de\/wp-content\/uploads\/sites\/4\/2019\/10\/Daten-768x281.jpg 768w, https:\/\/www.walraven.com\/de\/wp-content\/uploads\/sites\/4\/2019\/10\/Daten-480x176.jpg 480w, https:\/\/www.walraven.com\/de\/wp-content\/uploads\/sites\/4\/2019\/10\/Daten-600x220.jpg 600w, https:\/\/www.walraven.com\/de\/wp-content\/uploads\/sites\/4\/2019\/10\/Daten-1290x473.jpg 1290w\" sizes=\"auto, (max-width: 1455px) 100vw, 1455px\" \/><\/p>\n<p>Unser Datenservice im Bereich des Digital Sales umfasst:<\/p>\n<h3><strong>Artikelstammdaten (BMEcat, Datanorm etc.)<img loading=\"lazy\" decoding=\"async\" class=\"alignright wp-image-236047\" src=\"https:\/\/www.walraven.com\/de\/wp-content\/uploads\/sites\/4\/2026\/01\/arge-open-datacheck-2026-94x300.jpg\" alt=\"Walraven erh\u00e4lt 2026 f\u00fcr seine gute Datenqualit\u00e4t den Gr\u00fcnen Haken plus von ARGE.\" width=\"157\" height=\"500\" srcset=\"https:\/\/www.walraven.com\/de\/wp-content\/uploads\/sites\/4\/2026\/01\/arge-open-datacheck-2026-94x300.jpg 94w, https:\/\/www.walraven.com\/de\/wp-content\/uploads\/sites\/4\/2026\/01\/arge-open-datacheck-2026-322x1024.jpg 322w, https:\/\/www.walraven.com\/de\/wp-content\/uploads\/sites\/4\/2026\/01\/arge-open-datacheck-2026-483x1536.jpg 483w, https:\/\/www.walraven.com\/de\/wp-content\/uploads\/sites\/4\/2026\/01\/arge-open-datacheck-2026-96x305.jpg 96w, https:\/\/www.walraven.com\/de\/wp-content\/uploads\/sites\/4\/2026\/01\/arge-open-datacheck-2026-120x381.jpg 120w, https:\/\/www.walraven.com\/de\/wp-content\/uploads\/sites\/4\/2026\/01\/arge-open-datacheck-2026.jpg 539w\" sizes=\"auto, (max-width: 157px) 100vw, 157px\" \/><\/strong><\/h3>\n<ul>\n<li><a href=\"https:\/\/www.arge.de\/arge\/mitglieder\/\" target=\"_blank\" rel=\"noopener\">ARGE Neue Medien<\/a> \ud83d\udc49 mit <strong>Premium-Qualit\u00e4tssiegel <\/strong>f\u00fcr <a href=\"https:\/\/www.walraven.com\/de\/wp-content\/uploads\/sites\/4\/2026\/01\/ARGE-Zertifikat-Walraven-2026.pdf\" target=\"_blank\" rel=\"noopener\"><strong>DQR 10.0-<\/strong><\/a>konforme Datenlieferung (<strong>Gr\u00fcner Haken Plus<\/strong>)<\/li>\n<li><a href=\"https:\/\/www.itek.de\/unternehmen\/referenzen\/?category=2\" target=\"_blank\" rel=\"noopener\">Open Datacheck SHK<\/a> \ud83d\udc49 mit <strong>Silber-<a href=\"https:\/\/www.walraven.com\/de\/wp-content\/uploads\/sites\/4\/2025\/05\/Datacheck-Zertifikat_Silber.pdf\" target=\"_blank\" rel=\"noopener\">Zertifizierung<\/a><\/strong> f\u00fcr au\u00dferordentlich gute Datenqualit\u00e4t<\/li>\n<li><a href=\"https:\/\/www.itek.de\/unternehmen\/referenzen\/?category=2\" target=\"_blank\" rel=\"noopener\">Open Datacheck Elektro<\/a><\/li>\n<li><a href=\"https:\/\/building-masterdata.com\/\" target=\"_blank\" rel=\"noopener\">Building Masterdata<\/a><\/li>\n<li><a href=\"https:\/\/www.igneuemedien.at\/vereinsstatuten\/die-mitglieder\" target=\"_blank\" rel=\"noopener\">IG Neue Medien<\/a><\/li>\n<li><a href=\"https:\/\/etim.de\/\" target=\"_blank\" rel=\"noopener\">ETIM Klassifizierung<\/a><\/li>\n<li><a href=\"https:\/\/bim.walraven.com\/538_DE\/de_DE\/library\/categories\" target=\"_blank\" rel=\"noopener\">BIM Modelle<\/a><\/li>\n<\/ul>\n<h3><strong>EDI<\/strong><\/h3>\n<ul>\n<li>EDIFACT (ORDERS, ORDRSP, DESADV, INVOIC)<\/li>\n<\/ul>\n<h3><strong>Katalogdaten<\/strong><\/h3>\n<ul>\n<li><a href=\"https:\/\/www.walraven.com\/de\/downloads\/\" target=\"_blank\" rel=\"noopener\">Im Downloadbereich unserer Webseite<\/a><\/li>\n<li><a href=\"https:\/\/oxomi.com\/p\/3000106\" target=\"_blank\" rel=\"noopener\">OXOMI Katalogportal<\/a><\/li>\n<\/ul>\n<h3><strong>Ausschreibungstexte auf <a href=\"https:\/\/ausschreiben.de\/integration\/v2\/catalog\/walraven?integrationKey=cb78f05c-21f0-4bca-9306-8946a95f5cd1\" target=\"_blank\" rel=\"noopener\">ausschreiben.de<\/a><a href=\"https:\/\/ausschreiben.de\/integration\/v2\/catalog\/walraven?integrationKey=cb78f05c-21f0-4bca-9306-8946a95f5cd1\"><img loading=\"lazy\" decoding=\"async\" class=\"alignright wp-image-88207\" src=\"https:\/\/www.walraven.com\/de\/wp-content\/uploads\/sites\/4\/2023\/11\/ausschreiben-Bildschirm-3-copy-1024x740.png\" alt=\"\" width=\"327\" height=\"236\" srcset=\"https:\/\/www.walraven.com\/de\/wp-content\/uploads\/sites\/4\/2023\/11\/ausschreiben-Bildschirm-3-copy-1024x740.png 1024w, https:\/\/www.walraven.com\/de\/wp-content\/uploads\/sites\/4\/2023\/11\/ausschreiben-Bildschirm-3-copy-300x217.png 300w, https:\/\/www.walraven.com\/de\/wp-content\/uploads\/sites\/4\/2023\/11\/ausschreiben-Bildschirm-3-copy-768x555.png 768w, https:\/\/www.walraven.com\/de\/wp-content\/uploads\/sites\/4\/2023\/11\/ausschreiben-Bildschirm-3-copy-1536x1110.png 1536w, https:\/\/www.walraven.com\/de\/wp-content\/uploads\/sites\/4\/2023\/11\/ausschreiben-Bildschirm-3-copy-422x305.png 422w, https:\/\/www.walraven.com\/de\/wp-content\/uploads\/sites\/4\/2023\/11\/ausschreiben-Bildschirm-3-copy-527x381.png 527w, https:\/\/www.walraven.com\/de\/wp-content\/uploads\/sites\/4\/2023\/11\/ausschreiben-Bildschirm-3-copy-1290x933.png 1290w, https:\/\/www.walraven.com\/de\/wp-content\/uploads\/sites\/4\/2023\/11\/ausschreiben-Bildschirm-3-copy.png 1920w\" sizes=\"auto, (max-width: 327px) 100vw, 327px\" \/><\/a><\/strong><\/h3>\n<ul>\n<li><a href=\"https:\/\/ausschreiben.de\/integration\/v2\/catalog\/walraven?integrationKey=cb78f05c-21f0-4bca-9306-8946a95f5cd1\" target=\"_blank\" rel=\"noopener\">Ausschreibungstexte <strong>Befestigungs- &amp; Montagesysteme<\/strong><\/a><\/li>\n<li><a href=\"https:\/\/ausschreiben.de\/integration\/v2\/catalog\/walraven_brandschutz?integrationKey=51064d7e-2728-4894-82b7-61b1809b9f0c\" target=\"_blank\" rel=\"noopener\">Ausschreibungstexte <strong>Brandschutz<\/strong>-Abschottungssysteme\u00a0<\/a><\/li>\n<\/ul>\n<p>&nbsp;<\/p>\n<a href=\"https:\/\/www.walraven.com\/de\/kontakt\/\" class=\"button\">Sprechen Sie uns an<\/a>\n<p>&nbsp;<\/p>\n","protected":false},"excerpt":{"rendered":"<p>Unser Datenservice im Bereich des Digital Sales umfasst: Artikelstammdaten (BMEcat, Datanorm etc.) ARGE Neue Medien \ud83d\udc49 mit Premium-Qualit\u00e4tssiegel f\u00fcr DQR 10.0-konforme Datenlieferung (Gr\u00fcner Haken Plus) Open Datacheck SHK \ud83d\udc49 mit Silber-Zertifizierung f\u00fcr au\u00dferordentlich gute Datenqualit\u00e4t Open Datacheck Elektro Building Masterdata IG Neue Medien ETIM Klassifizierung BIM Modelle EDI EDIFACT (ORDERS, ORDRSP, DESADV, INVOIC) Katalogdaten Im [&hellip;]<\/p>\n","protected":false},"author":7,"featured_media":0,"parent":5152,"menu_order":0,"comment_status":"closed","ping_status":"closed","template":"","meta":{"_acf_changed":false,"footnotes":""},"class_list":["post-5117","page","type-page","status-publish","hentry"],"acf":[],"yoast_head":"<!-- This site is optimized with the Yoast SEO Premium plugin v27.3 (Yoast SEO v27.3) - https:\/\/yoast.com\/product\/yoast-seo-premium-wordpress\/ -->\n<title>Datenservice - Walraven Deutschland<\/title>\n<meta name=\"description\" content=\"Unser Service hinsichtlich Austausch und Verf\u00fcgbarkeit digitaler Daten umfasst: EDI\/ARGE Neue Medien, Oxomi und ausschreiben.de\" \/>\n<meta name=\"robots\" content=\"index, follow, max-snippet:-1, max-image-preview:large, max-video-preview:-1\" \/>\n<link rel=\"canonical\" href=\"https:\/\/www.walraven.com\/de\/leistungen\/service\/datenservice\/\" \/>\n<meta property=\"og:locale\" content=\"de_DE\" \/>\n<meta property=\"og:type\" content=\"article\" \/>\n<meta property=\"og:title\" content=\"Datenservice\" \/>\n<meta property=\"og:description\" content=\"Unser Service hinsichtlich Austausch und Verf\u00fcgbarkeit digitaler Daten umfasst: EDI\/ARGE Neue Medien, Oxomi und ausschreiben.de\" \/>\n<meta property=\"og:url\" content=\"https:\/\/www.walraven.com\/de\/leistungen\/service\/datenservice\/\" \/>\n<meta property=\"og:site_name\" content=\"Walraven Deutschland\" \/>\n<meta property=\"article:publisher\" content=\"https:\/\/www.facebook.com\/Walraven.GmbH\" \/>\n<meta property=\"article:modified_time\" content=\"2026-01-27T09:14:33+00:00\" \/>\n<meta property=\"og:image\" content=\"https:\/\/www.walraven.com\/de\/wp-content\/uploads\/sites\/4\/2019\/10\/Daten.jpg\" \/>\n\t<meta property=\"og:image:width\" content=\"2244\" \/>\n\t<meta property=\"og:image:height\" content=\"822\" \/>\n\t<meta property=\"og:image:type\" content=\"image\/jpeg\" \/>\n<meta name=\"twitter:card\" content=\"summary_large_image\" \/>\n<meta name=\"twitter:site\" content=\"@BIS_Tech\" \/>\n<meta name=\"twitter:label1\" content=\"Gesch\u00e4tzte Lesezeit\" \/>\n\t<meta name=\"twitter:data1\" content=\"2\u00a0Minuten\" \/>\n<script type=\"application\/ld+json\" class=\"yoast-schema-graph\">{\"@context\":\"https:\\\/\\\/schema.org\",\"@graph\":[{\"@type\":\"WebPage\",\"@id\":\"https:\\\/\\\/www.walraven.com\\\/de\\\/leistungen\\\/service\\\/datenservice\\\/\",\"url\":\"https:\\\/\\\/www.walraven.com\\\/de\\\/leistungen\\\/service\\\/datenservice\\\/\",\"name\":\"Datenservice - Walraven Deutschland\",\"isPartOf\":{\"@id\":\"https:\\\/\\\/www.walraven.com\\\/de\\\/#website\"},\"primaryImageOfPage\":{\"@id\":\"https:\\\/\\\/www.walraven.com\\\/de\\\/leistungen\\\/service\\\/datenservice\\\/#primaryimage\"},\"image\":{\"@id\":\"https:\\\/\\\/www.walraven.com\\\/de\\\/leistungen\\\/service\\\/datenservice\\\/#primaryimage\"},\"thumbnailUrl\":\"https:\\\/\\\/www.walraven.com\\\/wp-content\\\/uploads\\\/sites\\\/4\\\/2019\\\/10\\\/Daten-1024x375.jpg\",\"datePublished\":\"2016-10-20T11:07:44+00:00\",\"dateModified\":\"2026-01-27T09:14:33+00:00\",\"description\":\"Unser Service hinsichtlich Austausch und Verf\u00fcgbarkeit digitaler Daten umfasst: EDI\\\/ARGE Neue Medien, Oxomi und ausschreiben.de\",\"breadcrumb\":{\"@id\":\"https:\\\/\\\/www.walraven.com\\\/de\\\/leistungen\\\/service\\\/datenservice\\\/#breadcrumb\"},\"inLanguage\":\"de\",\"potentialAction\":[{\"@type\":\"ReadAction\",\"target\":[\"https:\\\/\\\/www.walraven.com\\\/de\\\/leistungen\\\/service\\\/datenservice\\\/\"]}]},{\"@type\":\"ImageObject\",\"inLanguage\":\"de\",\"@id\":\"https:\\\/\\\/www.walraven.com\\\/de\\\/leistungen\\\/service\\\/datenservice\\\/#primaryimage\",\"url\":\"https:\\\/\\\/www.walraven.com\\\/wp-content\\\/uploads\\\/sites\\\/4\\\/2019\\\/10\\\/Daten-1024x375.jpg\",\"contentUrl\":\"https:\\\/\\\/www.walraven.com\\\/wp-content\\\/uploads\\\/sites\\\/4\\\/2019\\\/10\\\/Daten-1024x375.jpg\"},{\"@type\":\"BreadcrumbList\",\"@id\":\"https:\\\/\\\/www.walraven.com\\\/de\\\/leistungen\\\/service\\\/datenservice\\\/#breadcrumb\",\"itemListElement\":[{\"@type\":\"ListItem\",\"position\":1,\"name\":\"Startseite\",\"item\":\"https:\\\/\\\/www.walraven.com\\\/de\\\/\"},{\"@type\":\"ListItem\",\"position\":2,\"name\":\"Alle Serviceleistungen auf einen Blick\",\"item\":\"https:\\\/\\\/www.walraven.com\\\/de\\\/leistungen\\\/\"},{\"@type\":\"ListItem\",\"position\":3,\"name\":\"Allgemeiner Service\",\"item\":\"https:\\\/\\\/www.walraven.com\\\/de\\\/leistungen\\\/service\\\/\"},{\"@type\":\"ListItem\",\"position\":4,\"name\":\"Datenservice\"}]},{\"@type\":\"WebSite\",\"@id\":\"https:\\\/\\\/www.walraven.com\\\/de\\\/#website\",\"url\":\"https:\\\/\\\/www.walraven.com\\\/de\\\/\",\"name\":\"Walraven Deutschland\",\"description\":\"\",\"publisher\":{\"@id\":\"https:\\\/\\\/www.walraven.com\\\/de\\\/#organization\"},\"potentialAction\":[{\"@type\":\"SearchAction\",\"target\":{\"@type\":\"EntryPoint\",\"urlTemplate\":\"https:\\\/\\\/www.walraven.com\\\/de\\\/?s={search_term_string}\"},\"query-input\":{\"@type\":\"PropertyValueSpecification\",\"valueRequired\":true,\"valueName\":\"search_term_string\"}}],\"inLanguage\":\"de\"},{\"@type\":\"Organization\",\"@id\":\"https:\\\/\\\/www.walraven.com\\\/de\\\/#organization\",\"name\":\"Walraven GmbH\",\"alternateName\":\"Walraven GmbH\",\"url\":\"https:\\\/\\\/www.walraven.com\\\/de\\\/\",\"logo\":{\"@type\":\"ImageObject\",\"inLanguage\":\"de\",\"@id\":\"https:\\\/\\\/www.walraven.com\\\/de\\\/#\\\/schema\\\/logo\\\/image\\\/\",\"url\":\"https:\\\/\\\/www.walraven.com\\\/de\\\/wp-content\\\/uploads\\\/sites\\\/4\\\/2023\\\/12\\\/Walraven_logo300x300.jpg\",\"contentUrl\":\"https:\\\/\\\/www.walraven.com\\\/de\\\/wp-content\\\/uploads\\\/sites\\\/4\\\/2023\\\/12\\\/Walraven_logo300x300.jpg\",\"width\":300,\"height\":300,\"caption\":\"Walraven GmbH\"},\"image\":{\"@id\":\"https:\\\/\\\/www.walraven.com\\\/de\\\/#\\\/schema\\\/logo\\\/image\\\/\"},\"sameAs\":[\"https:\\\/\\\/www.facebook.com\\\/Walraven.GmbH\",\"https:\\\/\\\/x.com\\\/BIS_Tech\",\"https:\\\/\\\/www.youtube.com\\\/WalravenDE\",\"https:\\\/\\\/www.linkedin.com\\\/company\\\/walraven-gmbh\",\"https:\\\/\\\/www.instagram.com\\\/walraven.gmbh\\\/\"]}]}<\/script>\n<!-- \/ Yoast SEO Premium plugin. -->","yoast_head_json":{"title":"Datenservice - Walraven Deutschland","description":"Unser Service hinsichtlich Austausch und Verf\u00fcgbarkeit digitaler Daten umfasst: EDI\/ARGE Neue Medien, Oxomi und ausschreiben.de","robots":{"index":"index","follow":"follow","max-snippet":"max-snippet:-1","max-image-preview":"max-image-preview:large","max-video-preview":"max-video-preview:-1"},"canonical":"https:\/\/www.walraven.com\/de\/leistungen\/service\/datenservice\/","og_locale":"de_DE","og_type":"article","og_title":"Datenservice","og_description":"Unser Service hinsichtlich Austausch und Verf\u00fcgbarkeit digitaler Daten umfasst: EDI\/ARGE Neue Medien, Oxomi und ausschreiben.de","og_url":"https:\/\/www.walraven.com\/de\/leistungen\/service\/datenservice\/","og_site_name":"Walraven Deutschland","article_publisher":"https:\/\/www.facebook.com\/Walraven.GmbH","article_modified_time":"2026-01-27T09:14:33+00:00","og_image":[{"width":2244,"height":822,"url":"https:\/\/www.walraven.com\/de\/wp-content\/uploads\/sites\/4\/2019\/10\/Daten.jpg","type":"image\/jpeg"}],"twitter_card":"summary_large_image","twitter_site":"@BIS_Tech","twitter_misc":{"Gesch\u00e4tzte Lesezeit":"2\u00a0Minuten"},"schema":{"@context":"https:\/\/schema.org","@graph":[{"@type":"WebPage","@id":"https:\/\/www.walraven.com\/de\/leistungen\/service\/datenservice\/","url":"https:\/\/www.walraven.com\/de\/leistungen\/service\/datenservice\/","name":"Datenservice - Walraven Deutschland","isPartOf":{"@id":"https:\/\/www.walraven.com\/de\/#website"},"primaryImageOfPage":{"@id":"https:\/\/www.walraven.com\/de\/leistungen\/service\/datenservice\/#primaryimage"},"image":{"@id":"https:\/\/www.walraven.com\/de\/leistungen\/service\/datenservice\/#primaryimage"},"thumbnailUrl":"https:\/\/www.walraven.com\/wp-content\/uploads\/sites\/4\/2019\/10\/Daten-1024x375.jpg","datePublished":"2016-10-20T11:07:44+00:00","dateModified":"2026-01-27T09:14:33+00:00","description":"Unser Service hinsichtlich Austausch und Verf\u00fcgbarkeit digitaler Daten umfasst: EDI\/ARGE Neue Medien, Oxomi und ausschreiben.de","breadcrumb":{"@id":"https:\/\/www.walraven.com\/de\/leistungen\/service\/datenservice\/#breadcrumb"},"inLanguage":"de","potentialAction":[{"@type":"ReadAction","target":["https:\/\/www.walraven.com\/de\/leistungen\/service\/datenservice\/"]}]},{"@type":"ImageObject","inLanguage":"de","@id":"https:\/\/www.walraven.com\/de\/leistungen\/service\/datenservice\/#primaryimage","url":"https:\/\/www.walraven.com\/wp-content\/uploads\/sites\/4\/2019\/10\/Daten-1024x375.jpg","contentUrl":"https:\/\/www.walraven.com\/wp-content\/uploads\/sites\/4\/2019\/10\/Daten-1024x375.jpg"},{"@type":"BreadcrumbList","@id":"https:\/\/www.walraven.com\/de\/leistungen\/service\/datenservice\/#breadcrumb","itemListElement":[{"@type":"ListItem","position":1,"name":"Startseite","item":"https:\/\/www.walraven.com\/de\/"},{"@type":"ListItem","position":2,"name":"Alle Serviceleistungen auf einen Blick","item":"https:\/\/www.walraven.com\/de\/leistungen\/"},{"@type":"ListItem","position":3,"name":"Allgemeiner Service","item":"https:\/\/www.walraven.com\/de\/leistungen\/service\/"},{"@type":"ListItem","position":4,"name":"Datenservice"}]},{"@type":"WebSite","@id":"https:\/\/www.walraven.com\/de\/#website","url":"https:\/\/www.walraven.com\/de\/","name":"Walraven Deutschland","description":"","publisher":{"@id":"https:\/\/www.walraven.com\/de\/#organization"},"potentialAction":[{"@type":"SearchAction","target":{"@type":"EntryPoint","urlTemplate":"https:\/\/www.walraven.com\/de\/?s={search_term_string}"},"query-input":{"@type":"PropertyValueSpecification","valueRequired":true,"valueName":"search_term_string"}}],"inLanguage":"de"},{"@type":"Organization","@id":"https:\/\/www.walraven.com\/de\/#organization","name":"Walraven GmbH","alternateName":"Walraven GmbH","url":"https:\/\/www.walraven.com\/de\/","logo":{"@type":"ImageObject","inLanguage":"de","@id":"https:\/\/www.walraven.com\/de\/#\/schema\/logo\/image\/","url":"https:\/\/www.walraven.com\/de\/wp-content\/uploads\/sites\/4\/2023\/12\/Walraven_logo300x300.jpg","contentUrl":"https:\/\/www.walraven.com\/de\/wp-content\/uploads\/sites\/4\/2023\/12\/Walraven_logo300x300.jpg","width":300,"height":300,"caption":"Walraven GmbH"},"image":{"@id":"https:\/\/www.walraven.com\/de\/#\/schema\/logo\/image\/"},"sameAs":["https:\/\/www.facebook.com\/Walraven.GmbH","https:\/\/x.com\/BIS_Tech","https:\/\/www.youtube.com\/WalravenDE","https:\/\/www.linkedin.com\/company\/walraven-gmbh","https:\/\/www.instagram.com\/walraven.gmbh\/"]}]}},"_links":{"self":[{"href":"https:\/\/www.walraven.com\/de\/wp-json\/wp\/v2\/pages\/5117","targetHints":{"allow":["GET"]}}],"collection":[{"href":"https:\/\/www.walraven.com\/de\/wp-json\/wp\/v2\/pages"}],"about":[{"href":"https:\/\/www.walraven.com\/de\/wp-json\/wp\/v2\/types\/page"}],"author":[{"embeddable":true,"href":"https:\/\/www.walraven.com\/de\/wp-json\/wp\/v2\/users\/7"}],"replies":[{"embeddable":true,"href":"https:\/\/www.walraven.com\/de\/wp-json\/wp\/v2\/comments?post=5117"}],"version-history":[{"count":7,"href":"https:\/\/www.walraven.com\/de\/wp-json\/wp\/v2\/pages\/5117\/revisions"}],"predecessor-version":[{"id":241552,"href":"https:\/\/www.walraven.com\/de\/wp-json\/wp\/v2\/pages\/5117\/revisions\/241552"}],"up":[{"embeddable":true,"href":"https:\/\/www.walraven.com\/de\/wp-json\/wp\/v2\/pages\/5152"}],"wp:attachment":[{"href":"https:\/\/www.walraven.com\/de\/wp-json\/wp\/v2\/media?parent=5117"}],"curies":[{"name":"wp","href":"https:\/\/api.w.org\/{rel}","templated":true}]}}