{"id":5119,"date":"2016-10-20T13:08:15","date_gmt":"2016-10-20T11:08:15","guid":{"rendered":"https:\/\/www.walraven.com\/de\/?page_id=5119"},"modified":"2024-12-19T15:48:59","modified_gmt":"2024-12-19T14:48:59","slug":"vormontage","status":"publish","type":"page","link":"https:\/\/www.walraven.com\/de\/leistungen\/service\/vormontage\/","title":{"rendered":"Vormontage- und Vorfertigungsservice"},"content":{"rendered":"<p><img loading=\"lazy\" decoding=\"async\" class=\"size-large wp-image-74293 alignnone\" src=\"https:\/\/www.walraven.com\/wp-content\/uploads\/sites\/4\/2019\/10\/Vormontage-1024x312.jpg\" alt=\"\" width=\"1024\" height=\"312\" srcset=\"https:\/\/www.walraven.com\/de\/wp-content\/uploads\/sites\/4\/2019\/10\/Vormontage-1024x312.jpg 1024w, https:\/\/www.walraven.com\/de\/wp-content\/uploads\/sites\/4\/2019\/10\/Vormontage-300x91.jpg 300w, https:\/\/www.walraven.com\/de\/wp-content\/uploads\/sites\/4\/2019\/10\/Vormontage-768x234.jpg 768w, https:\/\/www.walraven.com\/de\/wp-content\/uploads\/sites\/4\/2019\/10\/Vormontage-480x146.jpg 480w, https:\/\/www.walraven.com\/de\/wp-content\/uploads\/sites\/4\/2019\/10\/Vormontage-600x183.jpg 600w, https:\/\/www.walraven.com\/de\/wp-content\/uploads\/sites\/4\/2019\/10\/Vormontage-1290x393.jpg 1290w, https:\/\/www.walraven.com\/de\/wp-content\/uploads\/sites\/4\/2019\/10\/Vormontage.jpg 1656w\" sizes=\"auto, (max-width: 1024px) 100vw, 1024px\" \/><\/p>\n<p style=\"text-align: left\"><strong>&#8222;Alles aus einer Hand&#8220;:<\/strong><br \/>\nWalraven plant und montiert auf Wunsch individuelle Konstruktionen und liefert sie gebrauchsfertig.<\/p>\n<p><a class=\"button\" style=\"font-size: 14px;color: #fff700\" href=\"https:\/\/www.walraven.com\/wp-content\/uploads\/sites\/4\/2021\/05\/Walraven-Vormontageservice.pdf\" target=\"_blank\" rel=\"noopener\">Brosch\u00fcre herunterladen und mehr erfahren<\/a><\/p>\n<p><strong>Vorteile auf einen Blick:<\/strong><\/p>\n<ul>\n<li style=\"text-align: left\">Kein Restmaterial und Verschnitt<\/li>\n<li style=\"text-align: left\">Schnelle Installation vormontierter Einheiten<\/li>\n<li style=\"text-align: left\">Exakte Planung und Auslegung<\/li>\n<li style=\"text-align: left\">Zeit- und Kostenersparnis<\/li>\n<\/ul>\n<p style=\"text-align: left\">W\u00fcnschen Sie eine vormontierte L\u00f6sung, bitten wir Sie um rechtzeitige Kontaktaufnahme und etwas Vorlauf f\u00fcr die Fertigung.<\/p>\n<p style=\"text-align: left\"><strong>Kontakt<\/strong><\/p>\n<ul>\n<li style=\"text-align: left\">Telefon: +49 921 75600<\/li>\n<li style=\"text-align: left\">E-Mail <a href=\"mailto:info.de@walraven.com\">info.de@walraven.com<\/a><\/li>\n<\/ul>\n","protected":false},"excerpt":{"rendered":"<p>&#8222;Alles aus einer Hand&#8220;: Walraven plant und montiert auf Wunsch individuelle Konstruktionen und liefert sie gebrauchsfertig. Brosch\u00fcre herunterladen und mehr erfahren Vorteile auf einen Blick: Kein Restmaterial und Verschnitt Schnelle Installation vormontierter Einheiten Exakte Planung und Auslegung Zeit- und Kostenersparnis W\u00fcnschen Sie eine vormontierte L\u00f6sung, bitten wir Sie um rechtzeitige Kontaktaufnahme und etwas Vorlauf f\u00fcr [&hellip;]<\/p>\n","protected":false},"author":7,"featured_media":0,"parent":5152,"menu_order":0,"comment_status":"closed","ping_status":"closed","template":"","meta":{"_acf_changed":false,"footnotes":""},"class_list":["post-5119","page","type-page","status-publish","hentry"],"acf":[],"yoast_head":"<!-- This site is optimized with the Yoast SEO Premium plugin v27.3 (Yoast SEO v27.3) - https:\/\/yoast.com\/product\/yoast-seo-premium-wordpress\/ -->\n<title>Vormontage- und Vorfertigungsservice - Walraven Deutschland<\/title>\n<meta name=\"description\" content=\"Noch schneller montiert durch unseren Vormontage-Service. Lesen Sie, was er bietet und wie Sie ihn nutzen!\" \/>\n<meta name=\"robots\" content=\"index, follow, max-snippet:-1, max-image-preview:large, max-video-preview:-1\" \/>\n<link rel=\"canonical\" href=\"https:\/\/www.walraven.com\/de\/leistungen\/service\/vormontage\/\" \/>\n<meta property=\"og:locale\" content=\"de_DE\" \/>\n<meta property=\"og:type\" content=\"article\" \/>\n<meta property=\"og:title\" content=\"Vormontage- und Vorfertigungsservice\" \/>\n<meta property=\"og:description\" content=\"Noch schneller montiert durch unseren Vormontage-Service. Lesen Sie, was er bietet und wie Sie ihn nutzen!\" \/>\n<meta property=\"og:url\" content=\"https:\/\/www.walraven.com\/de\/leistungen\/service\/vormontage\/\" \/>\n<meta property=\"og:site_name\" content=\"Walraven Deutschland\" \/>\n<meta property=\"article:publisher\" content=\"https:\/\/www.facebook.com\/Walraven.GmbH\" \/>\n<meta property=\"article:modified_time\" content=\"2024-12-19T14:48:59+00:00\" \/>\n<meta property=\"og:image\" content=\"https:\/\/www.walraven.com\/de\/wp-content\/uploads\/sites\/4\/2019\/10\/Vormontage.jpg\" \/>\n\t<meta property=\"og:image:width\" content=\"1656\" \/>\n\t<meta property=\"og:image:height\" content=\"504\" \/>\n\t<meta property=\"og:image:type\" content=\"image\/jpeg\" \/>\n<meta name=\"twitter:card\" content=\"summary_large_image\" \/>\n<meta name=\"twitter:site\" content=\"@BIS_Tech\" \/>\n<meta name=\"twitter:label1\" content=\"Gesch\u00e4tzte Lesezeit\" \/>\n\t<meta name=\"twitter:data1\" content=\"1\u00a0Minute\" \/>\n<script type=\"application\/ld+json\" class=\"yoast-schema-graph\">{\"@context\":\"https:\\\/\\\/schema.org\",\"@graph\":[{\"@type\":\"WebPage\",\"@id\":\"https:\\\/\\\/www.walraven.com\\\/de\\\/leistungen\\\/service\\\/vormontage\\\/\",\"url\":\"https:\\\/\\\/www.walraven.com\\\/de\\\/leistungen\\\/service\\\/vormontage\\\/\",\"name\":\"Vormontage- und Vorfertigungsservice - Walraven Deutschland\",\"isPartOf\":{\"@id\":\"https:\\\/\\\/www.walraven.com\\\/de\\\/#website\"},\"primaryImageOfPage\":{\"@id\":\"https:\\\/\\\/www.walraven.com\\\/de\\\/leistungen\\\/service\\\/vormontage\\\/#primaryimage\"},\"image\":{\"@id\":\"https:\\\/\\\/www.walraven.com\\\/de\\\/leistungen\\\/service\\\/vormontage\\\/#primaryimage\"},\"thumbnailUrl\":\"https:\\\/\\\/www.walraven.com\\\/wp-content\\\/uploads\\\/sites\\\/4\\\/2019\\\/10\\\/Vormontage-1024x312.jpg\",\"datePublished\":\"2016-10-20T11:08:15+00:00\",\"dateModified\":\"2024-12-19T14:48:59+00:00\",\"description\":\"Noch schneller montiert durch unseren Vormontage-Service. Lesen Sie, was er bietet und wie Sie ihn nutzen!\",\"breadcrumb\":{\"@id\":\"https:\\\/\\\/www.walraven.com\\\/de\\\/leistungen\\\/service\\\/vormontage\\\/#breadcrumb\"},\"inLanguage\":\"de\",\"potentialAction\":[{\"@type\":\"ReadAction\",\"target\":[\"https:\\\/\\\/www.walraven.com\\\/de\\\/leistungen\\\/service\\\/vormontage\\\/\"]}]},{\"@type\":\"ImageObject\",\"inLanguage\":\"de\",\"@id\":\"https:\\\/\\\/www.walraven.com\\\/de\\\/leistungen\\\/service\\\/vormontage\\\/#primaryimage\",\"url\":\"https:\\\/\\\/www.walraven.com\\\/wp-content\\\/uploads\\\/sites\\\/4\\\/2019\\\/10\\\/Vormontage-1024x312.jpg\",\"contentUrl\":\"https:\\\/\\\/www.walraven.com\\\/wp-content\\\/uploads\\\/sites\\\/4\\\/2019\\\/10\\\/Vormontage-1024x312.jpg\"},{\"@type\":\"BreadcrumbList\",\"@id\":\"https:\\\/\\\/www.walraven.com\\\/de\\\/leistungen\\\/service\\\/vormontage\\\/#breadcrumb\",\"itemListElement\":[{\"@type\":\"ListItem\",\"position\":1,\"name\":\"Startseite\",\"item\":\"https:\\\/\\\/www.walraven.com\\\/de\\\/\"},{\"@type\":\"ListItem\",\"position\":2,\"name\":\"Alle Serviceleistungen auf einen Blick\",\"item\":\"https:\\\/\\\/www.walraven.com\\\/de\\\/leistungen\\\/\"},{\"@type\":\"ListItem\",\"position\":3,\"name\":\"Allgemeiner Service\",\"item\":\"https:\\\/\\\/www.walraven.com\\\/de\\\/leistungen\\\/service\\\/\"},{\"@type\":\"ListItem\",\"position\":4,\"name\":\"Vormontage- und Vorfertigungsservice\"}]},{\"@type\":\"WebSite\",\"@id\":\"https:\\\/\\\/www.walraven.com\\\/de\\\/#website\",\"url\":\"https:\\\/\\\/www.walraven.com\\\/de\\\/\",\"name\":\"Walraven Deutschland\",\"description\":\"\",\"publisher\":{\"@id\":\"https:\\\/\\\/www.walraven.com\\\/de\\\/#organization\"},\"potentialAction\":[{\"@type\":\"SearchAction\",\"target\":{\"@type\":\"EntryPoint\",\"urlTemplate\":\"https:\\\/\\\/www.walraven.com\\\/de\\\/?s={search_term_string}\"},\"query-input\":{\"@type\":\"PropertyValueSpecification\",\"valueRequired\":true,\"valueName\":\"search_term_string\"}}],\"inLanguage\":\"de\"},{\"@type\":\"Organization\",\"@id\":\"https:\\\/\\\/www.walraven.com\\\/de\\\/#organization\",\"name\":\"Walraven GmbH\",\"alternateName\":\"Walraven GmbH\",\"url\":\"https:\\\/\\\/www.walraven.com\\\/de\\\/\",\"logo\":{\"@type\":\"ImageObject\",\"inLanguage\":\"de\",\"@id\":\"https:\\\/\\\/www.walraven.com\\\/de\\\/#\\\/schema\\\/logo\\\/image\\\/\",\"url\":\"https:\\\/\\\/www.walraven.com\\\/de\\\/wp-content\\\/uploads\\\/sites\\\/4\\\/2023\\\/12\\\/Walraven_logo300x300.jpg\",\"contentUrl\":\"https:\\\/\\\/www.walraven.com\\\/de\\\/wp-content\\\/uploads\\\/sites\\\/4\\\/2023\\\/12\\\/Walraven_logo300x300.jpg\",\"width\":300,\"height\":300,\"caption\":\"Walraven GmbH\"},\"image\":{\"@id\":\"https:\\\/\\\/www.walraven.com\\\/de\\\/#\\\/schema\\\/logo\\\/image\\\/\"},\"sameAs\":[\"https:\\\/\\\/www.facebook.com\\\/Walraven.GmbH\",\"https:\\\/\\\/x.com\\\/BIS_Tech\",\"https:\\\/\\\/www.youtube.com\\\/WalravenDE\",\"https:\\\/\\\/www.linkedin.com\\\/company\\\/walraven-gmbh\",\"https:\\\/\\\/www.instagram.com\\\/walraven.gmbh\\\/\"]}]}<\/script>\n<!-- \/ Yoast SEO Premium plugin. -->","yoast_head_json":{"title":"Vormontage- und Vorfertigungsservice - Walraven Deutschland","description":"Noch schneller montiert durch unseren Vormontage-Service. Lesen Sie, was er bietet und wie Sie ihn nutzen!","robots":{"index":"index","follow":"follow","max-snippet":"max-snippet:-1","max-image-preview":"max-image-preview:large","max-video-preview":"max-video-preview:-1"},"canonical":"https:\/\/www.walraven.com\/de\/leistungen\/service\/vormontage\/","og_locale":"de_DE","og_type":"article","og_title":"Vormontage- und Vorfertigungsservice","og_description":"Noch schneller montiert durch unseren Vormontage-Service. Lesen Sie, was er bietet und wie Sie ihn nutzen!","og_url":"https:\/\/www.walraven.com\/de\/leistungen\/service\/vormontage\/","og_site_name":"Walraven Deutschland","article_publisher":"https:\/\/www.facebook.com\/Walraven.GmbH","article_modified_time":"2024-12-19T14:48:59+00:00","og_image":[{"width":1656,"height":504,"url":"https:\/\/www.walraven.com\/de\/wp-content\/uploads\/sites\/4\/2019\/10\/Vormontage.jpg","type":"image\/jpeg"}],"twitter_card":"summary_large_image","twitter_site":"@BIS_Tech","twitter_misc":{"Gesch\u00e4tzte Lesezeit":"1\u00a0Minute"},"schema":{"@context":"https:\/\/schema.org","@graph":[{"@type":"WebPage","@id":"https:\/\/www.walraven.com\/de\/leistungen\/service\/vormontage\/","url":"https:\/\/www.walraven.com\/de\/leistungen\/service\/vormontage\/","name":"Vormontage- und Vorfertigungsservice - Walraven Deutschland","isPartOf":{"@id":"https:\/\/www.walraven.com\/de\/#website"},"primaryImageOfPage":{"@id":"https:\/\/www.walraven.com\/de\/leistungen\/service\/vormontage\/#primaryimage"},"image":{"@id":"https:\/\/www.walraven.com\/de\/leistungen\/service\/vormontage\/#primaryimage"},"thumbnailUrl":"https:\/\/www.walraven.com\/wp-content\/uploads\/sites\/4\/2019\/10\/Vormontage-1024x312.jpg","datePublished":"2016-10-20T11:08:15+00:00","dateModified":"2024-12-19T14:48:59+00:00","description":"Noch schneller montiert durch unseren Vormontage-Service. Lesen Sie, was er bietet und wie Sie ihn nutzen!","breadcrumb":{"@id":"https:\/\/www.walraven.com\/de\/leistungen\/service\/vormontage\/#breadcrumb"},"inLanguage":"de","potentialAction":[{"@type":"ReadAction","target":["https:\/\/www.walraven.com\/de\/leistungen\/service\/vormontage\/"]}]},{"@type":"ImageObject","inLanguage":"de","@id":"https:\/\/www.walraven.com\/de\/leistungen\/service\/vormontage\/#primaryimage","url":"https:\/\/www.walraven.com\/wp-content\/uploads\/sites\/4\/2019\/10\/Vormontage-1024x312.jpg","contentUrl":"https:\/\/www.walraven.com\/wp-content\/uploads\/sites\/4\/2019\/10\/Vormontage-1024x312.jpg"},{"@type":"BreadcrumbList","@id":"https:\/\/www.walraven.com\/de\/leistungen\/service\/vormontage\/#breadcrumb","itemListElement":[{"@type":"ListItem","position":1,"name":"Startseite","item":"https:\/\/www.walraven.com\/de\/"},{"@type":"ListItem","position":2,"name":"Alle Serviceleistungen auf einen Blick","item":"https:\/\/www.walraven.com\/de\/leistungen\/"},{"@type":"ListItem","position":3,"name":"Allgemeiner Service","item":"https:\/\/www.walraven.com\/de\/leistungen\/service\/"},{"@type":"ListItem","position":4,"name":"Vormontage- und Vorfertigungsservice"}]},{"@type":"WebSite","@id":"https:\/\/www.walraven.com\/de\/#website","url":"https:\/\/www.walraven.com\/de\/","name":"Walraven Deutschland","description":"","publisher":{"@id":"https:\/\/www.walraven.com\/de\/#organization"},"potentialAction":[{"@type":"SearchAction","target":{"@type":"EntryPoint","urlTemplate":"https:\/\/www.walraven.com\/de\/?s={search_term_string}"},"query-input":{"@type":"PropertyValueSpecification","valueRequired":true,"valueName":"search_term_string"}}],"inLanguage":"de"},{"@type":"Organization","@id":"https:\/\/www.walraven.com\/de\/#organization","name":"Walraven GmbH","alternateName":"Walraven GmbH","url":"https:\/\/www.walraven.com\/de\/","logo":{"@type":"ImageObject","inLanguage":"de","@id":"https:\/\/www.walraven.com\/de\/#\/schema\/logo\/image\/","url":"https:\/\/www.walraven.com\/de\/wp-content\/uploads\/sites\/4\/2023\/12\/Walraven_logo300x300.jpg","contentUrl":"https:\/\/www.walraven.com\/de\/wp-content\/uploads\/sites\/4\/2023\/12\/Walraven_logo300x300.jpg","width":300,"height":300,"caption":"Walraven GmbH"},"image":{"@id":"https:\/\/www.walraven.com\/de\/#\/schema\/logo\/image\/"},"sameAs":["https:\/\/www.facebook.com\/Walraven.GmbH","https:\/\/x.com\/BIS_Tech","https:\/\/www.youtube.com\/WalravenDE","https:\/\/www.linkedin.com\/company\/walraven-gmbh","https:\/\/www.instagram.com\/walraven.gmbh\/"]}]}},"_links":{"self":[{"href":"https:\/\/www.walraven.com\/de\/wp-json\/wp\/v2\/pages\/5119","targetHints":{"allow":["GET"]}}],"collection":[{"href":"https:\/\/www.walraven.com\/de\/wp-json\/wp\/v2\/pages"}],"about":[{"href":"https:\/\/www.walraven.com\/de\/wp-json\/wp\/v2\/types\/page"}],"author":[{"embeddable":true,"href":"https:\/\/www.walraven.com\/de\/wp-json\/wp\/v2\/users\/7"}],"replies":[{"embeddable":true,"href":"https:\/\/www.walraven.com\/de\/wp-json\/wp\/v2\/comments?post=5119"}],"version-history":[{"count":6,"href":"https:\/\/www.walraven.com\/de\/wp-json\/wp\/v2\/pages\/5119\/revisions"}],"predecessor-version":[{"id":93052,"href":"https:\/\/www.walraven.com\/de\/wp-json\/wp\/v2\/pages\/5119\/revisions\/93052"}],"up":[{"embeddable":true,"href":"https:\/\/www.walraven.com\/de\/wp-json\/wp\/v2\/pages\/5152"}],"wp:attachment":[{"href":"https:\/\/www.walraven.com\/de\/wp-json\/wp\/v2\/media?parent=5119"}],"curies":[{"name":"wp","href":"https:\/\/api.w.org\/{rel}","templated":true}]}}