{"id":5138,"date":"2016-11-03T09:11:46","date_gmt":"2016-11-03T08:11:46","guid":{"rendered":"https:\/\/www.walraven.com\/de\/?page_id=5138"},"modified":"2024-12-19T12:10:40","modified_gmt":"2024-12-19T11:10:40","slug":"tga-erlebnisseminar","status":"publish","type":"page","link":"https:\/\/www.walraven.com\/de\/leistungen\/akademie\/tga-erlebnisseminar\/","title":{"rendered":"Brandschutz BBQ 2.0"},"content":{"rendered":"<h2><strong>Das TGA-Erlebnisseminar<\/strong><\/h2>\n<p><strong>Die etwas andere Roadshow<\/strong> zum <strong>Thema<\/strong> <strong>Leitungsabschottung<\/strong> f\u00fcr Planer, Architekten, Inhaber von Handwerksbetrieben und SHK-Meister.<\/p>\n<p><a href=\"https:\/\/www.walraven.com\/wp-content\/uploads\/sites\/4\/2022\/02\/Flyer-BBQ-2022-ausfuellbar.pdf\" target=\"_blank\" rel=\"noopener\"><img loading=\"lazy\" decoding=\"async\" class=\"alignnone wp-image-74976\" src=\"https:\/\/www.walraven.com\/wp-content\/uploads\/sites\/4\/2020\/02\/TGA-Erlebnisseminar-Brandschutz-BBQ-Grillmotiv-1-1024x486.jpg\" alt=\"\" width=\"726\" height=\"344\" srcset=\"https:\/\/www.walraven.com\/de\/wp-content\/uploads\/sites\/4\/2020\/02\/TGA-Erlebnisseminar-Brandschutz-BBQ-Grillmotiv-1-1024x486.jpg 1024w, https:\/\/www.walraven.com\/de\/wp-content\/uploads\/sites\/4\/2020\/02\/TGA-Erlebnisseminar-Brandschutz-BBQ-Grillmotiv-1-300x143.jpg 300w, https:\/\/www.walraven.com\/de\/wp-content\/uploads\/sites\/4\/2020\/02\/TGA-Erlebnisseminar-Brandschutz-BBQ-Grillmotiv-1-768x365.jpg 768w, https:\/\/www.walraven.com\/de\/wp-content\/uploads\/sites\/4\/2020\/02\/TGA-Erlebnisseminar-Brandschutz-BBQ-Grillmotiv-1-480x228.jpg 480w, https:\/\/www.walraven.com\/de\/wp-content\/uploads\/sites\/4\/2020\/02\/TGA-Erlebnisseminar-Brandschutz-BBQ-Grillmotiv-1-600x285.jpg 600w, https:\/\/www.walraven.com\/de\/wp-content\/uploads\/sites\/4\/2020\/02\/TGA-Erlebnisseminar-Brandschutz-BBQ-Grillmotiv-1.jpg 1200w\" sizes=\"auto, (max-width: 726px) 100vw, 726px\" \/><\/a><\/p>\n<p><strong>N\u00fctzliche Theorie<\/strong> kombiniert mit <strong>erlebnisreicher Praxis:<\/strong><\/p>\n<ul>\n<li>Eine <strong>Brandschutzschulung\u00a0<\/strong>\n<ul>\n<li>Aufbau und Ablauf einer Brandpr\u00fcfung<\/li>\n<li>Zu beachtende Pr\u00fcfkriterien<\/li>\n<li>Rohr-Endkonfigurationen<\/li>\n<li>Wirkungsweise von Intumeszenz-Materialien<\/li>\n<li>Verwendbarkeitsnachweise und deren T\u00fccken\n<ul>\n<li>Arten von Verwendbarkeitsnachweisen<\/li>\n<li>G\u00fcltigkeitsdauer<\/li>\n<li>Lesen und verstehen<\/li>\n<\/ul>\n<\/li>\n<\/ul>\n<\/li>\n<\/ul>\n<ul>\n<li>Ein <strong>Weber Grillkurs &#8222;American Barbecue&#8220;. <\/strong>Die amerikanische Art des Grillens wird in vielen L\u00e4ndern als das &#8222;echte Grillen&#8220; angesehen. In diesem Kurs bereiten wir gemeinsam vielseitige amerikanische Grillklassiker sowie BBQ Saucen und Rubs zu, die einfach gelingen und auch bei besonderen Anl\u00e4ssen begeistern. <strong>Dabei lernen Sie &#8230;<\/strong>\n<ul>\n<li>das Grillen von perfektem Steak und Burger (Fleischwahl, Zubereitung, Gargrad)<\/li>\n<li>die Zubereitung von typischen amerikanischen Beilagen, die garantiert jedem schmecken<\/li>\n<li>die Zubereitung von vielseitigen Rubs und Saucen<\/li>\n<\/ul>\n<\/li>\n<\/ul>\n<p>Die <strong>maximale Teilnehmerzahl<\/strong>\u00a0ist auf <strong>20<\/strong> <strong>Personen<\/strong> begrenzt. Der Grillkurs findet im Freien statt. Bitte denken Sie daher an entsprechende Kleidung und festes Schuhwerk.<\/p>\n<p>Die Teilnahmegeb\u00fchr in H\u00f6he von 109,- \u20ac zzgl. MwSt. beinhaltet:<\/p>\n<ul>\n<li>Tagungsdokumentation<\/li>\n<li>Teilnahmezertifikat<\/li>\n<li>Verpflegung<\/li>\n<li>Weber Grillkurs American Barbecue<\/li>\n<\/ul>\n<p style=\"text-align: center\"><a class=\"button\" style=\"font-size: 14px;color: #fff700\" href=\"https:\/\/www.walraven.com\/wp-content\/uploads\/sites\/4\/2022\/02\/Flyer-BBQ-2022-ausfuellbar.pdf\" target=\"_blank\" rel=\"noopener\">Flyer Brandschutz BBQ 2.0 herunterladen<\/a><\/p>\n<hr \/>\n<h2>Anmeldeformular<\/h2>\n<p><em>Mit Absenden des Formulars melden Sie sich verbindlich zu einer unserer Veranstaltungen an und stimmen den nachfolgenden &#8222;Allgemeinen Teilnahmebedingungen&#8220; zu.<\/em><\/p>\n<p>&nbsp;<\/p>\n<p><strong><em><a name=\"Teilnahme\"><\/a>Allgemeine Teilnahmebedingungen:<\/em><\/strong><br \/>\n<em>Der Eingang Ihrer Anmeldung wird Ihnen per E-Mail best\u00e4tigt. Die Teilnahmegeb\u00fchr beinhaltet die Tagungsdokumentation, das Teilnahmezertifikat, Verpflegung und den Weber\u00ae-Grillkurs\u201cAmerican BBQ\u201d. Der Teilnahmebetrag zzgl. MwSt. ist nach Erhalt der Rechnung f\u00e4llig. Eine Stornierung der Teilnahme ist gegen eine Bearbeitungsgeb\u00fchr von 15,- \u20ac (zzgl. MwSt.) bis 4 Wochen vor dem Seminar m\u00f6glich. Bei einer sp\u00e4teren Abmeldung oder Nichterscheinen ist die volle Seminargeb\u00fchr zu entrichten. Ein Ersatzteilnehmer wird ohne zus\u00e4tzliche Kosten akzeptiert. Die maximale Teilnehmerzahl ist auf 20 Personen begrenzt. Der Veranstalter beh\u00e4lt sich vor, bei einer zu geringen Teilnehmerzahl die Veranstaltung abzusagen. In diesem Fall wird die Geb\u00fchr in voller H\u00f6he erstattet. Bei \u00c4nderung des Programmablaufes oder bei Ausfall eines Referenten entsteht kein Anspruch auf R\u00fcckerstattung der Teilnahmegeb\u00fchr.<\/em><\/p>\n","protected":false},"excerpt":{"rendered":"<p>Das TGA-Erlebnisseminar zum Thema Leitungsabschottung f\u00fcr Planer, Architekten, Inhaber von Handwerksbetrieben und SHK-Meister verbindet n\u00fctzliche Theorie mit erlebnisreicher Grillpraxis \u00fcber &#8222;American Barbecue&#8220; von Weber-Experten.<\/p>\n","protected":false},"author":7,"featured_media":80285,"parent":79178,"menu_order":0,"comment_status":"closed","ping_status":"closed","template":"","meta":{"_acf_changed":false,"footnotes":""},"class_list":["post-5138","page","type-page","status-publish","has-post-thumbnail","hentry"],"acf":[],"yoast_head":"<!-- This site is optimized with the Yoast SEO Premium plugin v27.3 (Yoast SEO v27.3) - https:\/\/yoast.com\/product\/yoast-seo-premium-wordpress\/ -->\n<title>Brandschutz BBQ 2.0 - Walraven Deutschland<\/title>\n<meta name=\"description\" content=\"Die etwas andere Brandschutzseminar zum Thema Leitungsabschottung f\u00fcr TGA-Planer und Verarbeiter. Walraven-L\u00f6sungen kombiniert mit Grillkunst.\" \/>\n<meta name=\"robots\" content=\"index, follow, max-snippet:-1, max-image-preview:large, max-video-preview:-1\" \/>\n<link rel=\"canonical\" href=\"https:\/\/www.walraven.com\/de\/leistungen\/akademie\/tga-erlebnisseminar\/\" \/>\n<meta property=\"og:locale\" content=\"de_DE\" \/>\n<meta property=\"og:type\" content=\"article\" \/>\n<meta property=\"og:title\" content=\"Brandschutz BBQ 2.0\" \/>\n<meta property=\"og:description\" content=\"Die etwas andere Brandschutzseminar zum Thema Leitungsabschottung f\u00fcr TGA-Planer und Verarbeiter. Walraven-L\u00f6sungen kombiniert mit Grillkunst.\" \/>\n<meta property=\"og:url\" content=\"https:\/\/www.walraven.com\/de\/leistungen\/akademie\/tga-erlebnisseminar\/\" \/>\n<meta property=\"og:site_name\" content=\"Walraven Deutschland\" \/>\n<meta property=\"article:publisher\" content=\"https:\/\/www.facebook.com\/Walraven.GmbH\" \/>\n<meta property=\"article:modified_time\" content=\"2024-12-19T11:10:40+00:00\" \/>\n<meta property=\"og:image\" content=\"https:\/\/www.walraven.com\/de\/wp-content\/uploads\/sites\/4\/2022\/04\/BS-BBQ-Newsbild-Intro.jpg\" \/>\n\t<meta property=\"og:image:width\" content=\"552\" \/>\n\t<meta property=\"og:image:height\" content=\"308\" \/>\n\t<meta property=\"og:image:type\" content=\"image\/jpeg\" \/>\n<meta name=\"twitter:card\" content=\"summary_large_image\" \/>\n<meta name=\"twitter:site\" content=\"@BIS_Tech\" \/>\n<meta name=\"twitter:label1\" content=\"Gesch\u00e4tzte Lesezeit\" \/>\n\t<meta name=\"twitter:data1\" content=\"3\u00a0Minuten\" \/>\n<script type=\"application\/ld+json\" class=\"yoast-schema-graph\">{\"@context\":\"https:\\\/\\\/schema.org\",\"@graph\":[{\"@type\":\"WebPage\",\"@id\":\"https:\\\/\\\/www.walraven.com\\\/de\\\/leistungen\\\/akademie\\\/tga-erlebnisseminar\\\/\",\"url\":\"https:\\\/\\\/www.walraven.com\\\/de\\\/leistungen\\\/akademie\\\/tga-erlebnisseminar\\\/\",\"name\":\"Brandschutz BBQ 2.0 - Walraven Deutschland\",\"isPartOf\":{\"@id\":\"https:\\\/\\\/www.walraven.com\\\/de\\\/#website\"},\"primaryImageOfPage\":{\"@id\":\"https:\\\/\\\/www.walraven.com\\\/de\\\/leistungen\\\/akademie\\\/tga-erlebnisseminar\\\/#primaryimage\"},\"image\":{\"@id\":\"https:\\\/\\\/www.walraven.com\\\/de\\\/leistungen\\\/akademie\\\/tga-erlebnisseminar\\\/#primaryimage\"},\"thumbnailUrl\":\"https:\\\/\\\/www.walraven.com\\\/de\\\/wp-content\\\/uploads\\\/sites\\\/4\\\/2022\\\/04\\\/BS-BBQ-Newsbild-Intro.jpg\",\"datePublished\":\"2016-11-03T08:11:46+00:00\",\"dateModified\":\"2024-12-19T11:10:40+00:00\",\"description\":\"Die etwas andere Brandschutzseminar zum Thema Leitungsabschottung f\u00fcr TGA-Planer und Verarbeiter. Walraven-L\u00f6sungen kombiniert mit Grillkunst.\",\"breadcrumb\":{\"@id\":\"https:\\\/\\\/www.walraven.com\\\/de\\\/leistungen\\\/akademie\\\/tga-erlebnisseminar\\\/#breadcrumb\"},\"inLanguage\":\"de\",\"potentialAction\":[{\"@type\":\"ReadAction\",\"target\":[\"https:\\\/\\\/www.walraven.com\\\/de\\\/leistungen\\\/akademie\\\/tga-erlebnisseminar\\\/\"]}]},{\"@type\":\"ImageObject\",\"inLanguage\":\"de\",\"@id\":\"https:\\\/\\\/www.walraven.com\\\/de\\\/leistungen\\\/akademie\\\/tga-erlebnisseminar\\\/#primaryimage\",\"url\":\"https:\\\/\\\/www.walraven.com\\\/de\\\/wp-content\\\/uploads\\\/sites\\\/4\\\/2022\\\/04\\\/BS-BBQ-Newsbild-Intro.jpg\",\"contentUrl\":\"https:\\\/\\\/www.walraven.com\\\/de\\\/wp-content\\\/uploads\\\/sites\\\/4\\\/2022\\\/04\\\/BS-BBQ-Newsbild-Intro.jpg\",\"width\":552,\"height\":308,\"caption\":\"Im Rahmen des TGA Erlebnisseminars \u201aBrandschutz Barbecue 2.0\u2018 sch\u00fcttet eine Person mit schwarzen Handschuhen hei\u00dfe Kohlen in einen Grill \u2013 Funken spr\u00fchen in einer gr\u00fcnen Outdoor-Umgebung. Das Bild symbolisiert die Verbindung von praxisnahem Fachwissen zum baulichen Brandschutz, etwa zu Brandpr\u00fcfungen und Verwendbarkeitsnachweisen, mit einem Grillkurs der Weber\u00ae Grill Academy zum American Barbecue. Ein Nachmittag, der Feuer im doppelten Sinne thematisiert: als Sicherheitsaspekt im Bauwesen und als Genussmoment beim Grillen.\"},{\"@type\":\"BreadcrumbList\",\"@id\":\"https:\\\/\\\/www.walraven.com\\\/de\\\/leistungen\\\/akademie\\\/tga-erlebnisseminar\\\/#breadcrumb\",\"itemListElement\":[{\"@type\":\"ListItem\",\"position\":1,\"name\":\"Startseite\",\"item\":\"https:\\\/\\\/www.walraven.com\\\/de\\\/\"},{\"@type\":\"ListItem\",\"position\":2,\"name\":\"Alle Serviceleistungen auf einen Blick\",\"item\":\"https:\\\/\\\/www.walraven.com\\\/de\\\/leistungen\\\/\"},{\"@type\":\"ListItem\",\"position\":3,\"name\":\"Walraven-Akademie\",\"item\":\"https:\\\/\\\/www.walraven.com\\\/de\\\/leistungen\\\/akademie\\\/\"},{\"@type\":\"ListItem\",\"position\":4,\"name\":\"Brandschutz BBQ 2.0\"}]},{\"@type\":\"WebSite\",\"@id\":\"https:\\\/\\\/www.walraven.com\\\/de\\\/#website\",\"url\":\"https:\\\/\\\/www.walraven.com\\\/de\\\/\",\"name\":\"Walraven Deutschland\",\"description\":\"\",\"publisher\":{\"@id\":\"https:\\\/\\\/www.walraven.com\\\/de\\\/#organization\"},\"potentialAction\":[{\"@type\":\"SearchAction\",\"target\":{\"@type\":\"EntryPoint\",\"urlTemplate\":\"https:\\\/\\\/www.walraven.com\\\/de\\\/?s={search_term_string}\"},\"query-input\":{\"@type\":\"PropertyValueSpecification\",\"valueRequired\":true,\"valueName\":\"search_term_string\"}}],\"inLanguage\":\"de\"},{\"@type\":\"Organization\",\"@id\":\"https:\\\/\\\/www.walraven.com\\\/de\\\/#organization\",\"name\":\"Walraven GmbH\",\"alternateName\":\"Walraven GmbH\",\"url\":\"https:\\\/\\\/www.walraven.com\\\/de\\\/\",\"logo\":{\"@type\":\"ImageObject\",\"inLanguage\":\"de\",\"@id\":\"https:\\\/\\\/www.walraven.com\\\/de\\\/#\\\/schema\\\/logo\\\/image\\\/\",\"url\":\"https:\\\/\\\/www.walraven.com\\\/de\\\/wp-content\\\/uploads\\\/sites\\\/4\\\/2023\\\/12\\\/Walraven_logo300x300.jpg\",\"contentUrl\":\"https:\\\/\\\/www.walraven.com\\\/de\\\/wp-content\\\/uploads\\\/sites\\\/4\\\/2023\\\/12\\\/Walraven_logo300x300.jpg\",\"width\":300,\"height\":300,\"caption\":\"Walraven GmbH\"},\"image\":{\"@id\":\"https:\\\/\\\/www.walraven.com\\\/de\\\/#\\\/schema\\\/logo\\\/image\\\/\"},\"sameAs\":[\"https:\\\/\\\/www.facebook.com\\\/Walraven.GmbH\",\"https:\\\/\\\/x.com\\\/BIS_Tech\",\"https:\\\/\\\/www.youtube.com\\\/WalravenDE\",\"https:\\\/\\\/www.linkedin.com\\\/company\\\/walraven-gmbh\",\"https:\\\/\\\/www.instagram.com\\\/walraven.gmbh\\\/\"]}]}<\/script>\n<!-- \/ Yoast SEO Premium plugin. -->","yoast_head_json":{"title":"Brandschutz BBQ 2.0 - Walraven Deutschland","description":"Die etwas andere Brandschutzseminar zum Thema Leitungsabschottung f\u00fcr TGA-Planer und Verarbeiter. Walraven-L\u00f6sungen kombiniert mit Grillkunst.","robots":{"index":"index","follow":"follow","max-snippet":"max-snippet:-1","max-image-preview":"max-image-preview:large","max-video-preview":"max-video-preview:-1"},"canonical":"https:\/\/www.walraven.com\/de\/leistungen\/akademie\/tga-erlebnisseminar\/","og_locale":"de_DE","og_type":"article","og_title":"Brandschutz BBQ 2.0","og_description":"Die etwas andere Brandschutzseminar zum Thema Leitungsabschottung f\u00fcr TGA-Planer und Verarbeiter. Walraven-L\u00f6sungen kombiniert mit Grillkunst.","og_url":"https:\/\/www.walraven.com\/de\/leistungen\/akademie\/tga-erlebnisseminar\/","og_site_name":"Walraven Deutschland","article_publisher":"https:\/\/www.facebook.com\/Walraven.GmbH","article_modified_time":"2024-12-19T11:10:40+00:00","og_image":[{"width":552,"height":308,"url":"https:\/\/www.walraven.com\/de\/wp-content\/uploads\/sites\/4\/2022\/04\/BS-BBQ-Newsbild-Intro.jpg","type":"image\/jpeg"}],"twitter_card":"summary_large_image","twitter_site":"@BIS_Tech","twitter_misc":{"Gesch\u00e4tzte Lesezeit":"3\u00a0Minuten"},"schema":{"@context":"https:\/\/schema.org","@graph":[{"@type":"WebPage","@id":"https:\/\/www.walraven.com\/de\/leistungen\/akademie\/tga-erlebnisseminar\/","url":"https:\/\/www.walraven.com\/de\/leistungen\/akademie\/tga-erlebnisseminar\/","name":"Brandschutz BBQ 2.0 - Walraven Deutschland","isPartOf":{"@id":"https:\/\/www.walraven.com\/de\/#website"},"primaryImageOfPage":{"@id":"https:\/\/www.walraven.com\/de\/leistungen\/akademie\/tga-erlebnisseminar\/#primaryimage"},"image":{"@id":"https:\/\/www.walraven.com\/de\/leistungen\/akademie\/tga-erlebnisseminar\/#primaryimage"},"thumbnailUrl":"https:\/\/www.walraven.com\/de\/wp-content\/uploads\/sites\/4\/2022\/04\/BS-BBQ-Newsbild-Intro.jpg","datePublished":"2016-11-03T08:11:46+00:00","dateModified":"2024-12-19T11:10:40+00:00","description":"Die etwas andere Brandschutzseminar zum Thema Leitungsabschottung f\u00fcr TGA-Planer und Verarbeiter. Walraven-L\u00f6sungen kombiniert mit Grillkunst.","breadcrumb":{"@id":"https:\/\/www.walraven.com\/de\/leistungen\/akademie\/tga-erlebnisseminar\/#breadcrumb"},"inLanguage":"de","potentialAction":[{"@type":"ReadAction","target":["https:\/\/www.walraven.com\/de\/leistungen\/akademie\/tga-erlebnisseminar\/"]}]},{"@type":"ImageObject","inLanguage":"de","@id":"https:\/\/www.walraven.com\/de\/leistungen\/akademie\/tga-erlebnisseminar\/#primaryimage","url":"https:\/\/www.walraven.com\/de\/wp-content\/uploads\/sites\/4\/2022\/04\/BS-BBQ-Newsbild-Intro.jpg","contentUrl":"https:\/\/www.walraven.com\/de\/wp-content\/uploads\/sites\/4\/2022\/04\/BS-BBQ-Newsbild-Intro.jpg","width":552,"height":308,"caption":"Im Rahmen des TGA Erlebnisseminars \u201aBrandschutz Barbecue 2.0\u2018 sch\u00fcttet eine Person mit schwarzen Handschuhen hei\u00dfe Kohlen in einen Grill \u2013 Funken spr\u00fchen in einer gr\u00fcnen Outdoor-Umgebung. Das Bild symbolisiert die Verbindung von praxisnahem Fachwissen zum baulichen Brandschutz, etwa zu Brandpr\u00fcfungen und Verwendbarkeitsnachweisen, mit einem Grillkurs der Weber\u00ae Grill Academy zum American Barbecue. Ein Nachmittag, der Feuer im doppelten Sinne thematisiert: als Sicherheitsaspekt im Bauwesen und als Genussmoment beim Grillen."},{"@type":"BreadcrumbList","@id":"https:\/\/www.walraven.com\/de\/leistungen\/akademie\/tga-erlebnisseminar\/#breadcrumb","itemListElement":[{"@type":"ListItem","position":1,"name":"Startseite","item":"https:\/\/www.walraven.com\/de\/"},{"@type":"ListItem","position":2,"name":"Alle Serviceleistungen auf einen Blick","item":"https:\/\/www.walraven.com\/de\/leistungen\/"},{"@type":"ListItem","position":3,"name":"Walraven-Akademie","item":"https:\/\/www.walraven.com\/de\/leistungen\/akademie\/"},{"@type":"ListItem","position":4,"name":"Brandschutz BBQ 2.0"}]},{"@type":"WebSite","@id":"https:\/\/www.walraven.com\/de\/#website","url":"https:\/\/www.walraven.com\/de\/","name":"Walraven Deutschland","description":"","publisher":{"@id":"https:\/\/www.walraven.com\/de\/#organization"},"potentialAction":[{"@type":"SearchAction","target":{"@type":"EntryPoint","urlTemplate":"https:\/\/www.walraven.com\/de\/?s={search_term_string}"},"query-input":{"@type":"PropertyValueSpecification","valueRequired":true,"valueName":"search_term_string"}}],"inLanguage":"de"},{"@type":"Organization","@id":"https:\/\/www.walraven.com\/de\/#organization","name":"Walraven GmbH","alternateName":"Walraven GmbH","url":"https:\/\/www.walraven.com\/de\/","logo":{"@type":"ImageObject","inLanguage":"de","@id":"https:\/\/www.walraven.com\/de\/#\/schema\/logo\/image\/","url":"https:\/\/www.walraven.com\/de\/wp-content\/uploads\/sites\/4\/2023\/12\/Walraven_logo300x300.jpg","contentUrl":"https:\/\/www.walraven.com\/de\/wp-content\/uploads\/sites\/4\/2023\/12\/Walraven_logo300x300.jpg","width":300,"height":300,"caption":"Walraven GmbH"},"image":{"@id":"https:\/\/www.walraven.com\/de\/#\/schema\/logo\/image\/"},"sameAs":["https:\/\/www.facebook.com\/Walraven.GmbH","https:\/\/x.com\/BIS_Tech","https:\/\/www.youtube.com\/WalravenDE","https:\/\/www.linkedin.com\/company\/walraven-gmbh","https:\/\/www.instagram.com\/walraven.gmbh\/"]}]}},"_links":{"self":[{"href":"https:\/\/www.walraven.com\/de\/wp-json\/wp\/v2\/pages\/5138","targetHints":{"allow":["GET"]}}],"collection":[{"href":"https:\/\/www.walraven.com\/de\/wp-json\/wp\/v2\/pages"}],"about":[{"href":"https:\/\/www.walraven.com\/de\/wp-json\/wp\/v2\/types\/page"}],"author":[{"embeddable":true,"href":"https:\/\/www.walraven.com\/de\/wp-json\/wp\/v2\/users\/7"}],"replies":[{"embeddable":true,"href":"https:\/\/www.walraven.com\/de\/wp-json\/wp\/v2\/comments?post=5138"}],"version-history":[{"count":9,"href":"https:\/\/www.walraven.com\/de\/wp-json\/wp\/v2\/pages\/5138\/revisions"}],"predecessor-version":[{"id":92970,"href":"https:\/\/www.walraven.com\/de\/wp-json\/wp\/v2\/pages\/5138\/revisions\/92970"}],"up":[{"embeddable":true,"href":"https:\/\/www.walraven.com\/de\/wp-json\/wp\/v2\/pages\/79178"}],"wp:featuredmedia":[{"embeddable":true,"href":"https:\/\/www.walraven.com\/de\/wp-json\/wp\/v2\/media\/80285"}],"wp:attachment":[{"href":"https:\/\/www.walraven.com\/de\/wp-json\/wp\/v2\/media?parent=5138"}],"curies":[{"name":"wp","href":"https:\/\/api.w.org\/{rel}","templated":true}]}}