{"id":5140,"date":"2016-11-03T10:15:51","date_gmt":"2016-11-03T09:15:51","guid":{"rendered":"https:\/\/www.walraven.com\/de\/?page_id=5140"},"modified":"2023-01-10T07:39:17","modified_gmt":"2023-01-10T06:39:17","slug":"seminare-kooperationen","status":"publish","type":"page","link":"https:\/\/www.walraven.com\/de\/leistungen\/akademie\/seminare-kooperationen\/","title":{"rendered":"Kooperationen"},"content":{"rendered":"<h2>Feuer und Wasser &#8211; Gegens\u00e4tze mit Gefahrenpotential f\u00fcr das Handwerk!<\/h2>\n<p><strong>Nutzen: <\/strong>Gefahrenpotentiale in der Installation kennen und einsch\u00e4tzen k\u00f6nnen<\/p>\n<h3><strong>SEMINARINHALTE<\/strong><\/h3>\n<p><strong>Brandschutz<\/strong><\/p>\n<ul>\n<li>Vorbeugend baulicher Brandschutz bei Leitungsanlagen mit Verwendungsnachweis (unter Ber\u00fccksichtigung der aktuellen Regelwerke)<\/li>\n<li>Tipps + Tricks zur rauchgasdichten Installation &#8211; Rohrabschottung<\/li>\n<li>Rohrabschottungen: Fallstricke und Einbaufehler in der Praxis<\/li>\n<\/ul>\n<p><strong>R\u00fcckstauschutz<\/strong><\/p>\n<ul>\n<li>\u00dcberflutungs- und Hochwasserschutz unter Ber\u00fccksichtigung einer aktiven R\u00fcckstausicherung<\/li>\n<li>Tipps und Tricks f\u00fcr den Einbau: Fallstricke und Einbaufehler in der Praxis<\/li>\n<\/ul>\n<p><strong>Schallschutz in Abwasserleitungen<\/strong><\/p>\n<ul>\n<li>Normative Anfroderungen und deren Umsetzung in die Praxis, Vermeidung von Verlege- und Montagefehlern<\/li>\n<\/ul>\n<p><strong>Praktische F\u00fchrung \/ Vorf\u00fchrung<\/strong><\/p>\n<p>Zielgruppe: Architekten, Planer, Inhaber von Installationsbetrieben<\/p>\n<p><strong>Termin: 26.10.2023<\/strong> in Steinhagen \/ 9 &#8211; 16 Uhr \/ p.P. \u20ac 50,- zzgl. MwSt<\/p>\n<p>Bitte melden Sie sich bei unserem Kooperationspartner an: <a href=\"https:\/\/www.jung-pumpen-forum.de\/seminar\/seminar-registration.aspx?key=4264\" class=\"button\">Zum Anmeldeformular<\/a><\/p>\n<p>Referenten: Marco Koch (Jung Pumpen), <strong>Karl-Heinz Ullrich<\/strong> (Walraven GmbH),<br \/>\nMarkus Purschke (SAINT-GOBAIN pam building)<\/p>\n<p>&nbsp;<\/p>\n","protected":false},"excerpt":{"rendered":"<p>Feuer und Wasser &#8211; Gegens\u00e4tze mit Gefahrenpotential f\u00fcr das Handwerk! Nutzen: Gefahrenpotentiale in der Installation kennen und einsch\u00e4tzen k\u00f6nnen SEMINARINHALTE Brandschutz Vorbeugend baulicher Brandschutz bei Leitungsanlagen mit Verwendungsnachweis (unter Ber\u00fccksichtigung der aktuellen Regelwerke) Tipps + Tricks zur rauchgasdichten Installation &#8211; Rohrabschottung Rohrabschottungen: Fallstricke und Einbaufehler in der Praxis R\u00fcckstauschutz \u00dcberflutungs- und Hochwasserschutz unter Ber\u00fccksichtigung einer [&hellip;]<\/p>\n","protected":false},"author":7,"featured_media":0,"parent":79178,"menu_order":0,"comment_status":"closed","ping_status":"closed","template":"","meta":{"_acf_changed":false,"footnotes":""},"class_list":["post-5140","page","type-page","status-publish","hentry"],"acf":[],"yoast_head":"<!-- This site is optimized with the Yoast SEO Premium plugin v27.3 (Yoast SEO v27.3) - https:\/\/yoast.com\/product\/yoast-seo-premium-wordpress\/ -->\n<title>Kooperationen - Walraven Deutschland<\/title>\n<meta name=\"description\" content=\"Kooperationsseminar PENTAIR Jung Pumpen und Walraven. Feuer und Wasser. Gegens\u00e4tze mit Gefahrenpotential f\u00fcr das Handwerk.\" \/>\n<meta name=\"robots\" content=\"index, follow, max-snippet:-1, max-image-preview:large, max-video-preview:-1\" \/>\n<link rel=\"canonical\" href=\"https:\/\/www.walraven.com\/de\/leistungen\/akademie\/seminare-kooperationen\/\" \/>\n<meta property=\"og:locale\" content=\"de_DE\" \/>\n<meta property=\"og:type\" content=\"article\" \/>\n<meta property=\"og:title\" content=\"Kooperationen\" \/>\n<meta property=\"og:description\" content=\"Kooperationsseminar PENTAIR Jung Pumpen und Walraven. Feuer und Wasser. Gegens\u00e4tze mit Gefahrenpotential f\u00fcr das Handwerk.\" \/>\n<meta property=\"og:url\" content=\"https:\/\/www.walraven.com\/de\/leistungen\/akademie\/seminare-kooperationen\/\" \/>\n<meta property=\"og:site_name\" content=\"Walraven Deutschland\" \/>\n<meta property=\"article:publisher\" content=\"https:\/\/www.facebook.com\/Walraven.GmbH\" \/>\n<meta property=\"article:modified_time\" content=\"2023-01-10T06:39:17+00:00\" \/>\n<meta name=\"twitter:card\" content=\"summary_large_image\" \/>\n<meta name=\"twitter:site\" content=\"@BIS_Tech\" \/>\n<meta name=\"twitter:label1\" content=\"Gesch\u00e4tzte Lesezeit\" \/>\n\t<meta name=\"twitter:data1\" content=\"1\u00a0Minute\" \/>\n<script type=\"application\/ld+json\" class=\"yoast-schema-graph\">{\"@context\":\"https:\\\/\\\/schema.org\",\"@graph\":[{\"@type\":\"WebPage\",\"@id\":\"https:\\\/\\\/www.walraven.com\\\/de\\\/leistungen\\\/akademie\\\/seminare-kooperationen\\\/\",\"url\":\"https:\\\/\\\/www.walraven.com\\\/de\\\/leistungen\\\/akademie\\\/seminare-kooperationen\\\/\",\"name\":\"Kooperationen - Walraven Deutschland\",\"isPartOf\":{\"@id\":\"https:\\\/\\\/www.walraven.com\\\/de\\\/#website\"},\"datePublished\":\"2016-11-03T09:15:51+00:00\",\"dateModified\":\"2023-01-10T06:39:17+00:00\",\"description\":\"Kooperationsseminar PENTAIR Jung Pumpen und Walraven. Feuer und Wasser. Gegens\u00e4tze mit Gefahrenpotential f\u00fcr das Handwerk.\",\"breadcrumb\":{\"@id\":\"https:\\\/\\\/www.walraven.com\\\/de\\\/leistungen\\\/akademie\\\/seminare-kooperationen\\\/#breadcrumb\"},\"inLanguage\":\"de\",\"potentialAction\":[{\"@type\":\"ReadAction\",\"target\":[\"https:\\\/\\\/www.walraven.com\\\/de\\\/leistungen\\\/akademie\\\/seminare-kooperationen\\\/\"]}]},{\"@type\":\"BreadcrumbList\",\"@id\":\"https:\\\/\\\/www.walraven.com\\\/de\\\/leistungen\\\/akademie\\\/seminare-kooperationen\\\/#breadcrumb\",\"itemListElement\":[{\"@type\":\"ListItem\",\"position\":1,\"name\":\"Startseite\",\"item\":\"https:\\\/\\\/www.walraven.com\\\/de\\\/\"},{\"@type\":\"ListItem\",\"position\":2,\"name\":\"Alle Serviceleistungen auf einen Blick\",\"item\":\"https:\\\/\\\/www.walraven.com\\\/de\\\/leistungen\\\/\"},{\"@type\":\"ListItem\",\"position\":3,\"name\":\"Walraven-Akademie\",\"item\":\"https:\\\/\\\/www.walraven.com\\\/de\\\/leistungen\\\/akademie\\\/\"},{\"@type\":\"ListItem\",\"position\":4,\"name\":\"Kooperationen\"}]},{\"@type\":\"WebSite\",\"@id\":\"https:\\\/\\\/www.walraven.com\\\/de\\\/#website\",\"url\":\"https:\\\/\\\/www.walraven.com\\\/de\\\/\",\"name\":\"Walraven Deutschland\",\"description\":\"\",\"publisher\":{\"@id\":\"https:\\\/\\\/www.walraven.com\\\/de\\\/#organization\"},\"potentialAction\":[{\"@type\":\"SearchAction\",\"target\":{\"@type\":\"EntryPoint\",\"urlTemplate\":\"https:\\\/\\\/www.walraven.com\\\/de\\\/?s={search_term_string}\"},\"query-input\":{\"@type\":\"PropertyValueSpecification\",\"valueRequired\":true,\"valueName\":\"search_term_string\"}}],\"inLanguage\":\"de\"},{\"@type\":\"Organization\",\"@id\":\"https:\\\/\\\/www.walraven.com\\\/de\\\/#organization\",\"name\":\"Walraven GmbH\",\"alternateName\":\"Walraven GmbH\",\"url\":\"https:\\\/\\\/www.walraven.com\\\/de\\\/\",\"logo\":{\"@type\":\"ImageObject\",\"inLanguage\":\"de\",\"@id\":\"https:\\\/\\\/www.walraven.com\\\/de\\\/#\\\/schema\\\/logo\\\/image\\\/\",\"url\":\"https:\\\/\\\/www.walraven.com\\\/de\\\/wp-content\\\/uploads\\\/sites\\\/4\\\/2023\\\/12\\\/Walraven_logo300x300.jpg\",\"contentUrl\":\"https:\\\/\\\/www.walraven.com\\\/de\\\/wp-content\\\/uploads\\\/sites\\\/4\\\/2023\\\/12\\\/Walraven_logo300x300.jpg\",\"width\":300,\"height\":300,\"caption\":\"Walraven GmbH\"},\"image\":{\"@id\":\"https:\\\/\\\/www.walraven.com\\\/de\\\/#\\\/schema\\\/logo\\\/image\\\/\"},\"sameAs\":[\"https:\\\/\\\/www.facebook.com\\\/Walraven.GmbH\",\"https:\\\/\\\/x.com\\\/BIS_Tech\",\"https:\\\/\\\/www.youtube.com\\\/WalravenDE\",\"https:\\\/\\\/www.linkedin.com\\\/company\\\/walraven-gmbh\",\"https:\\\/\\\/www.instagram.com\\\/walraven.gmbh\\\/\"]}]}<\/script>\n<!-- \/ Yoast SEO Premium plugin. -->","yoast_head_json":{"title":"Kooperationen - Walraven Deutschland","description":"Kooperationsseminar PENTAIR Jung Pumpen und Walraven. Feuer und Wasser. Gegens\u00e4tze mit Gefahrenpotential f\u00fcr das Handwerk.","robots":{"index":"index","follow":"follow","max-snippet":"max-snippet:-1","max-image-preview":"max-image-preview:large","max-video-preview":"max-video-preview:-1"},"canonical":"https:\/\/www.walraven.com\/de\/leistungen\/akademie\/seminare-kooperationen\/","og_locale":"de_DE","og_type":"article","og_title":"Kooperationen","og_description":"Kooperationsseminar PENTAIR Jung Pumpen und Walraven. Feuer und Wasser. Gegens\u00e4tze mit Gefahrenpotential f\u00fcr das Handwerk.","og_url":"https:\/\/www.walraven.com\/de\/leistungen\/akademie\/seminare-kooperationen\/","og_site_name":"Walraven Deutschland","article_publisher":"https:\/\/www.facebook.com\/Walraven.GmbH","article_modified_time":"2023-01-10T06:39:17+00:00","twitter_card":"summary_large_image","twitter_site":"@BIS_Tech","twitter_misc":{"Gesch\u00e4tzte Lesezeit":"1\u00a0Minute"},"schema":{"@context":"https:\/\/schema.org","@graph":[{"@type":"WebPage","@id":"https:\/\/www.walraven.com\/de\/leistungen\/akademie\/seminare-kooperationen\/","url":"https:\/\/www.walraven.com\/de\/leistungen\/akademie\/seminare-kooperationen\/","name":"Kooperationen - Walraven Deutschland","isPartOf":{"@id":"https:\/\/www.walraven.com\/de\/#website"},"datePublished":"2016-11-03T09:15:51+00:00","dateModified":"2023-01-10T06:39:17+00:00","description":"Kooperationsseminar PENTAIR Jung Pumpen und Walraven. Feuer und Wasser. Gegens\u00e4tze mit Gefahrenpotential f\u00fcr das Handwerk.","breadcrumb":{"@id":"https:\/\/www.walraven.com\/de\/leistungen\/akademie\/seminare-kooperationen\/#breadcrumb"},"inLanguage":"de","potentialAction":[{"@type":"ReadAction","target":["https:\/\/www.walraven.com\/de\/leistungen\/akademie\/seminare-kooperationen\/"]}]},{"@type":"BreadcrumbList","@id":"https:\/\/www.walraven.com\/de\/leistungen\/akademie\/seminare-kooperationen\/#breadcrumb","itemListElement":[{"@type":"ListItem","position":1,"name":"Startseite","item":"https:\/\/www.walraven.com\/de\/"},{"@type":"ListItem","position":2,"name":"Alle Serviceleistungen auf einen Blick","item":"https:\/\/www.walraven.com\/de\/leistungen\/"},{"@type":"ListItem","position":3,"name":"Walraven-Akademie","item":"https:\/\/www.walraven.com\/de\/leistungen\/akademie\/"},{"@type":"ListItem","position":4,"name":"Kooperationen"}]},{"@type":"WebSite","@id":"https:\/\/www.walraven.com\/de\/#website","url":"https:\/\/www.walraven.com\/de\/","name":"Walraven Deutschland","description":"","publisher":{"@id":"https:\/\/www.walraven.com\/de\/#organization"},"potentialAction":[{"@type":"SearchAction","target":{"@type":"EntryPoint","urlTemplate":"https:\/\/www.walraven.com\/de\/?s={search_term_string}"},"query-input":{"@type":"PropertyValueSpecification","valueRequired":true,"valueName":"search_term_string"}}],"inLanguage":"de"},{"@type":"Organization","@id":"https:\/\/www.walraven.com\/de\/#organization","name":"Walraven GmbH","alternateName":"Walraven GmbH","url":"https:\/\/www.walraven.com\/de\/","logo":{"@type":"ImageObject","inLanguage":"de","@id":"https:\/\/www.walraven.com\/de\/#\/schema\/logo\/image\/","url":"https:\/\/www.walraven.com\/de\/wp-content\/uploads\/sites\/4\/2023\/12\/Walraven_logo300x300.jpg","contentUrl":"https:\/\/www.walraven.com\/de\/wp-content\/uploads\/sites\/4\/2023\/12\/Walraven_logo300x300.jpg","width":300,"height":300,"caption":"Walraven GmbH"},"image":{"@id":"https:\/\/www.walraven.com\/de\/#\/schema\/logo\/image\/"},"sameAs":["https:\/\/www.facebook.com\/Walraven.GmbH","https:\/\/x.com\/BIS_Tech","https:\/\/www.youtube.com\/WalravenDE","https:\/\/www.linkedin.com\/company\/walraven-gmbh","https:\/\/www.instagram.com\/walraven.gmbh\/"]}]}},"_links":{"self":[{"href":"https:\/\/www.walraven.com\/de\/wp-json\/wp\/v2\/pages\/5140","targetHints":{"allow":["GET"]}}],"collection":[{"href":"https:\/\/www.walraven.com\/de\/wp-json\/wp\/v2\/pages"}],"about":[{"href":"https:\/\/www.walraven.com\/de\/wp-json\/wp\/v2\/types\/page"}],"author":[{"embeddable":true,"href":"https:\/\/www.walraven.com\/de\/wp-json\/wp\/v2\/users\/7"}],"replies":[{"embeddable":true,"href":"https:\/\/www.walraven.com\/de\/wp-json\/wp\/v2\/comments?post=5140"}],"version-history":[{"count":6,"href":"https:\/\/www.walraven.com\/de\/wp-json\/wp\/v2\/pages\/5140\/revisions"}],"predecessor-version":[{"id":81908,"href":"https:\/\/www.walraven.com\/de\/wp-json\/wp\/v2\/pages\/5140\/revisions\/81908"}],"up":[{"embeddable":true,"href":"https:\/\/www.walraven.com\/de\/wp-json\/wp\/v2\/pages\/79178"}],"wp:attachment":[{"href":"https:\/\/www.walraven.com\/de\/wp-json\/wp\/v2\/media?parent=5140"}],"curies":[{"name":"wp","href":"https:\/\/api.w.org\/{rel}","templated":true}]}}