{"id":5149,"date":"2016-11-03T09:26:42","date_gmt":"2016-11-03T08:26:42","guid":{"rendered":"https:\/\/www.walraven.com\/de\/?page_id=5149"},"modified":"2026-02-24T15:02:07","modified_gmt":"2026-02-24T14:02:07","slug":"digitalbrief","status":"publish","type":"page","link":"https:\/\/www.walraven.com\/de\/ueber-walraven\/digitalbrief\/","title":{"rendered":"Digitalbrief"},"content":{"rendered":"<h3>Der Walraven-Newsletter<\/h3>\n<p><img loading=\"lazy\" decoding=\"async\" class=\"wp-image-74134 alignright\" src=\"https:\/\/www.walraven.com\/wp-content\/uploads\/sites\/4\/2019\/10\/e-brief-green.png\" alt=\"\" width=\"205\" height=\"149\" srcset=\"https:\/\/www.walraven.com\/de\/wp-content\/uploads\/sites\/4\/2019\/10\/e-brief-green.png 518w, https:\/\/www.walraven.com\/de\/wp-content\/uploads\/sites\/4\/2019\/10\/e-brief-green-300x218.png 300w, https:\/\/www.walraven.com\/de\/wp-content\/uploads\/sites\/4\/2019\/10\/e-brief-green-419x305.png 419w\" sizes=\"auto, (max-width: 205px) 100vw, 205px\" \/>Sie wollen sich in regelm\u00e4\u00dfigen Abst\u00e4nden \u00fcber neueste Produktentwicklungen, Projekt-Highlights und interessante Aktivit\u00e4ten informieren lassen?<\/p>\n<p>Dann freuen wir uns, wenn Sie sich f\u00fcr unseren Walraven-Digitalbrief anmelden.<\/p>\n<div class=\"ms-form\"><div\r\n        data-form-id='5fe2a6f5-8811-f111-8407-7c1e528420dd'\r\n        data-form-api-url='https:\/\/public-eur.mkt.dynamics.com\/api\/v1.0\/orgs\/2cd7df8f-f10a-4dbf-abd6-99a66c64630a\/landingpageforms'\r\n        data-cached-form-url='https:\/\/assets1-eur.mkt.dynamics.com\/2cd7df8f-f10a-4dbf-abd6-99a66c64630a\/digitalassets\/forms\/5fe2a6f5-8811-f111-8407-7c1e528420dd' ><\/div>\r\n        <script src = 'https:\/\/cxppusa1formui01cdnsa01-endpoint.azureedge.net\/eur\/FormLoader\/FormLoader.bundle.js' ><\/script><\/div>\n","protected":false},"excerpt":{"rendered":"<p>Der Walraven-Newsletter Sie wollen sich in regelm\u00e4\u00dfigen Abst\u00e4nden \u00fcber neueste Produktentwicklungen, Projekt-Highlights und interessante Aktivit\u00e4ten informieren lassen? Dann freuen wir uns, wenn Sie sich f\u00fcr unseren Walraven-Digitalbrief anmelden.<\/p>\n","protected":false},"author":7,"featured_media":0,"parent":73185,"menu_order":0,"comment_status":"closed","ping_status":"closed","template":"","meta":{"_acf_changed":false,"footnotes":""},"class_list":["post-5149","page","type-page","status-publish","hentry"],"acf":[],"yoast_head":"<!-- This site is optimized with the Yoast SEO Premium plugin v27.3 (Yoast SEO v27.3) - https:\/\/yoast.com\/product\/yoast-seo-premium-wordpress\/ -->\n<title>Digitalbrief - Walraven Deutschland<\/title>\n<meta name=\"description\" content=\"Mit dem Walraven-Digitalbrief k\u00f6nnen Sie sich regelm\u00e4\u00dfig \u00fcber Neuigkeiten aus der Walraven-Welt informieren lassen.\" \/>\n<meta name=\"robots\" content=\"index, follow, max-snippet:-1, max-image-preview:large, max-video-preview:-1\" \/>\n<link rel=\"canonical\" href=\"https:\/\/www.walraven.com\/de\/ueber-walraven\/digitalbrief\/\" \/>\n<meta property=\"og:locale\" content=\"de_DE\" \/>\n<meta property=\"og:type\" content=\"article\" \/>\n<meta property=\"og:title\" content=\"Digitalbrief\" \/>\n<meta property=\"og:description\" content=\"Mit dem Walraven-Digitalbrief k\u00f6nnen Sie sich regelm\u00e4\u00dfig \u00fcber Neuigkeiten aus der Walraven-Welt informieren lassen.\" \/>\n<meta property=\"og:url\" content=\"https:\/\/www.walraven.com\/de\/ueber-walraven\/digitalbrief\/\" \/>\n<meta property=\"og:site_name\" content=\"Walraven Deutschland\" \/>\n<meta property=\"article:publisher\" content=\"https:\/\/www.facebook.com\/Walraven.GmbH\" \/>\n<meta property=\"article:modified_time\" content=\"2026-02-24T14:02:07+00:00\" \/>\n<meta property=\"og:image\" content=\"https:\/\/www.walraven.com\/de\/wp-content\/uploads\/sites\/4\/2019\/10\/e-brief-green.png\" \/>\n\t<meta property=\"og:image:width\" content=\"518\" \/>\n\t<meta property=\"og:image:height\" content=\"377\" \/>\n\t<meta property=\"og:image:type\" content=\"image\/png\" \/>\n<meta name=\"twitter:card\" content=\"summary_large_image\" \/>\n<meta name=\"twitter:site\" content=\"@BIS_Tech\" \/>\n<meta name=\"twitter:label1\" content=\"Gesch\u00e4tzte Lesezeit\" \/>\n\t<meta name=\"twitter:data1\" content=\"1\u00a0Minute\" \/>\n<script type=\"application\/ld+json\" class=\"yoast-schema-graph\">{\"@context\":\"https:\\\/\\\/schema.org\",\"@graph\":[{\"@type\":\"WebPage\",\"@id\":\"https:\\\/\\\/www.walraven.com\\\/de\\\/ueber-walraven\\\/digitalbrief\\\/\",\"url\":\"https:\\\/\\\/www.walraven.com\\\/de\\\/ueber-walraven\\\/digitalbrief\\\/\",\"name\":\"Digitalbrief - Walraven Deutschland\",\"isPartOf\":{\"@id\":\"https:\\\/\\\/www.walraven.com\\\/de\\\/#website\"},\"primaryImageOfPage\":{\"@id\":\"https:\\\/\\\/www.walraven.com\\\/de\\\/ueber-walraven\\\/digitalbrief\\\/#primaryimage\"},\"image\":{\"@id\":\"https:\\\/\\\/www.walraven.com\\\/de\\\/ueber-walraven\\\/digitalbrief\\\/#primaryimage\"},\"thumbnailUrl\":\"https:\\\/\\\/www.walraven.com\\\/wp-content\\\/uploads\\\/sites\\\/4\\\/2019\\\/10\\\/e-brief-green.png\",\"datePublished\":\"2016-11-03T08:26:42+00:00\",\"dateModified\":\"2026-02-24T14:02:07+00:00\",\"description\":\"Mit dem Walraven-Digitalbrief k\u00f6nnen Sie sich regelm\u00e4\u00dfig \u00fcber Neuigkeiten aus der Walraven-Welt informieren lassen.\",\"breadcrumb\":{\"@id\":\"https:\\\/\\\/www.walraven.com\\\/de\\\/ueber-walraven\\\/digitalbrief\\\/#breadcrumb\"},\"inLanguage\":\"de\",\"potentialAction\":[{\"@type\":\"ReadAction\",\"target\":[\"https:\\\/\\\/www.walraven.com\\\/de\\\/ueber-walraven\\\/digitalbrief\\\/\"]}]},{\"@type\":\"ImageObject\",\"inLanguage\":\"de\",\"@id\":\"https:\\\/\\\/www.walraven.com\\\/de\\\/ueber-walraven\\\/digitalbrief\\\/#primaryimage\",\"url\":\"https:\\\/\\\/www.walraven.com\\\/wp-content\\\/uploads\\\/sites\\\/4\\\/2019\\\/10\\\/e-brief-green.png\",\"contentUrl\":\"https:\\\/\\\/www.walraven.com\\\/wp-content\\\/uploads\\\/sites\\\/4\\\/2019\\\/10\\\/e-brief-green.png\"},{\"@type\":\"BreadcrumbList\",\"@id\":\"https:\\\/\\\/www.walraven.com\\\/de\\\/ueber-walraven\\\/digitalbrief\\\/#breadcrumb\",\"itemListElement\":[{\"@type\":\"ListItem\",\"position\":1,\"name\":\"Startseite\",\"item\":\"https:\\\/\\\/www.walraven.com\\\/de\\\/\"},{\"@type\":\"ListItem\",\"position\":2,\"name\":\"Walraven Group\",\"item\":\"https:\\\/\\\/www.walraven.com\\\/de\\\/ueber-walraven\\\/\"},{\"@type\":\"ListItem\",\"position\":3,\"name\":\"Digitalbrief\"}]},{\"@type\":\"WebSite\",\"@id\":\"https:\\\/\\\/www.walraven.com\\\/de\\\/#website\",\"url\":\"https:\\\/\\\/www.walraven.com\\\/de\\\/\",\"name\":\"Walraven Deutschland\",\"description\":\"\",\"publisher\":{\"@id\":\"https:\\\/\\\/www.walraven.com\\\/de\\\/#organization\"},\"potentialAction\":[{\"@type\":\"SearchAction\",\"target\":{\"@type\":\"EntryPoint\",\"urlTemplate\":\"https:\\\/\\\/www.walraven.com\\\/de\\\/?s={search_term_string}\"},\"query-input\":{\"@type\":\"PropertyValueSpecification\",\"valueRequired\":true,\"valueName\":\"search_term_string\"}}],\"inLanguage\":\"de\"},{\"@type\":\"Organization\",\"@id\":\"https:\\\/\\\/www.walraven.com\\\/de\\\/#organization\",\"name\":\"Walraven GmbH\",\"alternateName\":\"Walraven GmbH\",\"url\":\"https:\\\/\\\/www.walraven.com\\\/de\\\/\",\"logo\":{\"@type\":\"ImageObject\",\"inLanguage\":\"de\",\"@id\":\"https:\\\/\\\/www.walraven.com\\\/de\\\/#\\\/schema\\\/logo\\\/image\\\/\",\"url\":\"https:\\\/\\\/www.walraven.com\\\/de\\\/wp-content\\\/uploads\\\/sites\\\/4\\\/2023\\\/12\\\/Walraven_logo300x300.jpg\",\"contentUrl\":\"https:\\\/\\\/www.walraven.com\\\/de\\\/wp-content\\\/uploads\\\/sites\\\/4\\\/2023\\\/12\\\/Walraven_logo300x300.jpg\",\"width\":300,\"height\":300,\"caption\":\"Walraven GmbH\"},\"image\":{\"@id\":\"https:\\\/\\\/www.walraven.com\\\/de\\\/#\\\/schema\\\/logo\\\/image\\\/\"},\"sameAs\":[\"https:\\\/\\\/www.facebook.com\\\/Walraven.GmbH\",\"https:\\\/\\\/x.com\\\/BIS_Tech\",\"https:\\\/\\\/www.youtube.com\\\/WalravenDE\",\"https:\\\/\\\/www.linkedin.com\\\/company\\\/walraven-gmbh\",\"https:\\\/\\\/www.instagram.com\\\/walraven.gmbh\\\/\"]}]}<\/script>\n<!-- \/ Yoast SEO Premium plugin. -->","yoast_head_json":{"title":"Digitalbrief - Walraven Deutschland","description":"Mit dem Walraven-Digitalbrief k\u00f6nnen Sie sich regelm\u00e4\u00dfig \u00fcber Neuigkeiten aus der Walraven-Welt informieren lassen.","robots":{"index":"index","follow":"follow","max-snippet":"max-snippet:-1","max-image-preview":"max-image-preview:large","max-video-preview":"max-video-preview:-1"},"canonical":"https:\/\/www.walraven.com\/de\/ueber-walraven\/digitalbrief\/","og_locale":"de_DE","og_type":"article","og_title":"Digitalbrief","og_description":"Mit dem Walraven-Digitalbrief k\u00f6nnen Sie sich regelm\u00e4\u00dfig \u00fcber Neuigkeiten aus der Walraven-Welt informieren lassen.","og_url":"https:\/\/www.walraven.com\/de\/ueber-walraven\/digitalbrief\/","og_site_name":"Walraven Deutschland","article_publisher":"https:\/\/www.facebook.com\/Walraven.GmbH","article_modified_time":"2026-02-24T14:02:07+00:00","og_image":[{"width":518,"height":377,"url":"https:\/\/www.walraven.com\/de\/wp-content\/uploads\/sites\/4\/2019\/10\/e-brief-green.png","type":"image\/png"}],"twitter_card":"summary_large_image","twitter_site":"@BIS_Tech","twitter_misc":{"Gesch\u00e4tzte Lesezeit":"1\u00a0Minute"},"schema":{"@context":"https:\/\/schema.org","@graph":[{"@type":"WebPage","@id":"https:\/\/www.walraven.com\/de\/ueber-walraven\/digitalbrief\/","url":"https:\/\/www.walraven.com\/de\/ueber-walraven\/digitalbrief\/","name":"Digitalbrief - Walraven Deutschland","isPartOf":{"@id":"https:\/\/www.walraven.com\/de\/#website"},"primaryImageOfPage":{"@id":"https:\/\/www.walraven.com\/de\/ueber-walraven\/digitalbrief\/#primaryimage"},"image":{"@id":"https:\/\/www.walraven.com\/de\/ueber-walraven\/digitalbrief\/#primaryimage"},"thumbnailUrl":"https:\/\/www.walraven.com\/wp-content\/uploads\/sites\/4\/2019\/10\/e-brief-green.png","datePublished":"2016-11-03T08:26:42+00:00","dateModified":"2026-02-24T14:02:07+00:00","description":"Mit dem Walraven-Digitalbrief k\u00f6nnen Sie sich regelm\u00e4\u00dfig \u00fcber Neuigkeiten aus der Walraven-Welt informieren lassen.","breadcrumb":{"@id":"https:\/\/www.walraven.com\/de\/ueber-walraven\/digitalbrief\/#breadcrumb"},"inLanguage":"de","potentialAction":[{"@type":"ReadAction","target":["https:\/\/www.walraven.com\/de\/ueber-walraven\/digitalbrief\/"]}]},{"@type":"ImageObject","inLanguage":"de","@id":"https:\/\/www.walraven.com\/de\/ueber-walraven\/digitalbrief\/#primaryimage","url":"https:\/\/www.walraven.com\/wp-content\/uploads\/sites\/4\/2019\/10\/e-brief-green.png","contentUrl":"https:\/\/www.walraven.com\/wp-content\/uploads\/sites\/4\/2019\/10\/e-brief-green.png"},{"@type":"BreadcrumbList","@id":"https:\/\/www.walraven.com\/de\/ueber-walraven\/digitalbrief\/#breadcrumb","itemListElement":[{"@type":"ListItem","position":1,"name":"Startseite","item":"https:\/\/www.walraven.com\/de\/"},{"@type":"ListItem","position":2,"name":"Walraven Group","item":"https:\/\/www.walraven.com\/de\/ueber-walraven\/"},{"@type":"ListItem","position":3,"name":"Digitalbrief"}]},{"@type":"WebSite","@id":"https:\/\/www.walraven.com\/de\/#website","url":"https:\/\/www.walraven.com\/de\/","name":"Walraven Deutschland","description":"","publisher":{"@id":"https:\/\/www.walraven.com\/de\/#organization"},"potentialAction":[{"@type":"SearchAction","target":{"@type":"EntryPoint","urlTemplate":"https:\/\/www.walraven.com\/de\/?s={search_term_string}"},"query-input":{"@type":"PropertyValueSpecification","valueRequired":true,"valueName":"search_term_string"}}],"inLanguage":"de"},{"@type":"Organization","@id":"https:\/\/www.walraven.com\/de\/#organization","name":"Walraven GmbH","alternateName":"Walraven GmbH","url":"https:\/\/www.walraven.com\/de\/","logo":{"@type":"ImageObject","inLanguage":"de","@id":"https:\/\/www.walraven.com\/de\/#\/schema\/logo\/image\/","url":"https:\/\/www.walraven.com\/de\/wp-content\/uploads\/sites\/4\/2023\/12\/Walraven_logo300x300.jpg","contentUrl":"https:\/\/www.walraven.com\/de\/wp-content\/uploads\/sites\/4\/2023\/12\/Walraven_logo300x300.jpg","width":300,"height":300,"caption":"Walraven GmbH"},"image":{"@id":"https:\/\/www.walraven.com\/de\/#\/schema\/logo\/image\/"},"sameAs":["https:\/\/www.facebook.com\/Walraven.GmbH","https:\/\/x.com\/BIS_Tech","https:\/\/www.youtube.com\/WalravenDE","https:\/\/www.linkedin.com\/company\/walraven-gmbh","https:\/\/www.instagram.com\/walraven.gmbh\/"]}]}},"_links":{"self":[{"href":"https:\/\/www.walraven.com\/de\/wp-json\/wp\/v2\/pages\/5149","targetHints":{"allow":["GET"]}}],"collection":[{"href":"https:\/\/www.walraven.com\/de\/wp-json\/wp\/v2\/pages"}],"about":[{"href":"https:\/\/www.walraven.com\/de\/wp-json\/wp\/v2\/types\/page"}],"author":[{"embeddable":true,"href":"https:\/\/www.walraven.com\/de\/wp-json\/wp\/v2\/users\/7"}],"replies":[{"embeddable":true,"href":"https:\/\/www.walraven.com\/de\/wp-json\/wp\/v2\/comments?post=5149"}],"version-history":[{"count":8,"href":"https:\/\/www.walraven.com\/de\/wp-json\/wp\/v2\/pages\/5149\/revisions"}],"predecessor-version":[{"id":253380,"href":"https:\/\/www.walraven.com\/de\/wp-json\/wp\/v2\/pages\/5149\/revisions\/253380"}],"up":[{"embeddable":true,"href":"https:\/\/www.walraven.com\/de\/wp-json\/wp\/v2\/pages\/73185"}],"wp:attachment":[{"href":"https:\/\/www.walraven.com\/de\/wp-json\/wp\/v2\/media?parent=5149"}],"curies":[{"name":"wp","href":"https:\/\/api.w.org\/{rel}","templated":true}]}}