{"id":5157,"date":"2016-10-19T16:22:27","date_gmt":"2016-10-19T14:22:27","guid":{"rendered":"https:\/\/www.walraven.com\/?page_id=7147"},"modified":"2024-02-22T09:16:43","modified_gmt":"2024-02-22T08:16:43","slug":"impressum","status":"publish","type":"page","link":"https:\/\/www.walraven.com\/de\/impressum\/","title":{"rendered":"Impressum \/ Rechtshinweise"},"content":{"rendered":"<p><strong>Walraven GmbH<\/strong><br \/>\nKarl-von-Linde-Stra\u00dfe 22<br \/>\nD-95447 Bayreuth<br \/>\nTel.: +49 921 75600<br \/>\nFax: +49 921 7560222<br \/>\nE-Mail: <a href=\"mailto:info.de@walraven.de\" target=\"_top\" rel=\"noopener noreferrer\">info.de@walraven.com<\/a><\/p>\n<p>Vertretungsberechtigte Gesch\u00e4ftsf\u00fchrer: Uwe Schwenk, Daniel Hesmer<\/p>\n<p>Amtsgericht Bayreuth, HRB 632<\/p>\n<p>USt.-Id.-Nr. gem\u00e4\u00df \u00a7 27 a UStG: DE 132357348<\/p>\n<p><strong>Haftungshinweis<\/strong><\/p>\n<p>Diese Website wurde bzw. wird mit gr\u00f6\u00dftm\u00f6glicher Sorgfalt zusammengestellt und gepflegt.\u00a0Dennoch kann keine Gew\u00e4hr f\u00fcr die Fehlerfreiheit und Genauigkeit der enthaltenen Informationen \u00fcbernommen werden. Jegliche Haftung f\u00fcr Sch\u00e4den, die direkt oder indirekt aus der Benutzung dieser Website entstehen, wird ausgeschlossen, soweit diese nicht auf Vorsatz oder grober Fahrl\u00e4ssigkeit beruhen.<br \/>\nDie Walraven GmbH ist nicht f\u00fcr den Inhalt von Webseiten verantwortlich, die durch eine Verlinkung erreicht werden und nicht von der Walraven GmbH erstellt wurden. Sie ist als Inhaltsanbieter f\u00fcr die &#8222;eigenen Inhalte&#8220;, die sie zu einer Nutzung bereith\u00e4lt, nach den allgemeinen Gesetzen verantwortlich. Von diesen eigenen Inhalten sind externe Links zu unterscheiden, die auf von anderen Anbietern bereitgehaltenen Inhalte verweisen. Durch den externen Link h\u00e4lt die Walraven GmbH demnach &#8222;fremde Inhalte&#8220; zur Nutzung bereit. F\u00fcr diese fremden Inhalte ist sie nur dann verantwortlich, wenn sie von ihnen (d. h. auch von rechtswidrigen bzw. strafbaren Inhalten) positive Kenntnis hat und es ihm technisch m\u00f6glich und zumutbar ist, deren Nutzung zu verhindern.<br \/>\nBei externen Links und damit verbundenen Querverweisen handelt es sich stets um &#8222;lebende&#8220; (dynamische) Verweisungen. Die Walraven GmbH hat bei der erstmaligen Verkn\u00fcpfung den fremden Inhalt daraufhin \u00fcberpr\u00fcft, ob durch ihn eine m\u00f6gliche zivilrechtliche oder strafrechtliche Verantwortlichkeit ausgel\u00f6st wird. Sie ist nach dem Gesetz nicht dazu verpflichtet, die Inhalte, auf die sie in seinem Angebot verweist,st\u00e4ndig auf Ver\u00e4nderungen zu \u00fcberpr\u00fcfen, die eine Verantwortlichkeit neu begr\u00fcnden k\u00f6nnten. Erst wenn sie feststellt oder von Dritten darauf hingewiesen wird, dass ein konkretes Angebot, zu dem sie einen externen Link bereitgestellt hat, eine zivil- oder strafrechtliche Verantwortlichkeit ausl\u00f6st, wird sie den Verweis auf diese Angebot aufheben, soweit ihr dies technisch m\u00f6glich und zumutbar ist.<\/p>\n<h4>Urheberrechte | Copyright (\u00a9)<\/h4>\n<p>Alle Rechte vorbehalten. Text, Bilder, Grafiken, Ton, Animationen und Videos sowie deren Anordnung auf der Walraven-Website unterliegen dem Schutz des Urheberrechts und anderer Schutzgesetze. Der Inhalt dieser Website darf nicht zu kommerziellen Zwecken kopiert, verbreitet, ver\u00e4ndert oder Dritten zug\u00e4nglich gemacht werden. Einige Seiten enthalten au\u00dferdem Bilder, die dem Copyright Dritter unterliegen.<\/p>\n<h4>Markenrechte<\/h4>\n<p>Soweit nichts anderes angegeben ist, sind alle Markenzeichen auf dieser Website markenrechtlich f\u00fcr\u00a0Walraven gesch\u00fctzt. Dies gilt insbesondere f\u00fcr Marken und\u00a0Logos.<\/p>\n<h4>Lizenzen<\/h4>\n<p>Walraven m\u00f6chte sich Ihnen mit einer innovativen und informativen Webseite pr\u00e4sentieren. Das darin enthaltene geistige Eigentum wie Patente, Marken und Urheberrechte ist gesch\u00fctzt. Durch diese Webseite werden, soweit nicht ausdr\u00fccklich anders geregelt, keine Lizenzen zur Nutzung des geistigen Eigentums von\u00a0Walraven oder Dritten erteilt.<\/p>\n<p><strong>Allgemeine Gesch\u00e4ftsbedingungen (AGB):<\/strong><\/p>\n<ul>\n<li><a href=\"https:\/\/files.walraven.com\/repository\/rnd\/documents\/AGB-Verkaufs-Liefer-Zahlungsbedingungen.pdf\" target=\"_blank\" rel=\"noopener noreferrer\">Verkaufs-, Liefer- und Zahlungsbedingungen<\/a><\/li>\n<li><a href=\"https:\/\/files.walraven.com\/repository\/rnd\/documents\/Erweiterte-Frachkostenregelung.pdf\" target=\"_blank\" rel=\"noopener\">Erweiterte Frachtkostenregelung f\u00fcr Nettowarenwert \u2264 750 \u20ac<\/a><\/li>\n<\/ul>\n<h4>Weitere relevante Informationen:<\/h4>\n<ul>\n<li><a href=\"https:\/\/www.walraven.com\/de\/datenschutzerklaerung\/\" target=\"_blank\" rel=\"noopener noreferrer\">Datenschutzerkl\u00e4rung<\/a><\/li>\n<li><a href=\"https:\/\/www.walraven.com\/de\/cookies\/\" target=\"_blank\" rel=\"noopener noreferrer\">Cookie- und Tracking-Richtlinie<\/a><\/li>\n<\/ul>\n","protected":false},"excerpt":{"rendered":"<p>Walraven GmbH Karl-von-Linde-Stra\u00dfe 22 D-95447 Bayreuth Tel.: +49 921 75600 Fax: +49 921 7560222 E-Mail: info.de@walraven.com Vertretungsberechtigte Gesch\u00e4ftsf\u00fchrer: Uwe Schwenk, Daniel Hesmer Amtsgericht Bayreuth, HRB 632 USt.-Id.-Nr. gem\u00e4\u00df \u00a7 27 a UStG: DE 132357348 Haftungshinweis Diese Website wurde bzw. wird mit gr\u00f6\u00dftm\u00f6glicher Sorgfalt zusammengestellt und gepflegt.\u00a0Dennoch kann keine Gew\u00e4hr f\u00fcr die Fehlerfreiheit und Genauigkeit der [&hellip;]<\/p>\n","protected":false},"author":7,"featured_media":0,"parent":0,"menu_order":0,"comment_status":"closed","ping_status":"closed","template":"","meta":{"_acf_changed":false,"footnotes":""},"class_list":["post-5157","page","type-page","status-publish","hentry"],"acf":[],"yoast_head":"<!-- This site is optimized with the Yoast SEO Premium plugin v27.3 (Yoast SEO v27.3) - https:\/\/yoast.com\/product\/yoast-seo-premium-wordpress\/ -->\n<title>Impressum \/ Rechtshinweise - Walraven Deutschland<\/title>\n<meta name=\"description\" content=\"Die rechtlichen Hintergr\u00fcnde der Walraven-Webseite mit Impressum, Haftungsbedingungen, Allgemeine Gesch\u00e4ftsbedingungen (AGB) und Copyright.\" \/>\n<meta name=\"robots\" content=\"index, follow, max-snippet:-1, max-image-preview:large, max-video-preview:-1\" \/>\n<link rel=\"canonical\" href=\"https:\/\/www.walraven.com\/de\/impressum\/\" \/>\n<meta property=\"og:locale\" content=\"de_DE\" \/>\n<meta property=\"og:type\" content=\"article\" \/>\n<meta property=\"og:title\" content=\"Impressum \/ Rechtshinweise\" \/>\n<meta property=\"og:description\" content=\"Die rechtlichen Hintergr\u00fcnde der Walraven-Webseite mit Impressum, Haftungsbedingungen, Allgemeine Gesch\u00e4ftsbedingungen (AGB) und Copyright.\" \/>\n<meta property=\"og:url\" content=\"https:\/\/www.walraven.com\/de\/impressum\/\" \/>\n<meta property=\"og:site_name\" content=\"Walraven Deutschland\" \/>\n<meta property=\"article:publisher\" content=\"https:\/\/www.facebook.com\/Walraven.GmbH\" \/>\n<meta property=\"article:modified_time\" content=\"2024-02-22T08:16:43+00:00\" \/>\n<meta name=\"twitter:card\" content=\"summary_large_image\" \/>\n<meta name=\"twitter:site\" content=\"@BIS_Tech\" \/>\n<meta name=\"twitter:label1\" content=\"Gesch\u00e4tzte Lesezeit\" \/>\n\t<meta name=\"twitter:data1\" content=\"3\u00a0Minuten\" \/>\n<script type=\"application\/ld+json\" class=\"yoast-schema-graph\">{\"@context\":\"https:\\\/\\\/schema.org\",\"@graph\":[{\"@type\":\"WebPage\",\"@id\":\"https:\\\/\\\/www.walraven.com\\\/de\\\/impressum\\\/\",\"url\":\"https:\\\/\\\/www.walraven.com\\\/de\\\/impressum\\\/\",\"name\":\"Impressum \\\/ Rechtshinweise - Walraven Deutschland\",\"isPartOf\":{\"@id\":\"https:\\\/\\\/www.walraven.com\\\/de\\\/#website\"},\"datePublished\":\"2016-10-19T14:22:27+00:00\",\"dateModified\":\"2024-02-22T08:16:43+00:00\",\"description\":\"Die rechtlichen Hintergr\u00fcnde der Walraven-Webseite mit Impressum, Haftungsbedingungen, Allgemeine Gesch\u00e4ftsbedingungen (AGB) und Copyright.\",\"breadcrumb\":{\"@id\":\"https:\\\/\\\/www.walraven.com\\\/de\\\/impressum\\\/#breadcrumb\"},\"inLanguage\":\"de\",\"potentialAction\":[{\"@type\":\"ReadAction\",\"target\":[\"https:\\\/\\\/www.walraven.com\\\/de\\\/impressum\\\/\"]}]},{\"@type\":\"BreadcrumbList\",\"@id\":\"https:\\\/\\\/www.walraven.com\\\/de\\\/impressum\\\/#breadcrumb\",\"itemListElement\":[{\"@type\":\"ListItem\",\"position\":1,\"name\":\"Startseite\",\"item\":\"https:\\\/\\\/www.walraven.com\\\/de\\\/\"},{\"@type\":\"ListItem\",\"position\":2,\"name\":\"Impressum \\\/ Rechtshinweise\"}]},{\"@type\":\"WebSite\",\"@id\":\"https:\\\/\\\/www.walraven.com\\\/de\\\/#website\",\"url\":\"https:\\\/\\\/www.walraven.com\\\/de\\\/\",\"name\":\"Walraven Deutschland\",\"description\":\"\",\"publisher\":{\"@id\":\"https:\\\/\\\/www.walraven.com\\\/de\\\/#organization\"},\"potentialAction\":[{\"@type\":\"SearchAction\",\"target\":{\"@type\":\"EntryPoint\",\"urlTemplate\":\"https:\\\/\\\/www.walraven.com\\\/de\\\/?s={search_term_string}\"},\"query-input\":{\"@type\":\"PropertyValueSpecification\",\"valueRequired\":true,\"valueName\":\"search_term_string\"}}],\"inLanguage\":\"de\"},{\"@type\":\"Organization\",\"@id\":\"https:\\\/\\\/www.walraven.com\\\/de\\\/#organization\",\"name\":\"Walraven GmbH\",\"alternateName\":\"Walraven GmbH\",\"url\":\"https:\\\/\\\/www.walraven.com\\\/de\\\/\",\"logo\":{\"@type\":\"ImageObject\",\"inLanguage\":\"de\",\"@id\":\"https:\\\/\\\/www.walraven.com\\\/de\\\/#\\\/schema\\\/logo\\\/image\\\/\",\"url\":\"https:\\\/\\\/www.walraven.com\\\/de\\\/wp-content\\\/uploads\\\/sites\\\/4\\\/2023\\\/12\\\/Walraven_logo300x300.jpg\",\"contentUrl\":\"https:\\\/\\\/www.walraven.com\\\/de\\\/wp-content\\\/uploads\\\/sites\\\/4\\\/2023\\\/12\\\/Walraven_logo300x300.jpg\",\"width\":300,\"height\":300,\"caption\":\"Walraven GmbH\"},\"image\":{\"@id\":\"https:\\\/\\\/www.walraven.com\\\/de\\\/#\\\/schema\\\/logo\\\/image\\\/\"},\"sameAs\":[\"https:\\\/\\\/www.facebook.com\\\/Walraven.GmbH\",\"https:\\\/\\\/x.com\\\/BIS_Tech\",\"https:\\\/\\\/www.youtube.com\\\/WalravenDE\",\"https:\\\/\\\/www.linkedin.com\\\/company\\\/walraven-gmbh\",\"https:\\\/\\\/www.instagram.com\\\/walraven.gmbh\\\/\"]}]}<\/script>\n<!-- \/ Yoast SEO Premium plugin. -->","yoast_head_json":{"title":"Impressum \/ Rechtshinweise - Walraven Deutschland","description":"Die rechtlichen Hintergr\u00fcnde der Walraven-Webseite mit Impressum, Haftungsbedingungen, Allgemeine Gesch\u00e4ftsbedingungen (AGB) und Copyright.","robots":{"index":"index","follow":"follow","max-snippet":"max-snippet:-1","max-image-preview":"max-image-preview:large","max-video-preview":"max-video-preview:-1"},"canonical":"https:\/\/www.walraven.com\/de\/impressum\/","og_locale":"de_DE","og_type":"article","og_title":"Impressum \/ Rechtshinweise","og_description":"Die rechtlichen Hintergr\u00fcnde der Walraven-Webseite mit Impressum, Haftungsbedingungen, Allgemeine Gesch\u00e4ftsbedingungen (AGB) und Copyright.","og_url":"https:\/\/www.walraven.com\/de\/impressum\/","og_site_name":"Walraven Deutschland","article_publisher":"https:\/\/www.facebook.com\/Walraven.GmbH","article_modified_time":"2024-02-22T08:16:43+00:00","twitter_card":"summary_large_image","twitter_site":"@BIS_Tech","twitter_misc":{"Gesch\u00e4tzte Lesezeit":"3\u00a0Minuten"},"schema":{"@context":"https:\/\/schema.org","@graph":[{"@type":"WebPage","@id":"https:\/\/www.walraven.com\/de\/impressum\/","url":"https:\/\/www.walraven.com\/de\/impressum\/","name":"Impressum \/ Rechtshinweise - Walraven Deutschland","isPartOf":{"@id":"https:\/\/www.walraven.com\/de\/#website"},"datePublished":"2016-10-19T14:22:27+00:00","dateModified":"2024-02-22T08:16:43+00:00","description":"Die rechtlichen Hintergr\u00fcnde der Walraven-Webseite mit Impressum, Haftungsbedingungen, Allgemeine Gesch\u00e4ftsbedingungen (AGB) und Copyright.","breadcrumb":{"@id":"https:\/\/www.walraven.com\/de\/impressum\/#breadcrumb"},"inLanguage":"de","potentialAction":[{"@type":"ReadAction","target":["https:\/\/www.walraven.com\/de\/impressum\/"]}]},{"@type":"BreadcrumbList","@id":"https:\/\/www.walraven.com\/de\/impressum\/#breadcrumb","itemListElement":[{"@type":"ListItem","position":1,"name":"Startseite","item":"https:\/\/www.walraven.com\/de\/"},{"@type":"ListItem","position":2,"name":"Impressum \/ Rechtshinweise"}]},{"@type":"WebSite","@id":"https:\/\/www.walraven.com\/de\/#website","url":"https:\/\/www.walraven.com\/de\/","name":"Walraven Deutschland","description":"","publisher":{"@id":"https:\/\/www.walraven.com\/de\/#organization"},"potentialAction":[{"@type":"SearchAction","target":{"@type":"EntryPoint","urlTemplate":"https:\/\/www.walraven.com\/de\/?s={search_term_string}"},"query-input":{"@type":"PropertyValueSpecification","valueRequired":true,"valueName":"search_term_string"}}],"inLanguage":"de"},{"@type":"Organization","@id":"https:\/\/www.walraven.com\/de\/#organization","name":"Walraven GmbH","alternateName":"Walraven GmbH","url":"https:\/\/www.walraven.com\/de\/","logo":{"@type":"ImageObject","inLanguage":"de","@id":"https:\/\/www.walraven.com\/de\/#\/schema\/logo\/image\/","url":"https:\/\/www.walraven.com\/de\/wp-content\/uploads\/sites\/4\/2023\/12\/Walraven_logo300x300.jpg","contentUrl":"https:\/\/www.walraven.com\/de\/wp-content\/uploads\/sites\/4\/2023\/12\/Walraven_logo300x300.jpg","width":300,"height":300,"caption":"Walraven GmbH"},"image":{"@id":"https:\/\/www.walraven.com\/de\/#\/schema\/logo\/image\/"},"sameAs":["https:\/\/www.facebook.com\/Walraven.GmbH","https:\/\/x.com\/BIS_Tech","https:\/\/www.youtube.com\/WalravenDE","https:\/\/www.linkedin.com\/company\/walraven-gmbh","https:\/\/www.instagram.com\/walraven.gmbh\/"]}]}},"_links":{"self":[{"href":"https:\/\/www.walraven.com\/de\/wp-json\/wp\/v2\/pages\/5157","targetHints":{"allow":["GET"]}}],"collection":[{"href":"https:\/\/www.walraven.com\/de\/wp-json\/wp\/v2\/pages"}],"about":[{"href":"https:\/\/www.walraven.com\/de\/wp-json\/wp\/v2\/types\/page"}],"author":[{"embeddable":true,"href":"https:\/\/www.walraven.com\/de\/wp-json\/wp\/v2\/users\/7"}],"replies":[{"embeddable":true,"href":"https:\/\/www.walraven.com\/de\/wp-json\/wp\/v2\/comments?post=5157"}],"version-history":[{"count":7,"href":"https:\/\/www.walraven.com\/de\/wp-json\/wp\/v2\/pages\/5157\/revisions"}],"predecessor-version":[{"id":88964,"href":"https:\/\/www.walraven.com\/de\/wp-json\/wp\/v2\/pages\/5157\/revisions\/88964"}],"wp:attachment":[{"href":"https:\/\/www.walraven.com\/de\/wp-json\/wp\/v2\/media?parent=5157"}],"curies":[{"name":"wp","href":"https:\/\/api.w.org\/{rel}","templated":true}]}}