{"id":5158,"date":"2016-10-19T16:23:43","date_gmt":"2016-10-19T14:23:43","guid":{"rendered":"https:\/\/www.walraven.com\/?page_id=7150"},"modified":"2026-03-11T09:46:52","modified_gmt":"2026-03-11T08:46:52","slug":"datenschutzerklaerung","status":"publish","type":"page","link":"https:\/\/www.walraven.com\/de\/datenschutzerklaerung\/","title":{"rendered":"Datenschutzerkl\u00e4rung"},"content":{"rendered":"<p><strong>Der Schutz Ihrer personenbezogenen Daten ist uns ein wichtiges Anliegen<\/strong><\/p>\n<p>Uns ist es wichtig, Ihre pers\u00f6nlichen Daten vertraulich und entsprechend der gesetzlichen Vorschriften zu verarbeiten und Ihnen Klarheit dar\u00fcber zu verschaffen, zu welchen Zwecken und wie wir Ihre personenbezogenen Daten verarbeiten und welche gesetzlichen Rechte Sie in Bezug auf Ihre personenbezogenen Daten haben.<\/p>\n<p>Diese Datenschutzerkl\u00e4rung der Walraven GmbH, im Folgenden &#8222;Walraven&#8220; genannt, enth\u00e4lt Informationen \u00fcber personenbezogene Daten, die wir von Website-Besuchern, Kunden, Gesch\u00e4ftspartnern und gesch\u00e4ftlichen Kontakten erhalten.<\/p>\n<p>Wir verarbeiten Ihre Daten in \u00dcbereinstimmung mit der Datenschutz-Grundverordnung (DSGVO (Englisch: General Data Protection Regulation (GDPR)) der Europ\u00e4ischen Union (EU).<\/p>\n<p>Da durch neue Technologien und die kontinuierliche Weiterentwicklung dieser Webseite \u00c4nderungen an dieser Datenschutzerkl\u00e4rung vorgenommen werden k\u00f6nnen, empfehlen wir Ihnen, die Datenschutzerkl\u00e4rung in regelm\u00e4\u00dfigen Abst\u00e4nden erneut durchzulesen.<\/p>\n<h2><strong>1. Pers\u00f6nliche Daten, die wir verarbeiten<\/strong><\/h2>\n<p>Wir verwalten pers\u00f6nliche Daten abh\u00e4ngig von Ihrer Beziehung zu Walraven.\u00a0Nachfolgend finden Sie Informationen, welche Daten im Zusammenhang mit der Webpr\u00e4senz walraven.com erfasst und wie diese genutzt werden.<br \/>\nInformationen zu weiteren Beziehungen:\u00a0<a href=\"https:\/\/www.walraven.com\/de\/datenschutzerklaerung\/ergaenzung-zur-datenschutzerklaerung\/\" target=\"_blank\" rel=\"noopener noreferrer\">Weitere Arten von Beziehung(en), die Sie zu Walraven haben k\u00f6nnen, und wie wir pers\u00f6nliche Daten f\u00fcr diese Beziehungen pflegen<\/a><\/p>\n<h3>1.1 Besuch unserer Website<\/h3>\n<p>Um unsere Website, L\u00f6sungen und Dienstleistungen zu verbessern, erfassen wir von jeder Person, die unsere Website besucht, Nutzungsstatistiken einschlie\u00dflich der anonymisierten IP-Adresse (nur einem geografischen Gebiet, keiner Person oder Verbindung zugeordnet), geografischen Standort und Besuchsstatistiken (einschlie\u00dflich Dauer des Besuchs und Seitenaufrufen).<br \/>\nUnsere Website kann Links zu anderen Webseiten, Plug-Ins und Anwendungen von Drittanbietern enthalten. Wenn Sie auf diese Links klicken oder diese Anwendungen nutzen, k\u00f6nnen Dritte m\u00f6glicherweise Daten \u00fcber Sie sammeln. Wir kontrollieren die Webseiten Dritter nicht und sind nicht f\u00fcr deren Datenschutzerkl\u00e4rung verantwortlich. Wenn Sie unsere Website verlassen, empfehlen wir Ihnen, die Datenschutzbestimmungen der von Ihnen besuchten Websites zu lesen. Bitte beachten Sie auch unsere <a href=\"https:\/\/www.walraven.com\/de\/cookies\/\" target=\"_blank\" rel=\"noopener noreferrer\">Cookie- und Tracking-Richtlinie<\/a>.<\/p>\n<h3>1.2 Elektronische Newsletter<\/h3>\n<p>Um \u00fcber aktuelle Geschehnisse und Angebote von Walraven informiert zu sein, k\u00f6nnen Sie elektronische Newsletter \u00fcber unsere Website abonnieren. Wir fragen immer nach einem &#8222;Opt-In&#8220;, mit dem Sie ausdr\u00fccklich einwilligen, den Newsletter zu erhalten. Sie k\u00f6nnen den elektronischen Newsletter jederzeit abbestellen, indem Sie auf den Link &#8222;Abmelden&#8220; klicken, der am Ende jedes Newsletters bereitgestellt wird. Nach dem Abbestellen unseres Newsletters entfernen wir Ihre pers\u00f6nlichen Daten aus unseren Datens\u00e4tzen. Bitte beachten Sie auch die\u00a0<a href=\"https:\/\/www.walraven.com\/de\/cookies\/\" target=\"_blank\" rel=\"noopener noreferrer\">Cookie- und Tracking-Richtlinie<\/a>.<\/p>\n<h3>1.3 Digitale (individuelle) Informationsschreiben und Umfragen<\/h3>\n<p><strong>1.3.1 An Interessenten und Marktteilnehmer<\/strong><\/p>\n<p id=\"tw-target-text\" data-placeholder=\"\u00dcbersetzung\"><span lang=\"de\">Die Marketing- und Vertriebsteams von Walraven sind bestrebt, gute Beziehungen zu (a) Kunden und (b) Ansprechpartnern von Organisationen aufzubauen, die (noch) kein Kunde sind.<br \/>\nBeim Aufbau von Gesch\u00e4ftsbeziehungen ist es in den meisten F\u00e4llen erforderlich, dass pers\u00f6nliche (Kontakt-) Informationen ausgetauscht werden. Zum Beispiel w\u00e4hrend einer Marketing- \/ Verkaufsaktivit\u00e4t oder Kampagne, eines Treffens mit Walraven, w\u00e4hrend einer Messe, Ausstellungen, Symposien und durch direkte Kontakte eines Walraven-Mitarbeiters. Die Angabe personenbezogener Daten erfolgt in diesem Zusammenhang stets auf freiwilliger Basis. Personenbezogene Daten, die Sie in diesem Zusammenhang angegeben haben, werden in unserem Customer Relationship Management-System gespeichert und entfernt, wenn sie f\u00fcr den von Ihnen angegebenen Zweck nicht mehr erforderlich sind, es sei denn, Sie haben uns mitgeteilt, dass Sie \u00fcber unsere L\u00f6sungen und Aktivit\u00e4ten<br \/>\ninformiert werden m\u00f6chten. Die erfassten Daten zu Gesch\u00e4ftsbeziehungen k\u00f6nnen verwendet werden, um eine Kundenzufriedenheitsumfrage zu versenden. Dies beruht auf einem berechtigten Interesse, die Qualit\u00e4t unserer Produkte und Dienstleistungen zu untersuchen. Die Teilnahme an dieser Umfrage ist freiwillig. Sie k\u00f6nnen sich jederzeit von Umfrageeinladungen abmelden, indem Sie den Link &#8222;Abmelden&#8220; unten in der E-Mail-Einladung verwenden. Ihre pers\u00f6nlichen Daten werden dann dabei nicht aus unserem Customer Relationship Management-System entfernt, jedoch in Zukunft auch nicht mehr zum Versenden von Umfrageeinladungen verwendet.<\/span><\/p>\n<p><strong>1.3.2 An Kunden<\/strong><\/p>\n<p id=\"tw-target-text\" class=\"tw-data-text tw-text-large tw-ta\" dir=\"ltr\" data-placeholder=\"\u00dcbersetzung\"><span lang=\"de\">Walraven ist ausschlie\u00dflich im B2B-Bereich t\u00e4tig. Dies bedeutet, dass Walraven seine L\u00f6sungen, Produkte und Dienstleistungen an Gesch\u00e4ftskunden (Unternehmen) verkauft. Wenn Sie unsere L\u00f6sungen, Produkte und\/oder Dienstleistungen direkt von Walraven beziehen und auch eine Rechnung erhalten, sind Sie Kunde geworden. In diesem Fall werden Sie als Kunde in unseren Informationssystemen gef\u00fchrt. Diese Registrierung enth\u00e4lt die pers\u00f6nlichen Kontaktdaten einer oder mehrerer Kontaktpersonen des Kunden. Diese pers\u00f6nlichen Daten werden aktualisiert oder entfernt, wenn Sie kein Kunde von Walraven mehr sind und\/oder sich die Kontaktperson Ihrer Organisation \u00e4ndert. \u00dcber unsere Website erheben wir keine Finanzdaten. Die Daten registrierter Kunden k\u00f6nnen jedoch dazu verwendet werden, um eine Umfrage zur Kundenzufriedenheit zu versenden. Dies beruht auf einem berechtigten Interesse, die Qualit\u00e4t unserer Produkte und Dienstleistungen zu untersuchen. Die Teilnahme an dieser Umfrage ist freiwillig. Sie k\u00f6nnen sich jederzeit von Umfrageeinladungen abmelden, indem Sie den Link &#8222;Abmelden&#8220; in der E-Mail-Einladung verwenden. Ihre pers\u00f6nlichen Daten werden nicht aus unserem Customer Relationship Management-System entfernt, sondern in Zukunft nicht zum Versenden von Umfrageeinladungen verwendet.<\/span><\/p>\n<h3 style=\"text-align: left;\">1.4 Anfragen<\/h3>\n<p>Kontaktieren Sie Walraven mit Fragen oder Bitten zum Beispiel zu unseren L\u00f6sungen, Produkten oder Dienstleistungen, erfassen wir Ihre pers\u00f6nlichen Daten nicht. Es sei denn, wir ben\u00f6tigen sie f\u00fcr die Beantwortung Ihrer Fragen, zur Zusendung gew\u00fcnschter Informationen oder zur zus\u00e4tzlichen Unterst\u00fctzung bei der Bearbeitung Ihrer Anfrage. Ist dies der Fall, entfernen wir Ihre pers\u00f6nlichen Daten, sobald Ihre Anfrage abschlie\u00dfend bearbeitet ist. Dies beinhaltet Anfragen per Telefon, E-Mail, Fax und Formulare wie das <a href=\"https:\/\/www.walraven.com\/de\/kontakt\/kontaktformular\/\" target=\"_blank\" rel=\"noopener noreferrer\">Kontaktformular<\/a>\u00a0oder <a href=\"https:\/\/www.walraven.com\/de\/kontakt\/informationen-anfordern\/\" target=\"_blank\" rel=\"noopener noreferrer\">Informationen anfordern<\/a>\u00a0auf unserer Website.<\/p>\n<h2><\/h2>\n<h2><strong>2. Gemeinsame Nutzung personenbezogener Daten<\/strong><\/h2>\n<p>Niemals verkaufen, tauschen oder vermieten wir Ihre pers\u00f6nlichen Daten an Personen au\u00dferhalb von Walraven ohne Ihre Zustimmung, behalten uns aber vor:<\/p>\n<h3>2.1 Weitergabe von pers\u00f6nlichen Daten innerhalb der Walraven Group<\/h3>\n<p>Als internationales Unternehmen mit gemeinsamen Prozessen, Informationssystemen und l\u00e4nder\u00fcbergreifend zusammenarbeitenden Mitarbeitern tauschen wir Daten innerhalb der Walraven Group aus. &#8222;Walraven Group&#8220; beinhaltet unsere Tochtergesellschaften, unsere Holdinggesellschaft und deren Tochtergesellschaften.<br \/>\nPersonenbezogene Daten k\u00f6nnen in jedem der L\u00e4nder, in denen wir t\u00e4tig sind, gespeichert, verarbeitet und \u00fcbertragen werden, damit wir die Informationen &#8211; in \u00dcbereinstimmung mit dieser Datenschutzerkl\u00e4rung &#8211; verwenden k\u00f6nnen. Dazu k\u00f6nnen auch Walraven-Standorte in L\u00e4ndern geh\u00f6ren, die keine entsprechenden Datenschutzgesetze haben wie der Europ\u00e4ische Wirtschaftsraum, besonders: Vereinigte Staaten von Amerika, Russland, Ukraine, Vereinigte Arabische Emirate, Indien, T\u00fcrkei, China, Singapur und Kanada. Diese Datenschutzerkl\u00e4rung gilt f\u00fcr alle Subunternehmen\/Rechtspersonen innerhalb der Walraven Group.<\/p>\n<h3>2.2 Weitergabe personenbezogener Daten an Dritte<\/h3>\n<p>Falls wir die Dienste Dritter ben\u00f6tigen und dazu personenbezogene Daten weitergeben m\u00fcssen, geschieht dies\u00a0nur unter unserer Kontrolle und unter strengen Bedingungen. Wir\u00a0stellen sicher, dass diese dritte Partei gem\u00e4\u00df dieser Datenschutzerkl\u00e4rung handelt und dass eine Geheimhaltungsvereinbarung von dieser dritten Partei unterzeichnet wird. Beispiele f\u00fcr &#8222;Dritte&#8220; in dieser Hinsicht k\u00f6nnen Gesch\u00e4ftspartner, Marktforschungsagenturen, Personaldienstleister, Beratungsunternehmen sein.<\/p>\n<h3>2.3 Dritte verarbeiten personenbezogene Daten unter unserer Kontrolle<\/h3>\n<p>Walraven nutzt die Dienste von Dienstleistungsunternehmen (zum Beispiel f\u00fcr Lohnabrechnungen), externen Hosting-Anbietern oder Software as a Service(SaaS)-Anbietern, die pers\u00f6nliche Daten unter unserer Kontrolle verarbeiten. F\u00fcr den Fall, dass ein Dritter personenbezogene Daten unter unserer Kontrolle verarbeitet, stellt Walraven sicher, dass ein Vertrag zur Auftragsverarbeitung (wie in der DSGVO beschrieben) vorhanden ist.<\/p>\n<h4><\/h4>\n<h2><strong>3. Aufbewahrung pers\u00f6nlicher Daten<\/strong><\/h2>\n<p>Wir bewahren Ihre pers\u00f6nlichen Daten nicht l\u00e4nger auf, als es f\u00fcr den oder die genannten Zwecke erforderlich ist. Dokumente (einschlie\u00dflich elektronischer Dokumente), die personenbezogene Daten enthalten, bewahren wir nur auf:<\/p>\n<ul>\n<li>soweit dies gesetzlich vorgeschrieben ist,<\/li>\n<li>wenn die Dokumente f\u00fcr laufende oder anstehende Gerichtsverfahren relevant sein k\u00f6nnten,<\/li>\n<li>um unsere gesetzlichen Rechte zu begr\u00fcnden, auszu\u00fcben oder zu verteidigen (einschlie\u00dflich der Bereitstellung von Informationen f\u00fcr andere zur Betrugspr\u00e4vention oder Verringerung des Kreditrisikos).<\/li>\n<\/ul>\n<h4><\/h4>\n<h2><strong>4. Sicherung pers\u00f6nlicher Daten<\/strong><\/h2>\n<p>Wir haben angemessene technische und organisatorische Ma\u00dfnahmen ergriffen, um Ihre personenbezogenen Daten gegen zuf\u00e4llige oder unrechtm\u00e4\u00dfige Zerst\u00f6rung oder zuf\u00e4lligen Untergang, Ver\u00e4nderung, unbefugte Weitergabe oder gegen unrechtm\u00e4\u00dfige Verarbeitung zu sch\u00fctzen. Au\u00dferdem verlangen wir von unseren Auftragsverarbeitern geeignete technische und organisatorische Ma\u00dfnahmen. Hierf\u00fcr haben wir ein Informationssicherheitsmanagementsystem auf Basis von ISO\/IEC 27001: 2013 eingef\u00fchrt. Im unwahrscheinlichen Fall einer (vermuteten) Verletzung des Datenschutzes werden wir Sie und die zust\u00e4ndige Datenschutzbeh\u00f6rde innerhalb von 72 Stunden nach Entdeckung gem\u00e4\u00df den in der DSGVO festgelegten Regeln informieren.<\/p>\n<h4><\/h4>\n<h2><strong>5. Ihre Rechte<\/strong><\/h2>\n<h3>5.1 Auskunftsrecht<\/h3>\n<p>Auf schriftliche Anfrage informieren wir Sie gerne \u00fcber die zu Ihrer Person gespeicherten Daten.\u00a0Sollten Sie Fragen zu den von uns gespeicherten personenbezogenen Daten haben, haben Sie das Recht,\u00a0eine kostenlose Auskunft dar\u00fcber zu erhalten, welche personenbezogenen Daten \u00fcber Sie gespeichert sind. Zur Bereitstellung dieser Informationen ben\u00f6tigen wir einen geeigneten Nachweis Ihrer Identit\u00e4t (F\u00fcgen Sie bitte eine lesbare Kopie eines Sie identifizierenden Dokuments bei. Kopien von Personalausweisen oder Reisep\u00e4ssen sollten nicht verwendet werden. Wir empfehlen Ihnen, Nachweise wie z. B. Bibliotheksausweise o. \u00e4. zu verwenden und nicht erforderliche Angaben zu schw\u00e4rzen. Insbesondere muss das Dokument kein Foto von Ihnen enthalten.) Wir k\u00f6nnen pers\u00f6nliche Daten, die Sie anfordern, im gesetzlich zul\u00e4ssigen Umfang zur\u00fcckhalten.<\/p>\n<p>Falls zutreffend, k\u00f6nnen Sie auch Ihr <strong>Recht auf Daten\u00fcbertragbarkeit<\/strong> geltend machen, dann stellen wir Ihnen die Informationen in strukturierter und maschinenlesbarer Form zur Verf\u00fcgung.<\/p>\n<h3>5.2 Recht auf Widerspruch oder Berichtigung oder L\u00f6schung Ihrer personenbezogenen Daten<\/h3>\n<p>Sofern wir Ihre personenbezogenen Daten auf Grundlage eines berechtigten Interesses verarbeiten, haben Sie weiterhin das Recht, Widerspruch gegen die Verarbeitung Ihrer personenbezogenen Daten einzulegen.<\/p>\n<p>Falls die pers\u00f6nlichen Daten, die wir \u00fcber Sie gespeichert haben, nicht korrekt sind, haben Sie das Recht, zu verlangen, dass wir die pers\u00f6nlichen Daten, die Walraven \u00fcber Sie verwaltet, entweder korrigieren oder entfernen. Bitte senden Sie uns eine Anfrage mit den zu \u00e4ndernden oder zu l\u00f6schenden Daten.<\/p>\n<p>Bitte beachten Sie, dass wir bestimmte Daten im Rahmen gesetzlicher Vorgaben aufbewahren m\u00fcssen und\/oder um Transaktionen abzuschlie\u00dfen, die vor der Anforderung einer \u00c4nderung oder L\u00f6schung begonnen wurden.<\/p>\n<h3>5.3 Verwendung Ihrer pers\u00f6nlichen Daten im Rahmen von Vermarktungsaktivit\u00e4ten<\/h3>\n<p>Sie k\u00f6nnen uns jederzeit anweisen, Ihre pers\u00f6nlichen Informationen <strong>nicht<\/strong> f\u00fcr Marketing- oder Vermarktungszwecke zu verwenden. In der Praxis stimmen Sie normalerweise entweder ausdr\u00fccklich zu, dass wir Ihre personenbezogenen Daten f\u00fcr diese Zwecke verwenden oder wir geben Ihnen die M\u00f6glichkeit, die Verwendung Ihrer personenbezogenen Daten zu Marketingzwecken zu widerrufen. Dazu k\u00f6nnen Sie den Hyperlink <strong>&#8222;Abmelden&#8220; in Marketing-\/Vermarktungsmailings<\/strong> verwenden oder uns einen Brief oder eine E-Mail an <a href=\"mailto:datenschutz.de@walraven.com\">datenschutz.de@walraven.com<\/a>\u00a0senden.<\/p>\n<h3>5.4 Beschwerderecht<\/h3>\n<p>Im Falle datenschutzrechtlicher Verst\u00f6\u00dfe stehen dem Betroffenen ein Beschwerderecht bei der zust\u00e4ndigen Aufsichtsbeh\u00f6rde zu. Eine Liste der Datenschutzbeauftragten sowie deren Kontaktdaten finden Sie hier: <a href=\"https:\/\/www.bfdi.bund.de\/DE\/Infothek\/Anschriften_Links\/anschriften_links-node.html\" target=\"_blank\" rel=\"noopener noreferrer\">https:\/\/www.bfdi.bund.de\/DE\/Infothek\/Anschriften_Links\/anschriften_links-node.html<\/a>.<\/p>\n<h3><strong>5.5 Verantwortlichkeiten und Ausk\u00fcnfte<\/strong><\/h3>\n<p>Falls Sie Fragen zu dieser Datenschutzerkl\u00e4rung oder deren Ausf\u00fchrung haben, kontaktieren Sie uns bitte:<\/p>\n<p style=\"padding-left: 60px;\">J. van Walraven Holding B.V.<br \/>\nRechtsabteilung<br \/>\nIndustrieweg 5<br \/>\n3641 RK Mijdrecht<br \/>\nNiederlande<\/p>\n<p><strong><span style=\"background: white;\">Der Walraven-Datenschutzbeauftragte:<br \/>\n<\/span><\/strong>Sanne Bergmans<br \/>\nE-Mail:\u00a0<a href=\"mailto:sanne.bergmans@walraven.com\">sanne.bergmans@walraven.com<\/a><\/p>\n","protected":false},"excerpt":{"rendered":"<p>Der Schutz Ihrer personenbezogenen Daten ist uns ein wichtiges Anliegen Uns ist es wichtig, Ihre pers\u00f6nlichen Daten vertraulich und entsprechend der gesetzlichen Vorschriften zu verarbeiten und Ihnen Klarheit dar\u00fcber zu verschaffen, zu welchen Zwecken und wie wir Ihre personenbezogenen Daten verarbeiten und welche gesetzlichen Rechte Sie in Bezug auf Ihre personenbezogenen Daten haben. Diese Datenschutzerkl\u00e4rung [&hellip;]<\/p>\n","protected":false},"author":7,"featured_media":0,"parent":0,"menu_order":0,"comment_status":"closed","ping_status":"closed","template":"","meta":{"_acf_changed":false,"footnotes":""},"class_list":["post-5158","page","type-page","status-publish","hentry"],"acf":[],"yoast_head":"<!-- This site is optimized with the Yoast SEO Premium plugin v27.3 (Yoast SEO v27.3) - https:\/\/yoast.com\/product\/yoast-seo-premium-wordpress\/ -->\n<title>Datenschutzerkl\u00e4rung - Walraven Deutschland<\/title>\n<meta name=\"description\" content=\"Ihre Daten werden im Rahmen der gesetzlichen Vorschriften gesch\u00fctzt. Hier erfahren Sie mehr, wie Walraven Ihre Daten sch\u00fctzt.\" \/>\n<meta name=\"robots\" content=\"index, follow, max-snippet:-1, max-image-preview:large, max-video-preview:-1\" \/>\n<link rel=\"canonical\" href=\"https:\/\/www.walraven.com\/de\/datenschutzerklaerung\/\" \/>\n<meta property=\"og:locale\" content=\"de_DE\" \/>\n<meta property=\"og:type\" content=\"article\" \/>\n<meta property=\"og:title\" content=\"Datenschutzerkl\u00e4rung\" \/>\n<meta property=\"og:description\" content=\"Ihre Daten werden im Rahmen der gesetzlichen Vorschriften gesch\u00fctzt. Hier erfahren Sie mehr, wie Walraven Ihre Daten sch\u00fctzt.\" \/>\n<meta property=\"og:url\" content=\"https:\/\/www.walraven.com\/de\/datenschutzerklaerung\/\" \/>\n<meta property=\"og:site_name\" content=\"Walraven Deutschland\" \/>\n<meta property=\"article:publisher\" content=\"https:\/\/www.facebook.com\/Walraven.GmbH\" \/>\n<meta property=\"article:modified_time\" content=\"2026-03-11T08:46:52+00:00\" \/>\n<meta name=\"twitter:card\" content=\"summary_large_image\" \/>\n<meta name=\"twitter:site\" content=\"@BIS_Tech\" \/>\n<meta name=\"twitter:label1\" content=\"Gesch\u00e4tzte Lesezeit\" \/>\n\t<meta name=\"twitter:data1\" content=\"10\u00a0Minuten\" \/>\n<script type=\"application\/ld+json\" class=\"yoast-schema-graph\">{\"@context\":\"https:\\\/\\\/schema.org\",\"@graph\":[{\"@type\":\"WebPage\",\"@id\":\"https:\\\/\\\/www.walraven.com\\\/de\\\/datenschutzerklaerung\\\/\",\"url\":\"https:\\\/\\\/www.walraven.com\\\/de\\\/datenschutzerklaerung\\\/\",\"name\":\"Datenschutzerkl\u00e4rung - Walraven Deutschland\",\"isPartOf\":{\"@id\":\"https:\\\/\\\/www.walraven.com\\\/de\\\/#website\"},\"datePublished\":\"2016-10-19T14:23:43+00:00\",\"dateModified\":\"2026-03-11T08:46:52+00:00\",\"description\":\"Ihre Daten werden im Rahmen der gesetzlichen Vorschriften gesch\u00fctzt. Hier erfahren Sie mehr, wie Walraven Ihre Daten sch\u00fctzt.\",\"breadcrumb\":{\"@id\":\"https:\\\/\\\/www.walraven.com\\\/de\\\/datenschutzerklaerung\\\/#breadcrumb\"},\"inLanguage\":\"de\",\"potentialAction\":[{\"@type\":\"ReadAction\",\"target\":[\"https:\\\/\\\/www.walraven.com\\\/de\\\/datenschutzerklaerung\\\/\"]}]},{\"@type\":\"BreadcrumbList\",\"@id\":\"https:\\\/\\\/www.walraven.com\\\/de\\\/datenschutzerklaerung\\\/#breadcrumb\",\"itemListElement\":[{\"@type\":\"ListItem\",\"position\":1,\"name\":\"Startseite\",\"item\":\"https:\\\/\\\/www.walraven.com\\\/de\\\/\"},{\"@type\":\"ListItem\",\"position\":2,\"name\":\"Datenschutzerkl\u00e4rung\"}]},{\"@type\":\"WebSite\",\"@id\":\"https:\\\/\\\/www.walraven.com\\\/de\\\/#website\",\"url\":\"https:\\\/\\\/www.walraven.com\\\/de\\\/\",\"name\":\"Walraven Deutschland\",\"description\":\"\",\"publisher\":{\"@id\":\"https:\\\/\\\/www.walraven.com\\\/de\\\/#organization\"},\"potentialAction\":[{\"@type\":\"SearchAction\",\"target\":{\"@type\":\"EntryPoint\",\"urlTemplate\":\"https:\\\/\\\/www.walraven.com\\\/de\\\/?s={search_term_string}\"},\"query-input\":{\"@type\":\"PropertyValueSpecification\",\"valueRequired\":true,\"valueName\":\"search_term_string\"}}],\"inLanguage\":\"de\"},{\"@type\":\"Organization\",\"@id\":\"https:\\\/\\\/www.walraven.com\\\/de\\\/#organization\",\"name\":\"Walraven GmbH\",\"alternateName\":\"Walraven GmbH\",\"url\":\"https:\\\/\\\/www.walraven.com\\\/de\\\/\",\"logo\":{\"@type\":\"ImageObject\",\"inLanguage\":\"de\",\"@id\":\"https:\\\/\\\/www.walraven.com\\\/de\\\/#\\\/schema\\\/logo\\\/image\\\/\",\"url\":\"https:\\\/\\\/www.walraven.com\\\/de\\\/wp-content\\\/uploads\\\/sites\\\/4\\\/2023\\\/12\\\/Walraven_logo300x300.jpg\",\"contentUrl\":\"https:\\\/\\\/www.walraven.com\\\/de\\\/wp-content\\\/uploads\\\/sites\\\/4\\\/2023\\\/12\\\/Walraven_logo300x300.jpg\",\"width\":300,\"height\":300,\"caption\":\"Walraven GmbH\"},\"image\":{\"@id\":\"https:\\\/\\\/www.walraven.com\\\/de\\\/#\\\/schema\\\/logo\\\/image\\\/\"},\"sameAs\":[\"https:\\\/\\\/www.facebook.com\\\/Walraven.GmbH\",\"https:\\\/\\\/x.com\\\/BIS_Tech\",\"https:\\\/\\\/www.youtube.com\\\/WalravenDE\",\"https:\\\/\\\/www.linkedin.com\\\/company\\\/walraven-gmbh\",\"https:\\\/\\\/www.instagram.com\\\/walraven.gmbh\\\/\"]}]}<\/script>\n<!-- \/ Yoast SEO Premium plugin. -->","yoast_head_json":{"title":"Datenschutzerkl\u00e4rung - Walraven Deutschland","description":"Ihre Daten werden im Rahmen der gesetzlichen Vorschriften gesch\u00fctzt. Hier erfahren Sie mehr, wie Walraven Ihre Daten sch\u00fctzt.","robots":{"index":"index","follow":"follow","max-snippet":"max-snippet:-1","max-image-preview":"max-image-preview:large","max-video-preview":"max-video-preview:-1"},"canonical":"https:\/\/www.walraven.com\/de\/datenschutzerklaerung\/","og_locale":"de_DE","og_type":"article","og_title":"Datenschutzerkl\u00e4rung","og_description":"Ihre Daten werden im Rahmen der gesetzlichen Vorschriften gesch\u00fctzt. Hier erfahren Sie mehr, wie Walraven Ihre Daten sch\u00fctzt.","og_url":"https:\/\/www.walraven.com\/de\/datenschutzerklaerung\/","og_site_name":"Walraven Deutschland","article_publisher":"https:\/\/www.facebook.com\/Walraven.GmbH","article_modified_time":"2026-03-11T08:46:52+00:00","twitter_card":"summary_large_image","twitter_site":"@BIS_Tech","twitter_misc":{"Gesch\u00e4tzte Lesezeit":"10\u00a0Minuten"},"schema":{"@context":"https:\/\/schema.org","@graph":[{"@type":"WebPage","@id":"https:\/\/www.walraven.com\/de\/datenschutzerklaerung\/","url":"https:\/\/www.walraven.com\/de\/datenschutzerklaerung\/","name":"Datenschutzerkl\u00e4rung - Walraven Deutschland","isPartOf":{"@id":"https:\/\/www.walraven.com\/de\/#website"},"datePublished":"2016-10-19T14:23:43+00:00","dateModified":"2026-03-11T08:46:52+00:00","description":"Ihre Daten werden im Rahmen der gesetzlichen Vorschriften gesch\u00fctzt. Hier erfahren Sie mehr, wie Walraven Ihre Daten sch\u00fctzt.","breadcrumb":{"@id":"https:\/\/www.walraven.com\/de\/datenschutzerklaerung\/#breadcrumb"},"inLanguage":"de","potentialAction":[{"@type":"ReadAction","target":["https:\/\/www.walraven.com\/de\/datenschutzerklaerung\/"]}]},{"@type":"BreadcrumbList","@id":"https:\/\/www.walraven.com\/de\/datenschutzerklaerung\/#breadcrumb","itemListElement":[{"@type":"ListItem","position":1,"name":"Startseite","item":"https:\/\/www.walraven.com\/de\/"},{"@type":"ListItem","position":2,"name":"Datenschutzerkl\u00e4rung"}]},{"@type":"WebSite","@id":"https:\/\/www.walraven.com\/de\/#website","url":"https:\/\/www.walraven.com\/de\/","name":"Walraven Deutschland","description":"","publisher":{"@id":"https:\/\/www.walraven.com\/de\/#organization"},"potentialAction":[{"@type":"SearchAction","target":{"@type":"EntryPoint","urlTemplate":"https:\/\/www.walraven.com\/de\/?s={search_term_string}"},"query-input":{"@type":"PropertyValueSpecification","valueRequired":true,"valueName":"search_term_string"}}],"inLanguage":"de"},{"@type":"Organization","@id":"https:\/\/www.walraven.com\/de\/#organization","name":"Walraven GmbH","alternateName":"Walraven GmbH","url":"https:\/\/www.walraven.com\/de\/","logo":{"@type":"ImageObject","inLanguage":"de","@id":"https:\/\/www.walraven.com\/de\/#\/schema\/logo\/image\/","url":"https:\/\/www.walraven.com\/de\/wp-content\/uploads\/sites\/4\/2023\/12\/Walraven_logo300x300.jpg","contentUrl":"https:\/\/www.walraven.com\/de\/wp-content\/uploads\/sites\/4\/2023\/12\/Walraven_logo300x300.jpg","width":300,"height":300,"caption":"Walraven GmbH"},"image":{"@id":"https:\/\/www.walraven.com\/de\/#\/schema\/logo\/image\/"},"sameAs":["https:\/\/www.facebook.com\/Walraven.GmbH","https:\/\/x.com\/BIS_Tech","https:\/\/www.youtube.com\/WalravenDE","https:\/\/www.linkedin.com\/company\/walraven-gmbh","https:\/\/www.instagram.com\/walraven.gmbh\/"]}]}},"_links":{"self":[{"href":"https:\/\/www.walraven.com\/de\/wp-json\/wp\/v2\/pages\/5158","targetHints":{"allow":["GET"]}}],"collection":[{"href":"https:\/\/www.walraven.com\/de\/wp-json\/wp\/v2\/pages"}],"about":[{"href":"https:\/\/www.walraven.com\/de\/wp-json\/wp\/v2\/types\/page"}],"author":[{"embeddable":true,"href":"https:\/\/www.walraven.com\/de\/wp-json\/wp\/v2\/users\/7"}],"replies":[{"embeddable":true,"href":"https:\/\/www.walraven.com\/de\/wp-json\/wp\/v2\/comments?post=5158"}],"version-history":[{"count":9,"href":"https:\/\/www.walraven.com\/de\/wp-json\/wp\/v2\/pages\/5158\/revisions"}],"predecessor-version":[{"id":258993,"href":"https:\/\/www.walraven.com\/de\/wp-json\/wp\/v2\/pages\/5158\/revisions\/258993"}],"wp:attachment":[{"href":"https:\/\/www.walraven.com\/de\/wp-json\/wp\/v2\/media?parent=5158"}],"curies":[{"name":"wp","href":"https:\/\/api.w.org\/{rel}","templated":true}]}}