{"id":69243,"date":"2019-04-09T14:09:56","date_gmt":"2019-04-09T12:09:56","guid":{"rendered":"https:\/\/www.walraven.com\/de\/?page_id=69243"},"modified":"2019-04-25T09:18:58","modified_gmt":"2019-04-25T07:18:58","slug":"teilnahmebedingungen-oster-gewinnspiel","status":"publish","type":"page","link":"https:\/\/www.walraven.com\/de\/teilnahmebedingungen-oster-gewinnspiel\/","title":{"rendered":"Teilnahmebedingungen Walraven-Ostergewinnspiel"},"content":{"rendered":"<p><strong>Durchf\u00fchrung und Abwicklung<\/strong><\/p>\n<ol>\n<li>Das Gewinnspiel startet am 10.04.2019 und endet am 22.04.2019.<\/li>\n<li>Voraussetzungen f\u00fcr die Teilnahme\u00a0ist\u00a0das vollst\u00e4ndig und korrekt\u00a0ausgesf\u00fcllte Teilnahmeformular .<\/li>\n<li>Das Gewinnspiel endet mit Ablauf des 22.04.2019. Anschlie\u00dfend werden die drei Gewinner unter allen Teilnehmern ausgelost und von Walraven m\u00fcndlich oder schriftlich benachrichtigt.<\/li>\n<li><strong>Gewinnpreise<\/strong>:\u00a0Die im Rahmen des Gewinnspiels als Preise pr\u00e4sentierten Gegenst\u00e4nde\u00a0sind nicht zwingend mit den gewonnenen Gegenst\u00e4nden identisch. Vielmehr k\u00f6nnen Abweichungen hinsichtlich Modell, Farbe, Marke\u00a0o. \u00e4. bestehen. Walraven kann einen gleichwertigen Gegenstand mittlerer Art und G\u00fcte ausw\u00e4hlen. Ist die \u00dcbermittlung des Gewinns nicht oder nur unter unzumutbaren Umst\u00e4nden m\u00f6glich, so erh\u00e4lt der Gewinner einen gleichwertigen Ersatz. Ebenfalls erh\u00e4lt der Gewinner einen gleichwertigen Ersatz, wenn der urspr\u00fcngliche Gewinn in der pr\u00e4sentierten Ausf\u00fchrung nicht mehr lieferbar ist (Modellwechsel, Saisonware etc.).\n<ol>\n<li><strong><em>1x\u00a0AMAZON-Gutschein im Wert von 50,- \u20ac<\/em><\/strong><\/li>\n<li><strong><em>1x BIS Bifix\u00ae G2 Rohrschellenpaket (50 St\u00fcck | \u00be\u201c | M8)<\/em><\/strong><\/li>\n<li><strong><em>1x Eine Auswahl kleiner Walraven-\u00dcberraschungen<\/em><\/strong><\/li>\n<\/ol>\n<\/li>\n<li>Das Losverfahren wird durch Walraven definiert, kontrolliert und nach bestem Wissen und Gewissen ohne Bevorteilung einer Person durchgef\u00fchrt. Der Erstgezogene erh\u00e4lt den Preis. Im Falle eines Ausschlusses wird im Bedarfsfall ein weiterer Gewinner gezogen. Dieser tritt an die Stelle des entsprechend ausgeschlossenen Gewinners.<\/li>\n<li>Eine Barauszahlung des Gewinns ist nicht m\u00f6glich. Der Anspruch auf den Gewinn oder Gewinnersatz kann nicht abgetreten werden.<\/li>\n<li>Sollte der Gewinner nicht ermittelbar sein oder meldet sich der Gewinner nicht innerhalb von drei Wochen nach dem Absenden der Benachrichtigung, verf\u00e4llt der Anspruch auf den Gewinn und es wird per Los ein neuer Gewinner ermittelt. Der Anspruch auf den Gewinn verf\u00e4llt ebenfalls, wenn die \u00dcbermittlung des Gewinns nicht innerhalb von sechs Monaten nach der ersten Benachrichtigung \u00fcber den Gewinn aus Gr\u00fcnden, die in der Person des Gewinners liegen, erfolgen kann. Verf\u00e4llt der Gewinn, wird kein Nachr\u00fcckverfahren bzw. Ersatz-Gewinner ermittelt.<\/li>\n<li>Der Preis wird von Walraven oder einem von ihm beauftragten Dritten per Paketdienst oder Post an die vom Gewinner anzugebende Postadresse versendet. Die Lieferung erfolgt innerhalb der Bundesrepublik Deutschland frei Haus. Dar\u00fcber hinaus anfallende Transportkosten und Z\u00f6lle hat der Gewinner zu tragen. Leistungsort bleibt trotz \u00dcbernahme der Versendungskosten der Sitz der Walraven GmbH.<\/li>\n<li>Walraven beh\u00e4lt sich vor, das Gewinnspiel zu jedem Zeitpunkt ohne Vorank\u00fcndigung und ohne Angabe von Gr\u00fcnden abzubrechen oder zu beenden. Von dieser M\u00f6glichkeit macht Walraven insbesondere dann Gebrauch, wenn aus technischen Gr\u00fcnden oder aus rechtlichen Gr\u00fcnden eine ordnungsgem\u00e4\u00dfe Durchf\u00fchrung des Spiels nicht gew\u00e4hrleistet werden kann. Sofern eine derartige Beendigung durch das Verhalten eines Teilnehmers verursacht wird, kann Walraven von dieser Person den entstandenen Schaden ersetzt verlangen.<\/li>\n<li>Beschwerden, die sich auf die Durchf\u00fchrung des Gewinnspiels beziehen, sind unter Angabe des Gewinnspiels innerhalb von 14 Tagen nach Bekanntwerden des Grundes schriftlich an die Walraven GmbH zu richten. Fernm\u00fcndlich mitgeteilte oder versp\u00e4tete Beschwerden werden nicht bearbeitet.<\/li>\n<\/ol>\n<p><strong>Teilnahmeberechtigung<\/strong><\/p>\n<ol>\n<li>Teilnahmeberechtigt sind ausschlie\u00dflich vollj\u00e4hrige\u00a0Personen (nach deutschem Recht). Sofern das 18. Lebensjahr noch nicht vollendet ist, bedarf es der rechtswirksamen Genehmigung der Sorgeberechtigten.<\/li>\n<li>Mitarbeiter von Walraven und der Walraven Mijdrecht Group sowie deren Angeh\u00f6rige sind von der Teilnahme ausgeschlossen.<\/li>\n<li>Gewaltverherrlichende, sexistische, homophobe, fremdenfeindliche, nazistische sowie kopierte Inhalte von anderen Webseiten sind vom Gewinnspiel ausgeschlossen.<\/li>\n<\/ol>\n<h4>Ausschluss vom Gewinnspiel<\/h4>\n<ol>\n<li>Bei einem Versto\u00df gegen die Teilnahmenbedingungen beh\u00e4lt sich die Walraven GmbH das Recht vor, Personen vom Gewinnspiel auszuschlie\u00dfen.<\/li>\n<li>Ausgeschlossen werden auch Personen, die sich unerlaubter Hilfsmittel bedienen oder sich anderweitig durch Manipulation Vorteile verschaffen. Gegebenenfalls k\u00f6nnen in diesen F\u00e4llen auch nachtr\u00e4glich Gewinne aberkannt und zur\u00fcckgefordert werden.<\/li>\n<li>Wer unwahre Personenangaben macht oder Doppelanmeldungen durchf\u00fchrt, kann vom Gewinnspiel ausgeschlossen werden.<\/li>\n<\/ol>\n<p><strong>Datenverwendung<\/strong><\/p>\n<ol>\n<li>Durch die Registrierung erkl\u00e4rt sich der Teilnehmer ausdr\u00fccklich damit einverstanden, dass Walraven die dazu erforderlichen Daten f\u00fcr die Dauer des Gewinnspiels speichert und zum Zwecke der Gewinnabwicklung an den jeweiligen Kooperationspartner \u00fcbermittelt, der die Personenangaben ebenfalls f\u00fcr die Dauer des Gewinnspiels speichern darf. Es steht dem Teilnehmer jederzeit frei, per Widerruf unter <a href=\"mailto:marketing.de@walraven.com\">marketing.de@walraven.com<\/a> die Einwilligung in die Speicherung aufzuheben und somit von der Teilnahme zur\u00fcckzutreten.<\/li>\n<li>Walraven verpflichtet sich, die gesetzlichen Bestimmungen zum Datenschutz zu beachten. Insbesondere wird in diesem Zusammenhang auf die Allgemeine Datenschutzbestimmung unter <a href=\"https:\/\/www.walraven.com\/de\/datenschutzerklaerung\/\" target=\"_blank\" rel=\"noopener noreferrer\">www.walraven.com\/de\/datenschutzerklaerung\/<\/a> verwiesen. Ferner werden alle personenbezogenen Angaben nach vollst\u00e4ndiger Abwicklung des Gewinnspiels wieder gel\u00f6scht, es sei denn, der Teilnehmer hat dem Empfang weiterer Informationen ausdr\u00fccklich und aktiv zugestimmt (aktives Opt-In).<\/li>\n<li>Allgemeine Information zur Datenver\u00f6ffentlichung im Internet: Durch die Ver\u00f6ffentlichung im Internet kann auf Daten zugegriffen werden. Die Daten k\u00f6nnen \u00fcber Suchmaschinen wie z. B. Google aufgefunden werden. Dritte k\u00f6nnen diese Daten eventuell mit weiteren im Internet verf\u00fcgbaren Daten verkn\u00fcpfen und ein Pers\u00f6nlichkeitsprofil erstellen, die Daten ver\u00e4ndern oder zu anderen Zwecken nutzen.<br \/>\n\u00dcber die Archivfunktion von Suchmaschinen besteht die M\u00f6glichkeit, dass Daten auch dann noch abrufbar sind, wenn die Angaben aus den Internetangeboten von Walraven bereits entfernt oder ge\u00e4ndert wurden.<\/li>\n<\/ol>\n<p><strong>Haftung<\/strong><\/p>\n<ol>\n<li>Walraven wird mit der Aush\u00e4ndigung des Gewinns von allen Verpflichtungen freigestellt, sofern sich nicht aus diesen Regelungen schon ein fr\u00fcherer Zeitpunkt ergibt<\/li>\n<li>F\u00fcr Sach- und\/oder Rechtsm\u00e4ngel an den gestifteten Gewinnen haftet Walraven nicht. Diese sind direkt beim\u00a0H\u00e4ndler oder Hersteller geltend zu machen.<\/li>\n<li>Walraven haftet nur f\u00fcr Sch\u00e4den, welche von Walraven oder einem seiner Erf\u00fcllungsgehilfen vors\u00e4tzlich oder grob fahrl\u00e4ssig oder durch die Verletzung von Kardinalspflichten verursacht wurde. Dies gilt nicht f\u00fcr Sch\u00e4den durch die Verletzung von Leben, K\u00f6rper und\/oder Gesundheit.<br \/>\nVoranstehende Haftungsbeschr\u00e4nkung gilt insbesondere f\u00fcr Sch\u00e4den, durch Fehler, Verz\u00f6gerungen oder Unterbrechungen in der \u00dcbermittlung von Daten o. \u00e4., bei St\u00f6rungen der technischen Anlagen oder des Services, unrichtige Inhalte, Verlust oder L\u00f6schung von Daten, Viren.<\/li>\n<\/ol>\n<h4>Sonstiges<\/h4>\n<p>Der Rechtsweg hinsichtlich der Durchf\u00fchrung, Gewinnentscheidung und Gew\u00e4hrung des Gewinns ist ausgeschlossen.<\/p>\n<p>Es ist ausschlie\u00dflich das Recht der Bundesrepublik Deutschland anwendbar.<\/p>\n<p>Sollten einzelne dieser Bestimmungen ung\u00fcltig sein oder werden, bleibt die G\u00fcltigkeit der \u00fcbrigen Nutzungsbedingungen hiervon unber\u00fchrt.<\/p>\n<p>Diese Teilnahmebedingungen k\u00f6nnen jederzeit von Walraven ohne gesonderte Benachrichtigung ge\u00e4ndert werden.<\/p>\n<p>&nbsp;<\/p>\n<p><em>Aus Gr\u00fcnden der besseren Lesbarkeit verzichten wir auf die gleichzeitige Verwendung geschlechtsspezifischer Sprachformen. Mit der Verwendung der m\u00e4nnlichen Form sprechen wir alle Menschen gleicherma\u00dfen an.<\/em><\/p>\n","protected":false},"excerpt":{"rendered":"<p>Durchf\u00fchrung und Abwicklung Das Gewinnspiel startet am 10.04.2019 und endet am 22.04.2019. Voraussetzungen f\u00fcr die Teilnahme\u00a0ist\u00a0das vollst\u00e4ndig und korrekt\u00a0ausgesf\u00fcllte Teilnahmeformular . Das Gewinnspiel endet mit Ablauf des 22.04.2019. Anschlie\u00dfend werden die drei Gewinner unter allen Teilnehmern ausgelost und von Walraven m\u00fcndlich oder schriftlich benachrichtigt. Gewinnpreise:\u00a0Die im Rahmen des Gewinnspiels als Preise pr\u00e4sentierten Gegenst\u00e4nde\u00a0sind nicht zwingend [&hellip;]<\/p>\n","protected":false},"author":9,"featured_media":0,"parent":0,"menu_order":0,"comment_status":"closed","ping_status":"closed","template":"","meta":{"_acf_changed":false,"footnotes":""},"class_list":["post-69243","page","type-page","status-publish","hentry"],"acf":[],"yoast_head":"<!-- This site is optimized with the Yoast SEO Premium plugin v27.3 (Yoast SEO v27.3) - https:\/\/yoast.com\/product\/yoast-seo-premium-wordpress\/ -->\n<title>Teilnahmebedingungen Walraven-Ostergewinnspiel - Walraven Deutschland<\/title>\n<meta name=\"robots\" content=\"index, follow, max-snippet:-1, max-image-preview:large, max-video-preview:-1\" \/>\n<link rel=\"canonical\" href=\"https:\/\/www.walraven.com\/de\/teilnahmebedingungen-oster-gewinnspiel\/\" \/>\n<meta property=\"og:locale\" content=\"de_DE\" \/>\n<meta property=\"og:type\" content=\"article\" \/>\n<meta property=\"og:title\" content=\"Teilnahmebedingungen Walraven-Ostergewinnspiel\" \/>\n<meta property=\"og:description\" content=\"Durchf\u00fchrung und Abwicklung Das Gewinnspiel startet am 10.04.2019 und endet am 22.04.2019. Voraussetzungen f\u00fcr die Teilnahme\u00a0ist\u00a0das vollst\u00e4ndig und korrekt\u00a0ausgesf\u00fcllte Teilnahmeformular . Das Gewinnspiel endet mit Ablauf des 22.04.2019. Anschlie\u00dfend werden die drei Gewinner unter allen Teilnehmern ausgelost und von Walraven m\u00fcndlich oder schriftlich benachrichtigt. Gewinnpreise:\u00a0Die im Rahmen des Gewinnspiels als Preise pr\u00e4sentierten Gegenst\u00e4nde\u00a0sind nicht zwingend [&hellip;]\" \/>\n<meta property=\"og:url\" content=\"https:\/\/www.walraven.com\/de\/teilnahmebedingungen-oster-gewinnspiel\/\" \/>\n<meta property=\"og:site_name\" content=\"Walraven Deutschland\" \/>\n<meta property=\"article:publisher\" content=\"https:\/\/www.facebook.com\/Walraven.GmbH\" \/>\n<meta property=\"article:modified_time\" content=\"2019-04-25T07:18:58+00:00\" \/>\n<meta name=\"twitter:card\" content=\"summary_large_image\" \/>\n<meta name=\"twitter:site\" content=\"@BIS_Tech\" \/>\n<meta name=\"twitter:label1\" content=\"Gesch\u00e4tzte Lesezeit\" \/>\n\t<meta name=\"twitter:data1\" content=\"5\u00a0Minuten\" \/>\n<script type=\"application\/ld+json\" class=\"yoast-schema-graph\">{\"@context\":\"https:\\\/\\\/schema.org\",\"@graph\":[{\"@type\":\"WebPage\",\"@id\":\"https:\\\/\\\/www.walraven.com\\\/de\\\/teilnahmebedingungen-oster-gewinnspiel\\\/\",\"url\":\"https:\\\/\\\/www.walraven.com\\\/de\\\/teilnahmebedingungen-oster-gewinnspiel\\\/\",\"name\":\"Teilnahmebedingungen Walraven-Ostergewinnspiel - Walraven Deutschland\",\"isPartOf\":{\"@id\":\"https:\\\/\\\/www.walraven.com\\\/de\\\/#website\"},\"datePublished\":\"2019-04-09T12:09:56+00:00\",\"dateModified\":\"2019-04-25T07:18:58+00:00\",\"breadcrumb\":{\"@id\":\"https:\\\/\\\/www.walraven.com\\\/de\\\/teilnahmebedingungen-oster-gewinnspiel\\\/#breadcrumb\"},\"inLanguage\":\"de\",\"potentialAction\":[{\"@type\":\"ReadAction\",\"target\":[\"https:\\\/\\\/www.walraven.com\\\/de\\\/teilnahmebedingungen-oster-gewinnspiel\\\/\"]}]},{\"@type\":\"BreadcrumbList\",\"@id\":\"https:\\\/\\\/www.walraven.com\\\/de\\\/teilnahmebedingungen-oster-gewinnspiel\\\/#breadcrumb\",\"itemListElement\":[{\"@type\":\"ListItem\",\"position\":1,\"name\":\"Startseite\",\"item\":\"https:\\\/\\\/www.walraven.com\\\/de\\\/\"},{\"@type\":\"ListItem\",\"position\":2,\"name\":\"Teilnahmebedingungen Walraven-Ostergewinnspiel\"}]},{\"@type\":\"WebSite\",\"@id\":\"https:\\\/\\\/www.walraven.com\\\/de\\\/#website\",\"url\":\"https:\\\/\\\/www.walraven.com\\\/de\\\/\",\"name\":\"Walraven Deutschland\",\"description\":\"\",\"publisher\":{\"@id\":\"https:\\\/\\\/www.walraven.com\\\/de\\\/#organization\"},\"potentialAction\":[{\"@type\":\"SearchAction\",\"target\":{\"@type\":\"EntryPoint\",\"urlTemplate\":\"https:\\\/\\\/www.walraven.com\\\/de\\\/?s={search_term_string}\"},\"query-input\":{\"@type\":\"PropertyValueSpecification\",\"valueRequired\":true,\"valueName\":\"search_term_string\"}}],\"inLanguage\":\"de\"},{\"@type\":\"Organization\",\"@id\":\"https:\\\/\\\/www.walraven.com\\\/de\\\/#organization\",\"name\":\"Walraven GmbH\",\"alternateName\":\"Walraven GmbH\",\"url\":\"https:\\\/\\\/www.walraven.com\\\/de\\\/\",\"logo\":{\"@type\":\"ImageObject\",\"inLanguage\":\"de\",\"@id\":\"https:\\\/\\\/www.walraven.com\\\/de\\\/#\\\/schema\\\/logo\\\/image\\\/\",\"url\":\"https:\\\/\\\/www.walraven.com\\\/de\\\/wp-content\\\/uploads\\\/sites\\\/4\\\/2023\\\/12\\\/Walraven_logo300x300.jpg\",\"contentUrl\":\"https:\\\/\\\/www.walraven.com\\\/de\\\/wp-content\\\/uploads\\\/sites\\\/4\\\/2023\\\/12\\\/Walraven_logo300x300.jpg\",\"width\":300,\"height\":300,\"caption\":\"Walraven GmbH\"},\"image\":{\"@id\":\"https:\\\/\\\/www.walraven.com\\\/de\\\/#\\\/schema\\\/logo\\\/image\\\/\"},\"sameAs\":[\"https:\\\/\\\/www.facebook.com\\\/Walraven.GmbH\",\"https:\\\/\\\/x.com\\\/BIS_Tech\",\"https:\\\/\\\/www.youtube.com\\\/WalravenDE\",\"https:\\\/\\\/www.linkedin.com\\\/company\\\/walraven-gmbh\",\"https:\\\/\\\/www.instagram.com\\\/walraven.gmbh\\\/\"]}]}<\/script>\n<!-- \/ Yoast SEO Premium plugin. -->","yoast_head_json":{"title":"Teilnahmebedingungen Walraven-Ostergewinnspiel - Walraven Deutschland","robots":{"index":"index","follow":"follow","max-snippet":"max-snippet:-1","max-image-preview":"max-image-preview:large","max-video-preview":"max-video-preview:-1"},"canonical":"https:\/\/www.walraven.com\/de\/teilnahmebedingungen-oster-gewinnspiel\/","og_locale":"de_DE","og_type":"article","og_title":"Teilnahmebedingungen Walraven-Ostergewinnspiel","og_description":"Durchf\u00fchrung und Abwicklung Das Gewinnspiel startet am 10.04.2019 und endet am 22.04.2019. Voraussetzungen f\u00fcr die Teilnahme\u00a0ist\u00a0das vollst\u00e4ndig und korrekt\u00a0ausgesf\u00fcllte Teilnahmeformular . Das Gewinnspiel endet mit Ablauf des 22.04.2019. Anschlie\u00dfend werden die drei Gewinner unter allen Teilnehmern ausgelost und von Walraven m\u00fcndlich oder schriftlich benachrichtigt. Gewinnpreise:\u00a0Die im Rahmen des Gewinnspiels als Preise pr\u00e4sentierten Gegenst\u00e4nde\u00a0sind nicht zwingend [&hellip;]","og_url":"https:\/\/www.walraven.com\/de\/teilnahmebedingungen-oster-gewinnspiel\/","og_site_name":"Walraven Deutschland","article_publisher":"https:\/\/www.facebook.com\/Walraven.GmbH","article_modified_time":"2019-04-25T07:18:58+00:00","twitter_card":"summary_large_image","twitter_site":"@BIS_Tech","twitter_misc":{"Gesch\u00e4tzte Lesezeit":"5\u00a0Minuten"},"schema":{"@context":"https:\/\/schema.org","@graph":[{"@type":"WebPage","@id":"https:\/\/www.walraven.com\/de\/teilnahmebedingungen-oster-gewinnspiel\/","url":"https:\/\/www.walraven.com\/de\/teilnahmebedingungen-oster-gewinnspiel\/","name":"Teilnahmebedingungen Walraven-Ostergewinnspiel - Walraven Deutschland","isPartOf":{"@id":"https:\/\/www.walraven.com\/de\/#website"},"datePublished":"2019-04-09T12:09:56+00:00","dateModified":"2019-04-25T07:18:58+00:00","breadcrumb":{"@id":"https:\/\/www.walraven.com\/de\/teilnahmebedingungen-oster-gewinnspiel\/#breadcrumb"},"inLanguage":"de","potentialAction":[{"@type":"ReadAction","target":["https:\/\/www.walraven.com\/de\/teilnahmebedingungen-oster-gewinnspiel\/"]}]},{"@type":"BreadcrumbList","@id":"https:\/\/www.walraven.com\/de\/teilnahmebedingungen-oster-gewinnspiel\/#breadcrumb","itemListElement":[{"@type":"ListItem","position":1,"name":"Startseite","item":"https:\/\/www.walraven.com\/de\/"},{"@type":"ListItem","position":2,"name":"Teilnahmebedingungen Walraven-Ostergewinnspiel"}]},{"@type":"WebSite","@id":"https:\/\/www.walraven.com\/de\/#website","url":"https:\/\/www.walraven.com\/de\/","name":"Walraven Deutschland","description":"","publisher":{"@id":"https:\/\/www.walraven.com\/de\/#organization"},"potentialAction":[{"@type":"SearchAction","target":{"@type":"EntryPoint","urlTemplate":"https:\/\/www.walraven.com\/de\/?s={search_term_string}"},"query-input":{"@type":"PropertyValueSpecification","valueRequired":true,"valueName":"search_term_string"}}],"inLanguage":"de"},{"@type":"Organization","@id":"https:\/\/www.walraven.com\/de\/#organization","name":"Walraven GmbH","alternateName":"Walraven GmbH","url":"https:\/\/www.walraven.com\/de\/","logo":{"@type":"ImageObject","inLanguage":"de","@id":"https:\/\/www.walraven.com\/de\/#\/schema\/logo\/image\/","url":"https:\/\/www.walraven.com\/de\/wp-content\/uploads\/sites\/4\/2023\/12\/Walraven_logo300x300.jpg","contentUrl":"https:\/\/www.walraven.com\/de\/wp-content\/uploads\/sites\/4\/2023\/12\/Walraven_logo300x300.jpg","width":300,"height":300,"caption":"Walraven GmbH"},"image":{"@id":"https:\/\/www.walraven.com\/de\/#\/schema\/logo\/image\/"},"sameAs":["https:\/\/www.facebook.com\/Walraven.GmbH","https:\/\/x.com\/BIS_Tech","https:\/\/www.youtube.com\/WalravenDE","https:\/\/www.linkedin.com\/company\/walraven-gmbh","https:\/\/www.instagram.com\/walraven.gmbh\/"]}]}},"_links":{"self":[{"href":"https:\/\/www.walraven.com\/de\/wp-json\/wp\/v2\/pages\/69243","targetHints":{"allow":["GET"]}}],"collection":[{"href":"https:\/\/www.walraven.com\/de\/wp-json\/wp\/v2\/pages"}],"about":[{"href":"https:\/\/www.walraven.com\/de\/wp-json\/wp\/v2\/types\/page"}],"author":[{"embeddable":true,"href":"https:\/\/www.walraven.com\/de\/wp-json\/wp\/v2\/users\/9"}],"replies":[{"embeddable":true,"href":"https:\/\/www.walraven.com\/de\/wp-json\/wp\/v2\/comments?post=69243"}],"version-history":[{"count":13,"href":"https:\/\/www.walraven.com\/de\/wp-json\/wp\/v2\/pages\/69243\/revisions"}],"predecessor-version":[{"id":82971,"href":"https:\/\/www.walraven.com\/de\/wp-json\/wp\/v2\/pages\/69243\/revisions\/82971"}],"wp:attachment":[{"href":"https:\/\/www.walraven.com\/de\/wp-json\/wp\/v2\/media?parent=69243"}],"curies":[{"name":"wp","href":"https:\/\/api.w.org\/{rel}","templated":true}]}}