{"id":69471,"date":"2018-04-30T16:08:38","date_gmt":"2018-04-30T14:08:38","guid":{"rendered":"https:\/\/www.walraven.com\/de\/?page_id=69471"},"modified":"2018-08-29T09:57:23","modified_gmt":"2018-08-29T07:57:23","slug":"teilnahmebedingungen-tga-golfturnier-2018","status":"publish","type":"page","link":"https:\/\/www.walraven.com\/de\/teilnahmebedingungen-tga-golfturnier-2018\/","title":{"rendered":"Teilnahmebedingungen TGA Golfturnier 2018"},"content":{"rendered":"<p><strong>ALL<\/strong><strong>G<\/strong><strong>E<\/strong><strong>M<\/strong><strong>EI<\/strong><strong>N<\/strong><strong>E TEILNAHMEBEDINGUNGEN (Stand 07\/2017)<\/strong><\/p>\n<p>der Veranstaltungspartner<\/p>\n<p><strong>EBRO <\/strong><strong>Gebr. Br\u00f6er GmbH <\/strong>(Hagen)<strong>, JUNG PUMPEN GmbH <\/strong>(Steinhagen)<strong>, <\/strong><strong>SYR <\/strong><strong>Hans Sasserath GmbH &amp; Co. <\/strong><strong>KG <\/strong>(Korschenbroich)<strong>, TECE GmbH <\/strong>(Emsdetten)<strong>, WALRAVEN GmbH <\/strong>(Bayreuth)<\/p>\n<p><strong>1. Anmeldung, Vertragsschluss<\/strong><\/p>\n<p>Anmeldungen werden grunds\u00e4tzlich in der Reihenfolge ihres Eingangs ber\u00fccksichtigt. Es besteht aber kein Anspruch auf Abschluss des Vertrags \u00fcber die Teilnahme. Der Vertrag kommt erst mit Zugang unserer Anmeldebest\u00e4tigung oder unserer Rechnung zustande. Spezifische Regelungen zu einzelnen Veranstaltungen werden gesondert in besonderen Teilnahmebedingungen vereinbart, die vorrangig und erg\u00e4nzend gelten.<\/p>\n<p><strong>2. Zahlungsbedingungen<\/strong><\/p>\n<p>Die Teilnahmegeb\u00fchr wird nach Anmeldung in Rechnung gestellt und ist nach Rechnungserhalt zur Zahlung f\u00e4llig.<\/p>\n<p><strong>3. Absage und \u00c4nderung<\/strong><\/p>\n<p>Wir k\u00f6nnen aus wichtigem Grund (z.B. Nichtbespielbarkeit des Golfplatzes, mangels kostendeckender Teilnehmerzahl, wegen kurzfristiger Nichtverf\u00fcgbarkeit eines Referenten ohne Ersatzm\u00f6glichkeit) die Veranstaltung oder Programmpunkte absagen. Der Teilnehmer wird unverz\u00fcglich informiert und erh\u00e4lt anteilig seine Teilnahmegeb\u00fchr zur\u00fcck; weitere Anspr\u00fcche gegen uns sind ausgeschlossen.<\/p>\n<p>Wir k\u00f6nnen &#8211; soweit dem Teilnehmer zumutbar &#8211; die Veranstaltung im \u00dcbrigen \u00e4ndern (z.B. \u00c4nderungen der Agenda, des Zeitplans, des Veranstaltungsorts). Diese \u00c4nderungen werden wir unverz\u00fcglich auf unseren Internetseiten mitteilen und, soweit uns bekannt, die Teilnehmer per E-Mail informieren.<\/p>\n<p><strong>4. Stornobedingungen<\/strong><\/p>\n<p>Soweit nicht abweichend geregelt (z. B. in besonderen Teilnahmebedingungen), kann der Teilnehmer seine Teilnahme bis zu 2 Wochen vor der Veranstaltung in Textform (also per Brief, Telefax oder E-Mail) wie folgt stornieren<\/p>\n<ul>\n<li>Bei einer Stornierung bis zu <u>vier<\/u><u> Wochen<\/u> vor Veranstaltungsbeginn betr\u00e4gt die Stornogeb\u00fchr<br \/>\n50 Prozent der vereinbarten Teilnahmegeb\u00fchr.<\/li>\n<li>Bei einer Stornierung bis zu <u>z<\/u><u>wei Wochen<\/u> vor Veranstaltungsbeginn betr\u00e4gt die Stornogeb\u00fchr<br \/>\n75 Prozent der vereinbarten Teilnahmegeb\u00fchr.<\/li>\n<li>Eine sp\u00e4tere Stornierung ist nicht m\u00f6glich.<\/li>\n<\/ul>\n<p>Dem Teilnehmer bleibt das Recht vorbehalten uns nachzuweisen, dass kein Schaden oder ein niedrigerer Schaden als die Stornogeb\u00fchr entstanden ist. Wir werden die Teilnahmegeb\u00fchr, ggf. nach Abzug der Stornogeb\u00fchr, umgehend an den Teilnehmer zur\u00fcckerstatten. Unbenommen bleibt das Recht des Teilnehmers, uns jederzeit einen Ersatzteilnehmer zu benennen.<\/p>\n<p><strong>5.\u00a0Ausschluss von Teilnehmern, Hausrecht<\/strong><\/p>\n<p>Wir k\u00f6nnen Teilnehmer von Veranstaltungen ganz oder teilweise ausschlie\u00dfen, wenn der Teilnehmer die Veranstaltung st\u00f6rt und die St\u00f6rung auch nach Androhung des Ausschlusses nicht unterl\u00e4sst. Wir \u00fcben, gegebenenfalls gemeinsam mit Dritten, w\u00e4hrend der Veranstaltung das Hausrecht aus und sind berechtigt, insoweit Weisungen zu erteilen.<\/p>\n<p><strong>6. Urheberrecht<\/strong><\/p>\n<p>Vortragsunterlagen und sonstige Arbeitsunterlagen sind urheberrechtlich gesch\u00fctzt. Gewerbliche Ton- und Bildaufnahmen (insbesondere Fotos, Filme, Videos) sind untersagt.<\/p>\n<p>Sofern bei der Veranstaltung Ton- und Bildaufnahmen gemacht werden, k\u00f6nnen diese auch Teilnehmer enthalten. Die Teilnehmer werden hierauf bei der Veranstaltung gesondert hingewiesen. Die Teilnehmer sind einverstanden, dass die Aufnahmen von uns vervielf\u00e4ltigt, verbreitet und \u00f6ffentlich zug\u00e4nglich gemacht werden k\u00f6nnen, sofern die Nutzung nicht die pers\u00f6nlichen Interessen des Teilnehmers in unzumutbarer Weise beeintr\u00e4chtigt, wobei unsere Interessen angemessen zu ber\u00fccksichtigen sind. Das Einverst\u00e4ndnis gilt \u00f6rtlich und zeitlich unbeschr\u00e4nkt, der Teilnehmer kann jedoch widerrufen, wenn das Festhalten an dem Einverst\u00e4ndnis aufgrund ge\u00e4nderter, unvorhersehbarer Umst\u00e4nde unter Abw\u00e4gung der Interessen des Teil- nehmers und unserer Interessen unzumutbar ist.<\/p>\n<p><strong>7. Datenschutz<\/strong><\/p>\n<p>Wir erheben, verarbeiten und nutzen die erforderlichen Daten des Teilnehmers zum Zwecke der Erf\u00fcllung des Vertragsverh\u00e4ltnisses. Wir k\u00f6nnen Daten an andere Teilnehmer, Referenten, Sponsoren und Aussteller einer Veranstaltung weitergeben, allerdings ausschlie\u00dflich zum Zwecke der Nutzung f\u00fcr die Veranstaltung, zum Beispiel f\u00fcr die \u00dcbersendung von Vortragsunterlagen zur Vorbereitung der Veranstaltung. Der Teilnehmer kann dieser Weitergabe jederzeit widersprechen.<\/p>\n<p>Eine dar\u00fcber hinausgehende Verarbeitung und Nutzung von Daten erfolgt nur, wenn der Teilnehmer hierzu eingewilligt hat. Der Teilnehmer kann von uns jederzeit Informationen \u00fcber Inhalt, Umfang, Datum und Form der Einwilligung erhalten.<\/p>\n<p><strong>8. \u00a0Schlussbestimmungen<\/strong><\/p>\n<p>Sollten eine oder mehrere dieser Bedingungen unwirksam sein oder werden, wird die Wirksamkeit der \u00fcbrigen Bedingungen hiervon nicht ber\u00fchrt.<\/p>\n<p>Ist der Teilnehmer Kaufmann,\u00a0gilt als Gerichtsstand der Sitz einer der Veranstalter (im Jahr 2018: Walraven GmbH, Karl-von-Linde-Str. 22, 95447 Bayreuth) als vereinbart, ebenso in F\u00e4llen, in denen der Teilnehmer keinen inl\u00e4ndischen allgemeinen Gerichtsstand hat, seinen Wohnsitz oder gew\u00f6hnlichen Aufenthaltsort nach Vertragsabschluss ins Ausland verlegt hat oder zum Zeitpunkt der Klageerhebung weder Wohnsitz noch gew\u00f6hnlicher Aufenthaltsort des Teilnehmers bekannt sind. Wir sind berechtigt, auch am Sitz des Teilnehmers zu klagen.<\/p>\n<p style=\"text-align: center\">******<\/p>\n","protected":false},"excerpt":{"rendered":"<p>ALLGEMEINE TEILNAHMEBEDINGUNGEN (Stand 07\/2017) der Veranstaltungspartner EBRO Gebr. Br\u00f6er GmbH (Hagen), JUNG PUMPEN GmbH (Steinhagen), SYR Hans Sasserath GmbH &amp; Co. KG (Korschenbroich), TECE GmbH (Emsdetten), WALRAVEN GmbH (Bayreuth) 1. Anmeldung, Vertragsschluss Anmeldungen werden grunds\u00e4tzlich in der Reihenfolge ihres Eingangs ber\u00fccksichtigt. Es besteht aber kein Anspruch auf Abschluss des Vertrags \u00fcber die Teilnahme. Der Vertrag [&hellip;]<\/p>\n","protected":false},"author":10,"featured_media":0,"parent":0,"menu_order":0,"comment_status":"closed","ping_status":"closed","template":"","meta":{"_acf_changed":false,"footnotes":""},"class_list":["post-69471","page","type-page","status-publish","hentry"],"acf":[],"yoast_head":"<!-- This site is optimized with the Yoast SEO Premium plugin v27.3 (Yoast SEO v27.3) - https:\/\/yoast.com\/product\/yoast-seo-premium-wordpress\/ -->\n<title>Teilnahmebedingungen TGA Golfturnier 2018 - Walraven Deutschland<\/title>\n<meta name=\"robots\" content=\"index, follow, max-snippet:-1, max-image-preview:large, max-video-preview:-1\" \/>\n<link rel=\"canonical\" href=\"https:\/\/www.walraven.com\/de\/teilnahmebedingungen-tga-golfturnier-2018\/\" \/>\n<meta property=\"og:locale\" content=\"de_DE\" \/>\n<meta property=\"og:type\" content=\"article\" \/>\n<meta property=\"og:title\" content=\"Teilnahmebedingungen TGA Golfturnier 2018\" \/>\n<meta property=\"og:description\" content=\"ALLGEMEINE TEILNAHMEBEDINGUNGEN (Stand 07\/2017) der Veranstaltungspartner EBRO Gebr. Br\u00f6er GmbH (Hagen), JUNG PUMPEN GmbH (Steinhagen), SYR Hans Sasserath GmbH &amp; Co. KG (Korschenbroich), TECE GmbH (Emsdetten), WALRAVEN GmbH (Bayreuth) 1. Anmeldung, Vertragsschluss Anmeldungen werden grunds\u00e4tzlich in der Reihenfolge ihres Eingangs ber\u00fccksichtigt. Es besteht aber kein Anspruch auf Abschluss des Vertrags \u00fcber die Teilnahme. Der Vertrag [&hellip;]\" \/>\n<meta property=\"og:url\" content=\"https:\/\/www.walraven.com\/de\/teilnahmebedingungen-tga-golfturnier-2018\/\" \/>\n<meta property=\"og:site_name\" content=\"Walraven Deutschland\" \/>\n<meta property=\"article:publisher\" content=\"https:\/\/www.facebook.com\/Walraven.GmbH\" \/>\n<meta property=\"article:modified_time\" content=\"2018-08-29T07:57:23+00:00\" \/>\n<meta name=\"twitter:card\" content=\"summary_large_image\" \/>\n<meta name=\"twitter:site\" content=\"@BIS_Tech\" \/>\n<meta name=\"twitter:label1\" content=\"Gesch\u00e4tzte Lesezeit\" \/>\n\t<meta name=\"twitter:data1\" content=\"3\u00a0Minuten\" \/>\n<script type=\"application\/ld+json\" class=\"yoast-schema-graph\">{\"@context\":\"https:\\\/\\\/schema.org\",\"@graph\":[{\"@type\":\"WebPage\",\"@id\":\"https:\\\/\\\/www.walraven.com\\\/de\\\/teilnahmebedingungen-tga-golfturnier-2018\\\/\",\"url\":\"https:\\\/\\\/www.walraven.com\\\/de\\\/teilnahmebedingungen-tga-golfturnier-2018\\\/\",\"name\":\"Teilnahmebedingungen TGA Golfturnier 2018 - Walraven Deutschland\",\"isPartOf\":{\"@id\":\"https:\\\/\\\/www.walraven.com\\\/de\\\/#website\"},\"datePublished\":\"2018-04-30T14:08:38+00:00\",\"dateModified\":\"2018-08-29T07:57:23+00:00\",\"breadcrumb\":{\"@id\":\"https:\\\/\\\/www.walraven.com\\\/de\\\/teilnahmebedingungen-tga-golfturnier-2018\\\/#breadcrumb\"},\"inLanguage\":\"de\",\"potentialAction\":[{\"@type\":\"ReadAction\",\"target\":[\"https:\\\/\\\/www.walraven.com\\\/de\\\/teilnahmebedingungen-tga-golfturnier-2018\\\/\"]}]},{\"@type\":\"BreadcrumbList\",\"@id\":\"https:\\\/\\\/www.walraven.com\\\/de\\\/teilnahmebedingungen-tga-golfturnier-2018\\\/#breadcrumb\",\"itemListElement\":[{\"@type\":\"ListItem\",\"position\":1,\"name\":\"Startseite\",\"item\":\"https:\\\/\\\/www.walraven.com\\\/de\\\/\"},{\"@type\":\"ListItem\",\"position\":2,\"name\":\"Teilnahmebedingungen TGA Golfturnier 2018\"}]},{\"@type\":\"WebSite\",\"@id\":\"https:\\\/\\\/www.walraven.com\\\/de\\\/#website\",\"url\":\"https:\\\/\\\/www.walraven.com\\\/de\\\/\",\"name\":\"Walraven Deutschland\",\"description\":\"\",\"publisher\":{\"@id\":\"https:\\\/\\\/www.walraven.com\\\/de\\\/#organization\"},\"potentialAction\":[{\"@type\":\"SearchAction\",\"target\":{\"@type\":\"EntryPoint\",\"urlTemplate\":\"https:\\\/\\\/www.walraven.com\\\/de\\\/?s={search_term_string}\"},\"query-input\":{\"@type\":\"PropertyValueSpecification\",\"valueRequired\":true,\"valueName\":\"search_term_string\"}}],\"inLanguage\":\"de\"},{\"@type\":\"Organization\",\"@id\":\"https:\\\/\\\/www.walraven.com\\\/de\\\/#organization\",\"name\":\"Walraven GmbH\",\"alternateName\":\"Walraven GmbH\",\"url\":\"https:\\\/\\\/www.walraven.com\\\/de\\\/\",\"logo\":{\"@type\":\"ImageObject\",\"inLanguage\":\"de\",\"@id\":\"https:\\\/\\\/www.walraven.com\\\/de\\\/#\\\/schema\\\/logo\\\/image\\\/\",\"url\":\"https:\\\/\\\/www.walraven.com\\\/de\\\/wp-content\\\/uploads\\\/sites\\\/4\\\/2023\\\/12\\\/Walraven_logo300x300.jpg\",\"contentUrl\":\"https:\\\/\\\/www.walraven.com\\\/de\\\/wp-content\\\/uploads\\\/sites\\\/4\\\/2023\\\/12\\\/Walraven_logo300x300.jpg\",\"width\":300,\"height\":300,\"caption\":\"Walraven GmbH\"},\"image\":{\"@id\":\"https:\\\/\\\/www.walraven.com\\\/de\\\/#\\\/schema\\\/logo\\\/image\\\/\"},\"sameAs\":[\"https:\\\/\\\/www.facebook.com\\\/Walraven.GmbH\",\"https:\\\/\\\/x.com\\\/BIS_Tech\",\"https:\\\/\\\/www.youtube.com\\\/WalravenDE\",\"https:\\\/\\\/www.linkedin.com\\\/company\\\/walraven-gmbh\",\"https:\\\/\\\/www.instagram.com\\\/walraven.gmbh\\\/\"]}]}<\/script>\n<!-- \/ Yoast SEO Premium plugin. -->","yoast_head_json":{"title":"Teilnahmebedingungen TGA Golfturnier 2018 - Walraven Deutschland","robots":{"index":"index","follow":"follow","max-snippet":"max-snippet:-1","max-image-preview":"max-image-preview:large","max-video-preview":"max-video-preview:-1"},"canonical":"https:\/\/www.walraven.com\/de\/teilnahmebedingungen-tga-golfturnier-2018\/","og_locale":"de_DE","og_type":"article","og_title":"Teilnahmebedingungen TGA Golfturnier 2018","og_description":"ALLGEMEINE TEILNAHMEBEDINGUNGEN (Stand 07\/2017) der Veranstaltungspartner EBRO Gebr. Br\u00f6er GmbH (Hagen), JUNG PUMPEN GmbH (Steinhagen), SYR Hans Sasserath GmbH &amp; Co. KG (Korschenbroich), TECE GmbH (Emsdetten), WALRAVEN GmbH (Bayreuth) 1. Anmeldung, Vertragsschluss Anmeldungen werden grunds\u00e4tzlich in der Reihenfolge ihres Eingangs ber\u00fccksichtigt. Es besteht aber kein Anspruch auf Abschluss des Vertrags \u00fcber die Teilnahme. Der Vertrag [&hellip;]","og_url":"https:\/\/www.walraven.com\/de\/teilnahmebedingungen-tga-golfturnier-2018\/","og_site_name":"Walraven Deutschland","article_publisher":"https:\/\/www.facebook.com\/Walraven.GmbH","article_modified_time":"2018-08-29T07:57:23+00:00","twitter_card":"summary_large_image","twitter_site":"@BIS_Tech","twitter_misc":{"Gesch\u00e4tzte Lesezeit":"3\u00a0Minuten"},"schema":{"@context":"https:\/\/schema.org","@graph":[{"@type":"WebPage","@id":"https:\/\/www.walraven.com\/de\/teilnahmebedingungen-tga-golfturnier-2018\/","url":"https:\/\/www.walraven.com\/de\/teilnahmebedingungen-tga-golfturnier-2018\/","name":"Teilnahmebedingungen TGA Golfturnier 2018 - Walraven Deutschland","isPartOf":{"@id":"https:\/\/www.walraven.com\/de\/#website"},"datePublished":"2018-04-30T14:08:38+00:00","dateModified":"2018-08-29T07:57:23+00:00","breadcrumb":{"@id":"https:\/\/www.walraven.com\/de\/teilnahmebedingungen-tga-golfturnier-2018\/#breadcrumb"},"inLanguage":"de","potentialAction":[{"@type":"ReadAction","target":["https:\/\/www.walraven.com\/de\/teilnahmebedingungen-tga-golfturnier-2018\/"]}]},{"@type":"BreadcrumbList","@id":"https:\/\/www.walraven.com\/de\/teilnahmebedingungen-tga-golfturnier-2018\/#breadcrumb","itemListElement":[{"@type":"ListItem","position":1,"name":"Startseite","item":"https:\/\/www.walraven.com\/de\/"},{"@type":"ListItem","position":2,"name":"Teilnahmebedingungen TGA Golfturnier 2018"}]},{"@type":"WebSite","@id":"https:\/\/www.walraven.com\/de\/#website","url":"https:\/\/www.walraven.com\/de\/","name":"Walraven Deutschland","description":"","publisher":{"@id":"https:\/\/www.walraven.com\/de\/#organization"},"potentialAction":[{"@type":"SearchAction","target":{"@type":"EntryPoint","urlTemplate":"https:\/\/www.walraven.com\/de\/?s={search_term_string}"},"query-input":{"@type":"PropertyValueSpecification","valueRequired":true,"valueName":"search_term_string"}}],"inLanguage":"de"},{"@type":"Organization","@id":"https:\/\/www.walraven.com\/de\/#organization","name":"Walraven GmbH","alternateName":"Walraven GmbH","url":"https:\/\/www.walraven.com\/de\/","logo":{"@type":"ImageObject","inLanguage":"de","@id":"https:\/\/www.walraven.com\/de\/#\/schema\/logo\/image\/","url":"https:\/\/www.walraven.com\/de\/wp-content\/uploads\/sites\/4\/2023\/12\/Walraven_logo300x300.jpg","contentUrl":"https:\/\/www.walraven.com\/de\/wp-content\/uploads\/sites\/4\/2023\/12\/Walraven_logo300x300.jpg","width":300,"height":300,"caption":"Walraven GmbH"},"image":{"@id":"https:\/\/www.walraven.com\/de\/#\/schema\/logo\/image\/"},"sameAs":["https:\/\/www.facebook.com\/Walraven.GmbH","https:\/\/x.com\/BIS_Tech","https:\/\/www.youtube.com\/WalravenDE","https:\/\/www.linkedin.com\/company\/walraven-gmbh","https:\/\/www.instagram.com\/walraven.gmbh\/"]}]}},"_links":{"self":[{"href":"https:\/\/www.walraven.com\/de\/wp-json\/wp\/v2\/pages\/69471","targetHints":{"allow":["GET"]}}],"collection":[{"href":"https:\/\/www.walraven.com\/de\/wp-json\/wp\/v2\/pages"}],"about":[{"href":"https:\/\/www.walraven.com\/de\/wp-json\/wp\/v2\/types\/page"}],"author":[{"embeddable":true,"href":"https:\/\/www.walraven.com\/de\/wp-json\/wp\/v2\/users\/10"}],"replies":[{"embeddable":true,"href":"https:\/\/www.walraven.com\/de\/wp-json\/wp\/v2\/comments?post=69471"}],"version-history":[{"count":6,"href":"https:\/\/www.walraven.com\/de\/wp-json\/wp\/v2\/pages\/69471\/revisions"}],"predecessor-version":[{"id":69481,"href":"https:\/\/www.walraven.com\/de\/wp-json\/wp\/v2\/pages\/69471\/revisions\/69481"}],"wp:attachment":[{"href":"https:\/\/www.walraven.com\/de\/wp-json\/wp\/v2\/media?parent=69471"}],"curies":[{"name":"wp","href":"https:\/\/api.w.org\/{rel}","templated":true}]}}